{"id":3155,"date":"2025-10-24T04:07:53","date_gmt":"2025-10-24T04:07:53","guid":{"rendered":"https:\/\/cpxzx.com\/?post_type=product&#038;p=3155"},"modified":"2025-10-24T04:07:53","modified_gmt":"2025-10-24T04:07:53","slug":"tup-yerlesti%cc%87ri%cc%87ci%cc%87","status":"publish","type":"product","link":"https:\/\/cpxzx.com\/tr\/urun\/tup-yerlesti%cc%87ri%cc%87ci%cc%87\/","title":{"rendered":"T\u00fcp \u00c7\u00f6kt\u00fcr\u00fcc\u00fc - Verimli Su Ar\u0131t\u0131m\u0131 i\u00e7in Lamella Durultucu"},"content":{"rendered":"<p>A <strong>T\u00fcp Yerle\u015ftirici<\/strong> durultuculardaki \u00e7\u00f6keltme s\u00fcrecini iyile\u015ftirmek i\u00e7in kullan\u0131lan olduk\u00e7a etkili bir su ar\u0131tma cihaz\u0131d\u0131r. Dikey bir t\u00fcp yap\u0131s\u0131 i\u00e7inde d\u00fczenlenmi\u015f bir dizi e\u011fimli lamel plakaya sahiptir ve geleneksel durultuculara k\u0131yasla partik\u00fcllerin daha verimli bir \u015fekilde \u00e7\u00f6kelmesini sa\u011flar. Bu sistem, hem belediye hem de end\u00fcstriyel uygulamalar i\u00e7in su ar\u0131tma tesislerinde yayg\u0131n olarak kullan\u0131l\u0131r ve ar\u0131t\u0131lm\u0131\u015f suyun kalitesini \u00f6nemli \u00f6l\u00e7\u00fcde art\u0131r\u0131r.<\/p>\n<p><strong>\u00d6zellik:<\/strong><br \/>\n&#8211; <strong>Lamella Ar\u0131t\u0131c\u0131 Tasar\u0131m\u0131:<\/strong> T\u00fcp \u00e7\u00f6kelticiler, partik\u00fcl sedimantasyonu i\u00e7in y\u00fczey alan\u0131n\u0131 maksimize eden bir dizi e\u011fimli lamel plakadan olu\u015fur.<br \/>\n&#8211; <strong>Kompakt ve Yer A\u00e7\u0131s\u0131ndan Verimli:<\/strong> Dikey boru yap\u0131s\u0131 ayak izini en aza indirerek s\u0131n\u0131rl\u0131 alana sahip alanlar i\u00e7in idealdir.<br \/>\n&#8211; <strong>Geli\u015ftirilmi\u015f Sedimantasyon Verimlili\u011fi:<\/strong> Tasar\u0131m, t\u00fcrb\u00fclans\u0131 azaltarak ve \u00e7\u00f6keltme alan\u0131n\u0131 art\u0131rarak daha h\u0131zl\u0131 \u00e7\u00f6keltme oranlar\u0131 sa\u011flar.<br \/>\n&#8211; <strong>Korozyona Diren\u00e7li Malzemeler:<\/strong> Tipik olarak y\u00fcksek kaliteli PVC, PP veya HDPE'den yap\u0131l\u0131r ve zorlu ortamlarda dayan\u0131kl\u0131l\u0131k sa\u011flar.<br \/>\n&#8211; <strong>Mod\u00fcler Yap\u0131:<\/strong> Su ar\u0131tma gereksinimlerine g\u00f6re kurulumu ve \u00f6l\u00e7eklendirilmesi kolayd\u0131r.<\/p>\n<p><strong>\u00d6zellikler:<\/strong><br \/>\n&#8211; <strong>Malzeme:<\/strong> PVC, PP, HDPE<br \/>\n&#8211; <strong>Plaka E\u011fim A\u00e7\u0131s\u0131:<\/strong> 60\u00b0 - 80\u00b0<br \/>\n&#8211; <strong>Plaka Geni\u015fli\u011fi:<\/strong> 100 mm ila 400 mm (\u00f6zelle\u015ftirilebilir)<br \/>\n&#8211; <strong>Plaka Uzunlu\u011fu:<\/strong> 1000 mm ila 3000 mm aras\u0131nda de\u011fi\u015fir (\u00f6zelle\u015ftirilebilir)<br \/>\n&#8211; <strong>\u00c7\u00f6kelme Kapasitesi:<\/strong> Tasar\u0131ma ba\u011fl\u0131 olarak 100 m\u00b3\/saatten birka\u00e7 bin m\u00b3\/saate kadar ak\u0131\u015f h\u0131zlar\u0131n\u0131 idare edebilir.<br \/>\n&#8211; <strong>S\u0131cakl\u0131k Dayan\u0131m\u0131:<\/strong> PVC i\u00e7in 60\u00b0C'ye kadar, HDPE malzeme i\u00e7in daha y\u00fcksek.<br \/>\n&#8211; <strong>Verimlilik:<\/strong> Geleneksel durultuculara k\u0131yasla \u00e7\u00f6keltme verimlili\u011finde 90%'ye kadar iyile\u015fme.<\/p>\n<p><strong>Avantaj:<\/strong><br \/>\n&#8211; <strong>Y\u00fcksek Sedimantasyon Verimlili\u011fi:<\/strong> Lamel durultucunun tasar\u0131m\u0131, kompakt bir alanda geli\u015fmi\u015f partik\u00fcl \u00e7\u00f6keltme sa\u011flar ve geleneksel durultuculardan \u00e7ok daha y\u00fcksek bir \u00e7\u00f6keltme h\u0131z\u0131 sa\u011flar.<br \/>\n&#8211; <strong>Yerden Tasarruf:<\/strong> Dikey t\u00fcp yap\u0131s\u0131 sayesinde, t\u00fcp \u00e7\u00f6kelticiler geleneksel \u00e7\u00f6keltme tanklar\u0131na k\u0131yasla daha az yer kaplar ve bu da onlar\u0131 s\u0131n\u0131rl\u0131 alanlardaki kurulumlar i\u00e7in ideal hale getirir.<br \/>\n&#8211; <strong>Uygun Maliyetli:<\/strong> Dayan\u0131kl\u0131, korozyona diren\u00e7li malzemelerin kullan\u0131m\u0131 sayesinde daha d\u00fc\u015f\u00fck bak\u0131m ve i\u015fletme maliyetleri.<br \/>\n&#8211; <strong>\u00d6l\u00e7eklenebilir:<\/strong> Mod\u00fcler \u00fcniteler gerekli ak\u0131\u015f kapasitesini kar\u015f\u0131lamak i\u00e7in birle\u015ftirilebilir ve bu da sistemi son derece esnek hale getirir.<br \/>\n&#8211; <strong>Kolay Kurulum:<\/strong> \u00d6nceden imal edilmi\u015f mod\u00fcllerin kurulumu kolayd\u0131r ve kurulum s\u00fcrecinde zaman ve i\u015f\u00e7ilik maliyetlerini azalt\u0131r.<\/p>\n<p><strong>Uygulama:<\/strong><br \/>\nT\u00fcp \u00e7\u00f6kelticiler, a\u015fa\u011f\u0131dakiler de dahil olmak \u00fczere \u00e7e\u015fitli su ar\u0131tma uygulamalar\u0131nda kullan\u0131l\u0131r:<br \/>\n&#8211; <strong>Belediye At\u0131ksu Ar\u0131t\u0131m\u0131:<\/strong> Ask\u0131daki kat\u0131 maddelerin at\u0131k sudan uzakla\u015ft\u0131r\u0131lmas\u0131n\u0131 art\u0131r\u0131r.<br \/>\n&#8211; <strong>End\u00fcstriyel At\u0131ksu Ar\u0131t\u0131m\u0131:<\/strong> Ka\u011f\u0131t fabrikalar\u0131, g\u0131da i\u015fleme ve kimyasal tesisler gibi end\u00fcstrilerde etkilidir.<br \/>\n&#8211; <strong>\u0130\u00e7me Suyu Ar\u0131t\u0131m\u0131:<\/strong> Partik\u00fclleri etkin bir \u015fekilde gidererek i\u00e7me suyunun berrakl\u0131\u011f\u0131n\u0131 art\u0131r\u0131r.<br \/>\n&#8211; <strong>Madencilik ve Mineral \u0130\u015fleme:<\/strong> \u0130nce kat\u0131lar\u0131 ve as\u0131l\u0131 partik\u00fclleri gidererek proses suyunu ar\u0131tmak i\u00e7in kullan\u0131l\u0131r.<br \/>\n&#8211; <strong>Akuak\u00fclt\u00fcr:<\/strong> Bal\u0131k \u00e7iftliklerinde ve su \u00fcr\u00fcnleri yeti\u015ftiricili\u011fi tesislerinde kat\u0131 maddeleri uzakla\u015ft\u0131rarak su kalitesini sa\u011flar.<\/p>\n<p><strong>Paket:<\/strong><br \/>\n&#8211; <strong>Standart Ambalaj:<\/strong> T\u00fcp \u00e7\u00f6keltici mod\u00fclleri \u00f6nceden imal edilmi\u015f ve g\u00fcvenli nakliyeyi sa\u011flamak i\u00e7in kompakt ve g\u00fcvenli bir \u015fekilde paketlenmi\u015ftir.<br \/>\n&#8211; <strong>\u00d6zelle\u015ftirme:<\/strong> \u00dcniteler, boyut ve tasar\u0131m gereksinimlerine g\u00f6re \u00f6zel olarak paketlenebilir.<br \/>\n&#8211; <strong>Nakliye:<\/strong> \u00dcniteler g\u00fcvenilir nakliye hizmetleri kullan\u0131larak d\u00fcnya \u00e7ap\u0131nda g\u00f6nderilir. Teslimat s\u00fcresi konuma ve sipari\u015f hacmine ba\u011fl\u0131d\u0131r.<\/p>","protected":false},"excerpt":{"rendered":"<p>T\u00fcp \u00c7\u00f6kt\u00fcr\u00fcc\u00fc, \u00e7\u00f6keltme proseslerini iyile\u015ftirmek i\u00e7in tasarlanm\u0131\u015f kompakt ve y\u00fcksek verimli bir su ar\u0131tma sistemidir. Kurulum i\u00e7in gereken alan\u0131 azalt\u0131rken \u00e7\u00f6keltme y\u00fczey alan\u0131n\u0131 art\u0131ran bir dizi e\u011fimli lamel plakadan olu\u015fur. Kentsel ve end\u00fcstriyel su ar\u0131tma gibi uygulamalar i\u00e7in ideal olan T\u00fcp \u00c7\u00f6kt\u00fcr\u00fcc\u00fc, partik\u00fcl giderimini \u00f6nemli \u00f6l\u00e7\u00fcde art\u0131r\u0131r, su kalitesini iyile\u015ftirir ve alan kullan\u0131m\u0131n\u0131 optimize eder. PVC ve HDPE gibi dayan\u0131kl\u0131, korozyona dayan\u0131kl\u0131 malzemelerden yap\u0131lm\u0131\u015ft\u0131r ve \u00e7e\u015fitli su ar\u0131tma ortamlar\u0131nda uzun \u00f6m\u00fcrl\u00fc performans sa\u011flar.<\/p>","protected":false},"featured_media":3156,"parent":0,"template":"","meta":{"_acf_changed":false,"_kad_blocks_custom_css":"","_kad_blocks_head_custom_js":"","_kad_blocks_body_custom_js":"","_kad_blocks_footer_custom_js":"","_kadence_starter_templates_imported_post":false,"_kad_post_transparent":"default","_kad_post_title":"","_kad_post_layout":"default","_kad_post_sidebar_id":"","_kad_post_content_style":"default","_kad_post_vertical_padding":"default","_kad_post_feature":"","_kad_post_feature_position":"","_kad_post_header":false,"_kad_post_footer":false},"pcategory":[17],"ptag":[],"class_list":["post-3155","product","type-product","status-publish","has-post-thumbnail","hentry","pcategory-tube-settler"],"acf":[],"yoast_head":"<!-- This site is optimized with the Yoast SEO plugin v27.4 - https:\/\/yoast.com\/product\/yoast-seo-wordpress\/ -->\n<title>Tube Settler<\/title>\n<meta name=\"robots\" content=\"index, follow, max-snippet:-1, max-image-preview:large, max-video-preview:-1\" \/>\n<link rel=\"canonical\" href=\"https:\/\/cpxzx.com\/tr\/urun\/tup-yerlesti\u0307ri\u0307ci\u0307\/\" \/>\n<meta property=\"og:locale\" content=\"tr_TR\" \/>\n<meta property=\"og:type\" content=\"article\" \/>\n<meta property=\"og:title\" content=\"Tube Settler\" \/>\n<meta property=\"og:description\" content=\"The Tube Settler is a compact and highly efficient water treatment system designed to improve sedimentation processes. It consists of a series of inclined lamella plates, which increase the settling surface area while reducing the space required for installation. Ideal for applications such as municipal and industrial water treatment, the Tube Settler significantly enhances particle removal, improves water quality, and optimizes space usage. It is made from durable, corrosion-resistant materials like PVC and HDPE, ensuring long-lasting performance in various water treatment environments.\" \/>\n<meta property=\"og:url\" content=\"https:\/\/cpxzx.com\/tr\/urun\/tup-yerlesti\u0307ri\u0307ci\u0307\/\" \/>\n<meta property=\"og:site_name\" content=\"Cooling Tower Fill, China PVC Fills Manufacturer\" \/>\n<meta property=\"og:image\" content=\"https:\/\/cpxzx.com\/wp-content\/uploads\/2025\/10\/tube-settler-pp.jpg\" \/>\n\t<meta property=\"og:image:width\" content=\"550\" \/>\n\t<meta property=\"og:image:height\" content=\"550\" \/>\n\t<meta property=\"og:image:type\" content=\"image\/jpeg\" \/>\n<meta name=\"twitter:card\" content=\"summary_large_image\" \/>\n<meta name=\"twitter:label1\" content=\"Tahmini okuma s\u00fcresi\" \/>\n\t<meta name=\"twitter:data1\" content=\"3 dakika\" \/>\n<script type=\"application\/ld+json\" class=\"yoast-schema-graph\">{\"@context\":\"https:\\\/\\\/schema.org\",\"@graph\":[{\"@type\":\"WebPage\",\"@id\":\"https:\\\/\\\/cpxzx.com\\\/product\\\/tube-settler\\\/\",\"url\":\"https:\\\/\\\/cpxzx.com\\\/product\\\/tube-settler\\\/\",\"name\":\"Tube Settler\",\"isPartOf\":{\"@id\":\"https:\\\/\\\/cpxzx.com\\\/#website\"},\"primaryImageOfPage\":{\"@id\":\"https:\\\/\\\/cpxzx.com\\\/product\\\/tube-settler\\\/#primaryimage\"},\"image\":{\"@id\":\"https:\\\/\\\/cpxzx.com\\\/product\\\/tube-settler\\\/#primaryimage\"},\"thumbnailUrl\":\"https:\\\/\\\/cpxzx.com\\\/wp-content\\\/uploads\\\/2025\\\/10\\\/tube-settler-pp.jpg\",\"datePublished\":\"2025-10-24T04:07:53+00:00\",\"breadcrumb\":{\"@id\":\"https:\\\/\\\/cpxzx.com\\\/product\\\/tube-settler\\\/#breadcrumb\"},\"inLanguage\":\"tr\",\"potentialAction\":[{\"@type\":\"ReadAction\",\"target\":[\"https:\\\/\\\/cpxzx.com\\\/product\\\/tube-settler\\\/\"]}]},{\"@type\":\"ImageObject\",\"inLanguage\":\"tr\",\"@id\":\"https:\\\/\\\/cpxzx.com\\\/product\\\/tube-settler\\\/#primaryimage\",\"url\":\"https:\\\/\\\/cpxzx.com\\\/wp-content\\\/uploads\\\/2025\\\/10\\\/tube-settler-pp.jpg\",\"contentUrl\":\"https:\\\/\\\/cpxzx.com\\\/wp-content\\\/uploads\\\/2025\\\/10\\\/tube-settler-pp.jpg\",\"width\":550,\"height\":550,\"caption\":\"tube settler\"},{\"@type\":\"BreadcrumbList\",\"@id\":\"https:\\\/\\\/cpxzx.com\\\/product\\\/tube-settler\\\/#breadcrumb\",\"itemListElement\":[{\"@type\":\"ListItem\",\"position\":1,\"name\":\"Home\",\"item\":\"https:\\\/\\\/cpxzx.com\\\/\"},{\"@type\":\"ListItem\",\"position\":2,\"name\":\"Tube Settler\",\"item\":\"https:\\\/\\\/cpxzx.com\\\/pcategory\\\/tube-settler\\\/\"},{\"@type\":\"ListItem\",\"position\":3,\"name\":\"Tube Settler &#8211; Lamella Clarifier for Efficient Water Treatment\"}]},{\"@type\":\"WebSite\",\"@id\":\"https:\\\/\\\/cpxzx.com\\\/#website\",\"url\":\"https:\\\/\\\/cpxzx.com\\\/\",\"name\":\"Cooling Tower Fill, China PVC Fills Manufacturer\",\"description\":\"\",\"publisher\":{\"@id\":\"https:\\\/\\\/cpxzx.com\\\/#organization\"},\"potentialAction\":[{\"@type\":\"SearchAction\",\"target\":{\"@type\":\"EntryPoint\",\"urlTemplate\":\"https:\\\/\\\/cpxzx.com\\\/?s={search_term_string}\"},\"query-input\":{\"@type\":\"PropertyValueSpecification\",\"valueRequired\":true,\"valueName\":\"search_term_string\"}}],\"inLanguage\":\"tr\"},{\"@type\":\"Organization\",\"@id\":\"https:\\\/\\\/cpxzx.com\\\/#organization\",\"name\":\"Cooling Tower Fill, China PVC Fills Manufacturer\",\"url\":\"https:\\\/\\\/cpxzx.com\\\/\",\"logo\":{\"@type\":\"ImageObject\",\"inLanguage\":\"tr\",\"@id\":\"https:\\\/\\\/cpxzx.com\\\/#\\\/schema\\\/logo\\\/image\\\/\",\"url\":\"https:\\\/\\\/cpxzx.com\\\/wp-content\\\/uploads\\\/2025\\\/07\\\/1751628807-logo.png\",\"contentUrl\":\"https:\\\/\\\/cpxzx.com\\\/wp-content\\\/uploads\\\/2025\\\/07\\\/1751628807-logo.png\",\"width\":383,\"height\":87,\"caption\":\"Cooling Tower Fill, China PVC Fills Manufacturer\"},\"image\":{\"@id\":\"https:\\\/\\\/cpxzx.com\\\/#\\\/schema\\\/logo\\\/image\\\/\"}}]}<\/script>\n<!-- \/ Yoast SEO plugin. -->","yoast_head_json":{"title":"T\u00fcp Yerle\u015ftirici","robots":{"index":"index","follow":"follow","max-snippet":"max-snippet:-1","max-image-preview":"max-image-preview:large","max-video-preview":"max-video-preview:-1"},"canonical":"https:\/\/cpxzx.com\/tr\/urun\/tup-yerlesti\u0307ri\u0307ci\u0307\/","og_locale":"tr_TR","og_type":"article","og_title":"Tube Settler","og_description":"The Tube Settler is a compact and highly efficient water treatment system designed to improve sedimentation processes. It consists of a series of inclined lamella plates, which increase the settling surface area while reducing the space required for installation. Ideal for applications such as municipal and industrial water treatment, the Tube Settler significantly enhances particle removal, improves water quality, and optimizes space usage. It is made from durable, corrosion-resistant materials like PVC and HDPE, ensuring long-lasting performance in various water treatment environments.","og_url":"https:\/\/cpxzx.com\/tr\/urun\/tup-yerlesti\u0307ri\u0307ci\u0307\/","og_site_name":"Cooling Tower Fill, China PVC Fills Manufacturer","og_image":[{"width":550,"height":550,"url":"https:\/\/cpxzx.com\/wp-content\/uploads\/2025\/10\/tube-settler-pp.jpg","type":"image\/jpeg"}],"twitter_card":"summary_large_image","twitter_misc":{"Tahmini okuma s\u00fcresi":"3 dakika"},"schema":{"@context":"https:\/\/schema.org","@graph":[{"@type":"WebPage","@id":"https:\/\/cpxzx.com\/product\/tube-settler\/","url":"https:\/\/cpxzx.com\/product\/tube-settler\/","name":"T\u00fcp Yerle\u015ftirici","isPartOf":{"@id":"https:\/\/cpxzx.com\/#website"},"primaryImageOfPage":{"@id":"https:\/\/cpxzx.com\/product\/tube-settler\/#primaryimage"},"image":{"@id":"https:\/\/cpxzx.com\/product\/tube-settler\/#primaryimage"},"thumbnailUrl":"https:\/\/cpxzx.com\/wp-content\/uploads\/2025\/10\/tube-settler-pp.jpg","datePublished":"2025-10-24T04:07:53+00:00","breadcrumb":{"@id":"https:\/\/cpxzx.com\/product\/tube-settler\/#breadcrumb"},"inLanguage":"tr","potentialAction":[{"@type":"ReadAction","target":["https:\/\/cpxzx.com\/product\/tube-settler\/"]}]},{"@type":"ImageObject","inLanguage":"tr","@id":"https:\/\/cpxzx.com\/product\/tube-settler\/#primaryimage","url":"https:\/\/cpxzx.com\/wp-content\/uploads\/2025\/10\/tube-settler-pp.jpg","contentUrl":"https:\/\/cpxzx.com\/wp-content\/uploads\/2025\/10\/tube-settler-pp.jpg","width":550,"height":550,"caption":"tube settler"},{"@type":"BreadcrumbList","@id":"https:\/\/cpxzx.com\/product\/tube-settler\/#breadcrumb","itemListElement":[{"@type":"ListItem","position":1,"name":"Home","item":"https:\/\/cpxzx.com\/"},{"@type":"ListItem","position":2,"name":"Tube Settler","item":"https:\/\/cpxzx.com\/pcategory\/tube-settler\/"},{"@type":"ListItem","position":3,"name":"Tube Settler &#8211; Lamella Clarifier for Efficient Water Treatment"}]},{"@type":"WebSite","@id":"https:\/\/cpxzx.com\/#website","url":"https:\/\/cpxzx.com\/","name":"So\u011futma Kulesi Dolgusu, \u00c7in PVC Dolgular \u00dcretici","description":"","publisher":{"@id":"https:\/\/cpxzx.com\/#organization"},"potentialAction":[{"@type":"SearchAction","target":{"@type":"EntryPoint","urlTemplate":"https:\/\/cpxzx.com\/?s={search_term_string}"},"query-input":{"@type":"PropertyValueSpecification","valueRequired":true,"valueName":"search_term_string"}}],"inLanguage":"tr"},{"@type":"Organization","@id":"https:\/\/cpxzx.com\/#organization","name":"So\u011futma Kulesi Dolgusu, \u00c7in PVC Dolgular \u00dcretici","url":"https:\/\/cpxzx.com\/","logo":{"@type":"ImageObject","inLanguage":"tr","@id":"https:\/\/cpxzx.com\/#\/schema\/logo\/image\/","url":"https:\/\/cpxzx.com\/wp-content\/uploads\/2025\/07\/1751628807-logo.png","contentUrl":"https:\/\/cpxzx.com\/wp-content\/uploads\/2025\/07\/1751628807-logo.png","width":383,"height":87,"caption":"Cooling Tower Fill, China PVC Fills Manufacturer"},"image":{"@id":"https:\/\/cpxzx.com\/#\/schema\/logo\/image\/"}}]}},"taxonomy_info":{"pcategory":[{"value":17,"label":"Tube Settler"}]},"featured_image_src_large":["https:\/\/cpxzx.com\/wp-content\/uploads\/2025\/10\/tube-settler-pp.jpg",550,550,false],"author_info":[],"comment_info":"","_links":{"self":[{"href":"https:\/\/cpxzx.com\/tr\/wp-json\/wp\/v2\/product\/3155","targetHints":{"allow":["GET"]}}],"collection":[{"href":"https:\/\/cpxzx.com\/tr\/wp-json\/wp\/v2\/product"}],"about":[{"href":"https:\/\/cpxzx.com\/tr\/wp-json\/wp\/v2\/types\/product"}],"wp:featuredmedia":[{"embeddable":true,"href":"https:\/\/cpxzx.com\/tr\/wp-json\/wp\/v2\/media\/3156"}],"wp:attachment":[{"href":"https:\/\/cpxzx.com\/tr\/wp-json\/wp\/v2\/media?parent=3155"}],"wp:term":[{"taxonomy":"pcategory","embeddable":true,"href":"https:\/\/cpxzx.com\/tr\/wp-json\/wp\/v2\/pcategory?post=3155"},{"taxonomy":"ptag","embeddable":true,"href":"https:\/\/cpxzx.com\/tr\/wp-json\/wp\/v2\/ptag?post=3155"}],"curies":[{"name":"wp","href":"https:\/\/api.w.org\/{rel}","templated":true}]}}