{"id":3148,"date":"2025-10-14T04:24:39","date_gmt":"2025-10-14T04:24:39","guid":{"rendered":"https:\/\/cpxzx.com\/?post_type=product&#038;p=3148"},"modified":"2025-10-14T04:24:39","modified_gmt":"2025-10-14T04:24:39","slug":"mbbr-medya","status":"publish","type":"product","link":"https:\/\/cpxzx.com\/tr\/urun\/mbbr-medya\/","title":{"rendered":"K1 K3 PE05 PE08 At\u0131ksu ve Su \u00dcr\u00fcnleri Ar\u0131t\u0131m\u0131 i\u00e7in HDPE MBBR Biyo Filtre Ortam\u0131"},"content":{"rendered":"<p><strong>MBBR Medya<\/strong> modern at\u0131k su ar\u0131tma proseslerinde kullan\u0131lan Hareketli Yatak Biyofilm Reakt\u00f6r\u00fc (MBBR) sistemleri i\u00e7in tasarlanm\u0131\u015f geli\u015fmi\u015f bir biyofilm ta\u015f\u0131y\u0131c\u0131d\u0131r.<br \/>\nMikroorganizmalar\u0131n tutunmas\u0131 i\u00e7in geni\u015f ve kararl\u0131 bir y\u00fczey alan\u0131 sa\u011flayarak hem end\u00fcstriyel hem de kentsel su sistemlerinde organik madde, amonyak ve besin maddelerinin biyolojik olarak par\u00e7alanmas\u0131n\u0131 art\u0131r\u0131r.<br \/>\nMBBR reakt\u00f6r\u00fc i\u00e7inde, bu MBBR ta\u015f\u0131y\u0131c\u0131lar\u0131 serbest\u00e7e hareket eder ve at\u0131k suyla kar\u0131\u015farak biyofilm, oksijen ve besinler aras\u0131nda optimum temas\u0131 korur ve y\u00fcksek verimli ar\u0131tma performans\u0131 sa\u011flar.<br \/>\nMBBR Ortam\u0131, belediye, end\u00fcstriyel ve su \u00fcr\u00fcnleri yeti\u015ftiricili\u011fi uygulamalar\u0131 i\u00e7in MBBR su ar\u0131tma sistemlerinde yayg\u0131n olarak uygulanmaktad\u0131r.<\/p>\n<h2>\u00d6zellik<\/h2>\n<ul>\n<li><strong>Y\u00fcksek Spesifik Y\u00fczey Alan\u0131:<\/strong> \u00d6zel i\u00e7 yap\u0131 tasar\u0131m\u0131, biyofilm b\u00fcy\u00fcmesi i\u00e7in maksimum y\u00fczey alan\u0131 sa\u011flayarak biyolojik ar\u0131tma verimlili\u011fini art\u0131r\u0131r.<\/li>\n<li><strong>Hafif ve Y\u00fczer:<\/strong> Yo\u011funlu\u011fu 0,96 g\/cm\u00b3 civar\u0131nda olan medya suda as\u0131l\u0131 kal\u0131r ve tortula\u015fmaya veya t\u0131kanmaya kar\u015f\u0131 diren\u00e7 g\u00f6sterir.<\/li>\n<li><strong>Kendi Kendini Temizler ve T\u0131kanmaz:<\/strong> S\u00fcrekli hareket ve y\u00fczey kesme, a\u015f\u0131r\u0131 biyofilm birikimini \u00f6nleyerek reakt\u00f6r\u00fcn istikrarl\u0131 \u00e7al\u0131\u015fmas\u0131n\u0131 sa\u011flar.<\/li>\n<li><strong>Dayan\u0131kl\u0131 ve Toksik Olmayan Malzeme:<\/strong> Kimyasallara, ya\u015flanmaya ve UV \u0131\u015f\u0131nlar\u0131na dayan\u0131kl\u0131 100% i\u015flenmemi\u015f HDPE'den (Y\u00fcksek Yo\u011funluklu Polietilen) \u00fcretilmi\u015ftir.<\/li>\n<li><strong>Y\u00fck De\u011fi\u015fimlerine Kar\u015f\u0131 Esnek:<\/strong> MBBR reakt\u00f6rleri, operasyonel ayarlamalar yapmadan dalgalanan giri\u015f y\u00fcklerine otomatik olarak uyum sa\u011flar.<\/li>\n<li><strong>D\u00fc\u015f\u00fck Enerji ve Yer Tasarrufu:<\/strong> Kompakt reakt\u00f6r tasar\u0131m\u0131, geleneksel aktif \u00e7amur sistemlerine k\u0131yasla ayak izini ve enerji kullan\u0131m\u0131n\u0131 azalt\u0131r.<\/li>\n<\/ul>\n<h2>\u015eartname<\/h2>\n<table border=\"1\" cellspacing=\"0\" cellpadding=\"5\">\n<thead>\n<tr>\n<th>\u00d6\u011fe<\/th>\n<th>Tipik De\u011fer<\/th>\n<th>A\u00e7\u0131klama<\/th>\n<\/tr>\n<\/thead>\n<tbody>\n<tr>\n<td>Malzeme<\/td>\n<td>100% Virgin HDPE<\/td>\n<td>Toksik olmayan, y\u00fcksek dayan\u0131kl\u0131l\u0131\u011fa sahip polimer<\/td>\n<\/tr>\n<tr>\n<td>Yo\u011funluk<\/td>\n<td>\u2248 0,96 g\/cm\u00b3<\/td>\n<td>Suda y\u00fczer, kolay ak\u0131\u015fkanla\u015ft\u0131rma<\/td>\n<\/tr>\n<tr>\n<td>Y\u0131\u011f\u0131n Yo\u011funlu\u011fu<\/td>\n<td>\u2248 100 kg\/m\u00b3<\/td>\n<td>D\u00f6kme olarak paketlendi\u011finde veya depoland\u0131\u011f\u0131nda<\/td>\n<\/tr>\n<tr>\n<td>\u015eekil \/ Boyut<\/td>\n<td>Tipik 25 \u00d7 10 mm (\u00f6zelle\u015ftirilebilir)<\/td>\n<td>K1, K3, K5 tipleri mevcuttur<\/td>\n<\/tr>\n<tr>\n<td>Dolum Oran\u0131<\/td>\n<td>25-65% (v\/v)<\/td>\n<td>MBBR reakt\u00f6r\u00fcnde \u00f6nerilen y\u00fckleme<\/td>\n<\/tr>\n<tr>\n<td>Etkin Y\u00fczey Alan\u0131<\/td>\n<td>500-1200 m\u00b2\/m\u00b3<\/td>\n<td>Model ve tasar\u0131ma ba\u011fl\u0131 olarak<\/td>\n<\/tr>\n<tr>\n<td>Hizmet \u00d6mr\u00fc<\/td>\n<td>&gt; 15 y\u0131l<\/td>\n<td>A\u015f\u0131nmaya dayan\u0131kl\u0131 ve UV \u0131\u015f\u0131nlar\u0131na dayan\u0131kl\u0131<\/td>\n<\/tr>\n<tr>\n<td>Renk<\/td>\n<td>Beyaz \/ Siyah \/ \u00d6zelle\u015ftirilmi\u015f<\/td>\n<td>Markalama veya sistem e\u015fle\u015ftirme i\u00e7in iste\u011fe ba\u011fl\u0131<\/td>\n<\/tr>\n<\/tbody>\n<\/table>\n<h2>Avantaj<\/h2>\n<ul>\n<li><strong>H\u0131zl\u0131 Biyofilm Olu\u015fumu:<\/strong> \u00d6zel y\u00fczey dokusu h\u0131zl\u0131 mikrobiyal b\u00fcy\u00fcmeyi ve sistem ba\u015flang\u0131c\u0131n\u0131 destekler.<\/li>\n<li><strong>\u00c7amur Geri D\u00f6n\u00fc\u015f\u00fc Gerekmez:<\/strong> Aktif \u00e7amur devridaimine gerek kalmadan basitle\u015ftirilmi\u015f proses.<\/li>\n<li><strong>\u015eok Y\u00fck\u00fcne Dayan\u0131kl\u0131:<\/strong> Su kalitesi ve organik y\u00fckteki dalgalanmalar s\u0131ras\u0131nda istikrarl\u0131 \u00e7al\u0131\u015fmay\u0131 s\u00fcrd\u00fcr\u00fcr.<\/li>\n<li><strong>Kompakt ve Enerji Verimli:<\/strong> Geleneksel biyolojik sistemlere g\u00f6re daha k\u00fc\u00e7\u00fck ayak izi ve daha d\u00fc\u015f\u00fck havaland\u0131rma enerjisi.<\/li>\n<li><strong>Y\u00fcksek Ar\u0131tma Verimlili\u011fi:<\/strong> BO\u0130, KO\u0130, amonyak, toplam azot (TN) ve fosforu (TP) etkili bir \u015fekilde giderir.<\/li>\n<li><strong>\u00c7evre Dostu:<\/strong> Plastikle\u015ftirici veya a\u011f\u0131r metaller i\u00e7ermeyen toksik olmayan malzeme; sucul ya\u015fam i\u00e7in g\u00fcvenli.<\/li>\n<li><strong>Kolay G\u00fc\u00e7lendirme \u00d6zelli\u011fi:<\/strong> Mevcut tanklara MBBR ta\u015f\u0131y\u0131c\u0131lar\u0131 ekleyerek mevcut at\u0131k su tesislerini iyile\u015ftirmek i\u00e7in idealdir.<\/li>\n<\/ul>\n<h2>Uygulama<\/h2>\n<p>MBBR Ortam\u0131 \u00e7ok \u00e7e\u015fitli \u00fcr\u00fcnler i\u00e7in uygundur <strong>hareketli yatak biyo reakt\u00f6r\u00fc MBBR<\/strong> ve <strong>MBBR su ar\u0131tma<\/strong> dahil olmak \u00fczere sistemler:<\/p>\n<ul>\n<li>BO\u0130, KO\u0130 ve n\u00fctrient giderimi i\u00e7in belediye kanalizasyon ar\u0131tma tesisleri.<\/li>\n<li>End\u00fcstriyel at\u0131k su ar\u0131tma - yiyecek ve i\u00e7ecek, kimya, ka\u011f\u0131t hamuru ve ka\u011f\u0131t, tekstil ve ila\u00e7 sekt\u00f6rleri.<\/li>\n<li>Merkezi olmayan ve mod\u00fcler at\u0131k su ar\u0131tma \u00fcniteleri.<\/li>\n<li>Akuak\u00fclt\u00fcr ve koi havuzu filtrasyon sistemleri (\u00f6rn. Koi Havuzu i\u00e7in K1 Mikro Kaldnes Filtre).<\/li>\n<li>Nehir ve g\u00f6l iyile\u015ftirme, ekolojik restorasyon ve parlatma \u00fcniteleri.<\/li>\n<li>Amonyak ve azot giderimi, nitrifikasyon ve denitrifikasyon s\u00fcre\u00e7leri.<\/li>\n<\/ul>\n<h2>Paket<\/h2>\n<ul>\n<li><strong>Standart Paket:<\/strong> Dokuma torba ba\u015f\u0131na 0,1 m\u00b3, ta\u015f\u0131ma ve kurulum i\u00e7in uygun.<\/li>\n<li><strong>Toplu Paket:<\/strong> B\u00fcy\u00fck \u00f6l\u00e7ekli MBBR reakt\u00f6r projeleri i\u00e7in 1 m\u00b3 jumbo torba.<\/li>\n<li><strong>Ula\u015f\u0131m:<\/strong> Kuru tutun, nakliye ve depolama s\u0131ras\u0131nda do\u011frudan g\u00fcne\u015f \u0131\u015f\u0131\u011f\u0131ndan ve a\u011f\u0131r s\u0131k\u0131\u015ft\u0131rmadan ka\u00e7\u0131n\u0131n.<\/li>\n<li><strong>Teslim S\u00fcresi:<\/strong> Normalde sipari\u015f miktar\u0131na ve model t\u00fcr\u00fcne ba\u011fl\u0131 olarak birka\u00e7 i\u015f g\u00fcn\u00fc i\u00e7inde.<\/li>\n<li><strong>Kalite Kontrol\u00fc:<\/strong> Her parti teslimattan \u00f6nce boyut, yo\u011funluk, y\u00fczebilme kabiliyeti ve y\u00fczey b\u00fct\u00fcnl\u00fc\u011f\u00fc a\u00e7\u0131s\u0131ndan test edilir.<\/li>\n<\/ul>","protected":false},"excerpt":{"rendered":"<p> K1 K3 PE05 PE08 MBBR Biyo Filtre Ortam\u0131, Hareketli Yatak Biyofilm Reakt\u00f6r\u00fc (MBBR) sistemleri i\u00e7in tasarlanm\u0131\u015f y\u00fcksek performansl\u0131 HDPE biyofilm ta\u015f\u0131y\u0131c\u0131lard\u0131r. Bu ortamlar mikrobiyal b\u00fcy\u00fcme i\u00e7in geni\u015f bir korumal\u0131 y\u00fczey alan\u0131 sa\u011flayarak at\u0131k su ve su \u00fcr\u00fcnleri yeti\u015ftiricili\u011fi uygulamalar\u0131nda BO\u0130, KO\u0130 ve amonya\u011f\u0131n biyolojik olarak par\u00e7alanmas\u0131n\u0131 iyile\u015ftirir. Dayan\u0131kl\u0131, toksik olmayan HDPE'den \u00fcretilen MBBR ta\u015f\u0131y\u0131c\u0131lar\u0131 m\u00fckemmel darbe direncine, kendi kendini temizleme \u00f6zelli\u011fine ve uzun hizmet \u00f6mr\u00fcne sahiptir. Belediye, end\u00fcstriyel ve bal\u0131k havuzu su ar\u0131tma sistemleri i\u00e7in idealdir. <\/p>","protected":false},"featured_media":3150,"parent":0,"template":"","meta":{"_acf_changed":false,"_kad_blocks_custom_css":"","_kad_blocks_head_custom_js":"","_kad_blocks_body_custom_js":"","_kad_blocks_footer_custom_js":"","_kadence_starter_templates_imported_post":false,"_kad_post_transparent":"default","_kad_post_title":"","_kad_post_layout":"default","_kad_post_sidebar_id":"","_kad_post_content_style":"default","_kad_post_vertical_padding":"default","_kad_post_feature":"","_kad_post_feature_position":"","_kad_post_header":false,"_kad_post_footer":false},"pcategory":[19],"ptag":[],"class_list":["post-3148","product","type-product","status-publish","has-post-thumbnail","hentry","pcategory-mbbr-media"],"acf":[],"yoast_head":"<!-- This site is optimized with the Yoast SEO plugin v27.4 - https:\/\/yoast.com\/product\/yoast-seo-wordpress\/ -->\n<title>K1 K3 PE05 PE08 HDPE MBBR Bio Filter Media<\/title>\n<meta name=\"robots\" content=\"index, follow, max-snippet:-1, max-image-preview:large, max-video-preview:-1\" \/>\n<link rel=\"canonical\" href=\"https:\/\/cpxzx.com\/tr\/urun\/mbbr-medya\/\" \/>\n<meta property=\"og:locale\" content=\"tr_TR\" \/>\n<meta property=\"og:type\" content=\"article\" \/>\n<meta property=\"og:title\" content=\"K1 K3 PE05 PE08 HDPE MBBR Bio Filter Media\" \/>\n<meta property=\"og:description\" content=\"K1 K3 PE05 PE08 MBBR Bio Filter Media are high-performance HDPE biofilm carriers designed for Moving Bed Biofilm Reactor (MBBR) systems. These media provide a large protected surface area for microbial growth, improving the biological degradation of BOD, COD, and ammonia in wastewater and aquaculture applications. Made from durable, non-toxic HDPE, the MBBR carriers feature excellent impact resistance, self-cleaning ability, and long service life. Ideal for municipal, industrial, and fish pond water treatment systems.\" \/>\n<meta property=\"og:url\" content=\"https:\/\/cpxzx.com\/tr\/urun\/mbbr-medya\/\" \/>\n<meta property=\"og:site_name\" content=\"Cooling Tower Fill, China PVC Fills Manufacturer\" \/>\n<meta property=\"og:image\" content=\"https:\/\/cpxzx.com\/wp-content\/uploads\/2025\/10\/K1-K3-PE05-PE08-Mbbr-Media-Bio-Filter-Moving-Bed-Biofilm-Reactors.jpg\" \/>\n\t<meta property=\"og:image:width\" content=\"550\" \/>\n\t<meta property=\"og:image:height\" content=\"550\" \/>\n\t<meta property=\"og:image:type\" content=\"image\/jpeg\" \/>\n<meta name=\"twitter:card\" content=\"summary_large_image\" \/>\n<meta name=\"twitter:label1\" content=\"Tahmini okuma s\u00fcresi\" \/>\n\t<meta name=\"twitter:data1\" content=\"3 dakika\" \/>\n<script type=\"application\/ld+json\" class=\"yoast-schema-graph\">{\"@context\":\"https:\\\/\\\/schema.org\",\"@graph\":[{\"@type\":\"WebPage\",\"@id\":\"https:\\\/\\\/cpxzx.com\\\/product\\\/mbbr-media\\\/\",\"url\":\"https:\\\/\\\/cpxzx.com\\\/product\\\/mbbr-media\\\/\",\"name\":\"K1 K3 PE05 PE08 HDPE MBBR Bio Filter Media\",\"isPartOf\":{\"@id\":\"https:\\\/\\\/cpxzx.com\\\/#website\"},\"primaryImageOfPage\":{\"@id\":\"https:\\\/\\\/cpxzx.com\\\/product\\\/mbbr-media\\\/#primaryimage\"},\"image\":{\"@id\":\"https:\\\/\\\/cpxzx.com\\\/product\\\/mbbr-media\\\/#primaryimage\"},\"thumbnailUrl\":\"https:\\\/\\\/cpxzx.com\\\/wp-content\\\/uploads\\\/2025\\\/10\\\/K1-K3-PE05-PE08-Mbbr-Media-Bio-Filter-Moving-Bed-Biofilm-Reactors.jpg\",\"datePublished\":\"2025-10-14T04:24:39+00:00\",\"breadcrumb\":{\"@id\":\"https:\\\/\\\/cpxzx.com\\\/product\\\/mbbr-media\\\/#breadcrumb\"},\"inLanguage\":\"tr\",\"potentialAction\":[{\"@type\":\"ReadAction\",\"target\":[\"https:\\\/\\\/cpxzx.com\\\/product\\\/mbbr-media\\\/\"]}]},{\"@type\":\"ImageObject\",\"inLanguage\":\"tr\",\"@id\":\"https:\\\/\\\/cpxzx.com\\\/product\\\/mbbr-media\\\/#primaryimage\",\"url\":\"https:\\\/\\\/cpxzx.com\\\/wp-content\\\/uploads\\\/2025\\\/10\\\/K1-K3-PE05-PE08-Mbbr-Media-Bio-Filter-Moving-Bed-Biofilm-Reactors.jpg\",\"contentUrl\":\"https:\\\/\\\/cpxzx.com\\\/wp-content\\\/uploads\\\/2025\\\/10\\\/K1-K3-PE05-PE08-Mbbr-Media-Bio-Filter-Moving-Bed-Biofilm-Reactors.jpg\",\"width\":550,\"height\":550,\"caption\":\"Mbbr-Media\"},{\"@type\":\"BreadcrumbList\",\"@id\":\"https:\\\/\\\/cpxzx.com\\\/product\\\/mbbr-media\\\/#breadcrumb\",\"itemListElement\":[{\"@type\":\"ListItem\",\"position\":1,\"name\":\"Home\",\"item\":\"https:\\\/\\\/cpxzx.com\\\/\"},{\"@type\":\"ListItem\",\"position\":2,\"name\":\"MBBR Media\",\"item\":\"https:\\\/\\\/cpxzx.com\\\/pcategory\\\/mbbr-media\\\/\"},{\"@type\":\"ListItem\",\"position\":3,\"name\":\"K1 K3 PE05 PE08 HDPE MBBR Bio Filter Media for Wastewater and Aquaculture Treatment\"}]},{\"@type\":\"WebSite\",\"@id\":\"https:\\\/\\\/cpxzx.com\\\/#website\",\"url\":\"https:\\\/\\\/cpxzx.com\\\/\",\"name\":\"Cooling Tower Fill, China PVC Fills Manufacturer\",\"description\":\"\",\"publisher\":{\"@id\":\"https:\\\/\\\/cpxzx.com\\\/#organization\"},\"potentialAction\":[{\"@type\":\"SearchAction\",\"target\":{\"@type\":\"EntryPoint\",\"urlTemplate\":\"https:\\\/\\\/cpxzx.com\\\/?s={search_term_string}\"},\"query-input\":{\"@type\":\"PropertyValueSpecification\",\"valueRequired\":true,\"valueName\":\"search_term_string\"}}],\"inLanguage\":\"tr\"},{\"@type\":\"Organization\",\"@id\":\"https:\\\/\\\/cpxzx.com\\\/#organization\",\"name\":\"Cooling Tower Fill, China PVC Fills Manufacturer\",\"url\":\"https:\\\/\\\/cpxzx.com\\\/\",\"logo\":{\"@type\":\"ImageObject\",\"inLanguage\":\"tr\",\"@id\":\"https:\\\/\\\/cpxzx.com\\\/#\\\/schema\\\/logo\\\/image\\\/\",\"url\":\"https:\\\/\\\/cpxzx.com\\\/wp-content\\\/uploads\\\/2025\\\/07\\\/1751628807-logo.png\",\"contentUrl\":\"https:\\\/\\\/cpxzx.com\\\/wp-content\\\/uploads\\\/2025\\\/07\\\/1751628807-logo.png\",\"width\":383,\"height\":87,\"caption\":\"Cooling Tower Fill, China PVC Fills Manufacturer\"},\"image\":{\"@id\":\"https:\\\/\\\/cpxzx.com\\\/#\\\/schema\\\/logo\\\/image\\\/\"}}]}<\/script>\n<!-- \/ Yoast SEO plugin. -->","yoast_head_json":{"title":"K1 K3 PE05 PE08 HDPE MBBR Biyo Filtre Ortam\u0131","robots":{"index":"index","follow":"follow","max-snippet":"max-snippet:-1","max-image-preview":"max-image-preview:large","max-video-preview":"max-video-preview:-1"},"canonical":"https:\/\/cpxzx.com\/tr\/urun\/mbbr-medya\/","og_locale":"tr_TR","og_type":"article","og_title":"K1 K3 PE05 PE08 HDPE MBBR Bio Filter Media","og_description":"K1 K3 PE05 PE08 MBBR Bio Filter Media are high-performance HDPE biofilm carriers designed for Moving Bed Biofilm Reactor (MBBR) systems. These media provide a large protected surface area for microbial growth, improving the biological degradation of BOD, COD, and ammonia in wastewater and aquaculture applications. Made from durable, non-toxic HDPE, the MBBR carriers feature excellent impact resistance, self-cleaning ability, and long service life. Ideal for municipal, industrial, and fish pond water treatment systems.","og_url":"https:\/\/cpxzx.com\/tr\/urun\/mbbr-medya\/","og_site_name":"Cooling Tower Fill, China PVC Fills Manufacturer","og_image":[{"width":550,"height":550,"url":"https:\/\/cpxzx.com\/wp-content\/uploads\/2025\/10\/K1-K3-PE05-PE08-Mbbr-Media-Bio-Filter-Moving-Bed-Biofilm-Reactors.jpg","type":"image\/jpeg"}],"twitter_card":"summary_large_image","twitter_misc":{"Tahmini okuma s\u00fcresi":"3 dakika"},"schema":{"@context":"https:\/\/schema.org","@graph":[{"@type":"WebPage","@id":"https:\/\/cpxzx.com\/product\/mbbr-media\/","url":"https:\/\/cpxzx.com\/product\/mbbr-media\/","name":"K1 K3 PE05 PE08 HDPE MBBR Biyo Filtre Ortam\u0131","isPartOf":{"@id":"https:\/\/cpxzx.com\/#website"},"primaryImageOfPage":{"@id":"https:\/\/cpxzx.com\/product\/mbbr-media\/#primaryimage"},"image":{"@id":"https:\/\/cpxzx.com\/product\/mbbr-media\/#primaryimage"},"thumbnailUrl":"https:\/\/cpxzx.com\/wp-content\/uploads\/2025\/10\/K1-K3-PE05-PE08-Mbbr-Media-Bio-Filter-Moving-Bed-Biofilm-Reactors.jpg","datePublished":"2025-10-14T04:24:39+00:00","breadcrumb":{"@id":"https:\/\/cpxzx.com\/product\/mbbr-media\/#breadcrumb"},"inLanguage":"tr","potentialAction":[{"@type":"ReadAction","target":["https:\/\/cpxzx.com\/product\/mbbr-media\/"]}]},{"@type":"ImageObject","inLanguage":"tr","@id":"https:\/\/cpxzx.com\/product\/mbbr-media\/#primaryimage","url":"https:\/\/cpxzx.com\/wp-content\/uploads\/2025\/10\/K1-K3-PE05-PE08-Mbbr-Media-Bio-Filter-Moving-Bed-Biofilm-Reactors.jpg","contentUrl":"https:\/\/cpxzx.com\/wp-content\/uploads\/2025\/10\/K1-K3-PE05-PE08-Mbbr-Media-Bio-Filter-Moving-Bed-Biofilm-Reactors.jpg","width":550,"height":550,"caption":"Mbbr-Media"},{"@type":"BreadcrumbList","@id":"https:\/\/cpxzx.com\/product\/mbbr-media\/#breadcrumb","itemListElement":[{"@type":"ListItem","position":1,"name":"Home","item":"https:\/\/cpxzx.com\/"},{"@type":"ListItem","position":2,"name":"MBBR Media","item":"https:\/\/cpxzx.com\/pcategory\/mbbr-media\/"},{"@type":"ListItem","position":3,"name":"K1 K3 PE05 PE08 HDPE MBBR Bio Filter Media for Wastewater and Aquaculture Treatment"}]},{"@type":"WebSite","@id":"https:\/\/cpxzx.com\/#website","url":"https:\/\/cpxzx.com\/","name":"So\u011futma Kulesi Dolgusu, \u00c7in PVC Dolgular \u00dcretici","description":"","publisher":{"@id":"https:\/\/cpxzx.com\/#organization"},"potentialAction":[{"@type":"SearchAction","target":{"@type":"EntryPoint","urlTemplate":"https:\/\/cpxzx.com\/?s={search_term_string}"},"query-input":{"@type":"PropertyValueSpecification","valueRequired":true,"valueName":"search_term_string"}}],"inLanguage":"tr"},{"@type":"Organization","@id":"https:\/\/cpxzx.com\/#organization","name":"So\u011futma Kulesi Dolgusu, \u00c7in PVC Dolgular \u00dcretici","url":"https:\/\/cpxzx.com\/","logo":{"@type":"ImageObject","inLanguage":"tr","@id":"https:\/\/cpxzx.com\/#\/schema\/logo\/image\/","url":"https:\/\/cpxzx.com\/wp-content\/uploads\/2025\/07\/1751628807-logo.png","contentUrl":"https:\/\/cpxzx.com\/wp-content\/uploads\/2025\/07\/1751628807-logo.png","width":383,"height":87,"caption":"Cooling Tower Fill, China PVC Fills Manufacturer"},"image":{"@id":"https:\/\/cpxzx.com\/#\/schema\/logo\/image\/"}}]}},"taxonomy_info":{"pcategory":[{"value":19,"label":"MBBR Media"}]},"featured_image_src_large":["https:\/\/cpxzx.com\/wp-content\/uploads\/2025\/10\/K1-K3-PE05-PE08-Mbbr-Media-Bio-Filter-Moving-Bed-Biofilm-Reactors.jpg",550,550,false],"author_info":[],"comment_info":"","_links":{"self":[{"href":"https:\/\/cpxzx.com\/tr\/wp-json\/wp\/v2\/product\/3148","targetHints":{"allow":["GET"]}}],"collection":[{"href":"https:\/\/cpxzx.com\/tr\/wp-json\/wp\/v2\/product"}],"about":[{"href":"https:\/\/cpxzx.com\/tr\/wp-json\/wp\/v2\/types\/product"}],"wp:featuredmedia":[{"embeddable":true,"href":"https:\/\/cpxzx.com\/tr\/wp-json\/wp\/v2\/media\/3150"}],"wp:attachment":[{"href":"https:\/\/cpxzx.com\/tr\/wp-json\/wp\/v2\/media?parent=3148"}],"wp:term":[{"taxonomy":"pcategory","embeddable":true,"href":"https:\/\/cpxzx.com\/tr\/wp-json\/wp\/v2\/pcategory?post=3148"},{"taxonomy":"ptag","embeddable":true,"href":"https:\/\/cpxzx.com\/tr\/wp-json\/wp\/v2\/ptag?post=3148"}],"curies":[{"name":"wp","href":"https:\/\/api.w.org\/{rel}","templated":true}]}}