{"id":3108,"date":"2025-10-01T05:57:25","date_gmt":"2025-10-01T05:57:25","guid":{"rendered":"https:\/\/cpxzx.com\/?post_type=product&#038;p=3108"},"modified":"2025-09-28T06:00:42","modified_gmt":"2025-09-28T06:00:42","slug":"ters-akisli-dolum","status":"publish","type":"product","link":"https:\/\/cpxzx.com\/tr\/urun\/ters-akisli-dolum\/","title":{"rendered":"Kar\u015f\u0131 Ak\u0131\u015f Dolgusu"},"content":{"rendered":"<p><strong>Kar\u015f\u0131 ak\u0131\u015f dolumu<\/strong> termal performans\u0131 ve su da\u011f\u0131t\u0131m verimlili\u011fini en \u00fcst d\u00fczeye \u00e7\u0131karmak i\u00e7in ters ak\u0131\u015fl\u0131 so\u011futma kulelerinde kullan\u0131lan \u00f6zel olarak tasarlanm\u0131\u015f bir so\u011futma kulesi ortam\u0131d\u0131r. Hava ve su i\u00e7in geni\u015f bir temas y\u00fczeyi alan\u0131 sa\u011flayarak daha iyi \u0131s\u0131 transferi sa\u011flarken su s\u00fcr\u00fcklenmesini ve s\u0131\u00e7rama kayb\u0131n\u0131 azalt\u0131r. Optimize edilmi\u015f yap\u0131s\u0131 ile ters ak\u0131\u015fl\u0131 dolgu, kule verimlili\u011fini art\u0131r\u0131r, su tasarrufu sa\u011flar ve i\u015fletme maliyetlerini d\u00fc\u015f\u00fcr\u00fcr.<\/p>\n<h2>\u00d6zellikler<\/h2>\n<ul>\n<li>M\u00fckemmel su da\u011f\u0131l\u0131m\u0131 ile y\u00fcksek termal performans<\/li>\n<li>UV \u0131\u015f\u0131nlar\u0131na, kimyasallara ve biyolojik sald\u0131r\u0131lara kar\u015f\u0131 dayan\u0131kl\u0131 yap\u0131<\/li>\n<li>Hafif ancak g\u00fc\u00e7l\u00fc, kurulumu ve de\u011fi\u015ftirilmesi kolay<\/li>\n<li>D\u00fc\u015f\u00fck hava direnci, verimli so\u011futmay\u0131 destekler<\/li>\n<li>Kire\u00e7lenme, t\u0131kanma ve kirlenmeyi en aza indirmek i\u00e7in tasarlanm\u0131\u015ft\u0131r<\/li>\n<\/ul>\n<h2>Teknik \u00d6zellikler<\/h2>\n<ul>\n<li>Malzeme PVC veya PP (polipropilen)<\/li>\n<li>Sac kal\u0131nl\u0131\u011f\u0131: 0,25-0,5 mm (\u00f6zelle\u015ftirilebilir)<\/li>\n<li>Renk: Siyah, mavi veya \u00f6zelle\u015ftirilebilir<\/li>\n<li>Maksimum s\u00fcrekli \u00e7al\u0131\u015fma s\u0131cakl\u0131\u011f\u0131: 55-70\u00b0C (malzemeye ba\u011fl\u0131 olarak)<\/li>\n<li>Standart blok boyutu: Kule tasar\u0131m\u0131na g\u00f6re ayarlanabilir<\/li>\n<\/ul>\n<h2>Avantajlar<\/h2>\n<ul>\n<li>Optimize edilmi\u015f \u0131s\u0131 de\u011fi\u015fimi ile so\u011futma kulesi performans\u0131n\u0131 art\u0131r\u0131r<\/li>\n<li>Geleneksel s\u0131\u00e7rama dolgusuna k\u0131yasla daha uzun hizmet \u00f6mr\u00fc<\/li>\n<li>Azalt\u0131lm\u0131\u015f hava direnci sayesinde enerji tasarruflu<\/li>\n<li>\u00c7o\u011fu ters ak\u0131\u015fl\u0131 so\u011futma kulesi tasar\u0131m\u0131yla uyumludur<\/li>\n<li>Kolay bak\u0131m ile uygun maliyetli<\/li>\n<\/ul>\n<h2>Uygulamalar<\/h2>\n<p>Kar\u015f\u0131 ak\u0131\u015f dolgusu yayg\u0131n olarak kullan\u0131lmaktad\u0131r:<\/p>\n<ul>\n<li>End\u00fcstriyel ters ak\u0131\u015fl\u0131 so\u011futma kuleleri<\/li>\n<li>HVAC so\u011futma sistemleri<\/li>\n<li>Enerji santralleri ve kimyasal i\u015fleme tesisleri<\/li>\n<li>Metalurji ve \u00e7elik end\u00fcstrileri<\/li>\n<li>Su ar\u0131tma ve so\u011futma uygulamalar\u0131<\/li>\n<\/ul>\n<h2>Paketleme<\/h2>\n<ul>\n<li>PE kay\u0131\u015flarla demetler halinde paketlenmi\u015ftir<\/li>\n<li>G\u00fcvenli ta\u015f\u0131ma i\u00e7in paletlenmi\u015f<\/li>\n<li>Talep \u00fczerine \u00f6zel paketleme yap\u0131labilir<\/li>\n<\/ul>","protected":false},"excerpt":{"rendered":"<p>Kar\u015f\u0131 ak\u0131\u015f dolgusu, kar\u015f\u0131 ak\u0131\u015fl\u0131 so\u011futma kuleleri i\u00e7in tasarlanm\u0131\u015f temel bir so\u011futma kulesi dolgu maddesidir. Su ve hava aras\u0131nda geni\u015f bir temas alan\u0131 sa\u011flayarak \u0131s\u0131 de\u011fi\u015fim verimlili\u011fini art\u0131r\u0131r, e\u015fit su da\u011f\u0131l\u0131m\u0131 ve daha az s\u00fcr\u00fcklenme kayb\u0131 sa\u011flar. Dayan\u0131kl\u0131 PVC veya PP malzemeden \u00fcretilen ters ak\u0131\u015fl\u0131 so\u011futma kulesi dolgusu, y\u00fcksek termal performans, d\u00fc\u015f\u00fck hava direnci ve uzun hizmet \u00f6mr\u00fc sunarak end\u00fcstriyel so\u011futma uygulamalar\u0131 i\u00e7in g\u00fcvenilir bir \u00e7\u00f6z\u00fcmd\u00fcr.<\/p>","protected":false},"featured_media":3109,"parent":0,"template":"","meta":{"_acf_changed":false,"_kad_blocks_custom_css":"","_kad_blocks_head_custom_js":"","_kad_blocks_body_custom_js":"","_kad_blocks_footer_custom_js":"","_kadence_starter_templates_imported_post":false,"_kad_post_transparent":"default","_kad_post_title":"","_kad_post_layout":"default","_kad_post_sidebar_id":"","_kad_post_content_style":"default","_kad_post_vertical_padding":"default","_kad_post_feature":"","_kad_post_feature_position":"","_kad_post_header":false,"_kad_post_footer":false},"pcategory":[5],"ptag":[],"class_list":["post-3108","product","type-product","status-publish","has-post-thumbnail","hentry","pcategory-cooling-tower-fill"],"acf":[],"yoast_head":"<!-- This site is optimized with the Yoast SEO plugin v27.4 - https:\/\/yoast.com\/product\/yoast-seo-wordpress\/ -->\n<title>Counterflow Fill - Cooling Tower Fill, China PVC Fills Manufacturer<\/title>\n<meta name=\"robots\" content=\"index, follow, max-snippet:-1, max-image-preview:large, max-video-preview:-1\" \/>\n<link rel=\"canonical\" href=\"https:\/\/cpxzx.com\/tr\/urun\/ters-akisli-dolum\/\" \/>\n<meta property=\"og:locale\" content=\"tr_TR\" \/>\n<meta property=\"og:type\" content=\"article\" \/>\n<meta property=\"og:title\" content=\"Counterflow Fill - Cooling Tower Fill, China PVC Fills Manufacturer\" \/>\n<meta property=\"og:description\" content=\"Counterflow fill is an essential cooling tower fill media designed for counterflow cooling towers. It improves heat exchange efficiency by providing a large contact area between water and air, ensuring uniform water distribution and reduced drift loss. Made of durable PVC or PP material, counterflow cooling tower fill offers high thermal performance, low air resistance, and long service life, making it a reliable solution for industrial cooling applications.\" \/>\n<meta property=\"og:url\" content=\"https:\/\/cpxzx.com\/tr\/urun\/ters-akisli-dolum\/\" \/>\n<meta property=\"og:site_name\" content=\"Cooling Tower Fill, China PVC Fills Manufacturer\" \/>\n<meta property=\"og:image\" content=\"https:\/\/cpxzx.com\/wp-content\/uploads\/2025\/09\/Counterflow-Fill-2.jpg\" \/>\n\t<meta property=\"og:image:width\" content=\"503\" \/>\n\t<meta property=\"og:image:height\" content=\"361\" \/>\n\t<meta property=\"og:image:type\" content=\"image\/jpeg\" \/>\n<meta name=\"twitter:card\" content=\"summary_large_image\" \/>\n<meta name=\"twitter:label1\" content=\"Tahmini okuma s\u00fcresi\" \/>\n\t<meta name=\"twitter:data1\" content=\"2 dakika\" \/>\n<script type=\"application\/ld+json\" class=\"yoast-schema-graph\">{\"@context\":\"https:\\\/\\\/schema.org\",\"@graph\":[{\"@type\":\"WebPage\",\"@id\":\"https:\\\/\\\/cpxzx.com\\\/product\\\/counterflow-fill\\\/\",\"url\":\"https:\\\/\\\/cpxzx.com\\\/product\\\/counterflow-fill\\\/\",\"name\":\"Counterflow Fill - Cooling Tower Fill, China PVC Fills Manufacturer\",\"isPartOf\":{\"@id\":\"https:\\\/\\\/cpxzx.com\\\/#website\"},\"primaryImageOfPage\":{\"@id\":\"https:\\\/\\\/cpxzx.com\\\/product\\\/counterflow-fill\\\/#primaryimage\"},\"image\":{\"@id\":\"https:\\\/\\\/cpxzx.com\\\/product\\\/counterflow-fill\\\/#primaryimage\"},\"thumbnailUrl\":\"https:\\\/\\\/cpxzx.com\\\/wp-content\\\/uploads\\\/2025\\\/09\\\/Counterflow-Fill-2.jpg\",\"datePublished\":\"2025-10-01T05:57:25+00:00\",\"breadcrumb\":{\"@id\":\"https:\\\/\\\/cpxzx.com\\\/product\\\/counterflow-fill\\\/#breadcrumb\"},\"inLanguage\":\"tr\",\"potentialAction\":[{\"@type\":\"ReadAction\",\"target\":[\"https:\\\/\\\/cpxzx.com\\\/product\\\/counterflow-fill\\\/\"]}]},{\"@type\":\"ImageObject\",\"inLanguage\":\"tr\",\"@id\":\"https:\\\/\\\/cpxzx.com\\\/product\\\/counterflow-fill\\\/#primaryimage\",\"url\":\"https:\\\/\\\/cpxzx.com\\\/wp-content\\\/uploads\\\/2025\\\/09\\\/Counterflow-Fill-2.jpg\",\"contentUrl\":\"https:\\\/\\\/cpxzx.com\\\/wp-content\\\/uploads\\\/2025\\\/09\\\/Counterflow-Fill-2.jpg\",\"width\":503,\"height\":361,\"caption\":\"Counterflow Fill\"},{\"@type\":\"BreadcrumbList\",\"@id\":\"https:\\\/\\\/cpxzx.com\\\/product\\\/counterflow-fill\\\/#breadcrumb\",\"itemListElement\":[{\"@type\":\"ListItem\",\"position\":1,\"name\":\"Home\",\"item\":\"https:\\\/\\\/cpxzx.com\\\/\"},{\"@type\":\"ListItem\",\"position\":2,\"name\":\"Cooling Tower Fill\",\"item\":\"https:\\\/\\\/cpxzx.com\\\/pcategory\\\/cooling-tower-fill\\\/\"},{\"@type\":\"ListItem\",\"position\":3,\"name\":\"Counterflow Fill\"}]},{\"@type\":\"WebSite\",\"@id\":\"https:\\\/\\\/cpxzx.com\\\/#website\",\"url\":\"https:\\\/\\\/cpxzx.com\\\/\",\"name\":\"Cooling Tower Fill, China PVC Fills Manufacturer\",\"description\":\"\",\"publisher\":{\"@id\":\"https:\\\/\\\/cpxzx.com\\\/#organization\"},\"potentialAction\":[{\"@type\":\"SearchAction\",\"target\":{\"@type\":\"EntryPoint\",\"urlTemplate\":\"https:\\\/\\\/cpxzx.com\\\/?s={search_term_string}\"},\"query-input\":{\"@type\":\"PropertyValueSpecification\",\"valueRequired\":true,\"valueName\":\"search_term_string\"}}],\"inLanguage\":\"tr\"},{\"@type\":\"Organization\",\"@id\":\"https:\\\/\\\/cpxzx.com\\\/#organization\",\"name\":\"Cooling Tower Fill, China PVC Fills Manufacturer\",\"url\":\"https:\\\/\\\/cpxzx.com\\\/\",\"logo\":{\"@type\":\"ImageObject\",\"inLanguage\":\"tr\",\"@id\":\"https:\\\/\\\/cpxzx.com\\\/#\\\/schema\\\/logo\\\/image\\\/\",\"url\":\"https:\\\/\\\/cpxzx.com\\\/wp-content\\\/uploads\\\/2025\\\/07\\\/1751628807-logo.png\",\"contentUrl\":\"https:\\\/\\\/cpxzx.com\\\/wp-content\\\/uploads\\\/2025\\\/07\\\/1751628807-logo.png\",\"width\":383,\"height\":87,\"caption\":\"Cooling Tower Fill, China PVC Fills Manufacturer\"},\"image\":{\"@id\":\"https:\\\/\\\/cpxzx.com\\\/#\\\/schema\\\/logo\\\/image\\\/\"}}]}<\/script>\n<!-- \/ Yoast SEO plugin. -->","yoast_head_json":{"title":"Kar\u015f\u0131 Ak\u0131\u015f Dolgusu - So\u011futma Kulesi Dolgusu, \u00c7in PVC Dolgular \u00dcretici","robots":{"index":"index","follow":"follow","max-snippet":"max-snippet:-1","max-image-preview":"max-image-preview:large","max-video-preview":"max-video-preview:-1"},"canonical":"https:\/\/cpxzx.com\/tr\/urun\/ters-akisli-dolum\/","og_locale":"tr_TR","og_type":"article","og_title":"Counterflow Fill - Cooling Tower Fill, China PVC Fills Manufacturer","og_description":"Counterflow fill is an essential cooling tower fill media designed for counterflow cooling towers. It improves heat exchange efficiency by providing a large contact area between water and air, ensuring uniform water distribution and reduced drift loss. Made of durable PVC or PP material, counterflow cooling tower fill offers high thermal performance, low air resistance, and long service life, making it a reliable solution for industrial cooling applications.","og_url":"https:\/\/cpxzx.com\/tr\/urun\/ters-akisli-dolum\/","og_site_name":"Cooling Tower Fill, China PVC Fills Manufacturer","og_image":[{"width":503,"height":361,"url":"https:\/\/cpxzx.com\/wp-content\/uploads\/2025\/09\/Counterflow-Fill-2.jpg","type":"image\/jpeg"}],"twitter_card":"summary_large_image","twitter_misc":{"Tahmini okuma s\u00fcresi":"2 dakika"},"schema":{"@context":"https:\/\/schema.org","@graph":[{"@type":"WebPage","@id":"https:\/\/cpxzx.com\/product\/counterflow-fill\/","url":"https:\/\/cpxzx.com\/product\/counterflow-fill\/","name":"Kar\u015f\u0131 Ak\u0131\u015f Dolgusu - So\u011futma Kulesi Dolgusu, \u00c7in PVC Dolgular \u00dcretici","isPartOf":{"@id":"https:\/\/cpxzx.com\/#website"},"primaryImageOfPage":{"@id":"https:\/\/cpxzx.com\/product\/counterflow-fill\/#primaryimage"},"image":{"@id":"https:\/\/cpxzx.com\/product\/counterflow-fill\/#primaryimage"},"thumbnailUrl":"https:\/\/cpxzx.com\/wp-content\/uploads\/2025\/09\/Counterflow-Fill-2.jpg","datePublished":"2025-10-01T05:57:25+00:00","breadcrumb":{"@id":"https:\/\/cpxzx.com\/product\/counterflow-fill\/#breadcrumb"},"inLanguage":"tr","potentialAction":[{"@type":"ReadAction","target":["https:\/\/cpxzx.com\/product\/counterflow-fill\/"]}]},{"@type":"ImageObject","inLanguage":"tr","@id":"https:\/\/cpxzx.com\/product\/counterflow-fill\/#primaryimage","url":"https:\/\/cpxzx.com\/wp-content\/uploads\/2025\/09\/Counterflow-Fill-2.jpg","contentUrl":"https:\/\/cpxzx.com\/wp-content\/uploads\/2025\/09\/Counterflow-Fill-2.jpg","width":503,"height":361,"caption":"Counterflow Fill"},{"@type":"BreadcrumbList","@id":"https:\/\/cpxzx.com\/product\/counterflow-fill\/#breadcrumb","itemListElement":[{"@type":"ListItem","position":1,"name":"Home","item":"https:\/\/cpxzx.com\/"},{"@type":"ListItem","position":2,"name":"Cooling Tower Fill","item":"https:\/\/cpxzx.com\/pcategory\/cooling-tower-fill\/"},{"@type":"ListItem","position":3,"name":"Counterflow Fill"}]},{"@type":"WebSite","@id":"https:\/\/cpxzx.com\/#website","url":"https:\/\/cpxzx.com\/","name":"So\u011futma Kulesi Dolgusu, \u00c7in PVC Dolgular \u00dcretici","description":"","publisher":{"@id":"https:\/\/cpxzx.com\/#organization"},"potentialAction":[{"@type":"SearchAction","target":{"@type":"EntryPoint","urlTemplate":"https:\/\/cpxzx.com\/?s={search_term_string}"},"query-input":{"@type":"PropertyValueSpecification","valueRequired":true,"valueName":"search_term_string"}}],"inLanguage":"tr"},{"@type":"Organization","@id":"https:\/\/cpxzx.com\/#organization","name":"So\u011futma Kulesi Dolgusu, \u00c7in PVC Dolgular \u00dcretici","url":"https:\/\/cpxzx.com\/","logo":{"@type":"ImageObject","inLanguage":"tr","@id":"https:\/\/cpxzx.com\/#\/schema\/logo\/image\/","url":"https:\/\/cpxzx.com\/wp-content\/uploads\/2025\/07\/1751628807-logo.png","contentUrl":"https:\/\/cpxzx.com\/wp-content\/uploads\/2025\/07\/1751628807-logo.png","width":383,"height":87,"caption":"Cooling Tower Fill, China PVC Fills Manufacturer"},"image":{"@id":"https:\/\/cpxzx.com\/#\/schema\/logo\/image\/"}}]}},"taxonomy_info":{"pcategory":[{"value":5,"label":"Cooling Tower Fill"}]},"featured_image_src_large":["https:\/\/cpxzx.com\/wp-content\/uploads\/2025\/09\/Counterflow-Fill-2.jpg",503,361,false],"author_info":[],"comment_info":"","_links":{"self":[{"href":"https:\/\/cpxzx.com\/tr\/wp-json\/wp\/v2\/product\/3108","targetHints":{"allow":["GET"]}}],"collection":[{"href":"https:\/\/cpxzx.com\/tr\/wp-json\/wp\/v2\/product"}],"about":[{"href":"https:\/\/cpxzx.com\/tr\/wp-json\/wp\/v2\/types\/product"}],"wp:featuredmedia":[{"embeddable":true,"href":"https:\/\/cpxzx.com\/tr\/wp-json\/wp\/v2\/media\/3109"}],"wp:attachment":[{"href":"https:\/\/cpxzx.com\/tr\/wp-json\/wp\/v2\/media?parent=3108"}],"wp:term":[{"taxonomy":"pcategory","embeddable":true,"href":"https:\/\/cpxzx.com\/tr\/wp-json\/wp\/v2\/pcategory?post=3108"},{"taxonomy":"ptag","embeddable":true,"href":"https:\/\/cpxzx.com\/tr\/wp-json\/wp\/v2\/ptag?post=3108"}],"curies":[{"name":"wp","href":"https:\/\/api.w.org\/{rel}","templated":true}]}}