{"id":3098,"date":"2025-09-29T04:57:51","date_gmt":"2025-09-29T04:57:51","guid":{"rendered":"https:\/\/cpxzx.com\/?post_type=product&#038;p=3098"},"modified":"2025-09-28T05:20:34","modified_gmt":"2025-09-28T05:20:34","slug":"cooling-tower-drift-eliminator","status":"publish","type":"product","link":"https:\/\/cpxzx.com\/tr\/urun\/cooling-tower-drift-eliminator\/","title":{"rendered":"So\u011futma Kulesi S\u00fcr\u00fcklenme \u00d6nleyici"},"content":{"rendered":"<p><strong>So\u011futma Kulesi S\u00fcr\u00fcklenme \u00d6nleyici<\/strong> Mod\u00fcller, \u00e7\u0131kan havay\u0131 3 farkl\u0131 y\u00f6n de\u011fi\u015fikli\u011fi yapmaya zorlayarak maksimum s\u00fcr\u00fcklenme damlac\u0131\u011f\u0131 giderimi sa\u011flayan sin\u00fczoidal \u015fekilli, PVC (veya HPVC) kanatlardan olu\u015fan s\u0131k aral\u0131kl\u0131 bir dizi kullan\u0131r. Ancak bu performans, Drift Eliminator boyunca tasarlanm\u0131\u015f ak\u0131\u015f \u00e7ok d\u00fc\u015f\u00fck bas\u0131n\u00e7 d\u00fc\u015f\u00fc\u015f\u00fc sa\u011flad\u0131\u011f\u0131ndan fan enerjisi pahas\u0131na ger\u00e7ekle\u015fmez.<\/p>\n<h2>\u015eartname<\/h2>\n<table border=\"1\" cellspacing=\"0\" cellpadding=\"6\">\n<tbody>\n<tr>\n<td><strong>Malzeme<\/strong><\/td>\n<td>PP \/ PVC<\/td>\n<\/tr>\n<tr>\n<td><strong>Geni\u015flik<\/strong><\/td>\n<td>145 mm<\/td>\n<\/tr>\n<tr>\n<td><strong>Uzunluk<\/strong><\/td>\n<td>\u0130ste\u011finize g\u00f6re<\/td>\n<\/tr>\n<tr>\n<td><strong>Kal\u0131nl\u0131k<\/strong><\/td>\n<td>0,28 mm'den 0,45 mm'ye kadar<\/td>\n<\/tr>\n<tr>\n<td><strong>Profil Y\u00fcksekli\u011fi<\/strong><\/td>\n<td>30mm<\/td>\n<\/tr>\n<\/tbody>\n<\/table>\n<h2>\u00c7al\u0131\u015fma Prensibi<\/h2>\n<p>S\u00fcr\u00fcklenme \u00f6nleyiciler eylemsiz ay\u0131rma prensibine g\u00f6re \u00e7al\u0131\u015f\u0131r. Hava, eliminat\u00f6r\u00fcn \u00e7ok ge\u00e7i\u015fli kanallar\u0131ndan ge\u00e7erken su damlac\u0131klar\u0131 y\u00f6n de\u011fi\u015ftirmeye zorlan\u0131r. Atalet nedeniyle, damlac\u0131klar b\u0131\u00e7ak veya h\u00fccresel y\u00fczeylere \u00e7arpar, bir film halinde birle\u015fir ve daha sonra yer\u00e7ekimi ile so\u011futma suyu sistemine geri d\u00f6ner. Bu i\u015flem hava ak\u0131\u015f\u0131n\u0131 k\u0131s\u0131tlamadan s\u00fcr\u00fcklenme emisyonunu \u00f6nemli \u00f6l\u00e7\u00fcde azalt\u0131r.<\/p>\n<h2>Temel \u00d6zellikler<\/h2>\n<ul>\n<li>Su damlac\u0131klar\u0131n\u0131 yakalamada y\u00fcksek verimlilik, dola\u015f\u0131mdaki suyun 0,0005%'si kadar d\u00fc\u015f\u00fck s\u00fcr\u00fcklenme kayb\u0131.<\/li>\n<li>D\u00fc\u015f\u00fck bas\u0131n\u00e7 d\u00fc\u015f\u00fc\u015f\u00fc tasar\u0131m\u0131, istikrarl\u0131 hava ak\u0131\u015f\u0131 ve so\u011futma kulesi performans\u0131 sa\u011flar.<\/li>\n<li>Uzun hizmet \u00f6mr\u00fc i\u00e7in PVC, PP veya korozyona dayan\u0131kl\u0131 malzemeler kullan\u0131larak dayan\u0131kl\u0131 yap\u0131.<\/li>\n<li>Mod\u00fcler ve hafif yap\u0131, kurulumu, incelenmesi ve de\u011fi\u015ftirilmesi kolayd\u0131r.<\/li>\n<li>Hem \u00e7apraz ak\u0131\u015fl\u0131 hem de ters ak\u0131\u015fl\u0131 kule konfig\u00fcrasyonlar\u0131nda mevcuttur.<\/li>\n<\/ul>","protected":false},"excerpt":{"rendered":"<p>A cooling tower drift eliminator is an essential component designed to minimize water loss and protect both equipment and the environment. During cooling tower operation, air movement can carry small water droplets, known as drift, out of the system. These droplets may contain dissolved minerals, treatment chemicals, and microorganisms that can cause corrosion, scaling, or health risks. The drift eliminator captures and removes these droplets from the air stream, directing the water back into the tower and reducing drift emissions to extremely low levels.<\/p>\n<p>Drift eliminators work on the principle of inertial separation. As the airflow passes through multi-angled passages, droplets are forced to change direction, collide with surfaces, and coalesce. The collected water then returns to the circulating system by gravity, ensuring effective water recovery without significantly increasing air resistance.<\/p>","protected":false},"featured_media":3103,"parent":0,"template":"","meta":{"_acf_changed":false,"_kad_blocks_custom_css":"","_kad_blocks_head_custom_js":"","_kad_blocks_body_custom_js":"","_kad_blocks_footer_custom_js":"","_kadence_starter_templates_imported_post":false,"_kad_post_transparent":"default","_kad_post_title":"","_kad_post_layout":"default","_kad_post_sidebar_id":"","_kad_post_content_style":"default","_kad_post_vertical_padding":"default","_kad_post_feature":"","_kad_post_feature_position":"","_kad_post_header":false,"_kad_post_footer":false},"pcategory":[16],"ptag":[],"class_list":["post-3098","product","type-product","status-publish","has-post-thumbnail","hentry","pcategory-cooling-towerdrift-eliminator"],"acf":[],"yoast_head":"<!-- This site is optimized with the Yoast SEO plugin v27.4 - https:\/\/yoast.com\/product\/yoast-seo-wordpress\/ -->\n<title>Cooling Tower Drift Eliminator<\/title>\n<meta name=\"robots\" content=\"index, follow, max-snippet:-1, max-image-preview:large, max-video-preview:-1\" \/>\n<link rel=\"canonical\" href=\"https:\/\/cpxzx.com\/tr\/urun\/cooling-tower-drift-eliminator\/\" \/>\n<meta property=\"og:locale\" content=\"tr_TR\" \/>\n<meta property=\"og:type\" content=\"article\" \/>\n<meta property=\"og:title\" content=\"Cooling Tower Drift Eliminator\" \/>\n<meta property=\"og:description\" content=\"A cooling tower drift eliminator is an essential component designed to minimize water loss and protect both equipment and the environment. During cooling tower operation, air movement can carry small water droplets, known as drift, out of the system. These droplets may contain dissolved minerals, treatment chemicals, and microorganisms that can cause corrosion, scaling, or health risks. The drift eliminator captures and removes these droplets from the air stream, directing the water back into the tower and reducing drift emissions to extremely low levels.  Drift eliminators work on the principle of inertial separation. As the airflow passes through multi-angled passages, droplets are forced to change direction, collide with surfaces, and coalesce. The collected water then returns to the circulating system by gravity, ensuring effective water recovery without significantly increasing air resistance.\" \/>\n<meta property=\"og:url\" content=\"https:\/\/cpxzx.com\/tr\/urun\/cooling-tower-drift-eliminator\/\" \/>\n<meta property=\"og:site_name\" content=\"Cooling Tower Fill, China PVC Fills Manufacturer\" \/>\n<meta property=\"og:image\" content=\"https:\/\/cpxzx.com\/wp-content\/uploads\/2025\/09\/cooling-tower.jpg\" \/>\n\t<meta property=\"og:image:width\" content=\"550\" \/>\n\t<meta property=\"og:image:height\" content=\"550\" \/>\n\t<meta property=\"og:image:type\" content=\"image\/jpeg\" \/>\n<meta name=\"twitter:card\" content=\"summary_large_image\" \/>\n<meta name=\"twitter:label1\" content=\"Tahmini okuma s\u00fcresi\" \/>\n\t<meta name=\"twitter:data1\" content=\"2 dakika\" \/>\n<script type=\"application\/ld+json\" class=\"yoast-schema-graph\">{\"@context\":\"https:\\\/\\\/schema.org\",\"@graph\":[{\"@type\":\"WebPage\",\"@id\":\"https:\\\/\\\/cpxzx.com\\\/product\\\/cooling-tower-drift-eliminator\\\/\",\"url\":\"https:\\\/\\\/cpxzx.com\\\/product\\\/cooling-tower-drift-eliminator\\\/\",\"name\":\"Cooling Tower Drift Eliminator\",\"isPartOf\":{\"@id\":\"https:\\\/\\\/cpxzx.com\\\/#website\"},\"primaryImageOfPage\":{\"@id\":\"https:\\\/\\\/cpxzx.com\\\/product\\\/cooling-tower-drift-eliminator\\\/#primaryimage\"},\"image\":{\"@id\":\"https:\\\/\\\/cpxzx.com\\\/product\\\/cooling-tower-drift-eliminator\\\/#primaryimage\"},\"thumbnailUrl\":\"https:\\\/\\\/cpxzx.com\\\/wp-content\\\/uploads\\\/2025\\\/09\\\/cooling-tower.jpg\",\"datePublished\":\"2025-09-29T04:57:51+00:00\",\"breadcrumb\":{\"@id\":\"https:\\\/\\\/cpxzx.com\\\/product\\\/cooling-tower-drift-eliminator\\\/#breadcrumb\"},\"inLanguage\":\"tr\",\"potentialAction\":[{\"@type\":\"ReadAction\",\"target\":[\"https:\\\/\\\/cpxzx.com\\\/product\\\/cooling-tower-drift-eliminator\\\/\"]}]},{\"@type\":\"ImageObject\",\"inLanguage\":\"tr\",\"@id\":\"https:\\\/\\\/cpxzx.com\\\/product\\\/cooling-tower-drift-eliminator\\\/#primaryimage\",\"url\":\"https:\\\/\\\/cpxzx.com\\\/wp-content\\\/uploads\\\/2025\\\/09\\\/cooling-tower.jpg\",\"contentUrl\":\"https:\\\/\\\/cpxzx.com\\\/wp-content\\\/uploads\\\/2025\\\/09\\\/cooling-tower.jpg\",\"width\":550,\"height\":550,\"caption\":\"cooling-tower\"},{\"@type\":\"BreadcrumbList\",\"@id\":\"https:\\\/\\\/cpxzx.com\\\/product\\\/cooling-tower-drift-eliminator\\\/#breadcrumb\",\"itemListElement\":[{\"@type\":\"ListItem\",\"position\":1,\"name\":\"Home\",\"item\":\"https:\\\/\\\/cpxzx.com\\\/\"},{\"@type\":\"ListItem\",\"position\":2,\"name\":\"Cooling Tower Drift Eliminator\",\"item\":\"https:\\\/\\\/cpxzx.com\\\/pcategory\\\/cooling-towerdrift-eliminator\\\/\"},{\"@type\":\"ListItem\",\"position\":3,\"name\":\"Cooling Tower Drift Eliminator\"}]},{\"@type\":\"WebSite\",\"@id\":\"https:\\\/\\\/cpxzx.com\\\/#website\",\"url\":\"https:\\\/\\\/cpxzx.com\\\/\",\"name\":\"Cooling Tower Fill, China PVC Fills Manufacturer\",\"description\":\"\",\"publisher\":{\"@id\":\"https:\\\/\\\/cpxzx.com\\\/#organization\"},\"potentialAction\":[{\"@type\":\"SearchAction\",\"target\":{\"@type\":\"EntryPoint\",\"urlTemplate\":\"https:\\\/\\\/cpxzx.com\\\/?s={search_term_string}\"},\"query-input\":{\"@type\":\"PropertyValueSpecification\",\"valueRequired\":true,\"valueName\":\"search_term_string\"}}],\"inLanguage\":\"tr\"},{\"@type\":\"Organization\",\"@id\":\"https:\\\/\\\/cpxzx.com\\\/#organization\",\"name\":\"Cooling Tower Fill, China PVC Fills Manufacturer\",\"url\":\"https:\\\/\\\/cpxzx.com\\\/\",\"logo\":{\"@type\":\"ImageObject\",\"inLanguage\":\"tr\",\"@id\":\"https:\\\/\\\/cpxzx.com\\\/#\\\/schema\\\/logo\\\/image\\\/\",\"url\":\"https:\\\/\\\/cpxzx.com\\\/wp-content\\\/uploads\\\/2025\\\/07\\\/1751628807-logo.png\",\"contentUrl\":\"https:\\\/\\\/cpxzx.com\\\/wp-content\\\/uploads\\\/2025\\\/07\\\/1751628807-logo.png\",\"width\":383,\"height\":87,\"caption\":\"Cooling Tower Fill, China PVC Fills Manufacturer\"},\"image\":{\"@id\":\"https:\\\/\\\/cpxzx.com\\\/#\\\/schema\\\/logo\\\/image\\\/\"}}]}<\/script>\n<!-- \/ Yoast SEO plugin. -->","yoast_head_json":{"title":"So\u011futma Kulesi S\u00fcr\u00fcklenme \u00d6nleyici","robots":{"index":"index","follow":"follow","max-snippet":"max-snippet:-1","max-image-preview":"max-image-preview:large","max-video-preview":"max-video-preview:-1"},"canonical":"https:\/\/cpxzx.com\/tr\/urun\/cooling-tower-drift-eliminator\/","og_locale":"tr_TR","og_type":"article","og_title":"Cooling Tower Drift Eliminator","og_description":"A cooling tower drift eliminator is an essential component designed to minimize water loss and protect both equipment and the environment. During cooling tower operation, air movement can carry small water droplets, known as drift, out of the system. These droplets may contain dissolved minerals, treatment chemicals, and microorganisms that can cause corrosion, scaling, or health risks. The drift eliminator captures and removes these droplets from the air stream, directing the water back into the tower and reducing drift emissions to extremely low levels.  Drift eliminators work on the principle of inertial separation. As the airflow passes through multi-angled passages, droplets are forced to change direction, collide with surfaces, and coalesce. The collected water then returns to the circulating system by gravity, ensuring effective water recovery without significantly increasing air resistance.","og_url":"https:\/\/cpxzx.com\/tr\/urun\/cooling-tower-drift-eliminator\/","og_site_name":"Cooling Tower Fill, China PVC Fills Manufacturer","og_image":[{"width":550,"height":550,"url":"https:\/\/cpxzx.com\/wp-content\/uploads\/2025\/09\/cooling-tower.jpg","type":"image\/jpeg"}],"twitter_card":"summary_large_image","twitter_misc":{"Tahmini okuma s\u00fcresi":"2 dakika"},"schema":{"@context":"https:\/\/schema.org","@graph":[{"@type":"WebPage","@id":"https:\/\/cpxzx.com\/product\/cooling-tower-drift-eliminator\/","url":"https:\/\/cpxzx.com\/product\/cooling-tower-drift-eliminator\/","name":"So\u011futma Kulesi S\u00fcr\u00fcklenme \u00d6nleyici","isPartOf":{"@id":"https:\/\/cpxzx.com\/#website"},"primaryImageOfPage":{"@id":"https:\/\/cpxzx.com\/product\/cooling-tower-drift-eliminator\/#primaryimage"},"image":{"@id":"https:\/\/cpxzx.com\/product\/cooling-tower-drift-eliminator\/#primaryimage"},"thumbnailUrl":"https:\/\/cpxzx.com\/wp-content\/uploads\/2025\/09\/cooling-tower.jpg","datePublished":"2025-09-29T04:57:51+00:00","breadcrumb":{"@id":"https:\/\/cpxzx.com\/product\/cooling-tower-drift-eliminator\/#breadcrumb"},"inLanguage":"tr","potentialAction":[{"@type":"ReadAction","target":["https:\/\/cpxzx.com\/product\/cooling-tower-drift-eliminator\/"]}]},{"@type":"ImageObject","inLanguage":"tr","@id":"https:\/\/cpxzx.com\/product\/cooling-tower-drift-eliminator\/#primaryimage","url":"https:\/\/cpxzx.com\/wp-content\/uploads\/2025\/09\/cooling-tower.jpg","contentUrl":"https:\/\/cpxzx.com\/wp-content\/uploads\/2025\/09\/cooling-tower.jpg","width":550,"height":550,"caption":"cooling-tower"},{"@type":"BreadcrumbList","@id":"https:\/\/cpxzx.com\/product\/cooling-tower-drift-eliminator\/#breadcrumb","itemListElement":[{"@type":"ListItem","position":1,"name":"Home","item":"https:\/\/cpxzx.com\/"},{"@type":"ListItem","position":2,"name":"Cooling Tower Drift Eliminator","item":"https:\/\/cpxzx.com\/pcategory\/cooling-towerdrift-eliminator\/"},{"@type":"ListItem","position":3,"name":"Cooling Tower Drift Eliminator"}]},{"@type":"WebSite","@id":"https:\/\/cpxzx.com\/#website","url":"https:\/\/cpxzx.com\/","name":"So\u011futma Kulesi Dolgusu, \u00c7in PVC Dolgular \u00dcretici","description":"","publisher":{"@id":"https:\/\/cpxzx.com\/#organization"},"potentialAction":[{"@type":"SearchAction","target":{"@type":"EntryPoint","urlTemplate":"https:\/\/cpxzx.com\/?s={search_term_string}"},"query-input":{"@type":"PropertyValueSpecification","valueRequired":true,"valueName":"search_term_string"}}],"inLanguage":"tr"},{"@type":"Organization","@id":"https:\/\/cpxzx.com\/#organization","name":"So\u011futma Kulesi Dolgusu, \u00c7in PVC Dolgular \u00dcretici","url":"https:\/\/cpxzx.com\/","logo":{"@type":"ImageObject","inLanguage":"tr","@id":"https:\/\/cpxzx.com\/#\/schema\/logo\/image\/","url":"https:\/\/cpxzx.com\/wp-content\/uploads\/2025\/07\/1751628807-logo.png","contentUrl":"https:\/\/cpxzx.com\/wp-content\/uploads\/2025\/07\/1751628807-logo.png","width":383,"height":87,"caption":"Cooling Tower Fill, China PVC Fills Manufacturer"},"image":{"@id":"https:\/\/cpxzx.com\/#\/schema\/logo\/image\/"}}]}},"taxonomy_info":{"pcategory":[{"value":16,"label":"Cooling Tower Drift Eliminator"}]},"featured_image_src_large":["https:\/\/cpxzx.com\/wp-content\/uploads\/2025\/09\/cooling-tower.jpg",550,550,false],"author_info":[],"comment_info":"","_links":{"self":[{"href":"https:\/\/cpxzx.com\/tr\/wp-json\/wp\/v2\/product\/3098","targetHints":{"allow":["GET"]}}],"collection":[{"href":"https:\/\/cpxzx.com\/tr\/wp-json\/wp\/v2\/product"}],"about":[{"href":"https:\/\/cpxzx.com\/tr\/wp-json\/wp\/v2\/types\/product"}],"wp:featuredmedia":[{"embeddable":true,"href":"https:\/\/cpxzx.com\/tr\/wp-json\/wp\/v2\/media\/3103"}],"wp:attachment":[{"href":"https:\/\/cpxzx.com\/tr\/wp-json\/wp\/v2\/media?parent=3098"}],"wp:term":[{"taxonomy":"pcategory","embeddable":true,"href":"https:\/\/cpxzx.com\/tr\/wp-json\/wp\/v2\/pcategory?post=3098"},{"taxonomy":"ptag","embeddable":true,"href":"https:\/\/cpxzx.com\/tr\/wp-json\/wp\/v2\/ptag?post=3098"}],"curies":[{"name":"wp","href":"https:\/\/api.w.org\/{rel}","templated":true}]}}