{"id":3077,"date":"2025-09-23T06:12:11","date_gmt":"2025-09-23T06:12:11","guid":{"rendered":"https:\/\/cpxzx.com\/?post_type=product&#038;p=3077"},"modified":"2025-09-23T06:12:11","modified_gmt":"2025-09-23T06:12:11","slug":"99-inert-alumina-ceramic-ball","status":"publish","type":"product","link":"https:\/\/cpxzx.com\/tr\/urun\/99-inert-alumina-ceramic-ball\/","title":{"rendered":"99% AL\u2082O\u2083 \u0130nert Al\u00fcmina Seramik Bilye"},"content":{"rendered":"<p>Al\u00fcmina seramik \u00f6\u011f\u00fctme bilyeleri, kataliz\u00f6r deste\u011fi, kule paketleme ve \u00f6\u011f\u00fctme uygulamalar\u0131nda kullan\u0131lmak \u00fczere tasarlanm\u0131\u015f y\u00fcksek performansl\u0131 ortamlard\u0131r. Y\u00fcksek safl\u0131kta al\u00fcmina oksitten \u00fcretilen bu bilyalar m\u00fckemmel sertlik, d\u00fc\u015f\u00fck a\u015f\u0131nma oran\u0131 ve g\u00fcvenilir kimyasal stabilite sa\u011flar.<\/p>\n<p>Al\u00fcmina oksit bilyalar petrol ar\u0131tma, g\u00fcbre tesisleri, do\u011fal gaz i\u015fleme ve \u00e7evre koruma end\u00fcstrilerinde yayg\u0131n olarak kullan\u0131lmaktad\u0131r. Y\u00fcksek s\u0131cakl\u0131k, bas\u0131n\u00e7 ve a\u015f\u0131nd\u0131r\u0131c\u0131 kimyasallara kar\u015f\u0131 diren\u00e7leri, onlar\u0131 zorlu end\u00fcstriyel ortamlarda uzun s\u00fcreli kullan\u0131m i\u00e7in ideal hale getirir.<\/p>\n<p>\u00c7ok y\u00f6nl\u00fc bir malzeme olan al\u00fcmina bilye, sadece etkili kataliz\u00f6r korumas\u0131 ve d\u00fczg\u00fcn s\u0131v\u0131 da\u011f\u0131l\u0131m\u0131 sa\u011flamakla kalmaz, ayn\u0131 zamanda seramik, kimya ve mineral end\u00fcstrilerinde dayan\u0131kl\u0131 bir \u00f6\u011f\u00fctme ortam\u0131 olarak da hizmet eder.<\/p>\n<h2>Anahtar Uygulamalar<\/h2>\n<ul>\n<li>Petrol rafinasyonu ve petrokimya \u00fcnitelerinde kataliz\u00f6r deste\u011fi ve kataliz\u00f6r yata\u011f\u0131 korumas\u0131<\/li>\n<li>Gaz ve s\u0131v\u0131 kontakt\u00f6rleri i\u00e7in rastgele paketleme ve kule dolumu<\/li>\n<li>Y\u00fcksek s\u0131cakl\u0131k reformerleri ve amonyak sentezi destek katmanlar\u0131<\/li>\n<li>Do\u011fal gaz ar\u0131tma, des\u00fclf\u00fcrizasyon ve \u00e7evre koruma tesisleri<\/li>\n<li>\u00c7e\u015fitli katalitik reakt\u00f6rlerde ak\u0131\u015fkan da\u011f\u0131t\u0131c\u0131 ve destek ortam\u0131<\/li>\n<\/ul>\n<h2>Kimyasal Bile\u015fim<\/h2>\n<table>\n<thead>\n<tr>\n<th>Bile\u015fen<\/th>\n<th>Tipik \u0130\u00e7erik<\/th>\n<\/tr>\n<\/thead>\n<tbody>\n<tr>\n<td>Al\u2082O\u2083 (Al\u00fcmina)<\/td>\n<td>\u2265 99,0%<\/td>\n<\/tr>\n<tr>\n<td>SiO\u2082 (Silika)<\/td>\n<td>&lt; 0,1-0,2%<\/td>\n<\/tr>\n<tr>\n<td>Fe\u2082O\u2083 (Demir oksit)<\/td>\n<td>&lt; 0,1-0,2%<\/td>\n<\/tr>\n<tr>\n<td>Di\u011fer safs\u0131zl\u0131klar (MgO, CaO, TiO\u2082, Na\u2082O, K\u2082O)<\/td>\n<td>\u0130z<\/td>\n<\/tr>\n<\/tbody>\n<\/table>\n<h2>Fiziksel ve Performans \u00d6zellikleri<\/h2>\n<table>\n<thead>\n<tr>\n<th>M\u00fclkiyet<\/th>\n<th>Tipik De\u011fer \/ Aral\u0131k<\/th>\n<\/tr>\n<\/thead>\n<tbody>\n<tr>\n<td>Y\u0131\u011f\u0131n \/ G\u00f6r\u00fcn\u00fcr Yo\u011funluk<\/td>\n<td>\u2248 1,9 - 2,2 g\/cm\u00b3<\/td>\n<\/tr>\n<tr>\n<td>Ger\u00e7ek Yo\u011funluk<\/td>\n<td>&gt; 3,6 g\/cm\u00b3<\/td>\n<\/tr>\n<tr>\n<td>Su Emme<\/td>\n<td>\u2264 4% (tipik olarak \u00e7ok d\u00fc\u015f\u00fck)<\/td>\n<\/tr>\n<tr>\n<td>Maksimum Servis S\u0131cakl\u0131\u011f\u0131<\/td>\n<td>~1550 - 1650 \u00b0C (daha y\u00fcksek kaliteler mevcuttur)<\/td>\n<\/tr>\n<tr>\n<td>Mekanik Dayan\u0131m<\/td>\n<td>Y\u00fcksek; d\u00fc\u015f\u00fck ufalanabilirlik, m\u00fckemmel ezilme direnci<\/td>\n<\/tr>\n<tr>\n<td>Kimyasal Diren\u00e7<\/td>\n<td>Asitlere, alkalilere ve \u00e7o\u011fu organik \u00e7\u00f6z\u00fcc\u00fcye kar\u015f\u0131 m\u00fckemmel<\/td>\n<\/tr>\n<tr>\n<td>Termal \u015eok Direnci<\/td>\n<td>\u0130yi - h\u0131zl\u0131 s\u0131cakl\u0131k de\u011fi\u015fimleri alt\u0131nda kararl\u0131<\/td>\n<\/tr>\n<tr>\n<td>Mohs Sertli\u011fi<\/td>\n<td>~8 - 9<\/td>\n<\/tr>\n<\/tbody>\n<\/table>\n<h2>Mevcut Boyutlar ve Toleranslar<\/h2>\n<p>Standart \u00e7aplar (mm): 3, 6, 9-10, 13, 19, 25, 38, 50. \u00d6zel boyutlar ve daha dar toleranslar istek \u00fczerine mevcuttur.<\/p>\n<h2>Ana \u00d6zellikler ve Faydalar<\/h2>\n<ul>\n<li><strong>Y\u00fcksek safl\u0131k (\u226599% Al\u2082O\u2083)<\/strong> - kontaminasyonu en aza indirir ve kataliz\u00f6r zehirlenmesini \u00f6nler.<\/li>\n<li><strong>\u00dcst\u00fcn termal kararl\u0131l\u0131k<\/strong> - a\u015f\u0131r\u0131 y\u00fcksek s\u0131cakl\u0131k uygulamalar\u0131 i\u00e7in uygundur.<\/li>\n<li><strong>M\u00fckemmel kimyasal inertlik<\/strong> - Asitlere, alkalilere ve yayg\u0131n \u00e7\u00f6z\u00fcc\u00fclere kar\u015f\u0131 dayan\u0131kl\u0131d\u0131r.<\/li>\n<li><strong>D\u00fc\u015f\u00fck su emilimi ve d\u00fc\u015f\u00fck g\u00f6zeneklilik<\/strong> - istenmeyen adsorpsiyon ve faz de\u011fi\u015fimi etkilerini azalt\u0131r.<\/li>\n<li><strong>Y\u00fcksek mekanik dayan\u0131m<\/strong> - ak\u0131\u015fkan ak\u0131\u015f\u0131 ve y\u00fckleme ko\u015fullar\u0131 alt\u0131nda uzun hizmet \u00f6mr\u00fc.<\/li>\n<li><strong>\u00c7ok y\u00f6nl\u00fc boyutland\u0131rma<\/strong> - dolgulu yataklarda ve da\u011f\u0131t\u0131c\u0131 sistemlerde farkl\u0131 katmanlar i\u00e7in optimize edilmi\u015ftir.<\/li>\n<\/ul>\n<h2>Tipik Kullan\u0131mlar ve Kurulum Notlar\u0131<\/h2>\n<ol>\n<li>Kataliz\u00f6r kayb\u0131n\u0131 ve erozyonu \u00f6nlemek i\u00e7in aktif kataliz\u00f6r yataklar\u0131nda \u00fcst\/alt destek veya koruyucu tabaka olarak kullan\u0131n.<\/li>\n<li>Dolgulu kulelerde, dolgulu yatak bas\u0131n\u00e7 d\u00fc\u015f\u00fc\u015f\u00fcn\u00fc ve ak\u0131\u015f da\u011f\u0131l\u0131m\u0131n\u0131 kontrol etmek i\u00e7in boyut da\u011f\u0131l\u0131m\u0131n\u0131 se\u00e7in.<\/li>\n<li>Proses silika a\u00e7\u0131s\u0131ndan son derece hassas oldu\u011funda veya ultra d\u00fc\u015f\u00fck safs\u0131zl\u0131k gerektirdi\u011finde, sat\u0131n almadan \u00f6nce eser element spesifikasyonlar\u0131n\u0131 do\u011frulay\u0131n.<\/li>\n<li>Y\u00fczey ufalanmas\u0131n\u0131 \u00f6nlemek i\u00e7in ta\u015f\u0131ma ve kurulum s\u0131ras\u0131nda y\u00fcksek darbeli y\u00fcklemeden ka\u00e7\u0131n\u0131n.<\/li>\n<\/ol>\n<h2>Paketleme ve Nakliye<\/h2>\n<p>Standart paketleme se\u00e7enekleri:<\/p>\n<ul>\n<li>Paletler \u00fczerinde dokuma torbalar (i\u00e7 plastik astar)<\/li>\n<li>Tonajl\u0131 sevkiyatlar i\u00e7in d\u00f6kme big-bag'ler (FIBC'ler)<\/li>\n<li>Daha k\u00fc\u00e7\u00fck veya y\u00fcksek de\u011ferli partiler i\u00e7in ah\u015fap kasalar veya \u00e7elik variller<\/li>\n<\/ul>\n<p>Uluslararas\u0131 sevkiyat gerekliliklerine uygun \u00f6zel i\u015faretleme, malzeme sertifikalar\u0131 ve ambalajlar talep \u00fczerine temin edilebilir.<\/p>","protected":false},"excerpt":{"rendered":"<p>99% AL\u2082O\u2083 inert al\u00fcmina seramik bilye, birinci s\u0131n\u0131f al\u00fcmina tozlar\u0131ndan \u00fcretilen ve y\u00fcksek s\u0131cakl\u0131kta pi\u015firilen y\u00fcksek safl\u0131kta, y\u00fcksek mukavemetli bir seramik ortamd\u0131r. Kimyasal kulelerde, reformerlerde, gaz ar\u0131tma \u00fcnitelerinde ve di\u011fer y\u00fcksek s\u0131cakl\u0131kl\u0131, a\u015f\u0131nd\u0131r\u0131c\u0131 end\u00fcstriyel ortamlarda kataliz\u00f6r destek ortam\u0131, rastgele paketleme ve koruyucu katmanlar olarak yayg\u0131n \u015fekilde kullan\u0131l\u0131r. \u00dcr\u00fcn m\u00fckemmel termal stabilite, d\u00fc\u015f\u00fck su emilimi, asitlere ve alkalilere kar\u015f\u0131 g\u00fc\u00e7l\u00fc diren\u00e7 ve ola\u011fan\u00fcst\u00fc mekanik mukavemet sunar.<\/p>","protected":false},"featured_media":3078,"parent":0,"template":"","meta":{"_acf_changed":false,"_kad_blocks_custom_css":"","_kad_blocks_head_custom_js":"","_kad_blocks_body_custom_js":"","_kad_blocks_footer_custom_js":"","_kadence_starter_templates_imported_post":false,"_kad_post_transparent":"default","_kad_post_title":"","_kad_post_layout":"default","_kad_post_sidebar_id":"","_kad_post_content_style":"default","_kad_post_vertical_padding":"default","_kad_post_feature":"","_kad_post_feature_position":"","_kad_post_header":false,"_kad_post_footer":false},"pcategory":[27],"ptag":[],"class_list":["post-3077","product","type-product","status-publish","has-post-thumbnail","hentry","pcategory-ceramic-balls"],"acf":[],"yoast_head":"<!-- This site is optimized with the Yoast SEO plugin v27.4 - https:\/\/yoast.com\/product\/yoast-seo-wordpress\/ -->\n<title>99% AL\u2082O\u2083 Inert Alumina Ceramic Ball<\/title>\n<meta name=\"robots\" content=\"index, follow, max-snippet:-1, max-image-preview:large, max-video-preview:-1\" \/>\n<link rel=\"canonical\" href=\"https:\/\/cpxzx.com\/tr\/urun\/99-inert-alumina-ceramic-ball\/\" \/>\n<meta property=\"og:locale\" content=\"tr_TR\" \/>\n<meta property=\"og:type\" content=\"article\" \/>\n<meta property=\"og:title\" content=\"99% AL\u2082O\u2083 Inert Alumina Ceramic Ball\" \/>\n<meta property=\"og:description\" content=\"The 99% AL\u2082O\u2083 inert alumina ceramic ball is a high-purity, high-strength ceramic media manufactured from premium alumina powders and fired at high temperature. It is widely used as catalyst support media, random packing and protective layers in chemical towers, reformers, gas treatment units and other high-temperature, corrosive industrial environments. The product delivers excellent thermal stability, low water absorption, strong resistance to acids and alkalis, and outstanding mechanical strength.\" \/>\n<meta property=\"og:url\" content=\"https:\/\/cpxzx.com\/tr\/urun\/99-inert-alumina-ceramic-ball\/\" \/>\n<meta property=\"og:site_name\" content=\"Cooling Tower Fill, China PVC Fills Manufacturer\" \/>\n<meta property=\"og:image\" content=\"https:\/\/cpxzx.com\/wp-content\/uploads\/2025\/09\/99-Al2O3-Inert-Alumina-Ceramic-Ball.jpg\" \/>\n\t<meta property=\"og:image:width\" content=\"550\" \/>\n\t<meta property=\"og:image:height\" content=\"550\" \/>\n\t<meta property=\"og:image:type\" content=\"image\/jpeg\" \/>\n<meta name=\"twitter:card\" content=\"summary_large_image\" \/>\n<meta name=\"twitter:label1\" content=\"Tahmini okuma s\u00fcresi\" \/>\n\t<meta name=\"twitter:data1\" content=\"3 dakika\" \/>\n<script type=\"application\/ld+json\" class=\"yoast-schema-graph\">{\"@context\":\"https:\\\/\\\/schema.org\",\"@graph\":[{\"@type\":\"WebPage\",\"@id\":\"https:\\\/\\\/cpxzx.com\\\/product\\\/99-inert-alumina-ceramic-ball\\\/\",\"url\":\"https:\\\/\\\/cpxzx.com\\\/product\\\/99-inert-alumina-ceramic-ball\\\/\",\"name\":\"99% AL\u2082O\u2083 Inert Alumina Ceramic Ball\",\"isPartOf\":{\"@id\":\"https:\\\/\\\/cpxzx.com\\\/#website\"},\"primaryImageOfPage\":{\"@id\":\"https:\\\/\\\/cpxzx.com\\\/product\\\/99-inert-alumina-ceramic-ball\\\/#primaryimage\"},\"image\":{\"@id\":\"https:\\\/\\\/cpxzx.com\\\/product\\\/99-inert-alumina-ceramic-ball\\\/#primaryimage\"},\"thumbnailUrl\":\"https:\\\/\\\/cpxzx.com\\\/wp-content\\\/uploads\\\/2025\\\/09\\\/99-Al2O3-Inert-Alumina-Ceramic-Ball.jpg\",\"datePublished\":\"2025-09-23T06:12:11+00:00\",\"breadcrumb\":{\"@id\":\"https:\\\/\\\/cpxzx.com\\\/product\\\/99-inert-alumina-ceramic-ball\\\/#breadcrumb\"},\"inLanguage\":\"tr\",\"potentialAction\":[{\"@type\":\"ReadAction\",\"target\":[\"https:\\\/\\\/cpxzx.com\\\/product\\\/99-inert-alumina-ceramic-ball\\\/\"]}]},{\"@type\":\"ImageObject\",\"inLanguage\":\"tr\",\"@id\":\"https:\\\/\\\/cpxzx.com\\\/product\\\/99-inert-alumina-ceramic-ball\\\/#primaryimage\",\"url\":\"https:\\\/\\\/cpxzx.com\\\/wp-content\\\/uploads\\\/2025\\\/09\\\/99-Al2O3-Inert-Alumina-Ceramic-Ball.jpg\",\"contentUrl\":\"https:\\\/\\\/cpxzx.com\\\/wp-content\\\/uploads\\\/2025\\\/09\\\/99-Al2O3-Inert-Alumina-Ceramic-Ball.jpg\",\"width\":550,\"height\":550,\"caption\":\"99-Al2O3-Inert-Alumina-Ceramic-Ball\"},{\"@type\":\"BreadcrumbList\",\"@id\":\"https:\\\/\\\/cpxzx.com\\\/product\\\/99-inert-alumina-ceramic-ball\\\/#breadcrumb\",\"itemListElement\":[{\"@type\":\"ListItem\",\"position\":1,\"name\":\"Home\",\"item\":\"https:\\\/\\\/cpxzx.com\\\/\"},{\"@type\":\"ListItem\",\"position\":2,\"name\":\"Ceramic Balls\",\"item\":\"https:\\\/\\\/cpxzx.com\\\/pcategory\\\/ceramic-balls\\\/\"},{\"@type\":\"ListItem\",\"position\":3,\"name\":\"99% AL\u2082O\u2083 Inert Alumina Ceramic Ball\"}]},{\"@type\":\"WebSite\",\"@id\":\"https:\\\/\\\/cpxzx.com\\\/#website\",\"url\":\"https:\\\/\\\/cpxzx.com\\\/\",\"name\":\"Cooling Tower Fill, China PVC Fills Manufacturer\",\"description\":\"\",\"publisher\":{\"@id\":\"https:\\\/\\\/cpxzx.com\\\/#organization\"},\"potentialAction\":[{\"@type\":\"SearchAction\",\"target\":{\"@type\":\"EntryPoint\",\"urlTemplate\":\"https:\\\/\\\/cpxzx.com\\\/?s={search_term_string}\"},\"query-input\":{\"@type\":\"PropertyValueSpecification\",\"valueRequired\":true,\"valueName\":\"search_term_string\"}}],\"inLanguage\":\"tr\"},{\"@type\":\"Organization\",\"@id\":\"https:\\\/\\\/cpxzx.com\\\/#organization\",\"name\":\"Cooling Tower Fill, China PVC Fills Manufacturer\",\"url\":\"https:\\\/\\\/cpxzx.com\\\/\",\"logo\":{\"@type\":\"ImageObject\",\"inLanguage\":\"tr\",\"@id\":\"https:\\\/\\\/cpxzx.com\\\/#\\\/schema\\\/logo\\\/image\\\/\",\"url\":\"https:\\\/\\\/cpxzx.com\\\/wp-content\\\/uploads\\\/2025\\\/07\\\/1751628807-logo.png\",\"contentUrl\":\"https:\\\/\\\/cpxzx.com\\\/wp-content\\\/uploads\\\/2025\\\/07\\\/1751628807-logo.png\",\"width\":383,\"height\":87,\"caption\":\"Cooling Tower Fill, China PVC Fills Manufacturer\"},\"image\":{\"@id\":\"https:\\\/\\\/cpxzx.com\\\/#\\\/schema\\\/logo\\\/image\\\/\"}}]}<\/script>\n<!-- \/ Yoast SEO plugin. -->","yoast_head_json":{"title":"99% AL\u2082O\u2083 \u0130nert Al\u00fcmina Seramik Bilye","robots":{"index":"index","follow":"follow","max-snippet":"max-snippet:-1","max-image-preview":"max-image-preview:large","max-video-preview":"max-video-preview:-1"},"canonical":"https:\/\/cpxzx.com\/tr\/urun\/99-inert-alumina-ceramic-ball\/","og_locale":"tr_TR","og_type":"article","og_title":"99% AL\u2082O\u2083 Inert Alumina Ceramic Ball","og_description":"The 99% AL\u2082O\u2083 inert alumina ceramic ball is a high-purity, high-strength ceramic media manufactured from premium alumina powders and fired at high temperature. It is widely used as catalyst support media, random packing and protective layers in chemical towers, reformers, gas treatment units and other high-temperature, corrosive industrial environments. The product delivers excellent thermal stability, low water absorption, strong resistance to acids and alkalis, and outstanding mechanical strength.","og_url":"https:\/\/cpxzx.com\/tr\/urun\/99-inert-alumina-ceramic-ball\/","og_site_name":"Cooling Tower Fill, China PVC Fills Manufacturer","og_image":[{"width":550,"height":550,"url":"https:\/\/cpxzx.com\/wp-content\/uploads\/2025\/09\/99-Al2O3-Inert-Alumina-Ceramic-Ball.jpg","type":"image\/jpeg"}],"twitter_card":"summary_large_image","twitter_misc":{"Tahmini okuma s\u00fcresi":"3 dakika"},"schema":{"@context":"https:\/\/schema.org","@graph":[{"@type":"WebPage","@id":"https:\/\/cpxzx.com\/product\/99-inert-alumina-ceramic-ball\/","url":"https:\/\/cpxzx.com\/product\/99-inert-alumina-ceramic-ball\/","name":"99% AL\u2082O\u2083 \u0130nert Al\u00fcmina Seramik Bilye","isPartOf":{"@id":"https:\/\/cpxzx.com\/#website"},"primaryImageOfPage":{"@id":"https:\/\/cpxzx.com\/product\/99-inert-alumina-ceramic-ball\/#primaryimage"},"image":{"@id":"https:\/\/cpxzx.com\/product\/99-inert-alumina-ceramic-ball\/#primaryimage"},"thumbnailUrl":"https:\/\/cpxzx.com\/wp-content\/uploads\/2025\/09\/99-Al2O3-Inert-Alumina-Ceramic-Ball.jpg","datePublished":"2025-09-23T06:12:11+00:00","breadcrumb":{"@id":"https:\/\/cpxzx.com\/product\/99-inert-alumina-ceramic-ball\/#breadcrumb"},"inLanguage":"tr","potentialAction":[{"@type":"ReadAction","target":["https:\/\/cpxzx.com\/product\/99-inert-alumina-ceramic-ball\/"]}]},{"@type":"ImageObject","inLanguage":"tr","@id":"https:\/\/cpxzx.com\/product\/99-inert-alumina-ceramic-ball\/#primaryimage","url":"https:\/\/cpxzx.com\/wp-content\/uploads\/2025\/09\/99-Al2O3-Inert-Alumina-Ceramic-Ball.jpg","contentUrl":"https:\/\/cpxzx.com\/wp-content\/uploads\/2025\/09\/99-Al2O3-Inert-Alumina-Ceramic-Ball.jpg","width":550,"height":550,"caption":"99-Al2O3-Inert-Alumina-Ceramic-Ball"},{"@type":"BreadcrumbList","@id":"https:\/\/cpxzx.com\/product\/99-inert-alumina-ceramic-ball\/#breadcrumb","itemListElement":[{"@type":"ListItem","position":1,"name":"Home","item":"https:\/\/cpxzx.com\/"},{"@type":"ListItem","position":2,"name":"Ceramic Balls","item":"https:\/\/cpxzx.com\/pcategory\/ceramic-balls\/"},{"@type":"ListItem","position":3,"name":"99% AL\u2082O\u2083 Inert Alumina Ceramic Ball"}]},{"@type":"WebSite","@id":"https:\/\/cpxzx.com\/#website","url":"https:\/\/cpxzx.com\/","name":"So\u011futma Kulesi Dolgusu, \u00c7in PVC Dolgular \u00dcretici","description":"","publisher":{"@id":"https:\/\/cpxzx.com\/#organization"},"potentialAction":[{"@type":"SearchAction","target":{"@type":"EntryPoint","urlTemplate":"https:\/\/cpxzx.com\/?s={search_term_string}"},"query-input":{"@type":"PropertyValueSpecification","valueRequired":true,"valueName":"search_term_string"}}],"inLanguage":"tr"},{"@type":"Organization","@id":"https:\/\/cpxzx.com\/#organization","name":"So\u011futma Kulesi Dolgusu, \u00c7in PVC Dolgular \u00dcretici","url":"https:\/\/cpxzx.com\/","logo":{"@type":"ImageObject","inLanguage":"tr","@id":"https:\/\/cpxzx.com\/#\/schema\/logo\/image\/","url":"https:\/\/cpxzx.com\/wp-content\/uploads\/2025\/07\/1751628807-logo.png","contentUrl":"https:\/\/cpxzx.com\/wp-content\/uploads\/2025\/07\/1751628807-logo.png","width":383,"height":87,"caption":"Cooling Tower Fill, China PVC Fills Manufacturer"},"image":{"@id":"https:\/\/cpxzx.com\/#\/schema\/logo\/image\/"}}]}},"taxonomy_info":{"pcategory":[{"value":27,"label":"Ceramic Balls"}]},"featured_image_src_large":["https:\/\/cpxzx.com\/wp-content\/uploads\/2025\/09\/99-Al2O3-Inert-Alumina-Ceramic-Ball.jpg",550,550,false],"author_info":[],"comment_info":"","_links":{"self":[{"href":"https:\/\/cpxzx.com\/tr\/wp-json\/wp\/v2\/product\/3077","targetHints":{"allow":["GET"]}}],"collection":[{"href":"https:\/\/cpxzx.com\/tr\/wp-json\/wp\/v2\/product"}],"about":[{"href":"https:\/\/cpxzx.com\/tr\/wp-json\/wp\/v2\/types\/product"}],"wp:featuredmedia":[{"embeddable":true,"href":"https:\/\/cpxzx.com\/tr\/wp-json\/wp\/v2\/media\/3078"}],"wp:attachment":[{"href":"https:\/\/cpxzx.com\/tr\/wp-json\/wp\/v2\/media?parent=3077"}],"wp:term":[{"taxonomy":"pcategory","embeddable":true,"href":"https:\/\/cpxzx.com\/tr\/wp-json\/wp\/v2\/pcategory?post=3077"},{"taxonomy":"ptag","embeddable":true,"href":"https:\/\/cpxzx.com\/tr\/wp-json\/wp\/v2\/ptag?post=3077"}],"curies":[{"name":"wp","href":"https:\/\/api.w.org\/{rel}","templated":true}]}}