{"id":3037,"date":"2025-09-18T08:24:40","date_gmt":"2025-09-18T08:24:40","guid":{"rendered":"https:\/\/cpxzx.com\/?post_type=product&#038;p=3037"},"modified":"2025-09-15T08:31:57","modified_gmt":"2025-09-15T08:31:57","slug":"inert-alumina-ceramic-ball","status":"publish","type":"product","link":"https:\/\/cpxzx.com\/tr\/urun\/inert-alumina-ceramic-ball\/","title":{"rendered":"\u0130nert Al\u00fcmina Seramik Bilye - Y\u00fcksek Safl\u0131kta Kataliz\u00f6r Destek Ortam\u0131"},"content":{"rendered":"<p><strong>\u0130nert Al\u00fcmina Seramik Bilyalar<\/strong>Seramik bilyeler, al\u00fcmina seramik bilyeler veya inert seramik bilyeler olarak da adland\u0131r\u0131lan al\u00fcmina seramik bilyeler, end\u00fcstriyel proseslerde kataliz\u00f6r destek ortam\u0131 ve kule ambalaj\u0131 olarak yayg\u0131n \u015fekilde kullan\u0131lmaktad\u0131r. D\u00fc\u015f\u00fck silikon i\u00e7eri\u011fine sahip y\u00fcksek safl\u0131kta al\u00fcmina tozundan yap\u0131l\u0131rlar ve m\u00fckemmel termal stabilite, mekanik mukavemet ve kimyasal diren\u00e7 sa\u011flarlar.<\/p>\n<p>Bu inert al\u00fcmina seramik bilyeler petrol, kimya, g\u00fcbre, do\u011fal gaz ve \u00e7evre koruma end\u00fcstrileri i\u00e7in idealdir. Reakt\u00f6rlerdeki kataliz\u00f6rler i\u00e7in kaplama ve destek malzemesi g\u00f6revi g\u00f6r\u00fcr, \u00fcretim sistemlerinde gazlar\u0131n ve s\u0131v\u0131lar\u0131n da\u011f\u0131l\u0131m\u0131n\u0131 iyile\u015ftirir ve proses verimlili\u011fini art\u0131r\u0131r.<\/p>\n<p>Bu al\u00fcmina seramik bilyelerin temel \u00f6zellikleri aras\u0131nda y\u00fcksek s\u0131cakl\u0131k ve bas\u0131n\u00e7 direnci, d\u00fc\u015f\u00fck su emilimi ve kimyasal stabilite bulunmaktad\u0131r. Asitlerin, alkalilerin ve \u00e7e\u015fitli organik \u00e7\u00f6z\u00fcc\u00fclerin korozyonuna dayanabilir ve end\u00fcstriyel i\u015flemler s\u0131ras\u0131nda termal dalgalanmalar alt\u0131nda dayan\u0131kl\u0131 kalabilirler.<\/p>\n<p>\u0130nert seramik bilyeler ayr\u0131ca kataliz\u00f6rleri kontaminasyondan korumak ve silika kulelerindeki li\u00e7 reaksiyonlar\u0131n\u0131 \u00f6nlemek i\u00e7in tasarlanm\u0131\u015ft\u0131r. \u00c7e\u015fitli kataliz\u00f6r ortamlar\u0131 i\u00e7in destek sa\u011flarken kataliz\u00f6rlerin etkinliklerini ve uzun \u00f6m\u00fcrl\u00fcl\u00fcklerini korumalar\u0131n\u0131 sa\u011flarlar.<\/p>\n<h2>Ana \u00d6zellikler:<\/h2>\n<ul>\n<li>Y\u00fcksek safl\u0131kta al\u00fcmina (\u226599% Al2O3)<\/li>\n<li>M\u00fckemmel mekanik dayan\u0131m ve termal stabilite<\/li>\n<li>D\u00fc\u015f\u00fck su emilimi ve kimyasal stabilite<\/li>\n<li>Asitlere, alkalilere ve organik \u00e7\u00f6z\u00fcc\u00fclere kar\u015f\u0131 korozyona dayan\u0131kl\u0131<\/li>\n<li>Kataliz\u00f6r destek ortam\u0131 ve kule ambalaj\u0131 olarak yayg\u0131n \u015fekilde kullan\u0131l\u0131r<\/li>\n<\/ul>\n<h2>Uygulamalar:<\/h2>\n<ul>\n<li>Petrol rafinasyonu<\/li>\n<li>Kimyasal i\u015fleme<\/li>\n<li>G\u00fcbre \u00fcretimi<\/li>\n<li>Do\u011fal gaz ar\u0131tma<\/li>\n<li>\u00c7evre koruma ve at\u0131k su ar\u0131tma<\/li>\n<\/ul>\n<h2>Avantajlar:<\/h2>\n<ul>\n<li>Reakt\u00f6rlerde gaz ve s\u0131v\u0131 da\u011f\u0131l\u0131m\u0131n\u0131 iyile\u015ftirir<\/li>\n<li>Kataliz\u00f6rleri korur ve kirlenmeyi \u00f6nler<\/li>\n<li>A\u015f\u0131r\u0131 s\u0131cakl\u0131klar ve bas\u0131n\u00e7lar alt\u0131nda y\u00fcksek dayan\u0131kl\u0131l\u0131k<\/li>\n<li>Kataliz\u00f6r \u00f6mr\u00fcn\u00fc ve verimlili\u011fini uzat\u0131r<\/li>\n<li>\u00c7e\u015fitli end\u00fcstriyel reakt\u00f6rler ve kuleler i\u00e7in uygundur<\/li>\n<\/ul>\n<h2>\u00dcr\u00fcn \u00d6zellikleri:<\/h2>\n<table border=\"1\" cellspacing=\"0\" cellpadding=\"5\">\n<tbody>\n<tr>\n<th>\u00d6\u011fe<\/th>\n<th>\u015eartname<\/th>\n<th>Birim<\/th>\n<\/tr>\n<tr>\n<td>Al2O3 \u0130\u00e7eri\u011fi<\/td>\n<td>\u226599%<\/td>\n<td>%<\/td>\n<\/tr>\n<tr>\n<td>\u00c7ap<\/td>\n<td>5-50<\/td>\n<td>mm<\/td>\n<\/tr>\n<tr>\n<td>Y\u0131\u011f\u0131n Yo\u011funlu\u011fu<\/td>\n<td>1.9-2.0<\/td>\n<td>g\/cm\u00b3<\/td>\n<\/tr>\n<tr>\n<td>G\u00f6zeneklilik<\/td>\n<td>\u226410<\/td>\n<td>%<\/td>\n<\/tr>\n<tr>\n<td>Su Emme<\/td>\n<td>\u22640.5<\/td>\n<td>%<\/td>\n<\/tr>\n<tr>\n<td>Maksimum Servis S\u0131cakl\u0131\u011f\u0131<\/td>\n<td>1600<\/td>\n<td>\u00b0C<\/td>\n<\/tr>\n<tr>\n<td>Bas\u0131n\u00e7 Dayan\u0131m\u0131<\/td>\n<td>\u2265200<\/td>\n<td>MPa<\/td>\n<\/tr>\n<\/tbody>\n<\/table>","protected":false},"excerpt":{"rendered":"<p>Seramik toplar, al\u00fcmina seramik toplar veya inert seramik toplar olarak da adland\u0131r\u0131lan \u0130nert Al\u00fcmina Seramik Toplar, end\u00fcstriyel proseslerde kataliz\u00f6r destek ortam\u0131 ve kule ambalaj\u0131 olarak yayg\u0131n \u015fekilde kullan\u0131lmaktad\u0131r. D\u00fc\u015f\u00fck silikon i\u00e7eri\u011fine sahip y\u00fcksek safl\u0131kta al\u00fcmina tozundan yap\u0131lm\u0131\u015ft\u0131r ve m\u00fckemmel termal stabilite, mekanik mukavemet ve kimyasal diren\u00e7 sa\u011flar. Bu inert al\u00fcmina seramik bilyalar idealdir...<\/p>","protected":false},"featured_media":3038,"parent":0,"template":"","meta":{"_acf_changed":false,"_kad_blocks_custom_css":"","_kad_blocks_head_custom_js":"","_kad_blocks_body_custom_js":"","_kad_blocks_footer_custom_js":"","_kadence_starter_templates_imported_post":false,"_kad_post_transparent":"default","_kad_post_title":"","_kad_post_layout":"default","_kad_post_sidebar_id":"","_kad_post_content_style":"default","_kad_post_vertical_padding":"default","_kad_post_feature":"","_kad_post_feature_position":"","_kad_post_header":false,"_kad_post_footer":false},"pcategory":[27],"ptag":[],"class_list":["post-3037","product","type-product","status-publish","has-post-thumbnail","hentry","pcategory-ceramic-balls"],"acf":[],"yoast_head":"<!-- This site is optimized with the Yoast SEO plugin v27.4 - https:\/\/yoast.com\/product\/yoast-seo-wordpress\/ -->\n<title>Inert Alumina Ceramic Ball - High Purity Catalyst Support Media<\/title>\n<meta name=\"robots\" content=\"index, follow, max-snippet:-1, max-image-preview:large, max-video-preview:-1\" \/>\n<link rel=\"canonical\" href=\"https:\/\/cpxzx.com\/tr\/urun\/inert-alumina-ceramic-ball\/\" \/>\n<meta property=\"og:locale\" content=\"tr_TR\" \/>\n<meta property=\"og:type\" content=\"article\" \/>\n<meta property=\"og:title\" content=\"Inert Alumina Ceramic Ball - High Purity Catalyst Support Media\" \/>\n<meta property=\"og:description\" content=\"Inert Alumina Ceramic Balls, also called ceramic balls, alumina ceramic balls, or inert ceramic balls, are widely used as catalyst support media and tower packing in industrial processes. They are made from high-purity alumina powder with low silicon content, providing excellent thermal stability, mechanical strength, and chemical resistance. These inert alumina ceramic balls are ideal...\" \/>\n<meta property=\"og:url\" content=\"https:\/\/cpxzx.com\/tr\/urun\/inert-alumina-ceramic-ball\/\" \/>\n<meta property=\"og:site_name\" content=\"Cooling Tower Fill, China PVC Fills Manufacturer\" \/>\n<meta property=\"og:image\" content=\"https:\/\/cpxzx.com\/wp-content\/uploads\/2025\/09\/Media-Tower-Filling-99-Al2O3-Inert-Alumina-Ceramic-Ball.jpg\" \/>\n\t<meta property=\"og:image:width\" content=\"550\" \/>\n\t<meta property=\"og:image:height\" content=\"550\" \/>\n\t<meta property=\"og:image:type\" content=\"image\/jpeg\" \/>\n<meta name=\"twitter:card\" content=\"summary_large_image\" \/>\n<meta name=\"twitter:label1\" content=\"Tahmini okuma s\u00fcresi\" \/>\n\t<meta name=\"twitter:data1\" content=\"2 dakika\" \/>\n<script type=\"application\/ld+json\" class=\"yoast-schema-graph\">{\"@context\":\"https:\\\/\\\/schema.org\",\"@graph\":[{\"@type\":\"WebPage\",\"@id\":\"https:\\\/\\\/cpxzx.com\\\/product\\\/inert-alumina-ceramic-ball\\\/\",\"url\":\"https:\\\/\\\/cpxzx.com\\\/product\\\/inert-alumina-ceramic-ball\\\/\",\"name\":\"Inert Alumina Ceramic Ball - High Purity Catalyst Support Media\",\"isPartOf\":{\"@id\":\"https:\\\/\\\/cpxzx.com\\\/#website\"},\"primaryImageOfPage\":{\"@id\":\"https:\\\/\\\/cpxzx.com\\\/product\\\/inert-alumina-ceramic-ball\\\/#primaryimage\"},\"image\":{\"@id\":\"https:\\\/\\\/cpxzx.com\\\/product\\\/inert-alumina-ceramic-ball\\\/#primaryimage\"},\"thumbnailUrl\":\"https:\\\/\\\/cpxzx.com\\\/wp-content\\\/uploads\\\/2025\\\/09\\\/Media-Tower-Filling-99-Al2O3-Inert-Alumina-Ceramic-Ball.jpg\",\"datePublished\":\"2025-09-18T08:24:40+00:00\",\"breadcrumb\":{\"@id\":\"https:\\\/\\\/cpxzx.com\\\/product\\\/inert-alumina-ceramic-ball\\\/#breadcrumb\"},\"inLanguage\":\"tr\",\"potentialAction\":[{\"@type\":\"ReadAction\",\"target\":[\"https:\\\/\\\/cpxzx.com\\\/product\\\/inert-alumina-ceramic-ball\\\/\"]}]},{\"@type\":\"ImageObject\",\"inLanguage\":\"tr\",\"@id\":\"https:\\\/\\\/cpxzx.com\\\/product\\\/inert-alumina-ceramic-ball\\\/#primaryimage\",\"url\":\"https:\\\/\\\/cpxzx.com\\\/wp-content\\\/uploads\\\/2025\\\/09\\\/Media-Tower-Filling-99-Al2O3-Inert-Alumina-Ceramic-Ball.jpg\",\"contentUrl\":\"https:\\\/\\\/cpxzx.com\\\/wp-content\\\/uploads\\\/2025\\\/09\\\/Media-Tower-Filling-99-Al2O3-Inert-Alumina-Ceramic-Ball.jpg\",\"width\":550,\"height\":550,\"caption\":\"Media-Tower-Filling-99-Al2O3-Inert-Alumina-Ceramic-Ball\"},{\"@type\":\"BreadcrumbList\",\"@id\":\"https:\\\/\\\/cpxzx.com\\\/product\\\/inert-alumina-ceramic-ball\\\/#breadcrumb\",\"itemListElement\":[{\"@type\":\"ListItem\",\"position\":1,\"name\":\"Home\",\"item\":\"https:\\\/\\\/cpxzx.com\\\/\"},{\"@type\":\"ListItem\",\"position\":2,\"name\":\"Ceramic Balls\",\"item\":\"https:\\\/\\\/cpxzx.com\\\/pcategory\\\/ceramic-balls\\\/\"},{\"@type\":\"ListItem\",\"position\":3,\"name\":\"Inert Alumina Ceramic Ball &#8211; High Purity Catalyst Support Media\"}]},{\"@type\":\"WebSite\",\"@id\":\"https:\\\/\\\/cpxzx.com\\\/#website\",\"url\":\"https:\\\/\\\/cpxzx.com\\\/\",\"name\":\"Cooling Tower Fill, China PVC Fills Manufacturer\",\"description\":\"\",\"publisher\":{\"@id\":\"https:\\\/\\\/cpxzx.com\\\/#organization\"},\"potentialAction\":[{\"@type\":\"SearchAction\",\"target\":{\"@type\":\"EntryPoint\",\"urlTemplate\":\"https:\\\/\\\/cpxzx.com\\\/?s={search_term_string}\"},\"query-input\":{\"@type\":\"PropertyValueSpecification\",\"valueRequired\":true,\"valueName\":\"search_term_string\"}}],\"inLanguage\":\"tr\"},{\"@type\":\"Organization\",\"@id\":\"https:\\\/\\\/cpxzx.com\\\/#organization\",\"name\":\"Cooling Tower Fill, China PVC Fills Manufacturer\",\"url\":\"https:\\\/\\\/cpxzx.com\\\/\",\"logo\":{\"@type\":\"ImageObject\",\"inLanguage\":\"tr\",\"@id\":\"https:\\\/\\\/cpxzx.com\\\/#\\\/schema\\\/logo\\\/image\\\/\",\"url\":\"https:\\\/\\\/cpxzx.com\\\/wp-content\\\/uploads\\\/2025\\\/07\\\/1751628807-logo.png\",\"contentUrl\":\"https:\\\/\\\/cpxzx.com\\\/wp-content\\\/uploads\\\/2025\\\/07\\\/1751628807-logo.png\",\"width\":383,\"height\":87,\"caption\":\"Cooling Tower Fill, China PVC Fills Manufacturer\"},\"image\":{\"@id\":\"https:\\\/\\\/cpxzx.com\\\/#\\\/schema\\\/logo\\\/image\\\/\"}}]}<\/script>\n<!-- \/ Yoast SEO plugin. -->","yoast_head_json":{"title":"\u0130nert Al\u00fcmina Seramik Bilye - Y\u00fcksek Safl\u0131kta Kataliz\u00f6r Destek Ortam\u0131","robots":{"index":"index","follow":"follow","max-snippet":"max-snippet:-1","max-image-preview":"max-image-preview:large","max-video-preview":"max-video-preview:-1"},"canonical":"https:\/\/cpxzx.com\/tr\/urun\/inert-alumina-ceramic-ball\/","og_locale":"tr_TR","og_type":"article","og_title":"Inert Alumina Ceramic Ball - High Purity Catalyst Support Media","og_description":"Inert Alumina Ceramic Balls, also called ceramic balls, alumina ceramic balls, or inert ceramic balls, are widely used as catalyst support media and tower packing in industrial processes. They are made from high-purity alumina powder with low silicon content, providing excellent thermal stability, mechanical strength, and chemical resistance. These inert alumina ceramic balls are ideal...","og_url":"https:\/\/cpxzx.com\/tr\/urun\/inert-alumina-ceramic-ball\/","og_site_name":"Cooling Tower Fill, China PVC Fills Manufacturer","og_image":[{"width":550,"height":550,"url":"https:\/\/cpxzx.com\/wp-content\/uploads\/2025\/09\/Media-Tower-Filling-99-Al2O3-Inert-Alumina-Ceramic-Ball.jpg","type":"image\/jpeg"}],"twitter_card":"summary_large_image","twitter_misc":{"Tahmini okuma s\u00fcresi":"2 dakika"},"schema":{"@context":"https:\/\/schema.org","@graph":[{"@type":"WebPage","@id":"https:\/\/cpxzx.com\/product\/inert-alumina-ceramic-ball\/","url":"https:\/\/cpxzx.com\/product\/inert-alumina-ceramic-ball\/","name":"\u0130nert Al\u00fcmina Seramik Bilye - Y\u00fcksek Safl\u0131kta Kataliz\u00f6r Destek Ortam\u0131","isPartOf":{"@id":"https:\/\/cpxzx.com\/#website"},"primaryImageOfPage":{"@id":"https:\/\/cpxzx.com\/product\/inert-alumina-ceramic-ball\/#primaryimage"},"image":{"@id":"https:\/\/cpxzx.com\/product\/inert-alumina-ceramic-ball\/#primaryimage"},"thumbnailUrl":"https:\/\/cpxzx.com\/wp-content\/uploads\/2025\/09\/Media-Tower-Filling-99-Al2O3-Inert-Alumina-Ceramic-Ball.jpg","datePublished":"2025-09-18T08:24:40+00:00","breadcrumb":{"@id":"https:\/\/cpxzx.com\/product\/inert-alumina-ceramic-ball\/#breadcrumb"},"inLanguage":"tr","potentialAction":[{"@type":"ReadAction","target":["https:\/\/cpxzx.com\/product\/inert-alumina-ceramic-ball\/"]}]},{"@type":"ImageObject","inLanguage":"tr","@id":"https:\/\/cpxzx.com\/product\/inert-alumina-ceramic-ball\/#primaryimage","url":"https:\/\/cpxzx.com\/wp-content\/uploads\/2025\/09\/Media-Tower-Filling-99-Al2O3-Inert-Alumina-Ceramic-Ball.jpg","contentUrl":"https:\/\/cpxzx.com\/wp-content\/uploads\/2025\/09\/Media-Tower-Filling-99-Al2O3-Inert-Alumina-Ceramic-Ball.jpg","width":550,"height":550,"caption":"Media-Tower-Filling-99-Al2O3-Inert-Alumina-Ceramic-Ball"},{"@type":"BreadcrumbList","@id":"https:\/\/cpxzx.com\/product\/inert-alumina-ceramic-ball\/#breadcrumb","itemListElement":[{"@type":"ListItem","position":1,"name":"Home","item":"https:\/\/cpxzx.com\/"},{"@type":"ListItem","position":2,"name":"Ceramic Balls","item":"https:\/\/cpxzx.com\/pcategory\/ceramic-balls\/"},{"@type":"ListItem","position":3,"name":"Inert Alumina Ceramic Ball &#8211; High Purity Catalyst Support Media"}]},{"@type":"WebSite","@id":"https:\/\/cpxzx.com\/#website","url":"https:\/\/cpxzx.com\/","name":"So\u011futma Kulesi Dolgusu, \u00c7in PVC Dolgular \u00dcretici","description":"","publisher":{"@id":"https:\/\/cpxzx.com\/#organization"},"potentialAction":[{"@type":"SearchAction","target":{"@type":"EntryPoint","urlTemplate":"https:\/\/cpxzx.com\/?s={search_term_string}"},"query-input":{"@type":"PropertyValueSpecification","valueRequired":true,"valueName":"search_term_string"}}],"inLanguage":"tr"},{"@type":"Organization","@id":"https:\/\/cpxzx.com\/#organization","name":"So\u011futma Kulesi Dolgusu, \u00c7in PVC Dolgular \u00dcretici","url":"https:\/\/cpxzx.com\/","logo":{"@type":"ImageObject","inLanguage":"tr","@id":"https:\/\/cpxzx.com\/#\/schema\/logo\/image\/","url":"https:\/\/cpxzx.com\/wp-content\/uploads\/2025\/07\/1751628807-logo.png","contentUrl":"https:\/\/cpxzx.com\/wp-content\/uploads\/2025\/07\/1751628807-logo.png","width":383,"height":87,"caption":"Cooling Tower Fill, China PVC Fills Manufacturer"},"image":{"@id":"https:\/\/cpxzx.com\/#\/schema\/logo\/image\/"}}]}},"taxonomy_info":{"pcategory":[{"value":27,"label":"Ceramic Balls"}]},"featured_image_src_large":["https:\/\/cpxzx.com\/wp-content\/uploads\/2025\/09\/Media-Tower-Filling-99-Al2O3-Inert-Alumina-Ceramic-Ball.jpg",550,550,false],"author_info":[],"comment_info":"","_links":{"self":[{"href":"https:\/\/cpxzx.com\/tr\/wp-json\/wp\/v2\/product\/3037","targetHints":{"allow":["GET"]}}],"collection":[{"href":"https:\/\/cpxzx.com\/tr\/wp-json\/wp\/v2\/product"}],"about":[{"href":"https:\/\/cpxzx.com\/tr\/wp-json\/wp\/v2\/types\/product"}],"wp:featuredmedia":[{"embeddable":true,"href":"https:\/\/cpxzx.com\/tr\/wp-json\/wp\/v2\/media\/3038"}],"wp:attachment":[{"href":"https:\/\/cpxzx.com\/tr\/wp-json\/wp\/v2\/media?parent=3037"}],"wp:term":[{"taxonomy":"pcategory","embeddable":true,"href":"https:\/\/cpxzx.com\/tr\/wp-json\/wp\/v2\/pcategory?post=3037"},{"taxonomy":"ptag","embeddable":true,"href":"https:\/\/cpxzx.com\/tr\/wp-json\/wp\/v2\/ptag?post=3037"}],"curies":[{"name":"wp","href":"https:\/\/api.w.org\/{rel}","templated":true}]}}