{"id":3032,"date":"2025-09-17T07:42:58","date_gmt":"2025-09-17T07:42:58","guid":{"rendered":"https:\/\/cpxzx.com\/?post_type=product&#038;p=3032"},"modified":"2025-09-15T07:58:45","modified_gmt":"2025-09-15T07:58:45","slug":"orta-alumina-seramik-bilye","status":"publish","type":"product","link":"https:\/\/cpxzx.com\/tr\/urun\/orta-alumina-seramik-bilye\/","title":{"rendered":"Orta Al\u00fcmina Seramik Toplar 3-10mm - Al\u00fcmina \u00d6\u011f\u00fctme Ortam\u0131 ve \u0130nert Porselen Destek Toplar\u0131"},"content":{"rendered":"<p><strong>Orta Al\u00fcmina Seramik Bilye<\/strong> \u00e7e\u015fitli end\u00fcstriyel uygulamalarda yayg\u0131n olarak kullan\u0131lan y\u00fcksek kaliteli bir \u00f6\u011f\u00fctme ve destek ortam\u0131d\u0131r.<br \/>\nVerimli bir seramik ortam bilyesi t\u00fcr\u00fc olarak, maliyet ve dayan\u0131kl\u0131l\u0131k aras\u0131nda dengeli bir performans sunar.<br \/>\n65% ile 75% aras\u0131nda bir al\u00fcmina i\u00e7eri\u011fine sahip olan Orta Al\u00fcmina Seramik Bilye, d\u00fc\u015f\u00fck al\u00fcmina bilyelere k\u0131yasla daha iyi a\u015f\u0131nma direnci ve kimyasal stabilite sa\u011flarken, y\u00fcksek al\u00fcmina \u00f6\u011f\u00fctme ortam\u0131ndan daha ekonomiktir.<br \/>\nBir\u00e7ok end\u00fcstride al\u00fcmina \u00f6\u011f\u00fctme ortam\u0131 veya al\u00fcmina k\u00fcreler olarak da bilinir.<\/p>\n<p>Orta Al\u00fcmina \u0130nert Seramik Toplar, petrol, kimya m\u00fchendisli\u011fi, g\u00fcbre \u00fcretimi, do\u011fal gaz ve \u00e7evre koruma dahil olmak \u00fczere \u00e7e\u015fitli end\u00fcstrilerde yayg\u0131n olarak kullan\u0131lmaktad\u0131r.<br \/>\nY\u00fcksek kaliteli seramik ortam bilyeleri ve al\u00fcmina \u00f6\u011f\u00fctme ortam\u0131 olarak, reaksiyon kaplar\u0131ndaki kataliz\u00f6rler i\u00e7in kaplama ve destek malzemesi olarak ve kulelerde paketleme olarak hizmet ederler.<br \/>\nBu Orta Al\u00fcmina Seramik Bilyalar kararl\u0131 kimyasal \u00f6zelliklere, d\u00fc\u015f\u00fck su emilimine, y\u00fcksek s\u0131cakl\u0131klara ve y\u00fcksek bas\u0131nca kar\u015f\u0131 m\u00fckemmel dirence ve asitlere, alkalilere ve belirli organik \u00e7\u00f6z\u00fcc\u00fclere kar\u015f\u0131 g\u00fc\u00e7l\u00fc korozyon direncine sahiptir.<br \/>\nEnd\u00fcstriyel prosesler s\u0131ras\u0131nda s\u0131cakl\u0131k dalgalanmalar\u0131na dayanabilirler.<br \/>\n\u0130nert seramik bilyelerin birincil i\u015flevi, d\u00fc\u015f\u00fck mukavemetli aktive edici kataliz\u00f6rleri destekleyip korurken, verimli \u00e7al\u0131\u015fma ve uzun hizmet \u00f6mr\u00fc sa\u011flayarak gaz veya s\u0131v\u0131 da\u011f\u0131l\u0131m\u0131n\u0131 art\u0131rmakt\u0131r.<\/p>\n<h2>\u00d6zellik<\/h2>\n<ul>\n<li>Al\u00fcmina i\u00e7eri\u011fi: 65%-75%, g\u00fc\u00e7 ve maliyet etkinli\u011fi aras\u0131nda bir denge sa\u011flar.<\/li>\n<li>Y\u00fcksek mekanik mukavemet ve iyi a\u015f\u0131nma direnci.<\/li>\n<li>M\u00fckemmel termal stabilite ve korozyon direnci.<\/li>\n<li>P\u00fcr\u00fczs\u00fcz y\u00fczey, ekipman\u0131n daha az a\u015f\u0131nmas\u0131n\u0131 sa\u011flar.<\/li>\n<li>\u00c7e\u015fitli ta\u015flama ve destek uygulamalar\u0131 i\u00e7in \u00e7ok \u00e7e\u015fitli \u00e7aplarda mevcuttur.<\/li>\n<\/ul>\n<h2>\u015eartname<\/h2>\n<table border=\"1\" cellspacing=\"0\" cellpadding=\"8\">\n<tbody>\n<tr>\n<th>M\u00fclkiyet<\/th>\n<th>De\u011fer<\/th>\n<\/tr>\n<tr>\n<td>Al\u00fcmina \u0130\u00e7eri\u011fi (Al2O3)<\/td>\n<td>65%-75%<\/td>\n<\/tr>\n<tr>\n<td>Y\u0131\u011f\u0131n Yo\u011funlu\u011fu<\/td>\n<td>2,2-2,6 g\/cm\u00b3<\/td>\n<\/tr>\n<tr>\n<td>K\u0131rma Dayan\u0131m\u0131<\/td>\n<td>&gt; 4 KN (\u03a630mm i\u00e7in)<\/td>\n<\/tr>\n<tr>\n<td>Su Emme<\/td>\n<td>&lt; 0,5%<\/td>\n<\/tr>\n<tr>\n<td>\u00c7al\u0131\u015fma S\u0131cakl\u0131\u011f\u0131<\/td>\n<td>\u2264 1100\u00b0C<\/td>\n<\/tr>\n<tr>\n<td>Mevcut Boyutlar<\/td>\n<td>\u03a63mm-\u03a650mm<\/td>\n<\/tr>\n<\/tbody>\n<\/table>\n<h2>Ezilme G\u00fcc\u00fc<\/h2>\n<table border=\"1\" cellspacing=\"0\" cellpadding=\"8\">\n<tbody>\n<tr>\n<th>Boyut<\/th>\n<th>Ezilme Dayan\u0131m\u0131 Kgf\/partik\u00fcl<\/th>\n<th>Ezilme Dayan\u0131m\u0131 KN\/partik\u00fcl<\/th>\n<\/tr>\n<tr>\n<td>1\/8\u2033 (3mm)<\/td>\n<td>&gt;40<\/td>\n<td>&gt;0.4<\/td>\n<\/tr>\n<tr>\n<td>1\/4\u2033 (6mm)<\/td>\n<td>&gt;80<\/td>\n<td>&gt;0.8<\/td>\n<\/tr>\n<tr>\n<td>3\/8\u2033 (10mm)<\/td>\n<td>&gt;190<\/td>\n<td>&gt;1.90<\/td>\n<\/tr>\n<tr>\n<td>1\/2\u2033 (13mm)<\/td>\n<td>&gt;580<\/td>\n<td>&gt;5.8<\/td>\n<\/tr>\n<tr>\n<td>3\/4\u2033 (19mm)<\/td>\n<td>&gt;900<\/td>\n<td>&gt;9.0<\/td>\n<\/tr>\n<tr>\n<td>1\u2033 (25mm)<\/td>\n<td>&gt;1200<\/td>\n<td>&gt;12.0<\/td>\n<\/tr>\n<tr>\n<td>1-1\/2\u2033 (38mm)<\/td>\n<td>&gt;1800<\/td>\n<td>&gt;18.0<\/td>\n<\/tr>\n<tr>\n<td>2\u2033 (50mm)<\/td>\n<td>&gt;2150<\/td>\n<td>&gt;21.5<\/td>\n<\/tr>\n<\/tbody>\n<\/table>\n<h2>Boyut ve Tolerans (mm)<\/h2>\n<table border=\"1\" cellspacing=\"0\" cellpadding=\"8\">\n<tbody>\n<tr>\n<th>Boyut<\/th>\n<th>3\/6\/9<\/th>\n<th>9\/13<\/th>\n<th>19\/25\/38<\/th>\n<th>50<\/th>\n<\/tr>\n<tr>\n<td>Ho\u015fg\u00f6r\u00fc<\/td>\n<td>\u00b11.0<\/td>\n<td>\u00b11.5<\/td>\n<td>\u00b12<\/td>\n<td>\u00b12.5<\/td>\n<\/tr>\n<\/tbody>\n<\/table>\n<h2>Avantaj<\/h2>\n<p>D\u00fc\u015f\u00fck al\u00fcminal\u0131 ve y\u00fcksek al\u00fcminal\u0131 \u00f6\u011f\u00fctme malzemeleri ile kar\u015f\u0131la\u015ft\u0131r\u0131ld\u0131\u011f\u0131nda, Orta Al\u00fcminal\u0131 Seramik Bilyalar uygun maliyetli bir \u00e7\u00f6z\u00fcm sa\u011flar<br \/>\nHem performans hem de ekonomik verimlilik gerektiren end\u00fcstriler i\u00e7in. Normal seramik medyaya g\u00f6re daha y\u00fcksek dayan\u0131kl\u0131l\u0131k sa\u011flarlar<br \/>\nPremium al\u00fcmina k\u00fcrelere g\u00f6re daha ekonomiktir. Bu da onlar\u0131 toplu ta\u015flama i\u015flemleri i\u00e7in m\u00fckemmel bir se\u00e7im haline getirir.<\/p>\n<ul>\n<li>Y\u00fcksek al\u00fcmina \u00f6\u011f\u00fctme ortam\u0131na uygun maliyetli alternatif.<\/li>\n<li>\u00d6\u011f\u00fctme verimlili\u011fini art\u0131r\u0131r ve \u00fcretim maliyetlerini d\u00fc\u015f\u00fcr\u00fcr.<\/li>\n<li>Uzun hizmet \u00f6mr\u00fc ve d\u00fc\u015f\u00fck bak\u0131m gereksinimi.<\/li>\n<li>S\u00fcrekli \u00e7al\u0131\u015fma alt\u0131nda istikrarl\u0131 performans.<\/li>\n<\/ul>\n<h2>Uygulama<\/h2>\n<p>Orta Al\u00fcmina Seramik Toplar, seramik ortam toplar\u0131 ve al\u00fcmina \u00f6\u011f\u00fctme ortam\u0131 olarak farkl\u0131 end\u00fcstrilerde yayg\u0131n olarak uygulanmaktad\u0131r.<br \/>\nHem \u00f6\u011f\u00fctme ortam\u0131 hem de kataliz\u00f6r destek malzemesi olarak kullan\u0131l\u0131rlar. Yayg\u0131n uygulamalar \u015funlar\u0131 i\u00e7erir:<\/p>\n<ul>\n<li>\u00c7imento fabrikalar\u0131 - bilyal\u0131 de\u011firmenlerde \u00f6\u011f\u00fctme malzemesi olarak kullan\u0131l\u0131r.<\/li>\n<li>Seramik end\u00fcstrisi - hammadde \u00f6\u011f\u00fctme ve kar\u0131\u015ft\u0131rma.<\/li>\n<li>Kimya end\u00fcstrisi - kataliz\u00f6r deste\u011fi ve kule paketleme.<\/li>\n<li>Madencilik - cevher \u00f6\u011f\u00fctme ve mineral i\u015fleme.<\/li>\n<li>Petrol ve gaz - rafineri s\u00fcre\u00e7lerinde destek ortam\u0131.<\/li>\n<\/ul>\n<h2>Paket<\/h2>\n<p>G\u00fcvenli ta\u015f\u0131ma ve depolama sa\u011flamak i\u00e7in, Orta Al\u00fcmina Seramik Toplar g\u00fc\u00e7l\u00fc dokuma torbalarda, ton torbalarda veya \u00e7elik varillerde paketlenir<br \/>\nm\u00fc\u015fteri ihtiya\u00e7lar\u0131na g\u00f6re. Standart paketleme \u015funlar\u0131 i\u00e7erir:<\/p>\n<ul>\n<li>\u0130\u00e7 plastik astarl\u0131 25 kg'l\u0131k dokuma torba.<\/li>\n<li>Toplu sipari\u015fler i\u00e7in 500kg-1000kg jumbo torba.<\/li>\n<li>\u0130stek \u00fczerine \u00f6zel paketleme mevcuttur.<\/li>\n<\/ul>","protected":false},"excerpt":{"rendered":"<p>65%-75% Al2O3 ile Orta Al\u00fcmina Seramik Bilye, m\u00fckemmel a\u015f\u0131nma direnci, y\u00fcksek mekanik mukavemet ve kimyasal stabilite sunar, bu da onu end\u00fcstriyel uygulamalar i\u00e7in ideal bir se\u00e7im haline getirir. Seramik ortam bilyeleri, al\u00fcmina \u00f6\u011f\u00fctme ortam\u0131 ve al\u00fcmina k\u00fcreler olarak yayg\u0131n \u015fekilde kullan\u0131lan bu \u00fcr\u00fcn, verimli \u00f6\u011f\u00fctme, uzun hizmet \u00f6mr\u00fc ve d\u00fc\u015f\u00fck bak\u0131m maliyetleri sa\u011flar. Bu orta al\u00fcmina bilyalar \u00e7imento de\u011firmenleri, seramik \u00fcretimi, kimyasal i\u015fleme, madencilik ve petrol end\u00fcstrileri i\u00e7in uygundur. P\u00fcr\u00fczs\u00fcz y\u00fczeyleri ekipman a\u015f\u0131nmas\u0131n\u0131 azalt\u0131rken s\u00fcrekli \u00e7al\u0131\u015fma alt\u0131nda istikrarl\u0131 performans\u0131 korur ve d\u00fc\u015f\u00fck ve y\u00fcksek al\u00fcminal\u0131 \u00f6\u011f\u00fctme malzemeleri aras\u0131nda uygun maliyetli bir \u00e7\u00f6z\u00fcm sunar.<\/p>","protected":false},"featured_media":3035,"parent":0,"template":"","meta":{"_acf_changed":false,"_kad_blocks_custom_css":"","_kad_blocks_head_custom_js":"","_kad_blocks_body_custom_js":"","_kad_blocks_footer_custom_js":"","_kadence_starter_templates_imported_post":false,"_kad_post_transparent":"default","_kad_post_title":"","_kad_post_layout":"default","_kad_post_sidebar_id":"","_kad_post_content_style":"default","_kad_post_vertical_padding":"default","_kad_post_feature":"","_kad_post_feature_position":"","_kad_post_header":false,"_kad_post_footer":false},"pcategory":[27],"ptag":[],"class_list":["post-3032","product","type-product","status-publish","has-post-thumbnail","hentry","pcategory-ceramic-balls"],"acf":[],"yoast_head":"<!-- This site is optimized with the Yoast SEO plugin v27.4 - https:\/\/yoast.com\/product\/yoast-seo-wordpress\/ -->\n<title>Mid-Alumina Ceramic Ball<\/title>\n<meta name=\"robots\" content=\"index, follow, max-snippet:-1, max-image-preview:large, max-video-preview:-1\" \/>\n<link rel=\"canonical\" href=\"https:\/\/cpxzx.com\/tr\/urun\/orta-alumina-seramik-bilye\/\" \/>\n<meta property=\"og:locale\" content=\"tr_TR\" \/>\n<meta property=\"og:type\" content=\"article\" \/>\n<meta property=\"og:title\" content=\"Mid-Alumina Ceramic Ball\" \/>\n<meta property=\"og:description\" content=\"Mid-Alumina Ceramic Ball with 65%-75% Al2O3 offers excellent wear resistance, high mechanical strength, and chemical stability, making it an ideal choice for industrial applications. Widely used as ceramic media balls, alumina grinding media, and alumina spheres, it ensures efficient grinding, long service life, and low maintenance costs. These mid-alumina balls are suitable for cement mills, ceramic production, chemical processing, mining, and petroleum industries. Their smooth surface reduces equipment abrasion while maintaining stable performance under continuous operation, providing a cost-effective solution between low and high alumina grinding media.\" \/>\n<meta property=\"og:url\" content=\"https:\/\/cpxzx.com\/tr\/urun\/orta-alumina-seramik-bilye\/\" \/>\n<meta property=\"og:site_name\" content=\"Cooling Tower Fill, China PVC Fills Manufacturer\" \/>\n<meta property=\"og:image\" content=\"https:\/\/cpxzx.com\/wp-content\/uploads\/2025\/09\/Mid-Alumina-Inert-Ceramic-Balls.jpg\" \/>\n\t<meta property=\"og:image:width\" content=\"550\" \/>\n\t<meta property=\"og:image:height\" content=\"550\" \/>\n\t<meta property=\"og:image:type\" content=\"image\/jpeg\" \/>\n<meta name=\"twitter:card\" content=\"summary_large_image\" \/>\n<meta name=\"twitter:label1\" content=\"Tahmini okuma s\u00fcresi\" \/>\n\t<meta name=\"twitter:data1\" content=\"3 dakika\" \/>\n<script type=\"application\/ld+json\" class=\"yoast-schema-graph\">{\"@context\":\"https:\\\/\\\/schema.org\",\"@graph\":[{\"@type\":\"WebPage\",\"@id\":\"https:\\\/\\\/cpxzx.com\\\/product\\\/mid-alumina-ceramic-ball\\\/\",\"url\":\"https:\\\/\\\/cpxzx.com\\\/product\\\/mid-alumina-ceramic-ball\\\/\",\"name\":\"Mid-Alumina Ceramic Ball\",\"isPartOf\":{\"@id\":\"https:\\\/\\\/cpxzx.com\\\/#website\"},\"primaryImageOfPage\":{\"@id\":\"https:\\\/\\\/cpxzx.com\\\/product\\\/mid-alumina-ceramic-ball\\\/#primaryimage\"},\"image\":{\"@id\":\"https:\\\/\\\/cpxzx.com\\\/product\\\/mid-alumina-ceramic-ball\\\/#primaryimage\"},\"thumbnailUrl\":\"https:\\\/\\\/cpxzx.com\\\/wp-content\\\/uploads\\\/2025\\\/09\\\/Mid-Alumina-Inert-Ceramic-Balls.jpg\",\"datePublished\":\"2025-09-17T07:42:58+00:00\",\"breadcrumb\":{\"@id\":\"https:\\\/\\\/cpxzx.com\\\/product\\\/mid-alumina-ceramic-ball\\\/#breadcrumb\"},\"inLanguage\":\"tr\",\"potentialAction\":[{\"@type\":\"ReadAction\",\"target\":[\"https:\\\/\\\/cpxzx.com\\\/product\\\/mid-alumina-ceramic-ball\\\/\"]}]},{\"@type\":\"ImageObject\",\"inLanguage\":\"tr\",\"@id\":\"https:\\\/\\\/cpxzx.com\\\/product\\\/mid-alumina-ceramic-ball\\\/#primaryimage\",\"url\":\"https:\\\/\\\/cpxzx.com\\\/wp-content\\\/uploads\\\/2025\\\/09\\\/Mid-Alumina-Inert-Ceramic-Balls.jpg\",\"contentUrl\":\"https:\\\/\\\/cpxzx.com\\\/wp-content\\\/uploads\\\/2025\\\/09\\\/Mid-Alumina-Inert-Ceramic-Balls.jpg\",\"width\":550,\"height\":550,\"caption\":\"Mid-Alumina Inert Ceramic Balls\"},{\"@type\":\"BreadcrumbList\",\"@id\":\"https:\\\/\\\/cpxzx.com\\\/product\\\/mid-alumina-ceramic-ball\\\/#breadcrumb\",\"itemListElement\":[{\"@type\":\"ListItem\",\"position\":1,\"name\":\"Home\",\"item\":\"https:\\\/\\\/cpxzx.com\\\/\"},{\"@type\":\"ListItem\",\"position\":2,\"name\":\"Ceramic Balls\",\"item\":\"https:\\\/\\\/cpxzx.com\\\/pcategory\\\/ceramic-balls\\\/\"},{\"@type\":\"ListItem\",\"position\":3,\"name\":\"Mid-Alumina Ceramic Balls 3-10mm \u2013 Alumina Grinding Media &#038; Inert Porcelain Support Balls\"}]},{\"@type\":\"WebSite\",\"@id\":\"https:\\\/\\\/cpxzx.com\\\/#website\",\"url\":\"https:\\\/\\\/cpxzx.com\\\/\",\"name\":\"Cooling Tower Fill, China PVC Fills Manufacturer\",\"description\":\"\",\"publisher\":{\"@id\":\"https:\\\/\\\/cpxzx.com\\\/#organization\"},\"potentialAction\":[{\"@type\":\"SearchAction\",\"target\":{\"@type\":\"EntryPoint\",\"urlTemplate\":\"https:\\\/\\\/cpxzx.com\\\/?s={search_term_string}\"},\"query-input\":{\"@type\":\"PropertyValueSpecification\",\"valueRequired\":true,\"valueName\":\"search_term_string\"}}],\"inLanguage\":\"tr\"},{\"@type\":\"Organization\",\"@id\":\"https:\\\/\\\/cpxzx.com\\\/#organization\",\"name\":\"Cooling Tower Fill, China PVC Fills Manufacturer\",\"url\":\"https:\\\/\\\/cpxzx.com\\\/\",\"logo\":{\"@type\":\"ImageObject\",\"inLanguage\":\"tr\",\"@id\":\"https:\\\/\\\/cpxzx.com\\\/#\\\/schema\\\/logo\\\/image\\\/\",\"url\":\"https:\\\/\\\/cpxzx.com\\\/wp-content\\\/uploads\\\/2025\\\/07\\\/1751628807-logo.png\",\"contentUrl\":\"https:\\\/\\\/cpxzx.com\\\/wp-content\\\/uploads\\\/2025\\\/07\\\/1751628807-logo.png\",\"width\":383,\"height\":87,\"caption\":\"Cooling Tower Fill, China PVC Fills Manufacturer\"},\"image\":{\"@id\":\"https:\\\/\\\/cpxzx.com\\\/#\\\/schema\\\/logo\\\/image\\\/\"}}]}<\/script>\n<!-- \/ Yoast SEO plugin. -->","yoast_head_json":{"title":"Orta Al\u00fcmina Seramik Bilye","robots":{"index":"index","follow":"follow","max-snippet":"max-snippet:-1","max-image-preview":"max-image-preview:large","max-video-preview":"max-video-preview:-1"},"canonical":"https:\/\/cpxzx.com\/tr\/urun\/orta-alumina-seramik-bilye\/","og_locale":"tr_TR","og_type":"article","og_title":"Mid-Alumina Ceramic Ball","og_description":"Mid-Alumina Ceramic Ball with 65%-75% Al2O3 offers excellent wear resistance, high mechanical strength, and chemical stability, making it an ideal choice for industrial applications. Widely used as ceramic media balls, alumina grinding media, and alumina spheres, it ensures efficient grinding, long service life, and low maintenance costs. These mid-alumina balls are suitable for cement mills, ceramic production, chemical processing, mining, and petroleum industries. Their smooth surface reduces equipment abrasion while maintaining stable performance under continuous operation, providing a cost-effective solution between low and high alumina grinding media.","og_url":"https:\/\/cpxzx.com\/tr\/urun\/orta-alumina-seramik-bilye\/","og_site_name":"Cooling Tower Fill, China PVC Fills Manufacturer","og_image":[{"width":550,"height":550,"url":"https:\/\/cpxzx.com\/wp-content\/uploads\/2025\/09\/Mid-Alumina-Inert-Ceramic-Balls.jpg","type":"image\/jpeg"}],"twitter_card":"summary_large_image","twitter_misc":{"Tahmini okuma s\u00fcresi":"3 dakika"},"schema":{"@context":"https:\/\/schema.org","@graph":[{"@type":"WebPage","@id":"https:\/\/cpxzx.com\/product\/mid-alumina-ceramic-ball\/","url":"https:\/\/cpxzx.com\/product\/mid-alumina-ceramic-ball\/","name":"Orta Al\u00fcmina Seramik Bilye","isPartOf":{"@id":"https:\/\/cpxzx.com\/#website"},"primaryImageOfPage":{"@id":"https:\/\/cpxzx.com\/product\/mid-alumina-ceramic-ball\/#primaryimage"},"image":{"@id":"https:\/\/cpxzx.com\/product\/mid-alumina-ceramic-ball\/#primaryimage"},"thumbnailUrl":"https:\/\/cpxzx.com\/wp-content\/uploads\/2025\/09\/Mid-Alumina-Inert-Ceramic-Balls.jpg","datePublished":"2025-09-17T07:42:58+00:00","breadcrumb":{"@id":"https:\/\/cpxzx.com\/product\/mid-alumina-ceramic-ball\/#breadcrumb"},"inLanguage":"tr","potentialAction":[{"@type":"ReadAction","target":["https:\/\/cpxzx.com\/product\/mid-alumina-ceramic-ball\/"]}]},{"@type":"ImageObject","inLanguage":"tr","@id":"https:\/\/cpxzx.com\/product\/mid-alumina-ceramic-ball\/#primaryimage","url":"https:\/\/cpxzx.com\/wp-content\/uploads\/2025\/09\/Mid-Alumina-Inert-Ceramic-Balls.jpg","contentUrl":"https:\/\/cpxzx.com\/wp-content\/uploads\/2025\/09\/Mid-Alumina-Inert-Ceramic-Balls.jpg","width":550,"height":550,"caption":"Mid-Alumina Inert Ceramic Balls"},{"@type":"BreadcrumbList","@id":"https:\/\/cpxzx.com\/product\/mid-alumina-ceramic-ball\/#breadcrumb","itemListElement":[{"@type":"ListItem","position":1,"name":"Home","item":"https:\/\/cpxzx.com\/"},{"@type":"ListItem","position":2,"name":"Ceramic Balls","item":"https:\/\/cpxzx.com\/pcategory\/ceramic-balls\/"},{"@type":"ListItem","position":3,"name":"Mid-Alumina Ceramic Balls 3-10mm \u2013 Alumina Grinding Media &#038; Inert Porcelain Support Balls"}]},{"@type":"WebSite","@id":"https:\/\/cpxzx.com\/#website","url":"https:\/\/cpxzx.com\/","name":"So\u011futma Kulesi Dolgusu, \u00c7in PVC Dolgular \u00dcretici","description":"","publisher":{"@id":"https:\/\/cpxzx.com\/#organization"},"potentialAction":[{"@type":"SearchAction","target":{"@type":"EntryPoint","urlTemplate":"https:\/\/cpxzx.com\/?s={search_term_string}"},"query-input":{"@type":"PropertyValueSpecification","valueRequired":true,"valueName":"search_term_string"}}],"inLanguage":"tr"},{"@type":"Organization","@id":"https:\/\/cpxzx.com\/#organization","name":"So\u011futma Kulesi Dolgusu, \u00c7in PVC Dolgular \u00dcretici","url":"https:\/\/cpxzx.com\/","logo":{"@type":"ImageObject","inLanguage":"tr","@id":"https:\/\/cpxzx.com\/#\/schema\/logo\/image\/","url":"https:\/\/cpxzx.com\/wp-content\/uploads\/2025\/07\/1751628807-logo.png","contentUrl":"https:\/\/cpxzx.com\/wp-content\/uploads\/2025\/07\/1751628807-logo.png","width":383,"height":87,"caption":"Cooling Tower Fill, China PVC Fills Manufacturer"},"image":{"@id":"https:\/\/cpxzx.com\/#\/schema\/logo\/image\/"}}]}},"taxonomy_info":{"pcategory":[{"value":27,"label":"Ceramic Balls"}]},"featured_image_src_large":["https:\/\/cpxzx.com\/wp-content\/uploads\/2025\/09\/Mid-Alumina-Inert-Ceramic-Balls.jpg",550,550,false],"author_info":[],"comment_info":"","_links":{"self":[{"href":"https:\/\/cpxzx.com\/tr\/wp-json\/wp\/v2\/product\/3032","targetHints":{"allow":["GET"]}}],"collection":[{"href":"https:\/\/cpxzx.com\/tr\/wp-json\/wp\/v2\/product"}],"about":[{"href":"https:\/\/cpxzx.com\/tr\/wp-json\/wp\/v2\/types\/product"}],"wp:featuredmedia":[{"embeddable":true,"href":"https:\/\/cpxzx.com\/tr\/wp-json\/wp\/v2\/media\/3035"}],"wp:attachment":[{"href":"https:\/\/cpxzx.com\/tr\/wp-json\/wp\/v2\/media?parent=3032"}],"wp:term":[{"taxonomy":"pcategory","embeddable":true,"href":"https:\/\/cpxzx.com\/tr\/wp-json\/wp\/v2\/pcategory?post=3032"},{"taxonomy":"ptag","embeddable":true,"href":"https:\/\/cpxzx.com\/tr\/wp-json\/wp\/v2\/ptag?post=3032"}],"curies":[{"name":"wp","href":"https:\/\/api.w.org\/{rel}","templated":true}]}}