{"id":3028,"date":"2025-09-16T07:04:48","date_gmt":"2025-09-16T07:04:48","guid":{"rendered":"https:\/\/cpxzx.com\/?post_type=product&#038;p=3028"},"modified":"2025-09-15T08:04:51","modified_gmt":"2025-09-15T08:04:51","slug":"ogutme-topu","status":"publish","type":"product","link":"https:\/\/cpxzx.com\/tr\/urun\/ogutme-topu\/","title":{"rendered":"Al\u00fcmina \u00d6\u011f\u00fctme Topu 92% 95% Al2O3 \u0130nce \u00d6\u011f\u00fctme i\u00e7in Seramik Ortam"},"content":{"rendered":"<p>23% Al2O3 \u0130nert <strong>Al\u00fcmina Seramik Bilyalar<\/strong>Kataliz\u00f6r destek ortam\u0131 olarak da bilinen bu malzemeler, kimya ve petrol end\u00fcstrilerinde en yayg\u0131n kullan\u0131lan destek malzemeleridir. Kararl\u0131 \u00f6zelliklere, y\u00fcksek mekanik mukavemete ve termal \u015foka kar\u015f\u0131 m\u00fckemmel dirence sahip y\u00fcksek kaliteli kimyasal porselen kilden yap\u0131l\u0131rlar. Bu inert seramik bilyeler, y\u00fcksek s\u0131cakl\u0131k ve y\u00fcksek bas\u0131n\u00e7 ko\u015fullar\u0131 alt\u0131nda g\u00fcvenilir performans sa\u011flar.<\/p>\n<p>Seramik bilyeler d\u00fc\u015f\u00fck su emilimine, kararl\u0131 kimyasal \u00f6zelliklere ve asit, alkali ve \u00e7e\u015fitli organik \u00e7\u00f6z\u00fcc\u00fclere kar\u015f\u0131 g\u00fc\u00e7l\u00fc dirence sahiptir. \u00dcretim s\u00fcre\u00e7leri s\u0131ras\u0131nda s\u0131k s\u0131cakl\u0131k de\u011fi\u015fimlerine dayanabilirler. Birincil i\u015flevleri gaz veya s\u0131v\u0131 da\u011f\u0131l\u0131m\u0131n\u0131 art\u0131rmak, aktif kataliz\u00f6rleri desteklemek ve reakt\u00f6rlerin i\u00e7indeki kataliz\u00f6r yata\u011f\u0131n\u0131 korumakt\u0131r. Kan\u0131tlanm\u0131\u015f kararl\u0131l\u0131\u011f\u0131 ve dayan\u0131kl\u0131l\u0131\u011f\u0131 ile inert al\u00fcmina seramik bilyalar petrol ar\u0131tma, kimyasal i\u015fleme, g\u00fcbre \u00fcretimi, do\u011fal gaz ve \u00e7evre koruma end\u00fcstrilerinde yayg\u0131n olarak uygulanmaktad\u0131r.<\/p>\n<p>Seramik \u00f6\u011f\u00fctme malzemeleri hem \u0131slak hem de kuru \u00f6\u011f\u00fctme i\u00e7in tasarlanm\u0131\u015ft\u0131r. Seramik \u00f6\u011f\u00fctme bilyeleri d\u00fc\u015f\u00fck kirlenme ve m\u00fckemmel a\u015f\u0131nma direnci ile bilinir. Al\u00fcmina \u00f6\u011f\u00fctme bilyeleri, seramik malzemelerin, pigmentlerin, s\u0131rlar\u0131n ve geli\u015fmi\u015f tozlar\u0131n ince \u00f6\u011f\u00fct\u00fclmesinde yayg\u0131n olarak uygulan\u0131r. Bu \u00f6\u011f\u00fctme bilyeleri g\u00fcvenilir ve verimli \u00f6\u011f\u00fctme sonu\u00e7lar\u0131n\u0131 garanti eder.<\/p>\n<h2>\u00d6zellik<\/h2>\n<ul>\n<li>Y\u00fcksek sertlik ve m\u00fckemmel a\u015f\u0131nma direnci.<\/li>\n<li>Tutarl\u0131 performans ile istikrarl\u0131 \u00f6\u011f\u00fctme verimlili\u011fi.<\/li>\n<li>D\u00fc\u015f\u00fck kirlilik, hassas malzeme ta\u015flama i\u00e7in uygundur.<\/li>\n<li>End\u00fcstriyel ihtiya\u00e7lar\u0131 kar\u015f\u0131lamak i\u00e7in farkl\u0131 boyutlarda ve malzemelerde mevcuttur.<\/li>\n<li>Uzun hizmet \u00f6mr\u00fc i\u00e7in g\u00fcvenilir seramik \u00f6\u011f\u00fctme medyas\u0131.<\/li>\n<\/ul>\n<h2>\u015eartname<\/h2>\n<p>\u00d6\u011f\u00fctme bilyeleri farkl\u0131 \u00f6zelliklerde mevcuttur. Yayg\u0131n tipler aras\u0131nda seramik \u00f6\u011f\u00fctme bilyeleri ve al\u00fcmina \u00f6\u011f\u00fctme bilyeleri bulunur. Al\u00fcmina i\u00e7eri\u011fi genellikle 92% veya 95%'nin \u00fczerindedir. \u00d6\u011f\u00fctme bilyelerinin boyutlar\u0131 birka\u00e7 milimetre ile birka\u00e7 santimetre aras\u0131nda de\u011fi\u015fir. Y\u00fcksek yo\u011funluk, g\u00fc\u00e7l\u00fc sertlik ve hassas yuvarlakl\u0131k ile \u00fcretilirler.<\/p>\n<ul>\n<li>Malzeme Seramik, Al\u00fcmina, Zirkonya<\/li>\n<li>Al\u00fcmina \u0130\u00e7eri\u011fi: 92%, 95%, 99%<\/li>\n<li>Yo\u011funluk: 3,6 - 3,9 g\/cm\u00b3<\/li>\n<li>Sertlik: Mohs 9<\/li>\n<li>Boyut Aral\u0131\u011f\u0131: 1 mm - 60 mm<\/li>\n<\/ul>\n<h2>\u00dcr\u00fcn Boyut Verileri<\/h2>\n<table border=\"1\" cellspacing=\"0\" cellpadding=\"6\">\n<thead>\n<tr>\n<th>Spec.<br \/>\n(mm)<\/th>\n<th>Cilt<br \/>\n(cm\u00b3)<\/th>\n<th>A\u011f\u0131rl\u0131k<br \/>\n(g\/pc)<\/th>\n<\/tr>\n<\/thead>\n<tbody>\n<tr>\n<td>\u03a630<\/td>\n<td>14 \u00b1 1.5<\/td>\n<td>43 \u00b1 2<\/td>\n<\/tr>\n<tr>\n<td>\u03a640<\/td>\n<td>25 \u00b1 1.5<\/td>\n<td>100 \u00b1 2<\/td>\n<\/tr>\n<tr>\n<td>\u03a650<\/td>\n<td>39 \u00b1 2<\/td>\n<td>193 \u00b1 2<\/td>\n<\/tr>\n<tr>\n<td>\u03a660<\/td>\n<td>58 \u00b1 2<\/td>\n<td>335 \u00b1 2<\/td>\n<\/tr>\n<\/tbody>\n<\/table>\n<h2>Avantaj<\/h2>\n<ul>\n<li>Tek tip partik\u00fcl boyutu da\u011f\u0131l\u0131m\u0131 ile geli\u015ftirilmi\u015f \u00f6\u011f\u00fctme verimlili\u011fi.<\/li>\n<li>Ekipman \u00f6mr\u00fcn\u00fc uzatan dayan\u0131kl\u0131 seramik \u00f6\u011f\u00fctme malzemesi.<\/li>\n<li>Al\u00fcmina \u00f6\u011f\u00fctme bilyeleri maliyetleri azalt\u0131r ve \u00fcretim \u00e7\u0131kt\u0131s\u0131n\u0131 art\u0131r\u0131r.<\/li>\n<li>Zararl\u0131 safs\u0131zl\u0131klar i\u00e7ermeyen \u00e7evre dostu.<\/li>\n<li>Hem laboratuvar hem de end\u00fcstriyel \u00f6l\u00e7ekte \u00f6\u011f\u00fctme i\u00e7in uygundur.<\/li>\n<\/ul>\n<h2>Uygulama<\/h2>\n<p>\u00d6\u011f\u00fctme bilyeleri bilyal\u0131 de\u011firmenlerde, y\u0131prat\u0131c\u0131larda, titre\u015fimli de\u011firmenlerde ve di\u011fer \u00f6\u011f\u00fctme ekipmanlar\u0131nda kullan\u0131l\u0131r. Seramik \u00f6\u011f\u00fctme ortam\u0131 seramik karolar, mineral i\u015fleme, boya, kaplama ve elektronik i\u00e7in uygundur. Seramik \u00f6\u011f\u00fctme bilyeleri ila\u00e7, g\u0131da, pigment ve ince kimyasallarda yayg\u0131n olarak uygulanmaktad\u0131r. Al\u00fcmina \u00f6\u011f\u00fctme bilyeleri geli\u015fmi\u015f seramikler, refrakter malzemeler ve hassas toz \u00f6\u011f\u00fctme i\u00e7in tercih edilir. \u00c7ok y\u00f6nl\u00fc uygulamalarla, \u00f6\u011f\u00fctme bilyeleri birden fazla end\u00fcstrinin gereksinimlerini kar\u015f\u0131lar.<\/p>\n<h2>Paket<\/h2>\n<p>Ta\u015flama bilyeleri, nakliye s\u0131ras\u0131nda \u00fcr\u00fcn kalitesini sa\u011flamak i\u00e7in g\u00fc\u00e7l\u00fc ve g\u00fcvenli ambalajlarla paketlenir. Yayg\u0131n paketleme y\u00f6ntemleri aras\u0131nda dokuma torbalar, plastik variller ve paletli \u00e7elik variller bulunur. Standart ambalaj torba ba\u015f\u0131na 25 kg veya palet ba\u015f\u0131na 1000 kg'd\u0131r. M\u00fc\u015fteri gereksinimlerine g\u00f6re \u00f6zel paketleme de mevcuttur. Seramik \u00f6\u011f\u00fctme ortam\u0131 ve al\u00fcmina \u00f6\u011f\u00fctme bilyeleri dahil olmak \u00fczere t\u00fcm \u00f6\u011f\u00fctme bilyeleri, kirlenmeyi ve hasar\u0131 \u00f6nlemek i\u00e7in dikkatlice paketlenir.<\/p>","protected":false},"excerpt":{"rendered":"<p><strong>\u00d6\u011f\u00fctme topu<\/strong> \u00f6\u011f\u00fctme ve frezeleme i\u015flemleri i\u00e7in \u00f6nemli bir malzemedir. Madencilik, \u00e7imento, seramik, kimya ve di\u011fer end\u00fcstrilerde yayg\u0131n olarak kullan\u0131lmaktad\u0131r. \u00d6\u011f\u00fctme bilyeleri, \u00f6\u011f\u00fctme verimlili\u011fini art\u0131r\u0131r, enerji t\u00fcketimini azalt\u0131r ve \u00fcr\u00fcn kalitesini sa\u011flar. Seramik \u00f6\u011f\u00fctme ortam\u0131, seramik \u00f6\u011f\u00fctme bilyeleri ve al\u00fcmina \u00f6\u011f\u00fctme bilyeleri, y\u00fcksek sertlikleri, uzun hizmet \u00f6m\u00fcrleri ve istikrarl\u0131 performanslar\u0131 nedeniyle en pop\u00fcler t\u00fcrlerdir.<\/p>","protected":false},"featured_media":3029,"parent":0,"template":"","meta":{"_acf_changed":false,"_kad_blocks_custom_css":"","_kad_blocks_head_custom_js":"","_kad_blocks_body_custom_js":"","_kad_blocks_footer_custom_js":"","_kadence_starter_templates_imported_post":false,"_kad_post_transparent":"default","_kad_post_title":"","_kad_post_layout":"default","_kad_post_sidebar_id":"","_kad_post_content_style":"default","_kad_post_vertical_padding":"default","_kad_post_feature":"","_kad_post_feature_position":"","_kad_post_header":false,"_kad_post_footer":false},"pcategory":[27],"ptag":[],"class_list":["post-3028","product","type-product","status-publish","has-post-thumbnail","hentry","pcategory-ceramic-balls"],"acf":[],"yoast_head":"<!-- This site is optimized with the Yoast SEO plugin v27.4 - https:\/\/yoast.com\/product\/yoast-seo-wordpress\/ -->\n<title>Grinding ball<\/title>\n<meta name=\"robots\" content=\"index, follow, max-snippet:-1, max-image-preview:large, max-video-preview:-1\" \/>\n<link rel=\"canonical\" href=\"https:\/\/cpxzx.com\/tr\/urun\/ogutme-topu\/\" \/>\n<meta property=\"og:locale\" content=\"tr_TR\" \/>\n<meta property=\"og:type\" content=\"article\" \/>\n<meta property=\"og:title\" content=\"Grinding ball\" \/>\n<meta property=\"og:description\" content=\"Grinding ball is a key material for grinding and milling processes. It is widely used in mining, cement, ceramics, chemicals, and other industries. Grinding balls improve grinding efficiency, reduce energy consumption, and ensure product quality. Ceramic grinding media, ceramic grinding balls, and alumina grinding balls are the most popular types due to their high hardness, long service life, and stable performance.\" \/>\n<meta property=\"og:url\" content=\"https:\/\/cpxzx.com\/tr\/urun\/ogutme-topu\/\" \/>\n<meta property=\"og:site_name\" content=\"Cooling Tower Fill, China PVC Fills Manufacturer\" \/>\n<meta property=\"og:image\" content=\"https:\/\/cpxzx.com\/wp-content\/uploads\/2025\/09\/ceramic-grinding-balls.jpg\" \/>\n\t<meta property=\"og:image:width\" content=\"550\" \/>\n\t<meta property=\"og:image:height\" content=\"550\" \/>\n\t<meta property=\"og:image:type\" content=\"image\/jpeg\" \/>\n<meta name=\"twitter:card\" content=\"summary_large_image\" \/>\n<meta name=\"twitter:label1\" content=\"Tahmini okuma s\u00fcresi\" \/>\n\t<meta name=\"twitter:data1\" content=\"3 dakika\" \/>\n<script type=\"application\/ld+json\" class=\"yoast-schema-graph\">{\"@context\":\"https:\\\/\\\/schema.org\",\"@graph\":[{\"@type\":\"WebPage\",\"@id\":\"https:\\\/\\\/cpxzx.com\\\/product\\\/grinding-ball\\\/\",\"url\":\"https:\\\/\\\/cpxzx.com\\\/product\\\/grinding-ball\\\/\",\"name\":\"Grinding ball\",\"isPartOf\":{\"@id\":\"https:\\\/\\\/cpxzx.com\\\/#website\"},\"primaryImageOfPage\":{\"@id\":\"https:\\\/\\\/cpxzx.com\\\/product\\\/grinding-ball\\\/#primaryimage\"},\"image\":{\"@id\":\"https:\\\/\\\/cpxzx.com\\\/product\\\/grinding-ball\\\/#primaryimage\"},\"thumbnailUrl\":\"https:\\\/\\\/cpxzx.com\\\/wp-content\\\/uploads\\\/2025\\\/09\\\/ceramic-grinding-balls.jpg\",\"datePublished\":\"2025-09-16T07:04:48+00:00\",\"breadcrumb\":{\"@id\":\"https:\\\/\\\/cpxzx.com\\\/product\\\/grinding-ball\\\/#breadcrumb\"},\"inLanguage\":\"tr\",\"potentialAction\":[{\"@type\":\"ReadAction\",\"target\":[\"https:\\\/\\\/cpxzx.com\\\/product\\\/grinding-ball\\\/\"]}]},{\"@type\":\"ImageObject\",\"inLanguage\":\"tr\",\"@id\":\"https:\\\/\\\/cpxzx.com\\\/product\\\/grinding-ball\\\/#primaryimage\",\"url\":\"https:\\\/\\\/cpxzx.com\\\/wp-content\\\/uploads\\\/2025\\\/09\\\/ceramic-grinding-balls.jpg\",\"contentUrl\":\"https:\\\/\\\/cpxzx.com\\\/wp-content\\\/uploads\\\/2025\\\/09\\\/ceramic-grinding-balls.jpg\",\"width\":550,\"height\":550,\"caption\":\"ceramic grinding balls\"},{\"@type\":\"BreadcrumbList\",\"@id\":\"https:\\\/\\\/cpxzx.com\\\/product\\\/grinding-ball\\\/#breadcrumb\",\"itemListElement\":[{\"@type\":\"ListItem\",\"position\":1,\"name\":\"Home\",\"item\":\"https:\\\/\\\/cpxzx.com\\\/\"},{\"@type\":\"ListItem\",\"position\":2,\"name\":\"Ceramic Balls\",\"item\":\"https:\\\/\\\/cpxzx.com\\\/pcategory\\\/ceramic-balls\\\/\"},{\"@type\":\"ListItem\",\"position\":3,\"name\":\"Alumina Grinding Ball 92% 95% Al2O3 Ceramic Media for Fine Grinding\"}]},{\"@type\":\"WebSite\",\"@id\":\"https:\\\/\\\/cpxzx.com\\\/#website\",\"url\":\"https:\\\/\\\/cpxzx.com\\\/\",\"name\":\"Cooling Tower Fill, China PVC Fills Manufacturer\",\"description\":\"\",\"publisher\":{\"@id\":\"https:\\\/\\\/cpxzx.com\\\/#organization\"},\"potentialAction\":[{\"@type\":\"SearchAction\",\"target\":{\"@type\":\"EntryPoint\",\"urlTemplate\":\"https:\\\/\\\/cpxzx.com\\\/?s={search_term_string}\"},\"query-input\":{\"@type\":\"PropertyValueSpecification\",\"valueRequired\":true,\"valueName\":\"search_term_string\"}}],\"inLanguage\":\"tr\"},{\"@type\":\"Organization\",\"@id\":\"https:\\\/\\\/cpxzx.com\\\/#organization\",\"name\":\"Cooling Tower Fill, China PVC Fills Manufacturer\",\"url\":\"https:\\\/\\\/cpxzx.com\\\/\",\"logo\":{\"@type\":\"ImageObject\",\"inLanguage\":\"tr\",\"@id\":\"https:\\\/\\\/cpxzx.com\\\/#\\\/schema\\\/logo\\\/image\\\/\",\"url\":\"https:\\\/\\\/cpxzx.com\\\/wp-content\\\/uploads\\\/2025\\\/07\\\/1751628807-logo.png\",\"contentUrl\":\"https:\\\/\\\/cpxzx.com\\\/wp-content\\\/uploads\\\/2025\\\/07\\\/1751628807-logo.png\",\"width\":383,\"height\":87,\"caption\":\"Cooling Tower Fill, China PVC Fills Manufacturer\"},\"image\":{\"@id\":\"https:\\\/\\\/cpxzx.com\\\/#\\\/schema\\\/logo\\\/image\\\/\"}}]}<\/script>\n<!-- \/ Yoast SEO plugin. -->","yoast_head_json":{"title":"\u00d6\u011f\u00fctme topu","robots":{"index":"index","follow":"follow","max-snippet":"max-snippet:-1","max-image-preview":"max-image-preview:large","max-video-preview":"max-video-preview:-1"},"canonical":"https:\/\/cpxzx.com\/tr\/urun\/ogutme-topu\/","og_locale":"tr_TR","og_type":"article","og_title":"Grinding ball","og_description":"Grinding ball is a key material for grinding and milling processes. It is widely used in mining, cement, ceramics, chemicals, and other industries. Grinding balls improve grinding efficiency, reduce energy consumption, and ensure product quality. Ceramic grinding media, ceramic grinding balls, and alumina grinding balls are the most popular types due to their high hardness, long service life, and stable performance.","og_url":"https:\/\/cpxzx.com\/tr\/urun\/ogutme-topu\/","og_site_name":"Cooling Tower Fill, China PVC Fills Manufacturer","og_image":[{"width":550,"height":550,"url":"https:\/\/cpxzx.com\/wp-content\/uploads\/2025\/09\/ceramic-grinding-balls.jpg","type":"image\/jpeg"}],"twitter_card":"summary_large_image","twitter_misc":{"Tahmini okuma s\u00fcresi":"3 dakika"},"schema":{"@context":"https:\/\/schema.org","@graph":[{"@type":"WebPage","@id":"https:\/\/cpxzx.com\/product\/grinding-ball\/","url":"https:\/\/cpxzx.com\/product\/grinding-ball\/","name":"\u00d6\u011f\u00fctme topu","isPartOf":{"@id":"https:\/\/cpxzx.com\/#website"},"primaryImageOfPage":{"@id":"https:\/\/cpxzx.com\/product\/grinding-ball\/#primaryimage"},"image":{"@id":"https:\/\/cpxzx.com\/product\/grinding-ball\/#primaryimage"},"thumbnailUrl":"https:\/\/cpxzx.com\/wp-content\/uploads\/2025\/09\/ceramic-grinding-balls.jpg","datePublished":"2025-09-16T07:04:48+00:00","breadcrumb":{"@id":"https:\/\/cpxzx.com\/product\/grinding-ball\/#breadcrumb"},"inLanguage":"tr","potentialAction":[{"@type":"ReadAction","target":["https:\/\/cpxzx.com\/product\/grinding-ball\/"]}]},{"@type":"ImageObject","inLanguage":"tr","@id":"https:\/\/cpxzx.com\/product\/grinding-ball\/#primaryimage","url":"https:\/\/cpxzx.com\/wp-content\/uploads\/2025\/09\/ceramic-grinding-balls.jpg","contentUrl":"https:\/\/cpxzx.com\/wp-content\/uploads\/2025\/09\/ceramic-grinding-balls.jpg","width":550,"height":550,"caption":"ceramic grinding balls"},{"@type":"BreadcrumbList","@id":"https:\/\/cpxzx.com\/product\/grinding-ball\/#breadcrumb","itemListElement":[{"@type":"ListItem","position":1,"name":"Home","item":"https:\/\/cpxzx.com\/"},{"@type":"ListItem","position":2,"name":"Ceramic Balls","item":"https:\/\/cpxzx.com\/pcategory\/ceramic-balls\/"},{"@type":"ListItem","position":3,"name":"Alumina Grinding Ball 92% 95% Al2O3 Ceramic Media for Fine Grinding"}]},{"@type":"WebSite","@id":"https:\/\/cpxzx.com\/#website","url":"https:\/\/cpxzx.com\/","name":"So\u011futma Kulesi Dolgusu, \u00c7in PVC Dolgular \u00dcretici","description":"","publisher":{"@id":"https:\/\/cpxzx.com\/#organization"},"potentialAction":[{"@type":"SearchAction","target":{"@type":"EntryPoint","urlTemplate":"https:\/\/cpxzx.com\/?s={search_term_string}"},"query-input":{"@type":"PropertyValueSpecification","valueRequired":true,"valueName":"search_term_string"}}],"inLanguage":"tr"},{"@type":"Organization","@id":"https:\/\/cpxzx.com\/#organization","name":"So\u011futma Kulesi Dolgusu, \u00c7in PVC Dolgular \u00dcretici","url":"https:\/\/cpxzx.com\/","logo":{"@type":"ImageObject","inLanguage":"tr","@id":"https:\/\/cpxzx.com\/#\/schema\/logo\/image\/","url":"https:\/\/cpxzx.com\/wp-content\/uploads\/2025\/07\/1751628807-logo.png","contentUrl":"https:\/\/cpxzx.com\/wp-content\/uploads\/2025\/07\/1751628807-logo.png","width":383,"height":87,"caption":"Cooling Tower Fill, China PVC Fills Manufacturer"},"image":{"@id":"https:\/\/cpxzx.com\/#\/schema\/logo\/image\/"}}]}},"taxonomy_info":{"pcategory":[{"value":27,"label":"Ceramic Balls"}]},"featured_image_src_large":["https:\/\/cpxzx.com\/wp-content\/uploads\/2025\/09\/ceramic-grinding-balls.jpg",550,550,false],"author_info":[],"comment_info":"","_links":{"self":[{"href":"https:\/\/cpxzx.com\/tr\/wp-json\/wp\/v2\/product\/3028","targetHints":{"allow":["GET"]}}],"collection":[{"href":"https:\/\/cpxzx.com\/tr\/wp-json\/wp\/v2\/product"}],"about":[{"href":"https:\/\/cpxzx.com\/tr\/wp-json\/wp\/v2\/types\/product"}],"wp:featuredmedia":[{"embeddable":true,"href":"https:\/\/cpxzx.com\/tr\/wp-json\/wp\/v2\/media\/3029"}],"wp:attachment":[{"href":"https:\/\/cpxzx.com\/tr\/wp-json\/wp\/v2\/media?parent=3028"}],"wp:term":[{"taxonomy":"pcategory","embeddable":true,"href":"https:\/\/cpxzx.com\/tr\/wp-json\/wp\/v2\/pcategory?post=3028"},{"taxonomy":"ptag","embeddable":true,"href":"https:\/\/cpxzx.com\/tr\/wp-json\/wp\/v2\/ptag?post=3028"}],"curies":[{"name":"wp","href":"https:\/\/api.w.org\/{rel}","templated":true}]}}