{"id":3009,"date":"2025-09-28T04:06:09","date_gmt":"2025-09-28T04:06:09","guid":{"rendered":"https:\/\/cpxzx.com\/?post_type=product&#038;p=3009"},"modified":"2025-09-28T04:06:09","modified_gmt":"2025-09-28T04:06:09","slug":"inert-seramik-bilyalar","status":"publish","type":"product","link":"https:\/\/cpxzx.com\/tr\/urun\/inert-seramik-bilyalar\/","title":{"rendered":"\u0130nert Seramik Toplar 3mm ila 50mm"},"content":{"rendered":"<p>Y\u00fcksek kalite <strong>inert seramik bilyalar<\/strong> kataliz\u00f6r deste\u011fi, \u00f6\u011f\u00fctme ortam\u0131 ve dolgu malzemesi olarak kullan\u0131l\u0131r. Seramik k\u00fcreler, seramik \u00f6\u011f\u00fctme ortam\u0131 \u00f6zellikleri, uygulamalar\u0131 ve avantajlar\u0131 hakk\u0131nda bilgi edinin.<br \/>\n\u0130nert seramik bilyalar kimya, petrokimya ve rafineri end\u00fcstrilerinde yayg\u0131n olarak kullan\u0131lmaktad\u0131r. Bu toplar kataliz\u00f6r yata\u011f\u0131 deste\u011fi olarak hizmet eder ve aktif kataliz\u00f6rleri korur. Seramik k\u00fcreler y\u00fcksek mukavemetleri ve m\u00fckemmel stabiliteleri ile bilinir. Termal \u015fok, korozyon ve mekanik strese kar\u015f\u0131 dayan\u0131kl\u0131d\u0131rlar. Sonu\u00e7 olarak, inert seramik bilyalar zorlu uygulamalar i\u00e7in g\u00fcvenilir bir se\u00e7imdir.<\/p>\n<h2>\u0130nert Seramik Bilyalar\u0131n \u00d6zellikleri<\/h2>\n<p>\u0130nert seramik bilyeler p\u00fcr\u00fczs\u00fcz y\u00fczeylere ve tek tip boyuta sahiptir. Kimyasal olarak stabildirler ve \u00e7o\u011fu kimyasalla reaksiyona girmezler. Toplar y\u00fcksek bas\u0131n\u00e7 dayan\u0131m\u0131na sahiptir, bu da onlar\u0131 bas\u0131n\u00e7 alt\u0131nda dayan\u0131kl\u0131 hale getirir. Seramik k\u00fcreler d\u00fc\u015f\u00fck su emilimi ve asitlere kar\u015f\u0131 m\u00fckemmel diren\u00e7 g\u00f6sterir. Bu \u00f6zellikler kataliz\u00f6r yataklar\u0131n\u0131n ve \u00f6\u011f\u00fctme sistemlerinin hizmet \u00f6mr\u00fcn\u00fc uzat\u0131r.<\/p>\n<h2>Teknik \u00d6zellikler<\/h2>\n<p>\u0130nert seramik bilyeler geni\u015f bir \u00e7ap yelpazesine sahiptir. Tipik boyutlar aras\u0131nda 3 mm, 6 mm, 13 mm, 19 mm ve 25 mm bulunur. Al\u00fcmina i\u00e7eri\u011fi uygulamaya ba\u011fl\u0131 olarak 23% ile 99% aras\u0131nda de\u011fi\u015febilir. Daha y\u00fcksek al\u00fcmina seramik k\u00fcreler daha iyi mekanik mukavemet sa\u011flar. \u00d6zelle\u015ftirilmi\u015f boyutlarda seramik \u00f6\u011f\u00fctme ortam\u0131 da mevcuttur.<\/p>\n<h2>Teknik Parametreler<\/h2>\n<table style=\"border-collapse: collapse; width: 100%; text-align: center;\" border=\"1\" cellspacing=\"0\" cellpadding=\"8\">\n<thead>\n<tr>\n<th>Boyut (mm)<\/th>\n<th>Al\u00fcmina \u0130\u00e7eri\u011fi (%)<\/th>\n<th>Su Emme (%)<\/th>\n<th>Bas\u0131n\u00e7 Dayan\u0131m\u0131 (N\/pc)<\/th>\n<th>Y\u0131\u011f\u0131n Yo\u011funlu\u011fu (g\/cm\u00b3)<\/th>\n<\/tr>\n<\/thead>\n<tbody>\n<tr>\n<td>3 - 6<\/td>\n<td>23 - 30<\/td>\n<td>&lt; 0.5<\/td>\n<td>&gt; 500<\/td>\n<td>1.35 - 1.45<\/td>\n<\/tr>\n<tr>\n<td>6 - 13<\/td>\n<td>30 - 45<\/td>\n<td>&lt; 0.5<\/td>\n<td>&gt; 1000<\/td>\n<td>1.40 - 1.50<\/td>\n<\/tr>\n<tr>\n<td>13 - 25<\/td>\n<td>60 - 75<\/td>\n<td>&lt; 0.5<\/td>\n<td>&gt; 3500<\/td>\n<td>1.50 - 1.60<\/td>\n<\/tr>\n<tr>\n<td>25 - 50<\/td>\n<td>75 - 99<\/td>\n<td>&lt; 0.5<\/td>\n<td>&gt; 5000<\/td>\n<td>1.60 - 1.75<\/td>\n<\/tr>\n<\/tbody>\n<\/table>\n<h2>Seramik K\u00fcrelerin Avantajlar\u0131<\/h2>\n<p>Seramik k\u00fcreler bir\u00e7ok avantaj sunar. Gaz ve s\u0131v\u0131y\u0131 paketlenmi\u015f kulelerde e\u015fit olarak da\u011f\u0131t\u0131rlar. Reakt\u00f6rlerde k\u00fctle transfer verimlili\u011fini art\u0131r\u0131rlar. \u0130nert seramik k\u00fcreler bas\u0131n\u00e7 d\u00fc\u015f\u00fc\u015f\u00fcn\u00fc azalt\u0131r ve kataliz\u00f6r kayb\u0131n\u0131 \u00f6nler. Uzun hizmet \u00f6mr\u00fcne sahiptirler ve bak\u0131m maliyetlerini d\u00fc\u015f\u00fcr\u00fcrler.<\/p>\n<h2>Seramik \u00d6\u011f\u00fctme Malzemesi Uygulamalar\u0131<\/h2>\n<p>Seramik \u00f6\u011f\u00fctme malzemeleri \u00f6\u011f\u00fctme i\u015flemlerinde yayg\u0131n olarak kullan\u0131lmaktad\u0131r. Boya, m\u00fcrekkep, seramik ve mineral end\u00fcstrilerinde uygulan\u0131rlar. Bilyalar minimum a\u015f\u0131nma ile y\u00fcksek \u00f6\u011f\u00fctme verimlili\u011fi sa\u011flar. \u0130nert seramik bilyalar ayr\u0131ca katalitik reakt\u00f6rlerde koruyucu tabaka g\u00f6revi g\u00f6r\u00fcr. Hem \u0131slak \u00f6\u011f\u00fctme hem de kuru \u00f6\u011f\u00fctme i\u015flemleri i\u00e7in uygundurlar.<\/p>\n<h2>Paketleme ve Teslimat<\/h2>\n<p>\u0130nert seramik bilyeler g\u00fc\u00e7l\u00fc dokuma torbalarda veya \u00e7elik varillerde paketlenir. Standart paket boyutlar\u0131 aras\u0131nda 25 kg'l\u0131k torbalar veya 1.000 kg'l\u0131k jumbo torbalar bulunur. Ambalaj, g\u00fcvenli ta\u015f\u0131ma ve kolay depolama sa\u011flayacak \u015fekilde tasarlanm\u0131\u015ft\u0131r. M\u00fc\u015fteri talebi \u00fczerine \u00f6zel ambalajlar da mevcuttur. T\u00fcm seramik k\u00fcreler kalite kontrol raporlar\u0131yla birlikte teslim edilir.<\/p>","protected":false},"excerpt":{"rendered":"<p>\u0130nert Seramik Toplar, reakt\u00f6rlerdeki kataliz\u00f6rler ve kulelerdeki ambalajlar i\u00e7in destek ve kaplama malzemesi olarak yayg\u0131n \u015fekilde kullan\u0131lmaktad\u0131r. Y\u00fcksek kaliteli kimyasal porselen kilinden \u00fcretilirler ve m\u00fckemmel mekanik mukavemet, termal diren\u00e7 ve kimyasal stabilite sa\u011flarlar.<\/p>\n<p>Bu seramik bilyeler d\u00fc\u015f\u00fck su emilimi sunar ve y\u00fcksek s\u0131cakl\u0131klara, y\u00fcksek bas\u0131nca ve asitler, alkaliler ve organik \u00e7\u00f6z\u00fcc\u00fclerden kaynaklanan korozyona dayanabilir. G\u00fcvenilirlikleri ve dayan\u0131kl\u0131l\u0131klar\u0131 nedeniyle, inert seramik bilyeler petrol, kimya, g\u00fcbre, do\u011fal gaz ve \u00e7evre koruma end\u00fcstrilerinde en yayg\u0131n kullan\u0131lan kataliz\u00f6r destek ortam\u0131 olarak kabul edilir.<\/p>","protected":false},"featured_media":3097,"parent":0,"template":"","meta":{"_acf_changed":false,"_kad_blocks_custom_css":"","_kad_blocks_head_custom_js":"","_kad_blocks_body_custom_js":"","_kad_blocks_footer_custom_js":"","_kadence_starter_templates_imported_post":false,"_kad_post_transparent":"default","_kad_post_title":"","_kad_post_layout":"default","_kad_post_sidebar_id":"","_kad_post_content_style":"default","_kad_post_vertical_padding":"default","_kad_post_feature":"","_kad_post_feature_position":"","_kad_post_header":false,"_kad_post_footer":false},"pcategory":[27],"ptag":[],"class_list":["post-3009","product","type-product","status-publish","has-post-thumbnail","hentry","pcategory-ceramic-balls"],"acf":[],"yoast_head":"<!-- This site is optimized with the Yoast SEO plugin v27.4 - https:\/\/yoast.com\/product\/yoast-seo-wordpress\/ -->\n<title>Inert Ceramic Balls 3mm to 50mm - Cooling Tower Fill, China PVC Fills Manufacturer<\/title>\n<meta name=\"robots\" content=\"index, follow, max-snippet:-1, max-image-preview:large, max-video-preview:-1\" \/>\n<link rel=\"canonical\" href=\"https:\/\/cpxzx.com\/tr\/urun\/inert-seramik-bilyalar\/\" \/>\n<meta property=\"og:locale\" content=\"tr_TR\" \/>\n<meta property=\"og:type\" content=\"article\" \/>\n<meta property=\"og:title\" content=\"Inert Ceramic Balls 3mm to 50mm - Cooling Tower Fill, China PVC Fills Manufacturer\" \/>\n<meta property=\"og:description\" content=\"Inert Ceramic Balls are widely used as support and covering materials for catalysts in reactors and packing in towers. They are manufactured from high-quality chemical porcelain clay, providing excellent mechanical strength, thermal resistance, and chemical stability.  These ceramic balls offer low water absorption and can withstand high temperatures, high pressure, and corrosion from acids, alkalis, and organic solvents. Due to their reliability and durability, inert ceramic balls are considered the most commonly used catalyst support media in petroleum, chemical, fertilizer, natural gas, and environmental protection industries.\" \/>\n<meta property=\"og:url\" content=\"https:\/\/cpxzx.com\/tr\/urun\/inert-seramik-bilyalar\/\" \/>\n<meta property=\"og:site_name\" content=\"Cooling Tower Fill, China PVC Fills Manufacturer\" \/>\n<meta property=\"og:image\" content=\"https:\/\/cpxzx.com\/wp-content\/uploads\/2025\/09\/Inert-Ceramic-Balls-3mm-to-50mm.jpg\" \/>\n\t<meta property=\"og:image:width\" content=\"550\" \/>\n\t<meta property=\"og:image:height\" content=\"550\" \/>\n\t<meta property=\"og:image:type\" content=\"image\/jpeg\" \/>\n<meta name=\"twitter:card\" content=\"summary_large_image\" \/>\n<meta name=\"twitter:label1\" content=\"Tahmini okuma s\u00fcresi\" \/>\n\t<meta name=\"twitter:data1\" content=\"2 dakika\" \/>\n<script type=\"application\/ld+json\" class=\"yoast-schema-graph\">{\"@context\":\"https:\\\/\\\/schema.org\",\"@graph\":[{\"@type\":\"WebPage\",\"@id\":\"https:\\\/\\\/cpxzx.com\\\/product\\\/inert-ceramic-balls\\\/\",\"url\":\"https:\\\/\\\/cpxzx.com\\\/product\\\/inert-ceramic-balls\\\/\",\"name\":\"Inert Ceramic Balls 3mm to 50mm - Cooling Tower Fill, China PVC Fills Manufacturer\",\"isPartOf\":{\"@id\":\"https:\\\/\\\/cpxzx.com\\\/#website\"},\"primaryImageOfPage\":{\"@id\":\"https:\\\/\\\/cpxzx.com\\\/product\\\/inert-ceramic-balls\\\/#primaryimage\"},\"image\":{\"@id\":\"https:\\\/\\\/cpxzx.com\\\/product\\\/inert-ceramic-balls\\\/#primaryimage\"},\"thumbnailUrl\":\"https:\\\/\\\/cpxzx.com\\\/wp-content\\\/uploads\\\/2025\\\/09\\\/Inert-Ceramic-Balls-3mm-to-50mm.jpg\",\"datePublished\":\"2025-09-28T04:06:09+00:00\",\"breadcrumb\":{\"@id\":\"https:\\\/\\\/cpxzx.com\\\/product\\\/inert-ceramic-balls\\\/#breadcrumb\"},\"inLanguage\":\"tr\",\"potentialAction\":[{\"@type\":\"ReadAction\",\"target\":[\"https:\\\/\\\/cpxzx.com\\\/product\\\/inert-ceramic-balls\\\/\"]}]},{\"@type\":\"ImageObject\",\"inLanguage\":\"tr\",\"@id\":\"https:\\\/\\\/cpxzx.com\\\/product\\\/inert-ceramic-balls\\\/#primaryimage\",\"url\":\"https:\\\/\\\/cpxzx.com\\\/wp-content\\\/uploads\\\/2025\\\/09\\\/Inert-Ceramic-Balls-3mm-to-50mm.jpg\",\"contentUrl\":\"https:\\\/\\\/cpxzx.com\\\/wp-content\\\/uploads\\\/2025\\\/09\\\/Inert-Ceramic-Balls-3mm-to-50mm.jpg\",\"width\":550,\"height\":550,\"caption\":\"Inert-Ceramic-Balls-3mm-to-50mm\"},{\"@type\":\"BreadcrumbList\",\"@id\":\"https:\\\/\\\/cpxzx.com\\\/product\\\/inert-ceramic-balls\\\/#breadcrumb\",\"itemListElement\":[{\"@type\":\"ListItem\",\"position\":1,\"name\":\"Home\",\"item\":\"https:\\\/\\\/cpxzx.com\\\/\"},{\"@type\":\"ListItem\",\"position\":2,\"name\":\"Ceramic Balls\",\"item\":\"https:\\\/\\\/cpxzx.com\\\/pcategory\\\/ceramic-balls\\\/\"},{\"@type\":\"ListItem\",\"position\":3,\"name\":\"Inert Ceramic Balls 3mm to 50mm\"}]},{\"@type\":\"WebSite\",\"@id\":\"https:\\\/\\\/cpxzx.com\\\/#website\",\"url\":\"https:\\\/\\\/cpxzx.com\\\/\",\"name\":\"Cooling Tower Fill, China PVC Fills Manufacturer\",\"description\":\"\",\"publisher\":{\"@id\":\"https:\\\/\\\/cpxzx.com\\\/#organization\"},\"potentialAction\":[{\"@type\":\"SearchAction\",\"target\":{\"@type\":\"EntryPoint\",\"urlTemplate\":\"https:\\\/\\\/cpxzx.com\\\/?s={search_term_string}\"},\"query-input\":{\"@type\":\"PropertyValueSpecification\",\"valueRequired\":true,\"valueName\":\"search_term_string\"}}],\"inLanguage\":\"tr\"},{\"@type\":\"Organization\",\"@id\":\"https:\\\/\\\/cpxzx.com\\\/#organization\",\"name\":\"Cooling Tower Fill, China PVC Fills Manufacturer\",\"url\":\"https:\\\/\\\/cpxzx.com\\\/\",\"logo\":{\"@type\":\"ImageObject\",\"inLanguage\":\"tr\",\"@id\":\"https:\\\/\\\/cpxzx.com\\\/#\\\/schema\\\/logo\\\/image\\\/\",\"url\":\"https:\\\/\\\/cpxzx.com\\\/wp-content\\\/uploads\\\/2025\\\/07\\\/1751628807-logo.png\",\"contentUrl\":\"https:\\\/\\\/cpxzx.com\\\/wp-content\\\/uploads\\\/2025\\\/07\\\/1751628807-logo.png\",\"width\":383,\"height\":87,\"caption\":\"Cooling Tower Fill, China PVC Fills Manufacturer\"},\"image\":{\"@id\":\"https:\\\/\\\/cpxzx.com\\\/#\\\/schema\\\/logo\\\/image\\\/\"}}]}<\/script>\n<!-- \/ Yoast SEO plugin. -->","yoast_head_json":{"title":"\u0130nert Seramik Toplar 3mm ila 50mm - So\u011futma Kulesi Dolgusu, \u00c7in PVC Dolgular \u00dcretici","robots":{"index":"index","follow":"follow","max-snippet":"max-snippet:-1","max-image-preview":"max-image-preview:large","max-video-preview":"max-video-preview:-1"},"canonical":"https:\/\/cpxzx.com\/tr\/urun\/inert-seramik-bilyalar\/","og_locale":"tr_TR","og_type":"article","og_title":"Inert Ceramic Balls 3mm to 50mm - Cooling Tower Fill, China PVC Fills Manufacturer","og_description":"Inert Ceramic Balls are widely used as support and covering materials for catalysts in reactors and packing in towers. They are manufactured from high-quality chemical porcelain clay, providing excellent mechanical strength, thermal resistance, and chemical stability.  These ceramic balls offer low water absorption and can withstand high temperatures, high pressure, and corrosion from acids, alkalis, and organic solvents. Due to their reliability and durability, inert ceramic balls are considered the most commonly used catalyst support media in petroleum, chemical, fertilizer, natural gas, and environmental protection industries.","og_url":"https:\/\/cpxzx.com\/tr\/urun\/inert-seramik-bilyalar\/","og_site_name":"Cooling Tower Fill, China PVC Fills Manufacturer","og_image":[{"width":550,"height":550,"url":"https:\/\/cpxzx.com\/wp-content\/uploads\/2025\/09\/Inert-Ceramic-Balls-3mm-to-50mm.jpg","type":"image\/jpeg"}],"twitter_card":"summary_large_image","twitter_misc":{"Tahmini okuma s\u00fcresi":"2 dakika"},"schema":{"@context":"https:\/\/schema.org","@graph":[{"@type":"WebPage","@id":"https:\/\/cpxzx.com\/product\/inert-ceramic-balls\/","url":"https:\/\/cpxzx.com\/product\/inert-ceramic-balls\/","name":"\u0130nert Seramik Toplar 3mm ila 50mm - So\u011futma Kulesi Dolgusu, \u00c7in PVC Dolgular \u00dcretici","isPartOf":{"@id":"https:\/\/cpxzx.com\/#website"},"primaryImageOfPage":{"@id":"https:\/\/cpxzx.com\/product\/inert-ceramic-balls\/#primaryimage"},"image":{"@id":"https:\/\/cpxzx.com\/product\/inert-ceramic-balls\/#primaryimage"},"thumbnailUrl":"https:\/\/cpxzx.com\/wp-content\/uploads\/2025\/09\/Inert-Ceramic-Balls-3mm-to-50mm.jpg","datePublished":"2025-09-28T04:06:09+00:00","breadcrumb":{"@id":"https:\/\/cpxzx.com\/product\/inert-ceramic-balls\/#breadcrumb"},"inLanguage":"tr","potentialAction":[{"@type":"ReadAction","target":["https:\/\/cpxzx.com\/product\/inert-ceramic-balls\/"]}]},{"@type":"ImageObject","inLanguage":"tr","@id":"https:\/\/cpxzx.com\/product\/inert-ceramic-balls\/#primaryimage","url":"https:\/\/cpxzx.com\/wp-content\/uploads\/2025\/09\/Inert-Ceramic-Balls-3mm-to-50mm.jpg","contentUrl":"https:\/\/cpxzx.com\/wp-content\/uploads\/2025\/09\/Inert-Ceramic-Balls-3mm-to-50mm.jpg","width":550,"height":550,"caption":"Inert-Ceramic-Balls-3mm-to-50mm"},{"@type":"BreadcrumbList","@id":"https:\/\/cpxzx.com\/product\/inert-ceramic-balls\/#breadcrumb","itemListElement":[{"@type":"ListItem","position":1,"name":"Home","item":"https:\/\/cpxzx.com\/"},{"@type":"ListItem","position":2,"name":"Ceramic Balls","item":"https:\/\/cpxzx.com\/pcategory\/ceramic-balls\/"},{"@type":"ListItem","position":3,"name":"Inert Ceramic Balls 3mm to 50mm"}]},{"@type":"WebSite","@id":"https:\/\/cpxzx.com\/#website","url":"https:\/\/cpxzx.com\/","name":"So\u011futma Kulesi Dolgusu, \u00c7in PVC Dolgular \u00dcretici","description":"","publisher":{"@id":"https:\/\/cpxzx.com\/#organization"},"potentialAction":[{"@type":"SearchAction","target":{"@type":"EntryPoint","urlTemplate":"https:\/\/cpxzx.com\/?s={search_term_string}"},"query-input":{"@type":"PropertyValueSpecification","valueRequired":true,"valueName":"search_term_string"}}],"inLanguage":"tr"},{"@type":"Organization","@id":"https:\/\/cpxzx.com\/#organization","name":"So\u011futma Kulesi Dolgusu, \u00c7in PVC Dolgular \u00dcretici","url":"https:\/\/cpxzx.com\/","logo":{"@type":"ImageObject","inLanguage":"tr","@id":"https:\/\/cpxzx.com\/#\/schema\/logo\/image\/","url":"https:\/\/cpxzx.com\/wp-content\/uploads\/2025\/07\/1751628807-logo.png","contentUrl":"https:\/\/cpxzx.com\/wp-content\/uploads\/2025\/07\/1751628807-logo.png","width":383,"height":87,"caption":"Cooling Tower Fill, China PVC Fills Manufacturer"},"image":{"@id":"https:\/\/cpxzx.com\/#\/schema\/logo\/image\/"}}]}},"taxonomy_info":{"pcategory":[{"value":27,"label":"Ceramic Balls"}]},"featured_image_src_large":["https:\/\/cpxzx.com\/wp-content\/uploads\/2025\/09\/Inert-Ceramic-Balls-3mm-to-50mm.jpg",550,550,false],"author_info":[],"comment_info":"","_links":{"self":[{"href":"https:\/\/cpxzx.com\/tr\/wp-json\/wp\/v2\/product\/3009","targetHints":{"allow":["GET"]}}],"collection":[{"href":"https:\/\/cpxzx.com\/tr\/wp-json\/wp\/v2\/product"}],"about":[{"href":"https:\/\/cpxzx.com\/tr\/wp-json\/wp\/v2\/types\/product"}],"wp:featuredmedia":[{"embeddable":true,"href":"https:\/\/cpxzx.com\/tr\/wp-json\/wp\/v2\/media\/3097"}],"wp:attachment":[{"href":"https:\/\/cpxzx.com\/tr\/wp-json\/wp\/v2\/media?parent=3009"}],"wp:term":[{"taxonomy":"pcategory","embeddable":true,"href":"https:\/\/cpxzx.com\/tr\/wp-json\/wp\/v2\/pcategory?post=3009"},{"taxonomy":"ptag","embeddable":true,"href":"https:\/\/cpxzx.com\/tr\/wp-json\/wp\/v2\/ptag?post=3009"}],"curies":[{"name":"wp","href":"https:\/\/api.w.org\/{rel}","templated":true}]}}