{"id":3008,"date":"2025-09-25T07:17:12","date_gmt":"2025-09-25T07:17:12","guid":{"rendered":"https:\/\/cpxzx.com\/?post_type=product&#038;p=3008"},"modified":"2025-09-25T07:17:12","modified_gmt":"2025-09-25T07:17:12","slug":"3a-molekuler-elek","status":"publish","type":"product","link":"https:\/\/cpxzx.com\/tr\/urun\/3a-molekuler-elek\/","title":{"rendered":"3A Molek\u00fcler Elek"},"content":{"rendered":"<p><strong>3A molek\u00fcler elek<\/strong>potasyum bazl\u0131 molek\u00fcler elek olarak da bilinen, yakla\u015f\u0131k 3 angstromluk (0,3 nm) tek tip mikro g\u00f6zeneklere sahip bir alkali metal al\u00fcminosilikat kristal adsorband\u0131r.<br \/>\n4A molek\u00fcler elek i\u00e7indeki sodyum iyonlar\u0131n\u0131n k\u0131smen potasyum iyonlar\u0131 ile de\u011fi\u015ftirilmesi ile \u00fcretilir. Hassas g\u00f6zenek boyutu da\u011f\u0131l\u0131m\u0131 nedeniyle, 3A molek\u00fcler elek molek\u00fclleri se\u00e7ici olarak adsorbe eder<br \/>\n3 \u00c5'dan k\u00fc\u00e7\u00fck (\u00f6zellikle su) daha b\u00fcy\u00fck molek\u00fclleri d\u0131\u015far\u0131da b\u0131rak\u0131r. Bu se\u00e7ici dehidrasyon, suyun adsorbe edilmeden uzakla\u015ft\u0131r\u0131lmas\u0131 gereken kurutma uygulamalar\u0131 i\u00e7in idealdir<br \/>\nhidrokarbonlar veya daha b\u00fcy\u00fck organik molek\u00fcller.<\/p>\n<h2>\u00d6zellikler<\/h2>\n<ul>\n<li>G\u00f6zenek boyutu yakla\u015f\u0131k 3 \u00c5, sadece su molek\u00fclleri i\u00e7in se\u00e7ici.<\/li>\n<li>Y\u00fcksek adsorpsiyon kapasitesi ve h\u0131zl\u0131 adsorpsiyon kineti\u011fi.<\/li>\n<li>D\u00fc\u015f\u00fck enerji gereksinimi ile m\u00fckemmel yenilenebilirlik.<\/li>\n<li>\u0130yi kimyasal ve termal kararl\u0131l\u0131k.<\/li>\n<li>Y\u00fcksek se\u00e7icilik, hidrokarbonlar\u0131n ve daha b\u00fcy\u00fck molek\u00fcllerin birlikte adsorpsiyonunu \u00f6nler.<\/li>\n<\/ul>\n<h2>Teknik \u00d6zellikler (Tipik \u00d6zellikler)<\/h2>\n<table class=\"spec-table\" border=\"1\" cellspacing=\"0\" cellpadding=\"6\">\n<thead>\n<tr>\n<th>M\u00fclkiyet<\/th>\n<th>Tipik De\u011fer<\/th>\n<\/tr>\n<\/thead>\n<tbody>\n<tr>\n<td>G\u00f6zenek \u00e7ap\u0131<\/td>\n<td>3 \u00c5<\/td>\n<\/tr>\n<tr>\n<td>SiO\u2082\/Al\u2082O\u2083 oran\u0131<\/td>\n<td>\u2248 2.0<\/td>\n<\/tr>\n<tr>\n<td>Y\u0131\u011f\u0131n yo\u011funlu\u011fu<\/td>\n<td>0,60 - 0,68 g\/mL<\/td>\n<\/tr>\n<tr>\n<td>Ezilme mukavemeti<\/td>\n<td>\u2265 80 N\/par\u00e7a (1,6-2,5 mm i\u00e7in)<\/td>\n<\/tr>\n<tr>\n<td>Ate\u015fleme s\u0131ras\u0131nda kay\u0131p<\/td>\n<td>\u2264 1,5%<\/td>\n<\/tr>\n<tr>\n<td>Statik su adsorpsiyonu<\/td>\n<td>\u2265 20% (25\u00b0C, RH 75%)<\/td>\n<\/tr>\n<\/tbody>\n<\/table>\n<h2>Avantajlar<\/h2>\n<ul>\n<li>Etkili dehidrasyon sa\u011flayan son derece se\u00e7ici su adsorpsiyonu.<\/li>\n<li>Kurutma s\u0131ras\u0131nda doymam\u0131\u015f hidrokarbonlar\u0131n polimerizasyonunu veya bozunmas\u0131n\u0131 \u00f6nler.<\/li>\n<li>Bir\u00e7ok rejenerasyon d\u00f6ng\u00fcs\u00fc ile uzun hizmet \u00f6mr\u00fc.<\/li>\n<li>Petrokimya, gaz i\u015fleme ve ince kimya end\u00fcstrilerinde geni\u015f uygulanabilirlik.<\/li>\n<li>Bir\u00e7ok alternatif kurutucu madde ile kar\u015f\u0131la\u015ft\u0131r\u0131ld\u0131\u011f\u0131nda uygun maliyetli kurutucu.<\/li>\n<\/ul>\n<h2>Uygulamalar<\/h2>\n<ul>\n<li>Etilen, propilen ve b\u00fctadien gibi doymam\u0131\u015f hidrokarbonlar\u0131n kurutulmas\u0131.<\/li>\n<li>Metanol ve etanol dahil polar \u00e7\u00f6z\u00fcc\u00fclerin dehidrasyonu.<\/li>\n<li>Do\u011fal gaz ve rafineri gaz\u0131 dehidrasyonu.<\/li>\n<li>So\u011futucu ak\u0131\u015fkanlar\u0131n kurutulmas\u0131 (\u00f6rn. R22, R134a).<\/li>\n<li>Farmas\u00f6tik ve ince kimyasal \u00fcretiminde dehidrasyon ad\u0131mlar\u0131.<\/li>\n<\/ul>\n<h2>Paketleme<\/h2>\n<ul>\n<li>25 kg m\u00fch\u00fcrl\u00fc torba \/ karton<\/li>\n<li>150 kg demir tambur<\/li>\n<li>500-1000 kg jumbo torba (FIBC)<\/li>\n<li>\u0130stek \u00fczerine \u00f6zel paketleme mevcuttur<\/li>\n<\/ul>","protected":false},"excerpt":{"rendered":"<p>3A molek\u00fcler elekler y\u00fcksek adsorpsiyon kapasitesine, h\u0131zl\u0131 adsorpsiyon oran\u0131na ve m\u00fckemmel rejenerasyon performans\u0131na sahiptir. Is\u0131tma veya kuru gazla temizleme yoluyla tekrar tekrar rejenere edilebilirler, b\u00f6ylece end\u00fcstriyel uygulamalarda uzun vadeli verimlilik ve maliyet tasarrufu sa\u011flarlar.<\/p>","protected":false},"featured_media":3095,"parent":0,"template":"","meta":{"_acf_changed":false,"_kad_blocks_custom_css":"","_kad_blocks_head_custom_js":"","_kad_blocks_body_custom_js":"","_kad_blocks_footer_custom_js":"","_kadence_starter_templates_imported_post":false,"_kad_post_transparent":"default","_kad_post_title":"","_kad_post_layout":"default","_kad_post_sidebar_id":"","_kad_post_content_style":"default","_kad_post_vertical_padding":"default","_kad_post_feature":"","_kad_post_feature_position":"","_kad_post_header":false,"_kad_post_footer":false},"pcategory":[28],"ptag":[],"class_list":["post-3008","product","type-product","status-publish","has-post-thumbnail","hentry","pcategory-molecular-sieves"],"acf":[],"yoast_head":"<!-- This site is optimized with the Yoast SEO plugin v27.4 - https:\/\/yoast.com\/product\/yoast-seo-wordpress\/ -->\n<title>3A Molecular Sieve<\/title>\n<meta name=\"robots\" content=\"index, follow, max-snippet:-1, max-image-preview:large, max-video-preview:-1\" \/>\n<link rel=\"canonical\" href=\"https:\/\/cpxzx.com\/tr\/urun\/3a-molekuler-elek\/\" \/>\n<meta property=\"og:locale\" content=\"tr_TR\" \/>\n<meta property=\"og:type\" content=\"article\" \/>\n<meta property=\"og:title\" content=\"3A Molecular Sieve\" \/>\n<meta property=\"og:description\" content=\"3A molecular sieves feature high adsorption capacity, fast adsorption rate, and excellent regeneration performance. They can be repeatedly regenerated by heating or purging with dry gas, ensuring long-term efficiency and cost savings in industrial applications.\" \/>\n<meta property=\"og:url\" content=\"https:\/\/cpxzx.com\/tr\/urun\/3a-molekuler-elek\/\" \/>\n<meta property=\"og:site_name\" content=\"Cooling Tower Fill, China PVC Fills Manufacturer\" \/>\n<meta property=\"og:image\" content=\"https:\/\/cpxzx.com\/wp-content\/uploads\/2025\/09\/3A-for-Dehydration-Ethanol.jpg\" \/>\n\t<meta property=\"og:image:width\" content=\"550\" \/>\n\t<meta property=\"og:image:height\" content=\"550\" \/>\n\t<meta property=\"og:image:type\" content=\"image\/jpeg\" \/>\n<meta name=\"twitter:card\" content=\"summary_large_image\" \/>\n<meta name=\"twitter:label1\" content=\"Tahmini okuma s\u00fcresi\" \/>\n\t<meta name=\"twitter:data1\" content=\"2 dakika\" \/>\n<script type=\"application\/ld+json\" class=\"yoast-schema-graph\">{\"@context\":\"https:\\\/\\\/schema.org\",\"@graph\":[{\"@type\":\"WebPage\",\"@id\":\"https:\\\/\\\/cpxzx.com\\\/product\\\/3a-molecular-sieve\\\/\",\"url\":\"https:\\\/\\\/cpxzx.com\\\/product\\\/3a-molecular-sieve\\\/\",\"name\":\"3A Molecular Sieve\",\"isPartOf\":{\"@id\":\"https:\\\/\\\/cpxzx.com\\\/#website\"},\"primaryImageOfPage\":{\"@id\":\"https:\\\/\\\/cpxzx.com\\\/product\\\/3a-molecular-sieve\\\/#primaryimage\"},\"image\":{\"@id\":\"https:\\\/\\\/cpxzx.com\\\/product\\\/3a-molecular-sieve\\\/#primaryimage\"},\"thumbnailUrl\":\"https:\\\/\\\/cpxzx.com\\\/wp-content\\\/uploads\\\/2025\\\/09\\\/3A-for-Dehydration-Ethanol.jpg\",\"datePublished\":\"2025-09-25T07:17:12+00:00\",\"breadcrumb\":{\"@id\":\"https:\\\/\\\/cpxzx.com\\\/product\\\/3a-molecular-sieve\\\/#breadcrumb\"},\"inLanguage\":\"tr\",\"potentialAction\":[{\"@type\":\"ReadAction\",\"target\":[\"https:\\\/\\\/cpxzx.com\\\/product\\\/3a-molecular-sieve\\\/\"]}]},{\"@type\":\"ImageObject\",\"inLanguage\":\"tr\",\"@id\":\"https:\\\/\\\/cpxzx.com\\\/product\\\/3a-molecular-sieve\\\/#primaryimage\",\"url\":\"https:\\\/\\\/cpxzx.com\\\/wp-content\\\/uploads\\\/2025\\\/09\\\/3A-for-Dehydration-Ethanol.jpg\",\"contentUrl\":\"https:\\\/\\\/cpxzx.com\\\/wp-content\\\/uploads\\\/2025\\\/09\\\/3A-for-Dehydration-Ethanol.jpg\",\"width\":550,\"height\":550,\"caption\":\"3A-for-Dehydration-Ethanol\"},{\"@type\":\"BreadcrumbList\",\"@id\":\"https:\\\/\\\/cpxzx.com\\\/product\\\/3a-molecular-sieve\\\/#breadcrumb\",\"itemListElement\":[{\"@type\":\"ListItem\",\"position\":1,\"name\":\"Home\",\"item\":\"https:\\\/\\\/cpxzx.com\\\/\"},{\"@type\":\"ListItem\",\"position\":2,\"name\":\"Molecular Sieves\",\"item\":\"https:\\\/\\\/cpxzx.com\\\/pcategory\\\/molecular-sieves\\\/\"},{\"@type\":\"ListItem\",\"position\":3,\"name\":\"3A Molecular Sieve\"}]},{\"@type\":\"WebSite\",\"@id\":\"https:\\\/\\\/cpxzx.com\\\/#website\",\"url\":\"https:\\\/\\\/cpxzx.com\\\/\",\"name\":\"Cooling Tower Fill, China PVC Fills Manufacturer\",\"description\":\"\",\"publisher\":{\"@id\":\"https:\\\/\\\/cpxzx.com\\\/#organization\"},\"potentialAction\":[{\"@type\":\"SearchAction\",\"target\":{\"@type\":\"EntryPoint\",\"urlTemplate\":\"https:\\\/\\\/cpxzx.com\\\/?s={search_term_string}\"},\"query-input\":{\"@type\":\"PropertyValueSpecification\",\"valueRequired\":true,\"valueName\":\"search_term_string\"}}],\"inLanguage\":\"tr\"},{\"@type\":\"Organization\",\"@id\":\"https:\\\/\\\/cpxzx.com\\\/#organization\",\"name\":\"Cooling Tower Fill, China PVC Fills Manufacturer\",\"url\":\"https:\\\/\\\/cpxzx.com\\\/\",\"logo\":{\"@type\":\"ImageObject\",\"inLanguage\":\"tr\",\"@id\":\"https:\\\/\\\/cpxzx.com\\\/#\\\/schema\\\/logo\\\/image\\\/\",\"url\":\"https:\\\/\\\/cpxzx.com\\\/wp-content\\\/uploads\\\/2025\\\/07\\\/1751628807-logo.png\",\"contentUrl\":\"https:\\\/\\\/cpxzx.com\\\/wp-content\\\/uploads\\\/2025\\\/07\\\/1751628807-logo.png\",\"width\":383,\"height\":87,\"caption\":\"Cooling Tower Fill, China PVC Fills Manufacturer\"},\"image\":{\"@id\":\"https:\\\/\\\/cpxzx.com\\\/#\\\/schema\\\/logo\\\/image\\\/\"}}]}<\/script>\n<!-- \/ Yoast SEO plugin. -->","yoast_head_json":{"title":"3A Molek\u00fcler Elek","robots":{"index":"index","follow":"follow","max-snippet":"max-snippet:-1","max-image-preview":"max-image-preview:large","max-video-preview":"max-video-preview:-1"},"canonical":"https:\/\/cpxzx.com\/tr\/urun\/3a-molekuler-elek\/","og_locale":"tr_TR","og_type":"article","og_title":"3A Molecular Sieve","og_description":"3A molecular sieves feature high adsorption capacity, fast adsorption rate, and excellent regeneration performance. They can be repeatedly regenerated by heating or purging with dry gas, ensuring long-term efficiency and cost savings in industrial applications.","og_url":"https:\/\/cpxzx.com\/tr\/urun\/3a-molekuler-elek\/","og_site_name":"Cooling Tower Fill, China PVC Fills Manufacturer","og_image":[{"width":550,"height":550,"url":"https:\/\/cpxzx.com\/wp-content\/uploads\/2025\/09\/3A-for-Dehydration-Ethanol.jpg","type":"image\/jpeg"}],"twitter_card":"summary_large_image","twitter_misc":{"Tahmini okuma s\u00fcresi":"2 dakika"},"schema":{"@context":"https:\/\/schema.org","@graph":[{"@type":"WebPage","@id":"https:\/\/cpxzx.com\/product\/3a-molecular-sieve\/","url":"https:\/\/cpxzx.com\/product\/3a-molecular-sieve\/","name":"3A Molek\u00fcler Elek","isPartOf":{"@id":"https:\/\/cpxzx.com\/#website"},"primaryImageOfPage":{"@id":"https:\/\/cpxzx.com\/product\/3a-molecular-sieve\/#primaryimage"},"image":{"@id":"https:\/\/cpxzx.com\/product\/3a-molecular-sieve\/#primaryimage"},"thumbnailUrl":"https:\/\/cpxzx.com\/wp-content\/uploads\/2025\/09\/3A-for-Dehydration-Ethanol.jpg","datePublished":"2025-09-25T07:17:12+00:00","breadcrumb":{"@id":"https:\/\/cpxzx.com\/product\/3a-molecular-sieve\/#breadcrumb"},"inLanguage":"tr","potentialAction":[{"@type":"ReadAction","target":["https:\/\/cpxzx.com\/product\/3a-molecular-sieve\/"]}]},{"@type":"ImageObject","inLanguage":"tr","@id":"https:\/\/cpxzx.com\/product\/3a-molecular-sieve\/#primaryimage","url":"https:\/\/cpxzx.com\/wp-content\/uploads\/2025\/09\/3A-for-Dehydration-Ethanol.jpg","contentUrl":"https:\/\/cpxzx.com\/wp-content\/uploads\/2025\/09\/3A-for-Dehydration-Ethanol.jpg","width":550,"height":550,"caption":"3A-for-Dehydration-Ethanol"},{"@type":"BreadcrumbList","@id":"https:\/\/cpxzx.com\/product\/3a-molecular-sieve\/#breadcrumb","itemListElement":[{"@type":"ListItem","position":1,"name":"Home","item":"https:\/\/cpxzx.com\/"},{"@type":"ListItem","position":2,"name":"Molecular Sieves","item":"https:\/\/cpxzx.com\/pcategory\/molecular-sieves\/"},{"@type":"ListItem","position":3,"name":"3A Molecular Sieve"}]},{"@type":"WebSite","@id":"https:\/\/cpxzx.com\/#website","url":"https:\/\/cpxzx.com\/","name":"So\u011futma Kulesi Dolgusu, \u00c7in PVC Dolgular \u00dcretici","description":"","publisher":{"@id":"https:\/\/cpxzx.com\/#organization"},"potentialAction":[{"@type":"SearchAction","target":{"@type":"EntryPoint","urlTemplate":"https:\/\/cpxzx.com\/?s={search_term_string}"},"query-input":{"@type":"PropertyValueSpecification","valueRequired":true,"valueName":"search_term_string"}}],"inLanguage":"tr"},{"@type":"Organization","@id":"https:\/\/cpxzx.com\/#organization","name":"So\u011futma Kulesi Dolgusu, \u00c7in PVC Dolgular \u00dcretici","url":"https:\/\/cpxzx.com\/","logo":{"@type":"ImageObject","inLanguage":"tr","@id":"https:\/\/cpxzx.com\/#\/schema\/logo\/image\/","url":"https:\/\/cpxzx.com\/wp-content\/uploads\/2025\/07\/1751628807-logo.png","contentUrl":"https:\/\/cpxzx.com\/wp-content\/uploads\/2025\/07\/1751628807-logo.png","width":383,"height":87,"caption":"Cooling Tower Fill, China PVC Fills Manufacturer"},"image":{"@id":"https:\/\/cpxzx.com\/#\/schema\/logo\/image\/"}}]}},"taxonomy_info":{"pcategory":[{"value":28,"label":"Molecular Sieves"}]},"featured_image_src_large":["https:\/\/cpxzx.com\/wp-content\/uploads\/2025\/09\/3A-for-Dehydration-Ethanol.jpg",550,550,false],"author_info":[],"comment_info":"","_links":{"self":[{"href":"https:\/\/cpxzx.com\/tr\/wp-json\/wp\/v2\/product\/3008","targetHints":{"allow":["GET"]}}],"collection":[{"href":"https:\/\/cpxzx.com\/tr\/wp-json\/wp\/v2\/product"}],"about":[{"href":"https:\/\/cpxzx.com\/tr\/wp-json\/wp\/v2\/types\/product"}],"wp:featuredmedia":[{"embeddable":true,"href":"https:\/\/cpxzx.com\/tr\/wp-json\/wp\/v2\/media\/3095"}],"wp:attachment":[{"href":"https:\/\/cpxzx.com\/tr\/wp-json\/wp\/v2\/media?parent=3008"}],"wp:term":[{"taxonomy":"pcategory","embeddable":true,"href":"https:\/\/cpxzx.com\/tr\/wp-json\/wp\/v2\/pcategory?post=3008"},{"taxonomy":"ptag","embeddable":true,"href":"https:\/\/cpxzx.com\/tr\/wp-json\/wp\/v2\/ptag?post=3008"}],"curies":[{"name":"wp","href":"https:\/\/api.w.org\/{rel}","templated":true}]}}