{"id":3003,"date":"2025-09-13T07:07:04","date_gmt":"2025-09-13T07:07:04","guid":{"rendered":"https:\/\/cpxzx.com\/?post_type=product&#038;p=3003"},"modified":"2025-09-10T07:20:06","modified_gmt":"2025-09-10T07:20:06","slug":"metal-super-saddle","status":"publish","type":"product","link":"https:\/\/cpxzx.com\/tr\/urun\/metal-super-saddle\/","title":{"rendered":"SS304 SS316 Absorpsiyon ve Distilasyon i\u00e7in Metal S\u00fcper Eyer"},"content":{"rendered":"<p><strong>Metal S\u00fcper Sele<\/strong> y\u00fcksek performansl\u0131 bir rastgele kule salmastra t\u00fcr\u00fcd\u00fcr. M\u00fckemmel bo\u015fluk alan\u0131 ve y\u00fcksek gaz-s\u0131v\u0131 temas verimlili\u011fi sa\u011flayan p\u00fcr\u00fczs\u00fcz yaylar\u0131 ve geni\u015f a\u00e7\u0131kl\u0131klar\u0131 birle\u015ftiren benzersiz bir sele \u015fekilli yap\u0131 ile tasarlanm\u0131\u015ft\u0131r. Geleneksel sele salmastra ile kar\u015f\u0131la\u015ft\u0131r\u0131ld\u0131\u011f\u0131nda, Metal S\u00fcper Sele bas\u0131n\u00e7 d\u00fc\u015f\u00fc\u015f\u00fcn\u00fc azalt\u0131r, kanallanmay\u0131 en aza indirir ve k\u00fctle transfer performans\u0131n\u0131 art\u0131r\u0131r. Absorpsiyon, ovma, s\u0131y\u0131rma ve distilasyon proseslerinde yayg\u0131n olarak kullan\u0131l\u0131r.<\/p>\n<h2>\u00d6zellikler<\/h2>\n<ul>\n<li>Karbon \u00e7eli\u011fi, paslanmaz \u00e7elik (SS304, SS316, SS316L), al\u00fcminyum, titanyum, Monel ala\u015f\u0131m\u0131 ve di\u011fer malzemelerde mevcuttur.<\/li>\n<li>Korozyon direnci ile y\u00fcksek mekanik dayan\u0131m.<\/li>\n<li>D\u00fc\u015f\u00fck yatak direnci ile b\u00fcy\u00fck bo\u015fluk oran\u0131.<\/li>\n<li>P\u00fcr\u00fczs\u00fcz ark tasar\u0131m\u0131 t\u0131kanmay\u0131 ve s\u0131v\u0131 tutulmas\u0131n\u0131 \u00f6nler.<\/li>\n<li>Hafif yap\u0131, kurulumu ve bak\u0131m\u0131 kolayd\u0131r.<\/li>\n<\/ul>\n<h2>Avantajlar<\/h2>\n<ul>\n<li>M\u00fckemmel k\u00fctle transfer performans\u0131 ile y\u00fcksek ay\u0131rma verimlili\u011fi.<\/li>\n<li>Y\u00fcksek verim kapasitesi ve d\u00fc\u015f\u00fck enerji t\u00fcketimi.<\/li>\n<li>Kirlenmeye ve kire\u00e7lenmeye kar\u015f\u0131 g\u00fc\u00e7l\u00fc diren\u00e7.<\/li>\n<li>Farkl\u0131 proses ko\u015fullar\u0131 alt\u0131nda esnek \u00e7al\u0131\u015fma.<\/li>\n<li>End\u00fcstriyel kuleler i\u00e7in dayan\u0131kl\u0131 ve uygun maliyetli \u00e7\u00f6z\u00fcm.<\/li>\n<\/ul>\n<h2>Uygulamalar<\/h2>\n<p>Metal S\u00fcper Sele, kimya, petrokimya, g\u00fcbre ve \u00e7evre koruma end\u00fcstrilerinde yayg\u0131n olarak uygulanmaktad\u0131r. \u0130\u00e7inde kullan\u0131l\u0131r:<\/p>\n<ul>\n<li>Absorpsiyon kuleleri<\/li>\n<li>F\u0131r\u00e7alama kuleleri<\/li>\n<li>S\u0131y\u0131rma s\u00fctunlar\u0131<\/li>\n<li>Distilasyon kuleleri<\/li>\n<li>Gaz ar\u0131tma sistemleri<\/li>\n<\/ul>\n<p>\u00d6zellikle b\u00fcy\u00fck \u00f6l\u00e7ekli gaz y\u0131kama ve safla\u015ft\u0131rma sistemleri gibi d\u00fc\u015f\u00fck bas\u0131n\u00e7 d\u00fc\u015f\u00fc\u015f\u00fc ile y\u00fcksek kapasite gerektiren prosesler i\u00e7in uygundur.<\/p>\n<h2>Fiziksel ve Kimyasal \u00d6zellikler<\/h2>\n<table border=\"1\" cellspacing=\"0\" cellpadding=\"6\">\n<tbody>\n<tr>\n<th>Boyut (mm)<\/th>\n<th>Y\u0131\u011f\u0131n Say\u0131s\u0131 (adet\/m\u00b3)<\/th>\n<th>\u00d6zg\u00fcl Y\u00fczey Alan\u0131 (m\u00b2\/m\u00b3)<\/th>\n<th>G\u00f6zeneklilik (m\u00b3\/m\u00b3)<\/th>\n<th>Y\u0131\u011f\u0131n Yo\u011funlu\u011fu (kg\/m\u00b3)<\/th>\n<th>Not<\/th>\n<\/tr>\n<tr>\n<td>25<\/td>\n<td>51000<\/td>\n<td>210<\/td>\n<td>0.92<\/td>\n<td>420<\/td>\n<td rowspan=\"3\">M\u00fc\u015fteri ihtiya\u00e7lar\u0131na g\u00f6re karbon \u00e7eli\u011fi, paslanmaz \u00e7elik, al\u00fcminyum, titanyum, Monel ala\u015f\u0131m\u0131 ve di\u011fer \u00f6zel malzemelerden \u00fcretilebilir.<\/td>\n<\/tr>\n<tr>\n<td>38<\/td>\n<td>18500<\/td>\n<td>145<\/td>\n<td>0.94<\/td>\n<td>390<\/td>\n<\/tr>\n<tr>\n<td>50<\/td>\n<td>9300<\/td>\n<td>105<\/td>\n<td>0.95<\/td>\n<td>360<\/td>\n<\/tr>\n<\/tbody>\n<\/table>\n<h2>Paketleme<\/h2>\n<p>Metal S\u00fcper Sele tipik olarak dokuma torbalarda, jumbo torbalarda veya ah\u015fap kutularda paketlenir. Kurulum s\u0131ras\u0131nda g\u00fcvenli nakliye ve kolay kullan\u0131m sa\u011flamak i\u00e7in \u00f6zelle\u015ftirilmi\u015f ambalajlar mevcuttur.<\/p>","protected":false},"excerpt":{"rendered":"<p>Metal S\u00fcper Sele, benzersiz bir sele \u015fekilli yap\u0131ya sahip geli\u015fmi\u015f bir rastgele kule salmastras\u0131 t\u00fcr\u00fcd\u00fcr. D\u00fczg\u00fcn kavisleri ve geni\u015f a\u00e7\u0131kl\u0131klar\u0131 y\u00fcksek bo\u015fluk alan\u0131, d\u00fc\u015f\u00fck bas\u0131n\u00e7 d\u00fc\u015f\u00fc\u015f\u00fc ve m\u00fckemmel gaz-s\u0131v\u0131 temas verimlili\u011fi sa\u011flar. Geleneksel sele salmastralarla kar\u015f\u0131la\u015ft\u0131r\u0131ld\u0131\u011f\u0131nda, Metal S\u00fcper Sele kanallanmay\u0131 azalt\u0131r, k\u00fctle aktar\u0131m performans\u0131n\u0131 art\u0131r\u0131r ve \u00e7e\u015fitli proses ko\u015fullar\u0131 alt\u0131nda istikrarl\u0131 \u00e7al\u0131\u015fma sa\u011flar. Kimya, petrokimya ve \u00e7evre end\u00fcstrilerinde absorpsiyon, ovma, s\u0131y\u0131rma ve distilasyon uygulamalar\u0131nda yayg\u0131n olarak kullan\u0131l\u0131r.<\/p>","protected":false},"featured_media":3005,"parent":0,"template":"","meta":{"_acf_changed":false,"_kad_blocks_custom_css":"","_kad_blocks_head_custom_js":"","_kad_blocks_body_custom_js":"","_kad_blocks_footer_custom_js":"","_kadence_starter_templates_imported_post":false,"_kad_post_transparent":"default","_kad_post_title":"","_kad_post_layout":"default","_kad_post_sidebar_id":"","_kad_post_content_style":"default","_kad_post_vertical_padding":"default","_kad_post_feature":"","_kad_post_feature_position":"","_kad_post_header":false,"_kad_post_footer":false},"pcategory":[22,23],"ptag":[],"class_list":["post-3003","product","type-product","status-publish","has-post-thumbnail","hentry","pcategory-random-packing","pcategory-metal-random-packing"],"acf":[],"yoast_head":"<!-- This site is optimized with the Yoast SEO plugin v27.4 - https:\/\/yoast.com\/product\/yoast-seo-wordpress\/ -->\n<title>Metal Super Saddle<\/title>\n<meta name=\"robots\" content=\"index, follow, max-snippet:-1, max-image-preview:large, max-video-preview:-1\" \/>\n<link rel=\"canonical\" href=\"https:\/\/cpxzx.com\/tr\/urun\/metal-super-saddle\/\" \/>\n<meta property=\"og:locale\" content=\"tr_TR\" \/>\n<meta property=\"og:type\" content=\"article\" \/>\n<meta property=\"og:title\" content=\"Metal Super Saddle\" \/>\n<meta property=\"og:description\" content=\"Metal Super Saddle is an advanced type of random tower packing with a unique saddle-shaped structure. Its smooth arcs and large openings provide high void space, low pressure drop, and excellent gas-liquid contact efficiency. Compared with traditional saddle packings, Metal Super Saddle reduces channeling, enhances mass transfer performance, and ensures stable operation under various process conditions. It is widely used in absorption, scrubbing, stripping, and distillation applications across chemical, petrochemical, and environmental industries.\" \/>\n<meta property=\"og:url\" content=\"https:\/\/cpxzx.com\/tr\/urun\/metal-super-saddle\/\" \/>\n<meta property=\"og:site_name\" content=\"Cooling Tower Fill, China PVC Fills Manufacturer\" \/>\n<meta property=\"og:image\" content=\"https:\/\/cpxzx.com\/wp-content\/uploads\/2025\/09\/304-316L-Metal-Intalox-Super-Saddles.jpg\" \/>\n\t<meta property=\"og:image:width\" content=\"550\" \/>\n\t<meta property=\"og:image:height\" content=\"550\" \/>\n\t<meta property=\"og:image:type\" content=\"image\/jpeg\" \/>\n<meta name=\"twitter:card\" content=\"summary_large_image\" \/>\n<meta name=\"twitter:label1\" content=\"Tahmini okuma s\u00fcresi\" \/>\n\t<meta name=\"twitter:data1\" content=\"2 dakika\" \/>\n<script type=\"application\/ld+json\" class=\"yoast-schema-graph\">{\"@context\":\"https:\\\/\\\/schema.org\",\"@graph\":[{\"@type\":\"WebPage\",\"@id\":\"https:\\\/\\\/cpxzx.com\\\/product\\\/metal-super-saddle\\\/\",\"url\":\"https:\\\/\\\/cpxzx.com\\\/product\\\/metal-super-saddle\\\/\",\"name\":\"Metal Super Saddle\",\"isPartOf\":{\"@id\":\"https:\\\/\\\/cpxzx.com\\\/#website\"},\"primaryImageOfPage\":{\"@id\":\"https:\\\/\\\/cpxzx.com\\\/product\\\/metal-super-saddle\\\/#primaryimage\"},\"image\":{\"@id\":\"https:\\\/\\\/cpxzx.com\\\/product\\\/metal-super-saddle\\\/#primaryimage\"},\"thumbnailUrl\":\"https:\\\/\\\/cpxzx.com\\\/wp-content\\\/uploads\\\/2025\\\/09\\\/304-316L-Metal-Intalox-Super-Saddles.jpg\",\"datePublished\":\"2025-09-13T07:07:04+00:00\",\"breadcrumb\":{\"@id\":\"https:\\\/\\\/cpxzx.com\\\/product\\\/metal-super-saddle\\\/#breadcrumb\"},\"inLanguage\":\"tr\",\"potentialAction\":[{\"@type\":\"ReadAction\",\"target\":[\"https:\\\/\\\/cpxzx.com\\\/product\\\/metal-super-saddle\\\/\"]}]},{\"@type\":\"ImageObject\",\"inLanguage\":\"tr\",\"@id\":\"https:\\\/\\\/cpxzx.com\\\/product\\\/metal-super-saddle\\\/#primaryimage\",\"url\":\"https:\\\/\\\/cpxzx.com\\\/wp-content\\\/uploads\\\/2025\\\/09\\\/304-316L-Metal-Intalox-Super-Saddles.jpg\",\"contentUrl\":\"https:\\\/\\\/cpxzx.com\\\/wp-content\\\/uploads\\\/2025\\\/09\\\/304-316L-Metal-Intalox-Super-Saddles.jpg\",\"width\":550,\"height\":550,\"caption\":\"304-316L-Metal-Intalox-Super-Saddles\"},{\"@type\":\"BreadcrumbList\",\"@id\":\"https:\\\/\\\/cpxzx.com\\\/product\\\/metal-super-saddle\\\/#breadcrumb\",\"itemListElement\":[{\"@type\":\"ListItem\",\"position\":1,\"name\":\"Home\",\"item\":\"https:\\\/\\\/cpxzx.com\\\/\"},{\"@type\":\"ListItem\",\"position\":2,\"name\":\"Random Packing\",\"item\":\"https:\\\/\\\/cpxzx.com\\\/pcategory\\\/random-packing\\\/\"},{\"@type\":\"ListItem\",\"position\":3,\"name\":\"Metal Random Packing\",\"item\":\"https:\\\/\\\/cpxzx.com\\\/pcategory\\\/random-packing\\\/metal-random-packing\\\/\"},{\"@type\":\"ListItem\",\"position\":4,\"name\":\"SS304 SS316 Metal Super Saddle for Absorption and Distillation\"}]},{\"@type\":\"WebSite\",\"@id\":\"https:\\\/\\\/cpxzx.com\\\/#website\",\"url\":\"https:\\\/\\\/cpxzx.com\\\/\",\"name\":\"Cooling Tower Fill, China PVC Fills Manufacturer\",\"description\":\"\",\"publisher\":{\"@id\":\"https:\\\/\\\/cpxzx.com\\\/#organization\"},\"potentialAction\":[{\"@type\":\"SearchAction\",\"target\":{\"@type\":\"EntryPoint\",\"urlTemplate\":\"https:\\\/\\\/cpxzx.com\\\/?s={search_term_string}\"},\"query-input\":{\"@type\":\"PropertyValueSpecification\",\"valueRequired\":true,\"valueName\":\"search_term_string\"}}],\"inLanguage\":\"tr\"},{\"@type\":\"Organization\",\"@id\":\"https:\\\/\\\/cpxzx.com\\\/#organization\",\"name\":\"Cooling Tower Fill, China PVC Fills Manufacturer\",\"url\":\"https:\\\/\\\/cpxzx.com\\\/\",\"logo\":{\"@type\":\"ImageObject\",\"inLanguage\":\"tr\",\"@id\":\"https:\\\/\\\/cpxzx.com\\\/#\\\/schema\\\/logo\\\/image\\\/\",\"url\":\"https:\\\/\\\/cpxzx.com\\\/wp-content\\\/uploads\\\/2025\\\/07\\\/1751628807-logo.png\",\"contentUrl\":\"https:\\\/\\\/cpxzx.com\\\/wp-content\\\/uploads\\\/2025\\\/07\\\/1751628807-logo.png\",\"width\":383,\"height\":87,\"caption\":\"Cooling Tower Fill, China PVC Fills Manufacturer\"},\"image\":{\"@id\":\"https:\\\/\\\/cpxzx.com\\\/#\\\/schema\\\/logo\\\/image\\\/\"}}]}<\/script>\n<!-- \/ Yoast SEO plugin. -->","yoast_head_json":{"title":"Metal S\u00fcper Sele","robots":{"index":"index","follow":"follow","max-snippet":"max-snippet:-1","max-image-preview":"max-image-preview:large","max-video-preview":"max-video-preview:-1"},"canonical":"https:\/\/cpxzx.com\/tr\/urun\/metal-super-saddle\/","og_locale":"tr_TR","og_type":"article","og_title":"Metal Super Saddle","og_description":"Metal Super Saddle is an advanced type of random tower packing with a unique saddle-shaped structure. Its smooth arcs and large openings provide high void space, low pressure drop, and excellent gas-liquid contact efficiency. Compared with traditional saddle packings, Metal Super Saddle reduces channeling, enhances mass transfer performance, and ensures stable operation under various process conditions. It is widely used in absorption, scrubbing, stripping, and distillation applications across chemical, petrochemical, and environmental industries.","og_url":"https:\/\/cpxzx.com\/tr\/urun\/metal-super-saddle\/","og_site_name":"Cooling Tower Fill, China PVC Fills Manufacturer","og_image":[{"width":550,"height":550,"url":"https:\/\/cpxzx.com\/wp-content\/uploads\/2025\/09\/304-316L-Metal-Intalox-Super-Saddles.jpg","type":"image\/jpeg"}],"twitter_card":"summary_large_image","twitter_misc":{"Tahmini okuma s\u00fcresi":"2 dakika"},"schema":{"@context":"https:\/\/schema.org","@graph":[{"@type":"WebPage","@id":"https:\/\/cpxzx.com\/product\/metal-super-saddle\/","url":"https:\/\/cpxzx.com\/product\/metal-super-saddle\/","name":"Metal S\u00fcper Sele","isPartOf":{"@id":"https:\/\/cpxzx.com\/#website"},"primaryImageOfPage":{"@id":"https:\/\/cpxzx.com\/product\/metal-super-saddle\/#primaryimage"},"image":{"@id":"https:\/\/cpxzx.com\/product\/metal-super-saddle\/#primaryimage"},"thumbnailUrl":"https:\/\/cpxzx.com\/wp-content\/uploads\/2025\/09\/304-316L-Metal-Intalox-Super-Saddles.jpg","datePublished":"2025-09-13T07:07:04+00:00","breadcrumb":{"@id":"https:\/\/cpxzx.com\/product\/metal-super-saddle\/#breadcrumb"},"inLanguage":"tr","potentialAction":[{"@type":"ReadAction","target":["https:\/\/cpxzx.com\/product\/metal-super-saddle\/"]}]},{"@type":"ImageObject","inLanguage":"tr","@id":"https:\/\/cpxzx.com\/product\/metal-super-saddle\/#primaryimage","url":"https:\/\/cpxzx.com\/wp-content\/uploads\/2025\/09\/304-316L-Metal-Intalox-Super-Saddles.jpg","contentUrl":"https:\/\/cpxzx.com\/wp-content\/uploads\/2025\/09\/304-316L-Metal-Intalox-Super-Saddles.jpg","width":550,"height":550,"caption":"304-316L-Metal-Intalox-Super-Saddles"},{"@type":"BreadcrumbList","@id":"https:\/\/cpxzx.com\/product\/metal-super-saddle\/#breadcrumb","itemListElement":[{"@type":"ListItem","position":1,"name":"Home","item":"https:\/\/cpxzx.com\/"},{"@type":"ListItem","position":2,"name":"Random Packing","item":"https:\/\/cpxzx.com\/pcategory\/random-packing\/"},{"@type":"ListItem","position":3,"name":"Metal Random Packing","item":"https:\/\/cpxzx.com\/pcategory\/random-packing\/metal-random-packing\/"},{"@type":"ListItem","position":4,"name":"SS304 SS316 Metal Super Saddle for Absorption and Distillation"}]},{"@type":"WebSite","@id":"https:\/\/cpxzx.com\/#website","url":"https:\/\/cpxzx.com\/","name":"So\u011futma Kulesi Dolgusu, \u00c7in PVC Dolgular \u00dcretici","description":"","publisher":{"@id":"https:\/\/cpxzx.com\/#organization"},"potentialAction":[{"@type":"SearchAction","target":{"@type":"EntryPoint","urlTemplate":"https:\/\/cpxzx.com\/?s={search_term_string}"},"query-input":{"@type":"PropertyValueSpecification","valueRequired":true,"valueName":"search_term_string"}}],"inLanguage":"tr"},{"@type":"Organization","@id":"https:\/\/cpxzx.com\/#organization","name":"So\u011futma Kulesi Dolgusu, \u00c7in PVC Dolgular \u00dcretici","url":"https:\/\/cpxzx.com\/","logo":{"@type":"ImageObject","inLanguage":"tr","@id":"https:\/\/cpxzx.com\/#\/schema\/logo\/image\/","url":"https:\/\/cpxzx.com\/wp-content\/uploads\/2025\/07\/1751628807-logo.png","contentUrl":"https:\/\/cpxzx.com\/wp-content\/uploads\/2025\/07\/1751628807-logo.png","width":383,"height":87,"caption":"Cooling Tower Fill, China PVC Fills Manufacturer"},"image":{"@id":"https:\/\/cpxzx.com\/#\/schema\/logo\/image\/"}}]}},"taxonomy_info":{"pcategory":[{"value":22,"label":"Random Packing"},{"value":23,"label":"Metal Random Packing"}]},"featured_image_src_large":["https:\/\/cpxzx.com\/wp-content\/uploads\/2025\/09\/304-316L-Metal-Intalox-Super-Saddles.jpg",550,550,false],"author_info":[],"comment_info":"","_links":{"self":[{"href":"https:\/\/cpxzx.com\/tr\/wp-json\/wp\/v2\/product\/3003","targetHints":{"allow":["GET"]}}],"collection":[{"href":"https:\/\/cpxzx.com\/tr\/wp-json\/wp\/v2\/product"}],"about":[{"href":"https:\/\/cpxzx.com\/tr\/wp-json\/wp\/v2\/types\/product"}],"wp:featuredmedia":[{"embeddable":true,"href":"https:\/\/cpxzx.com\/tr\/wp-json\/wp\/v2\/media\/3005"}],"wp:attachment":[{"href":"https:\/\/cpxzx.com\/tr\/wp-json\/wp\/v2\/media?parent=3003"}],"wp:term":[{"taxonomy":"pcategory","embeddable":true,"href":"https:\/\/cpxzx.com\/tr\/wp-json\/wp\/v2\/pcategory?post=3003"},{"taxonomy":"ptag","embeddable":true,"href":"https:\/\/cpxzx.com\/tr\/wp-json\/wp\/v2\/ptag?post=3003"}],"curies":[{"name":"wp","href":"https:\/\/api.w.org\/{rel}","templated":true}]}}