{"id":2998,"date":"2025-09-12T06:18:40","date_gmt":"2025-09-12T06:18:40","guid":{"rendered":"https:\/\/cpxzx.com\/?post_type=product&#038;p=2998"},"modified":"2025-09-10T06:23:33","modified_gmt":"2025-09-10T06:23:33","slug":"metal-super-mini-ring","status":"publish","type":"product","link":"https:\/\/cpxzx.com\/tr\/urun\/metal-super-mini-ring\/","title":{"rendered":"SS316 Metal S\u00fcper Mini Y\u00fcz\u00fck"},"content":{"rendered":"<p><strong>Metal S\u00fcper Mini Y\u00fcz\u00fck<\/strong> m\u00fckemmel yap\u0131sal avantajlar\u0131 nedeniyle kimya ve petrokimya end\u00fcstrilerinde yayg\u0131n olarak kullan\u0131lmaktad\u0131r. \u0130nce duvar ve b\u00fcy\u00fck bo\u015fluk oran\u0131 y\u00fcksek ak\u0131 ve d\u00fc\u015f\u00fck diren\u00e7 sa\u011flar. Simetrik kavisli kanat\u00e7\u0131klar\u0131 s\u0131v\u0131 da\u011f\u0131l\u0131m\u0131n\u0131 iyile\u015ftirir, damlac\u0131k y\u0131\u011f\u0131lmas\u0131n\u0131 azalt\u0131r ve damlac\u0131k k\u00fcmelerinin tekrar tekrar da\u011f\u0131lmas\u0131n\u0131 ve yeniden da\u011f\u0131lmas\u0131n\u0131 te\u015fvik eder. Bu benzersiz i\u015flem ay\u0131rma verimlili\u011fini art\u0131r\u0131r, eksenel geri kar\u0131\u015fmay\u0131 azalt\u0131r ve hem gaz-s\u0131v\u0131 hem de s\u0131v\u0131-s\u0131v\u0131 sistemlerinde kararl\u0131 \u00e7al\u0131\u015fma sa\u011flar.<\/p>\n<h2>\u00d6zellikler<\/h2>\n<ul>\n<li>Mevcut malzemeler: karbon \u00e7eli\u011fi, SS304, SS304L, SS410, SS316, SS316L, vb.<\/li>\n<li>Y\u00fcksek k\u0131rma mukavemeti ve kullan\u0131m\u0131 kolay<\/li>\n<li>D\u00fc\u015f\u00fck bas\u0131n\u00e7 d\u00fc\u015f\u00fc\u015f\u00fc ile b\u00fcy\u00fck ak\u0131<\/li>\n<li>Y\u00fcksek ay\u0131rma verimlili\u011fi ve d\u00fc\u015f\u00fck yatak direnci<\/li>\n<li>Farkl\u0131 k\u00fctle transfer uygulamalar\u0131 i\u00e7in uygun esnek \u00e7al\u0131\u015fma<\/li>\n<\/ul>\n<h2>Avantajlar<\/h2>\n<ul>\n<li>D\u00fc\u015f\u00fck bas\u0131n\u00e7 d\u00fc\u015f\u00fc\u015f\u00fc ile y\u00fcksek verim<\/li>\n<li>Y\u00fcksek k\u00fctle transfer verimlili\u011fi<\/li>\n<li>Geni\u015f \u00e7al\u0131\u015fma esnekli\u011fi<\/li>\n<li>Geli\u015ftirilmi\u015f stabilite ve azalt\u0131lm\u0131\u015f \u00f6l\u00e7eklenme e\u011filimi<\/li>\n<\/ul>\n<h2>Uygulamalar<\/h2>\n<p>Metal S\u00fcper Mini Halka \u00f6zellikle s\u0131v\u0131-s\u0131v\u0131 ekstraksiyon prosesleri i\u00e7in uygundur. Simetrik ark kanatlar\u0131 ak\u0131\u015f homojenli\u011fini iyile\u015ftirir, damlac\u0131k topaklanmas\u0131n\u0131 azalt\u0131r ve ekstraksiyon kulelerinde genel verimlili\u011fi art\u0131r\u0131r. Ayr\u0131ca absorpsiyon ve desorpsiyon kuleleri gibi gaz-s\u0131v\u0131 ay\u0131rma i\u015flemlerinde de yayg\u0131n olarak kullan\u0131l\u0131r.<\/p>\n<p>Bu salmastra, \u00f6zellikle \u0131s\u0131ya duyarl\u0131, kolayca ayr\u0131\u015fan, kolayca polimerize olan ve karbon olu\u015fturan malzemelerin i\u015flenmesi i\u00e7in vakumlu dam\u0131tma kolonlar\u0131 i\u00e7in \u015fiddetle tavsiye edilir. Petrokimya m\u00fchendisli\u011fi, g\u00fcbre \u00fcretimi ve \u00e7evre koruma end\u00fcstrilerinde yayg\u0131n olarak uygulan\u0131r. Tipik ekipmanlar aras\u0131nda buhar y\u0131kama kuleleri, ar\u0131tma kuleleri ve y\u00fcksek bas\u0131n\u00e7 kuleleri bulunur.<\/p>\n<h2>Fiziksel ve Kimyasal \u00d6zellikler<\/h2>\n<table border=\"1\" cellspacing=\"0\" cellpadding=\"6\">\n<tbody>\n<tr>\n<th>Tip<\/th>\n<th>\u00d6zellikler (mm)<\/th>\n<th>Y\u0131\u011f\u0131n Say\u0131s\u0131 (adet\/m\u00b3)<\/th>\n<th>\u00d6zg\u00fcl Y\u00fczey Alan\u0131 (m\u00b2\/m\u00b3)<\/th>\n<th>G\u00f6zeneklilik (m\u00b3\/m\u00b3)<\/th>\n<th>Y\u0131\u011f\u0131n Yo\u011funlu\u011fu (kg\/m\u00b3)<\/th>\n<th>Not<\/th>\n<\/tr>\n<tr>\n<td>16<\/td>\n<td>16\u00d75.5\u00d70.6<\/td>\n<td>378000<\/td>\n<td>348<\/td>\n<td>0.923<\/td>\n<td>492<\/td>\n<td rowspan=\"4\">M\u00fc\u015fteri ihtiya\u00e7lar\u0131na g\u00f6re karbon \u00e7eli\u011fi, paslanmaz \u00e7elik, bak\u0131r, al\u00fcminyum, Monel ala\u015f\u0131m\u0131, nikel (Ni) ve titanyum (Ti) olarak \u00fcretilebilir.<\/td>\n<\/tr>\n<tr>\n<td>25<\/td>\n<td>25\u00d79.0\u00d70.6<\/td>\n<td>155000<\/td>\n<td>228<\/td>\n<td>0.936<\/td>\n<td>516<\/td>\n<\/tr>\n<tr>\n<td>38<\/td>\n<td>38\u00d712.7\u00d70.8<\/td>\n<td>48000<\/td>\n<td>150<\/td>\n<td>0.95<\/td>\n<td>400<\/td>\n<\/tr>\n<tr>\n<td>50<\/td>\n<td>50\u00d717\u00d70.8<\/td>\n<td>21500<\/td>\n<td>120<\/td>\n<td>0.965<\/td>\n<td>360<\/td>\n<\/tr>\n<\/tbody>\n<\/table>\n<h2>Paketleme<\/h2>\n<p>Metal S\u00fcper Mini Halka genellikle dokuma torbalarda, jumbo torbalarda veya m\u00fc\u015fteri gereksinimlerine g\u00f6re paketlenir. Uygun paketleme, kurulumdan \u00f6nce g\u00fcvenli nakliye ve depolama sa\u011flar.<\/p>","protected":false},"excerpt":{"rendered":"<p>Metal d\u00fcz halka olarak da adland\u0131r\u0131lan Metal S\u00fcper Mini Halka, geli\u015fmi\u015f bir rastgele kule paketleme t\u00fcr\u00fcd\u00fcr. K\u0131sa bir a\u00e7\u0131k halka yap\u0131s\u0131 ve yakla\u015f\u0131k 0,2-0,4 y\u00fckseklik\/\u00e7ap oran\u0131 ile tasarlanm\u0131\u015ft\u0131r. Benzersiz i\u00e7e e\u011fimli ark nerv\u00fcrleri mukavemet ve stabiliteyi art\u0131r\u0131rken ayn\u0131 zamanda verimli k\u00fctle transferi sa\u011flar. Geleneksel Pall Ring ile kar\u015f\u0131la\u015ft\u0131r\u0131ld\u0131\u011f\u0131nda Metal S\u00fcper Mini Ring, k\u00fctle aktar\u0131m etkilerini 20%'den daha fazla art\u0131rabilir.<\/p>","protected":false},"featured_media":3001,"parent":0,"template":"","meta":{"_acf_changed":false,"_kad_blocks_custom_css":"","_kad_blocks_head_custom_js":"","_kad_blocks_body_custom_js":"","_kad_blocks_footer_custom_js":"","_kadence_starter_templates_imported_post":false,"_kad_post_transparent":"default","_kad_post_title":"","_kad_post_layout":"default","_kad_post_sidebar_id":"","_kad_post_content_style":"default","_kad_post_vertical_padding":"default","_kad_post_feature":"","_kad_post_feature_position":"","_kad_post_header":false,"_kad_post_footer":false},"pcategory":[22,23],"ptag":[],"class_list":["post-2998","product","type-product","status-publish","has-post-thumbnail","hentry","pcategory-random-packing","pcategory-metal-random-packing"],"acf":[],"yoast_head":"<!-- This site is optimized with the Yoast SEO plugin v27.4 - https:\/\/yoast.com\/product\/yoast-seo-wordpress\/ -->\n<title>Metal Super Mini Ring<\/title>\n<meta name=\"robots\" content=\"index, follow, max-snippet:-1, max-image-preview:large, max-video-preview:-1\" \/>\n<link rel=\"canonical\" href=\"https:\/\/cpxzx.com\/tr\/urun\/metal-super-mini-ring\/\" \/>\n<meta property=\"og:locale\" content=\"tr_TR\" \/>\n<meta property=\"og:type\" content=\"article\" \/>\n<meta property=\"og:title\" content=\"Metal Super Mini Ring\" \/>\n<meta property=\"og:description\" content=\"Metal Super Mini Ring, also called metal flat ring, is an advanced type of random tower packing. It is designed with a short open-ring structure and a height-to-diameter ratio of about 0.2\u20130.4. The unique inward-curved arc ribs enhance strength and stability, while also ensuring efficient mass transfer. Compared with traditional Pall Ring, Metal Super Mini Ring can improve mass transfer effects by more than 20%.\" \/>\n<meta property=\"og:url\" content=\"https:\/\/cpxzx.com\/tr\/urun\/metal-super-mini-ring\/\" \/>\n<meta property=\"og:site_name\" content=\"Cooling Tower Fill, China PVC Fills Manufacturer\" \/>\n<meta property=\"og:image\" content=\"https:\/\/cpxzx.com\/wp-content\/uploads\/2025\/09\/Tower-Packing-Metal-Super-Mini-Ring.jpg\" \/>\n\t<meta property=\"og:image:width\" content=\"550\" \/>\n\t<meta property=\"og:image:height\" content=\"550\" \/>\n\t<meta property=\"og:image:type\" content=\"image\/jpeg\" \/>\n<meta name=\"twitter:card\" content=\"summary_large_image\" \/>\n<meta name=\"twitter:label1\" content=\"Tahmini okuma s\u00fcresi\" \/>\n\t<meta name=\"twitter:data1\" content=\"2 dakika\" \/>\n<script type=\"application\/ld+json\" class=\"yoast-schema-graph\">{\"@context\":\"https:\\\/\\\/schema.org\",\"@graph\":[{\"@type\":\"WebPage\",\"@id\":\"https:\\\/\\\/cpxzx.com\\\/product\\\/metal-super-mini-ring\\\/\",\"url\":\"https:\\\/\\\/cpxzx.com\\\/product\\\/metal-super-mini-ring\\\/\",\"name\":\"Metal Super Mini Ring\",\"isPartOf\":{\"@id\":\"https:\\\/\\\/cpxzx.com\\\/#website\"},\"primaryImageOfPage\":{\"@id\":\"https:\\\/\\\/cpxzx.com\\\/product\\\/metal-super-mini-ring\\\/#primaryimage\"},\"image\":{\"@id\":\"https:\\\/\\\/cpxzx.com\\\/product\\\/metal-super-mini-ring\\\/#primaryimage\"},\"thumbnailUrl\":\"https:\\\/\\\/cpxzx.com\\\/wp-content\\\/uploads\\\/2025\\\/09\\\/Tower-Packing-Metal-Super-Mini-Ring.jpg\",\"datePublished\":\"2025-09-12T06:18:40+00:00\",\"breadcrumb\":{\"@id\":\"https:\\\/\\\/cpxzx.com\\\/product\\\/metal-super-mini-ring\\\/#breadcrumb\"},\"inLanguage\":\"tr\",\"potentialAction\":[{\"@type\":\"ReadAction\",\"target\":[\"https:\\\/\\\/cpxzx.com\\\/product\\\/metal-super-mini-ring\\\/\"]}]},{\"@type\":\"ImageObject\",\"inLanguage\":\"tr\",\"@id\":\"https:\\\/\\\/cpxzx.com\\\/product\\\/metal-super-mini-ring\\\/#primaryimage\",\"url\":\"https:\\\/\\\/cpxzx.com\\\/wp-content\\\/uploads\\\/2025\\\/09\\\/Tower-Packing-Metal-Super-Mini-Ring.jpg\",\"contentUrl\":\"https:\\\/\\\/cpxzx.com\\\/wp-content\\\/uploads\\\/2025\\\/09\\\/Tower-Packing-Metal-Super-Mini-Ring.jpg\",\"width\":550,\"height\":550,\"caption\":\"Tower-Packing-Metal-Super-Mini-Ring\"},{\"@type\":\"BreadcrumbList\",\"@id\":\"https:\\\/\\\/cpxzx.com\\\/product\\\/metal-super-mini-ring\\\/#breadcrumb\",\"itemListElement\":[{\"@type\":\"ListItem\",\"position\":1,\"name\":\"Home\",\"item\":\"https:\\\/\\\/cpxzx.com\\\/\"},{\"@type\":\"ListItem\",\"position\":2,\"name\":\"Random Packing\",\"item\":\"https:\\\/\\\/cpxzx.com\\\/pcategory\\\/random-packing\\\/\"},{\"@type\":\"ListItem\",\"position\":3,\"name\":\"Metal Random Packing\",\"item\":\"https:\\\/\\\/cpxzx.com\\\/pcategory\\\/random-packing\\\/metal-random-packing\\\/\"},{\"@type\":\"ListItem\",\"position\":4,\"name\":\"SS316 Metal Super Mini Ring\"}]},{\"@type\":\"WebSite\",\"@id\":\"https:\\\/\\\/cpxzx.com\\\/#website\",\"url\":\"https:\\\/\\\/cpxzx.com\\\/\",\"name\":\"Cooling Tower Fill, China PVC Fills Manufacturer\",\"description\":\"\",\"publisher\":{\"@id\":\"https:\\\/\\\/cpxzx.com\\\/#organization\"},\"potentialAction\":[{\"@type\":\"SearchAction\",\"target\":{\"@type\":\"EntryPoint\",\"urlTemplate\":\"https:\\\/\\\/cpxzx.com\\\/?s={search_term_string}\"},\"query-input\":{\"@type\":\"PropertyValueSpecification\",\"valueRequired\":true,\"valueName\":\"search_term_string\"}}],\"inLanguage\":\"tr\"},{\"@type\":\"Organization\",\"@id\":\"https:\\\/\\\/cpxzx.com\\\/#organization\",\"name\":\"Cooling Tower Fill, China PVC Fills Manufacturer\",\"url\":\"https:\\\/\\\/cpxzx.com\\\/\",\"logo\":{\"@type\":\"ImageObject\",\"inLanguage\":\"tr\",\"@id\":\"https:\\\/\\\/cpxzx.com\\\/#\\\/schema\\\/logo\\\/image\\\/\",\"url\":\"https:\\\/\\\/cpxzx.com\\\/wp-content\\\/uploads\\\/2025\\\/07\\\/1751628807-logo.png\",\"contentUrl\":\"https:\\\/\\\/cpxzx.com\\\/wp-content\\\/uploads\\\/2025\\\/07\\\/1751628807-logo.png\",\"width\":383,\"height\":87,\"caption\":\"Cooling Tower Fill, China PVC Fills Manufacturer\"},\"image\":{\"@id\":\"https:\\\/\\\/cpxzx.com\\\/#\\\/schema\\\/logo\\\/image\\\/\"}}]}<\/script>\n<!-- \/ Yoast SEO plugin. -->","yoast_head_json":{"title":"Metal S\u00fcper Mini Y\u00fcz\u00fck","robots":{"index":"index","follow":"follow","max-snippet":"max-snippet:-1","max-image-preview":"max-image-preview:large","max-video-preview":"max-video-preview:-1"},"canonical":"https:\/\/cpxzx.com\/tr\/urun\/metal-super-mini-ring\/","og_locale":"tr_TR","og_type":"article","og_title":"Metal Super Mini Ring","og_description":"Metal Super Mini Ring, also called metal flat ring, is an advanced type of random tower packing. It is designed with a short open-ring structure and a height-to-diameter ratio of about 0.2\u20130.4. The unique inward-curved arc ribs enhance strength and stability, while also ensuring efficient mass transfer. Compared with traditional Pall Ring, Metal Super Mini Ring can improve mass transfer effects by more than 20%.","og_url":"https:\/\/cpxzx.com\/tr\/urun\/metal-super-mini-ring\/","og_site_name":"Cooling Tower Fill, China PVC Fills Manufacturer","og_image":[{"width":550,"height":550,"url":"https:\/\/cpxzx.com\/wp-content\/uploads\/2025\/09\/Tower-Packing-Metal-Super-Mini-Ring.jpg","type":"image\/jpeg"}],"twitter_card":"summary_large_image","twitter_misc":{"Tahmini okuma s\u00fcresi":"2 dakika"},"schema":{"@context":"https:\/\/schema.org","@graph":[{"@type":"WebPage","@id":"https:\/\/cpxzx.com\/product\/metal-super-mini-ring\/","url":"https:\/\/cpxzx.com\/product\/metal-super-mini-ring\/","name":"Metal S\u00fcper Mini Y\u00fcz\u00fck","isPartOf":{"@id":"https:\/\/cpxzx.com\/#website"},"primaryImageOfPage":{"@id":"https:\/\/cpxzx.com\/product\/metal-super-mini-ring\/#primaryimage"},"image":{"@id":"https:\/\/cpxzx.com\/product\/metal-super-mini-ring\/#primaryimage"},"thumbnailUrl":"https:\/\/cpxzx.com\/wp-content\/uploads\/2025\/09\/Tower-Packing-Metal-Super-Mini-Ring.jpg","datePublished":"2025-09-12T06:18:40+00:00","breadcrumb":{"@id":"https:\/\/cpxzx.com\/product\/metal-super-mini-ring\/#breadcrumb"},"inLanguage":"tr","potentialAction":[{"@type":"ReadAction","target":["https:\/\/cpxzx.com\/product\/metal-super-mini-ring\/"]}]},{"@type":"ImageObject","inLanguage":"tr","@id":"https:\/\/cpxzx.com\/product\/metal-super-mini-ring\/#primaryimage","url":"https:\/\/cpxzx.com\/wp-content\/uploads\/2025\/09\/Tower-Packing-Metal-Super-Mini-Ring.jpg","contentUrl":"https:\/\/cpxzx.com\/wp-content\/uploads\/2025\/09\/Tower-Packing-Metal-Super-Mini-Ring.jpg","width":550,"height":550,"caption":"Tower-Packing-Metal-Super-Mini-Ring"},{"@type":"BreadcrumbList","@id":"https:\/\/cpxzx.com\/product\/metal-super-mini-ring\/#breadcrumb","itemListElement":[{"@type":"ListItem","position":1,"name":"Home","item":"https:\/\/cpxzx.com\/"},{"@type":"ListItem","position":2,"name":"Random Packing","item":"https:\/\/cpxzx.com\/pcategory\/random-packing\/"},{"@type":"ListItem","position":3,"name":"Metal Random Packing","item":"https:\/\/cpxzx.com\/pcategory\/random-packing\/metal-random-packing\/"},{"@type":"ListItem","position":4,"name":"SS316 Metal Super Mini Ring"}]},{"@type":"WebSite","@id":"https:\/\/cpxzx.com\/#website","url":"https:\/\/cpxzx.com\/","name":"So\u011futma Kulesi Dolgusu, \u00c7in PVC Dolgular \u00dcretici","description":"","publisher":{"@id":"https:\/\/cpxzx.com\/#organization"},"potentialAction":[{"@type":"SearchAction","target":{"@type":"EntryPoint","urlTemplate":"https:\/\/cpxzx.com\/?s={search_term_string}"},"query-input":{"@type":"PropertyValueSpecification","valueRequired":true,"valueName":"search_term_string"}}],"inLanguage":"tr"},{"@type":"Organization","@id":"https:\/\/cpxzx.com\/#organization","name":"So\u011futma Kulesi Dolgusu, \u00c7in PVC Dolgular \u00dcretici","url":"https:\/\/cpxzx.com\/","logo":{"@type":"ImageObject","inLanguage":"tr","@id":"https:\/\/cpxzx.com\/#\/schema\/logo\/image\/","url":"https:\/\/cpxzx.com\/wp-content\/uploads\/2025\/07\/1751628807-logo.png","contentUrl":"https:\/\/cpxzx.com\/wp-content\/uploads\/2025\/07\/1751628807-logo.png","width":383,"height":87,"caption":"Cooling Tower Fill, China PVC Fills Manufacturer"},"image":{"@id":"https:\/\/cpxzx.com\/#\/schema\/logo\/image\/"}}]}},"taxonomy_info":{"pcategory":[{"value":22,"label":"Random Packing"},{"value":23,"label":"Metal Random Packing"}]},"featured_image_src_large":["https:\/\/cpxzx.com\/wp-content\/uploads\/2025\/09\/Tower-Packing-Metal-Super-Mini-Ring.jpg",550,550,false],"author_info":[],"comment_info":"","_links":{"self":[{"href":"https:\/\/cpxzx.com\/tr\/wp-json\/wp\/v2\/product\/2998","targetHints":{"allow":["GET"]}}],"collection":[{"href":"https:\/\/cpxzx.com\/tr\/wp-json\/wp\/v2\/product"}],"about":[{"href":"https:\/\/cpxzx.com\/tr\/wp-json\/wp\/v2\/types\/product"}],"wp:featuredmedia":[{"embeddable":true,"href":"https:\/\/cpxzx.com\/tr\/wp-json\/wp\/v2\/media\/3001"}],"wp:attachment":[{"href":"https:\/\/cpxzx.com\/tr\/wp-json\/wp\/v2\/media?parent=2998"}],"wp:term":[{"taxonomy":"pcategory","embeddable":true,"href":"https:\/\/cpxzx.com\/tr\/wp-json\/wp\/v2\/pcategory?post=2998"},{"taxonomy":"ptag","embeddable":true,"href":"https:\/\/cpxzx.com\/tr\/wp-json\/wp\/v2\/ptag?post=2998"}],"curies":[{"name":"wp","href":"https:\/\/api.w.org\/{rel}","templated":true}]}}