{"id":2977,"date":"2025-09-11T08:30:27","date_gmt":"2025-09-11T08:30:27","guid":{"rendered":"https:\/\/cpxzx.com\/?post_type=product&#038;p=2977"},"modified":"2025-09-08T03:17:51","modified_gmt":"2025-09-08T03:17:51","slug":"metal-vsp-ring","status":"publish","type":"product","link":"https:\/\/cpxzx.com\/tr\/urun\/metal-vsp-ring\/","title":{"rendered":"Ss304 Metal VSP Halkas\u0131 (25mm 38mm 50mm 76mm)"},"content":{"rendered":"<p><strong>Metal VSP Y\u00fcz\u00fck<\/strong> (Dikey Spiral B\u00f6lme Halkas\u0131), d\u00fcnya \u00e7ap\u0131nda Mella Halkas\u0131 olarak da bilinir, kimya ve petrokimya end\u00fcstrilerinde yayg\u0131n olarak kullan\u0131lan y\u00fcksek verimli rastgele bir ambalajd\u0131r. D\u00fczg\u00fcn geometrik simetri, y\u00fcksek bo\u015fluk ve m\u00fckemmel s\u0131v\u0131 da\u011f\u0131l\u0131m\u0131 sa\u011flayan benzersiz bir spiral yap\u0131 ile tasarlanm\u0131\u015ft\u0131r. Geleneksel metal Pall Ring ile kar\u015f\u0131la\u015ft\u0131r\u0131ld\u0131\u011f\u0131nda, Metal VSP Ring 15-30% daha y\u00fcksek s\u0131v\u0131 ve gaz verimi sunarken, bas\u0131n\u00e7 d\u00fc\u015f\u00fc\u015f\u00fcn\u00fc 20-30% azalt\u0131r.<\/p>\n<p>Y\u00fcksek kaliteli paslanmaz \u00e7elik, karbon \u00e7eli\u011fi veya al\u00fcminyum ala\u015f\u0131m\u0131ndan \u00fcretilen Metal VSP Halkas\u0131 ince duvarlara, g\u00fc\u00e7l\u00fc mekanik mukavemete, y\u00fcksek \u0131s\u0131 direncine ve \u00fcst\u00fcn korozyon direncine sahiptir. Bu \u00f6zel salmastra \u00f6zellikle y\u00fcksek kapasite, d\u00fc\u015f\u00fck diren\u00e7 ve m\u00fckemmel ay\u0131rma verimlili\u011fi gerektiren prosesler i\u00e7in etkilidir.<\/p>\n<h2>Metal VSP Halkas\u0131n\u0131n \u00d6zellikleri<\/h2>\n<ul>\n<li>Mevcut malzemeler: karbon \u00e7eli\u011fi, SS304, SS304L, SS316, SS316L, SS410, al\u00fcminyum ala\u015f\u0131m\u0131.<\/li>\n<li>Y\u00fcksek k\u0131rma mukavemeti ve kolay kurulum.<\/li>\n<li>Zorlu \u00e7al\u0131\u015fma ko\u015fullar\u0131 i\u00e7in m\u00fckemmel s\u0131cakl\u0131k direnci.<\/li>\n<li>Verimli \u00e7al\u0131\u015fma i\u00e7in y\u00fcksek ta\u015fma noktas\u0131 ve d\u00fc\u015f\u00fck \u0131slanma noktas\u0131.<\/li>\n<li>B\u00fcy\u00fck serbest hacim ve y\u00fcksek ay\u0131rma verimlili\u011fi.<\/li>\n<\/ul>\n<p>Bu \u00f6zellikler Metal VSP Ring'i hem standart hem de zorlu kimyasal uygulamalar i\u00e7in ideal hale getirir.<\/p>\n<h2>Teknik \u00d6zellikler ve Teknik Performans<\/h2>\n<p>Metal VSP Halkas\u0131n\u0131n yap\u0131s\u0131, eksenel y\u00f6n boyunca d\u00f6n\u00fc\u015f\u00fcml\u00fc olarak d\u00fczenlenmi\u015f e\u015fit katlanm\u0131\u015f i\u00e7 yaylardan olu\u015fur. Bu benzersiz geometri, s\u0131v\u0131 ve gaz aras\u0131ndaki temas alan\u0131n\u0131 art\u0131rarak daha iyi k\u00fctle aktar\u0131m verimlili\u011fi sa\u011flar.<\/p>\n<h3>\u00dcr\u00fcn Parametreleri<\/h3>\n<table border=\"1\" cellspacing=\"0\" cellpadding=\"6\">\n<tbody>\n<tr>\n<th>\u00d6zellikler (mm)<\/th>\n<th>Boyut (mm)<\/th>\n<th>Y\u0131\u011f\u0131n say\u0131lar\u0131 (m\u00b3 ba\u015f\u0131na)<\/th>\n<th>Y\u00fczey alan\u0131 (m\u00b2\/m\u00b3)<\/th>\n<th>Y\u0131\u011f\u0131n yo\u011funlu\u011fu (kg\/m\u00b3)<\/th>\n<th>Serbest hacim (%)<\/th>\n<th>Kuru paketleme Fakt\u00f6r\u00fc (m-\u00b9)<\/th>\n<\/tr>\n<tr>\n<td>\u03a625<\/td>\n<td>25\u00d725\u00d70.6<\/td>\n<td>59,200<\/td>\n<td>250<\/td>\n<td>420<\/td>\n<td>93<\/td>\n<td>310<\/td>\n<\/tr>\n<tr>\n<td>\u03a638<\/td>\n<td>38\u00d738\u00d70.6<\/td>\n<td>14,500<\/td>\n<td>138<\/td>\n<td>350<\/td>\n<td>94.7<\/td>\n<td>163<\/td>\n<\/tr>\n<tr>\n<td>\u03a650<\/td>\n<td>50\u00d750\u00d70.8<\/td>\n<td>7,000<\/td>\n<td>121<\/td>\n<td>300<\/td>\n<td>95<\/td>\n<td>144<\/td>\n<\/tr>\n<tr>\n<td>\u03a676<\/td>\n<td>76\u00d776\u00d71.0<\/td>\n<td>1,950<\/td>\n<td>75<\/td>\n<td>280<\/td>\n<td>95<\/td>\n<td>86<\/td>\n<\/tr>\n<\/tbody>\n<\/table>\n<p>Bu veriler, Metal VSP Halkas\u0131n\u0131n y\u00fcksek y\u00fczey alan\u0131, d\u00fc\u015f\u00fck y\u0131\u011f\u0131n yo\u011funlu\u011fu ve m\u00fckemmel serbest hacim sa\u011flad\u0131\u011f\u0131n\u0131, bunun da verimli k\u00fctle transferi ve d\u00fc\u015f\u00fck bas\u0131n\u00e7 d\u00fc\u015f\u00fc\u015f\u00fc sa\u011flad\u0131\u011f\u0131n\u0131 g\u00f6stermektedir.<\/p>\n<h2>Metal VSP Halkas\u0131n\u0131n Avantajlar\u0131<\/h2>\n<ul>\n<li>\u0130nce duvarl\u0131 ve hafif tasar\u0131m.<\/li>\n<li>Geni\u015f serbest hacim ve y\u00fcksek kapasite.<\/li>\n<li>D\u00fc\u015f\u00fck diren\u00e7, enerji t\u00fcketimini azalt\u0131r.<\/li>\n<li>Kendi kendini temizleme \u00f6zelli\u011fi sayesinde kirlenmeyi ve t\u0131kanmay\u0131 \u00f6nler.<\/li>\n<li>M\u00fckemmel \u0131s\u0131 direnci, \u0131s\u0131ya duyarl\u0131 malzemelerin vakum distilasyonu i\u00e7in uygundur.<\/li>\n<li>Korozyona dayan\u0131kl\u0131 malzemeler sayesinde uzun servis \u00f6mr\u00fc.<\/li>\n<\/ul>\n<p>Kullan\u0131c\u0131lar, Metal VSP Ring kullanarak istikrarl\u0131 performans, daha y\u00fcksek \u00fcretkenlik ve daha d\u00fc\u015f\u00fck i\u015fletme maliyetlerinden yararlan\u0131rlar.<\/p>\n<h2>Metal VSP Halkas\u0131 Uygulamalar\u0131<\/h2>\n<ul>\n<li>Petrokimya end\u00fcstrisi distilasyon ve absorpsiyon prosesleri.<\/li>\n<li>Rafineri gaz i\u015fleme ve hidrokarbon ayr\u0131\u015ft\u0131rma.<\/li>\n<li>\u00c7evre koruma ve emisyon azaltma sistemleri.<\/li>\n<li>G\u00fcbre \u00fcretimi ve ince kimyasal i\u015fleme.<\/li>\n<li>Y\u00fcksek safl\u0131kta ay\u0131rma i\u00e7in ila\u00e7 end\u00fcstrisi.<\/li>\n<li>Yeni enerji ve ileri malzeme end\u00fcstrileri.<\/li>\n<\/ul>\n<p>\u00c7ok y\u00f6nl\u00fcl\u00fc\u011f\u00fc, Metal VSP Ring'i paketlenmi\u015f kulelerde, absorpsiyon kolonlar\u0131nda ve s\u0131y\u0131rma \u00fcnitelerinde verimlili\u011fi art\u0131rmak i\u00e7in tercih edilen bir se\u00e7enek haline getirir.<\/p>\n<h2>Paketleme ve Tedarik<\/h2>\n<p>Metal VSP Halkas\u0131, nakliye s\u0131ras\u0131nda hasar g\u00f6rmesini \u00f6nlemek i\u00e7in dikkatlice paketlenir. Sipari\u015f miktar\u0131na ve m\u00fc\u015fteri gereksinimlerine ba\u011fl\u0131 olarak dokuma torbalarda, kartonlarda veya ah\u015fap kutularda tedarik edilebilir. Toplu paketleme ve \u00f6zelle\u015ftirilmi\u015f paketleme \u00e7\u00f6z\u00fcmleri de mevcuttur.<\/p>","protected":false},"excerpt":{"rendered":"<p>Metal VSP Halkas\u0131, geli\u015fmi\u015f k\u00fctle transferi, d\u00fc\u015f\u00fck bas\u0131n\u00e7 d\u00fc\u015f\u00fc\u015f\u00fc ve b\u00fcy\u00fck kapasite i\u00e7in dikey spiral b\u00f6lmelerle tasarlanm\u0131\u015f y\u00fcksek verimli rastgele bir salmastrad\u0131r. Paslanmaz \u00e7elik, karbon \u00e7eli\u011fi veya al\u00fcminyum ala\u015f\u0131m\u0131ndan yap\u0131lm\u0131\u015f olup m\u00fckemmel korozyon direnci ve dayan\u0131kl\u0131l\u0131k sunar. Distilasyon, absorpsiyon ve s\u0131y\u0131rma proseslerinde yayg\u0131n olarak kullan\u0131lan Metal VSP Halkas\u0131 petrokimya, g\u00fcbre, ila\u00e7 ve \u00e7evre end\u00fcstrileri i\u00e7in idealdir.<\/p>","protected":false},"featured_media":2979,"parent":0,"template":"","meta":{"_acf_changed":false,"_kad_blocks_custom_css":"","_kad_blocks_head_custom_js":"","_kad_blocks_body_custom_js":"","_kad_blocks_footer_custom_js":"","_kadence_starter_templates_imported_post":false,"_kad_post_transparent":"default","_kad_post_title":"","_kad_post_layout":"default","_kad_post_sidebar_id":"","_kad_post_content_style":"default","_kad_post_vertical_padding":"default","_kad_post_feature":"","_kad_post_feature_position":"","_kad_post_header":false,"_kad_post_footer":false},"pcategory":[22,23],"ptag":[],"class_list":["post-2977","product","type-product","status-publish","has-post-thumbnail","hentry","pcategory-random-packing","pcategory-metal-random-packing"],"acf":[],"yoast_head":"<!-- This site is optimized with the Yoast SEO plugin v27.4 - https:\/\/yoast.com\/product\/yoast-seo-wordpress\/ -->\n<title>Metal VSP Ring-High Efficiency Random Packing Supplier<\/title>\n<meta name=\"robots\" content=\"index, follow, max-snippet:-1, max-image-preview:large, max-video-preview:-1\" \/>\n<link rel=\"canonical\" href=\"https:\/\/cpxzx.com\/tr\/urun\/metal-vsp-ring\/\" \/>\n<meta property=\"og:locale\" content=\"tr_TR\" \/>\n<meta property=\"og:type\" content=\"article\" \/>\n<meta property=\"og:title\" content=\"Metal VSP Ring-High Efficiency Random Packing Supplier\" \/>\n<meta property=\"og:description\" content=\"Metal VSP Ring is a high-efficiency random packing designed with vertical spiral partitions for improved mass transfer, low pressure drop, and large capacity. Made from stainless steel, carbon steel, or aluminum alloy, it offers excellent corrosion resistance and durability. Widely used in distillation, absorption, and stripping processes, Metal VSP Ring is ideal for petrochemical, fertilizer, pharmaceutical, and environmental industries.\" \/>\n<meta property=\"og:url\" content=\"https:\/\/cpxzx.com\/tr\/urun\/metal-vsp-ring\/\" \/>\n<meta property=\"og:site_name\" content=\"Cooling Tower Fill, China PVC Fills Manufacturer\" \/>\n<meta property=\"og:image\" content=\"https:\/\/cpxzx.com\/wp-content\/uploads\/2025\/09\/Chemical-Random-Packaging-SS316L-SS304L-Metal-Vsp-Ring.webp.jpg\" \/>\n\t<meta property=\"og:image:width\" content=\"550\" \/>\n\t<meta property=\"og:image:height\" content=\"550\" \/>\n\t<meta property=\"og:image:type\" content=\"image\/jpeg\" \/>\n<meta name=\"twitter:card\" content=\"summary_large_image\" \/>\n<meta name=\"twitter:label1\" content=\"Tahmini okuma s\u00fcresi\" \/>\n\t<meta name=\"twitter:data1\" content=\"3 dakika\" \/>\n<script type=\"application\/ld+json\" class=\"yoast-schema-graph\">{\"@context\":\"https:\\\/\\\/schema.org\",\"@graph\":[{\"@type\":\"WebPage\",\"@id\":\"https:\\\/\\\/cpxzx.com\\\/product\\\/metal-vsp-ring\\\/\",\"url\":\"https:\\\/\\\/cpxzx.com\\\/product\\\/metal-vsp-ring\\\/\",\"name\":\"Metal VSP Ring-High Efficiency Random Packing Supplier\",\"isPartOf\":{\"@id\":\"https:\\\/\\\/cpxzx.com\\\/#website\"},\"primaryImageOfPage\":{\"@id\":\"https:\\\/\\\/cpxzx.com\\\/product\\\/metal-vsp-ring\\\/#primaryimage\"},\"image\":{\"@id\":\"https:\\\/\\\/cpxzx.com\\\/product\\\/metal-vsp-ring\\\/#primaryimage\"},\"thumbnailUrl\":\"https:\\\/\\\/cpxzx.com\\\/wp-content\\\/uploads\\\/2025\\\/09\\\/Chemical-Random-Packaging-SS316L-SS304L-Metal-Vsp-Ring.webp.jpg\",\"datePublished\":\"2025-09-11T08:30:27+00:00\",\"breadcrumb\":{\"@id\":\"https:\\\/\\\/cpxzx.com\\\/product\\\/metal-vsp-ring\\\/#breadcrumb\"},\"inLanguage\":\"tr\",\"potentialAction\":[{\"@type\":\"ReadAction\",\"target\":[\"https:\\\/\\\/cpxzx.com\\\/product\\\/metal-vsp-ring\\\/\"]}]},{\"@type\":\"ImageObject\",\"inLanguage\":\"tr\",\"@id\":\"https:\\\/\\\/cpxzx.com\\\/product\\\/metal-vsp-ring\\\/#primaryimage\",\"url\":\"https:\\\/\\\/cpxzx.com\\\/wp-content\\\/uploads\\\/2025\\\/09\\\/Chemical-Random-Packaging-SS316L-SS304L-Metal-Vsp-Ring.webp.jpg\",\"contentUrl\":\"https:\\\/\\\/cpxzx.com\\\/wp-content\\\/uploads\\\/2025\\\/09\\\/Chemical-Random-Packaging-SS316L-SS304L-Metal-Vsp-Ring.webp.jpg\",\"width\":550,\"height\":550,\"caption\":\"Ring-Metal-Vsp\"},{\"@type\":\"BreadcrumbList\",\"@id\":\"https:\\\/\\\/cpxzx.com\\\/product\\\/metal-vsp-ring\\\/#breadcrumb\",\"itemListElement\":[{\"@type\":\"ListItem\",\"position\":1,\"name\":\"Home\",\"item\":\"https:\\\/\\\/cpxzx.com\\\/\"},{\"@type\":\"ListItem\",\"position\":2,\"name\":\"Random Packing\",\"item\":\"https:\\\/\\\/cpxzx.com\\\/pcategory\\\/random-packing\\\/\"},{\"@type\":\"ListItem\",\"position\":3,\"name\":\"Metal Random Packing\",\"item\":\"https:\\\/\\\/cpxzx.com\\\/pcategory\\\/random-packing\\\/metal-random-packing\\\/\"},{\"@type\":\"ListItem\",\"position\":4,\"name\":\"Ss304 Metal VSP Ring(25mm 38mm 50mm 76mm)\"}]},{\"@type\":\"WebSite\",\"@id\":\"https:\\\/\\\/cpxzx.com\\\/#website\",\"url\":\"https:\\\/\\\/cpxzx.com\\\/\",\"name\":\"Cooling Tower Fill, China PVC Fills Manufacturer\",\"description\":\"\",\"publisher\":{\"@id\":\"https:\\\/\\\/cpxzx.com\\\/#organization\"},\"potentialAction\":[{\"@type\":\"SearchAction\",\"target\":{\"@type\":\"EntryPoint\",\"urlTemplate\":\"https:\\\/\\\/cpxzx.com\\\/?s={search_term_string}\"},\"query-input\":{\"@type\":\"PropertyValueSpecification\",\"valueRequired\":true,\"valueName\":\"search_term_string\"}}],\"inLanguage\":\"tr\"},{\"@type\":\"Organization\",\"@id\":\"https:\\\/\\\/cpxzx.com\\\/#organization\",\"name\":\"Cooling Tower Fill, China PVC Fills Manufacturer\",\"url\":\"https:\\\/\\\/cpxzx.com\\\/\",\"logo\":{\"@type\":\"ImageObject\",\"inLanguage\":\"tr\",\"@id\":\"https:\\\/\\\/cpxzx.com\\\/#\\\/schema\\\/logo\\\/image\\\/\",\"url\":\"https:\\\/\\\/cpxzx.com\\\/wp-content\\\/uploads\\\/2025\\\/07\\\/1751628807-logo.png\",\"contentUrl\":\"https:\\\/\\\/cpxzx.com\\\/wp-content\\\/uploads\\\/2025\\\/07\\\/1751628807-logo.png\",\"width\":383,\"height\":87,\"caption\":\"Cooling Tower Fill, China PVC Fills Manufacturer\"},\"image\":{\"@id\":\"https:\\\/\\\/cpxzx.com\\\/#\\\/schema\\\/logo\\\/image\\\/\"}}]}<\/script>\n<!-- \/ Yoast SEO plugin. -->","yoast_head_json":{"title":"Metal VSP Ring-High Efficiency Random Packing Supplier","robots":{"index":"index","follow":"follow","max-snippet":"max-snippet:-1","max-image-preview":"max-image-preview:large","max-video-preview":"max-video-preview:-1"},"canonical":"https:\/\/cpxzx.com\/tr\/urun\/metal-vsp-ring\/","og_locale":"tr_TR","og_type":"article","og_title":"Metal VSP Ring-High Efficiency Random Packing Supplier","og_description":"Metal VSP Ring is a high-efficiency random packing designed with vertical spiral partitions for improved mass transfer, low pressure drop, and large capacity. Made from stainless steel, carbon steel, or aluminum alloy, it offers excellent corrosion resistance and durability. Widely used in distillation, absorption, and stripping processes, Metal VSP Ring is ideal for petrochemical, fertilizer, pharmaceutical, and environmental industries.","og_url":"https:\/\/cpxzx.com\/tr\/urun\/metal-vsp-ring\/","og_site_name":"Cooling Tower Fill, China PVC Fills Manufacturer","og_image":[{"width":550,"height":550,"url":"https:\/\/cpxzx.com\/wp-content\/uploads\/2025\/09\/Chemical-Random-Packaging-SS316L-SS304L-Metal-Vsp-Ring.webp.jpg","type":"image\/jpeg"}],"twitter_card":"summary_large_image","twitter_misc":{"Tahmini okuma s\u00fcresi":"3 dakika"},"schema":{"@context":"https:\/\/schema.org","@graph":[{"@type":"WebPage","@id":"https:\/\/cpxzx.com\/product\/metal-vsp-ring\/","url":"https:\/\/cpxzx.com\/product\/metal-vsp-ring\/","name":"Metal VSP Ring-High Efficiency Random Packing Supplier","isPartOf":{"@id":"https:\/\/cpxzx.com\/#website"},"primaryImageOfPage":{"@id":"https:\/\/cpxzx.com\/product\/metal-vsp-ring\/#primaryimage"},"image":{"@id":"https:\/\/cpxzx.com\/product\/metal-vsp-ring\/#primaryimage"},"thumbnailUrl":"https:\/\/cpxzx.com\/wp-content\/uploads\/2025\/09\/Chemical-Random-Packaging-SS316L-SS304L-Metal-Vsp-Ring.webp.jpg","datePublished":"2025-09-11T08:30:27+00:00","breadcrumb":{"@id":"https:\/\/cpxzx.com\/product\/metal-vsp-ring\/#breadcrumb"},"inLanguage":"tr","potentialAction":[{"@type":"ReadAction","target":["https:\/\/cpxzx.com\/product\/metal-vsp-ring\/"]}]},{"@type":"ImageObject","inLanguage":"tr","@id":"https:\/\/cpxzx.com\/product\/metal-vsp-ring\/#primaryimage","url":"https:\/\/cpxzx.com\/wp-content\/uploads\/2025\/09\/Chemical-Random-Packaging-SS316L-SS304L-Metal-Vsp-Ring.webp.jpg","contentUrl":"https:\/\/cpxzx.com\/wp-content\/uploads\/2025\/09\/Chemical-Random-Packaging-SS316L-SS304L-Metal-Vsp-Ring.webp.jpg","width":550,"height":550,"caption":"Ring-Metal-Vsp"},{"@type":"BreadcrumbList","@id":"https:\/\/cpxzx.com\/product\/metal-vsp-ring\/#breadcrumb","itemListElement":[{"@type":"ListItem","position":1,"name":"Home","item":"https:\/\/cpxzx.com\/"},{"@type":"ListItem","position":2,"name":"Random Packing","item":"https:\/\/cpxzx.com\/pcategory\/random-packing\/"},{"@type":"ListItem","position":3,"name":"Metal Random Packing","item":"https:\/\/cpxzx.com\/pcategory\/random-packing\/metal-random-packing\/"},{"@type":"ListItem","position":4,"name":"Ss304 Metal VSP Ring(25mm 38mm 50mm 76mm)"}]},{"@type":"WebSite","@id":"https:\/\/cpxzx.com\/#website","url":"https:\/\/cpxzx.com\/","name":"So\u011futma Kulesi Dolgusu, \u00c7in PVC Dolgular \u00dcretici","description":"","publisher":{"@id":"https:\/\/cpxzx.com\/#organization"},"potentialAction":[{"@type":"SearchAction","target":{"@type":"EntryPoint","urlTemplate":"https:\/\/cpxzx.com\/?s={search_term_string}"},"query-input":{"@type":"PropertyValueSpecification","valueRequired":true,"valueName":"search_term_string"}}],"inLanguage":"tr"},{"@type":"Organization","@id":"https:\/\/cpxzx.com\/#organization","name":"So\u011futma Kulesi Dolgusu, \u00c7in PVC Dolgular \u00dcretici","url":"https:\/\/cpxzx.com\/","logo":{"@type":"ImageObject","inLanguage":"tr","@id":"https:\/\/cpxzx.com\/#\/schema\/logo\/image\/","url":"https:\/\/cpxzx.com\/wp-content\/uploads\/2025\/07\/1751628807-logo.png","contentUrl":"https:\/\/cpxzx.com\/wp-content\/uploads\/2025\/07\/1751628807-logo.png","width":383,"height":87,"caption":"Cooling Tower Fill, China PVC Fills Manufacturer"},"image":{"@id":"https:\/\/cpxzx.com\/#\/schema\/logo\/image\/"}}]}},"taxonomy_info":{"pcategory":[{"value":22,"label":"Random Packing"},{"value":23,"label":"Metal Random Packing"}]},"featured_image_src_large":["https:\/\/cpxzx.com\/wp-content\/uploads\/2025\/09\/Chemical-Random-Packaging-SS316L-SS304L-Metal-Vsp-Ring.webp.jpg",550,550,false],"author_info":[],"comment_info":"","_links":{"self":[{"href":"https:\/\/cpxzx.com\/tr\/wp-json\/wp\/v2\/product\/2977","targetHints":{"allow":["GET"]}}],"collection":[{"href":"https:\/\/cpxzx.com\/tr\/wp-json\/wp\/v2\/product"}],"about":[{"href":"https:\/\/cpxzx.com\/tr\/wp-json\/wp\/v2\/types\/product"}],"wp:featuredmedia":[{"embeddable":true,"href":"https:\/\/cpxzx.com\/tr\/wp-json\/wp\/v2\/media\/2979"}],"wp:attachment":[{"href":"https:\/\/cpxzx.com\/tr\/wp-json\/wp\/v2\/media?parent=2977"}],"wp:term":[{"taxonomy":"pcategory","embeddable":true,"href":"https:\/\/cpxzx.com\/tr\/wp-json\/wp\/v2\/pcategory?post=2977"},{"taxonomy":"ptag","embeddable":true,"href":"https:\/\/cpxzx.com\/tr\/wp-json\/wp\/v2\/ptag?post=2977"}],"curies":[{"name":"wp","href":"https:\/\/api.w.org\/{rel}","templated":true}]}}