{"id":2972,"date":"2025-09-09T09:00:02","date_gmt":"2025-09-09T09:00:02","guid":{"rendered":"https:\/\/cpxzx.com\/?post_type=product&#038;p=2972"},"modified":"2025-09-07T07:19:57","modified_gmt":"2025-09-07T07:19:57","slug":"metal-intalox-saddle","status":"publish","type":"product","link":"https:\/\/cpxzx.com\/tr\/urun\/metal-intalox-saddle\/","title":{"rendered":"Metal Intalox Sele"},"content":{"rendered":"<p><strong>Metal Intalox Sele<\/strong> kimya, petrokimya ve \u00e7evre end\u00fcstrilerindeki dolgulu kulelerin performans\u0131n\u0131 art\u0131rmak i\u00e7in tasarlanm\u0131\u015f y\u00fcksek verimli bir rastgele salmastra t\u00fcr\u00fcd\u00fcr. \u0130lk olarak Norton taraf\u0131ndan Amerika Birle\u015fik Devletleri'nde geli\u015ftirilmi\u015ftir ve o zamandan beri mevcut en etkili kule dolgular\u0131ndan biri olarak uluslararas\u0131 kabul g\u00f6rm\u00fc\u015ft\u00fcr.<\/p>\n<p>Metal Intalox Selenin yap\u0131s\u0131 hem bir halkan\u0131n hem de bir selenin tasar\u0131m avantajlar\u0131n\u0131 bir araya getirir. \u0130lave dairesel nerv\u00fcrlere sahip sele \u015feklindeki g\u00f6vdesi y\u00fcksek mekanik mukavemet sa\u011flar, \u00fcst \u00fcste binme riskini azalt\u0131r ve sertli\u011fi art\u0131r\u0131r. Y\u00fczeydeki k\u00fc\u00e7\u00fck t\u0131rnaklar t\u00fcrb\u00fclans yarat\u0131r, gaz-s\u0131v\u0131 temas\u0131n\u0131 art\u0131r\u0131r ve k\u00fctle transfer verimlili\u011fini y\u00fckseltir. Bu tasar\u0131m, pall halkalar\u0131 gibi geleneksel ambalajlara k\u0131yasla \u00fcst\u00fcn ay\u0131rma performans\u0131 sa\u011flar.<\/p>\n<p>Metal Intalox Saddle kullan\u0131m\u0131 \u00e7e\u015fitli avantajlar sunar. Kule y\u00fcksekli\u011fi 35%'ye kadar azalt\u0131labilir, kolon \u00e7ap\u0131 30% azalt\u0131labilir ve verimlilik 10-30% art\u0131r\u0131labilir. Ayr\u0131ca, bas\u0131n\u00e7 d\u00fc\u015f\u00fc\u015f\u00fc 20-60% azalt\u0131labilir, bu da enerji t\u00fcketimini d\u00fc\u015f\u00fcr\u00fcr ve i\u015fletme maliyetlerini azalt\u0131r. Pilot testler, dam\u0131tma proseslerinde Metal Intalox Saddle kullan\u0131m\u0131n\u0131n sermaye yat\u0131r\u0131m\u0131n\u0131 da yakla\u015f\u0131k 20% azaltabilece\u011fini g\u00f6stermi\u015ftir.<\/p>\n<p>Metal Intalox Sele, karbon \u00e7eli\u011fi, 304, 304L, 410, 316 ve 316L paslanmaz \u00e7elik dahil olmak \u00fczere farkl\u0131 \u00e7al\u0131\u015fma ko\u015fullar\u0131na uyacak \u015fekilde \u00e7e\u015fitli malzemelerden \u00fcretilebilir. Bu esneklik, onu bir\u00e7ok a\u015f\u0131nd\u0131r\u0131c\u0131 veya y\u00fcksek s\u0131cakl\u0131kl\u0131 ortama uyarlanabilir hale getirir.<\/p>\n<h2>\u00d6zellikler<\/h2>\n<ul>\n<li>Geli\u015ftirilmi\u015f s\u0131v\u0131 da\u011f\u0131l\u0131m\u0131 ve film yenileme ile m\u00fckemmel k\u00fctle transfer verimlili\u011fi.<\/li>\n<li>Daha k\u0131sa paketlenmi\u015f yatak y\u00fcksekli\u011fi, kulenin toplam boyutunu azalt\u0131r.<\/li>\n<li>Y\u00fcksek mukavemet\/a\u011f\u0131rl\u0131k oran\u0131, 15 metre y\u00fcksekli\u011fe kadar yataklar i\u00e7in uygundur.<\/li>\n<li>Tek tip rastgele paketleme, tutarl\u0131 ve \u00f6ng\u00f6r\u00fclebilir performans sa\u011flar.<\/li>\n<li>Serbest ak\u0131\u015fl\u0131 par\u00e7ac\u0131k tasar\u0131m\u0131, takma ve \u00e7\u0131karmay\u0131 kolayla\u015ft\u0131r\u0131r.<\/li>\n<li>Zorlu uygulamalarda bile d\u00fc\u015f\u00fck bas\u0131n\u00e7 d\u00fc\u015f\u00fc\u015f\u00fc ile y\u00fcksek kapasite.<\/li>\n<li>Geni\u015f aray\u00fczey alan\u0131 ay\u0131rma performans\u0131n\u0131 art\u0131r\u0131r.<\/li>\n<li>Karbon \u00e7eli\u011fi, SS304, SS304L, SS410, SS316 ve SS316L gibi \u00e7ok say\u0131da malzeme mevcuttur.<\/li>\n<\/ul>\n<h2>\u015eartname<\/h2>\n<p>Metal Intalox Sele \u015fekli, halka ve sele tasar\u0131mlar\u0131n\u0131n benzersiz bir kar\u0131\u015f\u0131m\u0131d\u0131r. Bu yap\u0131sal avantaj, kolon i\u00e7indeki gaz ve s\u0131v\u0131 da\u011f\u0131l\u0131m\u0131n\u0131 iyile\u015ftirir ve gaz ge\u00e7i\u015f yollar\u0131n\u0131n say\u0131s\u0131n\u0131 art\u0131r\u0131r. Sonu\u00e7, pall halkalara k\u0131yasla daha az diren\u00e7, daha y\u00fcksek verim ve geli\u015fmi\u015f verimliliktir. Y\u00fcksek mukavemeti ve dayan\u0131kl\u0131l\u0131\u011f\u0131 nedeniyle, d\u00fcnya \u00e7ap\u0131nda en yayg\u0131n kullan\u0131lan rastgele salmastralardan biri olarak kabul edilir.<\/p>\n<p>Metal Intalox Sele, petrokimya m\u00fchendisli\u011fi, g\u00fcbre \u00fcretimi ve \u00e7evre koruma alanlar\u0131nda s\u0131kl\u0131kla kullan\u0131l\u0131r. Absorpsiyon kulelerinde, ar\u0131tma kulelerinde, y\u0131kama kulelerinde, rektifikasyon sistemlerinde ve y\u00fcksek verimlilik ve g\u00fcvenilirli\u011fin gerekli oldu\u011fu di\u011fer paketlenmi\u015f kolonlarda uygulan\u0131r.<\/p>\n<h2>Metal Intalox Sele Teknik Parametreleri<\/h2>\n<table border=\"1\" cellspacing=\"0\" cellpadding=\"6\">\n<tbody>\n<tr>\n<th>Boyut (mm)<\/th>\n<th>Y\u0131\u011f\u0131n yo\u011funlu\u011fu (304, kg\/m\u00b3)<\/th>\n<th>Say\u0131 (m\u00b3 ba\u015f\u0131na)<\/th>\n<th>Y\u00fczey alan\u0131 (m\u00b2\/m\u00b3)<\/th>\n<th>Serbest hacim (%)<\/th>\n<th>Kuru Paketleme Fakt\u00f6r\u00fc m-\u00b9<\/th>\n<\/tr>\n<tr>\n<td>15mm 16.5*10.6*0.3<\/td>\n<td>263<\/td>\n<td>324110<\/td>\n<td>275<\/td>\n<td>96.7<\/td>\n<td>304.9<\/td>\n<\/tr>\n<tr>\n<td>25mm 25.9*12.6*0.3<\/td>\n<td>192<\/td>\n<td>127180<\/td>\n<td>344<\/td>\n<td>95.5<\/td>\n<td>393.2<\/td>\n<\/tr>\n<tr>\n<td>40mm 35.4*18.8*0.3<\/td>\n<td>146<\/td>\n<td>51180<\/td>\n<td>151<\/td>\n<td>98.1<\/td>\n<td>159.7<\/td>\n<\/tr>\n<tr>\n<td>50mm 48.5*28.6*0.3<\/td>\n<td>95<\/td>\n<td>15550<\/td>\n<td>97<\/td>\n<td>98.8<\/td>\n<td>101.0<\/td>\n<\/tr>\n<tr>\n<td>50mm 48.5*28.6*0.4<\/td>\n<td>132<\/td>\n<td>15550<\/td>\n<td>97<\/td>\n<td>98.3<\/td>\n<td>102.5<\/td>\n<\/tr>\n<tr>\n<td>60mm 67*37*0.4<\/td>\n<td>113<\/td>\n<td>9000<\/td>\n<td>84<\/td>\n<td>98.6<\/td>\n<td>87.3<\/td>\n<\/tr>\n<tr>\n<td>60mm 67*37*0.5<\/td>\n<td>145<\/td>\n<td>9000<\/td>\n<td>84<\/td>\n<td>98.2<\/td>\n<td>88.4<\/td>\n<\/tr>\n<tr>\n<td>70mm 76.5*42.5*0.4<\/td>\n<td>83<\/td>\n<td>4690<\/td>\n<td>61<\/td>\n<td>99.0<\/td>\n<td>62.9<\/td>\n<\/tr>\n<\/tbody>\n<\/table>\n<h2>Avantajlar<\/h2>\n<ul>\n<li>Distilasyon, absorpsiyon, s\u0131y\u0131rma, rejenerasyon ve desorpsiyon sistemleri i\u00e7in uygun \u00e7ok y\u00f6nl\u00fc rastgele paketleme.<\/li>\n<li>Hem derin vakum kulelerinde hem de y\u00fcksek bas\u0131n\u00e7l\u0131 kolonlarda uygulanabilir.<\/li>\n<li>\u00dcst\u00fcn y\u00fczey kullan\u0131m\u0131 ve y\u00fcksek \u00e7al\u0131\u015fma esnekli\u011fi.<\/li>\n<li>Geleneksel tepsilere k\u0131yasla y\u00fcksek kapasite ve d\u00fc\u015f\u00fck bas\u0131n\u00e7 d\u00fc\u015f\u00fc\u015f\u00fc.<\/li>\n<li>Kararl\u0131 \u00e7al\u0131\u015fma, enerji t\u00fcketimini ve i\u015fletme maliyetlerini azalt\u0131r.<\/li>\n<li>Y\u00fcksek g\u00fcvenilirlik, uzun hizmet \u00f6mr\u00fc ve tutarl\u0131 ay\u0131rma performans\u0131 sa\u011flar.<\/li>\n<\/ul>\n<h2>Uygulama<\/h2>\n<p>Metal Intalox Saddle, \u00fcst\u00fcn verimlili\u011fi ve uyarlanabilirli\u011fi nedeniyle \u00e7ok \u00e7e\u015fitli end\u00fcstrilerde yayg\u0131n olarak kullan\u0131lmaktad\u0131r. Petrokimya tesislerinde, ay\u0131rma ve safla\u015ft\u0131rma sistemlerinde uygulan\u0131r. Gaz ar\u0131t\u0131m\u0131nda, absorpsiyon ve desorpsiyon i\u015flemleri i\u00e7in kullan\u0131l\u0131r. Rafinasyon i\u015flemleri i\u00e7in rektifikasyon ve distilasyon kulelerinde de bulunur. \u00c7evre m\u00fchendisli\u011finde, ar\u0131tma kulelerinde ve egzoz gaz\u0131 ar\u0131tma sistemlerinde uygulan\u0131r. Ayr\u0131ca Metal Intalox Saddle, g\u00fcvenilir k\u00fctle aktar\u0131m verimlili\u011finin gerekli oldu\u011fu g\u00fcbre \u00fcretimi ve kimyasal i\u015flemede \u00f6nemli bir bile\u015fendir.<\/p>\n<h2>Paket<\/h2>\n<p>Metal Intalox Sele, dayan\u0131kl\u0131 dokuma torbalarda, jumbo torbalarda veya m\u00fc\u015fteri gereksinimlerini kar\u015f\u0131lamak i\u00e7in \u00f6zelle\u015ftirilmi\u015f ambalajlarda paketlenir. Ambalaj, ta\u015f\u0131ma ve elle\u00e7leme s\u0131ras\u0131nda ambalaj\u0131 hasardan korumak i\u00e7in tasarlanm\u0131\u015ft\u0131r. Ayr\u0131ca proje sahas\u0131nda kolay depolama ve g\u00fcvenli kurulum sa\u011flar. Teslimatta \u00fcr\u00fcn b\u00fct\u00fcnl\u00fc\u011f\u00fcn\u00fc garanti etmek i\u00e7in deniza\u015f\u0131r\u0131 g\u00f6nderiler i\u00e7in \u00f6zel ihracat ambalaj\u0131 sa\u011flanabilir.<\/p>","protected":false},"excerpt":{"rendered":"<p>Metal Intalox Saddle, kimya, petrokimya ve \u00e7evre end\u00fcstrilerinde yayg\u0131n olarak kullan\u0131lan verimli bir rastgele salmastra t\u00fcr\u00fcd\u00fcr. Eklenmi\u015f nerv\u00fcrlere sahip eyer \u015feklindeki benzersiz tasar\u0131m\u0131, y\u00fcksek mukavemet, d\u00fc\u015f\u00fck bas\u0131n\u00e7 d\u00fc\u015f\u00fc\u015f\u00fc ve m\u00fckemmel k\u00fctle aktar\u0131m performans\u0131 sa\u011flar. Geleneksel salmastralarla kar\u015f\u0131la\u015ft\u0131r\u0131ld\u0131\u011f\u0131nda, daha y\u00fcksek kapasite, daha k\u0131sa kule y\u00fcksekli\u011fi ve geli\u015fmi\u015f ay\u0131rma verimlili\u011fi sunar. Metal Intalox Saddle, karbon \u00e7eli\u011fi, SS304, SS316 ve di\u011ferleri gibi malzemelerde mevcuttur, bu da onu dam\u0131tma, absorpsiyon ve safla\u015ft\u0131rma i\u015flemleri dahil olmak \u00fczere \u00e7ok \u00e7e\u015fitli uygulamalar i\u00e7in uygun hale getirir.<\/p>","protected":false},"featured_media":2973,"parent":0,"template":"","meta":{"_acf_changed":false,"_kad_blocks_custom_css":"","_kad_blocks_head_custom_js":"","_kad_blocks_body_custom_js":"","_kad_blocks_footer_custom_js":"","_kadence_starter_templates_imported_post":false,"_kad_post_transparent":"default","_kad_post_title":"","_kad_post_layout":"default","_kad_post_sidebar_id":"","_kad_post_content_style":"default","_kad_post_vertical_padding":"default","_kad_post_feature":"","_kad_post_feature_position":"","_kad_post_header":false,"_kad_post_footer":false},"pcategory":[22,23],"ptag":[],"class_list":["post-2972","product","type-product","status-publish","has-post-thumbnail","hentry","pcategory-random-packing","pcategory-metal-random-packing"],"acf":[],"yoast_head":"<!-- This site is optimized with the Yoast SEO plugin v27.4 - https:\/\/yoast.com\/product\/yoast-seo-wordpress\/ -->\n<title>Metal Intalox Saddle<\/title>\n<meta name=\"robots\" content=\"index, follow, max-snippet:-1, max-image-preview:large, max-video-preview:-1\" \/>\n<link rel=\"canonical\" href=\"https:\/\/cpxzx.com\/tr\/urun\/metal-intalox-saddle\/\" \/>\n<meta property=\"og:locale\" content=\"tr_TR\" \/>\n<meta property=\"og:type\" content=\"article\" \/>\n<meta property=\"og:title\" content=\"Metal Intalox Saddle\" \/>\n<meta property=\"og:description\" content=\"Metal Intalox Saddle is an efficient type of random packing widely used in chemical, petrochemical, and environmental industries. Its unique saddle-shaped design with added ribs provides high strength, low pressure drop, and excellent mass transfer performance. Compared with traditional packings, it offers higher capacity, shorter tower height, and improved separation efficiency. Metal Intalox Saddle is available in materials such as carbon steel, SS304, SS316, and others, making it suitable for a wide range of applications including distillation, absorption, and purification processes.\" \/>\n<meta property=\"og:url\" content=\"https:\/\/cpxzx.com\/tr\/urun\/metal-intalox-saddle\/\" \/>\n<meta property=\"og:site_name\" content=\"Cooling Tower Fill, China PVC Fills Manufacturer\" \/>\n<meta property=\"og:image\" content=\"https:\/\/cpxzx.com\/wp-content\/uploads\/2025\/09\/Metal-Intalox-Saddle.jpg\" \/>\n\t<meta property=\"og:image:width\" content=\"550\" \/>\n\t<meta property=\"og:image:height\" content=\"550\" \/>\n\t<meta property=\"og:image:type\" content=\"image\/jpeg\" \/>\n<meta name=\"twitter:card\" content=\"summary_large_image\" \/>\n<meta name=\"twitter:label1\" content=\"Tahmini okuma s\u00fcresi\" \/>\n\t<meta name=\"twitter:data1\" content=\"4 dakika\" \/>\n<script type=\"application\/ld+json\" class=\"yoast-schema-graph\">{\"@context\":\"https:\\\/\\\/schema.org\",\"@graph\":[{\"@type\":\"WebPage\",\"@id\":\"https:\\\/\\\/cpxzx.com\\\/product\\\/metal-intalox-saddle\\\/\",\"url\":\"https:\\\/\\\/cpxzx.com\\\/product\\\/metal-intalox-saddle\\\/\",\"name\":\"Metal Intalox Saddle\",\"isPartOf\":{\"@id\":\"https:\\\/\\\/cpxzx.com\\\/#website\"},\"primaryImageOfPage\":{\"@id\":\"https:\\\/\\\/cpxzx.com\\\/product\\\/metal-intalox-saddle\\\/#primaryimage\"},\"image\":{\"@id\":\"https:\\\/\\\/cpxzx.com\\\/product\\\/metal-intalox-saddle\\\/#primaryimage\"},\"thumbnailUrl\":\"https:\\\/\\\/cpxzx.com\\\/wp-content\\\/uploads\\\/2025\\\/09\\\/Metal-Intalox-Saddle.jpg\",\"datePublished\":\"2025-09-09T09:00:02+00:00\",\"breadcrumb\":{\"@id\":\"https:\\\/\\\/cpxzx.com\\\/product\\\/metal-intalox-saddle\\\/#breadcrumb\"},\"inLanguage\":\"tr\",\"potentialAction\":[{\"@type\":\"ReadAction\",\"target\":[\"https:\\\/\\\/cpxzx.com\\\/product\\\/metal-intalox-saddle\\\/\"]}]},{\"@type\":\"ImageObject\",\"inLanguage\":\"tr\",\"@id\":\"https:\\\/\\\/cpxzx.com\\\/product\\\/metal-intalox-saddle\\\/#primaryimage\",\"url\":\"https:\\\/\\\/cpxzx.com\\\/wp-content\\\/uploads\\\/2025\\\/09\\\/Metal-Intalox-Saddle.jpg\",\"contentUrl\":\"https:\\\/\\\/cpxzx.com\\\/wp-content\\\/uploads\\\/2025\\\/09\\\/Metal-Intalox-Saddle.jpg\",\"width\":550,\"height\":550,\"caption\":\"Metal Intalox Saddle\"},{\"@type\":\"BreadcrumbList\",\"@id\":\"https:\\\/\\\/cpxzx.com\\\/product\\\/metal-intalox-saddle\\\/#breadcrumb\",\"itemListElement\":[{\"@type\":\"ListItem\",\"position\":1,\"name\":\"Home\",\"item\":\"https:\\\/\\\/cpxzx.com\\\/\"},{\"@type\":\"ListItem\",\"position\":2,\"name\":\"Random Packing\",\"item\":\"https:\\\/\\\/cpxzx.com\\\/pcategory\\\/random-packing\\\/\"},{\"@type\":\"ListItem\",\"position\":3,\"name\":\"Metal Random Packing\",\"item\":\"https:\\\/\\\/cpxzx.com\\\/pcategory\\\/random-packing\\\/metal-random-packing\\\/\"},{\"@type\":\"ListItem\",\"position\":4,\"name\":\"Metal Intalox Saddle\"}]},{\"@type\":\"WebSite\",\"@id\":\"https:\\\/\\\/cpxzx.com\\\/#website\",\"url\":\"https:\\\/\\\/cpxzx.com\\\/\",\"name\":\"Cooling Tower Fill, China PVC Fills Manufacturer\",\"description\":\"\",\"publisher\":{\"@id\":\"https:\\\/\\\/cpxzx.com\\\/#organization\"},\"potentialAction\":[{\"@type\":\"SearchAction\",\"target\":{\"@type\":\"EntryPoint\",\"urlTemplate\":\"https:\\\/\\\/cpxzx.com\\\/?s={search_term_string}\"},\"query-input\":{\"@type\":\"PropertyValueSpecification\",\"valueRequired\":true,\"valueName\":\"search_term_string\"}}],\"inLanguage\":\"tr\"},{\"@type\":\"Organization\",\"@id\":\"https:\\\/\\\/cpxzx.com\\\/#organization\",\"name\":\"Cooling Tower Fill, China PVC Fills Manufacturer\",\"url\":\"https:\\\/\\\/cpxzx.com\\\/\",\"logo\":{\"@type\":\"ImageObject\",\"inLanguage\":\"tr\",\"@id\":\"https:\\\/\\\/cpxzx.com\\\/#\\\/schema\\\/logo\\\/image\\\/\",\"url\":\"https:\\\/\\\/cpxzx.com\\\/wp-content\\\/uploads\\\/2025\\\/07\\\/1751628807-logo.png\",\"contentUrl\":\"https:\\\/\\\/cpxzx.com\\\/wp-content\\\/uploads\\\/2025\\\/07\\\/1751628807-logo.png\",\"width\":383,\"height\":87,\"caption\":\"Cooling Tower Fill, China PVC Fills Manufacturer\"},\"image\":{\"@id\":\"https:\\\/\\\/cpxzx.com\\\/#\\\/schema\\\/logo\\\/image\\\/\"}}]}<\/script>\n<!-- \/ Yoast SEO plugin. -->","yoast_head_json":{"title":"Metal Intalox Sele","robots":{"index":"index","follow":"follow","max-snippet":"max-snippet:-1","max-image-preview":"max-image-preview:large","max-video-preview":"max-video-preview:-1"},"canonical":"https:\/\/cpxzx.com\/tr\/urun\/metal-intalox-saddle\/","og_locale":"tr_TR","og_type":"article","og_title":"Metal Intalox Saddle","og_description":"Metal Intalox Saddle is an efficient type of random packing widely used in chemical, petrochemical, and environmental industries. Its unique saddle-shaped design with added ribs provides high strength, low pressure drop, and excellent mass transfer performance. Compared with traditional packings, it offers higher capacity, shorter tower height, and improved separation efficiency. Metal Intalox Saddle is available in materials such as carbon steel, SS304, SS316, and others, making it suitable for a wide range of applications including distillation, absorption, and purification processes.","og_url":"https:\/\/cpxzx.com\/tr\/urun\/metal-intalox-saddle\/","og_site_name":"Cooling Tower Fill, China PVC Fills Manufacturer","og_image":[{"width":550,"height":550,"url":"https:\/\/cpxzx.com\/wp-content\/uploads\/2025\/09\/Metal-Intalox-Saddle.jpg","type":"image\/jpeg"}],"twitter_card":"summary_large_image","twitter_misc":{"Tahmini okuma s\u00fcresi":"4 dakika"},"schema":{"@context":"https:\/\/schema.org","@graph":[{"@type":"WebPage","@id":"https:\/\/cpxzx.com\/product\/metal-intalox-saddle\/","url":"https:\/\/cpxzx.com\/product\/metal-intalox-saddle\/","name":"Metal Intalox Sele","isPartOf":{"@id":"https:\/\/cpxzx.com\/#website"},"primaryImageOfPage":{"@id":"https:\/\/cpxzx.com\/product\/metal-intalox-saddle\/#primaryimage"},"image":{"@id":"https:\/\/cpxzx.com\/product\/metal-intalox-saddle\/#primaryimage"},"thumbnailUrl":"https:\/\/cpxzx.com\/wp-content\/uploads\/2025\/09\/Metal-Intalox-Saddle.jpg","datePublished":"2025-09-09T09:00:02+00:00","breadcrumb":{"@id":"https:\/\/cpxzx.com\/product\/metal-intalox-saddle\/#breadcrumb"},"inLanguage":"tr","potentialAction":[{"@type":"ReadAction","target":["https:\/\/cpxzx.com\/product\/metal-intalox-saddle\/"]}]},{"@type":"ImageObject","inLanguage":"tr","@id":"https:\/\/cpxzx.com\/product\/metal-intalox-saddle\/#primaryimage","url":"https:\/\/cpxzx.com\/wp-content\/uploads\/2025\/09\/Metal-Intalox-Saddle.jpg","contentUrl":"https:\/\/cpxzx.com\/wp-content\/uploads\/2025\/09\/Metal-Intalox-Saddle.jpg","width":550,"height":550,"caption":"Metal Intalox Saddle"},{"@type":"BreadcrumbList","@id":"https:\/\/cpxzx.com\/product\/metal-intalox-saddle\/#breadcrumb","itemListElement":[{"@type":"ListItem","position":1,"name":"Home","item":"https:\/\/cpxzx.com\/"},{"@type":"ListItem","position":2,"name":"Random Packing","item":"https:\/\/cpxzx.com\/pcategory\/random-packing\/"},{"@type":"ListItem","position":3,"name":"Metal Random Packing","item":"https:\/\/cpxzx.com\/pcategory\/random-packing\/metal-random-packing\/"},{"@type":"ListItem","position":4,"name":"Metal Intalox Saddle"}]},{"@type":"WebSite","@id":"https:\/\/cpxzx.com\/#website","url":"https:\/\/cpxzx.com\/","name":"So\u011futma Kulesi Dolgusu, \u00c7in PVC Dolgular \u00dcretici","description":"","publisher":{"@id":"https:\/\/cpxzx.com\/#organization"},"potentialAction":[{"@type":"SearchAction","target":{"@type":"EntryPoint","urlTemplate":"https:\/\/cpxzx.com\/?s={search_term_string}"},"query-input":{"@type":"PropertyValueSpecification","valueRequired":true,"valueName":"search_term_string"}}],"inLanguage":"tr"},{"@type":"Organization","@id":"https:\/\/cpxzx.com\/#organization","name":"So\u011futma Kulesi Dolgusu, \u00c7in PVC Dolgular \u00dcretici","url":"https:\/\/cpxzx.com\/","logo":{"@type":"ImageObject","inLanguage":"tr","@id":"https:\/\/cpxzx.com\/#\/schema\/logo\/image\/","url":"https:\/\/cpxzx.com\/wp-content\/uploads\/2025\/07\/1751628807-logo.png","contentUrl":"https:\/\/cpxzx.com\/wp-content\/uploads\/2025\/07\/1751628807-logo.png","width":383,"height":87,"caption":"Cooling Tower Fill, China PVC Fills Manufacturer"},"image":{"@id":"https:\/\/cpxzx.com\/#\/schema\/logo\/image\/"}}]}},"taxonomy_info":{"pcategory":[{"value":22,"label":"Random Packing"},{"value":23,"label":"Metal Random Packing"}]},"featured_image_src_large":["https:\/\/cpxzx.com\/wp-content\/uploads\/2025\/09\/Metal-Intalox-Saddle.jpg",550,550,false],"author_info":[],"comment_info":"","_links":{"self":[{"href":"https:\/\/cpxzx.com\/tr\/wp-json\/wp\/v2\/product\/2972","targetHints":{"allow":["GET"]}}],"collection":[{"href":"https:\/\/cpxzx.com\/tr\/wp-json\/wp\/v2\/product"}],"about":[{"href":"https:\/\/cpxzx.com\/tr\/wp-json\/wp\/v2\/types\/product"}],"wp:featuredmedia":[{"embeddable":true,"href":"https:\/\/cpxzx.com\/tr\/wp-json\/wp\/v2\/media\/2973"}],"wp:attachment":[{"href":"https:\/\/cpxzx.com\/tr\/wp-json\/wp\/v2\/media?parent=2972"}],"wp:term":[{"taxonomy":"pcategory","embeddable":true,"href":"https:\/\/cpxzx.com\/tr\/wp-json\/wp\/v2\/pcategory?post=2972"},{"taxonomy":"ptag","embeddable":true,"href":"https:\/\/cpxzx.com\/tr\/wp-json\/wp\/v2\/ptag?post=2972"}],"curies":[{"name":"wp","href":"https:\/\/api.w.org\/{rel}","templated":true}]}}