{"id":2940,"date":"2025-09-07T06:24:07","date_gmt":"2025-09-07T06:24:07","guid":{"rendered":"https:\/\/cpxzx.com\/?post_type=product&#038;p=2940"},"modified":"2025-09-07T06:39:01","modified_gmt":"2025-09-07T06:39:01","slug":"plastic-hexagram-ring","status":"publish","type":"product","link":"https:\/\/cpxzx.com\/tr\/urun\/plastic-hexagram-ring\/","title":{"rendered":"Plastik Alt\u0131 k\u00f6\u015feli Y\u00fcz\u00fck (PP, PE, PVC)"},"content":{"rendered":"<p><strong>Plastik Hexagram Y\u00fcz\u00fck<\/strong> heksagram (alt\u0131 k\u00f6\u015feli y\u0131ld\u0131z) yap\u0131s\u0131yla tasarlanm\u0131\u015f y\u00fcksek verimli bir rastgele paketlemedir.<br \/>\nBu benzersiz geometrik \u015fekil geni\u015f bir y\u00fczey alan\u0131, m\u00fckemmel bo\u015fluk oran\u0131 ve e\u015fit s\u0131v\u0131 da\u011f\u0131l\u0131m\u0131 sa\u011flar,<br \/>\nBu da gaz-s\u0131v\u0131 temas\u0131n\u0131 \u00f6nemli \u00f6l\u00e7\u00fcde iyile\u015ftirir ve k\u00fctle transfer performans\u0131n\u0131 art\u0131r\u0131r.<br \/>\nPP, PE, PVC, CPVC ve PVDF gibi birinci s\u0131n\u0131f plastik malzemelerden \u00fcretilen Hexagram Ring hafiftir,<br \/>\nkorozyona dayan\u0131kl\u0131 ve dayan\u0131kl\u0131d\u0131r, bu da onu kimya, petrokimya ve \u00e7evre koruma end\u00fcstrileri i\u00e7in uygun hale getirir.<\/p>\n<h2>\u00d6zellik<\/h2>\n<ul>\n<li>Optimize edilmi\u015f s\u0131v\u0131 da\u011f\u0131l\u0131m\u0131 i\u00e7in yenilik\u00e7i alt\u0131 k\u00f6\u015feli y\u0131ld\u0131z \u015fekilli tasar\u0131m<\/li>\n<li>Bas\u0131n\u00e7 d\u00fc\u015f\u00fc\u015f\u00fcn\u00fc en aza indirmek i\u00e7in y\u00fcksek bo\u015fluk oran\u0131<\/li>\n<li>Geli\u015fmi\u015f k\u00fctle aktar\u0131m verimlili\u011fi i\u00e7in geni\u015f \u00f6zg\u00fcl y\u00fczey alan\u0131<\/li>\n<li>M\u00fckemmel kimyasal diren\u00e7 ve termal stabilite<\/li>\n<li>Hafif, kurulumu ve bak\u0131m\u0131 kolay<\/li>\n<\/ul>\n<h2>\u015eartname<\/h2>\n<table border=\"1\" cellspacing=\"0\" cellpadding=\"6\">\n<tbody>\n<tr>\n<th>Boyut (mm)<\/th>\n<th>Y\u0131\u011f\u0131n Yo\u011funlu\u011fu (kg\/m\u00b3)<\/th>\n<th>Y\u00fczey Alan\u0131 (m\u00b2\/m\u00b3)<\/th>\n<th>Bo\u015fluk Oran\u0131 (%)<\/th>\n<th>Malzeme Se\u00e7enekleri<\/th>\n<th>Maks. \u00c7al\u0131\u015fma S\u0131cakl\u0131\u011f\u0131 (\u00b0C)<\/th>\n<\/tr>\n<tr>\n<td>25<\/td>\n<td>115<\/td>\n<td>210<\/td>\n<td>\u2265 87<\/td>\n<td rowspan=\"4\">PP, PE, PVC, CPVC, PVDF<\/td>\n<td rowspan=\"4\">PP: \u2264 100\u00b0C<br \/>\nPE: \u2264 90\u00b0C<br \/>\nPVC: \u2264 60\u00b0C<br \/>\nCPVC: \u2264 120\u00b0C<br \/>\nPVDF: \u2264 150\u00b0C<\/td>\n<\/tr>\n<tr>\n<td>38<\/td>\n<td>90<\/td>\n<td>165<\/td>\n<td>\u2265 88<\/td>\n<\/tr>\n<tr>\n<td>50<\/td>\n<td>70<\/td>\n<td>130<\/td>\n<td>\u2265 89<\/td>\n<\/tr>\n<tr>\n<td>76<\/td>\n<td>45<\/td>\n<td>105<\/td>\n<td>\u2265 90<\/td>\n<\/tr>\n<\/tbody>\n<\/table>\n<h2>Avantaj<\/h2>\n<ul>\n<li>Kararl\u0131 s\u0131v\u0131 ve gaz da\u011f\u0131l\u0131m\u0131 ile verimli k\u00fctle transferi<\/li>\n<li>Azalt\u0131lm\u0131\u015f bas\u0131n\u00e7 d\u00fc\u015f\u00fc\u015f\u00fc sayesinde enerji tasarrufu<\/li>\n<li>A\u00e7\u0131k y\u0131ld\u0131z \u015fekilli tasar\u0131m ile t\u0131kanma ve kirlenmeyi en aza indirir<\/li>\n<li>Uzun hizmet \u00f6mr\u00fc ile dayan\u0131kl\u0131 ve uygun maliyetli<\/li>\n<li>\u00c7evre dostu, geri d\u00f6n\u00fc\u015ft\u00fcr\u00fclebilir plastik malzemelerden \u00fcretilmi\u015ftir<\/li>\n<\/ul>\n<h2>Uygulama<\/h2>\n<ul>\n<li>Gaz absorpsiyon ve s\u0131y\u0131rma kuleleri<\/li>\n<li>So\u011futma kuleleri ve y\u0131kama sistemleri<\/li>\n<li>K\u00fck\u00fcrt giderme ve safla\u015ft\u0131rma i\u015flemleri<\/li>\n<li>At\u0131k gaz ar\u0131tma ekipmanlar\u0131<\/li>\n<li>Su ar\u0131tma ve \u00e7evre koruma projeleri<\/li>\n<\/ul>\n<h2>Paket<\/h2>\n<ul>\n<li>Dokuma torbalarda, jumbo torbalarda veya karton kutularda paketlenmi\u015ftir<\/li>\n<li>Talep \u00fczerine \u00f6zel paketleme yap\u0131labilir<\/li>\n<li>G\u00fcvenli kullan\u0131m ve rahat ta\u015f\u0131ma sa\u011flar<\/li>\n<\/ul>","protected":false},"excerpt":{"rendered":"<p>Plastik Alt\u0131 K\u00f6\u015feli Halka, geni\u015f y\u00fczey alan\u0131, y\u00fcksek bo\u015fluk oran\u0131 ve m\u00fckemmel k\u00fctle aktar\u0131m verimlili\u011fi sunan benzersiz alt\u0131 k\u00f6\u015feli y\u0131ld\u0131z tasar\u0131m\u0131na sahip y\u00fcksek performansl\u0131 rastgele bir salmastrad\u0131r. PP, PE, PVC, CPVC ve PVDF gibi dayan\u0131kl\u0131 plastiklerden \u00fcretilen bu \u00fcr\u00fcn, g\u00fc\u00e7l\u00fc korozyon direnci, hafif kullan\u0131m ve uzun hizmet \u00f6mr\u00fc sa\u011flayarak gaz emme, ovma, s\u0131y\u0131rma ve at\u0131k su ar\u0131tma uygulamalar\u0131 i\u00e7in idealdir.<\/p>","protected":false},"featured_media":2971,"parent":0,"template":"","meta":{"_acf_changed":false,"_kad_blocks_custom_css":"","_kad_blocks_head_custom_js":"","_kad_blocks_body_custom_js":"","_kad_blocks_footer_custom_js":"","_kadence_starter_templates_imported_post":false,"_kad_post_transparent":"default","_kad_post_title":"","_kad_post_layout":"default","_kad_post_sidebar_id":"","_kad_post_content_style":"default","_kad_post_vertical_padding":"default","_kad_post_feature":"","_kad_post_feature_position":"","_kad_post_header":false,"_kad_post_footer":false},"pcategory":[22,25],"ptag":[],"class_list":["post-2940","product","type-product","status-publish","has-post-thumbnail","hentry","pcategory-random-packing","pcategory-plastic-random-packing"],"acf":[],"yoast_head":"<!-- This site is optimized with the Yoast SEO plugin v27.4 - https:\/\/yoast.com\/product\/yoast-seo-wordpress\/ -->\n<title>Plastic Hexagram Ring<\/title>\n<meta name=\"robots\" content=\"index, follow, max-snippet:-1, max-image-preview:large, max-video-preview:-1\" \/>\n<link rel=\"canonical\" href=\"https:\/\/cpxzx.com\/tr\/urun\/plastic-hexagram-ring\/\" \/>\n<meta property=\"og:locale\" content=\"tr_TR\" \/>\n<meta property=\"og:type\" content=\"article\" \/>\n<meta property=\"og:title\" content=\"Plastic Hexagram Ring\" \/>\n<meta property=\"og:description\" content=\"Plastic Hexagram Ring is a high-performance random packing with a unique six-pointed star design that offers large surface area, high void ratio, and excellent mass transfer efficiency. Made from durable plastics such as PP, PE, PVC, CPVC, and PVDF, it provides strong corrosion resistance, lightweight handling, and long service life, making it ideal for gas absorption, scrubbing, stripping, and wastewater treatment applications.\" \/>\n<meta property=\"og:url\" content=\"https:\/\/cpxzx.com\/tr\/urun\/plastic-hexagram-ring\/\" \/>\n<meta property=\"og:site_name\" content=\"Cooling Tower Fill, China PVC Fills Manufacturer\" \/>\n<meta property=\"article:modified_time\" content=\"2025-09-07T06:39:01+00:00\" \/>\n<meta property=\"og:image\" content=\"https:\/\/cpxzx.com\/wp-content\/uploads\/2025\/09\/Plastic-Hexagram-Ring.jpg\" \/>\n\t<meta property=\"og:image:width\" content=\"550\" \/>\n\t<meta property=\"og:image:height\" content=\"550\" \/>\n\t<meta property=\"og:image:type\" content=\"image\/jpeg\" \/>\n<meta name=\"twitter:card\" content=\"summary_large_image\" \/>\n<meta name=\"twitter:label1\" content=\"Tahmini okuma s\u00fcresi\" \/>\n\t<meta name=\"twitter:data1\" content=\"2 dakika\" \/>\n<script type=\"application\/ld+json\" class=\"yoast-schema-graph\">{\"@context\":\"https:\\\/\\\/schema.org\",\"@graph\":[{\"@type\":\"WebPage\",\"@id\":\"https:\\\/\\\/cpxzx.com\\\/product\\\/plastic-hexagram-ring\\\/\",\"url\":\"https:\\\/\\\/cpxzx.com\\\/product\\\/plastic-hexagram-ring\\\/\",\"name\":\"Plastic Hexagram Ring\",\"isPartOf\":{\"@id\":\"https:\\\/\\\/cpxzx.com\\\/#website\"},\"primaryImageOfPage\":{\"@id\":\"https:\\\/\\\/cpxzx.com\\\/product\\\/plastic-hexagram-ring\\\/#primaryimage\"},\"image\":{\"@id\":\"https:\\\/\\\/cpxzx.com\\\/product\\\/plastic-hexagram-ring\\\/#primaryimage\"},\"thumbnailUrl\":\"https:\\\/\\\/cpxzx.com\\\/wp-content\\\/uploads\\\/2025\\\/09\\\/Plastic-Hexagram-Ring.jpg\",\"datePublished\":\"2025-09-07T06:24:07+00:00\",\"dateModified\":\"2025-09-07T06:39:01+00:00\",\"breadcrumb\":{\"@id\":\"https:\\\/\\\/cpxzx.com\\\/product\\\/plastic-hexagram-ring\\\/#breadcrumb\"},\"inLanguage\":\"tr\",\"potentialAction\":[{\"@type\":\"ReadAction\",\"target\":[\"https:\\\/\\\/cpxzx.com\\\/product\\\/plastic-hexagram-ring\\\/\"]}]},{\"@type\":\"ImageObject\",\"inLanguage\":\"tr\",\"@id\":\"https:\\\/\\\/cpxzx.com\\\/product\\\/plastic-hexagram-ring\\\/#primaryimage\",\"url\":\"https:\\\/\\\/cpxzx.com\\\/wp-content\\\/uploads\\\/2025\\\/09\\\/Plastic-Hexagram-Ring.jpg\",\"contentUrl\":\"https:\\\/\\\/cpxzx.com\\\/wp-content\\\/uploads\\\/2025\\\/09\\\/Plastic-Hexagram-Ring.jpg\",\"width\":550,\"height\":550,\"caption\":\"Plastic-Hexagram-Ring\"},{\"@type\":\"BreadcrumbList\",\"@id\":\"https:\\\/\\\/cpxzx.com\\\/product\\\/plastic-hexagram-ring\\\/#breadcrumb\",\"itemListElement\":[{\"@type\":\"ListItem\",\"position\":1,\"name\":\"Home\",\"item\":\"https:\\\/\\\/cpxzx.com\\\/\"},{\"@type\":\"ListItem\",\"position\":2,\"name\":\"Random Packing\",\"item\":\"https:\\\/\\\/cpxzx.com\\\/pcategory\\\/random-packing\\\/\"},{\"@type\":\"ListItem\",\"position\":3,\"name\":\"Plastic Random Packing\",\"item\":\"https:\\\/\\\/cpxzx.com\\\/pcategory\\\/random-packing\\\/plastic-random-packing\\\/\"},{\"@type\":\"ListItem\",\"position\":4,\"name\":\"Plastic Hexagram Ring(PP, PE, PVC)\"}]},{\"@type\":\"WebSite\",\"@id\":\"https:\\\/\\\/cpxzx.com\\\/#website\",\"url\":\"https:\\\/\\\/cpxzx.com\\\/\",\"name\":\"Cooling Tower Fill, China PVC Fills Manufacturer\",\"description\":\"\",\"publisher\":{\"@id\":\"https:\\\/\\\/cpxzx.com\\\/#organization\"},\"potentialAction\":[{\"@type\":\"SearchAction\",\"target\":{\"@type\":\"EntryPoint\",\"urlTemplate\":\"https:\\\/\\\/cpxzx.com\\\/?s={search_term_string}\"},\"query-input\":{\"@type\":\"PropertyValueSpecification\",\"valueRequired\":true,\"valueName\":\"search_term_string\"}}],\"inLanguage\":\"tr\"},{\"@type\":\"Organization\",\"@id\":\"https:\\\/\\\/cpxzx.com\\\/#organization\",\"name\":\"Cooling Tower Fill, China PVC Fills Manufacturer\",\"url\":\"https:\\\/\\\/cpxzx.com\\\/\",\"logo\":{\"@type\":\"ImageObject\",\"inLanguage\":\"tr\",\"@id\":\"https:\\\/\\\/cpxzx.com\\\/#\\\/schema\\\/logo\\\/image\\\/\",\"url\":\"https:\\\/\\\/cpxzx.com\\\/wp-content\\\/uploads\\\/2025\\\/07\\\/1751628807-logo.png\",\"contentUrl\":\"https:\\\/\\\/cpxzx.com\\\/wp-content\\\/uploads\\\/2025\\\/07\\\/1751628807-logo.png\",\"width\":383,\"height\":87,\"caption\":\"Cooling Tower Fill, China PVC Fills Manufacturer\"},\"image\":{\"@id\":\"https:\\\/\\\/cpxzx.com\\\/#\\\/schema\\\/logo\\\/image\\\/\"}}]}<\/script>\n<!-- \/ Yoast SEO plugin. -->","yoast_head_json":{"title":"Plastik Hexagram Y\u00fcz\u00fck","robots":{"index":"index","follow":"follow","max-snippet":"max-snippet:-1","max-image-preview":"max-image-preview:large","max-video-preview":"max-video-preview:-1"},"canonical":"https:\/\/cpxzx.com\/tr\/urun\/plastic-hexagram-ring\/","og_locale":"tr_TR","og_type":"article","og_title":"Plastic Hexagram Ring","og_description":"Plastic Hexagram Ring is a high-performance random packing with a unique six-pointed star design that offers large surface area, high void ratio, and excellent mass transfer efficiency. Made from durable plastics such as PP, PE, PVC, CPVC, and PVDF, it provides strong corrosion resistance, lightweight handling, and long service life, making it ideal for gas absorption, scrubbing, stripping, and wastewater treatment applications.","og_url":"https:\/\/cpxzx.com\/tr\/urun\/plastic-hexagram-ring\/","og_site_name":"Cooling Tower Fill, China PVC Fills Manufacturer","article_modified_time":"2025-09-07T06:39:01+00:00","og_image":[{"width":550,"height":550,"url":"https:\/\/cpxzx.com\/wp-content\/uploads\/2025\/09\/Plastic-Hexagram-Ring.jpg","type":"image\/jpeg"}],"twitter_card":"summary_large_image","twitter_misc":{"Tahmini okuma s\u00fcresi":"2 dakika"},"schema":{"@context":"https:\/\/schema.org","@graph":[{"@type":"WebPage","@id":"https:\/\/cpxzx.com\/product\/plastic-hexagram-ring\/","url":"https:\/\/cpxzx.com\/product\/plastic-hexagram-ring\/","name":"Plastik Hexagram Y\u00fcz\u00fck","isPartOf":{"@id":"https:\/\/cpxzx.com\/#website"},"primaryImageOfPage":{"@id":"https:\/\/cpxzx.com\/product\/plastic-hexagram-ring\/#primaryimage"},"image":{"@id":"https:\/\/cpxzx.com\/product\/plastic-hexagram-ring\/#primaryimage"},"thumbnailUrl":"https:\/\/cpxzx.com\/wp-content\/uploads\/2025\/09\/Plastic-Hexagram-Ring.jpg","datePublished":"2025-09-07T06:24:07+00:00","dateModified":"2025-09-07T06:39:01+00:00","breadcrumb":{"@id":"https:\/\/cpxzx.com\/product\/plastic-hexagram-ring\/#breadcrumb"},"inLanguage":"tr","potentialAction":[{"@type":"ReadAction","target":["https:\/\/cpxzx.com\/product\/plastic-hexagram-ring\/"]}]},{"@type":"ImageObject","inLanguage":"tr","@id":"https:\/\/cpxzx.com\/product\/plastic-hexagram-ring\/#primaryimage","url":"https:\/\/cpxzx.com\/wp-content\/uploads\/2025\/09\/Plastic-Hexagram-Ring.jpg","contentUrl":"https:\/\/cpxzx.com\/wp-content\/uploads\/2025\/09\/Plastic-Hexagram-Ring.jpg","width":550,"height":550,"caption":"Plastic-Hexagram-Ring"},{"@type":"BreadcrumbList","@id":"https:\/\/cpxzx.com\/product\/plastic-hexagram-ring\/#breadcrumb","itemListElement":[{"@type":"ListItem","position":1,"name":"Home","item":"https:\/\/cpxzx.com\/"},{"@type":"ListItem","position":2,"name":"Random Packing","item":"https:\/\/cpxzx.com\/pcategory\/random-packing\/"},{"@type":"ListItem","position":3,"name":"Plastic Random Packing","item":"https:\/\/cpxzx.com\/pcategory\/random-packing\/plastic-random-packing\/"},{"@type":"ListItem","position":4,"name":"Plastic Hexagram Ring(PP, PE, PVC)"}]},{"@type":"WebSite","@id":"https:\/\/cpxzx.com\/#website","url":"https:\/\/cpxzx.com\/","name":"So\u011futma Kulesi Dolgusu, \u00c7in PVC Dolgular \u00dcretici","description":"","publisher":{"@id":"https:\/\/cpxzx.com\/#organization"},"potentialAction":[{"@type":"SearchAction","target":{"@type":"EntryPoint","urlTemplate":"https:\/\/cpxzx.com\/?s={search_term_string}"},"query-input":{"@type":"PropertyValueSpecification","valueRequired":true,"valueName":"search_term_string"}}],"inLanguage":"tr"},{"@type":"Organization","@id":"https:\/\/cpxzx.com\/#organization","name":"So\u011futma Kulesi Dolgusu, \u00c7in PVC Dolgular \u00dcretici","url":"https:\/\/cpxzx.com\/","logo":{"@type":"ImageObject","inLanguage":"tr","@id":"https:\/\/cpxzx.com\/#\/schema\/logo\/image\/","url":"https:\/\/cpxzx.com\/wp-content\/uploads\/2025\/07\/1751628807-logo.png","contentUrl":"https:\/\/cpxzx.com\/wp-content\/uploads\/2025\/07\/1751628807-logo.png","width":383,"height":87,"caption":"Cooling Tower Fill, China PVC Fills Manufacturer"},"image":{"@id":"https:\/\/cpxzx.com\/#\/schema\/logo\/image\/"}}]}},"taxonomy_info":{"pcategory":[{"value":22,"label":"Random Packing"},{"value":25,"label":"Plastic Random Packing"}]},"featured_image_src_large":["https:\/\/cpxzx.com\/wp-content\/uploads\/2025\/09\/Plastic-Hexagram-Ring.jpg",550,550,false],"author_info":[],"comment_info":"","_links":{"self":[{"href":"https:\/\/cpxzx.com\/tr\/wp-json\/wp\/v2\/product\/2940","targetHints":{"allow":["GET"]}}],"collection":[{"href":"https:\/\/cpxzx.com\/tr\/wp-json\/wp\/v2\/product"}],"about":[{"href":"https:\/\/cpxzx.com\/tr\/wp-json\/wp\/v2\/types\/product"}],"wp:featuredmedia":[{"embeddable":true,"href":"https:\/\/cpxzx.com\/tr\/wp-json\/wp\/v2\/media\/2971"}],"wp:attachment":[{"href":"https:\/\/cpxzx.com\/tr\/wp-json\/wp\/v2\/media?parent=2940"}],"wp:term":[{"taxonomy":"pcategory","embeddable":true,"href":"https:\/\/cpxzx.com\/tr\/wp-json\/wp\/v2\/pcategory?post=2940"},{"taxonomy":"ptag","embeddable":true,"href":"https:\/\/cpxzx.com\/tr\/wp-json\/wp\/v2\/ptag?post=2940"}],"curies":[{"name":"wp","href":"https:\/\/api.w.org\/{rel}","templated":true}]}}