{"id":2938,"date":"2025-08-30T04:54:47","date_gmt":"2025-08-30T04:54:47","guid":{"rendered":"https:\/\/cpxzx.com\/?post_type=product&#038;p=2938"},"modified":"2025-09-03T08:02:51","modified_gmt":"2025-09-03T08:02:51","slug":"plastic-cross-spherical-ring","status":"publish","type":"product","link":"https:\/\/cpxzx.com\/tr\/urun\/plastic-cross-spherical-ring\/","title":{"rendered":"Plastik \u00c7apraz K\u00fcresel Halka 50mm 90mm"},"content":{"rendered":"<p>Plastik \u00c7apraz K\u00fcresel Halka, benzersiz bir \u00e7apraz k\u00fcresel yap\u0131 ile tasarlanm\u0131\u015f geli\u015fmi\u015f bir rastgele paketleme t\u00fcr\u00fcd\u00fcr.<br \/>\n\u00d6zel geometrisi geni\u015f bo\u015fluk alan\u0131, d\u00fc\u015f\u00fck bas\u0131n\u00e7 d\u00fc\u015f\u00fc\u015f\u00fc ve m\u00fckemmel k\u00fctle transfer verimlili\u011fi sa\u011flar.<br \/>\nKimya, petrokimya ve \u00e7evre koruma end\u00fcstrilerinde gaz emme, s\u0131y\u0131rma i\u00e7in yayg\u0131n olarak kullan\u0131lmaktad\u0131r,<br \/>\nve at\u0131k su ar\u0131tma uygulamalar\u0131.<\/p>\n<h2>\u00d6zellik<\/h2>\n<ul>\n<li>PP, PE, PVC, CPVC, PVDF gibi y\u00fcksek kaliteli termoplastiklerden yap\u0131lm\u0131\u015ft\u0131r.<\/li>\n<li>\u00c7apraz k\u00fcresel tasar\u0131m y\u00fcksek mekanik g\u00fc\u00e7 ve stabilite sa\u011flar.<\/li>\n<li>Geli\u015ftirilmi\u015f gaz-s\u0131v\u0131 da\u011f\u0131l\u0131m\u0131 i\u00e7in b\u00fcy\u00fck bo\u015fluk oran\u0131.<\/li>\n<li>Korozyona, ya\u015flanmaya ve kimyasal sald\u0131r\u0131lara kar\u015f\u0131 m\u00fckemmel diren\u00e7.<\/li>\n<li>Kolay kurulum ve de\u011fi\u015ftirme ile hafif yap\u0131.<\/li>\n<\/ul>\n<h2>\u015eartname<\/h2>\n<table border=\"1\" cellspacing=\"0\" cellpadding=\"6\">\n<tbody>\n<tr>\n<th>\u00d6\u011fe<\/th>\n<th>Detaylar<\/th>\n<\/tr>\n<tr>\n<td>Mevcut Boyutlar<\/td>\n<td>25mm, 38mm, 50mm, 76mm, 100mm<\/td>\n<\/tr>\n<tr>\n<td>Malzemeler<\/td>\n<td>PP, PE, PVC, CPVC, PVDF, di\u011fer \u00f6zelle\u015ftirilmi\u015f plastikler<\/td>\n<\/tr>\n<tr>\n<td>S\u0131cakl\u0131k Dayan\u0131m\u0131<\/td>\n<td>PP: 100\u00b0C'ye kadar<br \/>\nPVC: 60\u00b0C'ye kadar<br \/>\nPVDF: 150\u00b0C'ye kadar<\/td>\n<\/tr>\n<tr>\n<td>Y\u0131\u011f\u0131n Yo\u011funlu\u011fu<\/td>\n<td>60-120 kg\/m\u00b3 (boyut ve malzemeye ba\u011fl\u0131 olarak)<\/td>\n<\/tr>\n<tr>\n<td>Y\u00fczey Alan\u0131<\/td>\n<td>100-200 m\u00b2\/m\u00b3 (yakla\u015f\u0131k, boyuta ba\u011fl\u0131 olarak)<\/td>\n<\/tr>\n<\/tbody>\n<\/table>\n<h2>Teknik Veriler<\/h2>\n<table border=\"1\" cellspacing=\"0\" cellpadding=\"0\">\n<tbody>\n<tr>\n<td>Boyut (mm)<\/td>\n<td>Malzeme<\/td>\n<td>\u00d6zg\u00fcl y\u00fczey alan\u0131 (m<sup>2<\/sup>\/m<sup>3<\/sup>)<\/td>\n<td>Serbest hacim (%)<\/td>\n<td>Y\u0131\u011f\u0131n say\u0131s\u0131 (n\/m<sup>3<\/sup>)<\/td>\n<td>Y\u0131\u011f\u0131n yo\u011funlu\u011fu (kg\/m<sup>3<\/sup>)<\/td>\n<\/tr>\n<tr>\n<td>\u03a650\u00d72<\/td>\n<td>PP<\/td>\n<td>145<\/td>\n<td>92<\/td>\n<td>9200<\/td>\n<td>63<\/td>\n<\/tr>\n<tr>\n<td>\u03a690\u00d73<\/td>\n<td>PP<\/td>\n<td>130<\/td>\n<td>95<\/td>\n<td>1320<\/td>\n<td>58<\/td>\n<\/tr>\n<\/tbody>\n<\/table>\n<h2>Avantaj<\/h2>\n<ul>\n<li>Gaz-s\u0131v\u0131 k\u00fctle transferinde y\u00fcksek verimlilik.<\/li>\n<li>D\u00fc\u015f\u00fck bas\u0131n\u00e7 d\u00fc\u015f\u00fc\u015f\u00fc ve y\u00fcksek hidrolik performans.<\/li>\n<li>K\u00fcresel \u00e7apraz yap\u0131 sayesinde daha az t\u0131kanma ve kirlenme riski.<\/li>\n<li>Kimyasal ve termal dayan\u0131kl\u0131l\u0131k ile uzun servis \u00f6mr\u00fc.<\/li>\n<li>Kolay kullan\u0131m ve bak\u0131m ile uygun maliyetli paketleme.<\/li>\n<\/ul>\n<h2>Uygulama<\/h2>\n<ul>\n<li>Gaz emme ve y\u0131kama kuleleri<\/li>\n<li>At\u0131k gaz ar\u0131tma ve deodorizasyon sistemleri<\/li>\n<li>K\u00fck\u00fcrt giderme ve denitrifikasyon s\u00fcre\u00e7leri<\/li>\n<li>Biyolojik ve kimyasal at\u0131k su ar\u0131t\u0131m\u0131<\/li>\n<li>Distilasyon ve ay\u0131rma kolonlar\u0131<\/li>\n<li>Is\u0131 de\u011fi\u015fim ve so\u011futma sistemleri<\/li>\n<\/ul>\n<h2>Paket<\/h2>\n<ul>\n<li>Dokuma torbalarda, jumbo torbalarda veya kartonlarda paketlenmi\u015ftir.<\/li>\n<li>Toplu ambalajlarda veya talep \u00fczerine \u00f6zel ambalajlarda mevcuttur.<\/li>\n<li>Ta\u015f\u0131ma s\u0131ras\u0131nda deformasyonu \u00f6nlemek i\u00e7in uygun koruma ile teslim edilir.<\/li>\n<\/ul>","protected":false},"excerpt":{"rendered":"<p>Plastik \u00c7apraz K\u00fcresel Halka, geni\u015f bo\u015fluk alan\u0131, d\u00fc\u015f\u00fck bas\u0131n\u00e7 d\u00fc\u015f\u00fc\u015f\u00fc ve m\u00fckemmel k\u00fctle aktar\u0131m verimlili\u011fi sa\u011flayan benzersiz bir \u00e7apraz k\u00fcre tasar\u0131m\u0131na sahip y\u00fcksek performansl\u0131 bir rastgele salmastra t\u00fcr\u00fcd\u00fcr. PP, PVC ve PVDF gibi dayan\u0131kl\u0131 plastiklerden \u00fcretilen bu \u00fcr\u00fcn, korozyona ve kimyasal sald\u0131r\u0131lara kar\u015f\u0131 ola\u011fan\u00fcst\u00fc diren\u00e7 sunarak gaz emme, y\u0131kama, at\u0131k su ar\u0131tma ve \u00e7e\u015fitli ay\u0131rma i\u015flemlerinde yayg\u0131n olarak kullan\u0131lmas\u0131n\u0131 sa\u011flar.<\/p>","protected":false},"featured_media":2945,"parent":0,"template":"","meta":{"_acf_changed":false,"_kad_blocks_custom_css":"","_kad_blocks_head_custom_js":"","_kad_blocks_body_custom_js":"","_kad_blocks_footer_custom_js":"","_kadence_starter_templates_imported_post":false,"_kad_post_transparent":"default","_kad_post_title":"","_kad_post_layout":"default","_kad_post_sidebar_id":"","_kad_post_content_style":"default","_kad_post_vertical_padding":"default","_kad_post_feature":"","_kad_post_feature_position":"","_kad_post_header":false,"_kad_post_footer":false},"pcategory":[22,25],"ptag":[],"class_list":["post-2938","product","type-product","status-publish","has-post-thumbnail","hentry","pcategory-random-packing","pcategory-plastic-random-packing"],"acf":[],"yoast_head":"<!-- This site is optimized with the Yoast SEO plugin v27.4 - https:\/\/yoast.com\/product\/yoast-seo-wordpress\/ -->\n<title>Plastic Cross Spherical Ring<\/title>\n<meta name=\"robots\" content=\"index, follow, max-snippet:-1, max-image-preview:large, max-video-preview:-1\" \/>\n<link rel=\"canonical\" href=\"https:\/\/cpxzx.com\/tr\/urun\/plastic-cross-spherical-ring\/\" \/>\n<meta property=\"og:locale\" content=\"tr_TR\" \/>\n<meta property=\"og:type\" content=\"article\" \/>\n<meta property=\"og:title\" content=\"Plastic Cross Spherical Ring\" \/>\n<meta property=\"og:description\" content=\"Plastic Cross Spherical Ring is a type of high-performance random packing with a unique cross-sphere design that provides large void space, low pressure drop, and excellent mass transfer efficiency. Made from durable plastics such as PP, PVC, and PVDF, it offers outstanding resistance to corrosion and chemical attack, making it widely used in gas absorption, scrubbing, wastewater treatment, and various separation processes.\" \/>\n<meta property=\"og:url\" content=\"https:\/\/cpxzx.com\/tr\/urun\/plastic-cross-spherical-ring\/\" \/>\n<meta property=\"og:site_name\" content=\"Cooling Tower Fill, China PVC Fills Manufacturer\" \/>\n<meta property=\"article:modified_time\" content=\"2025-09-03T08:02:51+00:00\" \/>\n<meta property=\"og:image\" content=\"https:\/\/cpxzx.com\/wp-content\/uploads\/2025\/08\/Plastic-Cross-Spherical-Ring.jpg\" \/>\n\t<meta property=\"og:image:width\" content=\"550\" \/>\n\t<meta property=\"og:image:height\" content=\"550\" \/>\n\t<meta property=\"og:image:type\" content=\"image\/jpeg\" \/>\n<meta name=\"twitter:card\" content=\"summary_large_image\" \/>\n<meta name=\"twitter:label1\" content=\"Tahmini okuma s\u00fcresi\" \/>\n\t<meta name=\"twitter:data1\" content=\"2 dakika\" \/>\n<script type=\"application\/ld+json\" class=\"yoast-schema-graph\">{\"@context\":\"https:\\\/\\\/schema.org\",\"@graph\":[{\"@type\":\"WebPage\",\"@id\":\"https:\\\/\\\/cpxzx.com\\\/product\\\/plastic-cross-spherical-ring\\\/\",\"url\":\"https:\\\/\\\/cpxzx.com\\\/product\\\/plastic-cross-spherical-ring\\\/\",\"name\":\"Plastic Cross Spherical Ring\",\"isPartOf\":{\"@id\":\"https:\\\/\\\/cpxzx.com\\\/#website\"},\"primaryImageOfPage\":{\"@id\":\"https:\\\/\\\/cpxzx.com\\\/product\\\/plastic-cross-spherical-ring\\\/#primaryimage\"},\"image\":{\"@id\":\"https:\\\/\\\/cpxzx.com\\\/product\\\/plastic-cross-spherical-ring\\\/#primaryimage\"},\"thumbnailUrl\":\"https:\\\/\\\/cpxzx.com\\\/wp-content\\\/uploads\\\/2025\\\/08\\\/Plastic-Cross-Spherical-Ring.jpg\",\"datePublished\":\"2025-08-30T04:54:47+00:00\",\"dateModified\":\"2025-09-03T08:02:51+00:00\",\"breadcrumb\":{\"@id\":\"https:\\\/\\\/cpxzx.com\\\/product\\\/plastic-cross-spherical-ring\\\/#breadcrumb\"},\"inLanguage\":\"tr\",\"potentialAction\":[{\"@type\":\"ReadAction\",\"target\":[\"https:\\\/\\\/cpxzx.com\\\/product\\\/plastic-cross-spherical-ring\\\/\"]}]},{\"@type\":\"ImageObject\",\"inLanguage\":\"tr\",\"@id\":\"https:\\\/\\\/cpxzx.com\\\/product\\\/plastic-cross-spherical-ring\\\/#primaryimage\",\"url\":\"https:\\\/\\\/cpxzx.com\\\/wp-content\\\/uploads\\\/2025\\\/08\\\/Plastic-Cross-Spherical-Ring.jpg\",\"contentUrl\":\"https:\\\/\\\/cpxzx.com\\\/wp-content\\\/uploads\\\/2025\\\/08\\\/Plastic-Cross-Spherical-Ring.jpg\",\"width\":550,\"height\":550,\"caption\":\"Plastic-Cross-Spherical-Ring\"},{\"@type\":\"BreadcrumbList\",\"@id\":\"https:\\\/\\\/cpxzx.com\\\/product\\\/plastic-cross-spherical-ring\\\/#breadcrumb\",\"itemListElement\":[{\"@type\":\"ListItem\",\"position\":1,\"name\":\"Home\",\"item\":\"https:\\\/\\\/cpxzx.com\\\/\"},{\"@type\":\"ListItem\",\"position\":2,\"name\":\"Random Packing\",\"item\":\"https:\\\/\\\/cpxzx.com\\\/pcategory\\\/random-packing\\\/\"},{\"@type\":\"ListItem\",\"position\":3,\"name\":\"Plastic Random Packing\",\"item\":\"https:\\\/\\\/cpxzx.com\\\/pcategory\\\/random-packing\\\/plastic-random-packing\\\/\"},{\"@type\":\"ListItem\",\"position\":4,\"name\":\"Plastic Cross Spherical Ring 50mm 90mm\"}]},{\"@type\":\"WebSite\",\"@id\":\"https:\\\/\\\/cpxzx.com\\\/#website\",\"url\":\"https:\\\/\\\/cpxzx.com\\\/\",\"name\":\"Cooling Tower Fill, China PVC Fills Manufacturer\",\"description\":\"\",\"publisher\":{\"@id\":\"https:\\\/\\\/cpxzx.com\\\/#organization\"},\"potentialAction\":[{\"@type\":\"SearchAction\",\"target\":{\"@type\":\"EntryPoint\",\"urlTemplate\":\"https:\\\/\\\/cpxzx.com\\\/?s={search_term_string}\"},\"query-input\":{\"@type\":\"PropertyValueSpecification\",\"valueRequired\":true,\"valueName\":\"search_term_string\"}}],\"inLanguage\":\"tr\"},{\"@type\":\"Organization\",\"@id\":\"https:\\\/\\\/cpxzx.com\\\/#organization\",\"name\":\"Cooling Tower Fill, China PVC Fills Manufacturer\",\"url\":\"https:\\\/\\\/cpxzx.com\\\/\",\"logo\":{\"@type\":\"ImageObject\",\"inLanguage\":\"tr\",\"@id\":\"https:\\\/\\\/cpxzx.com\\\/#\\\/schema\\\/logo\\\/image\\\/\",\"url\":\"https:\\\/\\\/cpxzx.com\\\/wp-content\\\/uploads\\\/2025\\\/07\\\/1751628807-logo.png\",\"contentUrl\":\"https:\\\/\\\/cpxzx.com\\\/wp-content\\\/uploads\\\/2025\\\/07\\\/1751628807-logo.png\",\"width\":383,\"height\":87,\"caption\":\"Cooling Tower Fill, China PVC Fills Manufacturer\"},\"image\":{\"@id\":\"https:\\\/\\\/cpxzx.com\\\/#\\\/schema\\\/logo\\\/image\\\/\"}}]}<\/script>\n<!-- \/ Yoast SEO plugin. -->","yoast_head_json":{"title":"Plastic Cross Spherical Ring","robots":{"index":"index","follow":"follow","max-snippet":"max-snippet:-1","max-image-preview":"max-image-preview:large","max-video-preview":"max-video-preview:-1"},"canonical":"https:\/\/cpxzx.com\/tr\/urun\/plastic-cross-spherical-ring\/","og_locale":"tr_TR","og_type":"article","og_title":"Plastic Cross Spherical Ring","og_description":"Plastic Cross Spherical Ring is a type of high-performance random packing with a unique cross-sphere design that provides large void space, low pressure drop, and excellent mass transfer efficiency. Made from durable plastics such as PP, PVC, and PVDF, it offers outstanding resistance to corrosion and chemical attack, making it widely used in gas absorption, scrubbing, wastewater treatment, and various separation processes.","og_url":"https:\/\/cpxzx.com\/tr\/urun\/plastic-cross-spherical-ring\/","og_site_name":"Cooling Tower Fill, China PVC Fills Manufacturer","article_modified_time":"2025-09-03T08:02:51+00:00","og_image":[{"width":550,"height":550,"url":"https:\/\/cpxzx.com\/wp-content\/uploads\/2025\/08\/Plastic-Cross-Spherical-Ring.jpg","type":"image\/jpeg"}],"twitter_card":"summary_large_image","twitter_misc":{"Tahmini okuma s\u00fcresi":"2 dakika"},"schema":{"@context":"https:\/\/schema.org","@graph":[{"@type":"WebPage","@id":"https:\/\/cpxzx.com\/product\/plastic-cross-spherical-ring\/","url":"https:\/\/cpxzx.com\/product\/plastic-cross-spherical-ring\/","name":"Plastic Cross Spherical Ring","isPartOf":{"@id":"https:\/\/cpxzx.com\/#website"},"primaryImageOfPage":{"@id":"https:\/\/cpxzx.com\/product\/plastic-cross-spherical-ring\/#primaryimage"},"image":{"@id":"https:\/\/cpxzx.com\/product\/plastic-cross-spherical-ring\/#primaryimage"},"thumbnailUrl":"https:\/\/cpxzx.com\/wp-content\/uploads\/2025\/08\/Plastic-Cross-Spherical-Ring.jpg","datePublished":"2025-08-30T04:54:47+00:00","dateModified":"2025-09-03T08:02:51+00:00","breadcrumb":{"@id":"https:\/\/cpxzx.com\/product\/plastic-cross-spherical-ring\/#breadcrumb"},"inLanguage":"tr","potentialAction":[{"@type":"ReadAction","target":["https:\/\/cpxzx.com\/product\/plastic-cross-spherical-ring\/"]}]},{"@type":"ImageObject","inLanguage":"tr","@id":"https:\/\/cpxzx.com\/product\/plastic-cross-spherical-ring\/#primaryimage","url":"https:\/\/cpxzx.com\/wp-content\/uploads\/2025\/08\/Plastic-Cross-Spherical-Ring.jpg","contentUrl":"https:\/\/cpxzx.com\/wp-content\/uploads\/2025\/08\/Plastic-Cross-Spherical-Ring.jpg","width":550,"height":550,"caption":"Plastic-Cross-Spherical-Ring"},{"@type":"BreadcrumbList","@id":"https:\/\/cpxzx.com\/product\/plastic-cross-spherical-ring\/#breadcrumb","itemListElement":[{"@type":"ListItem","position":1,"name":"Home","item":"https:\/\/cpxzx.com\/"},{"@type":"ListItem","position":2,"name":"Random Packing","item":"https:\/\/cpxzx.com\/pcategory\/random-packing\/"},{"@type":"ListItem","position":3,"name":"Plastic Random Packing","item":"https:\/\/cpxzx.com\/pcategory\/random-packing\/plastic-random-packing\/"},{"@type":"ListItem","position":4,"name":"Plastic Cross Spherical Ring 50mm 90mm"}]},{"@type":"WebSite","@id":"https:\/\/cpxzx.com\/#website","url":"https:\/\/cpxzx.com\/","name":"So\u011futma Kulesi Dolgusu, \u00c7in PVC Dolgular \u00dcretici","description":"","publisher":{"@id":"https:\/\/cpxzx.com\/#organization"},"potentialAction":[{"@type":"SearchAction","target":{"@type":"EntryPoint","urlTemplate":"https:\/\/cpxzx.com\/?s={search_term_string}"},"query-input":{"@type":"PropertyValueSpecification","valueRequired":true,"valueName":"search_term_string"}}],"inLanguage":"tr"},{"@type":"Organization","@id":"https:\/\/cpxzx.com\/#organization","name":"So\u011futma Kulesi Dolgusu, \u00c7in PVC Dolgular \u00dcretici","url":"https:\/\/cpxzx.com\/","logo":{"@type":"ImageObject","inLanguage":"tr","@id":"https:\/\/cpxzx.com\/#\/schema\/logo\/image\/","url":"https:\/\/cpxzx.com\/wp-content\/uploads\/2025\/07\/1751628807-logo.png","contentUrl":"https:\/\/cpxzx.com\/wp-content\/uploads\/2025\/07\/1751628807-logo.png","width":383,"height":87,"caption":"Cooling Tower Fill, China PVC Fills Manufacturer"},"image":{"@id":"https:\/\/cpxzx.com\/#\/schema\/logo\/image\/"}}]}},"taxonomy_info":{"pcategory":[{"value":22,"label":"Random Packing"},{"value":25,"label":"Plastic Random Packing"}]},"featured_image_src_large":["https:\/\/cpxzx.com\/wp-content\/uploads\/2025\/08\/Plastic-Cross-Spherical-Ring.jpg",550,550,false],"author_info":[],"comment_info":"","_links":{"self":[{"href":"https:\/\/cpxzx.com\/tr\/wp-json\/wp\/v2\/product\/2938","targetHints":{"allow":["GET"]}}],"collection":[{"href":"https:\/\/cpxzx.com\/tr\/wp-json\/wp\/v2\/product"}],"about":[{"href":"https:\/\/cpxzx.com\/tr\/wp-json\/wp\/v2\/types\/product"}],"wp:featuredmedia":[{"embeddable":true,"href":"https:\/\/cpxzx.com\/tr\/wp-json\/wp\/v2\/media\/2945"}],"wp:attachment":[{"href":"https:\/\/cpxzx.com\/tr\/wp-json\/wp\/v2\/media?parent=2938"}],"wp:term":[{"taxonomy":"pcategory","embeddable":true,"href":"https:\/\/cpxzx.com\/tr\/wp-json\/wp\/v2\/pcategory?post=2938"},{"taxonomy":"ptag","embeddable":true,"href":"https:\/\/cpxzx.com\/tr\/wp-json\/wp\/v2\/ptag?post=2938"}],"curies":[{"name":"wp","href":"https:\/\/api.w.org\/{rel}","templated":true}]}}