{"id":2921,"date":"2025-08-21T07:37:02","date_gmt":"2025-08-21T07:37:02","guid":{"rendered":"https:\/\/cpxzx.com\/?post_type=product&#038;p=2921"},"modified":"2025-08-21T07:37:02","modified_gmt":"2025-08-21T07:37:02","slug":"plastic-ralu-ring","status":"publish","type":"product","link":"https:\/\/cpxzx.com\/tr\/urun\/plastic-ralu-ring\/","title":{"rendered":"Plastik Ralu Y\u00fcz\u00fck"},"content":{"rendered":"<p>Plastik Ralu Halkas\u0131, geleneksel Pall Halkas\u0131ndan geli\u015ftirilmi\u015f ve y\u00fcksek k\u00fctle transfer verimlili\u011fini korurken daha d\u00fc\u015f\u00fck bas\u0131n\u00e7 d\u00fc\u015f\u00fc\u015f\u00fc ve daha az malzeme kullan\u0131m\u0131 elde etmek i\u00e7in modifiye edilmi\u015f bir a\u00e7\u0131k halka tasar\u0131m\u0131 ile geli\u015ftirilmi\u015f geli\u015fmi\u015f bir rastgele paketleme \u015feklidir. Yap\u0131s\u0131, geli\u015fmi\u015f gaz-s\u0131v\u0131 temas\u0131n\u0131 ve geli\u015fmi\u015f ay\u0131rma performans\u0131n\u0131 destekler ve mevcut kolonlara uyarland\u0131\u011f\u0131nda, i\u015fletme maliyetlerini azaltabilir veya verimlili\u011fi korumak i\u00e7in daha d\u00fc\u015f\u00fck yatak y\u00fcksekli\u011fine izin verebilir.<\/p>\n<h2>\u00d6zellikler<\/h2>\n<ul>\n<li><strong>\u0130yile\u015ftirilmi\u015f bo\u015fluk oran\u0131 ve d\u00fc\u015f\u00fck bas\u0131n\u00e7 d\u00fc\u015f\u00fc\u015f\u00fc<\/strong> - Seramik veya geleneksel Pall Halkalara k\u0131yasla daha y\u00fcksek kapasite ve daha verimli ak\u0131\u015f sunar.<\/li>\n<li><strong>Y\u00fcksek s\u0131v\u0131 tutma ve uzat\u0131lm\u0131\u015f kalma s\u00fcresi<\/strong> - \u00d6zellikle yava\u015f kimyasal reaksiyonlarda emilimi art\u0131r\u0131r.<\/li>\n<li><strong>Tek tip gaz-s\u0131v\u0131 da\u011f\u0131l\u0131m\u0131<\/strong> - S\u0131v\u0131\/buhar da\u011f\u0131l\u0131m\u0131n\u0131n kalitesine daha az duyarl\u0131d\u0131r; standart da\u011f\u0131t\u0131c\u0131larla uyumludur.<\/li>\n<li><strong>G\u00fc\u00e7l\u00fc mekanik b\u00fct\u00fcnl\u00fck<\/strong> - Halka ve kollu tasar\u0131m dayan\u0131kl\u0131l\u0131k sa\u011flar, derin paketlenmi\u015f yataklar i\u00e7in bile uygundur.<\/li>\n<li><strong>Geni\u015f kimyasal uyumluluk ve termal tolerans<\/strong> - Y\u00fcksek s\u0131cakl\u0131klarda (malzemeye ba\u011fl\u0131 olarak ~280 \u00b0C'ye kadar) kullan\u0131ma uygundur ve kimyasal korozyona kar\u015f\u0131 dayan\u0131kl\u0131d\u0131r.<\/li>\n<\/ul>\n<h2>Teknik \u00d6zellikler<\/h2>\n<h2>Mevcut Malzemeler<\/h2>\n<p>PP (Polipropilen), PE (Polietilen), RPP (G\u00fc\u00e7lendirilmi\u015f Polipropilen), PVC, CPVC, PVDF ve iste\u011fe ba\u011fl\u0131 olarak PTFE veya PFA.<\/p>\n<h2>Temel Fiziksel \u00d6zellikler<\/h2>\n<table border=\"1\" cellspacing=\"0\" cellpadding=\"5\">\n<thead>\n<tr>\n<th>Boyut<br \/>\n(mm)<\/th>\n<th>Spesifik Y\u00fczey<br \/>\n(m\u00b2\/m\u00b3)<\/th>\n<th>Voidage<br \/>\n(%)<\/th>\n<th>Y\u0131\u011f\u0131n Yo\u011funlu\u011fu<br \/>\n(kg\/m\u00b3)<\/th>\n<th>Adet\/m\u00b3<\/th>\n<\/tr>\n<\/thead>\n<tbody>\n<tr>\n<td>15<\/td>\n<td>~320<\/td>\n<td>~94<\/td>\n<td>~80<\/td>\n<td>~170,000<\/td>\n<\/tr>\n<tr>\n<td>25<\/td>\n<td>~190<\/td>\n<td>~94-95<\/td>\n<td>~46.8-56<\/td>\n<td>~36,000<\/td>\n<\/tr>\n<tr>\n<td>38<\/td>\n<td>~150<\/td>\n<td>~95<\/td>\n<td>~65<\/td>\n<td>~13,500<\/td>\n<\/tr>\n<tr>\n<td>50<\/td>\n<td>~110<\/td>\n<td>~95<\/td>\n<td>~53.5-60<\/td>\n<td>~6,300<\/td>\n<\/tr>\n<tr>\n<td>90<\/td>\n<td>~75<\/td>\n<td>~90<\/td>\n<td>~40<\/td>\n<td>~1,000<\/td>\n<\/tr>\n<tr>\n<td>125<\/td>\n<td>~60<\/td>\n<td>~97<\/td>\n<td>~30<\/td>\n<td>~800<\/td>\n<\/tr>\n<\/tbody>\n<\/table>\n<h2>Avantajlar<\/h2>\n<ul>\n<li>D\u00fc\u015f\u00fck bas\u0131n\u00e7 d\u00fc\u015f\u00fc\u015f\u00fc ile y\u00fcksek verim, enerji tasarrufu sa\u011flar.<\/li>\n<li>\u00dcst\u00fcn s\u0131k\u0131\u015fma \u00f6nleme ve mekanik sa\u011flaml\u0131k, zorlu end\u00fcstriyel ortamlar i\u00e7in idealdir.<\/li>\n<li>M\u00fckemmel kimyasal korozyon direnci, \u00e7ok \u00e7e\u015fitli agresif ortamlar i\u00e7in uygundur.<\/li>\n<li>Kullan\u0131m ve kurulum kolayl\u0131\u011f\u0131, i\u015fletme maliyetlerini d\u00fc\u015f\u00fcrmeye yard\u0131mc\u0131 olur.<\/li>\n<\/ul>\n<h2>Uygulamalar<\/h2>\n<ul>\n<li>Ay\u0131rma, absorpsiyon ve desorpsiyon i\u015flemleri<\/li>\n<li>Atmosferik ve vakumlu distilasyon sistemleri<\/li>\n<li>Dekarbonizasyon, k\u00fck\u00fcrt giderme, CO\u2082 f\u0131r\u00e7alama<\/li>\n<li>Etilbenzen, izo-oktan, toluen gibi u\u00e7ucu organik maddelerin ayr\u0131\u015ft\u0131r\u0131lmas\u0131<\/li>\n<li>Aerobik\/anaerobik at\u0131k su ar\u0131t\u0131m\u0131, damlatmal\u0131 filtreler, gaz fazl\u0131 biyofiltreler<\/li>\n<\/ul>\n<h2>Paket<\/h2>\n<p>Paketleme bi\u00e7imleri tedarik\u00e7iye g\u00f6re de\u011fi\u015fir; tipik olarak k\u00fc\u00e7\u00fck torbalar, s\u00fcper torbalar (tonluk torbalar), kartonlar veya sipari\u015f hacmine ba\u011fl\u0131 olarak esnek \u00e7\u00f6z\u00fcmler i\u00e7erir. Toplu sevkiyat se\u00e7enekleri aras\u0131nda tonluk torbalar, plastik torbalar veya ka\u011f\u0131t kutular; y\u00fck boyutlar\u0131na uygun konteynerler (20 GP, 40 GP, 40 HQ) bulunur ve teslimat s\u00fcreleri yakla\u015f\u0131k 7-12 i\u015f g\u00fcn\u00fcd\u00fcr.<\/p>","protected":false},"excerpt":{"rendered":"<p>Plastik Ralu Halkas\u0131, emme, ovma ve s\u0131y\u0131rma gibi k\u00fctle transferi uygulamalar\u0131nda yayg\u0131n olarak kullan\u0131lan y\u00fcksek performansl\u0131 rastgele bir salmastrad\u0131r. PP, PE, PVC, PVDF veya PTFE gibi dayan\u0131kl\u0131 termoplastik malzemelerden yap\u0131lm\u0131\u015f olup m\u00fckemmel mekanik mukavemet, kimyasal diren\u00e7 ve termal stabilite sunar. Benzersiz a\u00e7\u0131k yap\u0131s\u0131yla Ralu Ring, d\u00fc\u015f\u00fck bas\u0131n\u00e7 d\u00fc\u015f\u00fc\u015f\u00fc, y\u00fcksek bo\u015fluk oran\u0131 ve verimli gaz-s\u0131v\u0131 temas\u0131 sa\u011flayarak kimya, petrokimya ve \u00e7evre koruma end\u00fcstrileri i\u00e7in idealdir.<\/p>","protected":false},"featured_media":2932,"parent":0,"template":"","meta":{"_acf_changed":false,"_kad_blocks_custom_css":"","_kad_blocks_head_custom_js":"","_kad_blocks_body_custom_js":"","_kad_blocks_footer_custom_js":"","_kadence_starter_templates_imported_post":false,"_kad_post_transparent":"default","_kad_post_title":"","_kad_post_layout":"default","_kad_post_sidebar_id":"","_kad_post_content_style":"default","_kad_post_vertical_padding":"default","_kad_post_feature":"","_kad_post_feature_position":"","_kad_post_header":false,"_kad_post_footer":false},"pcategory":[22,25],"ptag":[],"class_list":["post-2921","product","type-product","status-publish","has-post-thumbnail","hentry","pcategory-random-packing","pcategory-plastic-random-packing"],"acf":[],"yoast_head":"<!-- This site is optimized with the Yoast SEO plugin v27.4 - https:\/\/yoast.com\/product\/yoast-seo-wordpress\/ -->\n<title>Plastic Ralu Ring<\/title>\n<meta name=\"robots\" content=\"index, follow, max-snippet:-1, max-image-preview:large, max-video-preview:-1\" \/>\n<link rel=\"canonical\" href=\"https:\/\/cpxzx.com\/tr\/urun\/plastic-ralu-ring\/\" \/>\n<meta property=\"og:locale\" content=\"tr_TR\" \/>\n<meta property=\"og:type\" content=\"article\" \/>\n<meta property=\"og:title\" content=\"Plastic Ralu Ring\" \/>\n<meta property=\"og:description\" content=\"Plastic Ralu Ring is a high-performance random packing widely used in mass transfer applications such as absorption, scrubbing, and stripping. Made from durable thermoplastic materials like PP, PE, PVC, PVDF, or PTFE, it offers excellent mechanical strength, chemical resistance, and thermal stability. With its unique open structure, the Ralu Ring ensures low pressure drop, high void ratio, and efficient gas-liquid contact, making it ideal for chemical, petrochemical, and environmental protection industries.\" \/>\n<meta property=\"og:url\" content=\"https:\/\/cpxzx.com\/tr\/urun\/plastic-ralu-ring\/\" \/>\n<meta property=\"og:site_name\" content=\"Cooling Tower Fill, China PVC Fills Manufacturer\" \/>\n<meta property=\"og:image\" content=\"https:\/\/cpxzx.com\/wp-content\/uploads\/2025\/08\/PP-PE-CPVC-Plastic-Ralu-Ring-for-Separation-Tower-Packing.jpg\" \/>\n\t<meta property=\"og:image:width\" content=\"550\" \/>\n\t<meta property=\"og:image:height\" content=\"550\" \/>\n\t<meta property=\"og:image:type\" content=\"image\/jpeg\" \/>\n<meta name=\"twitter:card\" content=\"summary_large_image\" \/>\n<meta name=\"twitter:label1\" content=\"Tahmini okuma s\u00fcresi\" \/>\n\t<meta name=\"twitter:data1\" content=\"2 dakika\" \/>\n<script type=\"application\/ld+json\" class=\"yoast-schema-graph\">{\"@context\":\"https:\\\/\\\/schema.org\",\"@graph\":[{\"@type\":\"WebPage\",\"@id\":\"https:\\\/\\\/cpxzx.com\\\/product\\\/plastic-ralu-ring\\\/\",\"url\":\"https:\\\/\\\/cpxzx.com\\\/product\\\/plastic-ralu-ring\\\/\",\"name\":\"Plastic Ralu Ring\",\"isPartOf\":{\"@id\":\"https:\\\/\\\/cpxzx.com\\\/#website\"},\"primaryImageOfPage\":{\"@id\":\"https:\\\/\\\/cpxzx.com\\\/product\\\/plastic-ralu-ring\\\/#primaryimage\"},\"image\":{\"@id\":\"https:\\\/\\\/cpxzx.com\\\/product\\\/plastic-ralu-ring\\\/#primaryimage\"},\"thumbnailUrl\":\"https:\\\/\\\/cpxzx.com\\\/wp-content\\\/uploads\\\/2025\\\/08\\\/PP-PE-CPVC-Plastic-Ralu-Ring-for-Separation-Tower-Packing.jpg\",\"datePublished\":\"2025-08-21T07:37:02+00:00\",\"breadcrumb\":{\"@id\":\"https:\\\/\\\/cpxzx.com\\\/product\\\/plastic-ralu-ring\\\/#breadcrumb\"},\"inLanguage\":\"tr\",\"potentialAction\":[{\"@type\":\"ReadAction\",\"target\":[\"https:\\\/\\\/cpxzx.com\\\/product\\\/plastic-ralu-ring\\\/\"]}]},{\"@type\":\"ImageObject\",\"inLanguage\":\"tr\",\"@id\":\"https:\\\/\\\/cpxzx.com\\\/product\\\/plastic-ralu-ring\\\/#primaryimage\",\"url\":\"https:\\\/\\\/cpxzx.com\\\/wp-content\\\/uploads\\\/2025\\\/08\\\/PP-PE-CPVC-Plastic-Ralu-Ring-for-Separation-Tower-Packing.jpg\",\"contentUrl\":\"https:\\\/\\\/cpxzx.com\\\/wp-content\\\/uploads\\\/2025\\\/08\\\/PP-PE-CPVC-Plastic-Ralu-Ring-for-Separation-Tower-Packing.jpg\",\"width\":550,\"height\":550},{\"@type\":\"BreadcrumbList\",\"@id\":\"https:\\\/\\\/cpxzx.com\\\/product\\\/plastic-ralu-ring\\\/#breadcrumb\",\"itemListElement\":[{\"@type\":\"ListItem\",\"position\":1,\"name\":\"Home\",\"item\":\"https:\\\/\\\/cpxzx.com\\\/\"},{\"@type\":\"ListItem\",\"position\":2,\"name\":\"Random Packing\",\"item\":\"https:\\\/\\\/cpxzx.com\\\/pcategory\\\/random-packing\\\/\"},{\"@type\":\"ListItem\",\"position\":3,\"name\":\"Plastic Random Packing\",\"item\":\"https:\\\/\\\/cpxzx.com\\\/pcategory\\\/random-packing\\\/plastic-random-packing\\\/\"},{\"@type\":\"ListItem\",\"position\":4,\"name\":\"Plastic Ralu Ring\"}]},{\"@type\":\"WebSite\",\"@id\":\"https:\\\/\\\/cpxzx.com\\\/#website\",\"url\":\"https:\\\/\\\/cpxzx.com\\\/\",\"name\":\"Cooling Tower Fill, China PVC Fills Manufacturer\",\"description\":\"\",\"publisher\":{\"@id\":\"https:\\\/\\\/cpxzx.com\\\/#organization\"},\"potentialAction\":[{\"@type\":\"SearchAction\",\"target\":{\"@type\":\"EntryPoint\",\"urlTemplate\":\"https:\\\/\\\/cpxzx.com\\\/?s={search_term_string}\"},\"query-input\":{\"@type\":\"PropertyValueSpecification\",\"valueRequired\":true,\"valueName\":\"search_term_string\"}}],\"inLanguage\":\"tr\"},{\"@type\":\"Organization\",\"@id\":\"https:\\\/\\\/cpxzx.com\\\/#organization\",\"name\":\"Cooling Tower Fill, China PVC Fills Manufacturer\",\"url\":\"https:\\\/\\\/cpxzx.com\\\/\",\"logo\":{\"@type\":\"ImageObject\",\"inLanguage\":\"tr\",\"@id\":\"https:\\\/\\\/cpxzx.com\\\/#\\\/schema\\\/logo\\\/image\\\/\",\"url\":\"https:\\\/\\\/cpxzx.com\\\/wp-content\\\/uploads\\\/2025\\\/07\\\/1751628807-logo.png\",\"contentUrl\":\"https:\\\/\\\/cpxzx.com\\\/wp-content\\\/uploads\\\/2025\\\/07\\\/1751628807-logo.png\",\"width\":383,\"height\":87,\"caption\":\"Cooling Tower Fill, China PVC Fills Manufacturer\"},\"image\":{\"@id\":\"https:\\\/\\\/cpxzx.com\\\/#\\\/schema\\\/logo\\\/image\\\/\"}}]}<\/script>\n<!-- \/ Yoast SEO plugin. -->","yoast_head_json":{"title":"Plastik Ralu Y\u00fcz\u00fck","robots":{"index":"index","follow":"follow","max-snippet":"max-snippet:-1","max-image-preview":"max-image-preview:large","max-video-preview":"max-video-preview:-1"},"canonical":"https:\/\/cpxzx.com\/tr\/urun\/plastic-ralu-ring\/","og_locale":"tr_TR","og_type":"article","og_title":"Plastic Ralu Ring","og_description":"Plastic Ralu Ring is a high-performance random packing widely used in mass transfer applications such as absorption, scrubbing, and stripping. Made from durable thermoplastic materials like PP, PE, PVC, PVDF, or PTFE, it offers excellent mechanical strength, chemical resistance, and thermal stability. With its unique open structure, the Ralu Ring ensures low pressure drop, high void ratio, and efficient gas-liquid contact, making it ideal for chemical, petrochemical, and environmental protection industries.","og_url":"https:\/\/cpxzx.com\/tr\/urun\/plastic-ralu-ring\/","og_site_name":"Cooling Tower Fill, China PVC Fills Manufacturer","og_image":[{"width":550,"height":550,"url":"https:\/\/cpxzx.com\/wp-content\/uploads\/2025\/08\/PP-PE-CPVC-Plastic-Ralu-Ring-for-Separation-Tower-Packing.jpg","type":"image\/jpeg"}],"twitter_card":"summary_large_image","twitter_misc":{"Tahmini okuma s\u00fcresi":"2 dakika"},"schema":{"@context":"https:\/\/schema.org","@graph":[{"@type":"WebPage","@id":"https:\/\/cpxzx.com\/product\/plastic-ralu-ring\/","url":"https:\/\/cpxzx.com\/product\/plastic-ralu-ring\/","name":"Plastik Ralu Y\u00fcz\u00fck","isPartOf":{"@id":"https:\/\/cpxzx.com\/#website"},"primaryImageOfPage":{"@id":"https:\/\/cpxzx.com\/product\/plastic-ralu-ring\/#primaryimage"},"image":{"@id":"https:\/\/cpxzx.com\/product\/plastic-ralu-ring\/#primaryimage"},"thumbnailUrl":"https:\/\/cpxzx.com\/wp-content\/uploads\/2025\/08\/PP-PE-CPVC-Plastic-Ralu-Ring-for-Separation-Tower-Packing.jpg","datePublished":"2025-08-21T07:37:02+00:00","breadcrumb":{"@id":"https:\/\/cpxzx.com\/product\/plastic-ralu-ring\/#breadcrumb"},"inLanguage":"tr","potentialAction":[{"@type":"ReadAction","target":["https:\/\/cpxzx.com\/product\/plastic-ralu-ring\/"]}]},{"@type":"ImageObject","inLanguage":"tr","@id":"https:\/\/cpxzx.com\/product\/plastic-ralu-ring\/#primaryimage","url":"https:\/\/cpxzx.com\/wp-content\/uploads\/2025\/08\/PP-PE-CPVC-Plastic-Ralu-Ring-for-Separation-Tower-Packing.jpg","contentUrl":"https:\/\/cpxzx.com\/wp-content\/uploads\/2025\/08\/PP-PE-CPVC-Plastic-Ralu-Ring-for-Separation-Tower-Packing.jpg","width":550,"height":550},{"@type":"BreadcrumbList","@id":"https:\/\/cpxzx.com\/product\/plastic-ralu-ring\/#breadcrumb","itemListElement":[{"@type":"ListItem","position":1,"name":"Home","item":"https:\/\/cpxzx.com\/"},{"@type":"ListItem","position":2,"name":"Random Packing","item":"https:\/\/cpxzx.com\/pcategory\/random-packing\/"},{"@type":"ListItem","position":3,"name":"Plastic Random Packing","item":"https:\/\/cpxzx.com\/pcategory\/random-packing\/plastic-random-packing\/"},{"@type":"ListItem","position":4,"name":"Plastic Ralu Ring"}]},{"@type":"WebSite","@id":"https:\/\/cpxzx.com\/#website","url":"https:\/\/cpxzx.com\/","name":"So\u011futma Kulesi Dolgusu, \u00c7in PVC Dolgular \u00dcretici","description":"","publisher":{"@id":"https:\/\/cpxzx.com\/#organization"},"potentialAction":[{"@type":"SearchAction","target":{"@type":"EntryPoint","urlTemplate":"https:\/\/cpxzx.com\/?s={search_term_string}"},"query-input":{"@type":"PropertyValueSpecification","valueRequired":true,"valueName":"search_term_string"}}],"inLanguage":"tr"},{"@type":"Organization","@id":"https:\/\/cpxzx.com\/#organization","name":"So\u011futma Kulesi Dolgusu, \u00c7in PVC Dolgular \u00dcretici","url":"https:\/\/cpxzx.com\/","logo":{"@type":"ImageObject","inLanguage":"tr","@id":"https:\/\/cpxzx.com\/#\/schema\/logo\/image\/","url":"https:\/\/cpxzx.com\/wp-content\/uploads\/2025\/07\/1751628807-logo.png","contentUrl":"https:\/\/cpxzx.com\/wp-content\/uploads\/2025\/07\/1751628807-logo.png","width":383,"height":87,"caption":"Cooling Tower Fill, China PVC Fills Manufacturer"},"image":{"@id":"https:\/\/cpxzx.com\/#\/schema\/logo\/image\/"}}]}},"taxonomy_info":{"pcategory":[{"value":22,"label":"Random Packing"},{"value":25,"label":"Plastic Random Packing"}]},"featured_image_src_large":["https:\/\/cpxzx.com\/wp-content\/uploads\/2025\/08\/PP-PE-CPVC-Plastic-Ralu-Ring-for-Separation-Tower-Packing.jpg",550,550,false],"author_info":[],"comment_info":"","_links":{"self":[{"href":"https:\/\/cpxzx.com\/tr\/wp-json\/wp\/v2\/product\/2921","targetHints":{"allow":["GET"]}}],"collection":[{"href":"https:\/\/cpxzx.com\/tr\/wp-json\/wp\/v2\/product"}],"about":[{"href":"https:\/\/cpxzx.com\/tr\/wp-json\/wp\/v2\/types\/product"}],"wp:featuredmedia":[{"embeddable":true,"href":"https:\/\/cpxzx.com\/tr\/wp-json\/wp\/v2\/media\/2932"}],"wp:attachment":[{"href":"https:\/\/cpxzx.com\/tr\/wp-json\/wp\/v2\/media?parent=2921"}],"wp:term":[{"taxonomy":"pcategory","embeddable":true,"href":"https:\/\/cpxzx.com\/tr\/wp-json\/wp\/v2\/pcategory?post=2921"},{"taxonomy":"ptag","embeddable":true,"href":"https:\/\/cpxzx.com\/tr\/wp-json\/wp\/v2\/ptag?post=2921"}],"curies":[{"name":"wp","href":"https:\/\/api.w.org\/{rel}","templated":true}]}}