{"id":2920,"date":"2025-08-20T03:07:54","date_gmt":"2025-08-20T03:07:54","guid":{"rendered":"https:\/\/cpxzx.com\/?post_type=product&#038;p=2920"},"modified":"2025-08-20T03:08:43","modified_gmt":"2025-08-20T03:08:43","slug":"plastic-igel-ball","status":"publish","type":"product","link":"https:\/\/cpxzx.com\/tr\/urun\/plastic-igel-ball\/","title":{"rendered":"Plastik Igel Top 38mm 50mm 100mm"},"content":{"rendered":"<p>Bu <strong>Plastik Igel Topu<\/strong> PP, PE, PVC, CPVC veya PVDF gibi malzemelerden yap\u0131lm\u0131\u015f i\u011fneli k\u00fcresel bir biyofiltre ortam\u0131d\u0131r. Enjeksiyon kal\u0131plama ile \u00fcretilen benzersiz \u00e7ok i\u011fneli yap\u0131s\u0131, k\u00fctle aktar\u0131m verimlili\u011fini art\u0131ran ve optimum s\u0131v\u0131 ve gaz da\u011f\u0131l\u0131m\u0131 sa\u011flayan geni\u015f bir y\u00fczey alan\u0131 sunar. Hafif ve kald\u0131rma kuvveti y\u00fcksek olan bu \u00fcr\u00fcn \u00f6zellikle su \u00fcr\u00fcnleri yeti\u015ftiricili\u011fi, su ar\u0131tma ve kimya m\u00fchendisli\u011finde kullan\u0131lan \u0131slak\/kuru filtrasyon sistemleri i\u00e7in uygundur.<\/p>\n<h2>\u00d6zellikler<\/h2>\n<ul>\n<li>Su \u00fczerinde y\u00fczen hafif, y\u00fczd\u00fcr\u00fcc\u00fc tasar\u0131m<\/li>\n<li>D\u00fc\u015f\u00fck su direnci ve m\u00fckemmel havaland\u0131rma<\/li>\n<li>Tek tip da\u011f\u0131t\u0131m i\u00e7in ak\u0131\u015f sapt\u0131rma yap\u0131s\u0131<\/li>\n<li>Biyolojik filtrasyon i\u00e7in bakteriyel b\u00fcy\u00fcmeyi destekleyen y\u00fcksek y\u00fczey alan\u0131<\/li>\n<\/ul>\n<h2>Teknik \u00d6zellikler<\/h2>\n<table border=\"1\" cellspacing=\"0\" cellpadding=\"5\">\n<tbody>\n<tr>\n<th>Boyut<br \/>\n(mm)<\/th>\n<th>Y\u00fczey Alan\u0131<br \/>\n(m\u00b2\/m\u00b3)<\/th>\n<th>Bo\u015fluk Hacmi<br \/>\n(%)<\/th>\n<th>Adet ba\u015f\u0131na<br \/>\nm\u00b3<\/th>\n<\/tr>\n<tr>\n<td>38<\/td>\n<td>~295<\/td>\n<td>~86<\/td>\n<td>20,600<\/td>\n<\/tr>\n<tr>\n<td>40<\/td>\n<td>~300<\/td>\n<td>~87-88<\/td>\n<td>~17,000<\/td>\n<\/tr>\n<tr>\n<td>50<\/td>\n<td>~156<\/td>\n<td>~88<\/td>\n<td>~9,600<\/td>\n<\/tr>\n<tr>\n<td>100<\/td>\n<td>~122<\/td>\n<td>~91<\/td>\n<td>~2,800<\/td>\n<\/tr>\n<\/tbody>\n<\/table>\n<p>Mevcut malzemeler: PP, PE, PVC, CPVC, PVDF. \u00c7al\u0131\u015fma s\u0131cakl\u0131\u011f\u0131: PP &gt;100\u00b0C, PE ~90\u00b0C, PVC &gt;60\u00b0C, CPVC &gt;90\u00b0C, PVDF &gt;150\u00b0C.<\/p>\n<h2>Avantajlar<\/h2>\n<ul>\n<li>Verimli su ar\u0131tma ve filtrasyon performans\u0131<\/li>\n<li>Oksijenasyonu iyile\u015ftirir ve H\u2082S\/CO\u2082 giderimine yard\u0131mc\u0131 olur<\/li>\n<li>D\u00fc\u015f\u00fck bas\u0131n\u00e7 d\u00fc\u015f\u00fc\u015f\u00fc ile y\u00fcksek k\u00fctle transfer verimlili\u011fi<\/li>\n<li>Kimyasallara ve \u0131s\u0131ya dayan\u0131kl\u0131 dayan\u0131kl\u0131 malzemeler<\/li>\n<\/ul>\n<h2>Uygulamalar<\/h2>\n<ul>\n<li>Akvaryumlar, havuzlar, kulu\u00e7kahaneler ve bal\u0131k \u00e7iftlikleri<\/li>\n<li>Tatl\u0131 su ve deniz sistemlerinde biyolojik filtrasyon<\/li>\n<li>End\u00fcstriyel ve kentsel at\u0131k su ar\u0131t\u0131m\u0131<\/li>\n<li>Y\u0131kay\u0131c\u0131 kuleler ve kimyasal i\u015fleme<\/li>\n<li>Rastgele veya yap\u0131land\u0131r\u0131lm\u0131\u015f kulelerde k\u00fctle transferi paketlemesi<\/li>\n<\/ul>\n<h2>Paket<\/h2>\n<p>Plastik Igel Toplar\u0131 tipik olarak jumbo torbalarda, dokuma torbalarda, tonluk torbalarda, kartonlarda veya tahta sand\u0131klarda paketlenir. Konteyner nakliye se\u00e7enekleri aras\u0131nda 20GP, 40GP veya 40HQ bulunur ve teslimat s\u00fcreleri sipari\u015f miktar\u0131na ba\u011fl\u0131 olarak genellikle 7-20 g\u00fcn aras\u0131ndad\u0131r.<\/p>","protected":false},"excerpt":{"rendered":"<p>Plastik Igel Topu, k\u00fcresel bir \u015fekil ve y\u00fczeyde \u00e7ok say\u0131da sivri u\u00e7 ile tasarlanm\u0131\u015f bir t\u00fcr plastik rastgele ambalajd\u0131r. \u00d6zel yap\u0131s\u0131 geni\u015f bir y\u00fczey alan\u0131, m\u00fckemmel gaz-s\u0131v\u0131 temas\u0131 ve d\u00fc\u015f\u00fck bas\u0131n\u00e7 d\u00fc\u015f\u00fc\u015f\u00fc sa\u011flayarak su ar\u0131tma, absorpsiyon, ovma ve biyolojik filtrasyon i\u015flemlerinde yayg\u0131n olarak kullan\u0131lmas\u0131n\u0131 sa\u011flar.<\/p>","protected":false},"featured_media":2929,"parent":0,"template":"","meta":{"_acf_changed":false,"_kad_blocks_custom_css":"","_kad_blocks_head_custom_js":"","_kad_blocks_body_custom_js":"","_kad_blocks_footer_custom_js":"","_kadence_starter_templates_imported_post":false,"_kad_post_transparent":"default","_kad_post_title":"","_kad_post_layout":"default","_kad_post_sidebar_id":"","_kad_post_content_style":"default","_kad_post_vertical_padding":"default","_kad_post_feature":"","_kad_post_feature_position":"","_kad_post_header":false,"_kad_post_footer":false},"pcategory":[22,25],"ptag":[],"class_list":["post-2920","product","type-product","status-publish","has-post-thumbnail","hentry","pcategory-random-packing","pcategory-plastic-random-packing"],"acf":[],"yoast_head":"<!-- This site is optimized with the Yoast SEO plugin v27.4 - https:\/\/yoast.com\/product\/yoast-seo-wordpress\/ -->\n<title>Plastic Igel Ball<\/title>\n<meta name=\"robots\" content=\"index, follow, max-snippet:-1, max-image-preview:large, max-video-preview:-1\" \/>\n<link rel=\"canonical\" href=\"https:\/\/cpxzx.com\/tr\/urun\/plastic-igel-ball\/\" \/>\n<meta property=\"og:locale\" content=\"tr_TR\" \/>\n<meta property=\"og:type\" content=\"article\" \/>\n<meta property=\"og:title\" content=\"Plastic Igel Ball\" \/>\n<meta property=\"og:description\" content=\"Plastic Igel Ball is a type of plastic random packing designed with a spherical shape and multiple spikes on the surface. Its special structure provides a large surface area, excellent gas-liquid contact, and low pressure drop, making it widely used in water treatment, absorption, scrubbing, and biological filtration processes.\" \/>\n<meta property=\"og:url\" content=\"https:\/\/cpxzx.com\/tr\/urun\/plastic-igel-ball\/\" \/>\n<meta property=\"og:site_name\" content=\"Cooling Tower Fill, China PVC Fills Manufacturer\" \/>\n<meta property=\"article:modified_time\" content=\"2025-08-20T03:08:43+00:00\" \/>\n<meta property=\"og:image\" content=\"https:\/\/cpxzx.com\/wp-content\/uploads\/2025\/08\/Plastic-Igel-Ball-Bio-Balls.jpg\" \/>\n\t<meta property=\"og:image:width\" content=\"550\" \/>\n\t<meta property=\"og:image:height\" content=\"550\" \/>\n\t<meta property=\"og:image:type\" content=\"image\/jpeg\" \/>\n<meta name=\"twitter:card\" content=\"summary_large_image\" \/>\n<meta name=\"twitter:label1\" content=\"Tahmini okuma s\u00fcresi\" \/>\n\t<meta name=\"twitter:data1\" content=\"2 dakika\" \/>\n<script type=\"application\/ld+json\" class=\"yoast-schema-graph\">{\"@context\":\"https:\\\/\\\/schema.org\",\"@graph\":[{\"@type\":\"WebPage\",\"@id\":\"https:\\\/\\\/cpxzx.com\\\/product\\\/plastic-igel-ball\\\/\",\"url\":\"https:\\\/\\\/cpxzx.com\\\/product\\\/plastic-igel-ball\\\/\",\"name\":\"Plastic Igel Ball\",\"isPartOf\":{\"@id\":\"https:\\\/\\\/cpxzx.com\\\/#website\"},\"primaryImageOfPage\":{\"@id\":\"https:\\\/\\\/cpxzx.com\\\/product\\\/plastic-igel-ball\\\/#primaryimage\"},\"image\":{\"@id\":\"https:\\\/\\\/cpxzx.com\\\/product\\\/plastic-igel-ball\\\/#primaryimage\"},\"thumbnailUrl\":\"https:\\\/\\\/cpxzx.com\\\/wp-content\\\/uploads\\\/2025\\\/08\\\/Plastic-Igel-Ball-Bio-Balls.jpg\",\"datePublished\":\"2025-08-20T03:07:54+00:00\",\"dateModified\":\"2025-08-20T03:08:43+00:00\",\"breadcrumb\":{\"@id\":\"https:\\\/\\\/cpxzx.com\\\/product\\\/plastic-igel-ball\\\/#breadcrumb\"},\"inLanguage\":\"tr\",\"potentialAction\":[{\"@type\":\"ReadAction\",\"target\":[\"https:\\\/\\\/cpxzx.com\\\/product\\\/plastic-igel-ball\\\/\"]}]},{\"@type\":\"ImageObject\",\"inLanguage\":\"tr\",\"@id\":\"https:\\\/\\\/cpxzx.com\\\/product\\\/plastic-igel-ball\\\/#primaryimage\",\"url\":\"https:\\\/\\\/cpxzx.com\\\/wp-content\\\/uploads\\\/2025\\\/08\\\/Plastic-Igel-Ball-Bio-Balls.jpg\",\"contentUrl\":\"https:\\\/\\\/cpxzx.com\\\/wp-content\\\/uploads\\\/2025\\\/08\\\/Plastic-Igel-Ball-Bio-Balls.jpg\",\"width\":550,\"height\":550},{\"@type\":\"BreadcrumbList\",\"@id\":\"https:\\\/\\\/cpxzx.com\\\/product\\\/plastic-igel-ball\\\/#breadcrumb\",\"itemListElement\":[{\"@type\":\"ListItem\",\"position\":1,\"name\":\"Home\",\"item\":\"https:\\\/\\\/cpxzx.com\\\/\"},{\"@type\":\"ListItem\",\"position\":2,\"name\":\"Random Packing\",\"item\":\"https:\\\/\\\/cpxzx.com\\\/pcategory\\\/random-packing\\\/\"},{\"@type\":\"ListItem\",\"position\":3,\"name\":\"Plastic Igel Ball 38mm 50mm 100mm\"}]},{\"@type\":\"WebSite\",\"@id\":\"https:\\\/\\\/cpxzx.com\\\/#website\",\"url\":\"https:\\\/\\\/cpxzx.com\\\/\",\"name\":\"Cooling Tower Fill, China PVC Fills Manufacturer\",\"description\":\"\",\"publisher\":{\"@id\":\"https:\\\/\\\/cpxzx.com\\\/#organization\"},\"potentialAction\":[{\"@type\":\"SearchAction\",\"target\":{\"@type\":\"EntryPoint\",\"urlTemplate\":\"https:\\\/\\\/cpxzx.com\\\/?s={search_term_string}\"},\"query-input\":{\"@type\":\"PropertyValueSpecification\",\"valueRequired\":true,\"valueName\":\"search_term_string\"}}],\"inLanguage\":\"tr\"},{\"@type\":\"Organization\",\"@id\":\"https:\\\/\\\/cpxzx.com\\\/#organization\",\"name\":\"Cooling Tower Fill, China PVC Fills Manufacturer\",\"url\":\"https:\\\/\\\/cpxzx.com\\\/\",\"logo\":{\"@type\":\"ImageObject\",\"inLanguage\":\"tr\",\"@id\":\"https:\\\/\\\/cpxzx.com\\\/#\\\/schema\\\/logo\\\/image\\\/\",\"url\":\"https:\\\/\\\/cpxzx.com\\\/wp-content\\\/uploads\\\/2025\\\/07\\\/1751628807-logo.png\",\"contentUrl\":\"https:\\\/\\\/cpxzx.com\\\/wp-content\\\/uploads\\\/2025\\\/07\\\/1751628807-logo.png\",\"width\":383,\"height\":87,\"caption\":\"Cooling Tower Fill, China PVC Fills Manufacturer\"},\"image\":{\"@id\":\"https:\\\/\\\/cpxzx.com\\\/#\\\/schema\\\/logo\\\/image\\\/\"}}]}<\/script>\n<!-- \/ Yoast SEO plugin. -->","yoast_head_json":{"title":"Plastik Igel Topu","robots":{"index":"index","follow":"follow","max-snippet":"max-snippet:-1","max-image-preview":"max-image-preview:large","max-video-preview":"max-video-preview:-1"},"canonical":"https:\/\/cpxzx.com\/tr\/urun\/plastic-igel-ball\/","og_locale":"tr_TR","og_type":"article","og_title":"Plastic Igel Ball","og_description":"Plastic Igel Ball is a type of plastic random packing designed with a spherical shape and multiple spikes on the surface. Its special structure provides a large surface area, excellent gas-liquid contact, and low pressure drop, making it widely used in water treatment, absorption, scrubbing, and biological filtration processes.","og_url":"https:\/\/cpxzx.com\/tr\/urun\/plastic-igel-ball\/","og_site_name":"Cooling Tower Fill, China PVC Fills Manufacturer","article_modified_time":"2025-08-20T03:08:43+00:00","og_image":[{"width":550,"height":550,"url":"https:\/\/cpxzx.com\/wp-content\/uploads\/2025\/08\/Plastic-Igel-Ball-Bio-Balls.jpg","type":"image\/jpeg"}],"twitter_card":"summary_large_image","twitter_misc":{"Tahmini okuma s\u00fcresi":"2 dakika"},"schema":{"@context":"https:\/\/schema.org","@graph":[{"@type":"WebPage","@id":"https:\/\/cpxzx.com\/product\/plastic-igel-ball\/","url":"https:\/\/cpxzx.com\/product\/plastic-igel-ball\/","name":"Plastik Igel Topu","isPartOf":{"@id":"https:\/\/cpxzx.com\/#website"},"primaryImageOfPage":{"@id":"https:\/\/cpxzx.com\/product\/plastic-igel-ball\/#primaryimage"},"image":{"@id":"https:\/\/cpxzx.com\/product\/plastic-igel-ball\/#primaryimage"},"thumbnailUrl":"https:\/\/cpxzx.com\/wp-content\/uploads\/2025\/08\/Plastic-Igel-Ball-Bio-Balls.jpg","datePublished":"2025-08-20T03:07:54+00:00","dateModified":"2025-08-20T03:08:43+00:00","breadcrumb":{"@id":"https:\/\/cpxzx.com\/product\/plastic-igel-ball\/#breadcrumb"},"inLanguage":"tr","potentialAction":[{"@type":"ReadAction","target":["https:\/\/cpxzx.com\/product\/plastic-igel-ball\/"]}]},{"@type":"ImageObject","inLanguage":"tr","@id":"https:\/\/cpxzx.com\/product\/plastic-igel-ball\/#primaryimage","url":"https:\/\/cpxzx.com\/wp-content\/uploads\/2025\/08\/Plastic-Igel-Ball-Bio-Balls.jpg","contentUrl":"https:\/\/cpxzx.com\/wp-content\/uploads\/2025\/08\/Plastic-Igel-Ball-Bio-Balls.jpg","width":550,"height":550},{"@type":"BreadcrumbList","@id":"https:\/\/cpxzx.com\/product\/plastic-igel-ball\/#breadcrumb","itemListElement":[{"@type":"ListItem","position":1,"name":"Home","item":"https:\/\/cpxzx.com\/"},{"@type":"ListItem","position":2,"name":"Random Packing","item":"https:\/\/cpxzx.com\/pcategory\/random-packing\/"},{"@type":"ListItem","position":3,"name":"Plastic Igel Ball 38mm 50mm 100mm"}]},{"@type":"WebSite","@id":"https:\/\/cpxzx.com\/#website","url":"https:\/\/cpxzx.com\/","name":"So\u011futma Kulesi Dolgusu, \u00c7in PVC Dolgular \u00dcretici","description":"","publisher":{"@id":"https:\/\/cpxzx.com\/#organization"},"potentialAction":[{"@type":"SearchAction","target":{"@type":"EntryPoint","urlTemplate":"https:\/\/cpxzx.com\/?s={search_term_string}"},"query-input":{"@type":"PropertyValueSpecification","valueRequired":true,"valueName":"search_term_string"}}],"inLanguage":"tr"},{"@type":"Organization","@id":"https:\/\/cpxzx.com\/#organization","name":"So\u011futma Kulesi Dolgusu, \u00c7in PVC Dolgular \u00dcretici","url":"https:\/\/cpxzx.com\/","logo":{"@type":"ImageObject","inLanguage":"tr","@id":"https:\/\/cpxzx.com\/#\/schema\/logo\/image\/","url":"https:\/\/cpxzx.com\/wp-content\/uploads\/2025\/07\/1751628807-logo.png","contentUrl":"https:\/\/cpxzx.com\/wp-content\/uploads\/2025\/07\/1751628807-logo.png","width":383,"height":87,"caption":"Cooling Tower Fill, China PVC Fills Manufacturer"},"image":{"@id":"https:\/\/cpxzx.com\/#\/schema\/logo\/image\/"}}]}},"taxonomy_info":{"pcategory":[{"value":22,"label":"Random Packing"},{"value":25,"label":"Plastic Random Packing"}]},"featured_image_src_large":["https:\/\/cpxzx.com\/wp-content\/uploads\/2025\/08\/Plastic-Igel-Ball-Bio-Balls.jpg",550,550,false],"author_info":[],"comment_info":"","_links":{"self":[{"href":"https:\/\/cpxzx.com\/tr\/wp-json\/wp\/v2\/product\/2920","targetHints":{"allow":["GET"]}}],"collection":[{"href":"https:\/\/cpxzx.com\/tr\/wp-json\/wp\/v2\/product"}],"about":[{"href":"https:\/\/cpxzx.com\/tr\/wp-json\/wp\/v2\/types\/product"}],"wp:featuredmedia":[{"embeddable":true,"href":"https:\/\/cpxzx.com\/tr\/wp-json\/wp\/v2\/media\/2929"}],"wp:attachment":[{"href":"https:\/\/cpxzx.com\/tr\/wp-json\/wp\/v2\/media?parent=2920"}],"wp:term":[{"taxonomy":"pcategory","embeddable":true,"href":"https:\/\/cpxzx.com\/tr\/wp-json\/wp\/v2\/pcategory?post=2920"},{"taxonomy":"ptag","embeddable":true,"href":"https:\/\/cpxzx.com\/tr\/wp-json\/wp\/v2\/ptag?post=2920"}],"curies":[{"name":"wp","href":"https:\/\/api.w.org\/{rel}","templated":true}]}}