{"id":2919,"date":"2025-08-18T08:10:25","date_gmt":"2025-08-18T08:10:25","guid":{"rendered":"https:\/\/cpxzx.com\/?post_type=product&#038;p=2919"},"modified":"2025-08-18T08:10:25","modified_gmt":"2025-08-18T08:10:25","slug":"plastic-super-mini-ring","status":"publish","type":"product","link":"https:\/\/cpxzx.com\/tr\/urun\/plastic-super-mini-ring\/","title":{"rendered":"Plastik S\u00fcper Mini Y\u00fcz\u00fck"},"content":{"rendered":"<p><strong>Plastik S\u00fcper Mini Y\u00fcz\u00fck<\/strong> Polipropilen (PP), Polietilen (PE), Polivinil Klor\u00fcr (PVC), Poliviniliden Flor\u00fcr (PVDF) ve Poliakrilonitril (PPN) gibi termoplastik malzemelerden yap\u0131lan y\u00fcksek performansl\u0131 plastik rastgele bir ambalajd\u0131r.<br \/>\nKompakt yap\u0131s\u0131 ve y\u00fcksek bo\u015fluk oran\u0131 ile m\u00fckemmel gaz-s\u0131v\u0131 da\u011f\u0131l\u0131m\u0131 ve k\u00fctle transfer verimlili\u011fi sa\u011flar. Kimyasal, \u00e7evre koruma ve gaz emme i\u015flemlerinde yayg\u0131n olarak kullan\u0131l\u0131r.<\/p>\n<h2>\u00d6zellikler<\/h2>\n<ul>\n<li>Y\u00fcksek bo\u015fluk oran\u0131 tasar\u0131m\u0131, yeterli gaz-s\u0131v\u0131 temas\u0131 i\u00e7in geni\u015f \u00f6zg\u00fcl y\u00fczey alan\u0131<\/li>\n<li>Hafif, y\u00fcklemesi ve de\u011fi\u015ftirmesi kolay<\/li>\n<li>M\u00fckemmel korozyon direnci, asidik, alkali ve baz\u0131 organik \u00e7\u00f6z\u00fcc\u00fcler i\u00e7in uygundur<\/li>\n<li>D\u00fc\u015f\u00fck bas\u0131n\u00e7 d\u00fc\u015f\u00fc\u015f\u00fc, minimum hava ak\u0131\u015f\u0131 direnci ve d\u00fc\u015f\u00fck enerji t\u00fcketimi<\/li>\n<li>Y\u00fcksek mekanik dayan\u0131m, k\u00fc\u00e7\u00fck \u00e7apl\u0131 kulelerde kullan\u0131m i\u00e7in uygun<\/li>\n<\/ul>\n<h2>Teknik \u00d6zellikler<\/h2>\n<table border=\"1\" cellspacing=\"0\" cellpadding=\"6\">\n<tbody>\n<tr>\n<th>Parametre<\/th>\n<th>De\u011fer<\/th>\n<\/tr>\n<tr>\n<td>Malzeme<\/td>\n<td>PP, PE, PVC, PVDF, PPN<\/td>\n<\/tr>\n<tr>\n<td>Boyut<\/td>\n<td>\u03a615mm, \u03a625mm (\u00f6zelle\u015ftirilebilir)<\/td>\n<\/tr>\n<tr>\n<td>Spesifik Y\u00fczey Alan\u0131<\/td>\n<td>300-500 m\u00b2\/m\u00b3<\/td>\n<\/tr>\n<tr>\n<td>G\u00f6zeneklilik<\/td>\n<td>\u2265 85%<\/td>\n<\/tr>\n<tr>\n<td>Y\u0131\u011f\u0131n Yo\u011funlu\u011fu<\/td>\n<td>60-120 kg\/m\u00b3 (malzemeye ba\u011fl\u0131 olarak)<\/td>\n<\/tr>\n<tr>\n<td>\u00c7al\u0131\u015fma S\u0131cakl\u0131\u011f\u0131<\/td>\n<td>-40 \u2103 ~ +120 \u2103 (PP), 150 \u2103'ye kadar (PVDF)<\/td>\n<\/tr>\n<\/tbody>\n<\/table>\n<h2>Avantajlar<\/h2>\n<ul>\n<li>Daha iyi ay\u0131rma performans\u0131 i\u00e7in y\u00fcksek k\u00fctle aktar\u0131m verimlili\u011fi<\/li>\n<li>Esnek paketleme, hem yeni kurulumlar hem de kule yenilemeleri i\u00e7in uygundur<\/li>\n<li>D\u00fc\u015f\u00fck bak\u0131m maliyeti ile uzun hizmet \u00f6mr\u00fc<\/li>\n<li>T\u0131kanmayan tasar\u0131m, kararl\u0131 \u00e7al\u0131\u015fma<\/li>\n<li>D\u00fc\u015f\u00fck enerji t\u00fcketimi ve uygun maliyetli<\/li>\n<\/ul>\n<h2>Uygulamalar<\/h2>\n<ul>\n<li>Absorpsiyon kuleleri, y\u0131kama kuleleri, des\u00fclf\u00fcrizasyon kuleleri, ar\u0131tma kuleleri<\/li>\n<li>Kimya, metalurji ve k\u00f6m\u00fcr kimyas\u0131 end\u00fcstrilerinde gaz safla\u015ft\u0131rma ve ay\u0131rma<\/li>\n<li>At\u0131k gaz ar\u0131tma ve \u00e7evre koruma projeleri<\/li>\n<li>Biyokimya ve ila\u00e7 end\u00fcstrilerinde gaz-s\u0131v\u0131 ayr\u0131m\u0131<\/li>\n<li>Deniz suyu tuzdan ar\u0131nd\u0131rma ve su ar\u0131tma s\u00fcre\u00e7leri<\/li>\n<\/ul>\n<h2>Paket<\/h2>\n<ul>\n<li>Dokuma torbalarda veya jumbo torbalarda paketlenmi\u015ftir<\/li>\n<li>Net hacim: Torba ba\u015f\u0131na 0,5m\u00b3 veya 1m\u00b3<\/li>\n<li>Talep \u00fczerine \u00f6zel paketleme yap\u0131labilir<\/li>\n<li>Ta\u015f\u0131ma s\u0131ras\u0131nda nemden ve do\u011frudan g\u00fcne\u015f \u0131\u015f\u0131\u011f\u0131ndan uzak tutun<\/li>\n<\/ul>","protected":false},"excerpt":{"rendered":"<p>Plastik S\u00fcper Mini Halka, kimya, petrokimya ve \u00e7evre m\u00fchendisli\u011finde yayg\u0131n olarak kullan\u0131lan y\u00fcksek performansl\u0131 rastgele bir ambalajd\u0131r. K\u00fc\u00e7\u00fck boyutu ve benzersiz i\u00e7i bo\u015f yap\u0131s\u0131, geni\u015f bir y\u00fczey alan\u0131 sa\u011flayarak gaz-s\u0131v\u0131 temas verimlili\u011fini art\u0131r\u0131r. Dayan\u0131kl\u0131 plastik malzemelerden \u00fcretilmi\u015ftir, korozyona ve t\u0131kanmaya kar\u015f\u0131 diren\u00e7lidir, dam\u0131tma, absorpsiyon ve s\u0131y\u0131rma i\u015flemlerinde uzun s\u00fcreli istikrarl\u0131 \u00e7al\u0131\u015fma sa\u011flar.<\/p>","protected":false},"featured_media":2927,"parent":0,"template":"","meta":{"_acf_changed":false,"_kad_blocks_custom_css":"","_kad_blocks_head_custom_js":"","_kad_blocks_body_custom_js":"","_kad_blocks_footer_custom_js":"","_kadence_starter_templates_imported_post":false,"_kad_post_transparent":"default","_kad_post_title":"","_kad_post_layout":"default","_kad_post_sidebar_id":"","_kad_post_content_style":"default","_kad_post_vertical_padding":"default","_kad_post_feature":"","_kad_post_feature_position":"","_kad_post_header":false,"_kad_post_footer":false},"pcategory":[22,25],"ptag":[],"class_list":["post-2919","product","type-product","status-publish","has-post-thumbnail","hentry","pcategory-random-packing","pcategory-plastic-random-packing"],"acf":[],"yoast_head":"<!-- This site is optimized with the Yoast SEO plugin v27.4 - https:\/\/yoast.com\/product\/yoast-seo-wordpress\/ -->\n<title>Plastic Super Mini Ring<\/title>\n<meta name=\"robots\" content=\"index, follow, max-snippet:-1, max-image-preview:large, max-video-preview:-1\" \/>\n<link rel=\"canonical\" href=\"https:\/\/cpxzx.com\/tr\/urun\/plastic-super-mini-ring\/\" \/>\n<meta property=\"og:locale\" content=\"tr_TR\" \/>\n<meta property=\"og:type\" content=\"article\" \/>\n<meta property=\"og:title\" content=\"Plastic Super Mini Ring\" \/>\n<meta property=\"og:description\" content=\"Plastic Super Mini Ring is a high-performance random packing widely used in chemical, petrochemical, and environmental engineering. Its small size and unique hollow structure provide a large surface area, enhancing gas-liquid contact efficiency. Made from durable plastic materials, it resists corrosion and clogging, ensuring long-term stable operation in distillation, absorption, and stripping processes.\" \/>\n<meta property=\"og:url\" content=\"https:\/\/cpxzx.com\/tr\/urun\/plastic-super-mini-ring\/\" \/>\n<meta property=\"og:site_name\" content=\"Cooling Tower Fill, China PVC Fills Manufacturer\" \/>\n<meta property=\"og:image\" content=\"https:\/\/cpxzx.com\/wp-content\/uploads\/2025\/08\/PP-Flat-Ring-Plastic-Super-Mini-Ring.jpg\" \/>\n\t<meta property=\"og:image:width\" content=\"550\" \/>\n\t<meta property=\"og:image:height\" content=\"550\" \/>\n\t<meta property=\"og:image:type\" content=\"image\/jpeg\" \/>\n<meta name=\"twitter:card\" content=\"summary_large_image\" \/>\n<meta name=\"twitter:label1\" content=\"Tahmini okuma s\u00fcresi\" \/>\n\t<meta name=\"twitter:data1\" content=\"2 dakika\" \/>\n<script type=\"application\/ld+json\" class=\"yoast-schema-graph\">{\"@context\":\"https:\\\/\\\/schema.org\",\"@graph\":[{\"@type\":\"WebPage\",\"@id\":\"https:\\\/\\\/cpxzx.com\\\/product\\\/plastic-super-mini-ring\\\/\",\"url\":\"https:\\\/\\\/cpxzx.com\\\/product\\\/plastic-super-mini-ring\\\/\",\"name\":\"Plastic Super Mini Ring\",\"isPartOf\":{\"@id\":\"https:\\\/\\\/cpxzx.com\\\/#website\"},\"primaryImageOfPage\":{\"@id\":\"https:\\\/\\\/cpxzx.com\\\/product\\\/plastic-super-mini-ring\\\/#primaryimage\"},\"image\":{\"@id\":\"https:\\\/\\\/cpxzx.com\\\/product\\\/plastic-super-mini-ring\\\/#primaryimage\"},\"thumbnailUrl\":\"https:\\\/\\\/cpxzx.com\\\/wp-content\\\/uploads\\\/2025\\\/08\\\/PP-Flat-Ring-Plastic-Super-Mini-Ring.jpg\",\"datePublished\":\"2025-08-18T08:10:25+00:00\",\"breadcrumb\":{\"@id\":\"https:\\\/\\\/cpxzx.com\\\/product\\\/plastic-super-mini-ring\\\/#breadcrumb\"},\"inLanguage\":\"tr\",\"potentialAction\":[{\"@type\":\"ReadAction\",\"target\":[\"https:\\\/\\\/cpxzx.com\\\/product\\\/plastic-super-mini-ring\\\/\"]}]},{\"@type\":\"ImageObject\",\"inLanguage\":\"tr\",\"@id\":\"https:\\\/\\\/cpxzx.com\\\/product\\\/plastic-super-mini-ring\\\/#primaryimage\",\"url\":\"https:\\\/\\\/cpxzx.com\\\/wp-content\\\/uploads\\\/2025\\\/08\\\/PP-Flat-Ring-Plastic-Super-Mini-Ring.jpg\",\"contentUrl\":\"https:\\\/\\\/cpxzx.com\\\/wp-content\\\/uploads\\\/2025\\\/08\\\/PP-Flat-Ring-Plastic-Super-Mini-Ring.jpg\",\"width\":550,\"height\":550},{\"@type\":\"BreadcrumbList\",\"@id\":\"https:\\\/\\\/cpxzx.com\\\/product\\\/plastic-super-mini-ring\\\/#breadcrumb\",\"itemListElement\":[{\"@type\":\"ListItem\",\"position\":1,\"name\":\"Home\",\"item\":\"https:\\\/\\\/cpxzx.com\\\/\"},{\"@type\":\"ListItem\",\"position\":2,\"name\":\"Random Packing\",\"item\":\"https:\\\/\\\/cpxzx.com\\\/pcategory\\\/random-packing\\\/\"},{\"@type\":\"ListItem\",\"position\":3,\"name\":\"Plastic Super Mini Ring\"}]},{\"@type\":\"WebSite\",\"@id\":\"https:\\\/\\\/cpxzx.com\\\/#website\",\"url\":\"https:\\\/\\\/cpxzx.com\\\/\",\"name\":\"Cooling Tower Fill, China PVC Fills Manufacturer\",\"description\":\"\",\"publisher\":{\"@id\":\"https:\\\/\\\/cpxzx.com\\\/#organization\"},\"potentialAction\":[{\"@type\":\"SearchAction\",\"target\":{\"@type\":\"EntryPoint\",\"urlTemplate\":\"https:\\\/\\\/cpxzx.com\\\/?s={search_term_string}\"},\"query-input\":{\"@type\":\"PropertyValueSpecification\",\"valueRequired\":true,\"valueName\":\"search_term_string\"}}],\"inLanguage\":\"tr\"},{\"@type\":\"Organization\",\"@id\":\"https:\\\/\\\/cpxzx.com\\\/#organization\",\"name\":\"Cooling Tower Fill, China PVC Fills Manufacturer\",\"url\":\"https:\\\/\\\/cpxzx.com\\\/\",\"logo\":{\"@type\":\"ImageObject\",\"inLanguage\":\"tr\",\"@id\":\"https:\\\/\\\/cpxzx.com\\\/#\\\/schema\\\/logo\\\/image\\\/\",\"url\":\"https:\\\/\\\/cpxzx.com\\\/wp-content\\\/uploads\\\/2025\\\/07\\\/1751628807-logo.png\",\"contentUrl\":\"https:\\\/\\\/cpxzx.com\\\/wp-content\\\/uploads\\\/2025\\\/07\\\/1751628807-logo.png\",\"width\":383,\"height\":87,\"caption\":\"Cooling Tower Fill, China PVC Fills Manufacturer\"},\"image\":{\"@id\":\"https:\\\/\\\/cpxzx.com\\\/#\\\/schema\\\/logo\\\/image\\\/\"}}]}<\/script>\n<!-- \/ Yoast SEO plugin. -->","yoast_head_json":{"title":"Plastik S\u00fcper Mini Y\u00fcz\u00fck","robots":{"index":"index","follow":"follow","max-snippet":"max-snippet:-1","max-image-preview":"max-image-preview:large","max-video-preview":"max-video-preview:-1"},"canonical":"https:\/\/cpxzx.com\/tr\/urun\/plastic-super-mini-ring\/","og_locale":"tr_TR","og_type":"article","og_title":"Plastic Super Mini Ring","og_description":"Plastic Super Mini Ring is a high-performance random packing widely used in chemical, petrochemical, and environmental engineering. Its small size and unique hollow structure provide a large surface area, enhancing gas-liquid contact efficiency. Made from durable plastic materials, it resists corrosion and clogging, ensuring long-term stable operation in distillation, absorption, and stripping processes.","og_url":"https:\/\/cpxzx.com\/tr\/urun\/plastic-super-mini-ring\/","og_site_name":"Cooling Tower Fill, China PVC Fills Manufacturer","og_image":[{"width":550,"height":550,"url":"https:\/\/cpxzx.com\/wp-content\/uploads\/2025\/08\/PP-Flat-Ring-Plastic-Super-Mini-Ring.jpg","type":"image\/jpeg"}],"twitter_card":"summary_large_image","twitter_misc":{"Tahmini okuma s\u00fcresi":"2 dakika"},"schema":{"@context":"https:\/\/schema.org","@graph":[{"@type":"WebPage","@id":"https:\/\/cpxzx.com\/product\/plastic-super-mini-ring\/","url":"https:\/\/cpxzx.com\/product\/plastic-super-mini-ring\/","name":"Plastik S\u00fcper Mini Y\u00fcz\u00fck","isPartOf":{"@id":"https:\/\/cpxzx.com\/#website"},"primaryImageOfPage":{"@id":"https:\/\/cpxzx.com\/product\/plastic-super-mini-ring\/#primaryimage"},"image":{"@id":"https:\/\/cpxzx.com\/product\/plastic-super-mini-ring\/#primaryimage"},"thumbnailUrl":"https:\/\/cpxzx.com\/wp-content\/uploads\/2025\/08\/PP-Flat-Ring-Plastic-Super-Mini-Ring.jpg","datePublished":"2025-08-18T08:10:25+00:00","breadcrumb":{"@id":"https:\/\/cpxzx.com\/product\/plastic-super-mini-ring\/#breadcrumb"},"inLanguage":"tr","potentialAction":[{"@type":"ReadAction","target":["https:\/\/cpxzx.com\/product\/plastic-super-mini-ring\/"]}]},{"@type":"ImageObject","inLanguage":"tr","@id":"https:\/\/cpxzx.com\/product\/plastic-super-mini-ring\/#primaryimage","url":"https:\/\/cpxzx.com\/wp-content\/uploads\/2025\/08\/PP-Flat-Ring-Plastic-Super-Mini-Ring.jpg","contentUrl":"https:\/\/cpxzx.com\/wp-content\/uploads\/2025\/08\/PP-Flat-Ring-Plastic-Super-Mini-Ring.jpg","width":550,"height":550},{"@type":"BreadcrumbList","@id":"https:\/\/cpxzx.com\/product\/plastic-super-mini-ring\/#breadcrumb","itemListElement":[{"@type":"ListItem","position":1,"name":"Home","item":"https:\/\/cpxzx.com\/"},{"@type":"ListItem","position":2,"name":"Random Packing","item":"https:\/\/cpxzx.com\/pcategory\/random-packing\/"},{"@type":"ListItem","position":3,"name":"Plastic Super Mini Ring"}]},{"@type":"WebSite","@id":"https:\/\/cpxzx.com\/#website","url":"https:\/\/cpxzx.com\/","name":"So\u011futma Kulesi Dolgusu, \u00c7in PVC Dolgular \u00dcretici","description":"","publisher":{"@id":"https:\/\/cpxzx.com\/#organization"},"potentialAction":[{"@type":"SearchAction","target":{"@type":"EntryPoint","urlTemplate":"https:\/\/cpxzx.com\/?s={search_term_string}"},"query-input":{"@type":"PropertyValueSpecification","valueRequired":true,"valueName":"search_term_string"}}],"inLanguage":"tr"},{"@type":"Organization","@id":"https:\/\/cpxzx.com\/#organization","name":"So\u011futma Kulesi Dolgusu, \u00c7in PVC Dolgular \u00dcretici","url":"https:\/\/cpxzx.com\/","logo":{"@type":"ImageObject","inLanguage":"tr","@id":"https:\/\/cpxzx.com\/#\/schema\/logo\/image\/","url":"https:\/\/cpxzx.com\/wp-content\/uploads\/2025\/07\/1751628807-logo.png","contentUrl":"https:\/\/cpxzx.com\/wp-content\/uploads\/2025\/07\/1751628807-logo.png","width":383,"height":87,"caption":"Cooling Tower Fill, China PVC Fills Manufacturer"},"image":{"@id":"https:\/\/cpxzx.com\/#\/schema\/logo\/image\/"}}]}},"taxonomy_info":{"pcategory":[{"value":22,"label":"Random Packing"},{"value":25,"label":"Plastic Random Packing"}]},"featured_image_src_large":["https:\/\/cpxzx.com\/wp-content\/uploads\/2025\/08\/PP-Flat-Ring-Plastic-Super-Mini-Ring.jpg",550,550,false],"author_info":[],"comment_info":"","_links":{"self":[{"href":"https:\/\/cpxzx.com\/tr\/wp-json\/wp\/v2\/product\/2919","targetHints":{"allow":["GET"]}}],"collection":[{"href":"https:\/\/cpxzx.com\/tr\/wp-json\/wp\/v2\/product"}],"about":[{"href":"https:\/\/cpxzx.com\/tr\/wp-json\/wp\/v2\/types\/product"}],"wp:featuredmedia":[{"embeddable":true,"href":"https:\/\/cpxzx.com\/tr\/wp-json\/wp\/v2\/media\/2927"}],"wp:attachment":[{"href":"https:\/\/cpxzx.com\/tr\/wp-json\/wp\/v2\/media?parent=2919"}],"wp:term":[{"taxonomy":"pcategory","embeddable":true,"href":"https:\/\/cpxzx.com\/tr\/wp-json\/wp\/v2\/pcategory?post=2919"},{"taxonomy":"ptag","embeddable":true,"href":"https:\/\/cpxzx.com\/tr\/wp-json\/wp\/v2\/ptag?post=2919"}],"curies":[{"name":"wp","href":"https:\/\/api.w.org\/{rel}","templated":true}]}}