{"id":2893,"date":"2025-08-12T05:36:56","date_gmt":"2025-08-12T05:36:56","guid":{"rendered":"https:\/\/cpxzx.com\/?post_type=product&#038;p=2893"},"modified":"2025-08-17T14:32:13","modified_gmt":"2025-08-17T14:32:13","slug":"plastic-conjugate-ring-pe-pp-rpp-pvc-cpvc-pvdf","status":"publish","type":"product","link":"https:\/\/cpxzx.com\/tr\/urun\/plastic-conjugate-ring-pe-pp-rpp-pvc-cpvc-pvdf\/","title":{"rendered":"Plastik Konjugat Halka PE, PP, RPP, PVC, CPVC, PVDF"},"content":{"rendered":"<p>Bu <strong>plastik e\u015flenik halka<\/strong> hem dairesel rastgele salmastra hem de plastik Intalox eyer halkas\u0131n\u0131n avantajlar\u0131n\u0131 birle\u015ftiren y\u00fcksek performansl\u0131 bir kule salmastrad\u0131r. E\u015flenik e\u011fri kaburga yap\u0131s\u0131 ve optimum uzunluk tasar\u0131m\u0131 ile plastik e\u015flenik halka, geleneksel rastgele salmastralara k\u0131yasla daha fazla temas noktas\u0131 ve daha geni\u015f bir gaz-s\u0131v\u0131 temas y\u00fczeyi sunar. Bu benzersiz yap\u0131, verimli k\u00fctle transferi ve m\u00fckemmel ay\u0131rma performans\u0131 sa\u011flar.<\/p>\n<h2>Plastik Konjugat Halkan\u0131n \u00d6zellikleri<\/h2>\n<ul>\n<li>Malzemeler PE, PP, RPP, PVC, CPVC, PVDF, vb.<\/li>\n<li>Y\u00fcksek bo\u015fluk oran\u0131 ve d\u00fc\u015f\u00fck bas\u0131n\u00e7 d\u00fc\u015f\u00fc\u015f\u00fc<\/li>\n<li>Y\u00fcksek k\u00fctle transfer verimlili\u011fi ve d\u00fc\u015f\u00fck \u00f6zg\u00fcl a\u011f\u0131rl\u0131k<\/li>\n<li>M\u00fckemmel korozyon direnci<\/li>\n<li>Y\u00fcksek ay\u0131rma verimlili\u011fi ve uzun hizmet \u00f6mr\u00fc<\/li>\n<\/ul>\n<h2>\u015eartname<\/h2>\n<p>Fiziksel ve Kimyasal \u00d6zellikler:<\/p>\n<table style=\"height: 233px;\" border=\"1\" width=\"1277\" cellspacing=\"0\" cellpadding=\"5\">\n<tbody>\n<tr>\n<td>\u015eartname<br \/>\n(mm)<\/td>\n<td>Toplu say\u0131lar<br \/>\n(m3 ba\u015f\u0131na)<\/td>\n<td>Y\u00fczey alan\u0131<br \/>\n(m\u00b2\/m\u00b3)<\/td>\n<td>Serbest hacim<br \/>\n(%)<\/td>\n<\/tr>\n<tr>\n<td>\u03c625<\/td>\n<td>75000<\/td>\n<td>185<\/td>\n<td>95.3<\/td>\n<\/tr>\n<tr>\n<td>\u03c638<\/td>\n<td>16000<\/td>\n<td>116<\/td>\n<td>95.7<\/td>\n<\/tr>\n<tr>\n<td>\u03c650<\/td>\n<td>9700<\/td>\n<td>86<\/td>\n<td>96.6<\/td>\n<\/tr>\n<tr>\n<td>\u03c676<\/td>\n<td>2480<\/td>\n<td>81<\/td>\n<td>94.8<\/td>\n<\/tr>\n<tr>\n<td>\u03c6100<\/td>\n<td>1800<\/td>\n<td>76<\/td>\n<td>94.1<\/td>\n<\/tr>\n<\/tbody>\n<\/table>\n<p>&nbsp;<\/p>\n<table border=\"1\" cellspacing=\"0\" cellpadding=\"5\">\n<tbody>\n<tr>\n<th>Malzeme<\/th>\n<th>Yo\u011funluk<br \/>\n(g\/cm\u00b3)<\/th>\n<th>\u00c7al\u0131\u015fma s\u0131cakl\u0131\u011f\u0131.<br \/>\n(\u00b0C)<\/th>\n<th>Kimyasal korozyon direnci<\/th>\n<th>S\u0131k\u0131\u015ft\u0131rma dayan\u0131m\u0131<br \/>\n(MPa)<\/th>\n<\/tr>\n<tr>\n<td>PE<\/td>\n<td>0.94-0.96<\/td>\n<td>90<\/td>\n<td>\u0130yi<\/td>\n<td>&gt;6.0<\/td>\n<\/tr>\n<tr>\n<td>PP<\/td>\n<td>0.89-0.91<\/td>\n<td>&gt;100<\/td>\n<td>\u0130yi<\/td>\n<td>&gt;6.5<\/td>\n<\/tr>\n<tr>\n<td>RPP<\/td>\n<td>0.93-0.94<\/td>\n<td>&gt;120<\/td>\n<td>\u0130yi<\/td>\n<td>&gt;7.0<\/td>\n<\/tr>\n<tr>\n<td>PVC<\/td>\n<td>1.32-1.44<\/td>\n<td>&gt;60<\/td>\n<td>\u0130yi<\/td>\n<td>&gt;6.0<\/td>\n<\/tr>\n<tr>\n<td>CPVC<\/td>\n<td>1.50-1.54<\/td>\n<td>&gt;90<\/td>\n<td>\u0130yi<\/td>\n<td>&gt;8.0<\/td>\n<\/tr>\n<tr>\n<td>PVDF<\/td>\n<td>1.75-1.78<\/td>\n<td>&gt;150<\/td>\n<td>\u0130yi<\/td>\n<td>&gt;10.0<\/td>\n<\/tr>\n<\/tbody>\n<\/table>\n<h2>Plastik Konjugat Halkan\u0131n Avantajlar\u0131<\/h2>\n<ul>\n<li>B\u00fcy\u00fck ak\u0131 ve d\u00fc\u015f\u00fck bas\u0131n\u00e7 d\u00fc\u015f\u00fc\u015f\u00fc i\u00e7in \u00f6zel yap\u0131sal tasar\u0131m<\/li>\n<li>\u0130yi darbe \u00f6nleme kabiliyeti ve uzun \u00e7al\u0131\u015fma \u00f6mr\u00fc<\/li>\n<li>Kimyasal korozyona kar\u015f\u0131 g\u00fc\u00e7l\u00fc diren\u00e7<\/li>\n<li>Y\u00fcksek verimlilik i\u00e7in geni\u015f bo\u015fluk alan\u0131<\/li>\n<li>Enerji tasarrufu, d\u00fc\u015f\u00fck i\u015fletme maliyeti ve kolay y\u00fckleme\/bo\u015faltma<\/li>\n<\/ul>\n<h2>Plastik Konjugat Halka Uygulamalar\u0131<\/h2>\n<p>Plastik e\u015flenik halkalar petrol ar\u0131tma, kimyasal i\u015fleme, alkali klor\u00fcr \u00fcretimi, gaz ar\u0131tma ve \u00e7evre koruma end\u00fcstrilerinde yayg\u0131n olarak kullan\u0131lmaktad\u0131r.<br \/>\nSe\u00e7ilen malzemeye ba\u011fl\u0131 olarak \u00e7al\u0131\u015fma s\u0131cakl\u0131klar\u0131n\u0131n 280\u00b0C'ye kadar ula\u015ft\u0131\u011f\u0131 uygulamalar i\u00e7in uygundurlar.<br \/>\nDolgulu kulelerde, y\u0131kay\u0131c\u0131larda ve dam\u0131tma kolonlar\u0131nda plastik e\u015flenik halka, d\u00fc\u015f\u00fck enerji t\u00fcketimini korurken verimli ay\u0131rma sa\u011flar.<\/p>\n<h2>Paket<\/h2>\n<p>Plastik e\u015flenik halkalar, nakliye s\u0131ras\u0131nda hasar g\u00f6rmelerini \u00f6nlemek i\u00e7in g\u00fcvenli bir \u015fekilde paketlenir ve proses ekipman\u0131n\u0131zda hemen kullan\u0131ma haz\u0131r olmalar\u0131n\u0131 sa\u011flar.<\/p>","protected":false},"excerpt":{"rendered":"<p>Plastik e\u015flenik halka, b\u00fcy\u00fck ak\u0131s\u0131, d\u00fc\u015f\u00fck ak\u0131\u015fkan direnci ve ola\u011fan\u00fcst\u00fc operasyonel esnekli\u011fi ile yayg\u0131n olarak tan\u0131nmaktad\u0131r. \u00c7e\u015fitli kimyasal, petrol ve \u00e7evresel uygulamalarda kolon performans\u0131n\u0131 optimize etmek i\u00e7in tasarlanm\u0131\u015ft\u0131r. Temas verimlili\u011fini art\u0131rarak, plastik e\u015flenik halka bas\u0131n\u00e7 d\u00fc\u015f\u00fc\u015f\u00fcn\u00fc en aza indirirken verimi art\u0131r\u0131r, bu da onu end\u00fcstriyel prosesler i\u00e7in tercih edilen bir se\u00e7enek haline getirir.<\/p>","protected":false},"featured_media":2894,"parent":0,"template":"","meta":{"_acf_changed":false,"_kad_blocks_custom_css":"","_kad_blocks_head_custom_js":"","_kad_blocks_body_custom_js":"","_kad_blocks_footer_custom_js":"","_kadence_starter_templates_imported_post":false,"_kad_post_transparent":"default","_kad_post_title":"","_kad_post_layout":"default","_kad_post_sidebar_id":"","_kad_post_content_style":"default","_kad_post_vertical_padding":"default","_kad_post_feature":"","_kad_post_feature_position":"","_kad_post_header":false,"_kad_post_footer":false},"pcategory":[22,25],"ptag":[],"class_list":["post-2893","product","type-product","status-publish","has-post-thumbnail","hentry","pcategory-random-packing","pcategory-plastic-random-packing"],"acf":[],"yoast_head":"<!-- This site is optimized with the Yoast SEO plugin v27.4 - https:\/\/yoast.com\/product\/yoast-seo-wordpress\/ -->\n<title>Plastic Conjugate Ring<\/title>\n<meta name=\"robots\" content=\"index, follow, max-snippet:-1, max-image-preview:large, max-video-preview:-1\" \/>\n<link rel=\"canonical\" href=\"https:\/\/cpxzx.com\/tr\/urun\/plastic-conjugate-ring-pe-pp-rpp-pvc-cpvc-pvdf\/\" \/>\n<meta property=\"og:locale\" content=\"tr_TR\" \/>\n<meta property=\"og:type\" content=\"article\" \/>\n<meta property=\"og:title\" content=\"Plastic Conjugate Ring\" \/>\n<meta property=\"og:description\" content=\"The plastic conjugate ring is widely recognized for its large flux, low fluid resistance, and outstanding operational flexibility. It is designed to optimize column performance in a variety of chemical, petroleum, and environmental applications. By improving contact efficiency, the plastic conjugate ring enhances throughput while minimizing pressure drop, making it a preferred choice for industrial processes.\" \/>\n<meta property=\"og:url\" content=\"https:\/\/cpxzx.com\/tr\/urun\/plastic-conjugate-ring-pe-pp-rpp-pvc-cpvc-pvdf\/\" \/>\n<meta property=\"og:site_name\" content=\"Cooling Tower Fill, China PVC Fills Manufacturer\" \/>\n<meta property=\"article:modified_time\" content=\"2025-08-17T14:32:13+00:00\" \/>\n<meta property=\"og:image\" content=\"https:\/\/cpxzx.com\/wp-content\/uploads\/2025\/08\/Plastic-Conjugate-Ring-2.jpg\" \/>\n\t<meta property=\"og:image:width\" content=\"550\" \/>\n\t<meta property=\"og:image:height\" content=\"550\" \/>\n\t<meta property=\"og:image:type\" content=\"image\/jpeg\" \/>\n<meta name=\"twitter:card\" content=\"summary_large_image\" \/>\n<meta name=\"twitter:label1\" content=\"Tahmini okuma s\u00fcresi\" \/>\n\t<meta name=\"twitter:data1\" content=\"2 dakika\" \/>\n<script type=\"application\/ld+json\" class=\"yoast-schema-graph\">{\"@context\":\"https:\\\/\\\/schema.org\",\"@graph\":[{\"@type\":\"WebPage\",\"@id\":\"https:\\\/\\\/cpxzx.com\\\/product\\\/plastic-conjugate-ring-pe-pp-rpp-pvc-cpvc-pvdf\\\/\",\"url\":\"https:\\\/\\\/cpxzx.com\\\/product\\\/plastic-conjugate-ring-pe-pp-rpp-pvc-cpvc-pvdf\\\/\",\"name\":\"Plastic Conjugate Ring\",\"isPartOf\":{\"@id\":\"https:\\\/\\\/cpxzx.com\\\/#website\"},\"primaryImageOfPage\":{\"@id\":\"https:\\\/\\\/cpxzx.com\\\/product\\\/plastic-conjugate-ring-pe-pp-rpp-pvc-cpvc-pvdf\\\/#primaryimage\"},\"image\":{\"@id\":\"https:\\\/\\\/cpxzx.com\\\/product\\\/plastic-conjugate-ring-pe-pp-rpp-pvc-cpvc-pvdf\\\/#primaryimage\"},\"thumbnailUrl\":\"https:\\\/\\\/cpxzx.com\\\/wp-content\\\/uploads\\\/2025\\\/08\\\/Plastic-Conjugate-Ring-2.jpg\",\"datePublished\":\"2025-08-12T05:36:56+00:00\",\"dateModified\":\"2025-08-17T14:32:13+00:00\",\"breadcrumb\":{\"@id\":\"https:\\\/\\\/cpxzx.com\\\/product\\\/plastic-conjugate-ring-pe-pp-rpp-pvc-cpvc-pvdf\\\/#breadcrumb\"},\"inLanguage\":\"tr\",\"potentialAction\":[{\"@type\":\"ReadAction\",\"target\":[\"https:\\\/\\\/cpxzx.com\\\/product\\\/plastic-conjugate-ring-pe-pp-rpp-pvc-cpvc-pvdf\\\/\"]}]},{\"@type\":\"ImageObject\",\"inLanguage\":\"tr\",\"@id\":\"https:\\\/\\\/cpxzx.com\\\/product\\\/plastic-conjugate-ring-pe-pp-rpp-pvc-cpvc-pvdf\\\/#primaryimage\",\"url\":\"https:\\\/\\\/cpxzx.com\\\/wp-content\\\/uploads\\\/2025\\\/08\\\/Plastic-Conjugate-Ring-2.jpg\",\"contentUrl\":\"https:\\\/\\\/cpxzx.com\\\/wp-content\\\/uploads\\\/2025\\\/08\\\/Plastic-Conjugate-Ring-2.jpg\",\"width\":550,\"height\":550},{\"@type\":\"BreadcrumbList\",\"@id\":\"https:\\\/\\\/cpxzx.com\\\/product\\\/plastic-conjugate-ring-pe-pp-rpp-pvc-cpvc-pvdf\\\/#breadcrumb\",\"itemListElement\":[{\"@type\":\"ListItem\",\"position\":1,\"name\":\"Home\",\"item\":\"https:\\\/\\\/cpxzx.com\\\/\"},{\"@type\":\"ListItem\",\"position\":2,\"name\":\"Random Packing\",\"item\":\"https:\\\/\\\/cpxzx.com\\\/pcategory\\\/random-packing\\\/\"},{\"@type\":\"ListItem\",\"position\":3,\"name\":\"Plastic Conjugate Ring PE, PP, RPP, PVC, CPVC, PVDF\"}]},{\"@type\":\"WebSite\",\"@id\":\"https:\\\/\\\/cpxzx.com\\\/#website\",\"url\":\"https:\\\/\\\/cpxzx.com\\\/\",\"name\":\"Cooling Tower Fill, China PVC Fills Manufacturer\",\"description\":\"\",\"publisher\":{\"@id\":\"https:\\\/\\\/cpxzx.com\\\/#organization\"},\"potentialAction\":[{\"@type\":\"SearchAction\",\"target\":{\"@type\":\"EntryPoint\",\"urlTemplate\":\"https:\\\/\\\/cpxzx.com\\\/?s={search_term_string}\"},\"query-input\":{\"@type\":\"PropertyValueSpecification\",\"valueRequired\":true,\"valueName\":\"search_term_string\"}}],\"inLanguage\":\"tr\"},{\"@type\":\"Organization\",\"@id\":\"https:\\\/\\\/cpxzx.com\\\/#organization\",\"name\":\"Cooling Tower Fill, China PVC Fills Manufacturer\",\"url\":\"https:\\\/\\\/cpxzx.com\\\/\",\"logo\":{\"@type\":\"ImageObject\",\"inLanguage\":\"tr\",\"@id\":\"https:\\\/\\\/cpxzx.com\\\/#\\\/schema\\\/logo\\\/image\\\/\",\"url\":\"https:\\\/\\\/cpxzx.com\\\/wp-content\\\/uploads\\\/2025\\\/07\\\/1751628807-logo.png\",\"contentUrl\":\"https:\\\/\\\/cpxzx.com\\\/wp-content\\\/uploads\\\/2025\\\/07\\\/1751628807-logo.png\",\"width\":383,\"height\":87,\"caption\":\"Cooling Tower Fill, China PVC Fills Manufacturer\"},\"image\":{\"@id\":\"https:\\\/\\\/cpxzx.com\\\/#\\\/schema\\\/logo\\\/image\\\/\"}}]}<\/script>\n<!-- \/ Yoast SEO plugin. -->","yoast_head_json":{"title":"Plastic Conjugate Ring","robots":{"index":"index","follow":"follow","max-snippet":"max-snippet:-1","max-image-preview":"max-image-preview:large","max-video-preview":"max-video-preview:-1"},"canonical":"https:\/\/cpxzx.com\/tr\/urun\/plastic-conjugate-ring-pe-pp-rpp-pvc-cpvc-pvdf\/","og_locale":"tr_TR","og_type":"article","og_title":"Plastic Conjugate Ring","og_description":"The plastic conjugate ring is widely recognized for its large flux, low fluid resistance, and outstanding operational flexibility. It is designed to optimize column performance in a variety of chemical, petroleum, and environmental applications. By improving contact efficiency, the plastic conjugate ring enhances throughput while minimizing pressure drop, making it a preferred choice for industrial processes.","og_url":"https:\/\/cpxzx.com\/tr\/urun\/plastic-conjugate-ring-pe-pp-rpp-pvc-cpvc-pvdf\/","og_site_name":"Cooling Tower Fill, China PVC Fills Manufacturer","article_modified_time":"2025-08-17T14:32:13+00:00","og_image":[{"width":550,"height":550,"url":"https:\/\/cpxzx.com\/wp-content\/uploads\/2025\/08\/Plastic-Conjugate-Ring-2.jpg","type":"image\/jpeg"}],"twitter_card":"summary_large_image","twitter_misc":{"Tahmini okuma s\u00fcresi":"2 dakika"},"schema":{"@context":"https:\/\/schema.org","@graph":[{"@type":"WebPage","@id":"https:\/\/cpxzx.com\/product\/plastic-conjugate-ring-pe-pp-rpp-pvc-cpvc-pvdf\/","url":"https:\/\/cpxzx.com\/product\/plastic-conjugate-ring-pe-pp-rpp-pvc-cpvc-pvdf\/","name":"Plastic Conjugate Ring","isPartOf":{"@id":"https:\/\/cpxzx.com\/#website"},"primaryImageOfPage":{"@id":"https:\/\/cpxzx.com\/product\/plastic-conjugate-ring-pe-pp-rpp-pvc-cpvc-pvdf\/#primaryimage"},"image":{"@id":"https:\/\/cpxzx.com\/product\/plastic-conjugate-ring-pe-pp-rpp-pvc-cpvc-pvdf\/#primaryimage"},"thumbnailUrl":"https:\/\/cpxzx.com\/wp-content\/uploads\/2025\/08\/Plastic-Conjugate-Ring-2.jpg","datePublished":"2025-08-12T05:36:56+00:00","dateModified":"2025-08-17T14:32:13+00:00","breadcrumb":{"@id":"https:\/\/cpxzx.com\/product\/plastic-conjugate-ring-pe-pp-rpp-pvc-cpvc-pvdf\/#breadcrumb"},"inLanguage":"tr","potentialAction":[{"@type":"ReadAction","target":["https:\/\/cpxzx.com\/product\/plastic-conjugate-ring-pe-pp-rpp-pvc-cpvc-pvdf\/"]}]},{"@type":"ImageObject","inLanguage":"tr","@id":"https:\/\/cpxzx.com\/product\/plastic-conjugate-ring-pe-pp-rpp-pvc-cpvc-pvdf\/#primaryimage","url":"https:\/\/cpxzx.com\/wp-content\/uploads\/2025\/08\/Plastic-Conjugate-Ring-2.jpg","contentUrl":"https:\/\/cpxzx.com\/wp-content\/uploads\/2025\/08\/Plastic-Conjugate-Ring-2.jpg","width":550,"height":550},{"@type":"BreadcrumbList","@id":"https:\/\/cpxzx.com\/product\/plastic-conjugate-ring-pe-pp-rpp-pvc-cpvc-pvdf\/#breadcrumb","itemListElement":[{"@type":"ListItem","position":1,"name":"Home","item":"https:\/\/cpxzx.com\/"},{"@type":"ListItem","position":2,"name":"Random Packing","item":"https:\/\/cpxzx.com\/pcategory\/random-packing\/"},{"@type":"ListItem","position":3,"name":"Plastic Conjugate Ring PE, PP, RPP, PVC, CPVC, PVDF"}]},{"@type":"WebSite","@id":"https:\/\/cpxzx.com\/#website","url":"https:\/\/cpxzx.com\/","name":"So\u011futma Kulesi Dolgusu, \u00c7in PVC Dolgular \u00dcretici","description":"","publisher":{"@id":"https:\/\/cpxzx.com\/#organization"},"potentialAction":[{"@type":"SearchAction","target":{"@type":"EntryPoint","urlTemplate":"https:\/\/cpxzx.com\/?s={search_term_string}"},"query-input":{"@type":"PropertyValueSpecification","valueRequired":true,"valueName":"search_term_string"}}],"inLanguage":"tr"},{"@type":"Organization","@id":"https:\/\/cpxzx.com\/#organization","name":"So\u011futma Kulesi Dolgusu, \u00c7in PVC Dolgular \u00dcretici","url":"https:\/\/cpxzx.com\/","logo":{"@type":"ImageObject","inLanguage":"tr","@id":"https:\/\/cpxzx.com\/#\/schema\/logo\/image\/","url":"https:\/\/cpxzx.com\/wp-content\/uploads\/2025\/07\/1751628807-logo.png","contentUrl":"https:\/\/cpxzx.com\/wp-content\/uploads\/2025\/07\/1751628807-logo.png","width":383,"height":87,"caption":"Cooling Tower Fill, China PVC Fills Manufacturer"},"image":{"@id":"https:\/\/cpxzx.com\/#\/schema\/logo\/image\/"}}]}},"taxonomy_info":{"pcategory":[{"value":22,"label":"Random Packing"},{"value":25,"label":"Plastic Random Packing"}]},"featured_image_src_large":["https:\/\/cpxzx.com\/wp-content\/uploads\/2025\/08\/Plastic-Conjugate-Ring-2.jpg",550,550,false],"author_info":[],"comment_info":"","_links":{"self":[{"href":"https:\/\/cpxzx.com\/tr\/wp-json\/wp\/v2\/product\/2893","targetHints":{"allow":["GET"]}}],"collection":[{"href":"https:\/\/cpxzx.com\/tr\/wp-json\/wp\/v2\/product"}],"about":[{"href":"https:\/\/cpxzx.com\/tr\/wp-json\/wp\/v2\/types\/product"}],"wp:featuredmedia":[{"embeddable":true,"href":"https:\/\/cpxzx.com\/tr\/wp-json\/wp\/v2\/media\/2894"}],"wp:attachment":[{"href":"https:\/\/cpxzx.com\/tr\/wp-json\/wp\/v2\/media?parent=2893"}],"wp:term":[{"taxonomy":"pcategory","embeddable":true,"href":"https:\/\/cpxzx.com\/tr\/wp-json\/wp\/v2\/pcategory?post=2893"},{"taxonomy":"ptag","embeddable":true,"href":"https:\/\/cpxzx.com\/tr\/wp-json\/wp\/v2\/ptag?post=2893"}],"curies":[{"name":"wp","href":"https:\/\/api.w.org\/{rel}","templated":true}]}}