{"id":2891,"date":"2025-08-15T03:23:30","date_gmt":"2025-08-15T03:23:30","guid":{"rendered":"https:\/\/cpxzx.com\/?post_type=product&#038;p=2891"},"modified":"2025-08-15T03:23:30","modified_gmt":"2025-08-15T03:23:30","slug":"plastic-heilex-ring","status":"publish","type":"product","link":"https:\/\/cpxzx.com\/tr\/urun\/plastic-heilex-ring\/","title":{"rendered":"Plastik Heilex Halka PE, PP, RPP, PVC, CPVC, PVDF"},"content":{"rendered":"<p><strong>Plastik Heilex Y\u00fcz\u00fck<\/strong> gaz ve s\u0131v\u0131 k\u00fctle transferi i\u00e7in y\u00fcksek verimli, a\u00e7\u0131k h\u00fccreli bir kule paketidir.<br \/>\nTasar\u0131m, eyer \u015feklindeki bir yap\u0131ya dayanmaktad\u0131r ve y\u00fczey alan\u0131n\u0131 geni\u015fletmek i\u00e7in enjeksiyon kal\u0131plama ile \u00fcretilmi\u015ftir<br \/>\nve bo\u015fluk oran\u0131n\u0131 art\u0131r\u0131r. Plastik Heilex Ring, homojen gaz-s\u0131v\u0131 da\u011f\u0131l\u0131m\u0131, ince s\u0131v\u0131 filmleri sa\u011flar,<br \/>\nuzun temas s\u00fcresi ve d\u00fc\u015f\u00fck hava direnci, absorpsiyon, so\u011futma, ar\u0131tma i\u00e7in uygun hale getirir,<br \/>\nve kanalizasyon ar\u0131tma.<\/p>\n<h2>\u00d6zellikler<\/h2>\n<ul>\n<li>Malzemeler PE, PP, RPP, PVC, CPVC, PVDF, vb.<\/li>\n<li>D\u00fc\u015f\u00fck bas\u0131n\u00e7 d\u00fc\u015f\u00fc\u015f\u00fc ile y\u00fcksek kapasite<\/li>\n<li>Y\u00fcksek k\u00fctle transfer verimlili\u011fi ve k\u00fc\u00e7\u00fck \u00f6zg\u00fcl a\u011f\u0131rl\u0131k<\/li>\n<li>Kimyasal korozyona kar\u015f\u0131 g\u00fc\u00e7l\u00fc diren\u00e7<\/li>\n<li>Enerji tasarrufu ve kolay kullan\u0131m<\/li>\n<\/ul>\n<h2>\u015eartname<\/h2>\n<table style=\"border-collapse: collapse; width: 100%; text-align: center;\" border=\"1\" cellspacing=\"0\" cellpadding=\"8\">\n<thead>\n<tr>\n<th>\u015eartname<br \/>\n(mm)<\/th>\n<th>Toplu say\u0131lar<br \/>\n(m\u00b3 ba\u015f\u0131na)<\/th>\n<th>Y\u00fczey alan\u0131<br \/>\n(m\u00b2\/m\u00b3)<\/th>\n<th>Serbest hacim<br \/>\n(%)<\/th>\n<th>Kuru paketleme Fakt\u00f6r\u00fc<br \/>\n(m-\u00b9)<\/th>\n<\/tr>\n<\/thead>\n<tbody>\n<tr>\n<td>50\u00d750<\/td>\n<td>8000<\/td>\n<td>110<\/td>\n<td>94<\/td>\n<td>133<\/td>\n<\/tr>\n<tr>\n<td>76\u00d776<\/td>\n<td>3420<\/td>\n<td>92<\/td>\n<td>94.5<\/td>\n<td>105<\/td>\n<\/tr>\n<tr>\n<td>100\u00d7100<\/td>\n<td>1680<\/td>\n<td>76<\/td>\n<td>95<\/td>\n<td>76<\/td>\n<\/tr>\n<\/tbody>\n<\/table>\n<h2>Plastik Heilex Halkan\u0131n Avantajlar\u0131<\/h2>\n<p>Plastik Heilex Halka, daha d\u00fc\u015f\u00fck bas\u0131n\u00e7 d\u00fc\u015f\u00fc\u015f\u00fc ve geli\u015fmi\u015f hidrolik i\u00e7in y\u00fcksek bo\u015fluk oran\u0131 sa\u011flar.<br \/>\nA\u00e7\u0131k h\u00fccre geometrisi e\u015fit s\u0131v\u0131 da\u011f\u0131l\u0131m\u0131n\u0131 destekler ve kanallanmay\u0131 \u00f6nler.<br \/>\nHafif yap\u0131s\u0131 kurulumu kolayla\u015ft\u0131r\u0131rken, dayan\u0131kl\u0131 polimerler m\u00fckemmel<br \/>\nkimyasal diren\u00e7 ve uzun hizmet \u00f6mr\u00fc. Plastik Heilex Halka bak\u0131m s\u0131kl\u0131\u011f\u0131n\u0131 azalt\u0131r<br \/>\nve farkl\u0131 ko\u015fullarda i\u015fletme maliyetleri.<\/p>\n<h2>Uygulamalar<\/h2>\n<ul>\n<li>Kanalizasyon ar\u0131t\u0131m\u0131: daha geni\u015f spesifik y\u00fczey alan\u0131, kanalizasyon ve mikroorganizmalar aras\u0131ndaki temas\u0131 art\u0131rarak biyolojik ar\u0131tma verimlili\u011fini art\u0131r\u0131r.<\/li>\n<li>Y\u0131kay\u0131c\u0131lar, emiciler ve s\u0131y\u0131rma kulelerinde gaz ar\u0131tma ve kimyasal reaksiyon s\u00fcre\u00e7leri.<\/li>\n<li>End\u00fcstriyel so\u011futma sistemleri ve kirletici giderimi i\u00e7in \u00e7evre koruma m\u00fchendisli\u011fi.<\/li>\n<li>\u0130stikrarl\u0131 performans ve d\u00fc\u015f\u00fck enerji t\u00fcketimi gerektiren genel k\u00fctle transfer hizmetleri.<\/li>\n<\/ul>\n<h2>Paketleme<\/h2>\n<p>Plastik Heilex Ring, dokuma torbalarda veya d\u00f6kme konteynerlerde tedarik edilir ve \u00f6zelle\u015ftirilmi\u015f ambalajlar mevcuttur<br \/>\nkurulumdan \u00f6nce g\u00fcvenli nakliye ve kolay kullan\u0131m sa\u011flamak i\u00e7in.<\/p>\n<h2>Neden Plastik Heilex Y\u00fcz\u00fck Se\u00e7melisiniz<\/h2>\n<p>G\u00fcvenilir k\u00fctle transfer performans\u0131, d\u00fc\u015f\u00fck bas\u0131n\u00e7 d\u00fc\u015f\u00fc\u015f\u00fc ve geni\u015f \u00fcr\u00fcn yelpazesi i\u00e7in Plastik Heilex Halkay\u0131 se\u00e7in<br \/>\nkimyasal uyumluluk. Sele tabanl\u0131, enjeksiyon kal\u0131pl\u0131 yap\u0131s\u0131 tutarl\u0131 bir kalite sunar,<br \/>\nPlastik Heilex Ring'i su ar\u0131tma, kimyasal i\u015fleme i\u00e7in g\u00fcvenilir bir \u00e7\u00f6z\u00fcm haline getirir,<br \/>\nve hava kirlili\u011fi kontrol sistemleri.<\/p>","protected":false},"excerpt":{"rendered":"<p>The characteristics of Plastic Heilex Ring include large surface area, high porosity, small volume,<br \/>\nlow air resistance, thin liquid film thickness, and long contact time of liquid flow on the packing.<br \/>\nIt is suitable for all kinds of gas and liquid mass transfer processes. The filler also has strong<br \/>\ncorrosion resistance, high strength, high plugging resistance, and long service life. Plastic Heilex Ring<br \/>\nmaintains stable operation while reducing energy consumption.<\/p>","protected":false},"featured_media":2892,"parent":0,"template":"","meta":{"_acf_changed":false,"_kad_blocks_custom_css":"","_kad_blocks_head_custom_js":"","_kad_blocks_body_custom_js":"","_kad_blocks_footer_custom_js":"","_kadence_starter_templates_imported_post":false,"_kad_post_transparent":"default","_kad_post_title":"","_kad_post_layout":"default","_kad_post_sidebar_id":"","_kad_post_content_style":"default","_kad_post_vertical_padding":"default","_kad_post_feature":"","_kad_post_feature_position":"","_kad_post_header":false,"_kad_post_footer":false},"pcategory":[22,25],"ptag":[],"class_list":["post-2891","product","type-product","status-publish","has-post-thumbnail","hentry","pcategory-random-packing","pcategory-plastic-random-packing"],"acf":[],"yoast_head":"<!-- This site is optimized with the Yoast SEO plugin v27.4 - https:\/\/yoast.com\/product\/yoast-seo-wordpress\/ -->\n<title>Plastic Heilex Ring<\/title>\n<meta name=\"robots\" content=\"index, follow, max-snippet:-1, max-image-preview:large, max-video-preview:-1\" \/>\n<link rel=\"canonical\" href=\"https:\/\/cpxzx.com\/tr\/urun\/plastic-heilex-ring\/\" \/>\n<meta property=\"og:locale\" content=\"tr_TR\" \/>\n<meta property=\"og:type\" content=\"article\" \/>\n<meta property=\"og:title\" content=\"Plastic Heilex Ring\" \/>\n<meta property=\"og:description\" content=\"The characteristics of Plastic Heilex Ring include large surface area, high porosity, small volume, low air resistance, thin liquid film thickness, and long contact time of liquid flow on the packing. It is suitable for all kinds of gas and liquid mass transfer processes. The filler also has strong corrosion resistance, high strength, high plugging resistance, and long service life. Plastic Heilex Ring maintains stable operation while reducing energy consumption.\" \/>\n<meta property=\"og:url\" content=\"https:\/\/cpxzx.com\/tr\/urun\/plastic-heilex-ring\/\" \/>\n<meta property=\"og:site_name\" content=\"Cooling Tower Fill, China PVC Fills Manufacturer\" \/>\n<meta property=\"og:image\" content=\"https:\/\/cpxzx.com\/wp-content\/uploads\/2025\/08\/Plastic-Heilex-Ring.jpg\" \/>\n\t<meta property=\"og:image:width\" content=\"550\" \/>\n\t<meta property=\"og:image:height\" content=\"550\" \/>\n\t<meta property=\"og:image:type\" content=\"image\/jpeg\" \/>\n<meta name=\"twitter:card\" content=\"summary_large_image\" \/>\n<meta name=\"twitter:label1\" content=\"Tahmini okuma s\u00fcresi\" \/>\n\t<meta name=\"twitter:data1\" content=\"2 dakika\" \/>\n<script type=\"application\/ld+json\" class=\"yoast-schema-graph\">{\"@context\":\"https:\\\/\\\/schema.org\",\"@graph\":[{\"@type\":\"WebPage\",\"@id\":\"https:\\\/\\\/cpxzx.com\\\/product\\\/plastic-heilex-ring\\\/\",\"url\":\"https:\\\/\\\/cpxzx.com\\\/product\\\/plastic-heilex-ring\\\/\",\"name\":\"Plastic Heilex Ring\",\"isPartOf\":{\"@id\":\"https:\\\/\\\/cpxzx.com\\\/#website\"},\"primaryImageOfPage\":{\"@id\":\"https:\\\/\\\/cpxzx.com\\\/product\\\/plastic-heilex-ring\\\/#primaryimage\"},\"image\":{\"@id\":\"https:\\\/\\\/cpxzx.com\\\/product\\\/plastic-heilex-ring\\\/#primaryimage\"},\"thumbnailUrl\":\"https:\\\/\\\/cpxzx.com\\\/wp-content\\\/uploads\\\/2025\\\/08\\\/Plastic-Heilex-Ring.jpg\",\"datePublished\":\"2025-08-15T03:23:30+00:00\",\"breadcrumb\":{\"@id\":\"https:\\\/\\\/cpxzx.com\\\/product\\\/plastic-heilex-ring\\\/#breadcrumb\"},\"inLanguage\":\"tr\",\"potentialAction\":[{\"@type\":\"ReadAction\",\"target\":[\"https:\\\/\\\/cpxzx.com\\\/product\\\/plastic-heilex-ring\\\/\"]}]},{\"@type\":\"ImageObject\",\"inLanguage\":\"tr\",\"@id\":\"https:\\\/\\\/cpxzx.com\\\/product\\\/plastic-heilex-ring\\\/#primaryimage\",\"url\":\"https:\\\/\\\/cpxzx.com\\\/wp-content\\\/uploads\\\/2025\\\/08\\\/Plastic-Heilex-Ring.jpg\",\"contentUrl\":\"https:\\\/\\\/cpxzx.com\\\/wp-content\\\/uploads\\\/2025\\\/08\\\/Plastic-Heilex-Ring.jpg\",\"width\":550,\"height\":550},{\"@type\":\"BreadcrumbList\",\"@id\":\"https:\\\/\\\/cpxzx.com\\\/product\\\/plastic-heilex-ring\\\/#breadcrumb\",\"itemListElement\":[{\"@type\":\"ListItem\",\"position\":1,\"name\":\"Home\",\"item\":\"https:\\\/\\\/cpxzx.com\\\/\"},{\"@type\":\"ListItem\",\"position\":2,\"name\":\"Random Packing\",\"item\":\"https:\\\/\\\/cpxzx.com\\\/pcategory\\\/random-packing\\\/\"},{\"@type\":\"ListItem\",\"position\":3,\"name\":\"Plastic Heilex Ring PE, PP, RPP, PVC, CPVC, PVDF\"}]},{\"@type\":\"WebSite\",\"@id\":\"https:\\\/\\\/cpxzx.com\\\/#website\",\"url\":\"https:\\\/\\\/cpxzx.com\\\/\",\"name\":\"Cooling Tower Fill, China PVC Fills Manufacturer\",\"description\":\"\",\"publisher\":{\"@id\":\"https:\\\/\\\/cpxzx.com\\\/#organization\"},\"potentialAction\":[{\"@type\":\"SearchAction\",\"target\":{\"@type\":\"EntryPoint\",\"urlTemplate\":\"https:\\\/\\\/cpxzx.com\\\/?s={search_term_string}\"},\"query-input\":{\"@type\":\"PropertyValueSpecification\",\"valueRequired\":true,\"valueName\":\"search_term_string\"}}],\"inLanguage\":\"tr\"},{\"@type\":\"Organization\",\"@id\":\"https:\\\/\\\/cpxzx.com\\\/#organization\",\"name\":\"Cooling Tower Fill, China PVC Fills Manufacturer\",\"url\":\"https:\\\/\\\/cpxzx.com\\\/\",\"logo\":{\"@type\":\"ImageObject\",\"inLanguage\":\"tr\",\"@id\":\"https:\\\/\\\/cpxzx.com\\\/#\\\/schema\\\/logo\\\/image\\\/\",\"url\":\"https:\\\/\\\/cpxzx.com\\\/wp-content\\\/uploads\\\/2025\\\/07\\\/1751628807-logo.png\",\"contentUrl\":\"https:\\\/\\\/cpxzx.com\\\/wp-content\\\/uploads\\\/2025\\\/07\\\/1751628807-logo.png\",\"width\":383,\"height\":87,\"caption\":\"Cooling Tower Fill, China PVC Fills Manufacturer\"},\"image\":{\"@id\":\"https:\\\/\\\/cpxzx.com\\\/#\\\/schema\\\/logo\\\/image\\\/\"}}]}<\/script>\n<!-- \/ Yoast SEO plugin. -->","yoast_head_json":{"title":"Plastik Heilex Y\u00fcz\u00fck","robots":{"index":"index","follow":"follow","max-snippet":"max-snippet:-1","max-image-preview":"max-image-preview:large","max-video-preview":"max-video-preview:-1"},"canonical":"https:\/\/cpxzx.com\/tr\/urun\/plastic-heilex-ring\/","og_locale":"tr_TR","og_type":"article","og_title":"Plastic Heilex Ring","og_description":"The characteristics of Plastic Heilex Ring include large surface area, high porosity, small volume, low air resistance, thin liquid film thickness, and long contact time of liquid flow on the packing. It is suitable for all kinds of gas and liquid mass transfer processes. The filler also has strong corrosion resistance, high strength, high plugging resistance, and long service life. Plastic Heilex Ring maintains stable operation while reducing energy consumption.","og_url":"https:\/\/cpxzx.com\/tr\/urun\/plastic-heilex-ring\/","og_site_name":"Cooling Tower Fill, China PVC Fills Manufacturer","og_image":[{"width":550,"height":550,"url":"https:\/\/cpxzx.com\/wp-content\/uploads\/2025\/08\/Plastic-Heilex-Ring.jpg","type":"image\/jpeg"}],"twitter_card":"summary_large_image","twitter_misc":{"Tahmini okuma s\u00fcresi":"2 dakika"},"schema":{"@context":"https:\/\/schema.org","@graph":[{"@type":"WebPage","@id":"https:\/\/cpxzx.com\/product\/plastic-heilex-ring\/","url":"https:\/\/cpxzx.com\/product\/plastic-heilex-ring\/","name":"Plastik Heilex Y\u00fcz\u00fck","isPartOf":{"@id":"https:\/\/cpxzx.com\/#website"},"primaryImageOfPage":{"@id":"https:\/\/cpxzx.com\/product\/plastic-heilex-ring\/#primaryimage"},"image":{"@id":"https:\/\/cpxzx.com\/product\/plastic-heilex-ring\/#primaryimage"},"thumbnailUrl":"https:\/\/cpxzx.com\/wp-content\/uploads\/2025\/08\/Plastic-Heilex-Ring.jpg","datePublished":"2025-08-15T03:23:30+00:00","breadcrumb":{"@id":"https:\/\/cpxzx.com\/product\/plastic-heilex-ring\/#breadcrumb"},"inLanguage":"tr","potentialAction":[{"@type":"ReadAction","target":["https:\/\/cpxzx.com\/product\/plastic-heilex-ring\/"]}]},{"@type":"ImageObject","inLanguage":"tr","@id":"https:\/\/cpxzx.com\/product\/plastic-heilex-ring\/#primaryimage","url":"https:\/\/cpxzx.com\/wp-content\/uploads\/2025\/08\/Plastic-Heilex-Ring.jpg","contentUrl":"https:\/\/cpxzx.com\/wp-content\/uploads\/2025\/08\/Plastic-Heilex-Ring.jpg","width":550,"height":550},{"@type":"BreadcrumbList","@id":"https:\/\/cpxzx.com\/product\/plastic-heilex-ring\/#breadcrumb","itemListElement":[{"@type":"ListItem","position":1,"name":"Home","item":"https:\/\/cpxzx.com\/"},{"@type":"ListItem","position":2,"name":"Random Packing","item":"https:\/\/cpxzx.com\/pcategory\/random-packing\/"},{"@type":"ListItem","position":3,"name":"Plastic Heilex Ring PE, PP, RPP, PVC, CPVC, PVDF"}]},{"@type":"WebSite","@id":"https:\/\/cpxzx.com\/#website","url":"https:\/\/cpxzx.com\/","name":"So\u011futma Kulesi Dolgusu, \u00c7in PVC Dolgular \u00dcretici","description":"","publisher":{"@id":"https:\/\/cpxzx.com\/#organization"},"potentialAction":[{"@type":"SearchAction","target":{"@type":"EntryPoint","urlTemplate":"https:\/\/cpxzx.com\/?s={search_term_string}"},"query-input":{"@type":"PropertyValueSpecification","valueRequired":true,"valueName":"search_term_string"}}],"inLanguage":"tr"},{"@type":"Organization","@id":"https:\/\/cpxzx.com\/#organization","name":"So\u011futma Kulesi Dolgusu, \u00c7in PVC Dolgular \u00dcretici","url":"https:\/\/cpxzx.com\/","logo":{"@type":"ImageObject","inLanguage":"tr","@id":"https:\/\/cpxzx.com\/#\/schema\/logo\/image\/","url":"https:\/\/cpxzx.com\/wp-content\/uploads\/2025\/07\/1751628807-logo.png","contentUrl":"https:\/\/cpxzx.com\/wp-content\/uploads\/2025\/07\/1751628807-logo.png","width":383,"height":87,"caption":"Cooling Tower Fill, China PVC Fills Manufacturer"},"image":{"@id":"https:\/\/cpxzx.com\/#\/schema\/logo\/image\/"}}]}},"taxonomy_info":{"pcategory":[{"value":22,"label":"Random Packing"},{"value":25,"label":"Plastic Random Packing"}]},"featured_image_src_large":["https:\/\/cpxzx.com\/wp-content\/uploads\/2025\/08\/Plastic-Heilex-Ring.jpg",550,550,false],"author_info":[],"comment_info":"","_links":{"self":[{"href":"https:\/\/cpxzx.com\/tr\/wp-json\/wp\/v2\/product\/2891","targetHints":{"allow":["GET"]}}],"collection":[{"href":"https:\/\/cpxzx.com\/tr\/wp-json\/wp\/v2\/product"}],"about":[{"href":"https:\/\/cpxzx.com\/tr\/wp-json\/wp\/v2\/types\/product"}],"wp:featuredmedia":[{"embeddable":true,"href":"https:\/\/cpxzx.com\/tr\/wp-json\/wp\/v2\/media\/2892"}],"wp:attachment":[{"href":"https:\/\/cpxzx.com\/tr\/wp-json\/wp\/v2\/media?parent=2891"}],"wp:term":[{"taxonomy":"pcategory","embeddable":true,"href":"https:\/\/cpxzx.com\/tr\/wp-json\/wp\/v2\/pcategory?post=2891"},{"taxonomy":"ptag","embeddable":true,"href":"https:\/\/cpxzx.com\/tr\/wp-json\/wp\/v2\/ptag?post=2891"}],"curies":[{"name":"wp","href":"https:\/\/api.w.org\/{rel}","templated":true}]}}