{"id":2888,"date":"2025-08-11T08:59:41","date_gmt":"2025-08-11T08:59:41","guid":{"rendered":"https:\/\/cpxzx.com\/?post_type=product&#038;p=2888"},"modified":"2025-08-11T08:59:41","modified_gmt":"2025-08-11T08:59:41","slug":"plastic-hollow-floatation","status":"publish","type":"product","link":"https:\/\/cpxzx.com\/tr\/urun\/plastic-hollow-floatation\/","title":{"rendered":"Plastik \u0130\u00e7i Bo\u015f Y\u00fczd\u00fcrme Topu PE, PP, RPP, PVC, CPVC"},"content":{"rendered":"<p><strong>Plastik \u0130\u00e7i Bo\u015f Y\u00fczd\u00fcrme Topu<\/strong> \u00e7e\u015fitli end\u00fcstriyel uygulamalarda yayg\u0131n olarak kullan\u0131lan verimli ve \u00e7ok y\u00f6nl\u00fc bir ambalaj malzemesidir. Y\u00fcksek serbest hacim, d\u00fc\u015f\u00fck bas\u0131n\u00e7 d\u00fc\u015f\u00fc\u015f\u00fc ve y\u00fcksek k\u00fctle transfer verimlili\u011fi sunar. \u00dcr\u00fcn, farkl\u0131 \u00e7al\u0131\u015fma ko\u015fullar\u0131 alt\u0131nda m\u00fckemmel gaz-s\u0131v\u0131 temas\u0131 ve g\u00fcvenilir performans sa\u011flamak \u00fczere tasarlanm\u0131\u015ft\u0131r. Geli\u015fmi\u015f \u00fcretim teknolojisi ile Plastik \u0130\u00e7i Bo\u015f Y\u00fczd\u00fcrme Topu, d\u00fcnya \u00e7ap\u0131ndaki end\u00fcstrilerin operasyonel gereksinimlerini ve uyumluluk standartlar\u0131n\u0131 kar\u015f\u0131lar.<\/p>\n<h2>Plastik \u0130\u00e7i Bo\u015f Y\u00fczd\u00fcrme Topunun \u00d6zellikleri<\/h2>\n<p>Plastik \u0130\u00e7i Bo\u015f Y\u00fczd\u00fcrme Topu, polietilen (PE), polipropilen (PP), g\u00fc\u00e7lendirilmi\u015f polipropilen (RPP), polivinil klor\u00fcr (PVC), klorlanm\u0131\u015f polivinil klor\u00fcr (CPVC) ve poliviniliden flor\u00fcr (PVDF) gibi \u0131s\u0131ya dayan\u0131kl\u0131 ve kimyasal korozyona dayan\u0131kl\u0131 plastiklerden yap\u0131lm\u0131\u015ft\u0131r. Hafif, dayan\u0131kl\u0131 ve kurulumu kolayd\u0131r. Ortamdaki uygulama s\u0131cakl\u0131\u011f\u0131 60\u00b0C ila 150\u00b0C aras\u0131nda de\u011fi\u015fir, bu da onu \u00e7ok \u00e7e\u015fitli ortamlar i\u00e7in uygun hale getirir. Benzersiz yap\u0131s\u0131 y\u00fcksek ta\u015fma noktalar\u0131, homojen gaz-s\u0131v\u0131 temas\u0131 ve m\u00fckemmel operasyonel stabilite sa\u011flar.<\/p>\n<ul>\n<li>Y\u00fcksek serbest hacim ve d\u00fc\u015f\u00fck bas\u0131n\u00e7 d\u00fc\u015f\u00fc\u015f\u00fc<\/li>\n<li>Y\u00fcksek ay\u0131rma ve k\u00fctle aktar\u0131m verimlili\u011fi<\/li>\n<li>Kimyasal korozyona kar\u015f\u0131 g\u00fc\u00e7l\u00fc diren\u00e7<\/li>\n<li>Enerji tasarrufu ve kolay kullan\u0131m<\/li>\n<li>Zorlu ortamlarda uzun hizmet \u00f6mr\u00fc<\/li>\n<\/ul>\n<h2>Teknik \u00d6zellikler<\/h2>\n<p>Plastik \u0130\u00e7i Bo\u015f Y\u00fczd\u00fcrme Bilyal\u0131 ambalaj i\u00e7in teknik veriler a\u015fa\u011f\u0131dad\u0131r.<\/p>\n<table border=\"1\" cellspacing=\"0\" cellpadding=\"5\">\n<tbody>\n<tr>\n<th>\u015eartname<br \/>\n(mm)<\/th>\n<th>Y\u00fczey alan\u0131<br \/>\n(m\u00b2\/m\u00b3)<\/th>\n<th>Serbest hacim<br \/>\n(%)<\/th>\n<th>Y\u0131\u011f\u0131n yo\u011funlu\u011fu<br \/>\n(kg\/m\u00b3)<\/th>\n<th>Say\u0131 ba\u015f\u0131na<br \/>\nm\u00b3<\/th>\n<\/tr>\n<tr>\n<td>\u00f8 25*1.0<\/td>\n<td>200<\/td>\n<td>40<\/td>\n<td>125<\/td>\n<td>41500<\/td>\n<\/tr>\n<tr>\n<td>\u00f8 38*1.2<\/td>\n<td>150<\/td>\n<td>40<\/td>\n<td>121<\/td>\n<td>22000<\/td>\n<\/tr>\n<tr>\n<td>\u00f8 50*1.5<\/td>\n<td>120<\/td>\n<td>40<\/td>\n<td>73<\/td>\n<td>10480<\/td>\n<\/tr>\n<\/tbody>\n<\/table>\n<h2>Avantajlar<\/h2>\n<p>Plastik \u0130\u00e7i Bo\u015f Y\u00fczd\u00fcrme Topu kullanman\u0131n avantajlar\u0131 \u015funlard\u0131r:<\/p>\n<ul>\n<li>M\u00fckemmel gaz-s\u0131v\u0131 temas verimlili\u011fi<\/li>\n<li>Sabit a\u011f\u0131rl\u0131k merkezi ve \u00fcst \u00fcste binen kenar tasar\u0131m\u0131<\/li>\n<li>Tank y\u00fczeyleri i\u00e7in iyi kaplama etkisi<\/li>\n<li>Azalt\u0131lm\u0131\u015f \u0131s\u0131 kayb\u0131 ve buharla\u015fma<\/li>\n<li>Etkili koku ve bu\u011fu kontrol\u00fc<\/li>\n<\/ul>\n<h2>Uygulamalar<\/h2>\n<p>Plastik \u0130\u00e7i Bo\u015f Y\u00fczd\u00fcrme Topu, petrol end\u00fcstrisi, kimya end\u00fcstrisi, alkali-klor\u00fcr end\u00fcstrisi, k\u00f6m\u00fcr gaz\u0131 end\u00fcstrisi ve \u00e7evre korumada yayg\u0131n olarak kullan\u0131lmaktad\u0131r. \u00d6zellikle kimyasal egzoz gaz\u0131 ar\u0131tma, baca gaz\u0131 toz giderme, egzoz gaz\u0131 geri kazan\u0131m\u0131 ve asit buhar\u0131 ar\u0131tmada etkilidir. \u00dcr\u00fcn ayr\u0131ca yatay asit depolama tanklar\u0131nda, kondensat depolama tanklar\u0131nda ve su ar\u0131tma tesislerindeki demineralize su tanklar\u0131nda da kullan\u0131l\u0131r. Asit buhar\u0131 kirlili\u011fini azalt\u0131r, CO\u2082 ve O\u2082 kirlenmesini \u00f6nler, operat\u00f6r sa\u011fl\u0131\u011f\u0131n\u0131 korur ve su kalitesinin korunmas\u0131na yard\u0131mc\u0131 olur.<\/p>\n<p>Plastik \u0130\u00e7i Bo\u015f Y\u00fczd\u00fcrme Topunun di\u011fer uygulamalar\u0131 \u015funlard\u0131r:<\/p>\n<ul>\n<li>Is\u0131 kayb\u0131n\u0131 azaltmak i\u00e7in depolama tanklar\u0131ndaki s\u0131v\u0131 y\u00fczeylerin kaplanmas\u0131<\/li>\n<li>Buharla\u015fmay\u0131 en aza indirir ve g\u00fcvenli\u011fi art\u0131r\u0131r<\/li>\n<li>Ak\u0131\u015f kontrol sistemlerinde \u00e7ekvalf bilyesi olarak g\u00f6rev yapar<\/li>\n<\/ul>\n<h2>Malzeme Se\u00e7enekleri<\/h2>\n<p>Plastik \u0130\u00e7i Bo\u015f Y\u00fczd\u00fcrme Topu, \u00f6zel operasyonel ihtiya\u00e7lara ba\u011fl\u0131 olarak PE, PP, RPP, PVC, CPVC ve PVDF'den \u00fcretilebilir. Bu malzemeler hem asidik hem de alkali ortamlarda m\u00fckemmel dayan\u0131kl\u0131l\u0131k, kimyasal stabilite ve uzun vadeli performans sa\u011flar.<\/p>\n<h2>Paketleme<\/h2>\n<p>G\u00fcvenli teslimat\u0131 sa\u011flamak i\u00e7in Plastik \u0130\u00e7i Bo\u015f Y\u00fczd\u00fcrme Topu i\u00e7in g\u00fcvenli ve profesyonel paketleme sunuyoruz. Ekibimiz, end\u00fcstriyel gereksinimlerinize g\u00f6re do\u011fru boyut ve malzemeyi se\u00e7menize yard\u0131mc\u0131 olacakt\u0131r.<\/p>\n<p>\u00d6nde gelen bir Plastik \u0130\u00e7i Bo\u015f \u015eamand\u0131ra Topu \u00fcreticisi olarak, rekabet\u00e7i fiyatland\u0131rma ve g\u00fcvenilir hizmet ile y\u00fcksek kaliteli \u00fcr\u00fcnler sunuyoruz. Uygulama ihtiya\u00e7lar\u0131n\u0131z\u0131 g\u00f6r\u00fc\u015fmek ve prosesinizde en iyi performans i\u00e7in uzman tavsiyeleri almak \u00fczere bug\u00fcn bize ula\u015f\u0131n.<\/p>","protected":false},"excerpt":{"rendered":"<p>Plastic Hollow Floatation Ball is a lightweight, durable packing material made from corrosion-resistant plastics such as PE, PP, PVC, and PVDF.<br \/>\nIt offers high free volume, low pressure drop, and excellent gas-liquid contact, making it ideal for reducing heat loss, controlling evaporation, and improving separation efficiency in industries such as chemical, petroleum, environmental protection, and water treatment.<\/p>","protected":false},"featured_media":2890,"parent":0,"template":"","meta":{"_acf_changed":false,"_kad_blocks_custom_css":"","_kad_blocks_head_custom_js":"","_kad_blocks_body_custom_js":"","_kad_blocks_footer_custom_js":"","_kadence_starter_templates_imported_post":false,"_kad_post_transparent":"default","_kad_post_title":"","_kad_post_layout":"default","_kad_post_sidebar_id":"","_kad_post_content_style":"default","_kad_post_vertical_padding":"default","_kad_post_feature":"","_kad_post_feature_position":"","_kad_post_header":false,"_kad_post_footer":false},"pcategory":[22,25],"ptag":[],"class_list":["post-2888","product","type-product","status-publish","has-post-thumbnail","hentry","pcategory-random-packing","pcategory-plastic-random-packing"],"acf":[],"yoast_head":"<!-- This site is optimized with the Yoast SEO plugin v27.4 - https:\/\/yoast.com\/product\/yoast-seo-wordpress\/ -->\n<title>Plastic Hollow Floatation Ball<\/title>\n<meta name=\"robots\" content=\"index, follow, max-snippet:-1, max-image-preview:large, max-video-preview:-1\" \/>\n<link rel=\"canonical\" href=\"https:\/\/cpxzx.com\/tr\/urun\/plastic-hollow-floatation\/\" \/>\n<meta property=\"og:locale\" content=\"tr_TR\" \/>\n<meta property=\"og:type\" content=\"article\" \/>\n<meta property=\"og:title\" content=\"Plastic Hollow Floatation Ball\" \/>\n<meta property=\"og:description\" content=\"Plastic Hollow Floatation Ball is a lightweight, durable packing material made from corrosion-resistant plastics such as PE, PP, PVC, and PVDF. It offers high free volume, low pressure drop, and excellent gas-liquid contact, making it ideal for reducing heat loss, controlling evaporation, and improving separation efficiency in industries such as chemical, petroleum, environmental protection, and water treatment.\" \/>\n<meta property=\"og:url\" content=\"https:\/\/cpxzx.com\/tr\/urun\/plastic-hollow-floatation\/\" \/>\n<meta property=\"og:site_name\" content=\"Cooling Tower Fill, China PVC Fills Manufacturer\" \/>\n<meta property=\"og:image\" content=\"https:\/\/cpxzx.com\/wp-content\/uploads\/2025\/08\/Plastic-Hollow-Floatation-Ball.jpg\" \/>\n\t<meta property=\"og:image:width\" content=\"550\" \/>\n\t<meta property=\"og:image:height\" content=\"550\" \/>\n\t<meta property=\"og:image:type\" content=\"image\/jpeg\" \/>\n<meta name=\"twitter:card\" content=\"summary_large_image\" \/>\n<meta name=\"twitter:label1\" content=\"Tahmini okuma s\u00fcresi\" \/>\n\t<meta name=\"twitter:data1\" content=\"3 dakika\" \/>\n<script type=\"application\/ld+json\" class=\"yoast-schema-graph\">{\"@context\":\"https:\\\/\\\/schema.org\",\"@graph\":[{\"@type\":\"WebPage\",\"@id\":\"https:\\\/\\\/cpxzx.com\\\/product\\\/plastic-hollow-floatation\\\/\",\"url\":\"https:\\\/\\\/cpxzx.com\\\/product\\\/plastic-hollow-floatation\\\/\",\"name\":\"Plastic Hollow Floatation Ball\",\"isPartOf\":{\"@id\":\"https:\\\/\\\/cpxzx.com\\\/#website\"},\"primaryImageOfPage\":{\"@id\":\"https:\\\/\\\/cpxzx.com\\\/product\\\/plastic-hollow-floatation\\\/#primaryimage\"},\"image\":{\"@id\":\"https:\\\/\\\/cpxzx.com\\\/product\\\/plastic-hollow-floatation\\\/#primaryimage\"},\"thumbnailUrl\":\"https:\\\/\\\/cpxzx.com\\\/wp-content\\\/uploads\\\/2025\\\/08\\\/Plastic-Hollow-Floatation-Ball.jpg\",\"datePublished\":\"2025-08-11T08:59:41+00:00\",\"breadcrumb\":{\"@id\":\"https:\\\/\\\/cpxzx.com\\\/product\\\/plastic-hollow-floatation\\\/#breadcrumb\"},\"inLanguage\":\"tr\",\"potentialAction\":[{\"@type\":\"ReadAction\",\"target\":[\"https:\\\/\\\/cpxzx.com\\\/product\\\/plastic-hollow-floatation\\\/\"]}]},{\"@type\":\"ImageObject\",\"inLanguage\":\"tr\",\"@id\":\"https:\\\/\\\/cpxzx.com\\\/product\\\/plastic-hollow-floatation\\\/#primaryimage\",\"url\":\"https:\\\/\\\/cpxzx.com\\\/wp-content\\\/uploads\\\/2025\\\/08\\\/Plastic-Hollow-Floatation-Ball.jpg\",\"contentUrl\":\"https:\\\/\\\/cpxzx.com\\\/wp-content\\\/uploads\\\/2025\\\/08\\\/Plastic-Hollow-Floatation-Ball.jpg\",\"width\":550,\"height\":550},{\"@type\":\"BreadcrumbList\",\"@id\":\"https:\\\/\\\/cpxzx.com\\\/product\\\/plastic-hollow-floatation\\\/#breadcrumb\",\"itemListElement\":[{\"@type\":\"ListItem\",\"position\":1,\"name\":\"Home\",\"item\":\"https:\\\/\\\/cpxzx.com\\\/\"},{\"@type\":\"ListItem\",\"position\":2,\"name\":\"Random Packing\",\"item\":\"https:\\\/\\\/cpxzx.com\\\/pcategory\\\/random-packing\\\/\"},{\"@type\":\"ListItem\",\"position\":3,\"name\":\"Plastic Hollow Floatation Ball PE,PP,RPP,PVC,CPVC\"}]},{\"@type\":\"WebSite\",\"@id\":\"https:\\\/\\\/cpxzx.com\\\/#website\",\"url\":\"https:\\\/\\\/cpxzx.com\\\/\",\"name\":\"Cooling Tower Fill, China PVC Fills Manufacturer\",\"description\":\"\",\"publisher\":{\"@id\":\"https:\\\/\\\/cpxzx.com\\\/#organization\"},\"potentialAction\":[{\"@type\":\"SearchAction\",\"target\":{\"@type\":\"EntryPoint\",\"urlTemplate\":\"https:\\\/\\\/cpxzx.com\\\/?s={search_term_string}\"},\"query-input\":{\"@type\":\"PropertyValueSpecification\",\"valueRequired\":true,\"valueName\":\"search_term_string\"}}],\"inLanguage\":\"tr\"},{\"@type\":\"Organization\",\"@id\":\"https:\\\/\\\/cpxzx.com\\\/#organization\",\"name\":\"Cooling Tower Fill, China PVC Fills Manufacturer\",\"url\":\"https:\\\/\\\/cpxzx.com\\\/\",\"logo\":{\"@type\":\"ImageObject\",\"inLanguage\":\"tr\",\"@id\":\"https:\\\/\\\/cpxzx.com\\\/#\\\/schema\\\/logo\\\/image\\\/\",\"url\":\"https:\\\/\\\/cpxzx.com\\\/wp-content\\\/uploads\\\/2025\\\/07\\\/1751628807-logo.png\",\"contentUrl\":\"https:\\\/\\\/cpxzx.com\\\/wp-content\\\/uploads\\\/2025\\\/07\\\/1751628807-logo.png\",\"width\":383,\"height\":87,\"caption\":\"Cooling Tower Fill, China PVC Fills Manufacturer\"},\"image\":{\"@id\":\"https:\\\/\\\/cpxzx.com\\\/#\\\/schema\\\/logo\\\/image\\\/\"}}]}<\/script>\n<!-- \/ Yoast SEO plugin. -->","yoast_head_json":{"title":"Plastik \u0130\u00e7i Bo\u015f Y\u00fczd\u00fcrme Topu","robots":{"index":"index","follow":"follow","max-snippet":"max-snippet:-1","max-image-preview":"max-image-preview:large","max-video-preview":"max-video-preview:-1"},"canonical":"https:\/\/cpxzx.com\/tr\/urun\/plastic-hollow-floatation\/","og_locale":"tr_TR","og_type":"article","og_title":"Plastic Hollow Floatation Ball","og_description":"Plastic Hollow Floatation Ball is a lightweight, durable packing material made from corrosion-resistant plastics such as PE, PP, PVC, and PVDF. It offers high free volume, low pressure drop, and excellent gas-liquid contact, making it ideal for reducing heat loss, controlling evaporation, and improving separation efficiency in industries such as chemical, petroleum, environmental protection, and water treatment.","og_url":"https:\/\/cpxzx.com\/tr\/urun\/plastic-hollow-floatation\/","og_site_name":"Cooling Tower Fill, China PVC Fills Manufacturer","og_image":[{"width":550,"height":550,"url":"https:\/\/cpxzx.com\/wp-content\/uploads\/2025\/08\/Plastic-Hollow-Floatation-Ball.jpg","type":"image\/jpeg"}],"twitter_card":"summary_large_image","twitter_misc":{"Tahmini okuma s\u00fcresi":"3 dakika"},"schema":{"@context":"https:\/\/schema.org","@graph":[{"@type":"WebPage","@id":"https:\/\/cpxzx.com\/product\/plastic-hollow-floatation\/","url":"https:\/\/cpxzx.com\/product\/plastic-hollow-floatation\/","name":"Plastik \u0130\u00e7i Bo\u015f Y\u00fczd\u00fcrme Topu","isPartOf":{"@id":"https:\/\/cpxzx.com\/#website"},"primaryImageOfPage":{"@id":"https:\/\/cpxzx.com\/product\/plastic-hollow-floatation\/#primaryimage"},"image":{"@id":"https:\/\/cpxzx.com\/product\/plastic-hollow-floatation\/#primaryimage"},"thumbnailUrl":"https:\/\/cpxzx.com\/wp-content\/uploads\/2025\/08\/Plastic-Hollow-Floatation-Ball.jpg","datePublished":"2025-08-11T08:59:41+00:00","breadcrumb":{"@id":"https:\/\/cpxzx.com\/product\/plastic-hollow-floatation\/#breadcrumb"},"inLanguage":"tr","potentialAction":[{"@type":"ReadAction","target":["https:\/\/cpxzx.com\/product\/plastic-hollow-floatation\/"]}]},{"@type":"ImageObject","inLanguage":"tr","@id":"https:\/\/cpxzx.com\/product\/plastic-hollow-floatation\/#primaryimage","url":"https:\/\/cpxzx.com\/wp-content\/uploads\/2025\/08\/Plastic-Hollow-Floatation-Ball.jpg","contentUrl":"https:\/\/cpxzx.com\/wp-content\/uploads\/2025\/08\/Plastic-Hollow-Floatation-Ball.jpg","width":550,"height":550},{"@type":"BreadcrumbList","@id":"https:\/\/cpxzx.com\/product\/plastic-hollow-floatation\/#breadcrumb","itemListElement":[{"@type":"ListItem","position":1,"name":"Home","item":"https:\/\/cpxzx.com\/"},{"@type":"ListItem","position":2,"name":"Random Packing","item":"https:\/\/cpxzx.com\/pcategory\/random-packing\/"},{"@type":"ListItem","position":3,"name":"Plastic Hollow Floatation Ball PE,PP,RPP,PVC,CPVC"}]},{"@type":"WebSite","@id":"https:\/\/cpxzx.com\/#website","url":"https:\/\/cpxzx.com\/","name":"So\u011futma Kulesi Dolgusu, \u00c7in PVC Dolgular \u00dcretici","description":"","publisher":{"@id":"https:\/\/cpxzx.com\/#organization"},"potentialAction":[{"@type":"SearchAction","target":{"@type":"EntryPoint","urlTemplate":"https:\/\/cpxzx.com\/?s={search_term_string}"},"query-input":{"@type":"PropertyValueSpecification","valueRequired":true,"valueName":"search_term_string"}}],"inLanguage":"tr"},{"@type":"Organization","@id":"https:\/\/cpxzx.com\/#organization","name":"So\u011futma Kulesi Dolgusu, \u00c7in PVC Dolgular \u00dcretici","url":"https:\/\/cpxzx.com\/","logo":{"@type":"ImageObject","inLanguage":"tr","@id":"https:\/\/cpxzx.com\/#\/schema\/logo\/image\/","url":"https:\/\/cpxzx.com\/wp-content\/uploads\/2025\/07\/1751628807-logo.png","contentUrl":"https:\/\/cpxzx.com\/wp-content\/uploads\/2025\/07\/1751628807-logo.png","width":383,"height":87,"caption":"Cooling Tower Fill, China PVC Fills Manufacturer"},"image":{"@id":"https:\/\/cpxzx.com\/#\/schema\/logo\/image\/"}}]}},"taxonomy_info":{"pcategory":[{"value":22,"label":"Random Packing"},{"value":25,"label":"Plastic Random Packing"}]},"featured_image_src_large":["https:\/\/cpxzx.com\/wp-content\/uploads\/2025\/08\/Plastic-Hollow-Floatation-Ball.jpg",550,550,false],"author_info":[],"comment_info":"","_links":{"self":[{"href":"https:\/\/cpxzx.com\/tr\/wp-json\/wp\/v2\/product\/2888","targetHints":{"allow":["GET"]}}],"collection":[{"href":"https:\/\/cpxzx.com\/tr\/wp-json\/wp\/v2\/product"}],"about":[{"href":"https:\/\/cpxzx.com\/tr\/wp-json\/wp\/v2\/types\/product"}],"wp:featuredmedia":[{"embeddable":true,"href":"https:\/\/cpxzx.com\/tr\/wp-json\/wp\/v2\/media\/2890"}],"wp:attachment":[{"href":"https:\/\/cpxzx.com\/tr\/wp-json\/wp\/v2\/media?parent=2888"}],"wp:term":[{"taxonomy":"pcategory","embeddable":true,"href":"https:\/\/cpxzx.com\/tr\/wp-json\/wp\/v2\/pcategory?post=2888"},{"taxonomy":"ptag","embeddable":true,"href":"https:\/\/cpxzx.com\/tr\/wp-json\/wp\/v2\/ptag?post=2888"}],"curies":[{"name":"wp","href":"https:\/\/api.w.org\/{rel}","templated":true}]}}