{"id":2886,"date":"2025-08-10T11:47:09","date_gmt":"2025-08-10T11:47:09","guid":{"rendered":"https:\/\/cpxzx.com\/?post_type=product&#038;p=2886"},"modified":"2025-08-11T06:07:52","modified_gmt":"2025-08-11T06:07:52","slug":"plastic-snowflake-ring","status":"publish","type":"product","link":"https:\/\/cpxzx.com\/tr\/urun\/plastic-snowflake-ring\/","title":{"rendered":"Plastik Kar Tanesi Halkas\u0131 PP, PE, PVC, CPVC, PVDF"},"content":{"rendered":"<p>Plastik Kar Tanesi Halkas\u0131, gaz-s\u0131v\u0131 ay\u0131rma ve y\u0131kama sistemlerinde kullan\u0131lan y\u00fcksek verimli bir plastik kule salmastras\u0131d\u0131r.<br \/>\nAd\u0131n\u0131 kar tanesine benzeyen \u015feklinden alan bu \u00fcr\u00fcn, rastgele paketleme kategorisine aittir ve \u00e7ok say\u0131da yay\u0131lan b\u0131\u00e7a\u011fa ve y\u00fcksek g\u00f6zeneklili\u011fe sahip simetrik bir yap\u0131ya sahiptir.<br \/>\nK\u00fck\u00fcrt giderme, HCl absorpsiyonu, gaz y\u0131kama ve biyolojik filtreleme gibi uygulamalar i\u00e7in idealdir.<\/p>\n<h2>Temel \u00d6zellikler<\/h2>\n<ul>\n<li>Son derece y\u00fcksek bo\u015fluk oran\u0131 (97%'ye kadar) d\u00fc\u015f\u00fck bas\u0131n\u00e7 d\u00fc\u015f\u00fc\u015f\u00fc ve artan gaz-s\u0131v\u0131 temas alan\u0131 sa\u011flar<\/li>\n<li>T\u0131kanmayan tasar\u0131m, \u00e7al\u0131\u015fma s\u0131ras\u0131nda s\u0131k\u0131\u015ft\u0131rma kilidini veya kaymay\u0131 \u00f6nler<\/li>\n<li>Korozyona dayan\u0131kl\u0131 malzemelerden \u00fcretilmi\u015ftir: PP, PE, PVC, CPVC, PVDF<\/li>\n<li>Kendi kendini temizleyen yap\u0131, y\u00fcksek kirlilik veya kire\u00e7lenme e\u011filimli sistemler i\u00e7in ideal<\/li>\n<li>Y\u00fcksek ak\u0131\u015f ko\u015fullar\u0131 alt\u0131nda m\u00fckemmel s\u0131v\u0131 da\u011f\u0131l\u0131m\u0131 ve k\u00fctle transferi performans\u0131<\/li>\n<\/ul>\n<h2>Teknik \u00d6zellikler<\/h2>\n<table border=\"1\" cellspacing=\"0\" cellpadding=\"6\">\n<thead>\n<tr>\n<th>\u00d6\u011fe<\/th>\n<th>De\u011fer<\/th>\n<\/tr>\n<\/thead>\n<tbody>\n<tr>\n<td>\u00dcr\u00fcn Ad\u0131<\/td>\n<td>Plastik Kar Tanesi Y\u00fcz\u00fck<\/td>\n<\/tr>\n<tr>\n<td>Boyut<\/td>\n<td>\u03a690 mm<\/td>\n<\/tr>\n<tr>\n<td>Y\u0131\u011f\u0131n Yo\u011funlu\u011fu<\/td>\n<td>45-50 kg\/m\u00b3<\/td>\n<\/tr>\n<tr>\n<td>Spesifik Y\u00fczey Alan\u0131<\/td>\n<td>138 m\u00b2\/m\u00b3<\/td>\n<\/tr>\n<tr>\n<td>Bo\u015fluk Kesri<\/td>\n<td>\u226597%<\/td>\n<\/tr>\n<tr>\n<td>Kuru Paketleme Fakt\u00f6r\u00fc<\/td>\n<td>Yakla\u015f\u0131k 142 m-\u00b9<\/td>\n<\/tr>\n<tr>\n<td>S\u0131cakl\u0131k Dayan\u0131m\u0131<\/td>\n<td>PP \u2264 100\u00b0C; PVDF \u2264 150\u00b0C<\/td>\n<\/tr>\n<\/tbody>\n<\/table>\n<h2>Uygulama Alanlar\u0131<\/h2>\n<ul>\n<li>Baca gaz\u0131 k\u00fck\u00fcrt giderme kuleleri (FGD)<\/li>\n<li>HCl veya klor gaz\u0131 absorpsiyon sistemleri<\/li>\n<li>Biyolojik filtre kuleleri ve biyolojik temizleyiciler<\/li>\n<li>Gaz safla\u015ft\u0131rma paketleme kolonlar\u0131<\/li>\n<li>Dekarbonizasyon, amonyak giderme ve kimyasal y\u0131kama kuleleri<\/li>\n<\/ul>\n<h2>Se\u00e7im \u0130pu\u00e7lar\u0131<\/h2>\n<ul>\n<li>\u00c7ap\u0131 \u2265 800 mm olan kuleler i\u00e7in 90 mm kar tanesi halkas\u0131n\u0131 kullan\u0131n<\/li>\n<li>Bas\u0131n\u00e7 d\u00fc\u015f\u00fc\u015f\u00fcn\u00fc azaltmak i\u00e7in 1,5 m\/s'yi a\u015fan gaz h\u0131zlar\u0131nda kar tanesi halkalar\u0131 tercih edin<\/li>\n<li>SO\u2082 veya HCl gibi y\u00fcksek korozif gazlar i\u00e7in PVDF veya CPVC kullan\u0131n<\/li>\n<li>PP malzeme, g\u00fc\u00e7l\u00fc hidrofilik y\u00fczeyi sayesinde biyolojik sistemler i\u00e7in idealdir<\/li>\n<\/ul>\n<h2>Bize Ula\u015f\u0131n<\/h2>\n<p>Teknik veri sayfalar\u0131, \u00e7izimler, numune talepleri veya \u00f6zelle\u015ftirilmi\u015f boyutlar i\u00e7in l\u00fctfen m\u00fchendislik ekibimizle ileti\u015fime ge\u00e7in.<br \/>\nGaz ar\u0131tma veya kule tasar\u0131m\u0131 ihtiya\u00e7lar\u0131n\u0131za uygun \u00f6zel tasar\u0131m deste\u011fi ve model se\u00e7imi hizmetleri sunuyoruz.<\/p>","protected":false},"excerpt":{"rendered":"<p>Plastic Snowflake Ring is a type of high-efficiency random packing with a unique snowflake-like structure that minimizes pressure drop, reduces back-pressure, and lowers energy consumption in stripping processes.<\/p>\n<p>Compared to traditional packings, it offers superior energy efficiency and allows for smaller tower designs. It is widely used in chlorine and bromine production, air separation, and water-cooling systems.<\/p>\n<p>We provide a full range of Plastic Snowflake Rings made from heat-resistant, chemically resistant plastics.<\/p>","protected":false},"featured_media":2887,"parent":0,"template":"","meta":{"_acf_changed":false,"_kad_blocks_custom_css":"","_kad_blocks_head_custom_js":"","_kad_blocks_body_custom_js":"","_kad_blocks_footer_custom_js":"","_kadence_starter_templates_imported_post":false,"_kad_post_transparent":"default","_kad_post_title":"","_kad_post_layout":"default","_kad_post_sidebar_id":"","_kad_post_content_style":"default","_kad_post_vertical_padding":"default","_kad_post_feature":"","_kad_post_feature_position":"","_kad_post_header":false,"_kad_post_footer":false},"pcategory":[22,25],"ptag":[],"class_list":["post-2886","product","type-product","status-publish","has-post-thumbnail","hentry","pcategory-random-packing","pcategory-plastic-random-packing"],"acf":[],"yoast_head":"<!-- This site is optimized with the Yoast SEO plugin v27.4 - https:\/\/yoast.com\/product\/yoast-seo-wordpress\/ -->\n<title>Plastic Snowflake Ring<\/title>\n<meta name=\"robots\" content=\"index, follow, max-snippet:-1, max-image-preview:large, max-video-preview:-1\" \/>\n<link rel=\"canonical\" href=\"https:\/\/cpxzx.com\/tr\/urun\/plastic-snowflake-ring\/\" \/>\n<meta property=\"og:locale\" content=\"tr_TR\" \/>\n<meta property=\"og:type\" content=\"article\" \/>\n<meta property=\"og:title\" content=\"Plastic Snowflake Ring\" \/>\n<meta property=\"og:description\" content=\"Plastic Snowflake Ring is a type of high-efficiency random packing with a unique snowflake-like structure that minimizes pressure drop, reduces back-pressure, and lowers energy consumption in stripping processes.  Compared to traditional packings, it offers superior energy efficiency and allows for smaller tower designs. It is widely used in chlorine and bromine production, air separation, and water-cooling systems.  We provide a full range of Plastic Snowflake Rings made from heat-resistant, chemically resistant plastics.\" \/>\n<meta property=\"og:url\" content=\"https:\/\/cpxzx.com\/tr\/urun\/plastic-snowflake-ring\/\" \/>\n<meta property=\"og:site_name\" content=\"Cooling Tower Fill, China PVC Fills Manufacturer\" \/>\n<meta property=\"article:modified_time\" content=\"2025-08-11T06:07:52+00:00\" \/>\n<meta property=\"og:image\" content=\"https:\/\/cpxzx.com\/wp-content\/uploads\/2025\/08\/Plastic-Snowflake-Ring.jpg\" \/>\n\t<meta property=\"og:image:width\" content=\"550\" \/>\n\t<meta property=\"og:image:height\" content=\"550\" \/>\n\t<meta property=\"og:image:type\" content=\"image\/jpeg\" \/>\n<meta name=\"twitter:card\" content=\"summary_large_image\" \/>\n<meta name=\"twitter:label1\" content=\"Tahmini okuma s\u00fcresi\" \/>\n\t<meta name=\"twitter:data1\" content=\"2 dakika\" \/>\n<script type=\"application\/ld+json\" class=\"yoast-schema-graph\">{\"@context\":\"https:\\\/\\\/schema.org\",\"@graph\":[{\"@type\":\"WebPage\",\"@id\":\"https:\\\/\\\/cpxzx.com\\\/product\\\/plastic-snowflake-ring\\\/\",\"url\":\"https:\\\/\\\/cpxzx.com\\\/product\\\/plastic-snowflake-ring\\\/\",\"name\":\"Plastic Snowflake Ring\",\"isPartOf\":{\"@id\":\"https:\\\/\\\/cpxzx.com\\\/#website\"},\"primaryImageOfPage\":{\"@id\":\"https:\\\/\\\/cpxzx.com\\\/product\\\/plastic-snowflake-ring\\\/#primaryimage\"},\"image\":{\"@id\":\"https:\\\/\\\/cpxzx.com\\\/product\\\/plastic-snowflake-ring\\\/#primaryimage\"},\"thumbnailUrl\":\"https:\\\/\\\/cpxzx.com\\\/wp-content\\\/uploads\\\/2025\\\/08\\\/Plastic-Snowflake-Ring.jpg\",\"datePublished\":\"2025-08-10T11:47:09+00:00\",\"dateModified\":\"2025-08-11T06:07:52+00:00\",\"breadcrumb\":{\"@id\":\"https:\\\/\\\/cpxzx.com\\\/product\\\/plastic-snowflake-ring\\\/#breadcrumb\"},\"inLanguage\":\"tr\",\"potentialAction\":[{\"@type\":\"ReadAction\",\"target\":[\"https:\\\/\\\/cpxzx.com\\\/product\\\/plastic-snowflake-ring\\\/\"]}]},{\"@type\":\"ImageObject\",\"inLanguage\":\"tr\",\"@id\":\"https:\\\/\\\/cpxzx.com\\\/product\\\/plastic-snowflake-ring\\\/#primaryimage\",\"url\":\"https:\\\/\\\/cpxzx.com\\\/wp-content\\\/uploads\\\/2025\\\/08\\\/Plastic-Snowflake-Ring.jpg\",\"contentUrl\":\"https:\\\/\\\/cpxzx.com\\\/wp-content\\\/uploads\\\/2025\\\/08\\\/Plastic-Snowflake-Ring.jpg\",\"width\":550,\"height\":550},{\"@type\":\"BreadcrumbList\",\"@id\":\"https:\\\/\\\/cpxzx.com\\\/product\\\/plastic-snowflake-ring\\\/#breadcrumb\",\"itemListElement\":[{\"@type\":\"ListItem\",\"position\":1,\"name\":\"Home\",\"item\":\"https:\\\/\\\/cpxzx.com\\\/\"},{\"@type\":\"ListItem\",\"position\":2,\"name\":\"Random Packing\",\"item\":\"https:\\\/\\\/cpxzx.com\\\/pcategory\\\/random-packing\\\/\"},{\"@type\":\"ListItem\",\"position\":3,\"name\":\"Plastic Random Packing\",\"item\":\"https:\\\/\\\/cpxzx.com\\\/pcategory\\\/random-packing\\\/plastic-random-packing\\\/\"},{\"@type\":\"ListItem\",\"position\":4,\"name\":\"Plastic Snowflake Ring PP, PE, PVC, CPVC, PVDF\"}]},{\"@type\":\"WebSite\",\"@id\":\"https:\\\/\\\/cpxzx.com\\\/#website\",\"url\":\"https:\\\/\\\/cpxzx.com\\\/\",\"name\":\"Cooling Tower Fill, China PVC Fills Manufacturer\",\"description\":\"\",\"publisher\":{\"@id\":\"https:\\\/\\\/cpxzx.com\\\/#organization\"},\"potentialAction\":[{\"@type\":\"SearchAction\",\"target\":{\"@type\":\"EntryPoint\",\"urlTemplate\":\"https:\\\/\\\/cpxzx.com\\\/?s={search_term_string}\"},\"query-input\":{\"@type\":\"PropertyValueSpecification\",\"valueRequired\":true,\"valueName\":\"search_term_string\"}}],\"inLanguage\":\"tr\"},{\"@type\":\"Organization\",\"@id\":\"https:\\\/\\\/cpxzx.com\\\/#organization\",\"name\":\"Cooling Tower Fill, China PVC Fills Manufacturer\",\"url\":\"https:\\\/\\\/cpxzx.com\\\/\",\"logo\":{\"@type\":\"ImageObject\",\"inLanguage\":\"tr\",\"@id\":\"https:\\\/\\\/cpxzx.com\\\/#\\\/schema\\\/logo\\\/image\\\/\",\"url\":\"https:\\\/\\\/cpxzx.com\\\/wp-content\\\/uploads\\\/2025\\\/07\\\/1751628807-logo.png\",\"contentUrl\":\"https:\\\/\\\/cpxzx.com\\\/wp-content\\\/uploads\\\/2025\\\/07\\\/1751628807-logo.png\",\"width\":383,\"height\":87,\"caption\":\"Cooling Tower Fill, China PVC Fills Manufacturer\"},\"image\":{\"@id\":\"https:\\\/\\\/cpxzx.com\\\/#\\\/schema\\\/logo\\\/image\\\/\"}}]}<\/script>\n<!-- \/ Yoast SEO plugin. -->","yoast_head_json":{"title":"Plastik Kar Tanesi Y\u00fcz\u00fck","robots":{"index":"index","follow":"follow","max-snippet":"max-snippet:-1","max-image-preview":"max-image-preview:large","max-video-preview":"max-video-preview:-1"},"canonical":"https:\/\/cpxzx.com\/tr\/urun\/plastic-snowflake-ring\/","og_locale":"tr_TR","og_type":"article","og_title":"Plastic Snowflake Ring","og_description":"Plastic Snowflake Ring is a type of high-efficiency random packing with a unique snowflake-like structure that minimizes pressure drop, reduces back-pressure, and lowers energy consumption in stripping processes.  Compared to traditional packings, it offers superior energy efficiency and allows for smaller tower designs. It is widely used in chlorine and bromine production, air separation, and water-cooling systems.  We provide a full range of Plastic Snowflake Rings made from heat-resistant, chemically resistant plastics.","og_url":"https:\/\/cpxzx.com\/tr\/urun\/plastic-snowflake-ring\/","og_site_name":"Cooling Tower Fill, China PVC Fills Manufacturer","article_modified_time":"2025-08-11T06:07:52+00:00","og_image":[{"width":550,"height":550,"url":"https:\/\/cpxzx.com\/wp-content\/uploads\/2025\/08\/Plastic-Snowflake-Ring.jpg","type":"image\/jpeg"}],"twitter_card":"summary_large_image","twitter_misc":{"Tahmini okuma s\u00fcresi":"2 dakika"},"schema":{"@context":"https:\/\/schema.org","@graph":[{"@type":"WebPage","@id":"https:\/\/cpxzx.com\/product\/plastic-snowflake-ring\/","url":"https:\/\/cpxzx.com\/product\/plastic-snowflake-ring\/","name":"Plastik Kar Tanesi Y\u00fcz\u00fck","isPartOf":{"@id":"https:\/\/cpxzx.com\/#website"},"primaryImageOfPage":{"@id":"https:\/\/cpxzx.com\/product\/plastic-snowflake-ring\/#primaryimage"},"image":{"@id":"https:\/\/cpxzx.com\/product\/plastic-snowflake-ring\/#primaryimage"},"thumbnailUrl":"https:\/\/cpxzx.com\/wp-content\/uploads\/2025\/08\/Plastic-Snowflake-Ring.jpg","datePublished":"2025-08-10T11:47:09+00:00","dateModified":"2025-08-11T06:07:52+00:00","breadcrumb":{"@id":"https:\/\/cpxzx.com\/product\/plastic-snowflake-ring\/#breadcrumb"},"inLanguage":"tr","potentialAction":[{"@type":"ReadAction","target":["https:\/\/cpxzx.com\/product\/plastic-snowflake-ring\/"]}]},{"@type":"ImageObject","inLanguage":"tr","@id":"https:\/\/cpxzx.com\/product\/plastic-snowflake-ring\/#primaryimage","url":"https:\/\/cpxzx.com\/wp-content\/uploads\/2025\/08\/Plastic-Snowflake-Ring.jpg","contentUrl":"https:\/\/cpxzx.com\/wp-content\/uploads\/2025\/08\/Plastic-Snowflake-Ring.jpg","width":550,"height":550},{"@type":"BreadcrumbList","@id":"https:\/\/cpxzx.com\/product\/plastic-snowflake-ring\/#breadcrumb","itemListElement":[{"@type":"ListItem","position":1,"name":"Home","item":"https:\/\/cpxzx.com\/"},{"@type":"ListItem","position":2,"name":"Random Packing","item":"https:\/\/cpxzx.com\/pcategory\/random-packing\/"},{"@type":"ListItem","position":3,"name":"Plastic Random Packing","item":"https:\/\/cpxzx.com\/pcategory\/random-packing\/plastic-random-packing\/"},{"@type":"ListItem","position":4,"name":"Plastic Snowflake Ring PP, PE, PVC, CPVC, PVDF"}]},{"@type":"WebSite","@id":"https:\/\/cpxzx.com\/#website","url":"https:\/\/cpxzx.com\/","name":"So\u011futma Kulesi Dolgusu, \u00c7in PVC Dolgular \u00dcretici","description":"","publisher":{"@id":"https:\/\/cpxzx.com\/#organization"},"potentialAction":[{"@type":"SearchAction","target":{"@type":"EntryPoint","urlTemplate":"https:\/\/cpxzx.com\/?s={search_term_string}"},"query-input":{"@type":"PropertyValueSpecification","valueRequired":true,"valueName":"search_term_string"}}],"inLanguage":"tr"},{"@type":"Organization","@id":"https:\/\/cpxzx.com\/#organization","name":"So\u011futma Kulesi Dolgusu, \u00c7in PVC Dolgular \u00dcretici","url":"https:\/\/cpxzx.com\/","logo":{"@type":"ImageObject","inLanguage":"tr","@id":"https:\/\/cpxzx.com\/#\/schema\/logo\/image\/","url":"https:\/\/cpxzx.com\/wp-content\/uploads\/2025\/07\/1751628807-logo.png","contentUrl":"https:\/\/cpxzx.com\/wp-content\/uploads\/2025\/07\/1751628807-logo.png","width":383,"height":87,"caption":"Cooling Tower Fill, China PVC Fills Manufacturer"},"image":{"@id":"https:\/\/cpxzx.com\/#\/schema\/logo\/image\/"}}]}},"taxonomy_info":{"pcategory":[{"value":22,"label":"Random Packing"},{"value":25,"label":"Plastic Random Packing"}]},"featured_image_src_large":["https:\/\/cpxzx.com\/wp-content\/uploads\/2025\/08\/Plastic-Snowflake-Ring.jpg",550,550,false],"author_info":[],"comment_info":"","_links":{"self":[{"href":"https:\/\/cpxzx.com\/tr\/wp-json\/wp\/v2\/product\/2886","targetHints":{"allow":["GET"]}}],"collection":[{"href":"https:\/\/cpxzx.com\/tr\/wp-json\/wp\/v2\/product"}],"about":[{"href":"https:\/\/cpxzx.com\/tr\/wp-json\/wp\/v2\/types\/product"}],"wp:featuredmedia":[{"embeddable":true,"href":"https:\/\/cpxzx.com\/tr\/wp-json\/wp\/v2\/media\/2887"}],"wp:attachment":[{"href":"https:\/\/cpxzx.com\/tr\/wp-json\/wp\/v2\/media?parent=2886"}],"wp:term":[{"taxonomy":"pcategory","embeddable":true,"href":"https:\/\/cpxzx.com\/tr\/wp-json\/wp\/v2\/pcategory?post=2886"},{"taxonomy":"ptag","embeddable":true,"href":"https:\/\/cpxzx.com\/tr\/wp-json\/wp\/v2\/ptag?post=2886"}],"curies":[{"name":"wp","href":"https:\/\/api.w.org\/{rel}","templated":true}]}}