{"id":2881,"date":"2025-08-08T02:47:35","date_gmt":"2025-08-08T02:47:35","guid":{"rendered":"https:\/\/cpxzx.com\/?post_type=product&#038;p=2881"},"modified":"2025-08-08T02:58:41","modified_gmt":"2025-08-08T02:58:41","slug":"plasti%cc%87k-uclu-paketler","status":"publish","type":"product","link":"https:\/\/cpxzx.com\/tr\/urun\/plasti%cc%87k-uclu-paketler\/","title":{"rendered":"Plastik \u00dc\u00e7l\u00fc Paketler PP PVDF CPVC"},"content":{"rendered":"<p data-start=\"203\" data-end=\"651\"><strong>Plastik \u00dc\u00e7l\u00fc Paketler<\/strong> k\u00fctle transfer s\u00fcre\u00e7lerinde yayg\u0131n olarak kullan\u0131lan son derece verimli ve yenilik\u00e7i bir rastgele kule paketleme t\u00fcr\u00fcd\u00fcr. Geleneksel ambalaj malzemelerinin s\u0131n\u0131rlamalar\u0131n\u0131n \u00fcstesinden gelmek i\u00e7in tasarlanan Plastik Tri-paketler, benzersiz bir nerv\u00fcr, payanda ve damlama \u00e7ubu\u011fu a\u011f\u0131ndan yap\u0131lm\u0131\u015f i\u00e7i bo\u015f k\u00fcresel bir yap\u0131ya sahiptir. Bu geli\u015fmi\u015f geometri gaz-s\u0131v\u0131 temas\u0131n\u0131 art\u0131r\u0131rken bas\u0131n\u00e7 d\u00fc\u015f\u00fc\u015f\u00fcn\u00fc, kanal t\u0131kanmas\u0131n\u0131 ve ortam s\u0131k\u0131\u015ft\u0131rma kilitlenmesini en aza indirir.<\/p>\n<h2 data-start=\"1388\" data-end=\"1414\">Yap\u0131 ve Malzemeler<\/h2>\n<p data-start=\"1416\" data-end=\"1505\">Plastik Tri-paketler, a\u015fa\u011f\u0131daki gibi y\u00fcksek performansl\u0131 enjeksiyon kal\u0131pl\u0131 termoplastiklerden yap\u0131l\u0131r:<\/p>\n<ul data-start=\"1507\" data-end=\"1631\">\n<li data-start=\"1507\" data-end=\"1527\">\n<p data-start=\"1509\" data-end=\"1527\">PP (Polipropilen)<\/p>\n<\/li>\n<li data-start=\"1528\" data-end=\"1547\">\n<p data-start=\"1530\" data-end=\"1547\">PE (Polietilen)<\/p>\n<\/li>\n<li data-start=\"1548\" data-end=\"1574\">\n<p data-start=\"1550\" data-end=\"1574\">PVC (Polivinil Klor\u00fcr)<\/p>\n<\/li>\n<li data-start=\"1575\" data-end=\"1607\">\n<p data-start=\"1577\" data-end=\"1607\">PVDF (Poliviniliden Flor\u00fcr)<\/p>\n<\/li>\n<li data-start=\"1608\" data-end=\"1631\">\n<p data-start=\"1610\" data-end=\"1631\">CPVC, RPP ve di\u011ferleri<\/p>\n<\/li>\n<\/ul>\n<p data-start=\"1633\" data-end=\"1785\">Tipik olarak \u00e7e\u015fitli boyutlarda \u00fcretilirler: 1\u2033, 1-1\/4\u2033, 3\u2033 ve 3-1\/2\u2033, bu da onlar\u0131 farkl\u0131 uygulamalar ve paketleme yo\u011funluklar\u0131 i\u00e7in uygun hale getirir.<\/p>\n<h2 data-start=\"1787\" data-end=\"1823\">Plastik \u00dc\u00e7l\u00fc Paketlerin Temel \u00d6zellikleri<\/h2>\n<ul class=\"list-paddingleft-2\">\n<li>Kimyasallara dayan\u0131kl\u0131 malzemelerden \u00fcretilmi\u015ftir: PE, PP, RPP, PVC, CPVC, PVDF<\/li>\n<li>Geli\u015fmi\u015f nerv\u00fcr ve \u00e7ubuk yap\u0131s\u0131 ile simetrik geometri<\/li>\n<li>Y\u00fcksek buhar y\u00fcklerinde bile \u00e7ok d\u00fc\u015f\u00fck bas\u0131n\u00e7 d\u00fc\u015f\u00fc\u015f\u00fc<\/li>\n<li>Kuru noktalar\u0131 ve s\u0131k\u0131\u015ft\u0131rma kilitlenmesini \u00f6nler<\/li>\n<li>Y\u00fcksek k\u00fctle ve \u0131s\u0131 transfer verimlili\u011fi<\/li>\n<li>M\u00fckemmel s\u0131v\u0131 da\u011f\u0131l\u0131m\u0131 ve gaz da\u011f\u0131l\u0131m\u0131<\/li>\n<\/ul>\n<h2 data-start=\"2247\" data-end=\"2263\">\u015eartname<\/h2>\n<div class=\"_tableContainer_1rjym_1\">\n<div class=\"_tableWrapper_1rjym_13 group flex w-fit flex-col-reverse\" tabindex=\"-1\">\n<table class=\"w-fit min-w-(--thread-content-width)\" data-start=\"2265\" data-end=\"2643\">\n<thead data-start=\"2265\" data-end=\"2316\">\n<tr data-start=\"2265\" data-end=\"2316\">\n<th data-start=\"2265\" data-end=\"2284\" data-col-size=\"sm\">Malzeme Se\u00e7enekleri<\/th>\n<th data-start=\"2284\" data-end=\"2316\" data-col-size=\"md\">PE, PP, PVC, RPP, CPVC, PVDF<\/th>\n<\/tr>\n<\/thead>\n<tbody data-start=\"2369\" data-end=\"2643\">\n<tr data-start=\"2369\" data-end=\"2421\">\n<td data-start=\"2369\" data-end=\"2388\" data-col-size=\"sm\">Boyut Aral\u0131\u011f\u0131<\/td>\n<td data-col-size=\"md\" data-start=\"2388\" data-end=\"2421\">1&#8243;, 1-1\/4&#8243;, 3&#8243;, 3-1\/2&#8243;<\/td>\n<\/tr>\n<tr data-start=\"2422\" data-end=\"2473\">\n<td data-start=\"2422\" data-end=\"2441\" data-col-size=\"sm\">\u015eekil<\/td>\n<td data-col-size=\"md\" data-start=\"2441\" data-end=\"2473\">\u0130\u00e7i Bo\u015f K\u00fcre<\/td>\n<\/tr>\n<tr data-start=\"2474\" data-end=\"2525\">\n<td data-start=\"2474\" data-end=\"2493\" data-col-size=\"sm\">Yap\u0131<\/td>\n<td data-col-size=\"md\" data-start=\"2493\" data-end=\"2525\">Nerv\u00fcrl\u00fc ve \u00c7al\u0131ml\u0131<\/td>\n<\/tr>\n<tr data-start=\"2526\" data-end=\"2577\">\n<td data-start=\"2526\" data-end=\"2545\" data-col-size=\"sm\">\u0130\u015flem T\u00fcr\u00fc<\/td>\n<td data-col-size=\"md\" data-start=\"2545\" data-end=\"2577\">Enjeksiyon Kal\u0131plama<\/td>\n<\/tr>\n<tr data-start=\"2578\" data-end=\"2643\">\n<td data-start=\"2578\" data-end=\"2597\" data-col-size=\"sm\">Uygulama<\/td>\n<td data-col-size=\"md\" data-start=\"2597\" data-end=\"2643\">K\u00fctle Transferi \/ Gaz F\u0131r\u00e7alama \/ Absorpsiyon<\/td>\n<\/tr>\n<\/tbody>\n<\/table>\n<div class=\"sticky end-(--thread-content-margin) h-0 self-end select-none\">\n<div class=\"absolute end-0 flex items-end\"><\/div>\n<\/div>\n<\/div>\n<\/div>\n<h2 data-start=\"2645\" data-end=\"2685\">Plastik \u00dc\u00e7l\u00fc Paket Kullanman\u0131n Avantajlar\u0131<\/h2>\n<ul data-start=\"2687\" data-end=\"3024\">\n<li data-start=\"2687\" data-end=\"2754\">\n<p data-start=\"2689\" data-end=\"2754\">Hem \u0131slak hem de kuru gaz absorpsiyon kulelerinde m\u00fckemmel performans<\/p>\n<\/li>\n<li data-start=\"2755\" data-end=\"2802\">\n<p data-start=\"2757\" data-end=\"2802\">\u00dcst\u00fcn dayan\u0131kl\u0131l\u0131k ve kimyasal diren\u00e7<\/p>\n<\/li>\n<li data-start=\"2803\" data-end=\"2847\">\n<p data-start=\"2805\" data-end=\"2847\">Y\u00fcksek bo\u015fluk oran\u0131 bas\u0131n\u00e7 d\u00fc\u015f\u00fc\u015f\u00fcn\u00fc azalt\u0131r<\/p>\n<\/li>\n<li data-start=\"2848\" data-end=\"2899\">\n<p data-start=\"2850\" data-end=\"2899\">Tutarl\u0131 \u00e7al\u0131\u015fma i\u00e7in t\u0131kanmayan yap\u0131<\/p>\n<\/li>\n<li data-start=\"2900\" data-end=\"2964\">\n<p data-start=\"2902\" data-end=\"2964\">Kolay kullan\u0131m ve d\u00fc\u015f\u00fck kurulum maliyetleri i\u00e7in hafif<\/p>\n<\/li>\n<li data-start=\"2965\" data-end=\"3024\">\n<p data-start=\"2967\" data-end=\"3024\">Kirlenme ve t\u0131kanman\u0131n en aza indirilmesi sayesinde bak\u0131m\u0131 azalt\u0131r<\/p>\n<\/li>\n<\/ul>\n<h2 data-start=\"3026\" data-end=\"3041\">Uygulamalar<\/h2>\n<p data-start=\"3043\" data-end=\"3156\">Verimli yap\u0131lar\u0131 ve y\u00fcksek k\u00fctle transfer performanslar\u0131 nedeniyle, <strong data-start=\"3112\" data-end=\"3133\">Plastik \u00dc\u00e7l\u00fc Paketler<\/strong> yayg\u0131n olarak uygulanmaktad\u0131r:<\/p>\n<ul data-start=\"3158\" data-end=\"3443\">\n<li data-start=\"3158\" data-end=\"3189\">\n<p data-start=\"3160\" data-end=\"3189\">Hava kirlili\u011fi kontrol sistemleri<\/p>\n<\/li>\n<li data-start=\"3190\" data-end=\"3227\">\n<p data-start=\"3192\" data-end=\"3227\">Gaz y\u0131kama ve absorpsiyon kuleleri<\/p>\n<\/li>\n<li data-start=\"3228\" data-end=\"3265\">\n<p data-start=\"3230\" data-end=\"3265\">Distilasyon ve ekstraksiyon kolonlar\u0131<\/p>\n<\/li>\n<li data-start=\"3266\" data-end=\"3313\">\n<p data-start=\"3268\" data-end=\"3313\">Nemlendirme ve nem alma i\u015flemleri<\/p>\n<\/li>\n<li data-start=\"3314\" data-end=\"3354\">\n<p data-start=\"3316\" data-end=\"3354\">Karbondioksit giderimi (dekarbonasyon)<\/p>\n<\/li>\n<li data-start=\"3355\" data-end=\"3402\">\n<p data-start=\"3357\" data-end=\"3402\">At\u0131k su ar\u0131t\u0131m\u0131nda biyolojik filtrasyon<\/p>\n<\/li>\n<li data-start=\"3403\" data-end=\"3443\">\n<p data-start=\"3405\" data-end=\"3443\">Havaland\u0131rma ve s\u0131y\u0131rma uygulamalar\u0131<\/p>\n<\/li>\n<\/ul>\n<p data-start=\"3445\" data-end=\"3609\">\u0130ster kimyasal tesislerde, ister su ar\u0131tma tesislerinde veya gaz i\u015fleme \u00fcnitelerinde olsun, Plastik Tri-paketler operasyonel m\u00fckemmelli\u011fe ve \u00e7evresel uyumlulu\u011fa ula\u015f\u0131lmas\u0131na yard\u0131mc\u0131 olur.<\/p>\n<h2 data-start=\"3611\" data-end=\"3623\">Paketleme<\/h2>\n<p data-start=\"3625\" data-end=\"3808\"><img loading=\"lazy\" decoding=\"async\" class=\"alignnone wp-image-2885 size-full\" src=\"https:\/\/cpxzx.com\/wp-content\/uploads\/2025\/08\/Acid-Resistance-Plastic-Tri-Pack-for-Liquid-Extraction-Separation.jpg\" alt=\"\" width=\"864\" height=\"300\" srcset=\"https:\/\/cpxzx.com\/wp-content\/uploads\/2025\/08\/Acid-Resistance-Plastic-Tri-Pack-for-Liquid-Extraction-Separation.jpg 864w, https:\/\/cpxzx.com\/wp-content\/uploads\/2025\/08\/Acid-Resistance-Plastic-Tri-Pack-for-Liquid-Extraction-Separation-300x104.jpg 300w, https:\/\/cpxzx.com\/wp-content\/uploads\/2025\/08\/Acid-Resistance-Plastic-Tri-Pack-for-Liquid-Extraction-Separation-768x267.jpg 768w, https:\/\/cpxzx.com\/wp-content\/uploads\/2025\/08\/Acid-Resistance-Plastic-Tri-Pack-for-Liquid-Extraction-Separation-18x6.jpg 18w\" sizes=\"auto, (max-width: 864px) 100vw, 864px\" \/><br \/>\nPlastik Tri-paketler, g\u00fcvenli ta\u015f\u0131ma ve h\u0131zl\u0131 kurulum sa\u011flamak i\u00e7in b\u00fcy\u00fck dokuma torbalarda veya \u00f6zelle\u015ftirilmi\u015f kaplarda profesyonel olarak paketlenir. Talep \u00fczerine toplu miktarlar d\u00fczenlenebilir.<\/p>","protected":false},"excerpt":{"rendered":"<p>In traditional mass transfer theory, larger surface areas often suggest higher efficiency. However, excessive surface area may lead to gas-liquid obstruction, pressure drop, and packing channel blocking. Plastic Tri-packs were designed to avoid these issues. Their design ensures that liquid uniformly wets the entire surface, preventing dry spots and ensuring optimal performance under various operating conditions.<\/p>\n<p>Plastic Tri-packs are widely recognized for their lightweight structure, large void space, and excellent hydrophilic surface. The absence of corners and valleys in their design reduces wall flow, ensuring better distribution and dispersion of gas and liquid phases.<\/p>","protected":false},"featured_media":2883,"parent":0,"template":"","meta":{"_acf_changed":false,"_kad_blocks_custom_css":"","_kad_blocks_head_custom_js":"","_kad_blocks_body_custom_js":"","_kad_blocks_footer_custom_js":"","_kadence_starter_templates_imported_post":false,"_kad_post_transparent":"default","_kad_post_title":"","_kad_post_layout":"default","_kad_post_sidebar_id":"","_kad_post_content_style":"default","_kad_post_vertical_padding":"default","_kad_post_feature":"","_kad_post_feature_position":"","_kad_post_header":false,"_kad_post_footer":false},"pcategory":[22,25],"ptag":[],"class_list":["post-2881","product","type-product","status-publish","has-post-thumbnail","hentry","pcategory-random-packing","pcategory-plastic-random-packing"],"acf":[],"yoast_head":"<!-- This site is optimized with the Yoast SEO plugin v27.4 - https:\/\/yoast.com\/product\/yoast-seo-wordpress\/ -->\n<title>Plastic Tri-packs<\/title>\n<meta name=\"robots\" content=\"index, follow, max-snippet:-1, max-image-preview:large, max-video-preview:-1\" \/>\n<link rel=\"canonical\" href=\"https:\/\/cpxzx.com\/tr\/urun\/plasti\u0307k-uclu-paketler\/\" \/>\n<meta property=\"og:locale\" content=\"tr_TR\" \/>\n<meta property=\"og:type\" content=\"article\" \/>\n<meta property=\"og:title\" content=\"Plastic Tri-packs\" \/>\n<meta property=\"og:description\" content=\"In traditional mass transfer theory, larger surface areas often suggest higher efficiency. However, excessive surface area may lead to gas-liquid obstruction, pressure drop, and packing channel blocking. Plastic Tri-packs were designed to avoid these issues. Their design ensures that liquid uniformly wets the entire surface, preventing dry spots and ensuring optimal performance under various operating conditions.  Plastic Tri-packs are widely recognized for their lightweight structure, large void space, and excellent hydrophilic surface. The absence of corners and valleys in their design reduces wall flow, ensuring better distribution and dispersion of gas and liquid phases.\" \/>\n<meta property=\"og:url\" content=\"https:\/\/cpxzx.com\/tr\/urun\/plasti\u0307k-uclu-paketler\/\" \/>\n<meta property=\"og:site_name\" content=\"Cooling Tower Fill, China PVC Fills Manufacturer\" \/>\n<meta property=\"article:modified_time\" content=\"2025-08-08T02:58:41+00:00\" \/>\n<meta property=\"og:image\" content=\"https:\/\/cpxzx.com\/wp-content\/uploads\/2025\/08\/Plastic-Tri-packs.jpg\" \/>\n\t<meta property=\"og:image:width\" content=\"550\" \/>\n\t<meta property=\"og:image:height\" content=\"550\" \/>\n\t<meta property=\"og:image:type\" content=\"image\/jpeg\" \/>\n<meta name=\"twitter:card\" content=\"summary_large_image\" \/>\n<meta name=\"twitter:label1\" content=\"Tahmini okuma s\u00fcresi\" \/>\n\t<meta name=\"twitter:data1\" content=\"2 dakika\" \/>\n<script type=\"application\/ld+json\" class=\"yoast-schema-graph\">{\"@context\":\"https:\\\/\\\/schema.org\",\"@graph\":[{\"@type\":\"WebPage\",\"@id\":\"https:\\\/\\\/cpxzx.com\\\/product\\\/plastic-tri-packs\\\/\",\"url\":\"https:\\\/\\\/cpxzx.com\\\/product\\\/plastic-tri-packs\\\/\",\"name\":\"Plastic Tri-packs\",\"isPartOf\":{\"@id\":\"https:\\\/\\\/cpxzx.com\\\/#website\"},\"primaryImageOfPage\":{\"@id\":\"https:\\\/\\\/cpxzx.com\\\/product\\\/plastic-tri-packs\\\/#primaryimage\"},\"image\":{\"@id\":\"https:\\\/\\\/cpxzx.com\\\/product\\\/plastic-tri-packs\\\/#primaryimage\"},\"thumbnailUrl\":\"https:\\\/\\\/cpxzx.com\\\/wp-content\\\/uploads\\\/2025\\\/08\\\/Plastic-Tri-packs.jpg\",\"datePublished\":\"2025-08-08T02:47:35+00:00\",\"dateModified\":\"2025-08-08T02:58:41+00:00\",\"breadcrumb\":{\"@id\":\"https:\\\/\\\/cpxzx.com\\\/product\\\/plastic-tri-packs\\\/#breadcrumb\"},\"inLanguage\":\"tr\",\"potentialAction\":[{\"@type\":\"ReadAction\",\"target\":[\"https:\\\/\\\/cpxzx.com\\\/product\\\/plastic-tri-packs\\\/\"]}]},{\"@type\":\"ImageObject\",\"inLanguage\":\"tr\",\"@id\":\"https:\\\/\\\/cpxzx.com\\\/product\\\/plastic-tri-packs\\\/#primaryimage\",\"url\":\"https:\\\/\\\/cpxzx.com\\\/wp-content\\\/uploads\\\/2025\\\/08\\\/Plastic-Tri-packs.jpg\",\"contentUrl\":\"https:\\\/\\\/cpxzx.com\\\/wp-content\\\/uploads\\\/2025\\\/08\\\/Plastic-Tri-packs.jpg\",\"width\":550,\"height\":550},{\"@type\":\"BreadcrumbList\",\"@id\":\"https:\\\/\\\/cpxzx.com\\\/product\\\/plastic-tri-packs\\\/#breadcrumb\",\"itemListElement\":[{\"@type\":\"ListItem\",\"position\":1,\"name\":\"Home\",\"item\":\"https:\\\/\\\/cpxzx.com\\\/\"},{\"@type\":\"ListItem\",\"position\":2,\"name\":\"Random Packing\",\"item\":\"https:\\\/\\\/cpxzx.com\\\/pcategory\\\/random-packing\\\/\"},{\"@type\":\"ListItem\",\"position\":3,\"name\":\"Plastic Random Packing\",\"item\":\"https:\\\/\\\/cpxzx.com\\\/pcategory\\\/random-packing\\\/plastic-random-packing\\\/\"},{\"@type\":\"ListItem\",\"position\":4,\"name\":\"Plastic Tri-packs PP PVDF CPVC\"}]},{\"@type\":\"WebSite\",\"@id\":\"https:\\\/\\\/cpxzx.com\\\/#website\",\"url\":\"https:\\\/\\\/cpxzx.com\\\/\",\"name\":\"Cooling Tower Fill, China PVC Fills Manufacturer\",\"description\":\"\",\"publisher\":{\"@id\":\"https:\\\/\\\/cpxzx.com\\\/#organization\"},\"potentialAction\":[{\"@type\":\"SearchAction\",\"target\":{\"@type\":\"EntryPoint\",\"urlTemplate\":\"https:\\\/\\\/cpxzx.com\\\/?s={search_term_string}\"},\"query-input\":{\"@type\":\"PropertyValueSpecification\",\"valueRequired\":true,\"valueName\":\"search_term_string\"}}],\"inLanguage\":\"tr\"},{\"@type\":\"Organization\",\"@id\":\"https:\\\/\\\/cpxzx.com\\\/#organization\",\"name\":\"Cooling Tower Fill, China PVC Fills Manufacturer\",\"url\":\"https:\\\/\\\/cpxzx.com\\\/\",\"logo\":{\"@type\":\"ImageObject\",\"inLanguage\":\"tr\",\"@id\":\"https:\\\/\\\/cpxzx.com\\\/#\\\/schema\\\/logo\\\/image\\\/\",\"url\":\"https:\\\/\\\/cpxzx.com\\\/wp-content\\\/uploads\\\/2025\\\/07\\\/1751628807-logo.png\",\"contentUrl\":\"https:\\\/\\\/cpxzx.com\\\/wp-content\\\/uploads\\\/2025\\\/07\\\/1751628807-logo.png\",\"width\":383,\"height\":87,\"caption\":\"Cooling Tower Fill, China PVC Fills Manufacturer\"},\"image\":{\"@id\":\"https:\\\/\\\/cpxzx.com\\\/#\\\/schema\\\/logo\\\/image\\\/\"}}]}<\/script>\n<!-- \/ Yoast SEO plugin. -->","yoast_head_json":{"title":"Plastik \u00dc\u00e7l\u00fc Paketler","robots":{"index":"index","follow":"follow","max-snippet":"max-snippet:-1","max-image-preview":"max-image-preview:large","max-video-preview":"max-video-preview:-1"},"canonical":"https:\/\/cpxzx.com\/tr\/urun\/plasti\u0307k-uclu-paketler\/","og_locale":"tr_TR","og_type":"article","og_title":"Plastic Tri-packs","og_description":"In traditional mass transfer theory, larger surface areas often suggest higher efficiency. However, excessive surface area may lead to gas-liquid obstruction, pressure drop, and packing channel blocking. Plastic Tri-packs were designed to avoid these issues. Their design ensures that liquid uniformly wets the entire surface, preventing dry spots and ensuring optimal performance under various operating conditions.  Plastic Tri-packs are widely recognized for their lightweight structure, large void space, and excellent hydrophilic surface. The absence of corners and valleys in their design reduces wall flow, ensuring better distribution and dispersion of gas and liquid phases.","og_url":"https:\/\/cpxzx.com\/tr\/urun\/plasti\u0307k-uclu-paketler\/","og_site_name":"Cooling Tower Fill, China PVC Fills Manufacturer","article_modified_time":"2025-08-08T02:58:41+00:00","og_image":[{"width":550,"height":550,"url":"https:\/\/cpxzx.com\/wp-content\/uploads\/2025\/08\/Plastic-Tri-packs.jpg","type":"image\/jpeg"}],"twitter_card":"summary_large_image","twitter_misc":{"Tahmini okuma s\u00fcresi":"2 dakika"},"schema":{"@context":"https:\/\/schema.org","@graph":[{"@type":"WebPage","@id":"https:\/\/cpxzx.com\/product\/plastic-tri-packs\/","url":"https:\/\/cpxzx.com\/product\/plastic-tri-packs\/","name":"Plastik \u00dc\u00e7l\u00fc Paketler","isPartOf":{"@id":"https:\/\/cpxzx.com\/#website"},"primaryImageOfPage":{"@id":"https:\/\/cpxzx.com\/product\/plastic-tri-packs\/#primaryimage"},"image":{"@id":"https:\/\/cpxzx.com\/product\/plastic-tri-packs\/#primaryimage"},"thumbnailUrl":"https:\/\/cpxzx.com\/wp-content\/uploads\/2025\/08\/Plastic-Tri-packs.jpg","datePublished":"2025-08-08T02:47:35+00:00","dateModified":"2025-08-08T02:58:41+00:00","breadcrumb":{"@id":"https:\/\/cpxzx.com\/product\/plastic-tri-packs\/#breadcrumb"},"inLanguage":"tr","potentialAction":[{"@type":"ReadAction","target":["https:\/\/cpxzx.com\/product\/plastic-tri-packs\/"]}]},{"@type":"ImageObject","inLanguage":"tr","@id":"https:\/\/cpxzx.com\/product\/plastic-tri-packs\/#primaryimage","url":"https:\/\/cpxzx.com\/wp-content\/uploads\/2025\/08\/Plastic-Tri-packs.jpg","contentUrl":"https:\/\/cpxzx.com\/wp-content\/uploads\/2025\/08\/Plastic-Tri-packs.jpg","width":550,"height":550},{"@type":"BreadcrumbList","@id":"https:\/\/cpxzx.com\/product\/plastic-tri-packs\/#breadcrumb","itemListElement":[{"@type":"ListItem","position":1,"name":"Home","item":"https:\/\/cpxzx.com\/"},{"@type":"ListItem","position":2,"name":"Random Packing","item":"https:\/\/cpxzx.com\/pcategory\/random-packing\/"},{"@type":"ListItem","position":3,"name":"Plastic Random Packing","item":"https:\/\/cpxzx.com\/pcategory\/random-packing\/plastic-random-packing\/"},{"@type":"ListItem","position":4,"name":"Plastic Tri-packs PP PVDF CPVC"}]},{"@type":"WebSite","@id":"https:\/\/cpxzx.com\/#website","url":"https:\/\/cpxzx.com\/","name":"So\u011futma Kulesi Dolgusu, \u00c7in PVC Dolgular \u00dcretici","description":"","publisher":{"@id":"https:\/\/cpxzx.com\/#organization"},"potentialAction":[{"@type":"SearchAction","target":{"@type":"EntryPoint","urlTemplate":"https:\/\/cpxzx.com\/?s={search_term_string}"},"query-input":{"@type":"PropertyValueSpecification","valueRequired":true,"valueName":"search_term_string"}}],"inLanguage":"tr"},{"@type":"Organization","@id":"https:\/\/cpxzx.com\/#organization","name":"So\u011futma Kulesi Dolgusu, \u00c7in PVC Dolgular \u00dcretici","url":"https:\/\/cpxzx.com\/","logo":{"@type":"ImageObject","inLanguage":"tr","@id":"https:\/\/cpxzx.com\/#\/schema\/logo\/image\/","url":"https:\/\/cpxzx.com\/wp-content\/uploads\/2025\/07\/1751628807-logo.png","contentUrl":"https:\/\/cpxzx.com\/wp-content\/uploads\/2025\/07\/1751628807-logo.png","width":383,"height":87,"caption":"Cooling Tower Fill, China PVC Fills Manufacturer"},"image":{"@id":"https:\/\/cpxzx.com\/#\/schema\/logo\/image\/"}}]}},"taxonomy_info":{"pcategory":[{"value":22,"label":"Random Packing"},{"value":25,"label":"Plastic Random Packing"}]},"featured_image_src_large":["https:\/\/cpxzx.com\/wp-content\/uploads\/2025\/08\/Plastic-Tri-packs.jpg",550,550,false],"author_info":[],"comment_info":"","_links":{"self":[{"href":"https:\/\/cpxzx.com\/tr\/wp-json\/wp\/v2\/product\/2881","targetHints":{"allow":["GET"]}}],"collection":[{"href":"https:\/\/cpxzx.com\/tr\/wp-json\/wp\/v2\/product"}],"about":[{"href":"https:\/\/cpxzx.com\/tr\/wp-json\/wp\/v2\/types\/product"}],"wp:featuredmedia":[{"embeddable":true,"href":"https:\/\/cpxzx.com\/tr\/wp-json\/wp\/v2\/media\/2883"}],"wp:attachment":[{"href":"https:\/\/cpxzx.com\/tr\/wp-json\/wp\/v2\/media?parent=2881"}],"wp:term":[{"taxonomy":"pcategory","embeddable":true,"href":"https:\/\/cpxzx.com\/tr\/wp-json\/wp\/v2\/pcategory?post=2881"},{"taxonomy":"ptag","embeddable":true,"href":"https:\/\/cpxzx.com\/tr\/wp-json\/wp\/v2\/ptag?post=2881"}],"curies":[{"name":"wp","href":"https:\/\/api.w.org\/{rel}","templated":true}]}}