{"id":2872,"date":"2025-08-05T01:58:22","date_gmt":"2025-08-05T01:58:22","guid":{"rendered":"https:\/\/cpxzx.com\/?post_type=product&#038;p=2872"},"modified":"2025-08-05T01:58:41","modified_gmt":"2025-08-05T01:58:41","slug":"plastic-super-intalox-saddle","status":"publish","type":"product","link":"https:\/\/cpxzx.com\/tr\/urun\/plastic-super-intalox-saddle\/","title":{"rendered":"Plastik S\u00fcper Intalox Sele PE, PP, RPP, PVC, CPVC, PVDF"},"content":{"rendered":"<p>Bu <strong>Plastik S\u00fcper Intalox Sele<\/strong> y\u00fcksek verimli gaz-s\u0131v\u0131 ayr\u0131m\u0131 i\u00e7in tasarlanm\u0131\u015f geli\u015fmi\u015f bir rastgele salmastra malzemesidir. E\u015fsiz yap\u0131s\u0131, halka ve sele \u015fekillerinin avantajlar\u0131n\u0131 birle\u015ftirerek y\u00fcksek bo\u015fluk alan\u0131, m\u00fckemmel k\u00fctle aktar\u0131m performans\u0131 ve d\u00fc\u015f\u00fck bas\u0131n\u00e7 d\u00fc\u015f\u00fc\u015f\u00fc sa\u011flar.<\/p>\n<h2>Ana \u00d6zellikler<\/h2>\n<ul class=\"list-paddingleft-2\">\n<li>D\u00fc\u015f\u00fck bas\u0131n\u00e7 d\u00fc\u015f\u00fc\u015f\u00fc ve geli\u015fmi\u015f verim i\u00e7in y\u00fcksek bo\u015fluk oran\u0131 (90-98%)<\/li>\n<li>Kabuk benzeri y\u00fczey ve t\u0131rt\u0131kl\u0131 kenarlar sayesinde \u00fcst\u00fcn k\u00fctle aktar\u0131m verimlili\u011fi<\/li>\n<li>G\u00fc\u00e7l\u00fc kimyasal diren\u00e7 ve mekanik stabilite<\/li>\n<li>Hafif ve kurulumu veya de\u011fi\u015ftirilmesi kolay<\/li>\n<li>Y\u00fcksek s\u0131cakl\u0131k ve korozif ortamlarda uygulanabilir<\/li>\n<\/ul>\n<h2>Mevcut Malzemeler<\/h2>\n<ul class=\"list-paddingleft-2\">\n<li>PP (Polipropilen)<\/li>\n<li>PE (Polietilen)<\/li>\n<li>RPP (G\u00fc\u00e7lendirilmi\u015f Polipropilen)<\/li>\n<li>PVC \/ CPVC<\/li>\n<li>PVDF (Poliviniliden Flor\u00fcr)<\/li>\n<\/ul>\n<h2>Tipik \u00d6zellikler<\/h2>\n<table border=\"1\" cellspacing=\"0\" cellpadding=\"6\">\n<thead>\n<tr>\n<th>Boyut<\/th>\n<th>Y\u00fczey Alan\u0131<br \/>\n(m\u00b2\/m\u00b3)<\/th>\n<th>Bo\u015fluk Kesri<br \/>\n(%)<\/th>\n<th>Adet ba\u015f\u0131na<br \/>\nm\u00b3<\/th>\n<th>Y\u0131\u011f\u0131n Yo\u011funlu\u011fu<br \/>\n(kg\/m\u00b3)<\/th>\n<\/tr>\n<\/thead>\n<tbody>\n<tr>\n<td>1\u2033 (25 mm)<\/td>\n<td>~260<\/td>\n<td>~90%<\/td>\n<td>~97,600<\/td>\n<td>~92<\/td>\n<\/tr>\n<tr>\n<td>1,5\u2033 (38 mm)<\/td>\n<td>~178<\/td>\n<td>~96%<\/td>\n<td>~25,200<\/td>\n<td>~75<\/td>\n<\/tr>\n<tr>\n<td>2\u2033 (50 mm)<\/td>\n<td>~168<\/td>\n<td>~97%<\/td>\n<td>~6,300<\/td>\n<td>~76<\/td>\n<\/tr>\n<tr>\n<td>3\u2033 (76 mm)<\/td>\n<td>~130<\/td>\n<td>~98%<\/td>\n<td>~3,700<\/td>\n<td>~64<\/td>\n<\/tr>\n<\/tbody>\n<\/table>\n<h2>Uygulamalar<\/h2>\n<ul class=\"list-paddingleft-2\">\n<li>Absorpsiyon kuleleri ve y\u0131kama kuleleri<\/li>\n<li>Des\u00fclf\u00fcrizasyon ve dekarbonizasyon \u00fcniteleri<\/li>\n<li>Kimya ve petrokimya end\u00fcstrilerinde distilasyon kolonlar\u0131<\/li>\n<li>\u00c7evre ve at\u0131k su ar\u0131tma sistemleri<\/li>\n<\/ul>\n<h2>\u00dcr\u00fcn Avantajlar\u0131<\/h2>\n<ul class=\"list-paddingleft-2\">\n<li>\u2714 Y\u00fcksek verimli gaz-s\u0131v\u0131 temas\u0131<\/li>\n<li>\u2714 Minimum bas\u0131n\u00e7 kayb\u0131 sayesinde d\u00fc\u015f\u00fck enerji t\u00fcketimi<\/li>\n<li>\u2714 Zorlu kimyasal ortamlarda m\u00fckemmel dayan\u0131kl\u0131l\u0131k<\/li>\n<li>\u2714 Uzun hizmet \u00f6mr\u00fc ve uygun maliyetli bak\u0131m<\/li>\n<\/ul>\n<p><img loading=\"lazy\" decoding=\"async\" class=\"alignnone wp-image-2875 size-full\" src=\"https:\/\/cpxzx.com\/wp-content\/uploads\/2025\/08\/Package-Plastic-Super-Intalox-Saddle.jpg\" alt=\"Package Plastic Super Intalox Saddle\" width=\"739\" height=\"300\" srcset=\"https:\/\/cpxzx.com\/wp-content\/uploads\/2025\/08\/Package-Plastic-Super-Intalox-Saddle.jpg 739w, https:\/\/cpxzx.com\/wp-content\/uploads\/2025\/08\/Package-Plastic-Super-Intalox-Saddle-300x122.jpg 300w, https:\/\/cpxzx.com\/wp-content\/uploads\/2025\/08\/Package-Plastic-Super-Intalox-Saddle-18x7.jpg 18w\" sizes=\"auto, (max-width: 739px) 100vw, 739px\" \/><\/p>\n<p>Boyut \u00f6zelle\u015ftirme, malzeme se\u00e7imi veya toplu fiyatland\u0131rma i\u00e7in l\u00fctfen sat\u0131\u015f ekibimizle ileti\u015fime ge\u00e7in. D\u00fcnya \u00e7ap\u0131nda teknik destek ve h\u0131zl\u0131 teslimat sa\u011fl\u0131yoruz.<\/p>","protected":false},"excerpt":{"rendered":"<p>Plastic Super Intalox Saddle, also known as Plastic Intalox Saddle, is an improved version of the traditional intalox saddle. It features a shell-like curved surface with serrated edges and larger openings, enhancing the connection between the inner and outer surfaces of the filler. This design combines the benefits of both ring-type and saddle-type packing, offering a large flux capacity and efficient liquid distribution.<\/p>\n<p>With low pressure drop and high mass transfer efficiency, the Plastic Super Intalox Saddle outperforms other packing types. It provides superior liquid distribution and increased gas flow, offering less resistance, higher flux, and improved efficiency compared to the Pall ring. This durable, easy-to-handle packing is widely used in various applications for its excellent performance.<\/p>","protected":false},"featured_media":2874,"parent":0,"template":"","meta":{"_acf_changed":false,"_kad_blocks_custom_css":"","_kad_blocks_head_custom_js":"","_kad_blocks_body_custom_js":"","_kad_blocks_footer_custom_js":"","_kadence_starter_templates_imported_post":false,"_kad_post_transparent":"default","_kad_post_title":"","_kad_post_layout":"default","_kad_post_sidebar_id":"","_kad_post_content_style":"default","_kad_post_vertical_padding":"default","_kad_post_feature":"","_kad_post_feature_position":"","_kad_post_header":false,"_kad_post_footer":false},"pcategory":[22,25],"ptag":[],"class_list":["post-2872","product","type-product","status-publish","has-post-thumbnail","hentry","pcategory-random-packing","pcategory-plastic-random-packing"],"acf":[],"yoast_head":"<!-- This site is optimized with the Yoast SEO plugin v27.4 - https:\/\/yoast.com\/product\/yoast-seo-wordpress\/ -->\n<title>Plastic Super Intalox Saddle<\/title>\n<meta name=\"robots\" content=\"index, follow, max-snippet:-1, max-image-preview:large, max-video-preview:-1\" \/>\n<link rel=\"canonical\" href=\"https:\/\/cpxzx.com\/tr\/urun\/plastic-super-intalox-saddle\/\" \/>\n<meta property=\"og:locale\" content=\"tr_TR\" \/>\n<meta property=\"og:type\" content=\"article\" \/>\n<meta property=\"og:title\" content=\"Plastic Super Intalox Saddle\" \/>\n<meta property=\"og:description\" content=\"Plastic Super Intalox Saddle, also known as Plastic Intalox Saddle, is an improved version of the traditional intalox saddle. It features a shell-like curved surface with serrated edges and larger openings, enhancing the connection between the inner and outer surfaces of the filler. This design combines the benefits of both ring-type and saddle-type packing, offering a large flux capacity and efficient liquid distribution.  With low pressure drop and high mass transfer efficiency, the Plastic Super Intalox Saddle outperforms other packing types. It provides superior liquid distribution and increased gas flow, offering less resistance, higher flux, and improved efficiency compared to the Pall ring. This durable, easy-to-handle packing is widely used in various applications for its excellent performance.\" \/>\n<meta property=\"og:url\" content=\"https:\/\/cpxzx.com\/tr\/urun\/plastic-super-intalox-saddle\/\" \/>\n<meta property=\"og:site_name\" content=\"Cooling Tower Fill, China PVC Fills Manufacturer\" \/>\n<meta property=\"article:modified_time\" content=\"2025-08-05T01:58:41+00:00\" \/>\n<meta property=\"og:image\" content=\"https:\/\/cpxzx.com\/wp-content\/uploads\/2025\/08\/Plastic-Super-Intalox-Saddle.jpg\" \/>\n\t<meta property=\"og:image:width\" content=\"550\" \/>\n\t<meta property=\"og:image:height\" content=\"550\" \/>\n\t<meta property=\"og:image:type\" content=\"image\/jpeg\" \/>\n<meta name=\"twitter:card\" content=\"summary_large_image\" \/>\n<meta name=\"twitter:label1\" content=\"Tahmini okuma s\u00fcresi\" \/>\n\t<meta name=\"twitter:data1\" content=\"2 dakika\" \/>\n<script type=\"application\/ld+json\" class=\"yoast-schema-graph\">{\"@context\":\"https:\\\/\\\/schema.org\",\"@graph\":[{\"@type\":\"WebPage\",\"@id\":\"https:\\\/\\\/cpxzx.com\\\/product\\\/plastic-super-intalox-saddle\\\/\",\"url\":\"https:\\\/\\\/cpxzx.com\\\/product\\\/plastic-super-intalox-saddle\\\/\",\"name\":\"Plastic Super Intalox Saddle\",\"isPartOf\":{\"@id\":\"https:\\\/\\\/cpxzx.com\\\/#website\"},\"primaryImageOfPage\":{\"@id\":\"https:\\\/\\\/cpxzx.com\\\/product\\\/plastic-super-intalox-saddle\\\/#primaryimage\"},\"image\":{\"@id\":\"https:\\\/\\\/cpxzx.com\\\/product\\\/plastic-super-intalox-saddle\\\/#primaryimage\"},\"thumbnailUrl\":\"https:\\\/\\\/cpxzx.com\\\/wp-content\\\/uploads\\\/2025\\\/08\\\/Plastic-Super-Intalox-Saddle.jpg\",\"datePublished\":\"2025-08-05T01:58:22+00:00\",\"dateModified\":\"2025-08-05T01:58:41+00:00\",\"breadcrumb\":{\"@id\":\"https:\\\/\\\/cpxzx.com\\\/product\\\/plastic-super-intalox-saddle\\\/#breadcrumb\"},\"inLanguage\":\"tr\",\"potentialAction\":[{\"@type\":\"ReadAction\",\"target\":[\"https:\\\/\\\/cpxzx.com\\\/product\\\/plastic-super-intalox-saddle\\\/\"]}]},{\"@type\":\"ImageObject\",\"inLanguage\":\"tr\",\"@id\":\"https:\\\/\\\/cpxzx.com\\\/product\\\/plastic-super-intalox-saddle\\\/#primaryimage\",\"url\":\"https:\\\/\\\/cpxzx.com\\\/wp-content\\\/uploads\\\/2025\\\/08\\\/Plastic-Super-Intalox-Saddle.jpg\",\"contentUrl\":\"https:\\\/\\\/cpxzx.com\\\/wp-content\\\/uploads\\\/2025\\\/08\\\/Plastic-Super-Intalox-Saddle.jpg\",\"width\":550,\"height\":550,\"caption\":\"Plastic Super Intalox Saddle pe\"},{\"@type\":\"BreadcrumbList\",\"@id\":\"https:\\\/\\\/cpxzx.com\\\/product\\\/plastic-super-intalox-saddle\\\/#breadcrumb\",\"itemListElement\":[{\"@type\":\"ListItem\",\"position\":1,\"name\":\"Home\",\"item\":\"https:\\\/\\\/cpxzx.com\\\/\"},{\"@type\":\"ListItem\",\"position\":2,\"name\":\"Random Packing\",\"item\":\"https:\\\/\\\/cpxzx.com\\\/pcategory\\\/random-packing\\\/\"},{\"@type\":\"ListItem\",\"position\":3,\"name\":\"Plastic Random Packing\",\"item\":\"https:\\\/\\\/cpxzx.com\\\/pcategory\\\/random-packing\\\/plastic-random-packing\\\/\"},{\"@type\":\"ListItem\",\"position\":4,\"name\":\"Plastic Super Intalox Saddle PE,PP,RPP,PVC,CPVC,PVDF\"}]},{\"@type\":\"WebSite\",\"@id\":\"https:\\\/\\\/cpxzx.com\\\/#website\",\"url\":\"https:\\\/\\\/cpxzx.com\\\/\",\"name\":\"Cooling Tower Fill, China PVC Fills Manufacturer\",\"description\":\"\",\"publisher\":{\"@id\":\"https:\\\/\\\/cpxzx.com\\\/#organization\"},\"potentialAction\":[{\"@type\":\"SearchAction\",\"target\":{\"@type\":\"EntryPoint\",\"urlTemplate\":\"https:\\\/\\\/cpxzx.com\\\/?s={search_term_string}\"},\"query-input\":{\"@type\":\"PropertyValueSpecification\",\"valueRequired\":true,\"valueName\":\"search_term_string\"}}],\"inLanguage\":\"tr\"},{\"@type\":\"Organization\",\"@id\":\"https:\\\/\\\/cpxzx.com\\\/#organization\",\"name\":\"Cooling Tower Fill, China PVC Fills Manufacturer\",\"url\":\"https:\\\/\\\/cpxzx.com\\\/\",\"logo\":{\"@type\":\"ImageObject\",\"inLanguage\":\"tr\",\"@id\":\"https:\\\/\\\/cpxzx.com\\\/#\\\/schema\\\/logo\\\/image\\\/\",\"url\":\"https:\\\/\\\/cpxzx.com\\\/wp-content\\\/uploads\\\/2025\\\/07\\\/1751628807-logo.png\",\"contentUrl\":\"https:\\\/\\\/cpxzx.com\\\/wp-content\\\/uploads\\\/2025\\\/07\\\/1751628807-logo.png\",\"width\":383,\"height\":87,\"caption\":\"Cooling Tower Fill, China PVC Fills Manufacturer\"},\"image\":{\"@id\":\"https:\\\/\\\/cpxzx.com\\\/#\\\/schema\\\/logo\\\/image\\\/\"}}]}<\/script>\n<!-- \/ Yoast SEO plugin. -->","yoast_head_json":{"title":"Plastik S\u00fcper Intalox Sele","robots":{"index":"index","follow":"follow","max-snippet":"max-snippet:-1","max-image-preview":"max-image-preview:large","max-video-preview":"max-video-preview:-1"},"canonical":"https:\/\/cpxzx.com\/tr\/urun\/plastic-super-intalox-saddle\/","og_locale":"tr_TR","og_type":"article","og_title":"Plastic Super Intalox Saddle","og_description":"Plastic Super Intalox Saddle, also known as Plastic Intalox Saddle, is an improved version of the traditional intalox saddle. It features a shell-like curved surface with serrated edges and larger openings, enhancing the connection between the inner and outer surfaces of the filler. This design combines the benefits of both ring-type and saddle-type packing, offering a large flux capacity and efficient liquid distribution.  With low pressure drop and high mass transfer efficiency, the Plastic Super Intalox Saddle outperforms other packing types. It provides superior liquid distribution and increased gas flow, offering less resistance, higher flux, and improved efficiency compared to the Pall ring. This durable, easy-to-handle packing is widely used in various applications for its excellent performance.","og_url":"https:\/\/cpxzx.com\/tr\/urun\/plastic-super-intalox-saddle\/","og_site_name":"Cooling Tower Fill, China PVC Fills Manufacturer","article_modified_time":"2025-08-05T01:58:41+00:00","og_image":[{"width":550,"height":550,"url":"https:\/\/cpxzx.com\/wp-content\/uploads\/2025\/08\/Plastic-Super-Intalox-Saddle.jpg","type":"image\/jpeg"}],"twitter_card":"summary_large_image","twitter_misc":{"Tahmini okuma s\u00fcresi":"2 dakika"},"schema":{"@context":"https:\/\/schema.org","@graph":[{"@type":"WebPage","@id":"https:\/\/cpxzx.com\/product\/plastic-super-intalox-saddle\/","url":"https:\/\/cpxzx.com\/product\/plastic-super-intalox-saddle\/","name":"Plastik S\u00fcper Intalox Sele","isPartOf":{"@id":"https:\/\/cpxzx.com\/#website"},"primaryImageOfPage":{"@id":"https:\/\/cpxzx.com\/product\/plastic-super-intalox-saddle\/#primaryimage"},"image":{"@id":"https:\/\/cpxzx.com\/product\/plastic-super-intalox-saddle\/#primaryimage"},"thumbnailUrl":"https:\/\/cpxzx.com\/wp-content\/uploads\/2025\/08\/Plastic-Super-Intalox-Saddle.jpg","datePublished":"2025-08-05T01:58:22+00:00","dateModified":"2025-08-05T01:58:41+00:00","breadcrumb":{"@id":"https:\/\/cpxzx.com\/product\/plastic-super-intalox-saddle\/#breadcrumb"},"inLanguage":"tr","potentialAction":[{"@type":"ReadAction","target":["https:\/\/cpxzx.com\/product\/plastic-super-intalox-saddle\/"]}]},{"@type":"ImageObject","inLanguage":"tr","@id":"https:\/\/cpxzx.com\/product\/plastic-super-intalox-saddle\/#primaryimage","url":"https:\/\/cpxzx.com\/wp-content\/uploads\/2025\/08\/Plastic-Super-Intalox-Saddle.jpg","contentUrl":"https:\/\/cpxzx.com\/wp-content\/uploads\/2025\/08\/Plastic-Super-Intalox-Saddle.jpg","width":550,"height":550,"caption":"Plastic Super Intalox Saddle pe"},{"@type":"BreadcrumbList","@id":"https:\/\/cpxzx.com\/product\/plastic-super-intalox-saddle\/#breadcrumb","itemListElement":[{"@type":"ListItem","position":1,"name":"Home","item":"https:\/\/cpxzx.com\/"},{"@type":"ListItem","position":2,"name":"Random Packing","item":"https:\/\/cpxzx.com\/pcategory\/random-packing\/"},{"@type":"ListItem","position":3,"name":"Plastic Random Packing","item":"https:\/\/cpxzx.com\/pcategory\/random-packing\/plastic-random-packing\/"},{"@type":"ListItem","position":4,"name":"Plastic Super Intalox Saddle PE,PP,RPP,PVC,CPVC,PVDF"}]},{"@type":"WebSite","@id":"https:\/\/cpxzx.com\/#website","url":"https:\/\/cpxzx.com\/","name":"So\u011futma Kulesi Dolgusu, \u00c7in PVC Dolgular \u00dcretici","description":"","publisher":{"@id":"https:\/\/cpxzx.com\/#organization"},"potentialAction":[{"@type":"SearchAction","target":{"@type":"EntryPoint","urlTemplate":"https:\/\/cpxzx.com\/?s={search_term_string}"},"query-input":{"@type":"PropertyValueSpecification","valueRequired":true,"valueName":"search_term_string"}}],"inLanguage":"tr"},{"@type":"Organization","@id":"https:\/\/cpxzx.com\/#organization","name":"So\u011futma Kulesi Dolgusu, \u00c7in PVC Dolgular \u00dcretici","url":"https:\/\/cpxzx.com\/","logo":{"@type":"ImageObject","inLanguage":"tr","@id":"https:\/\/cpxzx.com\/#\/schema\/logo\/image\/","url":"https:\/\/cpxzx.com\/wp-content\/uploads\/2025\/07\/1751628807-logo.png","contentUrl":"https:\/\/cpxzx.com\/wp-content\/uploads\/2025\/07\/1751628807-logo.png","width":383,"height":87,"caption":"Cooling Tower Fill, China PVC Fills Manufacturer"},"image":{"@id":"https:\/\/cpxzx.com\/#\/schema\/logo\/image\/"}}]}},"taxonomy_info":{"pcategory":[{"value":22,"label":"Random Packing"},{"value":25,"label":"Plastic Random Packing"}]},"featured_image_src_large":["https:\/\/cpxzx.com\/wp-content\/uploads\/2025\/08\/Plastic-Super-Intalox-Saddle.jpg",550,550,false],"author_info":[],"comment_info":"","_links":{"self":[{"href":"https:\/\/cpxzx.com\/tr\/wp-json\/wp\/v2\/product\/2872","targetHints":{"allow":["GET"]}}],"collection":[{"href":"https:\/\/cpxzx.com\/tr\/wp-json\/wp\/v2\/product"}],"about":[{"href":"https:\/\/cpxzx.com\/tr\/wp-json\/wp\/v2\/types\/product"}],"wp:featuredmedia":[{"embeddable":true,"href":"https:\/\/cpxzx.com\/tr\/wp-json\/wp\/v2\/media\/2874"}],"wp:attachment":[{"href":"https:\/\/cpxzx.com\/tr\/wp-json\/wp\/v2\/media?parent=2872"}],"wp:term":[{"taxonomy":"pcategory","embeddable":true,"href":"https:\/\/cpxzx.com\/tr\/wp-json\/wp\/v2\/pcategory?post=2872"},{"taxonomy":"ptag","embeddable":true,"href":"https:\/\/cpxzx.com\/tr\/wp-json\/wp\/v2\/ptag?post=2872"}],"curies":[{"name":"wp","href":"https:\/\/api.w.org\/{rel}","templated":true}]}}