{"id":2863,"date":"2025-08-01T06:12:37","date_gmt":"2025-08-01T06:12:37","guid":{"rendered":"https:\/\/cpxzx.com\/?post_type=product&#038;p=2863"},"modified":"2025-08-01T06:12:37","modified_gmt":"2025-08-01T06:12:37","slug":"plastik-kaskad-mini-halka","status":"publish","type":"product","link":"https:\/\/cpxzx.com\/tr\/urun\/plastik-kaskad-mini-halka\/","title":{"rendered":"Plastik Kaskad Mini Halka (PE, PP, PVC, CPVC)"},"content":{"rendered":"<p>Plastik Kademeli Mini Halka, absorpsiyon, ekstraksiyon, ovma, k\u00fck\u00fcrt giderme ve \u0131s\u0131 de\u011fi\u015fim proseslerinde yayg\u0131n olarak kullan\u0131lan y\u00fcksek performansl\u0131 bir plastik rastgele salmastrad\u0131r. Geleneksel plastik Pall Halkalara k\u0131yasla daha y\u00fcksek kapasite ve ay\u0131rma verimlili\u011fi sunarak korozyona dayan\u0131kl\u0131 ve kirlenmeye duyarl\u0131 end\u00fcstriyel uygulamalar i\u00e7in idealdir.<\/p>\n<h2>Temel \u00d6zellikler<\/h2>\n<ul class=\"list-paddingleft-2\">\n<li>\u00c7oklu a\u00e7\u0131kl\u0131klara sahip trompet \u015feklindeki tasar\u0131m mekanik mukavemeti art\u0131r\u0131r ve e\u015fit gaz-s\u0131v\u0131 temas\u0131 sa\u011flar.<\/li>\n<li>D\u00fc\u015f\u00fck en-boy oran\u0131 (y\u00fcksekli\u011fin \u00e7apa oran\u0131) dikey y\u00f6nlendirme ve geli\u015fmi\u015f ak\u0131\u015f verimlili\u011fi sa\u011flar.<\/li>\n<li>Y\u00fcksek bo\u015fluk oran\u0131 (90-93%) bas\u0131n\u00e7 d\u00fc\u015f\u00fc\u015f\u00fcn\u00fc azalt\u0131r ve verimi art\u0131r\u0131r.<\/li>\n<li>M\u00fckemmel kirlenme direnci - s\u0131v\u0131, tortular\u0131 etkili bir \u015fekilde y\u0131kar, kire\u00e7lenmeye e\u011filimli ortamlar i\u00e7in uygundur.<\/li>\n<li>Geni\u015f kimyasal ve s\u0131cakl\u0131k tolerans\u0131 (60-150\u00b0C) i\u00e7in PP, PE, PVC, CPVC, RPP, PVDF olarak mevcuttur.<\/li>\n<\/ul>\n<h2>Tipik \u00d6zellikler<\/h2>\n<table border=\"1\" cellspacing=\"0\" cellpadding=\"5\">\n<thead>\n<tr>\n<th>Boyut (D\u00d7Y\u00d7Kal\u0131nl\u0131k, mm)<\/th>\n<th>Y\u00fczey Alan\u0131 (m\u00b2\/m\u00b3)<\/th>\n<th>Bo\u015fluk Kesri<\/th>\n<th>Yo\u011funluk (kg\/m\u00b3)<\/th>\n<th>M\u00b3 ba\u015f\u0131na adet<\/th>\n<th>Kuru Paketleme Fakt\u00f6r\u00fc F (m-\u00b9)<\/th>\n<\/tr>\n<\/thead>\n<tbody>\n<tr>\n<td>16 \u00d7 8.9 \u00d7 \u22481.1<\/td>\n<td>370<\/td>\n<td>85%<\/td>\n<td>~135.6<\/td>\n<td>~299,000<\/td>\n<td>~602<\/td>\n<\/tr>\n<tr>\n<td>25 \u00d7 12.5 \u00d7 \u22481.2-1.4<\/td>\n<td>228<\/td>\n<td>90%<\/td>\n<td>~97.8<\/td>\n<td>~81,500<\/td>\n<td>~313<\/td>\n<\/tr>\n<tr>\n<td>38 \u00d7 19 \u00d7 \u22481.0-1.4<\/td>\n<td>132.5<\/td>\n<td>91%<\/td>\n<td>~57.5<\/td>\n<td>~27,200<\/td>\n<td>~176<\/td>\n<\/tr>\n<tr>\n<td>50 \u00d7 25 \u00d7 \u22481.5<\/td>\n<td>114.2<\/td>\n<td>92.7%<\/td>\n<td>~54.8<\/td>\n<td>~10,740<\/td>\n<td>~143<\/td>\n<\/tr>\n<tr>\n<td>76 \u00d7 37 \u00d7 \u22482.6-3.0<\/td>\n<td>90<\/td>\n<td>92.9%<\/td>\n<td>~68.4<\/td>\n<td>~3,420<\/td>\n<td>~112<\/td>\n<\/tr>\n<\/tbody>\n<\/table>\n<h2>Uygulama Alanlar\u0131<\/h2>\n<ul class=\"list-paddingleft-2\">\n<li>Kimya ve petrokimya end\u00fcstrileri<\/li>\n<li>Absorpsiyon kuleleri, y\u0131kama kolonlar\u0131, ekstraksiyon \u00fcniteleri ve des\u00fclf\u00fcrizasyon kuleleri<\/li>\n<li>Gaz dehidrasyonu, CO\u2082 giderimi, vakum distilasyonu, ozon reaksiyon kuleleri<\/li>\n<\/ul>\n<h2>Malzeme \u00d6zellikleri Kar\u015f\u0131la\u015ft\u0131rmas\u0131<\/h2>\n<table border=\"1\" cellspacing=\"0\" cellpadding=\"5\">\n<thead>\n<tr>\n<th>Malzeme<\/th>\n<th>Yo\u011funluk (g\/cm\u00b3)<\/th>\n<th>Maksimum \u00c7al\u0131\u015fma S\u0131cakl\u0131\u011f\u0131<\/th>\n<th>Bas\u0131n\u00e7 Dayan\u0131m\u0131 (MPa)<\/th>\n<\/tr>\n<\/thead>\n<tbody>\n<tr>\n<td>PE<\/td>\n<td>0.94-0.96<\/td>\n<td>~90 \u00b0C<\/td>\n<td>&gt;6.0<\/td>\n<\/tr>\n<tr>\n<td>PP<\/td>\n<td>0.89-0.91<\/td>\n<td>&gt;100 \u00b0C<\/td>\n<td>&gt;6.5<\/td>\n<\/tr>\n<tr>\n<td>RPP<\/td>\n<td>0.93-0.94<\/td>\n<td>&gt;120 \u00b0C<\/td>\n<td>&gt;7.0<\/td>\n<\/tr>\n<tr>\n<td>PVC<\/td>\n<td>1.32-1.44<\/td>\n<td>~60 \u00b0C<\/td>\n<td>&gt;6.0<\/td>\n<\/tr>\n<tr>\n<td>CPVC<\/td>\n<td>1.50-1.54<\/td>\n<td>&gt;90 \u00b0C<\/td>\n<td>&gt;8.0<\/td>\n<\/tr>\n<tr>\n<td>PVDF<\/td>\n<td>1.75-1.78<\/td>\n<td>&gt;150 \u00b0C<\/td>\n<td>&gt;10.0<\/td>\n<\/tr>\n<\/tbody>\n<\/table>\n<h2>\u00d6zet<\/h2>\n<ul class=\"list-paddingleft-2\">\n<li><strong>Yap\u0131sal Avantaj:<\/strong> Daha iyi temas ve ak\u0131\u015f i\u00e7in trompet \u015feklinde, d\u00fc\u015f\u00fck en-boy oranl\u0131 ve pencereli tasar\u0131m.<\/li>\n<li><strong>Performans:<\/strong> y\u00fcksek verimlilik, d\u00fc\u015f\u00fck bas\u0131n\u00e7 d\u00fc\u015f\u00fc\u015f\u00fc, m\u00fckemmel kirlenme \u00f6nleme davran\u0131\u015f\u0131.<\/li>\n<li><strong>Malzeme \u00c7ok Y\u00f6nl\u00fcl\u00fc\u011f\u00fc:<\/strong> \u00e7e\u015fitli kimyasallar ve s\u0131cakl\u0131klar i\u00e7in uygundur.<\/li>\n<li><strong>Geni\u015f Uygulamalar:<\/strong> kimyasal i\u015fleme, gaz ar\u0131tma, \u00e7evre koruma ve daha fazlas\u0131.<\/li>\n<\/ul>\n<p>Fiyatland\u0131rma, numune veya teknik veri sayfalar\u0131 i\u00e7in l\u00fctfen do\u011frudan bizimle ileti\u015fime ge\u00e7in. Uygulama ihtiya\u00e7lar\u0131n\u0131z\u0131 desteklemekten mutluluk duyar\u0131z.<\/p>","protected":false},"excerpt":{"rendered":"<p>Plastik Kaskad Mini Halka, trompet \u015feklinde bir tasar\u0131ma ve mekanik mukavemeti art\u0131ran y\u00fczey a\u00e7\u0131kl\u0131klar\u0131na sahip y\u00fcksek performansl\u0131 bir plastik rastgele salmastrad\u0131r. Benzersiz yap\u0131s\u0131 gaz ak\u0131\u015f yollar\u0131n\u0131 k\u0131salt\u0131r, hava ak\u0131\u015f\u0131 direncini azalt\u0131r ve bo\u015fluk alan\u0131n\u0131 art\u0131rarak genel k\u00fctle aktar\u0131m verimlili\u011fini art\u0131r\u0131r.<\/p>","protected":false},"featured_media":2864,"parent":0,"template":"","meta":{"_acf_changed":false,"_kad_blocks_custom_css":"","_kad_blocks_head_custom_js":"","_kad_blocks_body_custom_js":"","_kad_blocks_footer_custom_js":"","_kadence_starter_templates_imported_post":false,"_kad_post_transparent":"default","_kad_post_title":"","_kad_post_layout":"default","_kad_post_sidebar_id":"","_kad_post_content_style":"default","_kad_post_vertical_padding":"default","_kad_post_feature":"","_kad_post_feature_position":"","_kad_post_header":false,"_kad_post_footer":false},"pcategory":[22,25],"ptag":[],"class_list":["post-2863","product","type-product","status-publish","has-post-thumbnail","hentry","pcategory-random-packing","pcategory-plastic-random-packing"],"acf":[],"yoast_head":"<!-- This site is optimized with the Yoast SEO plugin v27.4 - https:\/\/yoast.com\/product\/yoast-seo-wordpress\/ -->\n<title>Plastic Cascade Mini Ring<\/title>\n<meta name=\"robots\" content=\"index, follow, max-snippet:-1, max-image-preview:large, max-video-preview:-1\" \/>\n<link rel=\"canonical\" href=\"https:\/\/cpxzx.com\/tr\/urun\/plastik-kaskad-mini-halka\/\" \/>\n<meta property=\"og:locale\" content=\"tr_TR\" \/>\n<meta property=\"og:type\" content=\"article\" \/>\n<meta property=\"og:title\" content=\"Plastic Cascade Mini Ring\" \/>\n<meta property=\"og:description\" content=\"Plastic Cascade Mini Ring is a high-performance plastic random packing with a trumpet-shaped design and surface openings that enhance mechanical strength. Its unique structure shortens gas flow paths, reduces airflow resistance, and increases void space, improving overall mass transfer efficiency.\" \/>\n<meta property=\"og:url\" content=\"https:\/\/cpxzx.com\/tr\/urun\/plastik-kaskad-mini-halka\/\" \/>\n<meta property=\"og:site_name\" content=\"Cooling Tower Fill, China PVC Fills Manufacturer\" \/>\n<meta property=\"og:image\" content=\"https:\/\/cpxzx.com\/wp-content\/uploads\/2025\/07\/Plastic-Cascade-Mini-Ring.jpg\" \/>\n\t<meta property=\"og:image:width\" content=\"550\" \/>\n\t<meta property=\"og:image:height\" content=\"550\" \/>\n\t<meta property=\"og:image:type\" content=\"image\/jpeg\" \/>\n<meta name=\"twitter:card\" content=\"summary_large_image\" \/>\n<meta name=\"twitter:label1\" content=\"Tahmini okuma s\u00fcresi\" \/>\n\t<meta name=\"twitter:data1\" content=\"2 dakika\" \/>\n<script type=\"application\/ld+json\" class=\"yoast-schema-graph\">{\"@context\":\"https:\\\/\\\/schema.org\",\"@graph\":[{\"@type\":\"WebPage\",\"@id\":\"https:\\\/\\\/cpxzx.com\\\/product\\\/plastic-cascade-mini-ring\\\/\",\"url\":\"https:\\\/\\\/cpxzx.com\\\/product\\\/plastic-cascade-mini-ring\\\/\",\"name\":\"Plastic Cascade Mini Ring\",\"isPartOf\":{\"@id\":\"https:\\\/\\\/cpxzx.com\\\/#website\"},\"primaryImageOfPage\":{\"@id\":\"https:\\\/\\\/cpxzx.com\\\/product\\\/plastic-cascade-mini-ring\\\/#primaryimage\"},\"image\":{\"@id\":\"https:\\\/\\\/cpxzx.com\\\/product\\\/plastic-cascade-mini-ring\\\/#primaryimage\"},\"thumbnailUrl\":\"https:\\\/\\\/cpxzx.com\\\/wp-content\\\/uploads\\\/2025\\\/07\\\/Plastic-Cascade-Mini-Ring.jpg\",\"datePublished\":\"2025-08-01T06:12:37+00:00\",\"breadcrumb\":{\"@id\":\"https:\\\/\\\/cpxzx.com\\\/product\\\/plastic-cascade-mini-ring\\\/#breadcrumb\"},\"inLanguage\":\"tr\",\"potentialAction\":[{\"@type\":\"ReadAction\",\"target\":[\"https:\\\/\\\/cpxzx.com\\\/product\\\/plastic-cascade-mini-ring\\\/\"]}]},{\"@type\":\"ImageObject\",\"inLanguage\":\"tr\",\"@id\":\"https:\\\/\\\/cpxzx.com\\\/product\\\/plastic-cascade-mini-ring\\\/#primaryimage\",\"url\":\"https:\\\/\\\/cpxzx.com\\\/wp-content\\\/uploads\\\/2025\\\/07\\\/Plastic-Cascade-Mini-Ring.jpg\",\"contentUrl\":\"https:\\\/\\\/cpxzx.com\\\/wp-content\\\/uploads\\\/2025\\\/07\\\/Plastic-Cascade-Mini-Ring.jpg\",\"width\":550,\"height\":550},{\"@type\":\"BreadcrumbList\",\"@id\":\"https:\\\/\\\/cpxzx.com\\\/product\\\/plastic-cascade-mini-ring\\\/#breadcrumb\",\"itemListElement\":[{\"@type\":\"ListItem\",\"position\":1,\"name\":\"Home\",\"item\":\"https:\\\/\\\/cpxzx.com\\\/\"},{\"@type\":\"ListItem\",\"position\":2,\"name\":\"Random Packing\",\"item\":\"https:\\\/\\\/cpxzx.com\\\/pcategory\\\/random-packing\\\/\"},{\"@type\":\"ListItem\",\"position\":3,\"name\":\"Plastic Random Packing\",\"item\":\"https:\\\/\\\/cpxzx.com\\\/pcategory\\\/random-packing\\\/plastic-random-packing\\\/\"},{\"@type\":\"ListItem\",\"position\":4,\"name\":\"Plastic Cascade Mini Ring(PE,PP,PVC,CPVC)\"}]},{\"@type\":\"WebSite\",\"@id\":\"https:\\\/\\\/cpxzx.com\\\/#website\",\"url\":\"https:\\\/\\\/cpxzx.com\\\/\",\"name\":\"Cooling Tower Fill, China PVC Fills Manufacturer\",\"description\":\"\",\"publisher\":{\"@id\":\"https:\\\/\\\/cpxzx.com\\\/#organization\"},\"potentialAction\":[{\"@type\":\"SearchAction\",\"target\":{\"@type\":\"EntryPoint\",\"urlTemplate\":\"https:\\\/\\\/cpxzx.com\\\/?s={search_term_string}\"},\"query-input\":{\"@type\":\"PropertyValueSpecification\",\"valueRequired\":true,\"valueName\":\"search_term_string\"}}],\"inLanguage\":\"tr\"},{\"@type\":\"Organization\",\"@id\":\"https:\\\/\\\/cpxzx.com\\\/#organization\",\"name\":\"Cooling Tower Fill, China PVC Fills Manufacturer\",\"url\":\"https:\\\/\\\/cpxzx.com\\\/\",\"logo\":{\"@type\":\"ImageObject\",\"inLanguage\":\"tr\",\"@id\":\"https:\\\/\\\/cpxzx.com\\\/#\\\/schema\\\/logo\\\/image\\\/\",\"url\":\"https:\\\/\\\/cpxzx.com\\\/wp-content\\\/uploads\\\/2025\\\/07\\\/1751628807-logo.png\",\"contentUrl\":\"https:\\\/\\\/cpxzx.com\\\/wp-content\\\/uploads\\\/2025\\\/07\\\/1751628807-logo.png\",\"width\":383,\"height\":87,\"caption\":\"Cooling Tower Fill, China PVC Fills Manufacturer\"},\"image\":{\"@id\":\"https:\\\/\\\/cpxzx.com\\\/#\\\/schema\\\/logo\\\/image\\\/\"}}]}<\/script>\n<!-- \/ Yoast SEO plugin. -->","yoast_head_json":{"title":"Plastik Kademeli Mini Halka","robots":{"index":"index","follow":"follow","max-snippet":"max-snippet:-1","max-image-preview":"max-image-preview:large","max-video-preview":"max-video-preview:-1"},"canonical":"https:\/\/cpxzx.com\/tr\/urun\/plastik-kaskad-mini-halka\/","og_locale":"tr_TR","og_type":"article","og_title":"Plastic Cascade Mini Ring","og_description":"Plastic Cascade Mini Ring is a high-performance plastic random packing with a trumpet-shaped design and surface openings that enhance mechanical strength. Its unique structure shortens gas flow paths, reduces airflow resistance, and increases void space, improving overall mass transfer efficiency.","og_url":"https:\/\/cpxzx.com\/tr\/urun\/plastik-kaskad-mini-halka\/","og_site_name":"Cooling Tower Fill, China PVC Fills Manufacturer","og_image":[{"width":550,"height":550,"url":"https:\/\/cpxzx.com\/wp-content\/uploads\/2025\/07\/Plastic-Cascade-Mini-Ring.jpg","type":"image\/jpeg"}],"twitter_card":"summary_large_image","twitter_misc":{"Tahmini okuma s\u00fcresi":"2 dakika"},"schema":{"@context":"https:\/\/schema.org","@graph":[{"@type":"WebPage","@id":"https:\/\/cpxzx.com\/product\/plastic-cascade-mini-ring\/","url":"https:\/\/cpxzx.com\/product\/plastic-cascade-mini-ring\/","name":"Plastik Kademeli Mini Halka","isPartOf":{"@id":"https:\/\/cpxzx.com\/#website"},"primaryImageOfPage":{"@id":"https:\/\/cpxzx.com\/product\/plastic-cascade-mini-ring\/#primaryimage"},"image":{"@id":"https:\/\/cpxzx.com\/product\/plastic-cascade-mini-ring\/#primaryimage"},"thumbnailUrl":"https:\/\/cpxzx.com\/wp-content\/uploads\/2025\/07\/Plastic-Cascade-Mini-Ring.jpg","datePublished":"2025-08-01T06:12:37+00:00","breadcrumb":{"@id":"https:\/\/cpxzx.com\/product\/plastic-cascade-mini-ring\/#breadcrumb"},"inLanguage":"tr","potentialAction":[{"@type":"ReadAction","target":["https:\/\/cpxzx.com\/product\/plastic-cascade-mini-ring\/"]}]},{"@type":"ImageObject","inLanguage":"tr","@id":"https:\/\/cpxzx.com\/product\/plastic-cascade-mini-ring\/#primaryimage","url":"https:\/\/cpxzx.com\/wp-content\/uploads\/2025\/07\/Plastic-Cascade-Mini-Ring.jpg","contentUrl":"https:\/\/cpxzx.com\/wp-content\/uploads\/2025\/07\/Plastic-Cascade-Mini-Ring.jpg","width":550,"height":550},{"@type":"BreadcrumbList","@id":"https:\/\/cpxzx.com\/product\/plastic-cascade-mini-ring\/#breadcrumb","itemListElement":[{"@type":"ListItem","position":1,"name":"Home","item":"https:\/\/cpxzx.com\/"},{"@type":"ListItem","position":2,"name":"Random Packing","item":"https:\/\/cpxzx.com\/pcategory\/random-packing\/"},{"@type":"ListItem","position":3,"name":"Plastic Random Packing","item":"https:\/\/cpxzx.com\/pcategory\/random-packing\/plastic-random-packing\/"},{"@type":"ListItem","position":4,"name":"Plastic Cascade Mini Ring(PE,PP,PVC,CPVC)"}]},{"@type":"WebSite","@id":"https:\/\/cpxzx.com\/#website","url":"https:\/\/cpxzx.com\/","name":"So\u011futma Kulesi Dolgusu, \u00c7in PVC Dolgular \u00dcretici","description":"","publisher":{"@id":"https:\/\/cpxzx.com\/#organization"},"potentialAction":[{"@type":"SearchAction","target":{"@type":"EntryPoint","urlTemplate":"https:\/\/cpxzx.com\/?s={search_term_string}"},"query-input":{"@type":"PropertyValueSpecification","valueRequired":true,"valueName":"search_term_string"}}],"inLanguage":"tr"},{"@type":"Organization","@id":"https:\/\/cpxzx.com\/#organization","name":"So\u011futma Kulesi Dolgusu, \u00c7in PVC Dolgular \u00dcretici","url":"https:\/\/cpxzx.com\/","logo":{"@type":"ImageObject","inLanguage":"tr","@id":"https:\/\/cpxzx.com\/#\/schema\/logo\/image\/","url":"https:\/\/cpxzx.com\/wp-content\/uploads\/2025\/07\/1751628807-logo.png","contentUrl":"https:\/\/cpxzx.com\/wp-content\/uploads\/2025\/07\/1751628807-logo.png","width":383,"height":87,"caption":"Cooling Tower Fill, China PVC Fills Manufacturer"},"image":{"@id":"https:\/\/cpxzx.com\/#\/schema\/logo\/image\/"}}]}},"taxonomy_info":{"pcategory":[{"value":22,"label":"Random Packing"},{"value":25,"label":"Plastic Random Packing"}]},"featured_image_src_large":["https:\/\/cpxzx.com\/wp-content\/uploads\/2025\/07\/Plastic-Cascade-Mini-Ring.jpg",550,550,false],"author_info":[],"comment_info":"","_links":{"self":[{"href":"https:\/\/cpxzx.com\/tr\/wp-json\/wp\/v2\/product\/2863","targetHints":{"allow":["GET"]}}],"collection":[{"href":"https:\/\/cpxzx.com\/tr\/wp-json\/wp\/v2\/product"}],"about":[{"href":"https:\/\/cpxzx.com\/tr\/wp-json\/wp\/v2\/types\/product"}],"wp:featuredmedia":[{"embeddable":true,"href":"https:\/\/cpxzx.com\/tr\/wp-json\/wp\/v2\/media\/2864"}],"wp:attachment":[{"href":"https:\/\/cpxzx.com\/tr\/wp-json\/wp\/v2\/media?parent=2863"}],"wp:term":[{"taxonomy":"pcategory","embeddable":true,"href":"https:\/\/cpxzx.com\/tr\/wp-json\/wp\/v2\/pcategory?post=2863"},{"taxonomy":"ptag","embeddable":true,"href":"https:\/\/cpxzx.com\/tr\/wp-json\/wp\/v2\/ptag?post=2863"}],"curies":[{"name":"wp","href":"https:\/\/api.w.org\/{rel}","templated":true}]}}