{"id":2858,"date":"2025-07-30T10:49:06","date_gmt":"2025-07-30T10:49:06","guid":{"rendered":"https:\/\/cpxzx.com\/?post_type=product&#038;p=2858"},"modified":"2025-07-30T10:49:50","modified_gmt":"2025-07-30T10:49:50","slug":"ceramic-mini-lessing-ring","status":"publish","type":"product","link":"https:\/\/cpxzx.com\/tr\/urun\/ceramic-mini-lessing-ring\/","title":{"rendered":"Seramik Mini Lessing Halkas\u0131"},"content":{"rendered":"<p><strong>Seramik Mini Lessing Halkas\u0131<\/strong> geleneksel seramik Raschig Halkas\u0131 geli\u015ftirilerek geli\u015ftirilmi\u015f geli\u015fmi\u015f bir kule paketleme malzemesidir. \u00dcst\u00fcn y\u00fczey alan\u0131 ve bas\u0131n\u00e7 dayan\u0131m\u0131n\u0131n yan\u0131 s\u0131ra ola\u011fan\u00fcst\u00fc asit ve \u0131s\u0131 direnci sunar. 1000\u00b0C'yi a\u015fan sinterleme s\u0131cakl\u0131klar\u0131nda 24 saat kalsinasyon yoluyla \u00fcretilen bu \u00fcr\u00fcn, y\u00fcksek ve d\u00fc\u015f\u00fck s\u0131cakl\u0131kl\u0131 ortamlarda g\u00fcvenilir performans g\u00f6steren inert bir seramik \u00fcr\u00fcnd\u00fcr.<\/p>\n<h2>Temel \u00d6zellikler<\/h2>\n<ul class=\"list-paddingleft-2\">\n<li>Standart Raschig halkalar\u0131na k\u0131yasla geli\u015ftirilmi\u015f y\u00fczey alan\u0131 ve mekanik mukavemet<\/li>\n<li>\u00c7o\u011fu inorganik ve organik asit ve solventin (hidroflorik asit hari\u00e7) neden oldu\u011fu korozyona kar\u015f\u0131 m\u00fckemmel diren\u00e7<\/li>\n<li>Y\u00fcksek s\u0131cakl\u0131k kararl\u0131l\u0131\u011f\u0131, 1000\u00b0C'nin \u00fczerinde kullan\u0131ma uygun<\/li>\n<li>Uzun s\u00fcreli performans i\u00e7in inert ve dayan\u0131kl\u0131 malzeme yap\u0131s\u0131<\/li>\n<\/ul>\n<h2>Uygulamalar<\/h2>\n<ul class=\"list-paddingleft-2\">\n<li>Kimya, k\u00f6m\u00fcr gaz\u0131 ve metal\u00fcrji end\u00fcstrilerinde kurutma kolonlar\u0131, absorpsiyon kolonlar\u0131 ve y\u0131kama kuleleri<\/li>\n<li>So\u011futma kuleleri ve oksijen \u00fcretim \u00fcniteleri<\/li>\n<li>Paketleme kulelerinin alt\u0131ndaki destek ortam\u0131<\/li>\n<li>Rejeneratif Termal Oksitleyicilerde (RTO) ve di\u011fer \u0131s\u0131 de\u011fi\u015fim sistemlerinde \u0131s\u0131 transfer ortam\u0131<\/li>\n<\/ul>\n<h2>Teknik Avantajlar<\/h2>\n<ul class=\"list-paddingleft-2\">\n<li>Y\u00fcksek yo\u011funluk y\u00fck alt\u0131nda stabilite sa\u011flar<\/li>\n<li>D\u00fc\u015f\u00fck g\u00f6zeneklilik t\u0131kanma riskini azalt\u0131r<\/li>\n<li>Optimum paketleme verimlili\u011fi i\u00e7in tutarl\u0131 \u015fekil ve boyut da\u011f\u0131l\u0131m\u0131<\/li>\n<\/ul>\n<p>Seramik Mini Lessing Halkalar\u0131, zorlu end\u00fcstriyel ortamlarda \u00e7ok y\u00f6nl\u00fcl\u00fckleri ve performanslar\u0131yla tan\u0131nmaktad\u0131r ve bu da onlar\u0131 bir\u00e7ok sekt\u00f6rde k\u00fctle ve \u0131s\u0131 transferi i\u015flemleri i\u00e7in tercih edilen bir se\u00e7enek haline getirmektedir.<\/p>","protected":false},"excerpt":{"rendered":"<p>Seramik Mini Lessing Halkas\u0131, geleneksel seramik Raschig Halkas\u0131 geli\u015ftirilerek geli\u015ftirilmi\u015f geli\u015fmi\u015f bir kule paketleme malzemesidir. \u00dcst\u00fcn y\u00fczey alan\u0131 ve bas\u0131n\u00e7 dayan\u0131m\u0131n\u0131n yan\u0131 s\u0131ra ola\u011fan\u00fcst\u00fc asit ve \u0131s\u0131 direnci sunar. 1000\u00b0C'yi a\u015fan sinterleme s\u0131cakl\u0131klar\u0131nda 24 saat kalsinasyon yoluyla \u00fcretilen, y\u00fcksek ve d\u00fc\u015f\u00fck s\u0131cakl\u0131klarda g\u00fcvenilir performans g\u00f6steren inert bir seramik \u00fcr\u00fcnd\u00fcr...<\/p>","protected":false},"featured_media":2859,"parent":0,"template":"","meta":{"_acf_changed":false,"_kad_blocks_custom_css":"","_kad_blocks_head_custom_js":"","_kad_blocks_body_custom_js":"","_kad_blocks_footer_custom_js":"","_kadence_starter_templates_imported_post":false,"_kad_post_transparent":"default","_kad_post_title":"","_kad_post_layout":"default","_kad_post_sidebar_id":"","_kad_post_content_style":"default","_kad_post_vertical_padding":"default","_kad_post_feature":"","_kad_post_feature_position":"","_kad_post_header":false,"_kad_post_footer":false},"pcategory":[22,24],"ptag":[],"class_list":["post-2858","product","type-product","status-publish","has-post-thumbnail","hentry","pcategory-random-packing","pcategory-ceramic-random-packing"],"acf":[],"yoast_head":"<!-- This site is optimized with the Yoast SEO plugin v27.4 - https:\/\/yoast.com\/product\/yoast-seo-wordpress\/ -->\n<title>Ceramic Mini Lessing Ring<\/title>\n<meta name=\"robots\" content=\"index, follow, max-snippet:-1, max-image-preview:large, max-video-preview:-1\" \/>\n<link rel=\"canonical\" href=\"https:\/\/cpxzx.com\/tr\/urun\/ceramic-mini-lessing-ring\/\" \/>\n<meta property=\"og:locale\" content=\"tr_TR\" \/>\n<meta property=\"og:type\" content=\"article\" \/>\n<meta property=\"og:title\" content=\"Ceramic Mini Lessing Ring\" \/>\n<meta property=\"og:description\" content=\"Ceramic Mini Lessing Ring is an advanced tower packing material developed by improving upon the traditional ceramic Raschig Ring. It offers superior surface area and compressive strength, along with outstanding acid and heat resistance. Manufactured through 24-hour calcination at sintering temperatures exceeding 1000\u00b0C, it is an inert ceramic product that performs reliably in high- and...\" \/>\n<meta property=\"og:url\" content=\"https:\/\/cpxzx.com\/tr\/urun\/ceramic-mini-lessing-ring\/\" \/>\n<meta property=\"og:site_name\" content=\"Cooling Tower Fill, China PVC Fills Manufacturer\" \/>\n<meta property=\"article:modified_time\" content=\"2025-07-30T10:49:50+00:00\" \/>\n<meta property=\"og:image\" content=\"https:\/\/cpxzx.com\/wp-content\/uploads\/2025\/07\/Ceramic-Mini-Lessing-Ring1.jpg\" \/>\n\t<meta property=\"og:image:width\" content=\"550\" \/>\n\t<meta property=\"og:image:height\" content=\"550\" \/>\n\t<meta property=\"og:image:type\" content=\"image\/jpeg\" \/>\n<meta name=\"twitter:card\" content=\"summary_large_image\" \/>\n<meta name=\"twitter:label1\" content=\"Tahmini okuma s\u00fcresi\" \/>\n\t<meta name=\"twitter:data1\" content=\"2 dakika\" \/>\n<script type=\"application\/ld+json\" class=\"yoast-schema-graph\">{\"@context\":\"https:\\\/\\\/schema.org\",\"@graph\":[{\"@type\":\"WebPage\",\"@id\":\"https:\\\/\\\/cpxzx.com\\\/product\\\/ceramic-mini-lessing-ring\\\/\",\"url\":\"https:\\\/\\\/cpxzx.com\\\/product\\\/ceramic-mini-lessing-ring\\\/\",\"name\":\"Ceramic Mini Lessing Ring\",\"isPartOf\":{\"@id\":\"https:\\\/\\\/cpxzx.com\\\/#website\"},\"primaryImageOfPage\":{\"@id\":\"https:\\\/\\\/cpxzx.com\\\/product\\\/ceramic-mini-lessing-ring\\\/#primaryimage\"},\"image\":{\"@id\":\"https:\\\/\\\/cpxzx.com\\\/product\\\/ceramic-mini-lessing-ring\\\/#primaryimage\"},\"thumbnailUrl\":\"https:\\\/\\\/cpxzx.com\\\/wp-content\\\/uploads\\\/2025\\\/07\\\/Ceramic-Mini-Lessing-Ring1.jpg\",\"datePublished\":\"2025-07-30T10:49:06+00:00\",\"dateModified\":\"2025-07-30T10:49:50+00:00\",\"breadcrumb\":{\"@id\":\"https:\\\/\\\/cpxzx.com\\\/product\\\/ceramic-mini-lessing-ring\\\/#breadcrumb\"},\"inLanguage\":\"tr\",\"potentialAction\":[{\"@type\":\"ReadAction\",\"target\":[\"https:\\\/\\\/cpxzx.com\\\/product\\\/ceramic-mini-lessing-ring\\\/\"]}]},{\"@type\":\"ImageObject\",\"inLanguage\":\"tr\",\"@id\":\"https:\\\/\\\/cpxzx.com\\\/product\\\/ceramic-mini-lessing-ring\\\/#primaryimage\",\"url\":\"https:\\\/\\\/cpxzx.com\\\/wp-content\\\/uploads\\\/2025\\\/07\\\/Ceramic-Mini-Lessing-Ring1.jpg\",\"contentUrl\":\"https:\\\/\\\/cpxzx.com\\\/wp-content\\\/uploads\\\/2025\\\/07\\\/Ceramic-Mini-Lessing-Ring1.jpg\",\"width\":550,\"height\":550},{\"@type\":\"BreadcrumbList\",\"@id\":\"https:\\\/\\\/cpxzx.com\\\/product\\\/ceramic-mini-lessing-ring\\\/#breadcrumb\",\"itemListElement\":[{\"@type\":\"ListItem\",\"position\":1,\"name\":\"Home\",\"item\":\"https:\\\/\\\/cpxzx.com\\\/\"},{\"@type\":\"ListItem\",\"position\":2,\"name\":\"Random Packing\",\"item\":\"https:\\\/\\\/cpxzx.com\\\/pcategory\\\/random-packing\\\/\"},{\"@type\":\"ListItem\",\"position\":3,\"name\":\"Ceramic Mini Lessing Ring\"}]},{\"@type\":\"WebSite\",\"@id\":\"https:\\\/\\\/cpxzx.com\\\/#website\",\"url\":\"https:\\\/\\\/cpxzx.com\\\/\",\"name\":\"Cooling Tower Fill, China PVC Fills Manufacturer\",\"description\":\"\",\"publisher\":{\"@id\":\"https:\\\/\\\/cpxzx.com\\\/#organization\"},\"potentialAction\":[{\"@type\":\"SearchAction\",\"target\":{\"@type\":\"EntryPoint\",\"urlTemplate\":\"https:\\\/\\\/cpxzx.com\\\/?s={search_term_string}\"},\"query-input\":{\"@type\":\"PropertyValueSpecification\",\"valueRequired\":true,\"valueName\":\"search_term_string\"}}],\"inLanguage\":\"tr\"},{\"@type\":\"Organization\",\"@id\":\"https:\\\/\\\/cpxzx.com\\\/#organization\",\"name\":\"Cooling Tower Fill, China PVC Fills Manufacturer\",\"url\":\"https:\\\/\\\/cpxzx.com\\\/\",\"logo\":{\"@type\":\"ImageObject\",\"inLanguage\":\"tr\",\"@id\":\"https:\\\/\\\/cpxzx.com\\\/#\\\/schema\\\/logo\\\/image\\\/\",\"url\":\"https:\\\/\\\/cpxzx.com\\\/wp-content\\\/uploads\\\/2025\\\/07\\\/1751628807-logo.png\",\"contentUrl\":\"https:\\\/\\\/cpxzx.com\\\/wp-content\\\/uploads\\\/2025\\\/07\\\/1751628807-logo.png\",\"width\":383,\"height\":87,\"caption\":\"Cooling Tower Fill, China PVC Fills Manufacturer\"},\"image\":{\"@id\":\"https:\\\/\\\/cpxzx.com\\\/#\\\/schema\\\/logo\\\/image\\\/\"}}]}<\/script>\n<!-- \/ Yoast SEO plugin. -->","yoast_head_json":{"title":"Seramik Mini Lessing Halkas\u0131","robots":{"index":"index","follow":"follow","max-snippet":"max-snippet:-1","max-image-preview":"max-image-preview:large","max-video-preview":"max-video-preview:-1"},"canonical":"https:\/\/cpxzx.com\/tr\/urun\/ceramic-mini-lessing-ring\/","og_locale":"tr_TR","og_type":"article","og_title":"Ceramic Mini Lessing Ring","og_description":"Ceramic Mini Lessing Ring is an advanced tower packing material developed by improving upon the traditional ceramic Raschig Ring. It offers superior surface area and compressive strength, along with outstanding acid and heat resistance. Manufactured through 24-hour calcination at sintering temperatures exceeding 1000\u00b0C, it is an inert ceramic product that performs reliably in high- and...","og_url":"https:\/\/cpxzx.com\/tr\/urun\/ceramic-mini-lessing-ring\/","og_site_name":"Cooling Tower Fill, China PVC Fills Manufacturer","article_modified_time":"2025-07-30T10:49:50+00:00","og_image":[{"width":550,"height":550,"url":"https:\/\/cpxzx.com\/wp-content\/uploads\/2025\/07\/Ceramic-Mini-Lessing-Ring1.jpg","type":"image\/jpeg"}],"twitter_card":"summary_large_image","twitter_misc":{"Tahmini okuma s\u00fcresi":"2 dakika"},"schema":{"@context":"https:\/\/schema.org","@graph":[{"@type":"WebPage","@id":"https:\/\/cpxzx.com\/product\/ceramic-mini-lessing-ring\/","url":"https:\/\/cpxzx.com\/product\/ceramic-mini-lessing-ring\/","name":"Seramik Mini Lessing Halkas\u0131","isPartOf":{"@id":"https:\/\/cpxzx.com\/#website"},"primaryImageOfPage":{"@id":"https:\/\/cpxzx.com\/product\/ceramic-mini-lessing-ring\/#primaryimage"},"image":{"@id":"https:\/\/cpxzx.com\/product\/ceramic-mini-lessing-ring\/#primaryimage"},"thumbnailUrl":"https:\/\/cpxzx.com\/wp-content\/uploads\/2025\/07\/Ceramic-Mini-Lessing-Ring1.jpg","datePublished":"2025-07-30T10:49:06+00:00","dateModified":"2025-07-30T10:49:50+00:00","breadcrumb":{"@id":"https:\/\/cpxzx.com\/product\/ceramic-mini-lessing-ring\/#breadcrumb"},"inLanguage":"tr","potentialAction":[{"@type":"ReadAction","target":["https:\/\/cpxzx.com\/product\/ceramic-mini-lessing-ring\/"]}]},{"@type":"ImageObject","inLanguage":"tr","@id":"https:\/\/cpxzx.com\/product\/ceramic-mini-lessing-ring\/#primaryimage","url":"https:\/\/cpxzx.com\/wp-content\/uploads\/2025\/07\/Ceramic-Mini-Lessing-Ring1.jpg","contentUrl":"https:\/\/cpxzx.com\/wp-content\/uploads\/2025\/07\/Ceramic-Mini-Lessing-Ring1.jpg","width":550,"height":550},{"@type":"BreadcrumbList","@id":"https:\/\/cpxzx.com\/product\/ceramic-mini-lessing-ring\/#breadcrumb","itemListElement":[{"@type":"ListItem","position":1,"name":"Home","item":"https:\/\/cpxzx.com\/"},{"@type":"ListItem","position":2,"name":"Random Packing","item":"https:\/\/cpxzx.com\/pcategory\/random-packing\/"},{"@type":"ListItem","position":3,"name":"Ceramic Mini Lessing Ring"}]},{"@type":"WebSite","@id":"https:\/\/cpxzx.com\/#website","url":"https:\/\/cpxzx.com\/","name":"So\u011futma Kulesi Dolgusu, \u00c7in PVC Dolgular \u00dcretici","description":"","publisher":{"@id":"https:\/\/cpxzx.com\/#organization"},"potentialAction":[{"@type":"SearchAction","target":{"@type":"EntryPoint","urlTemplate":"https:\/\/cpxzx.com\/?s={search_term_string}"},"query-input":{"@type":"PropertyValueSpecification","valueRequired":true,"valueName":"search_term_string"}}],"inLanguage":"tr"},{"@type":"Organization","@id":"https:\/\/cpxzx.com\/#organization","name":"So\u011futma Kulesi Dolgusu, \u00c7in PVC Dolgular \u00dcretici","url":"https:\/\/cpxzx.com\/","logo":{"@type":"ImageObject","inLanguage":"tr","@id":"https:\/\/cpxzx.com\/#\/schema\/logo\/image\/","url":"https:\/\/cpxzx.com\/wp-content\/uploads\/2025\/07\/1751628807-logo.png","contentUrl":"https:\/\/cpxzx.com\/wp-content\/uploads\/2025\/07\/1751628807-logo.png","width":383,"height":87,"caption":"Cooling Tower Fill, China PVC Fills Manufacturer"},"image":{"@id":"https:\/\/cpxzx.com\/#\/schema\/logo\/image\/"}}]}},"taxonomy_info":{"pcategory":[{"value":22,"label":"Random Packing"},{"value":24,"label":"Ceramic Random Packing"}]},"featured_image_src_large":["https:\/\/cpxzx.com\/wp-content\/uploads\/2025\/07\/Ceramic-Mini-Lessing-Ring1.jpg",550,550,false],"author_info":[],"comment_info":"","_links":{"self":[{"href":"https:\/\/cpxzx.com\/tr\/wp-json\/wp\/v2\/product\/2858","targetHints":{"allow":["GET"]}}],"collection":[{"href":"https:\/\/cpxzx.com\/tr\/wp-json\/wp\/v2\/product"}],"about":[{"href":"https:\/\/cpxzx.com\/tr\/wp-json\/wp\/v2\/types\/product"}],"wp:featuredmedia":[{"embeddable":true,"href":"https:\/\/cpxzx.com\/tr\/wp-json\/wp\/v2\/media\/2859"}],"wp:attachment":[{"href":"https:\/\/cpxzx.com\/tr\/wp-json\/wp\/v2\/media?parent=2858"}],"wp:term":[{"taxonomy":"pcategory","embeddable":true,"href":"https:\/\/cpxzx.com\/tr\/wp-json\/wp\/v2\/pcategory?post=2858"},{"taxonomy":"ptag","embeddable":true,"href":"https:\/\/cpxzx.com\/tr\/wp-json\/wp\/v2\/ptag?post=2858"}],"curies":[{"name":"wp","href":"https:\/\/api.w.org\/{rel}","templated":true}]}}