{"id":2850,"date":"2025-07-28T14:19:29","date_gmt":"2025-07-28T14:19:29","guid":{"rendered":"https:\/\/cpxzx.com\/?post_type=product&#038;p=2850"},"modified":"2025-07-30T11:07:08","modified_gmt":"2025-07-30T11:07:08","slug":"ceramic-cascade-mini-ring","status":"publish","type":"product","link":"https:\/\/cpxzx.com\/tr\/urun\/ceramic-cascade-mini-ring\/","title":{"rendered":"Seramik Kaskad Mini Halka 25mm 50mm 76mm"},"content":{"rendered":"<p><strong>Seramik Kaskad Mini Y\u00fcz\u00fck<\/strong> Pall Ring ve Raschig Ring'den geli\u015ftirilen, bas\u0131n\u00e7 d\u00fc\u015f\u00fc\u015f\u00fcn\u00fc azaltmak ve tesis kapasitesini art\u0131rmak i\u00e7in \u00f6zel olarak tasarlanm\u0131\u015f y\u00fcksek verimli bir rastgele paketleme malzemesidir. Benzersiz yap\u0131s\u0131yla seramik kademeli mini halka, \u00e7e\u015fitli end\u00fcstriyel uygulamalarda say\u0131s\u0131z avantaj sunar. Bu \u00fcr\u00fcn, geli\u015fmi\u015f mekanik mukavemeti, iyile\u015ftirilmi\u015f buhar-s\u0131v\u0131 da\u011f\u0131l\u0131m\u0131 ve k\u00fctle aktar\u0131m verimlili\u011findeki \u00f6nemli geli\u015fmelerle bilinir ve bu da onu kimyasal ve end\u00fcstriyel i\u015flemede tercih edilen bir se\u00e7enek haline getirir.<\/p>\n<h2>Seramik Kaskad Mini Y\u00fcz\u00fc\u011f\u00fcn Temel \u00d6zellikleri<\/h2>\n<ul class=\"list-paddingleft-2\">\n<li>Zorlu ko\u015fullarda dayan\u0131kl\u0131l\u0131k i\u00e7in asit ve alkali direnci.<\/li>\n<li>Y\u00fcksek veya d\u00fc\u015f\u00fck s\u0131cakl\u0131kl\u0131 ortamlarda kullan\u0131ma olanak tan\u0131yan m\u00fckemmel \u0131s\u0131 direnci.<\/li>\n<li>Y\u00fcksek \u00f6zg\u00fcl y\u00fczey alan\u0131, geli\u015fmi\u015f k\u00fctle transferine katk\u0131da bulunur.<\/li>\n<li>Farkl\u0131 uygulama ihtiya\u00e7lar\u0131n\u0131 kar\u015f\u0131lamak i\u00e7in \u00e7oklu boyut se\u00e7enekleri ile d\u00fc\u015f\u00fck maliyet.<\/li>\n<li>End\u00fcstriyel ortamlarda dayan\u0131kl\u0131l\u0131\u011f\u0131n\u0131 ve uzun \u00f6m\u00fcrl\u00fcl\u00fc\u011f\u00fcn\u00fc art\u0131ran y\u00fcksek mekanik mukavemet.<\/li>\n<li>Etkili buhar-s\u0131v\u0131 temas\u0131na yard\u0131mc\u0131 olan d\u00fc\u015f\u00fck en-boy oran\u0131.<\/li>\n<\/ul>\n<h2>Teknik \u00d6zellikler<\/h2>\n<p>Seramik Kademeli Mini Halka, her biri \u00e7e\u015fitli uygulamalarda performans\u0131 optimize etmek i\u00e7in tasarlanm\u0131\u015f \u00e7e\u015fitli boyutlarda ve teknik \u00f6zelliklerde gelir. A\u015fa\u011f\u0131da boyutlar, y\u00fczey alan\u0131, bo\u015fluk oran\u0131, y\u0131\u011f\u0131n yo\u011funlu\u011fu ve di\u011fer temel parametreler hakk\u0131nda ayr\u0131nt\u0131l\u0131 bilgi veren bir tablo bulunmaktad\u0131r:<\/p>\n<table>\n<tbody>\n<tr>\n<th>Tip<\/th>\n<th>Boyut<br \/>\n(mm)<\/th>\n<th>Spesifik Y\u00fczey<br \/>\n(m2\/m3)<\/th>\n<th>Ge\u00e7ersiz<br \/>\n(%)<\/th>\n<th>Y\u0131\u011f\u0131n Yo\u011funlu\u011fu<br \/>\n(kg\/m3)<\/th>\n<th>Say\u0131<br \/>\n(N\/m3)<\/th>\n<th>Kuru Paketleme Fakt\u00f6r\u00fc<br \/>\n(m-1)<\/th>\n<\/tr>\n<tr>\n<td>\u03c625<\/td>\n<td>25*17.5*3<\/td>\n<td>250<\/td>\n<td>69<\/td>\n<td>624<\/td>\n<td>74000<\/td>\n<td>245<\/td>\n<\/tr>\n<tr>\n<td>\u03c630<\/td>\n<td>30*21*3<\/td>\n<td>230<\/td>\n<td>72<\/td>\n<td>650<\/td>\n<td>46200<\/td>\n<td>225<\/td>\n<\/tr>\n<tr>\n<td>\u03c640<\/td>\n<td>40*28*4<\/td>\n<td>185<\/td>\n<td>81<\/td>\n<td>650<\/td>\n<td>32500<\/td>\n<td>126<\/td>\n<\/tr>\n<tr>\n<td>\u03c650<\/td>\n<td>50*30*5<\/td>\n<td>149.6<\/td>\n<td>78<\/td>\n<td>580<\/td>\n<td>8980<\/td>\n<td>120<\/td>\n<\/tr>\n<tr>\n<td>\u03c676<\/td>\n<td>76*46*9<\/td>\n<td>75<\/td>\n<td>78<\/td>\n<td>530<\/td>\n<td>2500<\/td>\n<td>158<\/td>\n<\/tr>\n<\/tbody>\n<\/table>\n<h2>Seramik Kademeli Mini Halkan\u0131n Avantajlar\u0131<\/h2>\n<p>Seramik Kademeli Mini Halka, ola\u011fan\u00fcst\u00fc asit ve \u0131s\u0131 direnci \u00f6zellikleri nedeniyle \u00f6ne \u00e7\u0131kmaktad\u0131r. Hidroflorik asit hari\u00e7 olmak \u00fczere \u00e7e\u015fitli inorganik asitlerin, organik asitlerin ve organik \u00e7\u00f6z\u00fcc\u00fclerin korozyonuna dayanabilir. Ayr\u0131ca, hem y\u00fcksek hem de d\u00fc\u015f\u00fck s\u0131cakl\u0131klarda kullan\u0131labilir, bu da onu geni\u015f bir uygulama yelpazesi i\u00e7in uygun hale getirir. Benzersiz tasar\u0131m\u0131, k\u00fctle transfer verimlili\u011finde \u00f6nemli bir fakt\u00f6r olan geli\u015fmi\u015f buhar-s\u0131v\u0131 etkile\u015fimine olanak tan\u0131r. Buhar ve s\u0131v\u0131 aras\u0131ndaki aray\u00fcz\u00fc art\u0131rarak kurutma, absorpsiyon ve so\u011futma i\u015flemleri de dahil olmak \u00fczere end\u00fcstriyel proseslerin genel etkinli\u011fini art\u0131rmaya yard\u0131mc\u0131 olur.<\/p>\n<h2>Seramik Kademeli Mini Halka Uygulamalar\u0131<\/h2>\n<p>Seramik Kademeli Mini Halka \u00e7ok y\u00f6nl\u00fcd\u00fcr ve bir\u00e7ok end\u00fcstride yayg\u0131n olarak kullan\u0131lmaktad\u0131r. D\u00fc\u015f\u00fck y\u00fcksekli\u011fi, ince et kal\u0131nl\u0131\u011f\u0131 ve d\u00fc\u015f\u00fck bas\u0131n\u00e7 d\u00fc\u015f\u00fc\u015f\u00fc nedeniyle, \u00f6zellikle kurutma ve emici kolonlarda kullan\u0131m i\u00e7in faydal\u0131d\u0131r. Ayr\u0131ca so\u011futma kulelerinde, y\u0131kay\u0131c\u0131larda ve asit geri kazan\u0131m\u0131, k\u00fck\u00fcrt giderme ve di\u011fer \u00e7e\u015fitli end\u00fcstriyel prosesler i\u00e7in kullan\u0131lan kulelerde de yayg\u0131n olarak kullan\u0131l\u0131r. Seramik kademeli mini halkalar\u0131 kullanan ba\u015fl\u0131ca end\u00fcstrilerden baz\u0131lar\u0131 \u015funlard\u0131r:<\/p>\n<ul class=\"list-paddingleft-2\">\n<li>Metalurji<\/li>\n<li>Kimyasallar<\/li>\n<li>G\u00fcbre \u00fcretimi<\/li>\n<li>\u0130la\u00e7 end\u00fcstrisi<\/li>\n<li>Gaz ve oksijen \u00fcretimi<\/li>\n<li>S\u00fclf\u00fcrik asit \u00fcretimi<\/li>\n<li>So\u011futma ve geri kazan\u0131m kuleleri<\/li>\n<\/ul>\n<h2>Paketleme<\/h2>\n<p><img loading=\"lazy\" decoding=\"async\" class=\"alignnone wp-image-2856 size-full\" src=\"https:\/\/cpxzx.com\/wp-content\/uploads\/2025\/07\/Package.jpg\" alt=\"\" width=\"934\" height=\"350\" srcset=\"https:\/\/cpxzx.com\/wp-content\/uploads\/2025\/07\/Package.jpg 934w, https:\/\/cpxzx.com\/wp-content\/uploads\/2025\/07\/Package-300x112.jpg 300w, https:\/\/cpxzx.com\/wp-content\/uploads\/2025\/07\/Package-768x288.jpg 768w, https:\/\/cpxzx.com\/wp-content\/uploads\/2025\/07\/Package-18x7.jpg 18w\" sizes=\"auto, (max-width: 934px) 100vw, 934px\" \/><\/p>\n<p>Seramik Kademeli Mini Halka, end\u00fcstriyel uygulamalarda hemen kullan\u0131lmak \u00fczere en iyi durumda ula\u015fmas\u0131n\u0131 sa\u011flamak i\u00e7in \u00f6zenle paketlenmi\u015ftir. Nakliye s\u0131ras\u0131nda hasar riskini en aza indirmek i\u00e7in her bir \u00fcnite profesyonelce paketlenir ve korunur. Farkl\u0131 sipari\u015f boyutlar\u0131n\u0131 kar\u015f\u0131lamak i\u00e7in \u00e7e\u015fitli paketleme se\u00e7enekleri sunarak tesisinize g\u00fcvenli ve emniyetli bir \u015fekilde teslim edilmesini sa\u011fl\u0131yoruz.<\/p>","protected":false},"excerpt":{"rendered":"<p>Seramik Kademeli Mini Halka, k\u00fctle transferini optimize etmek, tesis kapasitesini art\u0131rmak ve bas\u0131n\u00e7 d\u00fc\u015f\u00fc\u015flerini azaltmak isteyen end\u00fcstriler i\u00e7in vazge\u00e7ilmez bir ara\u00e7t\u0131r. Asit ve alkali direnci, \u0131s\u0131 direnci ve \u00fcst\u00fcn mekanik mukavemeti ile \u00e7e\u015fitli zorlu end\u00fcstriyel uygulamalar i\u00e7in idealdir. \u0130ster metal\u00fcrji, kimya, ila\u00e7 ister y\u00fcksek performansl\u0131 ambalaj malzemeleri gerektiren ba\u015fka bir sekt\u00f6rde faaliyet g\u00f6steriyor olun, seramik kademeli mini halka operasyonlar\u0131n\u0131zda verimlili\u011fi ve g\u00fcvenilirli\u011fi art\u0131rmak i\u00e7in m\u00fckemmel bir \u00e7\u00f6z\u00fcmd\u00fcr.<\/p>","protected":false},"featured_media":2853,"parent":0,"template":"","meta":{"_acf_changed":false,"_kad_blocks_custom_css":"","_kad_blocks_head_custom_js":"","_kad_blocks_body_custom_js":"","_kad_blocks_footer_custom_js":"","_kadence_starter_templates_imported_post":false,"_kad_post_transparent":"default","_kad_post_title":"","_kad_post_layout":"default","_kad_post_sidebar_id":"","_kad_post_content_style":"default","_kad_post_vertical_padding":"default","_kad_post_feature":"","_kad_post_feature_position":"","_kad_post_header":false,"_kad_post_footer":false},"pcategory":[22,24],"ptag":[],"class_list":["post-2850","product","type-product","status-publish","has-post-thumbnail","hentry","pcategory-random-packing","pcategory-ceramic-random-packing"],"acf":[],"yoast_head":"<!-- This site is optimized with the Yoast SEO plugin v27.4 - https:\/\/yoast.com\/product\/yoast-seo-wordpress\/ -->\n<title>Ceramic Cascade Mini Ring 25mm 50mm 76mm<\/title>\n<meta name=\"robots\" content=\"index, follow, max-snippet:-1, max-image-preview:large, max-video-preview:-1\" \/>\n<link rel=\"canonical\" href=\"https:\/\/cpxzx.com\/tr\/urun\/ceramic-cascade-mini-ring\/\" \/>\n<meta property=\"og:locale\" content=\"tr_TR\" \/>\n<meta property=\"og:type\" content=\"article\" \/>\n<meta property=\"og:title\" content=\"Ceramic Cascade Mini Ring 25mm 50mm 76mm\" \/>\n<meta property=\"og:description\" content=\"the Ceramic Cascade Mini Ring is an indispensable tool for industries looking to optimize mass transfer, improve plant capacity, and reduce pressure drops. With its acid and alkali resistance, heat resistance, and superior mechanical strength, it is ideal for a variety of demanding industrial applications. Whether you&#039;re involved in metallurgy, chemicals, pharmaceuticals, or any other industry requiring high-performance packing materials, the ceramic cascade mini ring is the perfect solution for improving efficiency and reliability in your operations.\" \/>\n<meta property=\"og:url\" content=\"https:\/\/cpxzx.com\/tr\/urun\/ceramic-cascade-mini-ring\/\" \/>\n<meta property=\"og:site_name\" content=\"Cooling Tower Fill, China PVC Fills Manufacturer\" \/>\n<meta property=\"article:modified_time\" content=\"2025-07-30T11:07:08+00:00\" \/>\n<meta property=\"og:image\" content=\"https:\/\/cpxzx.com\/wp-content\/uploads\/2025\/07\/Ceramic-cascade-mini-ring3.jpg\" \/>\n\t<meta property=\"og:image:width\" content=\"550\" \/>\n\t<meta property=\"og:image:height\" content=\"550\" \/>\n\t<meta property=\"og:image:type\" content=\"image\/jpeg\" \/>\n<meta name=\"twitter:card\" content=\"summary_large_image\" \/>\n<meta name=\"twitter:label1\" content=\"Tahmini okuma s\u00fcresi\" \/>\n\t<meta name=\"twitter:data1\" content=\"3 dakika\" \/>\n<script type=\"application\/ld+json\" class=\"yoast-schema-graph\">{\"@context\":\"https:\\\/\\\/schema.org\",\"@graph\":[{\"@type\":\"WebPage\",\"@id\":\"https:\\\/\\\/cpxzx.com\\\/product\\\/ceramic-cascade-mini-ring\\\/\",\"url\":\"https:\\\/\\\/cpxzx.com\\\/product\\\/ceramic-cascade-mini-ring\\\/\",\"name\":\"Ceramic Cascade Mini Ring 25mm 50mm 76mm\",\"isPartOf\":{\"@id\":\"https:\\\/\\\/cpxzx.com\\\/#website\"},\"primaryImageOfPage\":{\"@id\":\"https:\\\/\\\/cpxzx.com\\\/product\\\/ceramic-cascade-mini-ring\\\/#primaryimage\"},\"image\":{\"@id\":\"https:\\\/\\\/cpxzx.com\\\/product\\\/ceramic-cascade-mini-ring\\\/#primaryimage\"},\"thumbnailUrl\":\"https:\\\/\\\/cpxzx.com\\\/wp-content\\\/uploads\\\/2025\\\/07\\\/Ceramic-cascade-mini-ring3.jpg\",\"datePublished\":\"2025-07-28T14:19:29+00:00\",\"dateModified\":\"2025-07-30T11:07:08+00:00\",\"breadcrumb\":{\"@id\":\"https:\\\/\\\/cpxzx.com\\\/product\\\/ceramic-cascade-mini-ring\\\/#breadcrumb\"},\"inLanguage\":\"tr\",\"potentialAction\":[{\"@type\":\"ReadAction\",\"target\":[\"https:\\\/\\\/cpxzx.com\\\/product\\\/ceramic-cascade-mini-ring\\\/\"]}]},{\"@type\":\"ImageObject\",\"inLanguage\":\"tr\",\"@id\":\"https:\\\/\\\/cpxzx.com\\\/product\\\/ceramic-cascade-mini-ring\\\/#primaryimage\",\"url\":\"https:\\\/\\\/cpxzx.com\\\/wp-content\\\/uploads\\\/2025\\\/07\\\/Ceramic-cascade-mini-ring3.jpg\",\"contentUrl\":\"https:\\\/\\\/cpxzx.com\\\/wp-content\\\/uploads\\\/2025\\\/07\\\/Ceramic-cascade-mini-ring3.jpg\",\"width\":550,\"height\":550},{\"@type\":\"BreadcrumbList\",\"@id\":\"https:\\\/\\\/cpxzx.com\\\/product\\\/ceramic-cascade-mini-ring\\\/#breadcrumb\",\"itemListElement\":[{\"@type\":\"ListItem\",\"position\":1,\"name\":\"Home\",\"item\":\"https:\\\/\\\/cpxzx.com\\\/\"},{\"@type\":\"ListItem\",\"position\":2,\"name\":\"Random Packing\",\"item\":\"https:\\\/\\\/cpxzx.com\\\/pcategory\\\/random-packing\\\/\"},{\"@type\":\"ListItem\",\"position\":3,\"name\":\"Ceramic Random Packing\",\"item\":\"https:\\\/\\\/cpxzx.com\\\/pcategory\\\/random-packing\\\/ceramic-random-packing\\\/\"},{\"@type\":\"ListItem\",\"position\":4,\"name\":\"Ceramic Cascade Mini Ring 25mm 50mm 76mm\"}]},{\"@type\":\"WebSite\",\"@id\":\"https:\\\/\\\/cpxzx.com\\\/#website\",\"url\":\"https:\\\/\\\/cpxzx.com\\\/\",\"name\":\"Cooling Tower Fill, China PVC Fills Manufacturer\",\"description\":\"\",\"publisher\":{\"@id\":\"https:\\\/\\\/cpxzx.com\\\/#organization\"},\"potentialAction\":[{\"@type\":\"SearchAction\",\"target\":{\"@type\":\"EntryPoint\",\"urlTemplate\":\"https:\\\/\\\/cpxzx.com\\\/?s={search_term_string}\"},\"query-input\":{\"@type\":\"PropertyValueSpecification\",\"valueRequired\":true,\"valueName\":\"search_term_string\"}}],\"inLanguage\":\"tr\"},{\"@type\":\"Organization\",\"@id\":\"https:\\\/\\\/cpxzx.com\\\/#organization\",\"name\":\"Cooling Tower Fill, China PVC Fills Manufacturer\",\"url\":\"https:\\\/\\\/cpxzx.com\\\/\",\"logo\":{\"@type\":\"ImageObject\",\"inLanguage\":\"tr\",\"@id\":\"https:\\\/\\\/cpxzx.com\\\/#\\\/schema\\\/logo\\\/image\\\/\",\"url\":\"https:\\\/\\\/cpxzx.com\\\/wp-content\\\/uploads\\\/2025\\\/07\\\/1751628807-logo.png\",\"contentUrl\":\"https:\\\/\\\/cpxzx.com\\\/wp-content\\\/uploads\\\/2025\\\/07\\\/1751628807-logo.png\",\"width\":383,\"height\":87,\"caption\":\"Cooling Tower Fill, China PVC Fills Manufacturer\"},\"image\":{\"@id\":\"https:\\\/\\\/cpxzx.com\\\/#\\\/schema\\\/logo\\\/image\\\/\"}}]}<\/script>\n<!-- \/ Yoast SEO plugin. -->","yoast_head_json":{"title":"Seramik Kaskad Mini Halka 25mm 50mm 76mm","robots":{"index":"index","follow":"follow","max-snippet":"max-snippet:-1","max-image-preview":"max-image-preview:large","max-video-preview":"max-video-preview:-1"},"canonical":"https:\/\/cpxzx.com\/tr\/urun\/ceramic-cascade-mini-ring\/","og_locale":"tr_TR","og_type":"article","og_title":"Ceramic Cascade Mini Ring 25mm 50mm 76mm","og_description":"the Ceramic Cascade Mini Ring is an indispensable tool for industries looking to optimize mass transfer, improve plant capacity, and reduce pressure drops. With its acid and alkali resistance, heat resistance, and superior mechanical strength, it is ideal for a variety of demanding industrial applications. Whether you're involved in metallurgy, chemicals, pharmaceuticals, or any other industry requiring high-performance packing materials, the ceramic cascade mini ring is the perfect solution for improving efficiency and reliability in your operations.","og_url":"https:\/\/cpxzx.com\/tr\/urun\/ceramic-cascade-mini-ring\/","og_site_name":"Cooling Tower Fill, China PVC Fills Manufacturer","article_modified_time":"2025-07-30T11:07:08+00:00","og_image":[{"width":550,"height":550,"url":"https:\/\/cpxzx.com\/wp-content\/uploads\/2025\/07\/Ceramic-cascade-mini-ring3.jpg","type":"image\/jpeg"}],"twitter_card":"summary_large_image","twitter_misc":{"Tahmini okuma s\u00fcresi":"3 dakika"},"schema":{"@context":"https:\/\/schema.org","@graph":[{"@type":"WebPage","@id":"https:\/\/cpxzx.com\/product\/ceramic-cascade-mini-ring\/","url":"https:\/\/cpxzx.com\/product\/ceramic-cascade-mini-ring\/","name":"Seramik Kaskad Mini Halka 25mm 50mm 76mm","isPartOf":{"@id":"https:\/\/cpxzx.com\/#website"},"primaryImageOfPage":{"@id":"https:\/\/cpxzx.com\/product\/ceramic-cascade-mini-ring\/#primaryimage"},"image":{"@id":"https:\/\/cpxzx.com\/product\/ceramic-cascade-mini-ring\/#primaryimage"},"thumbnailUrl":"https:\/\/cpxzx.com\/wp-content\/uploads\/2025\/07\/Ceramic-cascade-mini-ring3.jpg","datePublished":"2025-07-28T14:19:29+00:00","dateModified":"2025-07-30T11:07:08+00:00","breadcrumb":{"@id":"https:\/\/cpxzx.com\/product\/ceramic-cascade-mini-ring\/#breadcrumb"},"inLanguage":"tr","potentialAction":[{"@type":"ReadAction","target":["https:\/\/cpxzx.com\/product\/ceramic-cascade-mini-ring\/"]}]},{"@type":"ImageObject","inLanguage":"tr","@id":"https:\/\/cpxzx.com\/product\/ceramic-cascade-mini-ring\/#primaryimage","url":"https:\/\/cpxzx.com\/wp-content\/uploads\/2025\/07\/Ceramic-cascade-mini-ring3.jpg","contentUrl":"https:\/\/cpxzx.com\/wp-content\/uploads\/2025\/07\/Ceramic-cascade-mini-ring3.jpg","width":550,"height":550},{"@type":"BreadcrumbList","@id":"https:\/\/cpxzx.com\/product\/ceramic-cascade-mini-ring\/#breadcrumb","itemListElement":[{"@type":"ListItem","position":1,"name":"Home","item":"https:\/\/cpxzx.com\/"},{"@type":"ListItem","position":2,"name":"Random Packing","item":"https:\/\/cpxzx.com\/pcategory\/random-packing\/"},{"@type":"ListItem","position":3,"name":"Ceramic Random Packing","item":"https:\/\/cpxzx.com\/pcategory\/random-packing\/ceramic-random-packing\/"},{"@type":"ListItem","position":4,"name":"Ceramic Cascade Mini Ring 25mm 50mm 76mm"}]},{"@type":"WebSite","@id":"https:\/\/cpxzx.com\/#website","url":"https:\/\/cpxzx.com\/","name":"So\u011futma Kulesi Dolgusu, \u00c7in PVC Dolgular \u00dcretici","description":"","publisher":{"@id":"https:\/\/cpxzx.com\/#organization"},"potentialAction":[{"@type":"SearchAction","target":{"@type":"EntryPoint","urlTemplate":"https:\/\/cpxzx.com\/?s={search_term_string}"},"query-input":{"@type":"PropertyValueSpecification","valueRequired":true,"valueName":"search_term_string"}}],"inLanguage":"tr"},{"@type":"Organization","@id":"https:\/\/cpxzx.com\/#organization","name":"So\u011futma Kulesi Dolgusu, \u00c7in PVC Dolgular \u00dcretici","url":"https:\/\/cpxzx.com\/","logo":{"@type":"ImageObject","inLanguage":"tr","@id":"https:\/\/cpxzx.com\/#\/schema\/logo\/image\/","url":"https:\/\/cpxzx.com\/wp-content\/uploads\/2025\/07\/1751628807-logo.png","contentUrl":"https:\/\/cpxzx.com\/wp-content\/uploads\/2025\/07\/1751628807-logo.png","width":383,"height":87,"caption":"Cooling Tower Fill, China PVC Fills Manufacturer"},"image":{"@id":"https:\/\/cpxzx.com\/#\/schema\/logo\/image\/"}}]}},"taxonomy_info":{"pcategory":[{"value":22,"label":"Random Packing"},{"value":24,"label":"Ceramic Random Packing"}]},"featured_image_src_large":["https:\/\/cpxzx.com\/wp-content\/uploads\/2025\/07\/Ceramic-cascade-mini-ring3.jpg",550,550,false],"author_info":[],"comment_info":"","_links":{"self":[{"href":"https:\/\/cpxzx.com\/tr\/wp-json\/wp\/v2\/product\/2850","targetHints":{"allow":["GET"]}}],"collection":[{"href":"https:\/\/cpxzx.com\/tr\/wp-json\/wp\/v2\/product"}],"about":[{"href":"https:\/\/cpxzx.com\/tr\/wp-json\/wp\/v2\/types\/product"}],"wp:featuredmedia":[{"embeddable":true,"href":"https:\/\/cpxzx.com\/tr\/wp-json\/wp\/v2\/media\/2853"}],"wp:attachment":[{"href":"https:\/\/cpxzx.com\/tr\/wp-json\/wp\/v2\/media?parent=2850"}],"wp:term":[{"taxonomy":"pcategory","embeddable":true,"href":"https:\/\/cpxzx.com\/tr\/wp-json\/wp\/v2\/pcategory?post=2850"},{"taxonomy":"ptag","embeddable":true,"href":"https:\/\/cpxzx.com\/tr\/wp-json\/wp\/v2\/ptag?post=2850"}],"curies":[{"name":"wp","href":"https:\/\/api.w.org\/{rel}","templated":true}]}}