{"id":2843,"date":"2025-07-26T07:55:25","date_gmt":"2025-07-26T07:55:25","guid":{"rendered":"https:\/\/cpxzx.com\/?post_type=product&#038;p=2843"},"modified":"2025-07-30T11:05:37","modified_gmt":"2025-07-30T11:05:37","slug":"serami%cc%87k-berl-sele","status":"publish","type":"product","link":"https:\/\/cpxzx.com\/tr\/urun\/serami%cc%87k-berl-sele\/","title":{"rendered":"Seramik Berl Seleler10mm 15mm 25mm 38mm 50mm"},"content":{"rendered":"<p>Bu <strong>Seramik Berl Eyer<\/strong> en eski eyer \u015fekilli salmastra tiplerinden biridir. Kule i\u00e7inde istiflendiklerinde, direnci azalt\u0131rken homojen gaz-s\u0131v\u0131 ak\u0131\u015f\u0131n\u0131 destekleyen bir yay hava yolu zinciri yap\u0131s\u0131 olu\u015ftururlar.<br \/>\nAsitlere (hidroflorik asit hari\u00e7) ve \u0131s\u0131ya kar\u015f\u0131 m\u00fckemmel diren\u00e7 g\u00f6steren seramik Berl Saddles, \u00e7e\u015fitli inorganik ve organik asitler ve solventlerden kaynaklanan korozyona dayanabilir. Kimyasallar, metal\u00fcrji, k\u00f6m\u00fcr gaz\u0131 ve oksijen \u00fcretimi gibi sekt\u00f6rlerde kuru kuleler, emici kuleler, so\u011futma kuleleri, y\u0131kama kuleleri ve aktivat\u00f6r kulelerinde yayg\u0131n olarak kullan\u0131l\u0131rlar.<\/p>\n<h2>\u00d6zellik:<\/h2>\n<p>Asitlere, alkalilere kar\u015f\u0131 m\u00fckemmel diren\u00e7<br \/>\nM\u00fckemmel \u0131s\u0131 direnci<br \/>\nY\u00fcksek spesifik y\u00fczey alan\u0131 ve d\u00fc\u015f\u00fck maliyet<br \/>\nY\u00fcksek mekanik dayan\u0131m<br \/>\nEnerji tasarrufu, d\u00fc\u015f\u00fck i\u015fletme maliyeti ve kolay y\u00fckleme ve bo\u015faltma<\/p>\n<h2>\u00d6zellikler:<\/h2>\n<table border=\"1\">\n<thead>\n<tr>\n<th>Boyut<\/th>\n<th>Y\u00fczey Alan\u0131<br \/>\n(m2\/m3)<\/th>\n<th>Bo\u015fluk Kesri<br \/>\n(%)<\/th>\n<th>Toplu Numara<br \/>\n(n\/m3)<\/th>\n<th>Y\u0131\u011f\u0131n Yo\u011funlu\u011fu<br \/>\n(Kg\/m3)<\/th>\n<\/tr>\n<\/thead>\n<tbody>\n<tr>\n<td>19 mm (3\/4 \u0130n\u00e7)<\/td>\n<td>225<\/td>\n<td>58<\/td>\n<td>83950<\/td>\n<td>725<\/td>\n<\/tr>\n<tr>\n<td>25 mm (1 \u0130n\u00e7)<\/td>\n<td>206<\/td>\n<td>61<\/td>\n<td>43250<\/td>\n<td>640<\/td>\n<\/tr>\n<tr>\n<td>38 mm (1,5 \u0130n\u00e7)<\/td>\n<td>110<\/td>\n<td>72<\/td>\n<td>12775<\/td>\n<td>617<\/td>\n<\/tr>\n<tr>\n<td>50 mm (2 \u0130n\u00e7)<\/td>\n<td>95<\/td>\n<td>72<\/td>\n<td>7900<\/td>\n<td>650<\/td>\n<\/tr>\n<\/tbody>\n<\/table>\n<p>* Daha fazla \u00fcr\u00fcn \u00f6zelle\u015ftirilebilir<br \/>\n<img loading=\"lazy\" decoding=\"async\" class=\"alignnone size-medium wp-image-2844\" src=\"https:\/\/cpxzx.com\/wp-content\/uploads\/2025\/07\/Ceramic-Berl-Saddles-300x161.jpg\" alt=\"\" width=\"300\" height=\"161\" srcset=\"https:\/\/cpxzx.com\/wp-content\/uploads\/2025\/07\/Ceramic-Berl-Saddles-300x161.jpg 300w, https:\/\/cpxzx.com\/wp-content\/uploads\/2025\/07\/Ceramic-Berl-Saddles-768x413.jpg 768w, https:\/\/cpxzx.com\/wp-content\/uploads\/2025\/07\/Ceramic-Berl-Saddles-18x10.jpg 18w, https:\/\/cpxzx.com\/wp-content\/uploads\/2025\/07\/Ceramic-Berl-Saddles.jpg 1022w\" sizes=\"auto, (max-width: 300px) 100vw, 300px\" \/><\/p>\n<h2>Uygulama<\/h2>\n<p>Seramik Berl eyer halkas\u0131 kule i\u00e7inde birbirine kenetlenir ve ark hava kanal\u0131 olu\u015fturur. Ayr\u0131ca, m\u00fckemmel kimyasal diren\u00e7 ve s\u0131cakl\u0131k direnci ile kurutma kulesi, absorpsiyon kulesi, so\u011futma kulesi, y\u0131kama kulesi, kimya end\u00fcstrisi, metalurji end\u00fcstrisi, k\u00f6m\u00fcr ve do\u011fal gaz end\u00fcstrisi, end\u00fcstriyel oksijen \u00fcretim end\u00fcstrisinde kullan\u0131labilir, <em>vb.<\/em>.<\/p>\n<p><img loading=\"lazy\" decoding=\"async\" class=\"alignnone size-medium wp-image-2847\" src=\"https:\/\/cpxzx.com\/wp-content\/uploads\/2025\/07\/19mm-25mm-38mm-50mm-300x103.jpg\" alt=\"\" width=\"300\" height=\"103\" srcset=\"https:\/\/cpxzx.com\/wp-content\/uploads\/2025\/07\/19mm-25mm-38mm-50mm-300x103.jpg 300w, https:\/\/cpxzx.com\/wp-content\/uploads\/2025\/07\/19mm-25mm-38mm-50mm-18x6.jpg 18w, https:\/\/cpxzx.com\/wp-content\/uploads\/2025\/07\/19mm-25mm-38mm-50mm.jpg 558w\" sizes=\"auto, (max-width: 300px) 100vw, 300px\" \/><\/p>","protected":false},"excerpt":{"rendered":"<p>Seramik Berl sele, seramik ark selesinin geli\u015ftirilmi\u015f bir versiyonudur ve halka salmastraya k\u0131yasla daha iyi s\u0131v\u0131 da\u011f\u0131l\u0131m\u0131, daha d\u00fc\u015f\u00fck diren\u00e7 ve kulenin i\u00e7 duvar\u0131nda daha az bas\u0131n\u00e7 sunar. Asitlere (hidroflorik asit hari\u00e7) ve solventlere ve ayr\u0131ca a\u015f\u0131r\u0131 s\u0131cakl\u0131klara kar\u015f\u0131 olduk\u00e7a dayan\u0131kl\u0131d\u0131r, bu da onu \u00e7e\u015fitli uygulamalar i\u00e7in uygun hale getirir.<\/p>","protected":false},"featured_media":2845,"parent":0,"template":"","meta":{"_acf_changed":false,"_kad_blocks_custom_css":"","_kad_blocks_head_custom_js":"","_kad_blocks_body_custom_js":"","_kad_blocks_footer_custom_js":"","_kadence_starter_templates_imported_post":false,"_kad_post_transparent":"default","_kad_post_title":"","_kad_post_layout":"default","_kad_post_sidebar_id":"","_kad_post_content_style":"default","_kad_post_vertical_padding":"default","_kad_post_feature":"","_kad_post_feature_position":"","_kad_post_header":false,"_kad_post_footer":false},"pcategory":[22,24],"ptag":[],"class_list":["post-2843","product","type-product","status-publish","has-post-thumbnail","hentry","pcategory-random-packing","pcategory-ceramic-random-packing"],"acf":[],"yoast_head":"<!-- This site is optimized with the Yoast SEO plugin v27.4 - https:\/\/yoast.com\/product\/yoast-seo-wordpress\/ -->\n<title>Ceramic Berl Saddles10mm 15mm 25mm 38mm 50mm<\/title>\n<meta name=\"robots\" content=\"index, follow, max-snippet:-1, max-image-preview:large, max-video-preview:-1\" \/>\n<link rel=\"canonical\" href=\"https:\/\/cpxzx.com\/tr\/urun\/serami\u0307k-berl-sele\/\" \/>\n<meta property=\"og:locale\" content=\"tr_TR\" \/>\n<meta property=\"og:type\" content=\"article\" \/>\n<meta property=\"og:title\" content=\"Ceramic Berl Saddles10mm 15mm 25mm 38mm 50mm\" \/>\n<meta property=\"og:description\" content=\"The ceramic Berl saddle is an upgraded version of the ceramic arc saddle, offering improved fluid distribution, lower resistance, and reduced pressure on the tower\u2019s inner wall compared to ring packing. It is highly resistant to acids (excluding hydrofluoric acid) and solvents, as well as extreme temperatures, making it suitable for various applications.\" \/>\n<meta property=\"og:url\" content=\"https:\/\/cpxzx.com\/tr\/urun\/serami\u0307k-berl-sele\/\" \/>\n<meta property=\"og:site_name\" content=\"Cooling Tower Fill, China PVC Fills Manufacturer\" \/>\n<meta property=\"article:modified_time\" content=\"2025-07-30T11:05:37+00:00\" \/>\n<meta property=\"og:image\" content=\"https:\/\/cpxzx.com\/wp-content\/uploads\/2025\/07\/10mm-15mm-25mm-38mm-50mm-Ceramic-Berl-Saddles.jpg\" \/>\n\t<meta property=\"og:image:width\" content=\"550\" \/>\n\t<meta property=\"og:image:height\" content=\"550\" \/>\n\t<meta property=\"og:image:type\" content=\"image\/jpeg\" \/>\n<meta name=\"twitter:card\" content=\"summary_large_image\" \/>\n<meta name=\"twitter:label1\" content=\"Tahmini okuma s\u00fcresi\" \/>\n\t<meta name=\"twitter:data1\" content=\"2 dakika\" \/>\n<script type=\"application\/ld+json\" class=\"yoast-schema-graph\">{\"@context\":\"https:\\\/\\\/schema.org\",\"@graph\":[{\"@type\":\"WebPage\",\"@id\":\"https:\\\/\\\/cpxzx.com\\\/product\\\/ceramic-berl-saddle\\\/\",\"url\":\"https:\\\/\\\/cpxzx.com\\\/product\\\/ceramic-berl-saddle\\\/\",\"name\":\"Ceramic Berl Saddles10mm 15mm 25mm 38mm 50mm\",\"isPartOf\":{\"@id\":\"https:\\\/\\\/cpxzx.com\\\/#website\"},\"primaryImageOfPage\":{\"@id\":\"https:\\\/\\\/cpxzx.com\\\/product\\\/ceramic-berl-saddle\\\/#primaryimage\"},\"image\":{\"@id\":\"https:\\\/\\\/cpxzx.com\\\/product\\\/ceramic-berl-saddle\\\/#primaryimage\"},\"thumbnailUrl\":\"https:\\\/\\\/cpxzx.com\\\/wp-content\\\/uploads\\\/2025\\\/07\\\/10mm-15mm-25mm-38mm-50mm-Ceramic-Berl-Saddles.jpg\",\"datePublished\":\"2025-07-26T07:55:25+00:00\",\"dateModified\":\"2025-07-30T11:05:37+00:00\",\"breadcrumb\":{\"@id\":\"https:\\\/\\\/cpxzx.com\\\/product\\\/ceramic-berl-saddle\\\/#breadcrumb\"},\"inLanguage\":\"tr\",\"potentialAction\":[{\"@type\":\"ReadAction\",\"target\":[\"https:\\\/\\\/cpxzx.com\\\/product\\\/ceramic-berl-saddle\\\/\"]}]},{\"@type\":\"ImageObject\",\"inLanguage\":\"tr\",\"@id\":\"https:\\\/\\\/cpxzx.com\\\/product\\\/ceramic-berl-saddle\\\/#primaryimage\",\"url\":\"https:\\\/\\\/cpxzx.com\\\/wp-content\\\/uploads\\\/2025\\\/07\\\/10mm-15mm-25mm-38mm-50mm-Ceramic-Berl-Saddles.jpg\",\"contentUrl\":\"https:\\\/\\\/cpxzx.com\\\/wp-content\\\/uploads\\\/2025\\\/07\\\/10mm-15mm-25mm-38mm-50mm-Ceramic-Berl-Saddles.jpg\",\"width\":550,\"height\":550,\"caption\":\"Ceramic-Berl-Saddles-10mm-15mm-25mm-38mm-50mm\"},{\"@type\":\"BreadcrumbList\",\"@id\":\"https:\\\/\\\/cpxzx.com\\\/product\\\/ceramic-berl-saddle\\\/#breadcrumb\",\"itemListElement\":[{\"@type\":\"ListItem\",\"position\":1,\"name\":\"Home\",\"item\":\"https:\\\/\\\/cpxzx.com\\\/\"},{\"@type\":\"ListItem\",\"position\":2,\"name\":\"Random Packing\",\"item\":\"https:\\\/\\\/cpxzx.com\\\/pcategory\\\/random-packing\\\/\"},{\"@type\":\"ListItem\",\"position\":3,\"name\":\"Ceramic Random Packing\",\"item\":\"https:\\\/\\\/cpxzx.com\\\/pcategory\\\/random-packing\\\/ceramic-random-packing\\\/\"},{\"@type\":\"ListItem\",\"position\":4,\"name\":\"Ceramic Berl Saddles10mm 15mm 25mm 38mm 50mm\"}]},{\"@type\":\"WebSite\",\"@id\":\"https:\\\/\\\/cpxzx.com\\\/#website\",\"url\":\"https:\\\/\\\/cpxzx.com\\\/\",\"name\":\"Cooling Tower Fill, China PVC Fills Manufacturer\",\"description\":\"\",\"publisher\":{\"@id\":\"https:\\\/\\\/cpxzx.com\\\/#organization\"},\"potentialAction\":[{\"@type\":\"SearchAction\",\"target\":{\"@type\":\"EntryPoint\",\"urlTemplate\":\"https:\\\/\\\/cpxzx.com\\\/?s={search_term_string}\"},\"query-input\":{\"@type\":\"PropertyValueSpecification\",\"valueRequired\":true,\"valueName\":\"search_term_string\"}}],\"inLanguage\":\"tr\"},{\"@type\":\"Organization\",\"@id\":\"https:\\\/\\\/cpxzx.com\\\/#organization\",\"name\":\"Cooling Tower Fill, China PVC Fills Manufacturer\",\"url\":\"https:\\\/\\\/cpxzx.com\\\/\",\"logo\":{\"@type\":\"ImageObject\",\"inLanguage\":\"tr\",\"@id\":\"https:\\\/\\\/cpxzx.com\\\/#\\\/schema\\\/logo\\\/image\\\/\",\"url\":\"https:\\\/\\\/cpxzx.com\\\/wp-content\\\/uploads\\\/2025\\\/07\\\/1751628807-logo.png\",\"contentUrl\":\"https:\\\/\\\/cpxzx.com\\\/wp-content\\\/uploads\\\/2025\\\/07\\\/1751628807-logo.png\",\"width\":383,\"height\":87,\"caption\":\"Cooling Tower Fill, China PVC Fills Manufacturer\"},\"image\":{\"@id\":\"https:\\\/\\\/cpxzx.com\\\/#\\\/schema\\\/logo\\\/image\\\/\"}}]}<\/script>\n<!-- \/ Yoast SEO plugin. -->","yoast_head_json":{"title":"Seramik Berl Seleler10mm 15mm 25mm 38mm 50mm","robots":{"index":"index","follow":"follow","max-snippet":"max-snippet:-1","max-image-preview":"max-image-preview:large","max-video-preview":"max-video-preview:-1"},"canonical":"https:\/\/cpxzx.com\/tr\/urun\/serami\u0307k-berl-sele\/","og_locale":"tr_TR","og_type":"article","og_title":"Ceramic Berl Saddles10mm 15mm 25mm 38mm 50mm","og_description":"The ceramic Berl saddle is an upgraded version of the ceramic arc saddle, offering improved fluid distribution, lower resistance, and reduced pressure on the tower\u2019s inner wall compared to ring packing. It is highly resistant to acids (excluding hydrofluoric acid) and solvents, as well as extreme temperatures, making it suitable for various applications.","og_url":"https:\/\/cpxzx.com\/tr\/urun\/serami\u0307k-berl-sele\/","og_site_name":"Cooling Tower Fill, China PVC Fills Manufacturer","article_modified_time":"2025-07-30T11:05:37+00:00","og_image":[{"width":550,"height":550,"url":"https:\/\/cpxzx.com\/wp-content\/uploads\/2025\/07\/10mm-15mm-25mm-38mm-50mm-Ceramic-Berl-Saddles.jpg","type":"image\/jpeg"}],"twitter_card":"summary_large_image","twitter_misc":{"Tahmini okuma s\u00fcresi":"2 dakika"},"schema":{"@context":"https:\/\/schema.org","@graph":[{"@type":"WebPage","@id":"https:\/\/cpxzx.com\/product\/ceramic-berl-saddle\/","url":"https:\/\/cpxzx.com\/product\/ceramic-berl-saddle\/","name":"Seramik Berl Seleler10mm 15mm 25mm 38mm 50mm","isPartOf":{"@id":"https:\/\/cpxzx.com\/#website"},"primaryImageOfPage":{"@id":"https:\/\/cpxzx.com\/product\/ceramic-berl-saddle\/#primaryimage"},"image":{"@id":"https:\/\/cpxzx.com\/product\/ceramic-berl-saddle\/#primaryimage"},"thumbnailUrl":"https:\/\/cpxzx.com\/wp-content\/uploads\/2025\/07\/10mm-15mm-25mm-38mm-50mm-Ceramic-Berl-Saddles.jpg","datePublished":"2025-07-26T07:55:25+00:00","dateModified":"2025-07-30T11:05:37+00:00","breadcrumb":{"@id":"https:\/\/cpxzx.com\/product\/ceramic-berl-saddle\/#breadcrumb"},"inLanguage":"tr","potentialAction":[{"@type":"ReadAction","target":["https:\/\/cpxzx.com\/product\/ceramic-berl-saddle\/"]}]},{"@type":"ImageObject","inLanguage":"tr","@id":"https:\/\/cpxzx.com\/product\/ceramic-berl-saddle\/#primaryimage","url":"https:\/\/cpxzx.com\/wp-content\/uploads\/2025\/07\/10mm-15mm-25mm-38mm-50mm-Ceramic-Berl-Saddles.jpg","contentUrl":"https:\/\/cpxzx.com\/wp-content\/uploads\/2025\/07\/10mm-15mm-25mm-38mm-50mm-Ceramic-Berl-Saddles.jpg","width":550,"height":550,"caption":"Ceramic-Berl-Saddles-10mm-15mm-25mm-38mm-50mm"},{"@type":"BreadcrumbList","@id":"https:\/\/cpxzx.com\/product\/ceramic-berl-saddle\/#breadcrumb","itemListElement":[{"@type":"ListItem","position":1,"name":"Home","item":"https:\/\/cpxzx.com\/"},{"@type":"ListItem","position":2,"name":"Random Packing","item":"https:\/\/cpxzx.com\/pcategory\/random-packing\/"},{"@type":"ListItem","position":3,"name":"Ceramic Random Packing","item":"https:\/\/cpxzx.com\/pcategory\/random-packing\/ceramic-random-packing\/"},{"@type":"ListItem","position":4,"name":"Ceramic Berl Saddles10mm 15mm 25mm 38mm 50mm"}]},{"@type":"WebSite","@id":"https:\/\/cpxzx.com\/#website","url":"https:\/\/cpxzx.com\/","name":"So\u011futma Kulesi Dolgusu, \u00c7in PVC Dolgular \u00dcretici","description":"","publisher":{"@id":"https:\/\/cpxzx.com\/#organization"},"potentialAction":[{"@type":"SearchAction","target":{"@type":"EntryPoint","urlTemplate":"https:\/\/cpxzx.com\/?s={search_term_string}"},"query-input":{"@type":"PropertyValueSpecification","valueRequired":true,"valueName":"search_term_string"}}],"inLanguage":"tr"},{"@type":"Organization","@id":"https:\/\/cpxzx.com\/#organization","name":"So\u011futma Kulesi Dolgusu, \u00c7in PVC Dolgular \u00dcretici","url":"https:\/\/cpxzx.com\/","logo":{"@type":"ImageObject","inLanguage":"tr","@id":"https:\/\/cpxzx.com\/#\/schema\/logo\/image\/","url":"https:\/\/cpxzx.com\/wp-content\/uploads\/2025\/07\/1751628807-logo.png","contentUrl":"https:\/\/cpxzx.com\/wp-content\/uploads\/2025\/07\/1751628807-logo.png","width":383,"height":87,"caption":"Cooling Tower Fill, China PVC Fills Manufacturer"},"image":{"@id":"https:\/\/cpxzx.com\/#\/schema\/logo\/image\/"}}]}},"taxonomy_info":{"pcategory":[{"value":22,"label":"Random Packing"},{"value":24,"label":"Ceramic Random Packing"}]},"featured_image_src_large":["https:\/\/cpxzx.com\/wp-content\/uploads\/2025\/07\/10mm-15mm-25mm-38mm-50mm-Ceramic-Berl-Saddles.jpg",550,550,false],"author_info":[],"comment_info":"","_links":{"self":[{"href":"https:\/\/cpxzx.com\/tr\/wp-json\/wp\/v2\/product\/2843","targetHints":{"allow":["GET"]}}],"collection":[{"href":"https:\/\/cpxzx.com\/tr\/wp-json\/wp\/v2\/product"}],"about":[{"href":"https:\/\/cpxzx.com\/tr\/wp-json\/wp\/v2\/types\/product"}],"wp:featuredmedia":[{"embeddable":true,"href":"https:\/\/cpxzx.com\/tr\/wp-json\/wp\/v2\/media\/2845"}],"wp:attachment":[{"href":"https:\/\/cpxzx.com\/tr\/wp-json\/wp\/v2\/media?parent=2843"}],"wp:term":[{"taxonomy":"pcategory","embeddable":true,"href":"https:\/\/cpxzx.com\/tr\/wp-json\/wp\/v2\/pcategory?post=2843"},{"taxonomy":"ptag","embeddable":true,"href":"https:\/\/cpxzx.com\/tr\/wp-json\/wp\/v2\/ptag?post=2843"}],"curies":[{"name":"wp","href":"https:\/\/api.w.org\/{rel}","templated":true}]}}