{"id":2838,"date":"2025-07-25T14:36:25","date_gmt":"2025-07-25T14:36:25","guid":{"rendered":"https:\/\/cpxzx.com\/?post_type=product&#038;p=2838"},"modified":"2025-07-30T11:05:01","modified_gmt":"2025-07-30T11:05:01","slug":"ceramic-cross-partition-ring","status":"publish","type":"product","link":"https:\/\/cpxzx.com\/tr\/urun\/ceramic-cross-partition-ring\/","title":{"rendered":"50mm 80mm 100mm 120mm 150mm Seramik \u00c7apraz B\u00f6lme Halkas\u0131"},"content":{"rendered":"<p>Bu <strong>Seramik \u00c7apraz B\u00f6lme Halkas\u0131<\/strong> \u00e7e\u015fitli end\u00fcstriyel uygulamalarda k\u00fctle aktar\u0131m verimlili\u011fini art\u0131rmak i\u00e7in tasarlanm\u0131\u015f geli\u015fmi\u015f bir ambalaj malzemesidir. Y\u00fczey alan\u0131n\u0131 art\u0131rmak i\u00e7in \u00e7apraz b\u00f6lmeler i\u00e7eren geleneksel Raschig Halkas\u0131n\u0131n bir geli\u015ftirmesidir. Bu ilave y\u00fczey alan\u0131, kimya, metalurji ve oksijen \u00fcretim end\u00fcstrilerinde emme, so\u011futma ve kurutma gibi i\u015flemler i\u00e7in \u00e7ok \u00f6nemli olan \u00fcst\u00fcn k\u00fctle transferi ile sonu\u00e7lan\u0131r.<\/p>\n<h2>Temel \u00d6zellikler<\/h2>\n<ul>\n<li>Daha fazla dayan\u0131kl\u0131l\u0131k i\u00e7in asit ve alkali direnci<\/li>\n<li>M\u00fckemmel \u0131s\u0131 direnci sayesinde y\u00fcksek s\u0131cakl\u0131ktaki ortamlar i\u00e7in uygundur<\/li>\n<li>K\u00fctle aktar\u0131m verimlili\u011fini art\u0131ran y\u00fcksek \u00f6zg\u00fcl y\u00fczey alan\u0131<\/li>\n<li>D\u00fc\u015f\u00fck i\u015fletme maliyetleri, enerji tasarrufu ve kolay kurulum<\/li>\n<li>Uzun \u00f6m\u00fcrl\u00fc performans sa\u011flayan y\u00fcksek mekanik dayan\u0131m<\/li>\n<\/ul>\n<h2>Teknik \u00d6zellikler<\/h2>\n<table>\n<thead>\n<tr>\n<th>Boyut<br \/>\n(mm)<\/th>\n<th>Kal\u0131nl\u0131k<br \/>\n(mm)<\/th>\n<th>Y\u00fczey Alan\u0131<br \/>\n(m\u00b2\/m\u00b3)<\/th>\n<th>Ge\u00e7ersiz B\u00f6l\u00fcm<br \/>\n(%)<\/th>\n<th>Say\u0131<br \/>\n(m\u00b3 ba\u015f\u0131na)<\/th>\n<th>Y\u0131\u011f\u0131n Yo\u011funlu\u011fu<br \/>\n(Kg\/m\u00b3)<\/th>\n<\/tr>\n<\/thead>\n<tbody>\n<tr>\n<td>80<\/td>\n<td>8<\/td>\n<td>120<\/td>\n<td>54<\/td>\n<td>1950<\/td>\n<td>916<\/td>\n<\/tr>\n<tr>\n<td>100<\/td>\n<td>10<\/td>\n<td>110<\/td>\n<td>53<\/td>\n<td>1000<\/td>\n<td>930<\/td>\n<\/tr>\n<tr>\n<td>150<\/td>\n<td>15<\/td>\n<td>60<\/td>\n<td>58<\/td>\n<td>296<\/td>\n<td>960<\/td>\n<\/tr>\n<\/tbody>\n<\/table>\n<h2>Avantajlar<\/h2>\n<ul>\n<li>Di\u011fer salmastra tiplerine k\u0131yasla daha d\u00fc\u015f\u00fck bas\u0131n\u00e7 d\u00fc\u015f\u00fc\u015f\u00fc<\/li>\n<li>K\u00fctle transfer verimlili\u011fini art\u0131ran m\u00fckemmel s\u0131v\u0131\/gaz da\u011f\u0131l\u0131m\u0131<\/li>\n<li>\u00c7ok y\u00f6nl\u00fcd\u00fcr ve kolayca \u0131slat\u0131labilir, kirlenmeye kar\u015f\u0131 y\u00fcksek diren\u00e7 sa\u011flar<\/li>\n<li>Y\u00fcksek mekanik mukavemeti sayesinde derin yataklar i\u00e7in uygundur<\/li>\n<\/ul>\n<h2>Uygulamalar<\/h2>\n<p>Bu <strong>Seramik \u00c7apraz B\u00f6lme Halkas\u0131<\/strong> \u00f6ncelikle kurutma, absorpsiyon, so\u011futma ve y\u0131kama kuleleri gibi etkili k\u00fctle transferi gerektiren end\u00fcstrilerde kullan\u0131l\u0131r. Tasar\u0131m\u0131, y\u00fcksek performans\u0131n gerekli oldu\u011fu kimya, metalurji, k\u00f6m\u00fcr gaz\u0131 ve end\u00fcstriyel oksijen \u00fcretimi sekt\u00f6rlerinde verimli bir \u015fekilde \u00e7al\u0131\u015fmas\u0131n\u0131 sa\u011flar.<\/p>\n<h2>Paketleme<\/h2>\n<p>Seramik \u00e7apraz b\u00f6lme halkalar\u0131, g\u00fcvenli ta\u015f\u0131ma ve kolay kullan\u0131m sa\u011flamak i\u00e7in g\u00fcvenli bir \u015fekilde paketlenmi\u015ftir. Farkl\u0131 end\u00fcstriyel ihtiya\u00e7lar\u0131 kar\u015f\u0131lamak i\u00e7in 50mm, 80mm, 100mm, 120mm ve 150mm dahil olmak \u00fczere \u00e7e\u015fitli boyutlarda mevcuttur.<\/p>","protected":false},"excerpt":{"rendered":"<p>Seramik \u00e7apraz b\u00f6lme halkas\u0131, y\u00fczey alan\u0131n\u0131 art\u0131rmak ve buhar ile s\u0131v\u0131 aras\u0131ndaki k\u00fctle aktar\u0131m verimlili\u011fini iyile\u015ftirmek i\u00e7in i\u00e7inde \u00e7apraz b\u00f6lmeler bulunan Raschig halkas\u0131n\u0131n geli\u015ftirilmi\u015f bir versiyonudur. B\u00fcy\u00fck boyutu nedeniyle, kolon i\u00e7inde d\u00fczenli bir \u015fekilde istiflenmelidir. \u00c7aplar\u0131 tipik olarak 80-150 mm aras\u0131nda olan \u00e7apraz b\u00f6lme halkalar\u0131, kolonun taban\u0131nda 60%'nin \u00fczerinde bir bo\u015flukla di\u011fer rastgele paketlemeyi desteklemek i\u00e7in kullan\u0131l\u0131r.<\/p>","protected":false},"featured_media":2841,"parent":0,"template":"","meta":{"_acf_changed":false,"_kad_blocks_custom_css":"","_kad_blocks_head_custom_js":"","_kad_blocks_body_custom_js":"","_kad_blocks_footer_custom_js":"","_kadence_starter_templates_imported_post":false,"_kad_post_transparent":"default","_kad_post_title":"","_kad_post_layout":"default","_kad_post_sidebar_id":"","_kad_post_content_style":"default","_kad_post_vertical_padding":"default","_kad_post_feature":"","_kad_post_feature_position":"","_kad_post_header":false,"_kad_post_footer":false},"pcategory":[22,24],"ptag":[],"class_list":["post-2838","product","type-product","status-publish","has-post-thumbnail","hentry","pcategory-random-packing","pcategory-ceramic-random-packing"],"acf":[],"yoast_head":"<!-- This site is optimized with the Yoast SEO plugin v27.4 - https:\/\/yoast.com\/product\/yoast-seo-wordpress\/ -->\n<title>Ceramic Cross Partition Ring50mm 80mm 100mm 120mm 150mm<\/title>\n<meta name=\"robots\" content=\"index, follow, max-snippet:-1, max-image-preview:large, max-video-preview:-1\" \/>\n<link rel=\"canonical\" href=\"https:\/\/cpxzx.com\/tr\/urun\/ceramic-cross-partition-ring\/\" \/>\n<meta property=\"og:locale\" content=\"tr_TR\" \/>\n<meta property=\"og:type\" content=\"article\" \/>\n<meta property=\"og:title\" content=\"Ceramic Cross Partition Ring50mm 80mm 100mm 120mm 150mm\" \/>\n<meta property=\"og:description\" content=\"The ceramic cross partition ring is an enhanced version of the Raschig ring, featuring cross partitions inside to increase its surface area and improve mass transfer efficiency between vapor and liquid. Due to its large size, it must be stacked in an orderly manner within the column. Cross partition rings, typically with diameters between 80-150mm, are used to support other random packing at the column&#039;s bottom, with a voidage of over 60%.\" \/>\n<meta property=\"og:url\" content=\"https:\/\/cpxzx.com\/tr\/urun\/ceramic-cross-partition-ring\/\" \/>\n<meta property=\"og:site_name\" content=\"Cooling Tower Fill, China PVC Fills Manufacturer\" \/>\n<meta property=\"article:modified_time\" content=\"2025-07-30T11:05:01+00:00\" \/>\n<meta property=\"og:image\" content=\"https:\/\/cpxzx.com\/wp-content\/uploads\/2025\/07\/ceramic-cross-partition-ring1.jpg\" \/>\n\t<meta property=\"og:image:width\" content=\"550\" \/>\n\t<meta property=\"og:image:height\" content=\"550\" \/>\n\t<meta property=\"og:image:type\" content=\"image\/jpeg\" \/>\n<meta name=\"twitter:card\" content=\"summary_large_image\" \/>\n<meta name=\"twitter:label1\" content=\"Tahmini okuma s\u00fcresi\" \/>\n\t<meta name=\"twitter:data1\" content=\"2 dakika\" \/>\n<script type=\"application\/ld+json\" class=\"yoast-schema-graph\">{\"@context\":\"https:\\\/\\\/schema.org\",\"@graph\":[{\"@type\":\"WebPage\",\"@id\":\"https:\\\/\\\/cpxzx.com\\\/product\\\/ceramic-cross-partition-ring\\\/\",\"url\":\"https:\\\/\\\/cpxzx.com\\\/product\\\/ceramic-cross-partition-ring\\\/\",\"name\":\"Ceramic Cross Partition Ring50mm 80mm 100mm 120mm 150mm\",\"isPartOf\":{\"@id\":\"https:\\\/\\\/cpxzx.com\\\/#website\"},\"primaryImageOfPage\":{\"@id\":\"https:\\\/\\\/cpxzx.com\\\/product\\\/ceramic-cross-partition-ring\\\/#primaryimage\"},\"image\":{\"@id\":\"https:\\\/\\\/cpxzx.com\\\/product\\\/ceramic-cross-partition-ring\\\/#primaryimage\"},\"thumbnailUrl\":\"https:\\\/\\\/cpxzx.com\\\/wp-content\\\/uploads\\\/2025\\\/07\\\/ceramic-cross-partition-ring1.jpg\",\"datePublished\":\"2025-07-25T14:36:25+00:00\",\"dateModified\":\"2025-07-30T11:05:01+00:00\",\"breadcrumb\":{\"@id\":\"https:\\\/\\\/cpxzx.com\\\/product\\\/ceramic-cross-partition-ring\\\/#breadcrumb\"},\"inLanguage\":\"tr\",\"potentialAction\":[{\"@type\":\"ReadAction\",\"target\":[\"https:\\\/\\\/cpxzx.com\\\/product\\\/ceramic-cross-partition-ring\\\/\"]}]},{\"@type\":\"ImageObject\",\"inLanguage\":\"tr\",\"@id\":\"https:\\\/\\\/cpxzx.com\\\/product\\\/ceramic-cross-partition-ring\\\/#primaryimage\",\"url\":\"https:\\\/\\\/cpxzx.com\\\/wp-content\\\/uploads\\\/2025\\\/07\\\/ceramic-cross-partition-ring1.jpg\",\"contentUrl\":\"https:\\\/\\\/cpxzx.com\\\/wp-content\\\/uploads\\\/2025\\\/07\\\/ceramic-cross-partition-ring1.jpg\",\"width\":550,\"height\":550},{\"@type\":\"BreadcrumbList\",\"@id\":\"https:\\\/\\\/cpxzx.com\\\/product\\\/ceramic-cross-partition-ring\\\/#breadcrumb\",\"itemListElement\":[{\"@type\":\"ListItem\",\"position\":1,\"name\":\"Home\",\"item\":\"https:\\\/\\\/cpxzx.com\\\/\"},{\"@type\":\"ListItem\",\"position\":2,\"name\":\"Random Packing\",\"item\":\"https:\\\/\\\/cpxzx.com\\\/pcategory\\\/random-packing\\\/\"},{\"@type\":\"ListItem\",\"position\":3,\"name\":\"Ceramic Random Packing\",\"item\":\"https:\\\/\\\/cpxzx.com\\\/pcategory\\\/random-packing\\\/ceramic-random-packing\\\/\"},{\"@type\":\"ListItem\",\"position\":4,\"name\":\"50mm 80mm 100mm 120mm 150mm Ceramic Cross Partition Ring\"}]},{\"@type\":\"WebSite\",\"@id\":\"https:\\\/\\\/cpxzx.com\\\/#website\",\"url\":\"https:\\\/\\\/cpxzx.com\\\/\",\"name\":\"Cooling Tower Fill, China PVC Fills Manufacturer\",\"description\":\"\",\"publisher\":{\"@id\":\"https:\\\/\\\/cpxzx.com\\\/#organization\"},\"potentialAction\":[{\"@type\":\"SearchAction\",\"target\":{\"@type\":\"EntryPoint\",\"urlTemplate\":\"https:\\\/\\\/cpxzx.com\\\/?s={search_term_string}\"},\"query-input\":{\"@type\":\"PropertyValueSpecification\",\"valueRequired\":true,\"valueName\":\"search_term_string\"}}],\"inLanguage\":\"tr\"},{\"@type\":\"Organization\",\"@id\":\"https:\\\/\\\/cpxzx.com\\\/#organization\",\"name\":\"Cooling Tower Fill, China PVC Fills Manufacturer\",\"url\":\"https:\\\/\\\/cpxzx.com\\\/\",\"logo\":{\"@type\":\"ImageObject\",\"inLanguage\":\"tr\",\"@id\":\"https:\\\/\\\/cpxzx.com\\\/#\\\/schema\\\/logo\\\/image\\\/\",\"url\":\"https:\\\/\\\/cpxzx.com\\\/wp-content\\\/uploads\\\/2025\\\/07\\\/1751628807-logo.png\",\"contentUrl\":\"https:\\\/\\\/cpxzx.com\\\/wp-content\\\/uploads\\\/2025\\\/07\\\/1751628807-logo.png\",\"width\":383,\"height\":87,\"caption\":\"Cooling Tower Fill, China PVC Fills Manufacturer\"},\"image\":{\"@id\":\"https:\\\/\\\/cpxzx.com\\\/#\\\/schema\\\/logo\\\/image\\\/\"}}]}<\/script>\n<!-- \/ Yoast SEO plugin. -->","yoast_head_json":{"title":"Ceramic Cross Partition Ring50mm 80mm 100mm 120mm 150mm","robots":{"index":"index","follow":"follow","max-snippet":"max-snippet:-1","max-image-preview":"max-image-preview:large","max-video-preview":"max-video-preview:-1"},"canonical":"https:\/\/cpxzx.com\/tr\/urun\/ceramic-cross-partition-ring\/","og_locale":"tr_TR","og_type":"article","og_title":"Ceramic Cross Partition Ring50mm 80mm 100mm 120mm 150mm","og_description":"The ceramic cross partition ring is an enhanced version of the Raschig ring, featuring cross partitions inside to increase its surface area and improve mass transfer efficiency between vapor and liquid. Due to its large size, it must be stacked in an orderly manner within the column. Cross partition rings, typically with diameters between 80-150mm, are used to support other random packing at the column's bottom, with a voidage of over 60%.","og_url":"https:\/\/cpxzx.com\/tr\/urun\/ceramic-cross-partition-ring\/","og_site_name":"Cooling Tower Fill, China PVC Fills Manufacturer","article_modified_time":"2025-07-30T11:05:01+00:00","og_image":[{"width":550,"height":550,"url":"https:\/\/cpxzx.com\/wp-content\/uploads\/2025\/07\/ceramic-cross-partition-ring1.jpg","type":"image\/jpeg"}],"twitter_card":"summary_large_image","twitter_misc":{"Tahmini okuma s\u00fcresi":"2 dakika"},"schema":{"@context":"https:\/\/schema.org","@graph":[{"@type":"WebPage","@id":"https:\/\/cpxzx.com\/product\/ceramic-cross-partition-ring\/","url":"https:\/\/cpxzx.com\/product\/ceramic-cross-partition-ring\/","name":"Ceramic Cross Partition Ring50mm 80mm 100mm 120mm 150mm","isPartOf":{"@id":"https:\/\/cpxzx.com\/#website"},"primaryImageOfPage":{"@id":"https:\/\/cpxzx.com\/product\/ceramic-cross-partition-ring\/#primaryimage"},"image":{"@id":"https:\/\/cpxzx.com\/product\/ceramic-cross-partition-ring\/#primaryimage"},"thumbnailUrl":"https:\/\/cpxzx.com\/wp-content\/uploads\/2025\/07\/ceramic-cross-partition-ring1.jpg","datePublished":"2025-07-25T14:36:25+00:00","dateModified":"2025-07-30T11:05:01+00:00","breadcrumb":{"@id":"https:\/\/cpxzx.com\/product\/ceramic-cross-partition-ring\/#breadcrumb"},"inLanguage":"tr","potentialAction":[{"@type":"ReadAction","target":["https:\/\/cpxzx.com\/product\/ceramic-cross-partition-ring\/"]}]},{"@type":"ImageObject","inLanguage":"tr","@id":"https:\/\/cpxzx.com\/product\/ceramic-cross-partition-ring\/#primaryimage","url":"https:\/\/cpxzx.com\/wp-content\/uploads\/2025\/07\/ceramic-cross-partition-ring1.jpg","contentUrl":"https:\/\/cpxzx.com\/wp-content\/uploads\/2025\/07\/ceramic-cross-partition-ring1.jpg","width":550,"height":550},{"@type":"BreadcrumbList","@id":"https:\/\/cpxzx.com\/product\/ceramic-cross-partition-ring\/#breadcrumb","itemListElement":[{"@type":"ListItem","position":1,"name":"Home","item":"https:\/\/cpxzx.com\/"},{"@type":"ListItem","position":2,"name":"Random Packing","item":"https:\/\/cpxzx.com\/pcategory\/random-packing\/"},{"@type":"ListItem","position":3,"name":"Ceramic Random Packing","item":"https:\/\/cpxzx.com\/pcategory\/random-packing\/ceramic-random-packing\/"},{"@type":"ListItem","position":4,"name":"50mm 80mm 100mm 120mm 150mm Ceramic Cross Partition Ring"}]},{"@type":"WebSite","@id":"https:\/\/cpxzx.com\/#website","url":"https:\/\/cpxzx.com\/","name":"So\u011futma Kulesi Dolgusu, \u00c7in PVC Dolgular \u00dcretici","description":"","publisher":{"@id":"https:\/\/cpxzx.com\/#organization"},"potentialAction":[{"@type":"SearchAction","target":{"@type":"EntryPoint","urlTemplate":"https:\/\/cpxzx.com\/?s={search_term_string}"},"query-input":{"@type":"PropertyValueSpecification","valueRequired":true,"valueName":"search_term_string"}}],"inLanguage":"tr"},{"@type":"Organization","@id":"https:\/\/cpxzx.com\/#organization","name":"So\u011futma Kulesi Dolgusu, \u00c7in PVC Dolgular \u00dcretici","url":"https:\/\/cpxzx.com\/","logo":{"@type":"ImageObject","inLanguage":"tr","@id":"https:\/\/cpxzx.com\/#\/schema\/logo\/image\/","url":"https:\/\/cpxzx.com\/wp-content\/uploads\/2025\/07\/1751628807-logo.png","contentUrl":"https:\/\/cpxzx.com\/wp-content\/uploads\/2025\/07\/1751628807-logo.png","width":383,"height":87,"caption":"Cooling Tower Fill, China PVC Fills Manufacturer"},"image":{"@id":"https:\/\/cpxzx.com\/#\/schema\/logo\/image\/"}}]}},"taxonomy_info":{"pcategory":[{"value":22,"label":"Random Packing"},{"value":24,"label":"Ceramic Random Packing"}]},"featured_image_src_large":["https:\/\/cpxzx.com\/wp-content\/uploads\/2025\/07\/ceramic-cross-partition-ring1.jpg",550,550,false],"author_info":[],"comment_info":"","_links":{"self":[{"href":"https:\/\/cpxzx.com\/tr\/wp-json\/wp\/v2\/product\/2838","targetHints":{"allow":["GET"]}}],"collection":[{"href":"https:\/\/cpxzx.com\/tr\/wp-json\/wp\/v2\/product"}],"about":[{"href":"https:\/\/cpxzx.com\/tr\/wp-json\/wp\/v2\/types\/product"}],"wp:featuredmedia":[{"embeddable":true,"href":"https:\/\/cpxzx.com\/tr\/wp-json\/wp\/v2\/media\/2841"}],"wp:attachment":[{"href":"https:\/\/cpxzx.com\/tr\/wp-json\/wp\/v2\/media?parent=2838"}],"wp:term":[{"taxonomy":"pcategory","embeddable":true,"href":"https:\/\/cpxzx.com\/tr\/wp-json\/wp\/v2\/pcategory?post=2838"},{"taxonomy":"ptag","embeddable":true,"href":"https:\/\/cpxzx.com\/tr\/wp-json\/wp\/v2\/ptag?post=2838"}],"curies":[{"name":"wp","href":"https:\/\/api.w.org\/{rel}","templated":true}]}}