{"id":2831,"date":"2025-07-24T08:37:02","date_gmt":"2025-07-24T08:37:02","guid":{"rendered":"https:\/\/cpxzx.com\/?post_type=product&#038;p=2831"},"modified":"2025-07-30T11:05:56","modified_gmt":"2025-07-30T11:05:56","slug":"ceramic-butterfly-ring","status":"publish","type":"product","link":"https:\/\/cpxzx.com\/tr\/urun\/ceramic-butterfly-ring\/","title":{"rendered":"Seramik Kelebek Y\u00fcz\u00fck 19mm 25mm 38mm"},"content":{"rendered":"<p><strong>Seramik Kelebek Y\u00fcz\u00fck<\/strong> y\u00fcksek verimli \u0131s\u0131 transfer sistemlerinde yayg\u0131n olarak kullan\u0131lan geli\u015fmi\u015f bir rastgele paketleme ortam\u0131 t\u00fcr\u00fcd\u00fcr. E\u015fsiz yap\u0131s\u0131 ve y\u00fcksek performansl\u0131 malzemesi ile seramik kelebek halka, \u00fcst\u00fcn k\u00fctle aktar\u0131m verimlili\u011fi, d\u00fc\u015f\u00fck bas\u0131n\u00e7 d\u00fc\u015f\u00fc\u015f\u00fc ve g\u00fc\u00e7l\u00fc kimyasal diren\u00e7 sunar. Bu \u00f6zellikler onu zorlu kimyasal ve termal ortamlardaki uygulamalar i\u00e7in ideal hale getirir.<\/p>\n<h2>Seramik Kelebek Y\u00fcz\u00fc\u011f\u00fc Ola\u011fan\u00fcst\u00fc K\u0131lan Nedir?<\/h2>\n<p>Ty-Pak Is\u0131 Transfer Ortam\u0131 olarak da adland\u0131r\u0131lan seramik kelebek halka, rastgele paketleme uygulamalar\u0131 i\u00e7in \u00f6zel olarak tasarlanm\u0131\u015ft\u0131r. Geleneksel seramik eyerlerle kar\u015f\u0131la\u015ft\u0131r\u0131ld\u0131\u011f\u0131nda, Ty-Pak ortam\u0131 20%'ye kadar daha d\u00fc\u015f\u00fck bas\u0131n\u00e7 d\u00fc\u015f\u00fc\u015f\u00fc sa\u011flar. Bu, seramik kelebek halkay\u0131 y\u00fcksek s\u0131cakl\u0131k operasyonlar\u0131nda olduk\u00e7a verimli hale getirir. 17-23% Al ile kat\u0131 preslenmi\u015f silikat porselenden yap\u0131lm\u0131\u015ft\u0131r<sub>2<\/sub>O<sub>3<\/sub>\u00fcst\u00fcn termal \u015fok direnci ve kimyasal dayan\u0131kl\u0131l\u0131k sa\u011flar.<\/p>\n<h2>Uzun Vadeli Performans ile Y\u00fcksek Verimlilik<\/h2>\n<p>Seramik kelebek halka, kanallanmay\u0131 \u00f6nlemek, y\u00fckleme s\u00fcrecini h\u0131zland\u0131rmak ve \u00e7\u00f6kelmeyi azaltmak i\u00e7in tasarlanm\u0131\u015ft\u0131r. Kararl\u0131 yap\u0131s\u0131, zaman i\u00e7inde tutarl\u0131 \u0131s\u0131 de\u011fi\u015fim performans\u0131 sa\u011flar. Rejeneratif termal oksitleyici (RTO) sistemlerini y\u00fckseltmek i\u00e7in en iyi se\u00e7eneklerden biridir. Seramik kelebek halka enerji t\u00fcketimini azalt\u0131r ve \u00fcnitenizin genel performans\u0131n\u0131 art\u0131r\u0131r. Ayr\u0131ca kurulumu kolayd\u0131r ve end\u00fcstriyel uygulamalarda uzun hizmet \u00f6mr\u00fc sunar.<\/p>\n<h2>Seramik Kelebek Y\u00fcz\u00fc\u011f\u00fcn Temel \u00d6zellikleri<\/h2>\n<ul class=\"list-paddingleft-2\">\n<li>Y\u00fcksek kimyasal stabilite ve asit direnci<\/li>\n<li>Termal uygulamalar i\u00e7in m\u00fckemmel \u0131s\u0131 direnci<\/li>\n<li>Y\u00fcksek k\u00fctle transfer verimlili\u011fi ile d\u00fc\u015f\u00fck bas\u0131n\u00e7 d\u00fc\u015f\u00fc\u015f\u00fc<\/li>\n<li>Daha fazla dayan\u0131kl\u0131l\u0131k i\u00e7in d\u00fc\u015f\u00fck nem emilimi<\/li>\n<li>Uygun maliyetli ve birden fazla sekt\u00f6r i\u00e7in uygun<\/li>\n<\/ul>\n<h2>Seramik Kelebek Y\u00fcz\u00fck \u00d6zellikleri<\/h2>\n<table border=\"1\" cellspacing=\"0\" cellpadding=\"6\">\n<thead>\n<tr>\n<th>Nominal boyut<br \/>\n(mm)<\/th>\n<th>L*W*H*T<br \/>\n(mm)<\/th>\n<th>Spesifik y\u00fczey<br \/>\n(m<sup>2<\/sup>\/m<sup>3<\/sup>)<\/th>\n<th>Bo\u015fluk hacmi<br \/>\n(%)<\/th>\n<th>Paket yo\u011funlu\u011fu<br \/>\n(kg\/m<sup>3<\/sup>)<\/th>\n<th>Paketleme fakt\u00f6r\u00fc<br \/>\n(m<sup>-1<\/sup>)<\/th>\n<\/tr>\n<\/thead>\n<tbody>\n<tr>\n<td>19<\/td>\n<td>38*26*11*4.5<\/td>\n<td>335<\/td>\n<td>71<\/td>\n<td>570<\/td>\n<td>934<\/td>\n<\/tr>\n<tr>\n<td>25<\/td>\n<td>52*28*12.5*5<\/td>\n<td>255<\/td>\n<td>72<\/td>\n<td>620<\/td>\n<td>683<\/td>\n<\/tr>\n<tr>\n<td>38<\/td>\n<td>62*41*15*5.5<\/td>\n<td>160<\/td>\n<td>74<\/td>\n<td>630<\/td>\n<td>935<\/td>\n<\/tr>\n<\/tbody>\n<\/table>\n<h2>Seramik Kelebek Halka Uygulamalar\u0131<\/h2>\n<p>M\u00fckemmel mekanik mukavemeti ve termal direnci sayesinde seramik kelebek halka, \u00e7e\u015fitli end\u00fcstriyel kolonlarda ve kulelerde yayg\u0131n olarak kullan\u0131lmaktad\u0131r. Bunlar \u015funlar\u0131 i\u00e7erir:<\/p>\n<ul class=\"list-paddingleft-2\">\n<li>Kurutma kolonlar\u0131<\/li>\n<li>Emici s\u00fctunlar<\/li>\n<li>So\u011futma kuleleri<\/li>\n<li>F\u0131r\u00e7alama kuleleri<\/li>\n<\/ul>\n<p>Genellikle kimya, metalurji, k\u00f6m\u00fcr gaz\u0131 ve oksijen \u00fcretim end\u00fcstrilerinde uygulan\u0131r. Y\u00fcksek \u0131s\u0131 direnci ve k\u00fctle aktar\u0131m verimlili\u011finin gerekli oldu\u011fu her yerde, seramik kelebek halka g\u00fcvenilir bir se\u00e7im oldu\u011funu kan\u0131tlamaktad\u0131r.<br \/>\nSeramik kelebek halka, enerji verimlili\u011fini ve operasyonel g\u00fcvenilirli\u011fi art\u0131rmak i\u00e7in kan\u0131tlanm\u0131\u015f bir \u00e7\u00f6z\u00fcm sunar. D\u00fc\u015f\u00fck maliyeti, y\u00fcksek performans\u0131 ve uzun \u00f6mr\u00fc ile \u00f6ne \u00e7\u0131kar. \u0130ster mevcut bir RTO sistemini y\u00fckseltin ister yeni bir sistem tasarlay\u0131n, seramik kelebek halka salmastra malzemesi ihtiyac\u0131n\u0131z olan sonu\u00e7lar\u0131 sa\u011flar.<\/p>\n<h2>Paketleme<\/h2>\n<p>Seramik kelebek halkalar, nakliye s\u0131ras\u0131nda hasar g\u00f6rmelerini \u00f6nlemek i\u00e7in g\u00fcvenli bir \u015fekilde paketlenir. Hacminize ve uygulama ihtiya\u00e7lar\u0131n\u0131za g\u00f6re \u00f6zelle\u015ftirilmi\u015f ambalajlar da mevcuttur.<\/p>","protected":false},"excerpt":{"rendered":"<p>Seramik kelebek halkalar, konjuge bir yap\u0131 olu\u015fturmak \u00fczere eksenel y\u00f6n boyunca \u00fcst \u00fcste bindirilmi\u015ftir. Bu \u00f6zel \u015fekil, s\u0131v\u0131n\u0131n dolgu y\u00fczeyi boyunca e\u015fit olarak da\u011f\u0131t\u0131lmas\u0131n\u0131 sa\u011flar. Buhar-s\u0131v\u0131 seramik kelebek halkal\u0131 dolgu yata\u011f\u0131ndan akarken, buhara kar\u015f\u0131 diren\u00e7 \u00f6nemli \u00f6l\u00e7\u00fcde azal\u0131r ve ak\u0131 b\u00fcy\u00fck \u00f6l\u00e7\u00fcde artar. Buhar ve s\u0131v\u0131n\u0131n e\u015fit da\u011f\u0131l\u0131m\u0131 temas aray\u00fcz\u00fcn\u00fc iyile\u015ftirerek k\u00fctle transfer performans\u0131n\u0131n artmas\u0131n\u0131 sa\u011flar.<\/p>","protected":false},"featured_media":2832,"parent":0,"template":"","meta":{"_acf_changed":false,"_kad_blocks_custom_css":"","_kad_blocks_head_custom_js":"","_kad_blocks_body_custom_js":"","_kad_blocks_footer_custom_js":"","_kadence_starter_templates_imported_post":false,"_kad_post_transparent":"default","_kad_post_title":"","_kad_post_layout":"default","_kad_post_sidebar_id":"","_kad_post_content_style":"default","_kad_post_vertical_padding":"default","_kad_post_feature":"","_kad_post_feature_position":"","_kad_post_header":false,"_kad_post_footer":false},"pcategory":[22,24],"ptag":[],"class_list":["post-2831","product","type-product","status-publish","has-post-thumbnail","hentry","pcategory-random-packing","pcategory-ceramic-random-packing"],"acf":[],"yoast_head":"<!-- This site is optimized with the Yoast SEO plugin v27.4 - https:\/\/yoast.com\/product\/yoast-seo-wordpress\/ -->\n<title>Ceramic Butterfly Ring<\/title>\n<meta name=\"robots\" content=\"index, follow, max-snippet:-1, max-image-preview:large, max-video-preview:-1\" \/>\n<link rel=\"canonical\" href=\"https:\/\/cpxzx.com\/tr\/urun\/ceramic-butterfly-ring\/\" \/>\n<meta property=\"og:locale\" content=\"tr_TR\" \/>\n<meta property=\"og:type\" content=\"article\" \/>\n<meta property=\"og:title\" content=\"Ceramic Butterfly Ring\" \/>\n<meta property=\"og:description\" content=\"The ceramic butterfly rings are overlapped along the axial direction to form a conjugated structure. This special shape allows liquid to be evenly distributed across the filler surface. As vapor-liquid flows through the ceramic butterfly ring packing bed, resistance to vapor is significantly reduced, and the flux is greatly increased. The even distribution of vapor and liquid improves the contact interface, leading to enhanced mass transfer performance.\" \/>\n<meta property=\"og:url\" content=\"https:\/\/cpxzx.com\/tr\/urun\/ceramic-butterfly-ring\/\" \/>\n<meta property=\"og:site_name\" content=\"Cooling Tower Fill, China PVC Fills Manufacturer\" \/>\n<meta property=\"article:modified_time\" content=\"2025-07-30T11:05:56+00:00\" \/>\n<meta property=\"og:image\" content=\"https:\/\/cpxzx.com\/wp-content\/uploads\/2025\/07\/Ceramic-Butterfly-Ring-Tower-Filling-Packing.jpg\" \/>\n\t<meta property=\"og:image:width\" content=\"550\" \/>\n\t<meta property=\"og:image:height\" content=\"550\" \/>\n\t<meta property=\"og:image:type\" content=\"image\/jpeg\" \/>\n<meta name=\"twitter:card\" content=\"summary_large_image\" \/>\n<meta name=\"twitter:label1\" content=\"Tahmini okuma s\u00fcresi\" \/>\n\t<meta name=\"twitter:data1\" content=\"3 dakika\" \/>\n<script type=\"application\/ld+json\" class=\"yoast-schema-graph\">{\"@context\":\"https:\\\/\\\/schema.org\",\"@graph\":[{\"@type\":\"WebPage\",\"@id\":\"https:\\\/\\\/cpxzx.com\\\/product\\\/ceramic-butterfly-ring\\\/\",\"url\":\"https:\\\/\\\/cpxzx.com\\\/product\\\/ceramic-butterfly-ring\\\/\",\"name\":\"Ceramic Butterfly Ring\",\"isPartOf\":{\"@id\":\"https:\\\/\\\/cpxzx.com\\\/#website\"},\"primaryImageOfPage\":{\"@id\":\"https:\\\/\\\/cpxzx.com\\\/product\\\/ceramic-butterfly-ring\\\/#primaryimage\"},\"image\":{\"@id\":\"https:\\\/\\\/cpxzx.com\\\/product\\\/ceramic-butterfly-ring\\\/#primaryimage\"},\"thumbnailUrl\":\"https:\\\/\\\/cpxzx.com\\\/wp-content\\\/uploads\\\/2025\\\/07\\\/Ceramic-Butterfly-Ring-Tower-Filling-Packing.jpg\",\"datePublished\":\"2025-07-24T08:37:02+00:00\",\"dateModified\":\"2025-07-30T11:05:56+00:00\",\"breadcrumb\":{\"@id\":\"https:\\\/\\\/cpxzx.com\\\/product\\\/ceramic-butterfly-ring\\\/#breadcrumb\"},\"inLanguage\":\"tr\",\"potentialAction\":[{\"@type\":\"ReadAction\",\"target\":[\"https:\\\/\\\/cpxzx.com\\\/product\\\/ceramic-butterfly-ring\\\/\"]}]},{\"@type\":\"ImageObject\",\"inLanguage\":\"tr\",\"@id\":\"https:\\\/\\\/cpxzx.com\\\/product\\\/ceramic-butterfly-ring\\\/#primaryimage\",\"url\":\"https:\\\/\\\/cpxzx.com\\\/wp-content\\\/uploads\\\/2025\\\/07\\\/Ceramic-Butterfly-Ring-Tower-Filling-Packing.jpg\",\"contentUrl\":\"https:\\\/\\\/cpxzx.com\\\/wp-content\\\/uploads\\\/2025\\\/07\\\/Ceramic-Butterfly-Ring-Tower-Filling-Packing.jpg\",\"width\":550,\"height\":550},{\"@type\":\"BreadcrumbList\",\"@id\":\"https:\\\/\\\/cpxzx.com\\\/product\\\/ceramic-butterfly-ring\\\/#breadcrumb\",\"itemListElement\":[{\"@type\":\"ListItem\",\"position\":1,\"name\":\"Home\",\"item\":\"https:\\\/\\\/cpxzx.com\\\/\"},{\"@type\":\"ListItem\",\"position\":2,\"name\":\"Random Packing\",\"item\":\"https:\\\/\\\/cpxzx.com\\\/pcategory\\\/random-packing\\\/\"},{\"@type\":\"ListItem\",\"position\":3,\"name\":\"Ceramic Random Packing\",\"item\":\"https:\\\/\\\/cpxzx.com\\\/pcategory\\\/random-packing\\\/ceramic-random-packing\\\/\"},{\"@type\":\"ListItem\",\"position\":4,\"name\":\"Ceramic Butterfly Ring 19mm 25mm 38mm\"}]},{\"@type\":\"WebSite\",\"@id\":\"https:\\\/\\\/cpxzx.com\\\/#website\",\"url\":\"https:\\\/\\\/cpxzx.com\\\/\",\"name\":\"Cooling Tower Fill, China PVC Fills Manufacturer\",\"description\":\"\",\"publisher\":{\"@id\":\"https:\\\/\\\/cpxzx.com\\\/#organization\"},\"potentialAction\":[{\"@type\":\"SearchAction\",\"target\":{\"@type\":\"EntryPoint\",\"urlTemplate\":\"https:\\\/\\\/cpxzx.com\\\/?s={search_term_string}\"},\"query-input\":{\"@type\":\"PropertyValueSpecification\",\"valueRequired\":true,\"valueName\":\"search_term_string\"}}],\"inLanguage\":\"tr\"},{\"@type\":\"Organization\",\"@id\":\"https:\\\/\\\/cpxzx.com\\\/#organization\",\"name\":\"Cooling Tower Fill, China PVC Fills Manufacturer\",\"url\":\"https:\\\/\\\/cpxzx.com\\\/\",\"logo\":{\"@type\":\"ImageObject\",\"inLanguage\":\"tr\",\"@id\":\"https:\\\/\\\/cpxzx.com\\\/#\\\/schema\\\/logo\\\/image\\\/\",\"url\":\"https:\\\/\\\/cpxzx.com\\\/wp-content\\\/uploads\\\/2025\\\/07\\\/1751628807-logo.png\",\"contentUrl\":\"https:\\\/\\\/cpxzx.com\\\/wp-content\\\/uploads\\\/2025\\\/07\\\/1751628807-logo.png\",\"width\":383,\"height\":87,\"caption\":\"Cooling Tower Fill, China PVC Fills Manufacturer\"},\"image\":{\"@id\":\"https:\\\/\\\/cpxzx.com\\\/#\\\/schema\\\/logo\\\/image\\\/\"}}]}<\/script>\n<!-- \/ Yoast SEO plugin. -->","yoast_head_json":{"title":"Seramik Kelebek Y\u00fcz\u00fck","robots":{"index":"index","follow":"follow","max-snippet":"max-snippet:-1","max-image-preview":"max-image-preview:large","max-video-preview":"max-video-preview:-1"},"canonical":"https:\/\/cpxzx.com\/tr\/urun\/ceramic-butterfly-ring\/","og_locale":"tr_TR","og_type":"article","og_title":"Ceramic Butterfly Ring","og_description":"The ceramic butterfly rings are overlapped along the axial direction to form a conjugated structure. This special shape allows liquid to be evenly distributed across the filler surface. As vapor-liquid flows through the ceramic butterfly ring packing bed, resistance to vapor is significantly reduced, and the flux is greatly increased. The even distribution of vapor and liquid improves the contact interface, leading to enhanced mass transfer performance.","og_url":"https:\/\/cpxzx.com\/tr\/urun\/ceramic-butterfly-ring\/","og_site_name":"Cooling Tower Fill, China PVC Fills Manufacturer","article_modified_time":"2025-07-30T11:05:56+00:00","og_image":[{"width":550,"height":550,"url":"https:\/\/cpxzx.com\/wp-content\/uploads\/2025\/07\/Ceramic-Butterfly-Ring-Tower-Filling-Packing.jpg","type":"image\/jpeg"}],"twitter_card":"summary_large_image","twitter_misc":{"Tahmini okuma s\u00fcresi":"3 dakika"},"schema":{"@context":"https:\/\/schema.org","@graph":[{"@type":"WebPage","@id":"https:\/\/cpxzx.com\/product\/ceramic-butterfly-ring\/","url":"https:\/\/cpxzx.com\/product\/ceramic-butterfly-ring\/","name":"Seramik Kelebek Y\u00fcz\u00fck","isPartOf":{"@id":"https:\/\/cpxzx.com\/#website"},"primaryImageOfPage":{"@id":"https:\/\/cpxzx.com\/product\/ceramic-butterfly-ring\/#primaryimage"},"image":{"@id":"https:\/\/cpxzx.com\/product\/ceramic-butterfly-ring\/#primaryimage"},"thumbnailUrl":"https:\/\/cpxzx.com\/wp-content\/uploads\/2025\/07\/Ceramic-Butterfly-Ring-Tower-Filling-Packing.jpg","datePublished":"2025-07-24T08:37:02+00:00","dateModified":"2025-07-30T11:05:56+00:00","breadcrumb":{"@id":"https:\/\/cpxzx.com\/product\/ceramic-butterfly-ring\/#breadcrumb"},"inLanguage":"tr","potentialAction":[{"@type":"ReadAction","target":["https:\/\/cpxzx.com\/product\/ceramic-butterfly-ring\/"]}]},{"@type":"ImageObject","inLanguage":"tr","@id":"https:\/\/cpxzx.com\/product\/ceramic-butterfly-ring\/#primaryimage","url":"https:\/\/cpxzx.com\/wp-content\/uploads\/2025\/07\/Ceramic-Butterfly-Ring-Tower-Filling-Packing.jpg","contentUrl":"https:\/\/cpxzx.com\/wp-content\/uploads\/2025\/07\/Ceramic-Butterfly-Ring-Tower-Filling-Packing.jpg","width":550,"height":550},{"@type":"BreadcrumbList","@id":"https:\/\/cpxzx.com\/product\/ceramic-butterfly-ring\/#breadcrumb","itemListElement":[{"@type":"ListItem","position":1,"name":"Home","item":"https:\/\/cpxzx.com\/"},{"@type":"ListItem","position":2,"name":"Random Packing","item":"https:\/\/cpxzx.com\/pcategory\/random-packing\/"},{"@type":"ListItem","position":3,"name":"Ceramic Random Packing","item":"https:\/\/cpxzx.com\/pcategory\/random-packing\/ceramic-random-packing\/"},{"@type":"ListItem","position":4,"name":"Ceramic Butterfly Ring 19mm 25mm 38mm"}]},{"@type":"WebSite","@id":"https:\/\/cpxzx.com\/#website","url":"https:\/\/cpxzx.com\/","name":"So\u011futma Kulesi Dolgusu, \u00c7in PVC Dolgular \u00dcretici","description":"","publisher":{"@id":"https:\/\/cpxzx.com\/#organization"},"potentialAction":[{"@type":"SearchAction","target":{"@type":"EntryPoint","urlTemplate":"https:\/\/cpxzx.com\/?s={search_term_string}"},"query-input":{"@type":"PropertyValueSpecification","valueRequired":true,"valueName":"search_term_string"}}],"inLanguage":"tr"},{"@type":"Organization","@id":"https:\/\/cpxzx.com\/#organization","name":"So\u011futma Kulesi Dolgusu, \u00c7in PVC Dolgular \u00dcretici","url":"https:\/\/cpxzx.com\/","logo":{"@type":"ImageObject","inLanguage":"tr","@id":"https:\/\/cpxzx.com\/#\/schema\/logo\/image\/","url":"https:\/\/cpxzx.com\/wp-content\/uploads\/2025\/07\/1751628807-logo.png","contentUrl":"https:\/\/cpxzx.com\/wp-content\/uploads\/2025\/07\/1751628807-logo.png","width":383,"height":87,"caption":"Cooling Tower Fill, China PVC Fills Manufacturer"},"image":{"@id":"https:\/\/cpxzx.com\/#\/schema\/logo\/image\/"}}]}},"taxonomy_info":{"pcategory":[{"value":22,"label":"Random Packing"},{"value":24,"label":"Ceramic Random Packing"}]},"featured_image_src_large":["https:\/\/cpxzx.com\/wp-content\/uploads\/2025\/07\/Ceramic-Butterfly-Ring-Tower-Filling-Packing.jpg",550,550,false],"author_info":[],"comment_info":"","_links":{"self":[{"href":"https:\/\/cpxzx.com\/tr\/wp-json\/wp\/v2\/product\/2831","targetHints":{"allow":["GET"]}}],"collection":[{"href":"https:\/\/cpxzx.com\/tr\/wp-json\/wp\/v2\/product"}],"about":[{"href":"https:\/\/cpxzx.com\/tr\/wp-json\/wp\/v2\/types\/product"}],"wp:featuredmedia":[{"embeddable":true,"href":"https:\/\/cpxzx.com\/tr\/wp-json\/wp\/v2\/media\/2832"}],"wp:attachment":[{"href":"https:\/\/cpxzx.com\/tr\/wp-json\/wp\/v2\/media?parent=2831"}],"wp:term":[{"taxonomy":"pcategory","embeddable":true,"href":"https:\/\/cpxzx.com\/tr\/wp-json\/wp\/v2\/pcategory?post=2831"},{"taxonomy":"ptag","embeddable":true,"href":"https:\/\/cpxzx.com\/tr\/wp-json\/wp\/v2\/ptag?post=2831"}],"curies":[{"name":"wp","href":"https:\/\/api.w.org\/{rel}","templated":true}]}}