{"id":2825,"date":"2025-07-23T03:50:41","date_gmt":"2025-07-23T03:50:41","guid":{"rendered":"https:\/\/cpxzx.com\/?post_type=product&#038;p=2825"},"modified":"2025-07-30T11:08:29","modified_gmt":"2025-07-30T11:08:29","slug":"ceramic-super-intalox-saddle-ring","status":"publish","type":"product","link":"https:\/\/cpxzx.com\/tr\/urun\/ceramic-super-intalox-saddle-ring\/","title":{"rendered":"Seramik S\u00fcper Intalox Sele halkas\u0131 (16mm 25mm 38mm 50mm 76mm)"},"content":{"rendered":"<p><strong>Seramik S\u00fcper Intalox Sele Halkas\u0131<\/strong> klasik Intalox selesini geli\u015ftiren geli\u015fmi\u015f bir kule salmastras\u0131 t\u00fcr\u00fcd\u00fcr. Tasar\u0131m\u0131, k\u00fctle transferi uygulamalar\u0131nda \u00fcst\u00fcn performans sa\u011flayarak onu \u00e7e\u015fitli end\u00fcstriyel prosesler i\u00e7in en verimli salmastra malzemelerinden biri haline getirir. D\u00fc\u015f\u00fck bas\u0131n\u00e7 d\u00fc\u015f\u00fc\u015f\u00fc ve y\u00fcksek k\u00fctle aktar\u0131m verimlili\u011fi gibi \u00f6zellikleriyle, \u00f6zellikle kimya ve \u00e7evre end\u00fcstrilerinde genel performans a\u00e7\u0131s\u0131ndan \u00f6ne \u00e7\u0131kar.<\/p>\n<h2>Seramik S\u00fcper Intalox Selelerin Temel \u00d6zellikleri<\/h2>\n<ul class=\"list-paddingleft-2\">\n<li>Seramik Super Intalox Sele halkas\u0131, hidroflorik asit haricinde asitlere kar\u015f\u0131 m\u00fckemmel dirence sahiptir ve s\u00fclf\u00fcrik asit kurutma kuleleri de dahil olmak \u00fczere \u00e7ok \u00e7e\u015fitli uygulamalar i\u00e7in idealdir.<\/li>\n<li>Nem emilimi y\u00fczde yar\u0131mdan daha az bir de\u011ferle minimum d\u00fczeydedir ve bu da zaman i\u00e7inde istikrarl\u0131 performans sa\u011flar.<\/li>\n<li>Bu seramik eyerlerde kullan\u0131lan porselen malzemenin \u00f6zg\u00fcl a\u011f\u0131rl\u0131\u011f\u0131 2,3-2,4 g\/cm\u00b3't\u00fcr, bu da g\u00fc\u00e7 ve dayan\u0131kl\u0131l\u0131k sa\u011flar.<\/li>\n<li>Super Intalox seleler, 20\u00baC ve 500\u00baC s\u0131cakl\u0131klar aras\u0131nda ortalama 0,22 cal\/g.\u00baC \u0131s\u0131 kapasitesine sahiptir, bu da onlar\u0131 y\u00fcksek s\u0131cakl\u0131k uygulamalar\u0131 i\u00e7in uygun hale getirir.<\/li>\n<li>Minimum 1400\u00baC yumu\u015fama noktas\u0131na sahip bu seramik seleler, a\u015f\u0131r\u0131 termal ko\u015fullara dayanabilir ve 20\u00baC'den 820\u00baC'ye kadar tekrarlanan s\u0131cakl\u0131k d\u00f6ng\u00fcleri s\u0131ras\u0131nda iyi termal \u015fok direnci sergiler.<\/li>\n<\/ul>\n<h2>Seramik S\u00fcper Intalox Selelerin \u00d6zellikleri<\/h2>\n<table>\n<tbody>\n<tr>\n<th>Boyut (mm)<\/th>\n<th>Kal\u0131nl\u0131k (mm)<\/th>\n<th>\u00d6zg\u00fcl Y\u00fczey (m\u00b2\/m\u00b3)<\/th>\n<th>Bo\u015fluk Hacmi (%)<\/th>\n<th>Y\u0131\u011f\u0131n Say\u0131lar\u0131 (PCS\/M\u00b3)<\/th>\n<th>Paket Yo\u011funlu\u011fu (kg\/m\u00b3)<\/th>\n<\/tr>\n<tr>\n<td>1\u2033 (25mm)<\/td>\n<td>3-3.5<\/td>\n<td>160<\/td>\n<td>78<\/td>\n<td>53000<\/td>\n<td>650<\/td>\n<\/tr>\n<tr>\n<td>3\/2\" (38mm)<\/td>\n<td>4-5<\/td>\n<td>102<\/td>\n<td>80<\/td>\n<td>16000<\/td>\n<td>600<\/td>\n<\/tr>\n<tr>\n<td>2\u2033 (50mm)<\/td>\n<td>5-6<\/td>\n<td>88<\/td>\n<td>80<\/td>\n<td>7300<\/td>\n<td>580<\/td>\n<\/tr>\n<tr>\n<td>3\u2033 (76mm)<\/td>\n<td>8.5-9.5<\/td>\n<td>58<\/td>\n<td>82<\/td>\n<td>1800<\/td>\n<td>550<\/td>\n<\/tr>\n<\/tbody>\n<\/table>\n<h2>Seramik S\u00fcper Intalox Selelerin Avantajlar\u0131<\/h2>\n<p>Seramik S\u00fcper Intalox Seleler, di\u011fer kule paketleme malzemelerine g\u00f6re \u00e7ok say\u0131da avantaj sunar. \u00dcst\u00fcn kimyasal diren\u00e7leri ve termal kararl\u0131l\u0131klar\u0131, onlar\u0131 zorlu end\u00fcstriyel prosesler i\u00e7in ideal hale getirir. Ayr\u0131ca, d\u00fc\u015f\u00fck bas\u0131n\u00e7 d\u00fc\u015f\u00fc\u015f\u00fc ve y\u00fcksek k\u00fctle aktar\u0131m verimlili\u011fi, \u00e7e\u015fitli kimyasal reaksiyonlarda ve absorpsiyon proseslerinde performans\u0131 optimize etmeye yard\u0131mc\u0131 olur. Bu seramik salmastralar ayr\u0131ca uzun bir hizmet \u00f6mr\u00fc sa\u011flayarak s\u0131k s\u0131k de\u011fi\u015ftirme ve bak\u0131m ihtiyac\u0131n\u0131 azalt\u0131r. \u00d6zellikle s\u00fclf\u00fcrik asit kurutma kulelerinde, so\u011futma kulelerinde ve di\u011fer kule ekipman\u0131 t\u00fcrlerinde de\u011ferlidirler.<\/p>\n<h2>Seramik Eyer Uygulamalar\u0131<\/h2>\n<p>Seramik S\u00fcper Intalox Seleler \u00e7ok y\u00f6nl\u00fcd\u00fcr ve \u00e7e\u015fitli end\u00fcstrilerde yayg\u0131n olarak kullan\u0131lmaktad\u0131r. Genellikle kurutma kolonlar\u0131nda, emici kolonlarda, so\u011futma kulelerinde, y\u0131kama kulelerinde ve aktive edici kolonlarda bulunurlar. Uygulamalar\u0131 kimya end\u00fcstrisi, metal\u00fcrji end\u00fcstrisi, k\u00f6m\u00fcr gaz\u0131 end\u00fcstrisi ve oksijen \u00fcreten end\u00fcstrileri kapsar. \u0130ster gaz absorpsiyonu, ister kurutma veya so\u011futma prosesleri i\u00e7in olsun, bu seramik seleler end\u00fcstriyel operasyonlardaki karma\u015f\u0131k zorluklara etkili \u00e7\u00f6z\u00fcmler sunar.<\/p>\n<h2>Neden Seramik S\u00fcper Intalox Seleleri Se\u00e7melisiniz?<\/h2>\n<p>Seramik S\u00fcper Intalox Salmastralar\u0131n d\u00fc\u015f\u00fck bas\u0131n\u00e7 d\u00fc\u015f\u00fc\u015f\u00fc ve y\u00fcksek k\u00fctle transfer verimlili\u011fi gibi y\u00fcksek performans \u00f6zellikleri, onlar\u0131 \u00e7o\u011fu uygulama i\u00e7in tercih edilen se\u00e7enek haline getirmektedir. Di\u011fer salmastra malzemeleriyle k\u0131yasland\u0131\u011f\u0131nda, bu seramik seleler kullan\u0131ld\u0131klar\u0131 proseslerde maksimum verimlilik sa\u011flamada olduk\u00e7a etkilidir. Ek olarak, uzun \u00f6m\u00fcrl\u00fc dayan\u0131kl\u0131l\u0131klar\u0131 ve termal ve kimyasal hasara kar\u015f\u0131 diren\u00e7leri, zaman i\u00e7inde g\u00fcvenilir ve tutarl\u0131 performans sa\u011flayarak katma de\u011fer sa\u011flar.<\/p>\n<p>Genel olarak, Seramik S\u00fcper Intalox Seleler paketleme teknolojisinde en ileri noktay\u0131 temsil eder. \u0130ster s\u00fclf\u00fcrik asit kurutma kuleleri ister di\u011fer kule ekipmanlar\u0131 i\u00e7in \u00fcst\u00fcn ambalaj malzemesine ihtiyac\u0131n\u0131z olsun, bu seramik seleler ihtiya\u00e7lar\u0131n\u0131z i\u00e7in ideal \u00e7\u00f6z\u00fcm\u00fc sunar.<\/p>","protected":false},"excerpt":{"rendered":"<p>Seramik Intalox seleler asitlere ve \u0131s\u0131ya kar\u015f\u0131 son derece dayan\u0131kl\u0131d\u0131r, \u00e7o\u011fu inorganik ve organik asidin yan\u0131 s\u0131ra organik \u00e7\u00f6z\u00fcc\u00fclerin (hidroflorik asit hari\u00e7) neden oldu\u011fu korozyona dayanabilir. Hem y\u00fcksek hem de d\u00fc\u015f\u00fck s\u0131cakl\u0131k ko\u015fullar\u0131nda iyi performans g\u00f6sterirler, bu da onlar\u0131 \u00e7ok \u00e7e\u015fitli uygulamalar i\u00e7in \u00e7ok y\u00f6nl\u00fc hale getirir. Bu seleler \u00f6ncelikle kimyasallar, metal\u00fcrji, gaz ve oksijen \u00fcretimi gibi end\u00fcstrilerdeki kurutma kuleleri, absorpsiyon kuleleri, so\u011futma kuleleri ve y\u0131kama kulelerinde kullan\u0131l\u0131r. Performanslar\u0131, \u00f6zellikle RTO ekipman\u0131 gibi kimyasal\/petrokimyasal ve \u00e7evresel sekt\u00f6rlerde uygulamaya ba\u011fl\u0131 olarak de\u011fi\u015febilir.<\/p>","protected":false},"featured_media":2830,"parent":0,"template":"","meta":{"_acf_changed":false,"_kad_blocks_custom_css":"","_kad_blocks_head_custom_js":"","_kad_blocks_body_custom_js":"","_kad_blocks_footer_custom_js":"","_kadence_starter_templates_imported_post":false,"_kad_post_transparent":"default","_kad_post_title":"","_kad_post_layout":"default","_kad_post_sidebar_id":"","_kad_post_content_style":"default","_kad_post_vertical_padding":"default","_kad_post_feature":"","_kad_post_feature_position":"","_kad_post_header":false,"_kad_post_footer":false},"pcategory":[22,24],"ptag":[],"class_list":["post-2825","product","type-product","status-publish","has-post-thumbnail","hentry","pcategory-random-packing","pcategory-ceramic-random-packing"],"acf":[],"yoast_head":"<!-- This site is optimized with the Yoast SEO plugin v27.4 - https:\/\/yoast.com\/product\/yoast-seo-wordpress\/ -->\n<title>Ceramic Super Intalox Saddle ring<\/title>\n<meta name=\"robots\" content=\"index, follow, max-snippet:-1, max-image-preview:large, max-video-preview:-1\" \/>\n<link rel=\"canonical\" href=\"https:\/\/cpxzx.com\/tr\/urun\/ceramic-super-intalox-saddle-ring\/\" \/>\n<meta property=\"og:locale\" content=\"tr_TR\" \/>\n<meta property=\"og:type\" content=\"article\" \/>\n<meta property=\"og:title\" content=\"Ceramic Super Intalox Saddle ring\" \/>\n<meta property=\"og:description\" content=\"Ceramic Intalox saddles are highly resistant to acids and heat, able to withstand corrosion from most inorganic and organic acids, as well as organic solvents (except hydrofluoric acid). They perform well in both high and low temperature conditions, making them versatile for a wide range of applications. These saddles are primarily used in drying towers, absorption towers, cooling towers, and washing towers across industries such as chemicals, metallurgy, gas, and oxygen production. Their performance may vary depending on the application, particularly in the chemical\/petrochemical and environmental sectors like RTO equipment.\" \/>\n<meta property=\"og:url\" content=\"https:\/\/cpxzx.com\/tr\/urun\/ceramic-super-intalox-saddle-ring\/\" \/>\n<meta property=\"og:site_name\" content=\"Cooling Tower Fill, China PVC Fills Manufacturer\" \/>\n<meta property=\"article:modified_time\" content=\"2025-07-30T11:08:29+00:00\" \/>\n<meta property=\"og:image\" content=\"https:\/\/cpxzx.com\/wp-content\/uploads\/2025\/07\/Ceramic-Super-Intalox-Saddle-ring5.jpg\" \/>\n\t<meta property=\"og:image:width\" content=\"550\" \/>\n\t<meta property=\"og:image:height\" content=\"550\" \/>\n\t<meta property=\"og:image:type\" content=\"image\/jpeg\" \/>\n<meta name=\"twitter:card\" content=\"summary_large_image\" \/>\n<meta name=\"twitter:label1\" content=\"Tahmini okuma s\u00fcresi\" \/>\n\t<meta name=\"twitter:data1\" content=\"3 dakika\" \/>\n<script type=\"application\/ld+json\" class=\"yoast-schema-graph\">{\"@context\":\"https:\\\/\\\/schema.org\",\"@graph\":[{\"@type\":\"WebPage\",\"@id\":\"https:\\\/\\\/cpxzx.com\\\/product\\\/ceramic-super-intalox-saddle-ring\\\/\",\"url\":\"https:\\\/\\\/cpxzx.com\\\/product\\\/ceramic-super-intalox-saddle-ring\\\/\",\"name\":\"Ceramic Super Intalox Saddle ring\",\"isPartOf\":{\"@id\":\"https:\\\/\\\/cpxzx.com\\\/#website\"},\"primaryImageOfPage\":{\"@id\":\"https:\\\/\\\/cpxzx.com\\\/product\\\/ceramic-super-intalox-saddle-ring\\\/#primaryimage\"},\"image\":{\"@id\":\"https:\\\/\\\/cpxzx.com\\\/product\\\/ceramic-super-intalox-saddle-ring\\\/#primaryimage\"},\"thumbnailUrl\":\"https:\\\/\\\/cpxzx.com\\\/wp-content\\\/uploads\\\/2025\\\/07\\\/Ceramic-Super-Intalox-Saddle-ring5.jpg\",\"datePublished\":\"2025-07-23T03:50:41+00:00\",\"dateModified\":\"2025-07-30T11:08:29+00:00\",\"breadcrumb\":{\"@id\":\"https:\\\/\\\/cpxzx.com\\\/product\\\/ceramic-super-intalox-saddle-ring\\\/#breadcrumb\"},\"inLanguage\":\"tr\",\"potentialAction\":[{\"@type\":\"ReadAction\",\"target\":[\"https:\\\/\\\/cpxzx.com\\\/product\\\/ceramic-super-intalox-saddle-ring\\\/\"]}]},{\"@type\":\"ImageObject\",\"inLanguage\":\"tr\",\"@id\":\"https:\\\/\\\/cpxzx.com\\\/product\\\/ceramic-super-intalox-saddle-ring\\\/#primaryimage\",\"url\":\"https:\\\/\\\/cpxzx.com\\\/wp-content\\\/uploads\\\/2025\\\/07\\\/Ceramic-Super-Intalox-Saddle-ring5.jpg\",\"contentUrl\":\"https:\\\/\\\/cpxzx.com\\\/wp-content\\\/uploads\\\/2025\\\/07\\\/Ceramic-Super-Intalox-Saddle-ring5.jpg\",\"width\":550,\"height\":550},{\"@type\":\"BreadcrumbList\",\"@id\":\"https:\\\/\\\/cpxzx.com\\\/product\\\/ceramic-super-intalox-saddle-ring\\\/#breadcrumb\",\"itemListElement\":[{\"@type\":\"ListItem\",\"position\":1,\"name\":\"Home\",\"item\":\"https:\\\/\\\/cpxzx.com\\\/\"},{\"@type\":\"ListItem\",\"position\":2,\"name\":\"Random Packing\",\"item\":\"https:\\\/\\\/cpxzx.com\\\/pcategory\\\/random-packing\\\/\"},{\"@type\":\"ListItem\",\"position\":3,\"name\":\"Ceramic Random Packing\",\"item\":\"https:\\\/\\\/cpxzx.com\\\/pcategory\\\/random-packing\\\/ceramic-random-packing\\\/\"},{\"@type\":\"ListItem\",\"position\":4,\"name\":\"Ceramic Super Intalox Saddle ring(16mm 25mm 38mm 50mm 76mm)\"}]},{\"@type\":\"WebSite\",\"@id\":\"https:\\\/\\\/cpxzx.com\\\/#website\",\"url\":\"https:\\\/\\\/cpxzx.com\\\/\",\"name\":\"Cooling Tower Fill, China PVC Fills Manufacturer\",\"description\":\"\",\"publisher\":{\"@id\":\"https:\\\/\\\/cpxzx.com\\\/#organization\"},\"potentialAction\":[{\"@type\":\"SearchAction\",\"target\":{\"@type\":\"EntryPoint\",\"urlTemplate\":\"https:\\\/\\\/cpxzx.com\\\/?s={search_term_string}\"},\"query-input\":{\"@type\":\"PropertyValueSpecification\",\"valueRequired\":true,\"valueName\":\"search_term_string\"}}],\"inLanguage\":\"tr\"},{\"@type\":\"Organization\",\"@id\":\"https:\\\/\\\/cpxzx.com\\\/#organization\",\"name\":\"Cooling Tower Fill, China PVC Fills Manufacturer\",\"url\":\"https:\\\/\\\/cpxzx.com\\\/\",\"logo\":{\"@type\":\"ImageObject\",\"inLanguage\":\"tr\",\"@id\":\"https:\\\/\\\/cpxzx.com\\\/#\\\/schema\\\/logo\\\/image\\\/\",\"url\":\"https:\\\/\\\/cpxzx.com\\\/wp-content\\\/uploads\\\/2025\\\/07\\\/1751628807-logo.png\",\"contentUrl\":\"https:\\\/\\\/cpxzx.com\\\/wp-content\\\/uploads\\\/2025\\\/07\\\/1751628807-logo.png\",\"width\":383,\"height\":87,\"caption\":\"Cooling Tower Fill, China PVC Fills Manufacturer\"},\"image\":{\"@id\":\"https:\\\/\\\/cpxzx.com\\\/#\\\/schema\\\/logo\\\/image\\\/\"}}]}<\/script>\n<!-- \/ Yoast SEO plugin. -->","yoast_head_json":{"title":"Ceramic Super Intalox Saddle ring","robots":{"index":"index","follow":"follow","max-snippet":"max-snippet:-1","max-image-preview":"max-image-preview:large","max-video-preview":"max-video-preview:-1"},"canonical":"https:\/\/cpxzx.com\/tr\/urun\/ceramic-super-intalox-saddle-ring\/","og_locale":"tr_TR","og_type":"article","og_title":"Ceramic Super Intalox Saddle ring","og_description":"Ceramic Intalox saddles are highly resistant to acids and heat, able to withstand corrosion from most inorganic and organic acids, as well as organic solvents (except hydrofluoric acid). They perform well in both high and low temperature conditions, making them versatile for a wide range of applications. These saddles are primarily used in drying towers, absorption towers, cooling towers, and washing towers across industries such as chemicals, metallurgy, gas, and oxygen production. Their performance may vary depending on the application, particularly in the chemical\/petrochemical and environmental sectors like RTO equipment.","og_url":"https:\/\/cpxzx.com\/tr\/urun\/ceramic-super-intalox-saddle-ring\/","og_site_name":"Cooling Tower Fill, China PVC Fills Manufacturer","article_modified_time":"2025-07-30T11:08:29+00:00","og_image":[{"width":550,"height":550,"url":"https:\/\/cpxzx.com\/wp-content\/uploads\/2025\/07\/Ceramic-Super-Intalox-Saddle-ring5.jpg","type":"image\/jpeg"}],"twitter_card":"summary_large_image","twitter_misc":{"Tahmini okuma s\u00fcresi":"3 dakika"},"schema":{"@context":"https:\/\/schema.org","@graph":[{"@type":"WebPage","@id":"https:\/\/cpxzx.com\/product\/ceramic-super-intalox-saddle-ring\/","url":"https:\/\/cpxzx.com\/product\/ceramic-super-intalox-saddle-ring\/","name":"Ceramic Super Intalox Saddle ring","isPartOf":{"@id":"https:\/\/cpxzx.com\/#website"},"primaryImageOfPage":{"@id":"https:\/\/cpxzx.com\/product\/ceramic-super-intalox-saddle-ring\/#primaryimage"},"image":{"@id":"https:\/\/cpxzx.com\/product\/ceramic-super-intalox-saddle-ring\/#primaryimage"},"thumbnailUrl":"https:\/\/cpxzx.com\/wp-content\/uploads\/2025\/07\/Ceramic-Super-Intalox-Saddle-ring5.jpg","datePublished":"2025-07-23T03:50:41+00:00","dateModified":"2025-07-30T11:08:29+00:00","breadcrumb":{"@id":"https:\/\/cpxzx.com\/product\/ceramic-super-intalox-saddle-ring\/#breadcrumb"},"inLanguage":"tr","potentialAction":[{"@type":"ReadAction","target":["https:\/\/cpxzx.com\/product\/ceramic-super-intalox-saddle-ring\/"]}]},{"@type":"ImageObject","inLanguage":"tr","@id":"https:\/\/cpxzx.com\/product\/ceramic-super-intalox-saddle-ring\/#primaryimage","url":"https:\/\/cpxzx.com\/wp-content\/uploads\/2025\/07\/Ceramic-Super-Intalox-Saddle-ring5.jpg","contentUrl":"https:\/\/cpxzx.com\/wp-content\/uploads\/2025\/07\/Ceramic-Super-Intalox-Saddle-ring5.jpg","width":550,"height":550},{"@type":"BreadcrumbList","@id":"https:\/\/cpxzx.com\/product\/ceramic-super-intalox-saddle-ring\/#breadcrumb","itemListElement":[{"@type":"ListItem","position":1,"name":"Home","item":"https:\/\/cpxzx.com\/"},{"@type":"ListItem","position":2,"name":"Random Packing","item":"https:\/\/cpxzx.com\/pcategory\/random-packing\/"},{"@type":"ListItem","position":3,"name":"Ceramic Random Packing","item":"https:\/\/cpxzx.com\/pcategory\/random-packing\/ceramic-random-packing\/"},{"@type":"ListItem","position":4,"name":"Ceramic Super Intalox Saddle ring(16mm 25mm 38mm 50mm 76mm)"}]},{"@type":"WebSite","@id":"https:\/\/cpxzx.com\/#website","url":"https:\/\/cpxzx.com\/","name":"So\u011futma Kulesi Dolgusu, \u00c7in PVC Dolgular \u00dcretici","description":"","publisher":{"@id":"https:\/\/cpxzx.com\/#organization"},"potentialAction":[{"@type":"SearchAction","target":{"@type":"EntryPoint","urlTemplate":"https:\/\/cpxzx.com\/?s={search_term_string}"},"query-input":{"@type":"PropertyValueSpecification","valueRequired":true,"valueName":"search_term_string"}}],"inLanguage":"tr"},{"@type":"Organization","@id":"https:\/\/cpxzx.com\/#organization","name":"So\u011futma Kulesi Dolgusu, \u00c7in PVC Dolgular \u00dcretici","url":"https:\/\/cpxzx.com\/","logo":{"@type":"ImageObject","inLanguage":"tr","@id":"https:\/\/cpxzx.com\/#\/schema\/logo\/image\/","url":"https:\/\/cpxzx.com\/wp-content\/uploads\/2025\/07\/1751628807-logo.png","contentUrl":"https:\/\/cpxzx.com\/wp-content\/uploads\/2025\/07\/1751628807-logo.png","width":383,"height":87,"caption":"Cooling Tower Fill, China PVC Fills Manufacturer"},"image":{"@id":"https:\/\/cpxzx.com\/#\/schema\/logo\/image\/"}}]}},"taxonomy_info":{"pcategory":[{"value":22,"label":"Random Packing"},{"value":24,"label":"Ceramic Random Packing"}]},"featured_image_src_large":["https:\/\/cpxzx.com\/wp-content\/uploads\/2025\/07\/Ceramic-Super-Intalox-Saddle-ring5.jpg",550,550,false],"author_info":[],"comment_info":"","_links":{"self":[{"href":"https:\/\/cpxzx.com\/tr\/wp-json\/wp\/v2\/product\/2825","targetHints":{"allow":["GET"]}}],"collection":[{"href":"https:\/\/cpxzx.com\/tr\/wp-json\/wp\/v2\/product"}],"about":[{"href":"https:\/\/cpxzx.com\/tr\/wp-json\/wp\/v2\/types\/product"}],"wp:featuredmedia":[{"embeddable":true,"href":"https:\/\/cpxzx.com\/tr\/wp-json\/wp\/v2\/media\/2830"}],"wp:attachment":[{"href":"https:\/\/cpxzx.com\/tr\/wp-json\/wp\/v2\/media?parent=2825"}],"wp:term":[{"taxonomy":"pcategory","embeddable":true,"href":"https:\/\/cpxzx.com\/tr\/wp-json\/wp\/v2\/pcategory?post=2825"},{"taxonomy":"ptag","embeddable":true,"href":"https:\/\/cpxzx.com\/tr\/wp-json\/wp\/v2\/ptag?post=2825"}],"curies":[{"name":"wp","href":"https:\/\/api.w.org\/{rel}","templated":true}]}}