{"id":2819,"date":"2025-07-21T09:33:28","date_gmt":"2025-07-21T09:33:28","guid":{"rendered":"https:\/\/cpxzx.com\/?post_type=product&#038;p=2819"},"modified":"2025-07-30T11:09:22","modified_gmt":"2025-07-30T11:09:22","slug":"metal-super-raschig-ring","status":"publish","type":"product","link":"https:\/\/cpxzx.com\/tr\/urun\/metal-super-raschig-ring\/","title":{"rendered":"Metal S\u00fcper Raschig Halkas\u0131 (8mm 25mm 50mm 89mm SS304 SS316)"},"content":{"rendered":"<p>1995'teki tan\u0131t\u0131m\u0131ndan bu yana <strong>Metal S\u00fcper Raschig Y\u00fcz\u00fck<\/strong> \u00e7e\u015fitli end\u00fcstriyel proseslerde temel bir malzeme haline gelmi\u015ftir. Daha \u00f6nceki salmastra malzemeleriyle kar\u015f\u0131la\u015ft\u0131r\u0131ld\u0131\u011f\u0131nda, bu metal s\u00fcper Raschig halkalar\u0131, b\u00fcy\u00fck gaz y\u00fcklerinde kar\u015f\u0131la\u015f\u0131lan yayg\u0131n bir sorun olan damlac\u0131k olu\u015fumunu en aza indirerek \u00f6nemli bir avantaj sunar. Bu geli\u015fme, k\u00fctle transfer kolonlar\u0131nda ve kimyasal reakt\u00f6rlerde daha sorunsuz \u00e7al\u0131\u015fma sa\u011flar. Metal s\u00fcper Raschig halkalar\u0131, ola\u011fan\u00fcst\u00fc \u00f6zellikleri nedeniyle petrokimya, rafinaj, \u00e7evre ve g\u00fcbre end\u00fcstrilerinde yayg\u0131n olarak kullan\u0131lmaktad\u0131r.<\/p>\n<h2>Metal S\u00fcper Raschig Halkalar\u0131n\u0131n Temel \u00d6zellikleri<\/h2>\n<ul>\n<li><strong>Malzeme Se\u00e7enekleri:<\/strong> \u00c7e\u015fitli uygulama ihtiya\u00e7lar\u0131n\u0131 kar\u015f\u0131layan karbon \u00e7eli\u011fi, SS304, SS304L, SS410, SS316 ve SS316L dahil olmak \u00fczere bir dizi malzeme mevcuttur.<\/li>\n<li><strong>Y\u00fcksek Y\u00fckleme Kapasitesi:<\/strong> Metal s\u00fcper Raschig halkas\u0131, minimum bas\u0131n\u00e7 d\u00fc\u015f\u00fc\u015f\u00fc ile y\u00fcksek y\u00fckleme kapasitesi sunarak zorlu end\u00fcstriyel prosesler i\u00e7in ideal bir se\u00e7imdir.<\/li>\n<li><strong>D\u00fczg\u00fcn Gaz-S\u0131v\u0131 Da\u011f\u0131l\u0131m\u0131:<\/strong> Bu halkalar, salmastra boyunca tutarl\u0131 gaz-s\u0131v\u0131 da\u011f\u0131l\u0131m\u0131 sa\u011flayarak optimum k\u00fctle aktar\u0131m verimlili\u011fini te\u015fvik eder.<\/li>\n<li><strong>Y\u00fcksek Mekanik Dayan\u0131m:<\/strong> Zorlu ko\u015fullara dayanacak \u015fekilde tasarlanan metal s\u00fcper Raschig halkas\u0131, uzun \u00f6m\u00fcrl\u00fc performans ve kolay kullan\u0131m sa\u011flayan y\u00fcksek k\u0131rma mukavemetine sahiptir.<\/li>\n<li><strong>Verimli K\u00fctle Transferi:<\/strong> Metal s\u00fcper Raschig halkalar\u0131, genel proses performans\u0131n\u0131 iyile\u015ftiren m\u00fckemmel k\u00fctle aktar\u0131m verimlilikleriyle bilinir.<\/li>\n<\/ul>\n<h2>Metal S\u00fcper Raschig Halkas\u0131n\u0131n \u00d6zellikleri<\/h2>\n<table border=\"1\">\n<thead>\n<tr>\n<th>Boyut (\u0130n\u00e7)<\/th>\n<th>Y\u0131\u011f\u0131n Yo\u011funlu\u011fu (304, kg\/m\u00b3)<\/th>\n<th>Say\u0131 (m\u00b3 ba\u015f\u0131na)<\/th>\n<th>Y\u00fczey Alan\u0131 (m\u00b2\/m\u00b3)<\/th>\n<th>Serbest Hacim (%)<\/th>\n<th>Kuru Paketleme Fakt\u00f6r\u00fc (m-1)<\/th>\n<\/tr>\n<\/thead>\n<tbody>\n<tr>\n<td>0.3&#8243;<\/td>\n<td>230<\/td>\n<td>180,000<\/td>\n<td>315<\/td>\n<td>97.1<\/td>\n<td>343.9<\/td>\n<\/tr>\n<tr>\n<td>0.5&#8243;<\/td>\n<td>275<\/td>\n<td>145,000<\/td>\n<td>250<\/td>\n<td>96.5<\/td>\n<td>278<\/td>\n<\/tr>\n<tr>\n<td>0.6&#8243;<\/td>\n<td>310<\/td>\n<td>145,000<\/td>\n<td>215<\/td>\n<td>96.1<\/td>\n<td>393.2<\/td>\n<\/tr>\n<tr>\n<td>0.7&#8243;<\/td>\n<td>240<\/td>\n<td>45,500<\/td>\n<td>180<\/td>\n<td>97<\/td>\n<td>242.2<\/td>\n<\/tr>\n<tr>\n<td>1.0&#8243;<\/td>\n<td>220<\/td>\n<td>32,000<\/td>\n<td>150<\/td>\n<td>97.2<\/td>\n<td>163.3<\/td>\n<\/tr>\n<tr>\n<td>1.5&#8243;<\/td>\n<td>170<\/td>\n<td>13,100<\/td>\n<td>120<\/td>\n<td>97.8<\/td>\n<td>128<\/td>\n<\/tr>\n<tr>\n<td>2&#8243;<\/td>\n<td>165<\/td>\n<td>9,500<\/td>\n<td>100<\/td>\n<td>97.9<\/td>\n<td>106.5<\/td>\n<\/tr>\n<tr>\n<td>3&#8243;<\/td>\n<td>150<\/td>\n<td>4,300<\/td>\n<td>80<\/td>\n<td>98.1<\/td>\n<td>84.7<\/td>\n<\/tr>\n<tr>\n<td>3.5&#8243;<\/td>\n<td>150<\/td>\n<td>3,600<\/td>\n<td>67<\/td>\n<td>98.1<\/td>\n<td>71<\/td>\n<\/tr>\n<\/tbody>\n<\/table>\n<h2>Metal S\u00fcper Raschig Halkalar\u0131n\u0131n Avantajlar\u0131<\/h2>\n<ul>\n<li><strong>Y\u00fcksek Mekanik Dayan\u0131m:<\/strong> Metal s\u00fcper Raschig halkalar\u0131, zorlu ortamlara ve y\u00fcksek operasyonel gerilimlere dayanacak \u015fekilde tasarlanm\u0131\u015ft\u0131r ve uzun \u00f6m\u00fcr ve dayan\u0131kl\u0131l\u0131k sa\u011flar.<\/li>\n<li><strong>Y\u00fcksek Verim ve Minimum Bas\u0131n\u00e7 D\u00fc\u015f\u00fc\u015f\u00fc:<\/strong> Bu halkalar y\u00fcksek verim gerektiren uygulamalar i\u00e7in idealdir, bas\u0131n\u00e7 d\u00fc\u015f\u00fc\u015f\u00fcnden kaynaklanan enerji kayb\u0131n\u0131 en aza indirirken etkili ay\u0131rma ve k\u00fctle transferi sa\u011flar.<\/li>\n<li><strong>Korozyon Direnci:<\/strong> Metal s\u00fcper Raschig halkalar\u0131nda kullan\u0131lan SS316 ve SS304 gibi malzemeler, korozyona kar\u015f\u0131 m\u00fckemmel diren\u00e7 sunarak agresif ortamlarda daha uzun bir hizmet \u00f6mr\u00fc sa\u011flar.<\/li>\n<li><strong>\u00c7e\u015fitli Uygulamalar i\u00e7in Uygun:<\/strong> Bu halkalar \u00e7ok y\u00f6nl\u00fcd\u00fcr ve \u00f6zellikle vakumlu dam\u0131tma kuleleri olmak \u00fczere petrokimya, ar\u0131tma ve \u00e7evre koruma gibi \u00e7e\u015fitli sekt\u00f6rlerde kullan\u0131labilir.<\/li>\n<\/ul>\n<h2>Metal S\u00fcper Raschig Halkalar\u0131n\u0131n Uygulamalar\u0131<\/h2>\n<p>Bu <strong>Metal S\u00fcper Raschig Y\u00fcz\u00fck<\/strong> \u00f6zellikle petrokimya, ar\u0131tma, g\u00fcbre \u00fcretimi ve \u00e7evre koruma gibi end\u00fcstrilerin paketlenmi\u015f kulelerinde kullan\u0131m i\u00e7in uygundur. Sa\u011flam mekanik \u00f6zellikleri ve y\u00fcksek y\u00fckleme kapasitesi, vakum dam\u0131tma kuleleri gibi zorlu uygulamalar i\u00e7in m\u00fckemmeldir. Ayr\u0131ca, bu halkalar\u0131n homojen gaz-s\u0131v\u0131 da\u011f\u0131l\u0131m\u0131, \u00e7e\u015fitli k\u00fctle aktar\u0131m s\u00fcre\u00e7lerinde optimum performansa yol a\u00e7arak end\u00fcstriyel operasyonlar\u0131n verimlili\u011fini ve g\u00fcvenilirli\u011fini art\u0131r\u0131r.<\/p>\n<h2>Sonu\u00e7<\/h2>\n<p>M\u00fckemmel mekanik mukavemeti, y\u00fcksek verimlili\u011fi ve \u00fcst\u00fcn k\u00fctle aktar\u0131m verimlili\u011fi ile <strong>Metal S\u00fcper Raschig Y\u00fcz\u00fck<\/strong> \u00e7ok say\u0131da end\u00fcstriyel proseste vazge\u00e7ilmez bir ara\u00e7 olarak \u00f6ne \u00e7\u0131kmaktad\u0131r. \u0130ster bir kimyasal reakt\u00f6rde y\u00fcksek performansl\u0131 salmastraya ihtiya\u00e7 duyuyor olun, ister vakumlu dam\u0131tma kulesi i\u00e7in g\u00fcvenilir malzemeler ar\u0131yor olun, metal s\u00fcper Raschig halkas\u0131 \u00e7\u00f6z\u00fcmd\u00fcr. Bu geli\u015fmi\u015f ambalaj malzemesini se\u00e7erek, optimum proses verimlili\u011fi, minimum bak\u0131m ve uzun bir hizmet \u00f6mr\u00fc sa\u011flars\u0131n\u0131z, bu da onu her t\u00fcrl\u00fc end\u00fcstriyel uygulama i\u00e7in ak\u0131ll\u0131ca bir yat\u0131r\u0131m haline getirir.<\/p>","protected":false},"excerpt":{"rendered":"<p>S\u00fcper Raschig Halkas\u0131, a\u011f\u0131r hizmet tipi end\u00fcstriyel paketleme i\u00e7in en uygun \u00e7\u00f6z\u00fcm\u00fc sunar. Geleneksel \u015fekillerin aksine, genellikle b\u00fcy\u00fck gaz y\u00fcklerinde g\u00f6r\u00fclen damlac\u0131k olu\u015fumunu \u00f6nler. Geleneksel metal salmastralara k\u0131yasla 30%'den fazla daha y\u00fcksek y\u00fck kapasitesi, 70% daha d\u00fc\u015f\u00fck bas\u0131n\u00e7 d\u00fc\u015f\u00fc\u015f\u00fc ve 10%'den fazla iyile\u015ftirilmi\u015f k\u00fctle aktar\u0131m verimlili\u011fi ile petrokimya, g\u00fcbre ve \u00e7evre koruma end\u00fcstrilerinde yayg\u0131n olarak kullan\u0131lmaktad\u0131r. Karbon \u00e7eli\u011fi, SS304, SS304L, SS410, SS316 ve SS316L gibi malzemelerde mevcuttur.<\/p>","protected":false},"featured_media":2822,"parent":0,"template":"","meta":{"_acf_changed":false,"_kad_blocks_custom_css":"","_kad_blocks_head_custom_js":"","_kad_blocks_body_custom_js":"","_kad_blocks_footer_custom_js":"","_kadence_starter_templates_imported_post":false,"_kad_post_transparent":"default","_kad_post_title":"","_kad_post_layout":"default","_kad_post_sidebar_id":"","_kad_post_content_style":"default","_kad_post_vertical_padding":"default","_kad_post_feature":"","_kad_post_feature_position":"","_kad_post_header":false,"_kad_post_footer":false},"pcategory":[22,23],"ptag":[],"class_list":["post-2819","product","type-product","status-publish","has-post-thumbnail","hentry","pcategory-random-packing","pcategory-metal-random-packing"],"acf":[],"yoast_head":"<!-- This site is optimized with the Yoast SEO plugin v27.4 - https:\/\/yoast.com\/product\/yoast-seo-wordpress\/ -->\n<title>Metal Super Raschig Ring SS304 SS316<\/title>\n<meta name=\"robots\" content=\"index, follow, max-snippet:-1, max-image-preview:large, max-video-preview:-1\" \/>\n<link rel=\"canonical\" href=\"https:\/\/cpxzx.com\/tr\/urun\/metal-super-raschig-ring\/\" \/>\n<meta property=\"og:locale\" content=\"tr_TR\" \/>\n<meta property=\"og:type\" content=\"article\" \/>\n<meta property=\"og:title\" content=\"Metal Super Raschig Ring SS304 SS316\" \/>\n<meta property=\"og:description\" content=\"The Super Raschig Ring offers an optimal solution for heavy-duty industrial packing. Unlike traditional shapes, it prevents droplet formation, commonly seen with large gas loads. With over 30% higher load capacity, 70% lower pressure drop, and more than 10% improved mass transfer efficiency compared to conventional metal packing, it is widely used in petrochemical, fertilizer, and environmental protection industries. Available in materials like carbon steel, SS304, SS304L, SS410, SS316, and SS316L.\" \/>\n<meta property=\"og:url\" content=\"https:\/\/cpxzx.com\/tr\/urun\/metal-super-raschig-ring\/\" \/>\n<meta property=\"og:site_name\" content=\"Cooling Tower Fill, China PVC Fills Manufacturer\" \/>\n<meta property=\"article:modified_time\" content=\"2025-07-30T11:09:22+00:00\" \/>\n<meta property=\"og:image\" content=\"https:\/\/cpxzx.com\/wp-content\/uploads\/2025\/07\/SS304-316-Metal-Super-Raschig.jpg\" \/>\n\t<meta property=\"og:image:width\" content=\"550\" \/>\n\t<meta property=\"og:image:height\" content=\"550\" \/>\n\t<meta property=\"og:image:type\" content=\"image\/jpeg\" \/>\n<meta name=\"twitter:card\" content=\"summary_large_image\" \/>\n<meta name=\"twitter:label1\" content=\"Tahmini okuma s\u00fcresi\" \/>\n\t<meta name=\"twitter:data1\" content=\"3 dakika\" \/>\n<script type=\"application\/ld+json\" class=\"yoast-schema-graph\">{\"@context\":\"https:\\\/\\\/schema.org\",\"@graph\":[{\"@type\":\"WebPage\",\"@id\":\"https:\\\/\\\/cpxzx.com\\\/product\\\/metal-super-raschig-ring\\\/\",\"url\":\"https:\\\/\\\/cpxzx.com\\\/product\\\/metal-super-raschig-ring\\\/\",\"name\":\"Metal Super Raschig Ring SS304 SS316\",\"isPartOf\":{\"@id\":\"https:\\\/\\\/cpxzx.com\\\/#website\"},\"primaryImageOfPage\":{\"@id\":\"https:\\\/\\\/cpxzx.com\\\/product\\\/metal-super-raschig-ring\\\/#primaryimage\"},\"image\":{\"@id\":\"https:\\\/\\\/cpxzx.com\\\/product\\\/metal-super-raschig-ring\\\/#primaryimage\"},\"thumbnailUrl\":\"https:\\\/\\\/cpxzx.com\\\/wp-content\\\/uploads\\\/2025\\\/07\\\/SS304-316-Metal-Super-Raschig.jpg\",\"datePublished\":\"2025-07-21T09:33:28+00:00\",\"dateModified\":\"2025-07-30T11:09:22+00:00\",\"breadcrumb\":{\"@id\":\"https:\\\/\\\/cpxzx.com\\\/product\\\/metal-super-raschig-ring\\\/#breadcrumb\"},\"inLanguage\":\"tr\",\"potentialAction\":[{\"@type\":\"ReadAction\",\"target\":[\"https:\\\/\\\/cpxzx.com\\\/product\\\/metal-super-raschig-ring\\\/\"]}]},{\"@type\":\"ImageObject\",\"inLanguage\":\"tr\",\"@id\":\"https:\\\/\\\/cpxzx.com\\\/product\\\/metal-super-raschig-ring\\\/#primaryimage\",\"url\":\"https:\\\/\\\/cpxzx.com\\\/wp-content\\\/uploads\\\/2025\\\/07\\\/SS304-316-Metal-Super-Raschig.jpg\",\"contentUrl\":\"https:\\\/\\\/cpxzx.com\\\/wp-content\\\/uploads\\\/2025\\\/07\\\/SS304-316-Metal-Super-Raschig.jpg\",\"width\":550,\"height\":550},{\"@type\":\"BreadcrumbList\",\"@id\":\"https:\\\/\\\/cpxzx.com\\\/product\\\/metal-super-raschig-ring\\\/#breadcrumb\",\"itemListElement\":[{\"@type\":\"ListItem\",\"position\":1,\"name\":\"Home\",\"item\":\"https:\\\/\\\/cpxzx.com\\\/\"},{\"@type\":\"ListItem\",\"position\":2,\"name\":\"Random Packing\",\"item\":\"https:\\\/\\\/cpxzx.com\\\/pcategory\\\/random-packing\\\/\"},{\"@type\":\"ListItem\",\"position\":3,\"name\":\"Metal Random Packing\",\"item\":\"https:\\\/\\\/cpxzx.com\\\/pcategory\\\/random-packing\\\/metal-random-packing\\\/\"},{\"@type\":\"ListItem\",\"position\":4,\"name\":\"Metal Super Raschig Ring(8mm 25mm 50mm 89mm SS304 SS316)\"}]},{\"@type\":\"WebSite\",\"@id\":\"https:\\\/\\\/cpxzx.com\\\/#website\",\"url\":\"https:\\\/\\\/cpxzx.com\\\/\",\"name\":\"Cooling Tower Fill, China PVC Fills Manufacturer\",\"description\":\"\",\"publisher\":{\"@id\":\"https:\\\/\\\/cpxzx.com\\\/#organization\"},\"potentialAction\":[{\"@type\":\"SearchAction\",\"target\":{\"@type\":\"EntryPoint\",\"urlTemplate\":\"https:\\\/\\\/cpxzx.com\\\/?s={search_term_string}\"},\"query-input\":{\"@type\":\"PropertyValueSpecification\",\"valueRequired\":true,\"valueName\":\"search_term_string\"}}],\"inLanguage\":\"tr\"},{\"@type\":\"Organization\",\"@id\":\"https:\\\/\\\/cpxzx.com\\\/#organization\",\"name\":\"Cooling Tower Fill, China PVC Fills Manufacturer\",\"url\":\"https:\\\/\\\/cpxzx.com\\\/\",\"logo\":{\"@type\":\"ImageObject\",\"inLanguage\":\"tr\",\"@id\":\"https:\\\/\\\/cpxzx.com\\\/#\\\/schema\\\/logo\\\/image\\\/\",\"url\":\"https:\\\/\\\/cpxzx.com\\\/wp-content\\\/uploads\\\/2025\\\/07\\\/1751628807-logo.png\",\"contentUrl\":\"https:\\\/\\\/cpxzx.com\\\/wp-content\\\/uploads\\\/2025\\\/07\\\/1751628807-logo.png\",\"width\":383,\"height\":87,\"caption\":\"Cooling Tower Fill, China PVC Fills Manufacturer\"},\"image\":{\"@id\":\"https:\\\/\\\/cpxzx.com\\\/#\\\/schema\\\/logo\\\/image\\\/\"}}]}<\/script>\n<!-- \/ Yoast SEO plugin. -->","yoast_head_json":{"title":"Metal S\u00fcper Raschig Halkas\u0131 SS304 SS316","robots":{"index":"index","follow":"follow","max-snippet":"max-snippet:-1","max-image-preview":"max-image-preview:large","max-video-preview":"max-video-preview:-1"},"canonical":"https:\/\/cpxzx.com\/tr\/urun\/metal-super-raschig-ring\/","og_locale":"tr_TR","og_type":"article","og_title":"Metal Super Raschig Ring SS304 SS316","og_description":"The Super Raschig Ring offers an optimal solution for heavy-duty industrial packing. Unlike traditional shapes, it prevents droplet formation, commonly seen with large gas loads. With over 30% higher load capacity, 70% lower pressure drop, and more than 10% improved mass transfer efficiency compared to conventional metal packing, it is widely used in petrochemical, fertilizer, and environmental protection industries. Available in materials like carbon steel, SS304, SS304L, SS410, SS316, and SS316L.","og_url":"https:\/\/cpxzx.com\/tr\/urun\/metal-super-raschig-ring\/","og_site_name":"Cooling Tower Fill, China PVC Fills Manufacturer","article_modified_time":"2025-07-30T11:09:22+00:00","og_image":[{"width":550,"height":550,"url":"https:\/\/cpxzx.com\/wp-content\/uploads\/2025\/07\/SS304-316-Metal-Super-Raschig.jpg","type":"image\/jpeg"}],"twitter_card":"summary_large_image","twitter_misc":{"Tahmini okuma s\u00fcresi":"3 dakika"},"schema":{"@context":"https:\/\/schema.org","@graph":[{"@type":"WebPage","@id":"https:\/\/cpxzx.com\/product\/metal-super-raschig-ring\/","url":"https:\/\/cpxzx.com\/product\/metal-super-raschig-ring\/","name":"Metal S\u00fcper Raschig Halkas\u0131 SS304 SS316","isPartOf":{"@id":"https:\/\/cpxzx.com\/#website"},"primaryImageOfPage":{"@id":"https:\/\/cpxzx.com\/product\/metal-super-raschig-ring\/#primaryimage"},"image":{"@id":"https:\/\/cpxzx.com\/product\/metal-super-raschig-ring\/#primaryimage"},"thumbnailUrl":"https:\/\/cpxzx.com\/wp-content\/uploads\/2025\/07\/SS304-316-Metal-Super-Raschig.jpg","datePublished":"2025-07-21T09:33:28+00:00","dateModified":"2025-07-30T11:09:22+00:00","breadcrumb":{"@id":"https:\/\/cpxzx.com\/product\/metal-super-raschig-ring\/#breadcrumb"},"inLanguage":"tr","potentialAction":[{"@type":"ReadAction","target":["https:\/\/cpxzx.com\/product\/metal-super-raschig-ring\/"]}]},{"@type":"ImageObject","inLanguage":"tr","@id":"https:\/\/cpxzx.com\/product\/metal-super-raschig-ring\/#primaryimage","url":"https:\/\/cpxzx.com\/wp-content\/uploads\/2025\/07\/SS304-316-Metal-Super-Raschig.jpg","contentUrl":"https:\/\/cpxzx.com\/wp-content\/uploads\/2025\/07\/SS304-316-Metal-Super-Raschig.jpg","width":550,"height":550},{"@type":"BreadcrumbList","@id":"https:\/\/cpxzx.com\/product\/metal-super-raschig-ring\/#breadcrumb","itemListElement":[{"@type":"ListItem","position":1,"name":"Home","item":"https:\/\/cpxzx.com\/"},{"@type":"ListItem","position":2,"name":"Random Packing","item":"https:\/\/cpxzx.com\/pcategory\/random-packing\/"},{"@type":"ListItem","position":3,"name":"Metal Random Packing","item":"https:\/\/cpxzx.com\/pcategory\/random-packing\/metal-random-packing\/"},{"@type":"ListItem","position":4,"name":"Metal Super Raschig Ring(8mm 25mm 50mm 89mm SS304 SS316)"}]},{"@type":"WebSite","@id":"https:\/\/cpxzx.com\/#website","url":"https:\/\/cpxzx.com\/","name":"So\u011futma Kulesi Dolgusu, \u00c7in PVC Dolgular \u00dcretici","description":"","publisher":{"@id":"https:\/\/cpxzx.com\/#organization"},"potentialAction":[{"@type":"SearchAction","target":{"@type":"EntryPoint","urlTemplate":"https:\/\/cpxzx.com\/?s={search_term_string}"},"query-input":{"@type":"PropertyValueSpecification","valueRequired":true,"valueName":"search_term_string"}}],"inLanguage":"tr"},{"@type":"Organization","@id":"https:\/\/cpxzx.com\/#organization","name":"So\u011futma Kulesi Dolgusu, \u00c7in PVC Dolgular \u00dcretici","url":"https:\/\/cpxzx.com\/","logo":{"@type":"ImageObject","inLanguage":"tr","@id":"https:\/\/cpxzx.com\/#\/schema\/logo\/image\/","url":"https:\/\/cpxzx.com\/wp-content\/uploads\/2025\/07\/1751628807-logo.png","contentUrl":"https:\/\/cpxzx.com\/wp-content\/uploads\/2025\/07\/1751628807-logo.png","width":383,"height":87,"caption":"Cooling Tower Fill, China PVC Fills Manufacturer"},"image":{"@id":"https:\/\/cpxzx.com\/#\/schema\/logo\/image\/"}}]}},"taxonomy_info":{"pcategory":[{"value":22,"label":"Random Packing"},{"value":23,"label":"Metal Random Packing"}]},"featured_image_src_large":["https:\/\/cpxzx.com\/wp-content\/uploads\/2025\/07\/SS304-316-Metal-Super-Raschig.jpg",550,550,false],"author_info":[],"comment_info":"","_links":{"self":[{"href":"https:\/\/cpxzx.com\/tr\/wp-json\/wp\/v2\/product\/2819","targetHints":{"allow":["GET"]}}],"collection":[{"href":"https:\/\/cpxzx.com\/tr\/wp-json\/wp\/v2\/product"}],"about":[{"href":"https:\/\/cpxzx.com\/tr\/wp-json\/wp\/v2\/types\/product"}],"wp:featuredmedia":[{"embeddable":true,"href":"https:\/\/cpxzx.com\/tr\/wp-json\/wp\/v2\/media\/2822"}],"wp:attachment":[{"href":"https:\/\/cpxzx.com\/tr\/wp-json\/wp\/v2\/media?parent=2819"}],"wp:term":[{"taxonomy":"pcategory","embeddable":true,"href":"https:\/\/cpxzx.com\/tr\/wp-json\/wp\/v2\/pcategory?post=2819"},{"taxonomy":"ptag","embeddable":true,"href":"https:\/\/cpxzx.com\/tr\/wp-json\/wp\/v2\/ptag?post=2819"}],"curies":[{"name":"wp","href":"https:\/\/api.w.org\/{rel}","templated":true}]}}