{"id":2814,"date":"2025-07-19T09:57:17","date_gmt":"2025-07-19T09:57:17","guid":{"rendered":"https:\/\/cpxzx.com\/?post_type=product&#038;p=2814"},"modified":"2025-07-30T11:07:35","modified_gmt":"2025-07-30T11:07:35","slug":"ceramic-intalox-saddles","status":"publish","type":"product","link":"https:\/\/cpxzx.com\/tr\/urun\/ceramic-intalox-saddles\/","title":{"rendered":"Seramik Intalox Seleler (25mm, 38mm, 50mm, 76mm)"},"content":{"rendered":"<p><strong>Seramik Intalox eyerler<\/strong> geleneksel seramik ark eyerlerine g\u00f6re \u00f6nemli bir geli\u015fmedir. Kemerli y\u00fczeyde ve i\u00e7 kavis yar\u0131\u00e7ap\u0131nda de\u011fi\u015fiklikler i\u00e7eren geli\u015fmi\u015f tasar\u0131mlar\u0131 sayesinde bu seleler, geleneksel seleleri s\u0131kl\u0131kla etkileyen yuvalanma sorununu \u00e7\u00f6zer. Seramik Intalox semerler m\u00fckemmel \u0131slanabilirlik sunacak \u015fekilde tasarlanm\u0131\u015ft\u0131r, bu da onlar\u0131 \u00e7e\u015fitli uygulamalarda kullan\u0131m i\u00e7in ideal hale getirir. Kimyasal proseslerde verimlili\u011fi azaltabilecek tercih edilen s\u0131v\u0131 yollar\u0131n\u0131n veya kanallar\u0131n\u0131n olu\u015fmas\u0131n\u0131 \u00f6nlerken s\u0131v\u0131 ak\u0131\u015f\u0131nda daha fazla rastgelelik sa\u011flarlar.<\/p>\n<h2>Seramik Intalox Selelerin Temel \u00d6zellikleri<\/h2>\n<ul>\n<li><strong>M\u00fckemmel Asit Dayan\u0131m\u0131<\/strong>: Seramik Intalox seleler, kimyasal i\u015fleme ve petrokimyasal ar\u0131tma gibi end\u00fcstrilerde dayan\u0131kl\u0131l\u0131k sa\u011flamak \u00fczere y\u00fcksek asidik ortamlara dayanacak \u015fekilde tasarlanm\u0131\u015ft\u0131r.<\/li>\n<li><strong>\u00dcst\u00fcn Is\u0131 Direnci<\/strong>: Bu eyerler a\u015f\u0131r\u0131 s\u0131cakl\u0131klara dayanabilir, bu da onlar\u0131 y\u00fcksek s\u0131cakl\u0131k proseslerinde kullan\u0131m i\u00e7in uygun hale getirir.<\/li>\n<li><strong>Y\u00fcksek \u00d6zg\u00fcl Y\u00fczey Alan\u0131<\/strong>: Y\u00fcksek y\u00fczey alan\u0131na sahip bu eyerler, \u00e7e\u015fitli k\u00fctle transferi uygulamalar\u0131nda gaz ve s\u0131v\u0131 fazlar aras\u0131nda daha iyi etkile\u015fim sa\u011flayarak verimlili\u011fi art\u0131r\u0131r.<\/li>\n<li><strong>D\u00fc\u015f\u00fck Maliyetli<\/strong>: \u00dcst\u00fcn \u00f6zelliklerine ra\u011fmen, seramik Intalox seleler uygun maliyetlidir ve y\u00fcksek performans ile uygun fiyat aras\u0131nda bir denge sunar.<\/li>\n<li><strong>Y\u00fcksek Mekanik Dayan\u0131m<\/strong>: Bu selelerin mekanik mukavemeti, \u00e7al\u0131\u015fma s\u0131ras\u0131nda bas\u0131nca ve mekanik strese dayanabilmelerini sa\u011flar.<\/li>\n<li><strong>Enerji Tasarrufu<\/strong>: Seramik Intalox seleler enerji tasarrufludur ve zaman i\u00e7inde i\u015fletme maliyetlerini azaltmaya yard\u0131mc\u0131 olur.<\/li>\n<li><strong>Kullan\u0131m Kolayl\u0131\u011f\u0131<\/strong>: Bu eyerlerin hafif ve dayan\u0131kl\u0131 tasar\u0131m\u0131, y\u00fckleme ve bo\u015faltmay\u0131 kolayla\u015ft\u0131rarak ta\u015f\u0131ma s\u00fcresini ve \u00e7abas\u0131n\u0131 azalt\u0131r.<\/li>\n<\/ul>\n<h2>Seramik Intalox Seleler i\u00e7in \u00d6zellikler<\/h2>\n<table border=\"1\">\n<thead>\n<tr>\n<th>\u00d6zellikler (mm)<\/th>\n<th>Boyut (mm)<\/th>\n<th>Y\u00fczey Alan\u0131 (m2\/m3)<\/th>\n<th>Serbest Hacim (%)<\/th>\n<th>Y\u0131\u011f\u0131n Say\u0131lar\u0131 (m3 ba\u015f\u0131na)<\/th>\n<th>Y\u0131\u011f\u0131n Yo\u011funlu\u011fu (kg\/m3)<\/th>\n<th>Kuru Paketleme Fakt\u00f6r\u00fc (m-1)<\/th>\n<\/tr>\n<\/thead>\n<tbody>\n<tr>\n<td>\u03c625<\/td>\n<td>25*25*3<\/td>\n<td>238<\/td>\n<td>73<\/td>\n<td>53,500<\/td>\n<td>600<\/td>\n<td>565<\/td>\n<\/tr>\n<tr>\n<td>\u03c638<\/td>\n<td>38*38*4<\/td>\n<td>197<\/td>\n<td>75<\/td>\n<td>13,400<\/td>\n<td>570<\/td>\n<td>365<\/td>\n<\/tr>\n<tr>\n<td>\u03c650<\/td>\n<td>50*50*5<\/td>\n<td>120<\/td>\n<td>78<\/td>\n<td>6,800<\/td>\n<td>550<\/td>\n<td>252<\/td>\n<\/tr>\n<tr>\n<td>\u03c680<\/td>\n<td>80*80*8<\/td>\n<td>75<\/td>\n<td>80<\/td>\n<td>1,930<\/td>\n<td>520<\/td>\n<td>146<\/td>\n<\/tr>\n<\/tbody>\n<\/table>\n<h2>Seramik Intalox Selelerin Uygulamalar\u0131<\/h2>\n<p>Seramik Intalox seleler, k\u00fctle transfer i\u015flemleri i\u00e7in y\u00fcksek verimli paketleme malzemeleri gerektiren end\u00fcstrilerde yayg\u0131n olarak kullan\u0131lmaktad\u0131r. Bunlar aras\u0131nda plastik anisellar halkalar, mum giderme ya\u011f\u0131 rafinasyonu, demetan, benzen anhidrit rafinasyonu ve daha fazlas\u0131 yer al\u0131r. Ayr\u0131ca, s\u00fclf\u00fcrik asit \u00fcretimi i\u00e7in kurutma kulelerinde ve absorpsiyon kulelerinde yayg\u0131n olarak kullan\u0131l\u0131rlar.<\/p>\n<p>Seramik Intalox selenin tasar\u0131m\u0131, zorlu ortamlarda bile etkili kalmas\u0131n\u0131 sa\u011flayarak uygulaman\u0131n \u00f6mr\u00fc boyunca tutarl\u0131 performans sunar. \u0130ster kimyasal i\u015fleme, ister petrokimyasal rafinasyon veya gaz absorpsiyonu i\u00e7in olsun, bu seleler optimum performans\u0131n korunmas\u0131na ve ar\u0131za s\u00fcresinin azalt\u0131lmas\u0131na yard\u0131mc\u0131 olur.<\/p>\n<h2>Seramik Intalox Sele Kullanman\u0131n Avantajlar\u0131<\/h2>\n<ul>\n<li><strong>Geli\u015ftirilmi\u015f Verimlilik<\/strong>: Seramik Intalox selelerin benzersiz tasar\u0131m\u0131, daha rastgele paketlemeye izin vererek s\u0131v\u0131 ak\u0131\u015f\u0131n\u0131n verimlili\u011fini art\u0131r\u0131r ve kanallama etkilerini azalt\u0131r.<\/li>\n<li><strong>Dayan\u0131kl\u0131l\u0131k<\/strong>: Bu seleler termal \u015fok ve kimyasal sald\u0131r\u0131lara kar\u015f\u0131 son derece dayan\u0131kl\u0131d\u0131r ve zorlu ortamlarda uzun s\u00fcreli dayan\u0131kl\u0131l\u0131k sa\u011flar.<\/li>\n<li><strong>Maliyet-Etkililik<\/strong>: Seramik Intalox seleler, \u00fcst\u00fcn performans ve uygun fiyat dengesini sa\u011flayarak \u00e7ok \u00e7e\u015fitli uygulamalar i\u00e7in m\u00fckemmel bir se\u00e7imdir.<\/li>\n<li><strong>Enerji Tasarrufu<\/strong>: Enerji tasarruflu \u00f6zellikleri daha d\u00fc\u015f\u00fck i\u015fletme maliyetlerine katk\u0131da bulunur; bu da genel giderleri azaltmak isteyen end\u00fcstriler i\u00e7in \u00f6nemli bir avantajd\u0131r.<\/li>\n<\/ul>\n<h2>Neden Seramik Intalox Seleleri Se\u00e7melisiniz?<\/h2>\n<p>Seramik Intalox seleler, geleneksel salmastra malzemelerine g\u00f6re \u00e7e\u015fitli avantajlar sunar. A\u015f\u0131r\u0131 s\u0131cakl\u0131klara ve a\u015f\u0131nd\u0131r\u0131c\u0131 maddelere dayanma kabiliyetleri, onlar\u0131 petrokimya i\u015fleme, kimyasal \u00fcretim ve gaz emme gibi end\u00fcstriler i\u00e7in ideal hale getirir. Selenin tasar\u0131m\u0131 daha iyi ak\u0131\u015fkan ak\u0131\u015f\u0131 sa\u011flayarak t\u0131kanma riskini azalt\u0131r ve k\u00fctle aktar\u0131m i\u015flemlerinde daha y\u00fcksek verimlilik sa\u011flar. Seramik Intalox seleleri se\u00e7erek, operasyonunuzun daha az bak\u0131m kesintisiyle sorunsuz bir \u015fekilde \u00e7al\u0131\u015fmas\u0131n\u0131 sa\u011flayabilir, b\u00f6ylece hem zaman hem de maliyet a\u00e7\u0131s\u0131ndan uzun vadede \u00f6nemli tasarruflar elde edebilirsiniz.<\/p>\n<p>Seramik Intalox seleler ayn\u0131 zamanda s\u00fcrd\u00fcr\u00fclebilir bir se\u00e7imdir, enerji tasarrufuna ve daha d\u00fc\u015f\u00fck karbon ayak izine katk\u0131da bulunur. Y\u00fcksek spesifik y\u00fczey alanlar\u0131 k\u00fctle aktar\u0131m kabiliyetlerini art\u0131rarak y\u00fcksek verimlilik performans\u0131 gerektiren prosesler i\u00e7in idealdir.<\/p>\n<h2>Sonu\u00e7<\/h2>\n<p>Seramik Intalox eyerler, \u0131s\u0131ya, kimyasallara ve termal \u015foka kar\u015f\u0131 \u00fcst\u00fcn diren\u00e7 sunan \u00e7e\u015fitli end\u00fcstriyel uygulamalarda \u00f6nemli bir bile\u015fendir. Y\u00fcksek mekanik mukavemetleri ve uygun maliyetli olmalar\u0131, onlar\u0131 kimya ve petrokimya end\u00fcstrilerindeki uygulamalar i\u00e7in ideal bir se\u00e7im haline getirmektedir. \u0130ster plastik aniseller halkalarda, ister ya\u011f ar\u0131tmada veya s\u00fclf\u00fcrik asit \u00fcretiminde kullan\u0131ls\u0131n, seramik Intalox seleler kal\u0131c\u0131 performans ve verimlilik sa\u011flar. Enerji tasarrufu sa\u011flayan \u00f6zellikleri ve kolay kullan\u0131m\u0131 ile bu seleler g\u00fcvenilir, y\u00fcksek performansl\u0131 bir paketleme \u00e7\u00f6z\u00fcm\u00fcd\u00fcr.<\/p>\n<p>\u00d6zetle, k\u00fctle transfer prosesleriniz i\u00e7in dayan\u0131kl\u0131, uygun maliyetli ve verimli bir paketleme malzemesi ar\u0131yorsan\u0131z, seramik Intalox seleler ihtiyac\u0131n\u0131z olan \u00e7\u00f6z\u00fcmd\u00fcr.<\/p>","protected":false},"excerpt":{"rendered":"<p>Bu seramik semerler termal \u015fok ve kimyasal sald\u0131r\u0131lara kar\u015f\u0131 son derece dayan\u0131kl\u0131d\u0131r, bu da onlar\u0131 zorlu end\u00fcstriyel ortamlarda kullan\u0131m i\u00e7in ideal bir se\u00e7im haline getirir. Hem \u0131s\u0131ya hem de kimyasallara maruz kalmaya kar\u015f\u0131 \u00fcst\u00fcn diren\u00e7leri, zorlu uygulamalarda uzun \u00f6m\u00fcrl\u00fc performans sa\u011flayarak s\u0131k s\u0131k de\u011fi\u015ftirme ihtiyac\u0131n\u0131 azalt\u0131r.<\/p>","protected":false},"featured_media":2816,"parent":0,"template":"","meta":{"_acf_changed":false,"_kad_blocks_custom_css":"","_kad_blocks_head_custom_js":"","_kad_blocks_body_custom_js":"","_kad_blocks_footer_custom_js":"","_kadence_starter_templates_imported_post":false,"_kad_post_transparent":"default","_kad_post_title":"","_kad_post_layout":"default","_kad_post_sidebar_id":"","_kad_post_content_style":"default","_kad_post_vertical_padding":"default","_kad_post_feature":"","_kad_post_feature_position":"","_kad_post_header":false,"_kad_post_footer":false},"pcategory":[],"ptag":[],"class_list":["post-2814","product","type-product","status-publish","has-post-thumbnail","hentry"],"acf":[],"yoast_head":"<!-- This site is optimized with the Yoast SEO plugin v25.3.1 - https:\/\/yoast.com\/wordpress\/plugins\/seo\/ -->\n<title>Ceramic Intalox Saddles (25mm, 38mm, 50mm, 76mm)<\/title>\n<meta name=\"robots\" content=\"index, follow, max-snippet:-1, max-image-preview:large, max-video-preview:-1\" \/>\n<link rel=\"canonical\" href=\"https:\/\/cpxzx.com\/tr\/urun\/ceramic-intalox-saddles\/\" \/>\n<meta property=\"og:locale\" content=\"tr_TR\" \/>\n<meta property=\"og:type\" content=\"article\" \/>\n<meta property=\"og:title\" content=\"Ceramic Intalox Saddles (25mm, 38mm, 50mm, 76mm)\" \/>\n<meta property=\"og:description\" content=\"These ceramic saddles are highly resistant to thermal shock and chemical attack, making them an ideal choice for use in harsh industrial environments. Their superior resistance to both heat and chemical exposure ensures long-lasting performance in demanding applications, reducing the need for frequent replacements.\" \/>\n<meta property=\"og:url\" content=\"https:\/\/cpxzx.com\/tr\/urun\/ceramic-intalox-saddles\/\" \/>\n<meta property=\"og:site_name\" content=\"Cooling Tower Fill, China PVC Fills Manufacturer\" \/>\n<meta property=\"article:modified_time\" content=\"2025-07-30T11:07:35+00:00\" \/>\n<meta property=\"og:image\" content=\"https:\/\/cpxzx.com\/wp-content\/uploads\/2025\/07\/Ceramic-Intalox-Saddles-26.jpg\" \/>\n\t<meta property=\"og:image:width\" content=\"550\" \/>\n\t<meta property=\"og:image:height\" content=\"550\" \/>\n\t<meta property=\"og:image:type\" content=\"image\/jpeg\" \/>\n<meta name=\"twitter:card\" content=\"summary_large_image\" \/>\n<meta name=\"twitter:label1\" content=\"Tahmini okuma s\u00fcresi\" \/>\n\t<meta name=\"twitter:data1\" content=\"4 dakika\" \/>\n<script type=\"application\/ld+json\" class=\"yoast-schema-graph\">{\"@context\":\"https:\/\/schema.org\",\"@graph\":[{\"@type\":\"WebPage\",\"@id\":\"https:\/\/cpxzx.com\/product\/ceramic-intalox-saddles\/\",\"url\":\"https:\/\/cpxzx.com\/product\/ceramic-intalox-saddles\/\",\"name\":\"Ceramic Intalox Saddles (25mm, 38mm, 50mm, 76mm)\",\"isPartOf\":{\"@id\":\"https:\/\/cpxzx.com\/#website\"},\"primaryImageOfPage\":{\"@id\":\"https:\/\/cpxzx.com\/product\/ceramic-intalox-saddles\/#primaryimage\"},\"image\":{\"@id\":\"https:\/\/cpxzx.com\/product\/ceramic-intalox-saddles\/#primaryimage\"},\"thumbnailUrl\":\"https:\/\/cpxzx.com\/wp-content\/uploads\/2025\/07\/Ceramic-Intalox-Saddles-26.jpg\",\"datePublished\":\"2025-07-19T09:57:17+00:00\",\"dateModified\":\"2025-07-30T11:07:35+00:00\",\"breadcrumb\":{\"@id\":\"https:\/\/cpxzx.com\/product\/ceramic-intalox-saddles\/#breadcrumb\"},\"inLanguage\":\"tr\",\"potentialAction\":[{\"@type\":\"ReadAction\",\"target\":[\"https:\/\/cpxzx.com\/product\/ceramic-intalox-saddles\/\"]}]},{\"@type\":\"ImageObject\",\"inLanguage\":\"tr\",\"@id\":\"https:\/\/cpxzx.com\/product\/ceramic-intalox-saddles\/#primaryimage\",\"url\":\"https:\/\/cpxzx.com\/wp-content\/uploads\/2025\/07\/Ceramic-Intalox-Saddles-26.jpg\",\"contentUrl\":\"https:\/\/cpxzx.com\/wp-content\/uploads\/2025\/07\/Ceramic-Intalox-Saddles-26.jpg\",\"width\":550,\"height\":550},{\"@type\":\"BreadcrumbList\",\"@id\":\"https:\/\/cpxzx.com\/product\/ceramic-intalox-saddles\/#breadcrumb\",\"itemListElement\":[{\"@type\":\"ListItem\",\"position\":1,\"name\":\"Home\",\"item\":\"https:\/\/cpxzx.com\/\"},{\"@type\":\"ListItem\",\"position\":2,\"name\":\"Ceramic Intalox Saddles (25mm, 38mm, 50mm, 76mm)\"}]},{\"@type\":\"WebSite\",\"@id\":\"https:\/\/cpxzx.com\/#website\",\"url\":\"https:\/\/cpxzx.com\/\",\"name\":\"Cooling Tower Fill, China PVC Fills Manufacturer\",\"description\":\"\",\"publisher\":{\"@id\":\"https:\/\/cpxzx.com\/#organization\"},\"potentialAction\":[{\"@type\":\"SearchAction\",\"target\":{\"@type\":\"EntryPoint\",\"urlTemplate\":\"https:\/\/cpxzx.com\/?s={search_term_string}\"},\"query-input\":{\"@type\":\"PropertyValueSpecification\",\"valueRequired\":true,\"valueName\":\"search_term_string\"}}],\"inLanguage\":\"tr\"},{\"@type\":\"Organization\",\"@id\":\"https:\/\/cpxzx.com\/#organization\",\"name\":\"Cooling Tower Fill, China PVC Fills Manufacturer\",\"url\":\"https:\/\/cpxzx.com\/\",\"logo\":{\"@type\":\"ImageObject\",\"inLanguage\":\"tr\",\"@id\":\"https:\/\/cpxzx.com\/#\/schema\/logo\/image\/\",\"url\":\"https:\/\/cpxzx.com\/wp-content\/uploads\/2025\/07\/1751628807-logo.png\",\"contentUrl\":\"https:\/\/cpxzx.com\/wp-content\/uploads\/2025\/07\/1751628807-logo.png\",\"width\":383,\"height\":87,\"caption\":\"Cooling Tower Fill, China PVC Fills Manufacturer\"},\"image\":{\"@id\":\"https:\/\/cpxzx.com\/#\/schema\/logo\/image\/\"}}]}<\/script>\n<!-- \/ Yoast SEO plugin. -->","yoast_head_json":{"title":"Seramik Intalox Seleler (25mm, 38mm, 50mm, 76mm)","robots":{"index":"index","follow":"follow","max-snippet":"max-snippet:-1","max-image-preview":"max-image-preview:large","max-video-preview":"max-video-preview:-1"},"canonical":"https:\/\/cpxzx.com\/tr\/urun\/ceramic-intalox-saddles\/","og_locale":"tr_TR","og_type":"article","og_title":"Ceramic Intalox Saddles (25mm, 38mm, 50mm, 76mm)","og_description":"These ceramic saddles are highly resistant to thermal shock and chemical attack, making them an ideal choice for use in harsh industrial environments. Their superior resistance to both heat and chemical exposure ensures long-lasting performance in demanding applications, reducing the need for frequent replacements.","og_url":"https:\/\/cpxzx.com\/tr\/urun\/ceramic-intalox-saddles\/","og_site_name":"Cooling Tower Fill, China PVC Fills Manufacturer","article_modified_time":"2025-07-30T11:07:35+00:00","og_image":[{"width":550,"height":550,"url":"https:\/\/cpxzx.com\/wp-content\/uploads\/2025\/07\/Ceramic-Intalox-Saddles-26.jpg","type":"image\/jpeg"}],"twitter_card":"summary_large_image","twitter_misc":{"Tahmini okuma s\u00fcresi":"4 dakika"},"schema":{"@context":"https:\/\/schema.org","@graph":[{"@type":"WebPage","@id":"https:\/\/cpxzx.com\/product\/ceramic-intalox-saddles\/","url":"https:\/\/cpxzx.com\/product\/ceramic-intalox-saddles\/","name":"Seramik Intalox Seleler (25mm, 38mm, 50mm, 76mm)","isPartOf":{"@id":"https:\/\/cpxzx.com\/#website"},"primaryImageOfPage":{"@id":"https:\/\/cpxzx.com\/product\/ceramic-intalox-saddles\/#primaryimage"},"image":{"@id":"https:\/\/cpxzx.com\/product\/ceramic-intalox-saddles\/#primaryimage"},"thumbnailUrl":"https:\/\/cpxzx.com\/wp-content\/uploads\/2025\/07\/Ceramic-Intalox-Saddles-26.jpg","datePublished":"2025-07-19T09:57:17+00:00","dateModified":"2025-07-30T11:07:35+00:00","breadcrumb":{"@id":"https:\/\/cpxzx.com\/product\/ceramic-intalox-saddles\/#breadcrumb"},"inLanguage":"tr","potentialAction":[{"@type":"ReadAction","target":["https:\/\/cpxzx.com\/product\/ceramic-intalox-saddles\/"]}]},{"@type":"ImageObject","inLanguage":"tr","@id":"https:\/\/cpxzx.com\/product\/ceramic-intalox-saddles\/#primaryimage","url":"https:\/\/cpxzx.com\/wp-content\/uploads\/2025\/07\/Ceramic-Intalox-Saddles-26.jpg","contentUrl":"https:\/\/cpxzx.com\/wp-content\/uploads\/2025\/07\/Ceramic-Intalox-Saddles-26.jpg","width":550,"height":550},{"@type":"BreadcrumbList","@id":"https:\/\/cpxzx.com\/product\/ceramic-intalox-saddles\/#breadcrumb","itemListElement":[{"@type":"ListItem","position":1,"name":"Home","item":"https:\/\/cpxzx.com\/"},{"@type":"ListItem","position":2,"name":"Ceramic Intalox Saddles (25mm, 38mm, 50mm, 76mm)"}]},{"@type":"WebSite","@id":"https:\/\/cpxzx.com\/#website","url":"https:\/\/cpxzx.com\/","name":"So\u011futma Kulesi Dolgusu, \u00c7in PVC Dolgular \u00dcretici","description":"","publisher":{"@id":"https:\/\/cpxzx.com\/#organization"},"potentialAction":[{"@type":"SearchAction","target":{"@type":"EntryPoint","urlTemplate":"https:\/\/cpxzx.com\/?s={search_term_string}"},"query-input":{"@type":"PropertyValueSpecification","valueRequired":true,"valueName":"search_term_string"}}],"inLanguage":"tr"},{"@type":"Organization","@id":"https:\/\/cpxzx.com\/#organization","name":"So\u011futma Kulesi Dolgusu, \u00c7in PVC Dolgular \u00dcretici","url":"https:\/\/cpxzx.com\/","logo":{"@type":"ImageObject","inLanguage":"tr","@id":"https:\/\/cpxzx.com\/#\/schema\/logo\/image\/","url":"https:\/\/cpxzx.com\/wp-content\/uploads\/2025\/07\/1751628807-logo.png","contentUrl":"https:\/\/cpxzx.com\/wp-content\/uploads\/2025\/07\/1751628807-logo.png","width":383,"height":87,"caption":"Cooling Tower Fill, China PVC Fills Manufacturer"},"image":{"@id":"https:\/\/cpxzx.com\/#\/schema\/logo\/image\/"}}]}},"taxonomy_info":[],"featured_image_src_large":["https:\/\/cpxzx.com\/wp-content\/uploads\/2025\/07\/Ceramic-Intalox-Saddles-26.jpg",550,550,false],"author_info":[],"comment_info":"","_links":{"self":[{"href":"https:\/\/cpxzx.com\/tr\/wp-json\/wp\/v2\/product\/2814","targetHints":{"allow":["GET"]}}],"collection":[{"href":"https:\/\/cpxzx.com\/tr\/wp-json\/wp\/v2\/product"}],"about":[{"href":"https:\/\/cpxzx.com\/tr\/wp-json\/wp\/v2\/types\/product"}],"wp:featuredmedia":[{"embeddable":true,"href":"https:\/\/cpxzx.com\/tr\/wp-json\/wp\/v2\/media\/2816"}],"wp:attachment":[{"href":"https:\/\/cpxzx.com\/tr\/wp-json\/wp\/v2\/media?parent=2814"}],"wp:term":[{"taxonomy":"pcategory","embeddable":true,"href":"https:\/\/cpxzx.com\/tr\/wp-json\/wp\/v2\/pcategory?post=2814"},{"taxonomy":"ptag","embeddable":true,"href":"https:\/\/cpxzx.com\/tr\/wp-json\/wp\/v2\/ptag?post=2814"}],"curies":[{"name":"wp","href":"https:\/\/api.w.org\/{rel}","templated":true}]}}