{"id":2807,"date":"2025-07-18T08:45:58","date_gmt":"2025-07-18T08:45:58","guid":{"rendered":"https:\/\/cpxzx.com\/?post_type=product&#038;p=2807"},"modified":"2025-07-30T11:10:17","modified_gmt":"2025-07-30T11:10:17","slug":"plasti%cc%87k-raschig-halkasi","status":"publish","type":"product","link":"https:\/\/cpxzx.com\/tr\/urun\/plasti%cc%87k-raschig-halkasi\/","title":{"rendered":"Plastik raschig halkalar\u0131 (PE, PP, PVC, CPVC, PVDF)"},"content":{"rendered":"<p>Basit yap\u0131lar\u0131 ve d\u00fc\u015f\u00fck a\u011f\u0131rl\u0131klar\u0131 sayesinde, <strong>plasti\u0307k raschig halkalari<\/strong> \u00fcretimi ve kullan\u0131m\u0131 kolayd\u0131r. B\u00fcy\u00fck s\u0131v\u0131 ak\u0131s\u0131, d\u00fc\u015f\u00fck bas\u0131n\u00e7 d\u00fc\u015f\u00fc\u015f\u00fc ve y\u00fcksek korozyon direnci ile bilinirler. Bu avantajlar onlar\u0131 distilasyon, absorpsiyon, s\u0131y\u0131rma ve gaz giderme kolonlar\u0131nda kullan\u0131m i\u00e7in ideal hale getirir.<\/p>\n<p>Plastik raschig halkalar\u0131, kimya m\u00fchendisli\u011fi prosesleri i\u00e7in uygun maliyetli bir \u00e7\u00f6z\u00fcm sunar. \u0130ster petrol end\u00fcstrisinde ister alkali-klor\u00fcr sekt\u00f6r\u00fcnde olsun, bu halkalar y\u00fcksek ay\u0131rma performans\u0131 ve operasyonel istikrar sa\u011flar.<\/p>\n<h2>Ana \u00d6zellikler<\/h2>\n<ul>\n<li>PE, PP, RPP, PVC, CPVC ve PVDF malzemelerde mevcuttur<\/li>\n<li>D\u00fc\u015f\u00fck bas\u0131n\u00e7 d\u00fc\u015f\u00fc\u015f\u00fc ile b\u00fcy\u00fck ak\u0131\u015fkan ak\u0131s\u0131<\/li>\n<li>G\u00fc\u00e7l\u00fc kimyasal ve korozyon direnci<\/li>\n<li>Ekonomik ve kurulumu kolay<\/li>\n<li>Y\u00fcksek k\u00fctle transfer verimlili\u011fi<\/li>\n<\/ul>\n<h2>Plastik Raschig Halkalar\u0131n\u0131n \u00d6zellikleri<\/h2>\n<table>\n<thead>\n<tr>\n<th>Boyut (mm)<\/th>\n<th>M\u00b3 ba\u015f\u0131na say\u0131<\/th>\n<th>Y\u0131\u011f\u0131n Yo\u011funlu\u011fu (kg\/m\u00b3)<\/th>\n<th>Serbest Hacim (%)<\/th>\n<th>Y\u00fczey Alan\u0131 (m\u00b2\/m\u00b3)<\/th>\n<\/tr>\n<\/thead>\n<tbody>\n<tr>\n<td>\u03a615*15*0.3<\/td>\n<td>240,000<\/td>\n<td>385<\/td>\n<td>94<\/td>\n<td>360<\/td>\n<\/tr>\n<tr>\n<td>\u03a625*25*0.3<\/td>\n<td>51,000<\/td>\n<td>231<\/td>\n<td>96<\/td>\n<td>215<\/td>\n<\/tr>\n<tr>\n<td>\u03a638*38*0.4<\/td>\n<td>14,500<\/td>\n<td>207<\/td>\n<td>96<\/td>\n<td>135<\/td>\n<\/tr>\n<tr>\n<td>\u03a650*50*0.5<\/td>\n<td>6,300<\/td>\n<td>200<\/td>\n<td>96<\/td>\n<td>105<\/td>\n<\/tr>\n<tr>\n<td>\u03a680*80*0.8<\/td>\n<td>1,600<\/td>\n<td>200<\/td>\n<td>96<\/td>\n<td>80<\/td>\n<\/tr>\n<\/tbody>\n<\/table>\n<h2>Plastik Raschig Halkalar\u0131n\u0131n Uygulamalar\u0131<\/h2>\n<p>Plastik raschig halkalar\u0131 end\u00fcstriyel ay\u0131rma cihazlar\u0131nda yayg\u0131n olarak uygulan\u0131r. Etilen ekstraksiyon kulelerinde, karbondioksit emicilerde, fla\u015f kulelerinde, s\u0131v\u0131-s\u0131v\u0131 ekstrakt\u00f6rlerinde ve petrokimya i\u015fleme ekipmanlar\u0131nda kullan\u0131labilirler. Ayr\u0131ca, plastik raschig halkalar\u0131 hidrojen s\u00fclf\u00fcr s\u0131y\u0131rma, amonyak \u00e7\u0131kar\u0131c\u0131lar ve hatta t\u0131bbi i\u015fleme ekipman\u0131 i\u00e7in uygundur.<\/p>\n<p>Bu tip salmastra malzemesi, geleneksel metal veya seramik raschig salmastralar\u0131n uygun olmayabilece\u011fi a\u015f\u0131nd\u0131r\u0131c\u0131 ortamlarla \u00e7al\u0131\u015fan cihazlarla da uyumludur.<\/p>\n<h2>Di\u011fer Ambalaj Malzemelerine G\u00f6re Avantajlar\u0131<\/h2>\n<p>Seramik veya metal t\u00fcrleriyle kar\u015f\u0131la\u015ft\u0131r\u0131ld\u0131\u011f\u0131nda, plastik raschig halkalar\u0131 daha hafiftir ve montaj\u0131 daha kolayd\u0131r. Asitlere, alkalilere ve solventlere kar\u015f\u0131 y\u00fcksek diren\u00e7leri, onlar\u0131 zorlu ko\u015fullarda bile g\u00fcvenilir k\u0131lar. Bu avantajlar onlar\u0131 raschig bilyalar\u0131 veya geleneksel raschig ambalajlar\u0131 gibi di\u011fer se\u00e7eneklerden ay\u0131r\u0131r.<\/p>\n<p>D\u00fc\u015f\u00fck bas\u0131n\u00e7l\u0131 uygulamalarda ve dolgulu yatak kulelerinde, plastik raschig halkalar\u0131 geli\u015fmi\u015f performans ve dayan\u0131kl\u0131l\u0131k sa\u011flar.<\/p>\n<h2>Paketleme ve Teslimat<\/h2>\n<p>Plastik raschig halkalar\u0131, m\u00fc\u015fteri ihtiya\u00e7lar\u0131na ba\u011fl\u0131 olarak dokuma torbalarda veya d\u00f6kme konteynerlerde paketlenir. T\u00fcm ambalajlar nakliye g\u00fcvenli\u011fi ve kolay y\u00fckleme sa\u011flar. Sistemlerinizdeki ar\u0131za s\u00fcresini azaltmak i\u00e7in h\u0131zl\u0131 teslimat d\u00fczenlenebilir.<\/p>\n<h2>Sonu\u00e7<\/h2>\n<p>Plastik raschig halkalar\u0131, end\u00fcstriyel ay\u0131rma prosesleri i\u00e7in uygun maliyetli, y\u00fcksek performansl\u0131 bir \u00e7\u00f6z\u00fcmd\u00fcr. \u00c7ok y\u00f6nl\u00fcl\u00fckleri, g\u00fc\u00e7l\u00fc kimyasal diren\u00e7leri ve kullan\u0131m kolayl\u0131klar\u0131, onlar\u0131 t\u00fcm sekt\u00f6rlerde tercih edilen bir se\u00e7enek haline getirmektedir. G\u00fcvenilir raschig ambalaj\u0131 ar\u0131yorsan\u0131z, plastik raschig halkalar\u0131 m\u00fckemmel performans sunar. \u0130ster raschig bilyelerini de\u011fi\u015ftirin ister mevcut sisteminizi y\u00fckseltin, plastik raschig halkalar\u0131 ak\u0131ll\u0131 bir yat\u0131r\u0131md\u0131r.<\/p>","protected":false},"excerpt":{"rendered":"<p>Plastik raschig halkalar\u0131, \u00e7ap\u0131 ve y\u00fcksekli\u011fi kabaca e\u015fit olan k\u00fc\u00e7\u00fck silindirik t\u00fcp par\u00e7alar\u0131d\u0131r. Alman kimyager Friedrich Raschig taraf\u0131ndan icat edilmi\u015ftir. \u0130lk nesil kule salmastras\u0131 olan plastik raschig halkalar\u0131, basit i\u00e7i bo\u015f silindirik bir tasar\u0131ma sahiptir. Bu tasar\u0131m gaz-s\u0131v\u0131 ay\u0131rma i\u015flemlerinde y\u00fcksek verimlilik sa\u011flar.<\/p>","protected":false},"featured_media":2808,"parent":0,"template":"","meta":{"_acf_changed":false,"_kad_blocks_custom_css":"","_kad_blocks_head_custom_js":"","_kad_blocks_body_custom_js":"","_kad_blocks_footer_custom_js":"","_kadence_starter_templates_imported_post":false,"_kad_post_transparent":"default","_kad_post_title":"","_kad_post_layout":"default","_kad_post_sidebar_id":"","_kad_post_content_style":"default","_kad_post_vertical_padding":"default","_kad_post_feature":"","_kad_post_feature_position":"","_kad_post_header":false,"_kad_post_footer":false},"pcategory":[22,25],"ptag":[],"class_list":["post-2807","product","type-product","status-publish","has-post-thumbnail","hentry","pcategory-random-packing","pcategory-plastic-random-packing"],"acf":[],"yoast_head":"<!-- This site is optimized with the Yoast SEO plugin v27.4 - https:\/\/yoast.com\/product\/yoast-seo-wordpress\/ -->\n<title>Plastic raschig rings (PE, PP, PVC, CPVC, PVDF)<\/title>\n<meta name=\"robots\" content=\"index, follow, max-snippet:-1, max-image-preview:large, max-video-preview:-1\" \/>\n<link rel=\"canonical\" href=\"https:\/\/cpxzx.com\/tr\/urun\/plasti\u0307k-raschig-halkasi\/\" \/>\n<meta property=\"og:locale\" content=\"tr_TR\" \/>\n<meta property=\"og:type\" content=\"article\" \/>\n<meta property=\"og:title\" content=\"Plastic raschig rings (PE, PP, PVC, CPVC, PVDF)\" \/>\n<meta property=\"og:description\" content=\"Plastic raschig rings are small cylindrical pieces of tube, with diameter and height roughly equal. They were invented by German chemist Friedrich Raschig. As the first-generation tower packing, plastic raschig rings feature a simple hollow cylindrical design. This design allows high efficiency in gas-liquid separation processes.\" \/>\n<meta property=\"og:url\" content=\"https:\/\/cpxzx.com\/tr\/urun\/plasti\u0307k-raschig-halkasi\/\" \/>\n<meta property=\"og:site_name\" content=\"Cooling Tower Fill, China PVC Fills Manufacturer\" \/>\n<meta property=\"article:modified_time\" content=\"2025-07-30T11:10:17+00:00\" \/>\n<meta property=\"og:image\" content=\"https:\/\/cpxzx.com\/wp-content\/uploads\/2025\/07\/plastic-raschig-rings-1.jpg\" \/>\n\t<meta property=\"og:image:width\" content=\"550\" \/>\n\t<meta property=\"og:image:height\" content=\"550\" \/>\n\t<meta property=\"og:image:type\" content=\"image\/jpeg\" \/>\n<meta name=\"twitter:card\" content=\"summary_large_image\" \/>\n<meta name=\"twitter:label1\" content=\"Tahmini okuma s\u00fcresi\" \/>\n\t<meta name=\"twitter:data1\" content=\"2 dakika\" \/>\n<script type=\"application\/ld+json\" class=\"yoast-schema-graph\">{\"@context\":\"https:\\\/\\\/schema.org\",\"@graph\":[{\"@type\":\"WebPage\",\"@id\":\"https:\\\/\\\/cpxzx.com\\\/product\\\/plastic-raschig-ring\\\/\",\"url\":\"https:\\\/\\\/cpxzx.com\\\/product\\\/plastic-raschig-ring\\\/\",\"name\":\"Plastic raschig rings (PE, PP, PVC, CPVC, PVDF)\",\"isPartOf\":{\"@id\":\"https:\\\/\\\/cpxzx.com\\\/#website\"},\"primaryImageOfPage\":{\"@id\":\"https:\\\/\\\/cpxzx.com\\\/product\\\/plastic-raschig-ring\\\/#primaryimage\"},\"image\":{\"@id\":\"https:\\\/\\\/cpxzx.com\\\/product\\\/plastic-raschig-ring\\\/#primaryimage\"},\"thumbnailUrl\":\"https:\\\/\\\/cpxzx.com\\\/wp-content\\\/uploads\\\/2025\\\/07\\\/plastic-raschig-rings-1.jpg\",\"datePublished\":\"2025-07-18T08:45:58+00:00\",\"dateModified\":\"2025-07-30T11:10:17+00:00\",\"breadcrumb\":{\"@id\":\"https:\\\/\\\/cpxzx.com\\\/product\\\/plastic-raschig-ring\\\/#breadcrumb\"},\"inLanguage\":\"tr\",\"potentialAction\":[{\"@type\":\"ReadAction\",\"target\":[\"https:\\\/\\\/cpxzx.com\\\/product\\\/plastic-raschig-ring\\\/\"]}]},{\"@type\":\"ImageObject\",\"inLanguage\":\"tr\",\"@id\":\"https:\\\/\\\/cpxzx.com\\\/product\\\/plastic-raschig-ring\\\/#primaryimage\",\"url\":\"https:\\\/\\\/cpxzx.com\\\/wp-content\\\/uploads\\\/2025\\\/07\\\/plastic-raschig-rings-1.jpg\",\"contentUrl\":\"https:\\\/\\\/cpxzx.com\\\/wp-content\\\/uploads\\\/2025\\\/07\\\/plastic-raschig-rings-1.jpg\",\"width\":550,\"height\":550},{\"@type\":\"BreadcrumbList\",\"@id\":\"https:\\\/\\\/cpxzx.com\\\/product\\\/plastic-raschig-ring\\\/#breadcrumb\",\"itemListElement\":[{\"@type\":\"ListItem\",\"position\":1,\"name\":\"Home\",\"item\":\"https:\\\/\\\/cpxzx.com\\\/\"},{\"@type\":\"ListItem\",\"position\":2,\"name\":\"Random Packing\",\"item\":\"https:\\\/\\\/cpxzx.com\\\/pcategory\\\/random-packing\\\/\"},{\"@type\":\"ListItem\",\"position\":3,\"name\":\"Plastic Random Packing\",\"item\":\"https:\\\/\\\/cpxzx.com\\\/pcategory\\\/random-packing\\\/plastic-random-packing\\\/\"},{\"@type\":\"ListItem\",\"position\":4,\"name\":\"Plastic raschig rings (PE, PP, PVC, CPVC, PVDF)\"}]},{\"@type\":\"WebSite\",\"@id\":\"https:\\\/\\\/cpxzx.com\\\/#website\",\"url\":\"https:\\\/\\\/cpxzx.com\\\/\",\"name\":\"Cooling Tower Fill, China PVC Fills Manufacturer\",\"description\":\"\",\"publisher\":{\"@id\":\"https:\\\/\\\/cpxzx.com\\\/#organization\"},\"potentialAction\":[{\"@type\":\"SearchAction\",\"target\":{\"@type\":\"EntryPoint\",\"urlTemplate\":\"https:\\\/\\\/cpxzx.com\\\/?s={search_term_string}\"},\"query-input\":{\"@type\":\"PropertyValueSpecification\",\"valueRequired\":true,\"valueName\":\"search_term_string\"}}],\"inLanguage\":\"tr\"},{\"@type\":\"Organization\",\"@id\":\"https:\\\/\\\/cpxzx.com\\\/#organization\",\"name\":\"Cooling Tower Fill, China PVC Fills Manufacturer\",\"url\":\"https:\\\/\\\/cpxzx.com\\\/\",\"logo\":{\"@type\":\"ImageObject\",\"inLanguage\":\"tr\",\"@id\":\"https:\\\/\\\/cpxzx.com\\\/#\\\/schema\\\/logo\\\/image\\\/\",\"url\":\"https:\\\/\\\/cpxzx.com\\\/wp-content\\\/uploads\\\/2025\\\/07\\\/1751628807-logo.png\",\"contentUrl\":\"https:\\\/\\\/cpxzx.com\\\/wp-content\\\/uploads\\\/2025\\\/07\\\/1751628807-logo.png\",\"width\":383,\"height\":87,\"caption\":\"Cooling Tower Fill, China PVC Fills Manufacturer\"},\"image\":{\"@id\":\"https:\\\/\\\/cpxzx.com\\\/#\\\/schema\\\/logo\\\/image\\\/\"}}]}<\/script>\n<!-- \/ Yoast SEO plugin. -->","yoast_head_json":{"title":"Plastik raschig halkalar\u0131 (PE, PP, PVC, CPVC, PVDF)","robots":{"index":"index","follow":"follow","max-snippet":"max-snippet:-1","max-image-preview":"max-image-preview:large","max-video-preview":"max-video-preview:-1"},"canonical":"https:\/\/cpxzx.com\/tr\/urun\/plasti\u0307k-raschig-halkasi\/","og_locale":"tr_TR","og_type":"article","og_title":"Plastic raschig rings (PE, PP, PVC, CPVC, PVDF)","og_description":"Plastic raschig rings are small cylindrical pieces of tube, with diameter and height roughly equal. They were invented by German chemist Friedrich Raschig. As the first-generation tower packing, plastic raschig rings feature a simple hollow cylindrical design. This design allows high efficiency in gas-liquid separation processes.","og_url":"https:\/\/cpxzx.com\/tr\/urun\/plasti\u0307k-raschig-halkasi\/","og_site_name":"Cooling Tower Fill, China PVC Fills Manufacturer","article_modified_time":"2025-07-30T11:10:17+00:00","og_image":[{"width":550,"height":550,"url":"https:\/\/cpxzx.com\/wp-content\/uploads\/2025\/07\/plastic-raschig-rings-1.jpg","type":"image\/jpeg"}],"twitter_card":"summary_large_image","twitter_misc":{"Tahmini okuma s\u00fcresi":"2 dakika"},"schema":{"@context":"https:\/\/schema.org","@graph":[{"@type":"WebPage","@id":"https:\/\/cpxzx.com\/product\/plastic-raschig-ring\/","url":"https:\/\/cpxzx.com\/product\/plastic-raschig-ring\/","name":"Plastik raschig halkalar\u0131 (PE, PP, PVC, CPVC, PVDF)","isPartOf":{"@id":"https:\/\/cpxzx.com\/#website"},"primaryImageOfPage":{"@id":"https:\/\/cpxzx.com\/product\/plastic-raschig-ring\/#primaryimage"},"image":{"@id":"https:\/\/cpxzx.com\/product\/plastic-raschig-ring\/#primaryimage"},"thumbnailUrl":"https:\/\/cpxzx.com\/wp-content\/uploads\/2025\/07\/plastic-raschig-rings-1.jpg","datePublished":"2025-07-18T08:45:58+00:00","dateModified":"2025-07-30T11:10:17+00:00","breadcrumb":{"@id":"https:\/\/cpxzx.com\/product\/plastic-raschig-ring\/#breadcrumb"},"inLanguage":"tr","potentialAction":[{"@type":"ReadAction","target":["https:\/\/cpxzx.com\/product\/plastic-raschig-ring\/"]}]},{"@type":"ImageObject","inLanguage":"tr","@id":"https:\/\/cpxzx.com\/product\/plastic-raschig-ring\/#primaryimage","url":"https:\/\/cpxzx.com\/wp-content\/uploads\/2025\/07\/plastic-raschig-rings-1.jpg","contentUrl":"https:\/\/cpxzx.com\/wp-content\/uploads\/2025\/07\/plastic-raschig-rings-1.jpg","width":550,"height":550},{"@type":"BreadcrumbList","@id":"https:\/\/cpxzx.com\/product\/plastic-raschig-ring\/#breadcrumb","itemListElement":[{"@type":"ListItem","position":1,"name":"Home","item":"https:\/\/cpxzx.com\/"},{"@type":"ListItem","position":2,"name":"Random Packing","item":"https:\/\/cpxzx.com\/pcategory\/random-packing\/"},{"@type":"ListItem","position":3,"name":"Plastic Random Packing","item":"https:\/\/cpxzx.com\/pcategory\/random-packing\/plastic-random-packing\/"},{"@type":"ListItem","position":4,"name":"Plastic raschig rings (PE, PP, PVC, CPVC, PVDF)"}]},{"@type":"WebSite","@id":"https:\/\/cpxzx.com\/#website","url":"https:\/\/cpxzx.com\/","name":"So\u011futma Kulesi Dolgusu, \u00c7in PVC Dolgular \u00dcretici","description":"","publisher":{"@id":"https:\/\/cpxzx.com\/#organization"},"potentialAction":[{"@type":"SearchAction","target":{"@type":"EntryPoint","urlTemplate":"https:\/\/cpxzx.com\/?s={search_term_string}"},"query-input":{"@type":"PropertyValueSpecification","valueRequired":true,"valueName":"search_term_string"}}],"inLanguage":"tr"},{"@type":"Organization","@id":"https:\/\/cpxzx.com\/#organization","name":"So\u011futma Kulesi Dolgusu, \u00c7in PVC Dolgular \u00dcretici","url":"https:\/\/cpxzx.com\/","logo":{"@type":"ImageObject","inLanguage":"tr","@id":"https:\/\/cpxzx.com\/#\/schema\/logo\/image\/","url":"https:\/\/cpxzx.com\/wp-content\/uploads\/2025\/07\/1751628807-logo.png","contentUrl":"https:\/\/cpxzx.com\/wp-content\/uploads\/2025\/07\/1751628807-logo.png","width":383,"height":87,"caption":"Cooling Tower Fill, China PVC Fills Manufacturer"},"image":{"@id":"https:\/\/cpxzx.com\/#\/schema\/logo\/image\/"}}]}},"taxonomy_info":{"pcategory":[{"value":22,"label":"Random Packing"},{"value":25,"label":"Plastic Random Packing"}]},"featured_image_src_large":["https:\/\/cpxzx.com\/wp-content\/uploads\/2025\/07\/plastic-raschig-rings-1.jpg",550,550,false],"author_info":[],"comment_info":"","_links":{"self":[{"href":"https:\/\/cpxzx.com\/tr\/wp-json\/wp\/v2\/product\/2807","targetHints":{"allow":["GET"]}}],"collection":[{"href":"https:\/\/cpxzx.com\/tr\/wp-json\/wp\/v2\/product"}],"about":[{"href":"https:\/\/cpxzx.com\/tr\/wp-json\/wp\/v2\/types\/product"}],"wp:featuredmedia":[{"embeddable":true,"href":"https:\/\/cpxzx.com\/tr\/wp-json\/wp\/v2\/media\/2808"}],"wp:attachment":[{"href":"https:\/\/cpxzx.com\/tr\/wp-json\/wp\/v2\/media?parent=2807"}],"wp:term":[{"taxonomy":"pcategory","embeddable":true,"href":"https:\/\/cpxzx.com\/tr\/wp-json\/wp\/v2\/pcategory?post=2807"},{"taxonomy":"ptag","embeddable":true,"href":"https:\/\/cpxzx.com\/tr\/wp-json\/wp\/v2\/ptag?post=2807"}],"curies":[{"name":"wp","href":"https:\/\/api.w.org\/{rel}","templated":true}]}}