{"id":2675,"date":"2025-07-16T12:41:30","date_gmt":"2025-07-16T12:41:30","guid":{"rendered":"https:\/\/cpxzx.com\/?post_type=product&#038;p=2675"},"modified":"2025-07-30T11:03:17","modified_gmt":"2025-07-30T11:03:17","slug":"ceramic-raschig-ring","status":"publish","type":"product","link":"https:\/\/cpxzx.com\/tr\/urun\/ceramic-raschig-ring\/","title":{"rendered":"10mm 25mm 38mm 50mm Seramik Raschig Halkas\u0131"},"content":{"rendered":"<p>Bu <strong>Seramik Raschig Y\u00fcz\u00fck<\/strong> silindirik \u015fekle sahip rastgele bir paketleme t\u00fcr\u00fcd\u00fcr. Ba\u015flang\u0131\u00e7ta kulelerde k\u00fctle transferi i\u00e7in mevcut y\u00fczey alan\u0131n\u0131 art\u0131rmak \u00fczere tasarlanm\u0131\u015ft\u0131r. Seramik Raschig halkalar\u0131n\u0131n \u00e7e\u015fitli inorganik ve organik asitlerin yan\u0131 s\u0131ra hidroflorik asit hari\u00e7 organik \u00e7\u00f6z\u00fcc\u00fclere kar\u015f\u0131 m\u00fckemmel diren\u00e7 sa\u011flad\u0131\u011f\u0131 kan\u0131tlanm\u0131\u015ft\u0131r. Hem y\u00fcksek hem de d\u00fc\u015f\u00fck s\u0131cakl\u0131kl\u0131 ortamlar i\u00e7in idealdir, bu da onlar\u0131 kimya, metalurji ve k\u00f6m\u00fcr gaz\u0131 \u00fcretimi gibi end\u00fcstrilerde \u00e7ok \u00e7e\u015fitli uygulamalar i\u00e7in uygun hale getirir.<\/p>\n<p>Bu halkalar, 10 mm, 25 mm ve 50 mm Seramik Raschig Halkalar\u0131 gibi standart se\u00e7eneklerle \u00e7e\u015fitli boyutlarda gelir. Bu halkalar\u0131n y\u00fcksekli\u011fi ve \u00e7ap\u0131 e\u015fittir, bu da onlar\u0131 paketlenmi\u015f kolonlarda rastgele paketleme i\u00e7in pop\u00fcler bir se\u00e7im haline getirir. Di\u011fer salmastra malzemelerine k\u0131yasla daha d\u00fc\u015f\u00fck k\u00fctle aktar\u0131m oranlar\u0131na sahip olmas\u0131na ra\u011fmen, seramik Raschig halkalar\u0131 ekonomiktir ve end\u00fcstriyel proseslerde yayg\u0131n olarak kabul g\u00f6rmeye devam etmektedir.<\/p>\n<h2>Seramik Raschig Halkalar\u0131n\u0131n \u00d6zellikleri<\/h2>\n<ul>\n<li><strong>Asit ve Alkali Dayan\u0131m\u0131<\/strong>: Seramik malzeme \u00e7e\u015fitli asit ve alkalilere kar\u015f\u0131 m\u00fckemmel diren\u00e7 g\u00f6stererek zorlu kimyasal ortamlar i\u00e7in uygun hale getirir.<\/li>\n<li><strong>Is\u0131 Direnci<\/strong>: Seramik Raschig halkalar\u0131, y\u00fcksek s\u0131cakl\u0131k uygulamalar\u0131 i\u00e7in gerekli olan y\u00fcksek s\u0131cakl\u0131klara bozulmadan dayanabilir.<\/li>\n<li><strong>Y\u00fcksek Mekanik Dayan\u0131m<\/strong>: Bu halkalar, end\u00fcstriyel proseslerin mekanik streslerini kald\u0131racak \u015fekilde tasarlanm\u0131\u015ft\u0131r ve uzun \u00f6m\u00fcr ve g\u00fcvenilirlik sa\u011flar.<\/li>\n<li><strong>Enerji Tasarrufu ve D\u00fc\u015f\u00fck \u0130\u015fletme Maliyetleri<\/strong>: Seramik Raschig halkalar\u0131, d\u00fc\u015f\u00fck i\u015fletme maliyetleri ve kurulum ve bak\u0131m s\u0131ras\u0131nda kolay kullan\u0131mlar\u0131 nedeniyle enerji tasarruflu bir se\u00e7imdir.<\/li>\n<li><strong>Uygun Maliyetli<\/strong>: Di\u011fer rastgele paketleme malzemeleriyle kar\u015f\u0131la\u015ft\u0131r\u0131ld\u0131\u011f\u0131nda, seramik Raschig halkalar\u0131 performanstan \u00f6d\u00fcn vermeden uygun fiyatl\u0131 bir se\u00e7enektir.<\/li>\n<\/ul>\n<h2>Seramik Raschig Halkalar\u0131n\u0131n \u00d6zellikleri<\/h2>\n<table border=\"1\">\n<thead>\n<tr>\n<th>Boyut<br \/>\n(mm)<\/th>\n<th>Kal\u0131nl\u0131k<br \/>\n(mm)<\/th>\n<th>Y\u00fczey Alan\u0131<br \/>\n(m\u00b2\/m\u00b3)<\/th>\n<th>Serbest Hacim<br \/>\n(%)<\/th>\n<th>Toplu Numaralar<br \/>\n(m\u00b3 ba\u015f\u0131na)<\/th>\n<th>Y\u0131\u011f\u0131n Yo\u011funlu\u011fu<br \/>\n(kg\/m\u00b3)<\/th>\n<th>Kuru Paketleme Fakt\u00f6r\u00fc<br \/>\n(m-l)<\/th>\n<\/tr>\n<\/thead>\n<tbody>\n<tr>\n<td>6\u00d76<\/td>\n<td>1.6<\/td>\n<td>712<\/td>\n<td>62<\/td>\n<td>3022935<\/td>\n<td>1050<\/td>\n<td>5249<\/td>\n<\/tr>\n<tr>\n<td>13\u00d713<\/td>\n<td>2.4<\/td>\n<td>367<\/td>\n<td>64<\/td>\n<td>377867<\/td>\n<td>800<\/td>\n<td>1903<\/td>\n<\/tr>\n<tr>\n<td>16\u00d716<\/td>\n<td>2.5<\/td>\n<td>305<\/td>\n<td>73<\/td>\n<td>192500<\/td>\n<td>800<\/td>\n<td>900<\/td>\n<\/tr>\n<tr>\n<td>25\u00d725<\/td>\n<td>3<\/td>\n<td>190<\/td>\n<td>74<\/td>\n<td>52000<\/td>\n<td>650<\/td>\n<td>508<\/td>\n<\/tr>\n<tr>\n<td>38\u00d738<\/td>\n<td>5<\/td>\n<td>121<\/td>\n<td>73<\/td>\n<td>15800<\/td>\n<td>650<\/td>\n<td>312<\/td>\n<\/tr>\n<tr>\n<td>50\u00d750<\/td>\n<td>6<\/td>\n<td>92<\/td>\n<td>74<\/td>\n<td>6500<\/td>\n<td>600<\/td>\n<td>213<\/td>\n<\/tr>\n<tr>\n<td>80\u00d780<\/td>\n<td>9.5<\/td>\n<td>46<\/td>\n<td>80<\/td>\n<td>1953<\/td>\n<td>660<\/td>\n<td>280<\/td>\n<\/tr>\n<tr>\n<td>100\u00d7100<\/td>\n<td>10<\/td>\n<td>70<\/td>\n<td>70<\/td>\n<td>1000<\/td>\n<td>600<\/td>\n<td>172<\/td>\n<\/tr>\n<\/tbody>\n<\/table>\n<h2>Seramik Raschig Halkalar\u0131n\u0131n Uygulamalar\u0131<\/h2>\n<p>Seramik Raschig halkalar\u0131 \u00e7e\u015fitli end\u00fcstriyel proseslerde yayg\u0131n olarak kullan\u0131lmaktad\u0131r:<\/p>\n<ul>\n<li><strong>Kimya End\u00fcstrisi<\/strong>: Kurutma kulelerinde, absorpsiyon kulelerinde ve reakt\u00f6rlerde bu halkalar gazlar\u0131n ve s\u0131v\u0131lar\u0131n k\u00fctle transferini kolayla\u015ft\u0131r\u0131r.<\/li>\n<li><strong>Metalurji<\/strong>: Seramik Raschig halkalar\u0131, gaz y\u0131kay\u0131c\u0131larda ve \u0131s\u0131 ve asit direncinin \u00e7ok \u00f6nemli oldu\u011fu di\u011fer metalurjik i\u015flemlerde kullan\u0131l\u0131r.<\/li>\n<li><strong>K\u00f6m\u00fcr Gaz\u0131 ve Oksijen \u00dcretimi<\/strong>: Y\u00fcksek s\u0131cakl\u0131klara ve kimyasal korozyona kar\u015f\u0131 diren\u00e7leri, gaz i\u015fleme ve end\u00fcstriyel oksijen \u00fcretimini i\u00e7eren uygulamalar i\u00e7in idealdir.<\/li>\n<\/ul>\n<h2>Neden Seramik Raschig Halkalar\u0131n\u0131 Se\u00e7melisiniz?<\/h2>\n<p>Seramik Raschig Halkalar\u0131 kullanman\u0131n ba\u015fl\u0131ca avantajlar\u0131 maliyet etkinli\u011fi, dayan\u0131kl\u0131l\u0131\u011f\u0131 ve zorlu ko\u015fullar alt\u0131nda g\u00fcvenilir performans g\u00f6stermesidir. Seramik Raschig halkalar\u0131n\u0131n k\u00fctle aktar\u0131m h\u0131z\u0131 di\u011fer salmastra malzemelerine k\u0131yasla daha d\u00fc\u015f\u00fck olsa da, uzun s\u00fcreli kullan\u0131m ve d\u00fc\u015f\u00fck bak\u0131m maliyetleri a\u00e7\u0131s\u0131ndan yine de \u00f6nemli avantajlar sunarlar.<\/p>\n<p>End\u00fcstriyel uygulamalar i\u00e7in uygun fiyatl\u0131 ancak verimli paketleme \u00e7\u00f6z\u00fcmleri arayanlar i\u00e7in Seramik Raschig Halkas\u0131 en iyi se\u00e7enek olmaya devam etmektedir. \u0130ster 10 mm, ister 25 mm veya 50 mm Seramik Raschig Halkalar\u0131na ihtiyac\u0131n\u0131z olsun, bu malzemeler gerekli dayan\u0131kl\u0131l\u0131k, maliyet ve performans dengesini sa\u011flar.<\/p>\n<p>End\u00fcstriler, seramik Raschig halkalar\u0131n\u0131 tercih ederek proseslerinin performans\u0131n\u0131 korurken i\u015fletme maliyetlerini azaltabilir. Minimum ar\u0131za s\u00fcresi ve uzun hizmet \u00f6mr\u00fc ile g\u00fcvenilir, enerji tasarrufu sa\u011flayan bir \u00e7\u00f6z\u00fcm sunarlar.<\/p>","protected":false},"excerpt":{"rendered":"<p>Seramik Raschig halkalar\u0131 onlarca y\u0131ld\u0131r \u00e7e\u015fitli end\u00fcstrilerde yayg\u0131n olarak kullan\u0131lmaktad\u0131r. Y\u00fcksek asit ve \u0131s\u0131 direnci ile bilinen bu halkalar kurutma kuleleri, absorpsiyon kuleleri, so\u011futma kuleleri ve y\u0131kama kuleleri de dahil olmak \u00fczere kimyasal prosesler i\u00e7in ideal bir \u00e7\u00f6z\u00fcmd\u00fcr. Seramik Raschig Halkas\u0131, rastgele paketleme malzemelerinin en eski nesillerinden biridir ve m\u00fckemmel dayan\u0131kl\u0131l\u0131\u011f\u0131 ve d\u00fc\u015f\u00fck i\u015fletme maliyetleri nedeniyle bir\u00e7ok end\u00fcstriyel uygulama i\u00e7in uygun maliyetli bir se\u00e7im olmaya devam etmektedir.<\/p>","protected":false},"featured_media":2678,"parent":0,"template":"","meta":{"_acf_changed":false,"_kad_blocks_custom_css":"","_kad_blocks_head_custom_js":"","_kad_blocks_body_custom_js":"","_kad_blocks_footer_custom_js":"","_kadence_starter_templates_imported_post":false,"_kad_post_transparent":"default","_kad_post_title":"","_kad_post_layout":"default","_kad_post_sidebar_id":"","_kad_post_content_style":"default","_kad_post_vertical_padding":"default","_kad_post_feature":"","_kad_post_feature_position":"","_kad_post_header":false,"_kad_post_footer":false},"pcategory":[22,24],"ptag":[],"class_list":["post-2675","product","type-product","status-publish","has-post-thumbnail","hentry","pcategory-random-packing","pcategory-ceramic-random-packing"],"acf":[],"yoast_head":"<!-- This site is optimized with the Yoast SEO plugin v27.4 - https:\/\/yoast.com\/product\/yoast-seo-wordpress\/ -->\n<title>10mm 25mm 38mm 50mm Ceramic Raschig Ring<\/title>\n<meta name=\"robots\" content=\"index, follow, max-snippet:-1, max-image-preview:large, max-video-preview:-1\" \/>\n<link rel=\"canonical\" href=\"https:\/\/cpxzx.com\/tr\/urun\/ceramic-raschig-ring\/\" \/>\n<meta property=\"og:locale\" content=\"tr_TR\" \/>\n<meta property=\"og:type\" content=\"article\" \/>\n<meta property=\"og:title\" content=\"10mm 25mm 38mm 50mm Ceramic Raschig Ring\" \/>\n<meta property=\"og:description\" content=\"Ceramic Raschig rings have been widely used in various industries for decades. Known for their high acid and heat resistance, they are an ideal solution for chemical processes, including in drying towers, absorption towers, cooling towers, and washing towers. The Ceramic Raschig Ring is one of the earliest generations of random packing materials and remains a cost-effective choice for many industrial applications due to its excellent durability and low operational costs.\" \/>\n<meta property=\"og:url\" content=\"https:\/\/cpxzx.com\/tr\/urun\/ceramic-raschig-ring\/\" \/>\n<meta property=\"og:site_name\" content=\"Cooling Tower Fill, China PVC Fills Manufacturer\" \/>\n<meta property=\"article:modified_time\" content=\"2025-07-30T11:03:17+00:00\" \/>\n<meta property=\"og:image\" content=\"https:\/\/cpxzx.com\/wp-content\/uploads\/2025\/07\/ceramic-raschig-rings-3.jpg\" \/>\n\t<meta property=\"og:image:width\" content=\"550\" \/>\n\t<meta property=\"og:image:height\" content=\"550\" \/>\n\t<meta property=\"og:image:type\" content=\"image\/jpeg\" \/>\n<meta name=\"twitter:card\" content=\"summary_large_image\" \/>\n<meta name=\"twitter:label1\" content=\"Tahmini okuma s\u00fcresi\" \/>\n\t<meta name=\"twitter:data1\" content=\"3 dakika\" \/>\n<script type=\"application\/ld+json\" class=\"yoast-schema-graph\">{\"@context\":\"https:\\\/\\\/schema.org\",\"@graph\":[{\"@type\":\"WebPage\",\"@id\":\"https:\\\/\\\/cpxzx.com\\\/product\\\/ceramic-raschig-ring\\\/\",\"url\":\"https:\\\/\\\/cpxzx.com\\\/product\\\/ceramic-raschig-ring\\\/\",\"name\":\"10mm 25mm 38mm 50mm Ceramic Raschig Ring\",\"isPartOf\":{\"@id\":\"https:\\\/\\\/cpxzx.com\\\/#website\"},\"primaryImageOfPage\":{\"@id\":\"https:\\\/\\\/cpxzx.com\\\/product\\\/ceramic-raschig-ring\\\/#primaryimage\"},\"image\":{\"@id\":\"https:\\\/\\\/cpxzx.com\\\/product\\\/ceramic-raschig-ring\\\/#primaryimage\"},\"thumbnailUrl\":\"https:\\\/\\\/cpxzx.com\\\/wp-content\\\/uploads\\\/2025\\\/07\\\/ceramic-raschig-rings-3.jpg\",\"datePublished\":\"2025-07-16T12:41:30+00:00\",\"dateModified\":\"2025-07-30T11:03:17+00:00\",\"breadcrumb\":{\"@id\":\"https:\\\/\\\/cpxzx.com\\\/product\\\/ceramic-raschig-ring\\\/#breadcrumb\"},\"inLanguage\":\"tr\",\"potentialAction\":[{\"@type\":\"ReadAction\",\"target\":[\"https:\\\/\\\/cpxzx.com\\\/product\\\/ceramic-raschig-ring\\\/\"]}]},{\"@type\":\"ImageObject\",\"inLanguage\":\"tr\",\"@id\":\"https:\\\/\\\/cpxzx.com\\\/product\\\/ceramic-raschig-ring\\\/#primaryimage\",\"url\":\"https:\\\/\\\/cpxzx.com\\\/wp-content\\\/uploads\\\/2025\\\/07\\\/ceramic-raschig-rings-3.jpg\",\"contentUrl\":\"https:\\\/\\\/cpxzx.com\\\/wp-content\\\/uploads\\\/2025\\\/07\\\/ceramic-raschig-rings-3.jpg\",\"width\":550,\"height\":550,\"caption\":\"ceramic raschig rings\"},{\"@type\":\"BreadcrumbList\",\"@id\":\"https:\\\/\\\/cpxzx.com\\\/product\\\/ceramic-raschig-ring\\\/#breadcrumb\",\"itemListElement\":[{\"@type\":\"ListItem\",\"position\":1,\"name\":\"Home\",\"item\":\"https:\\\/\\\/cpxzx.com\\\/\"},{\"@type\":\"ListItem\",\"position\":2,\"name\":\"Random Packing\",\"item\":\"https:\\\/\\\/cpxzx.com\\\/pcategory\\\/random-packing\\\/\"},{\"@type\":\"ListItem\",\"position\":3,\"name\":\"Ceramic Random Packing\",\"item\":\"https:\\\/\\\/cpxzx.com\\\/pcategory\\\/random-packing\\\/ceramic-random-packing\\\/\"},{\"@type\":\"ListItem\",\"position\":4,\"name\":\"10mm 25mm 38mm 50mm Ceramic Raschig Ring\"}]},{\"@type\":\"WebSite\",\"@id\":\"https:\\\/\\\/cpxzx.com\\\/#website\",\"url\":\"https:\\\/\\\/cpxzx.com\\\/\",\"name\":\"Cooling Tower Fill, China PVC Fills Manufacturer\",\"description\":\"\",\"publisher\":{\"@id\":\"https:\\\/\\\/cpxzx.com\\\/#organization\"},\"potentialAction\":[{\"@type\":\"SearchAction\",\"target\":{\"@type\":\"EntryPoint\",\"urlTemplate\":\"https:\\\/\\\/cpxzx.com\\\/?s={search_term_string}\"},\"query-input\":{\"@type\":\"PropertyValueSpecification\",\"valueRequired\":true,\"valueName\":\"search_term_string\"}}],\"inLanguage\":\"tr\"},{\"@type\":\"Organization\",\"@id\":\"https:\\\/\\\/cpxzx.com\\\/#organization\",\"name\":\"Cooling Tower Fill, China PVC Fills Manufacturer\",\"url\":\"https:\\\/\\\/cpxzx.com\\\/\",\"logo\":{\"@type\":\"ImageObject\",\"inLanguage\":\"tr\",\"@id\":\"https:\\\/\\\/cpxzx.com\\\/#\\\/schema\\\/logo\\\/image\\\/\",\"url\":\"https:\\\/\\\/cpxzx.com\\\/wp-content\\\/uploads\\\/2025\\\/07\\\/1751628807-logo.png\",\"contentUrl\":\"https:\\\/\\\/cpxzx.com\\\/wp-content\\\/uploads\\\/2025\\\/07\\\/1751628807-logo.png\",\"width\":383,\"height\":87,\"caption\":\"Cooling Tower Fill, China PVC Fills Manufacturer\"},\"image\":{\"@id\":\"https:\\\/\\\/cpxzx.com\\\/#\\\/schema\\\/logo\\\/image\\\/\"}}]}<\/script>\n<!-- \/ Yoast SEO plugin. -->","yoast_head_json":{"title":"10mm 25mm 38mm 50mm Seramik Raschig Halkas\u0131","robots":{"index":"index","follow":"follow","max-snippet":"max-snippet:-1","max-image-preview":"max-image-preview:large","max-video-preview":"max-video-preview:-1"},"canonical":"https:\/\/cpxzx.com\/tr\/urun\/ceramic-raschig-ring\/","og_locale":"tr_TR","og_type":"article","og_title":"10mm 25mm 38mm 50mm Ceramic Raschig Ring","og_description":"Ceramic Raschig rings have been widely used in various industries for decades. Known for their high acid and heat resistance, they are an ideal solution for chemical processes, including in drying towers, absorption towers, cooling towers, and washing towers. The Ceramic Raschig Ring is one of the earliest generations of random packing materials and remains a cost-effective choice for many industrial applications due to its excellent durability and low operational costs.","og_url":"https:\/\/cpxzx.com\/tr\/urun\/ceramic-raschig-ring\/","og_site_name":"Cooling Tower Fill, China PVC Fills Manufacturer","article_modified_time":"2025-07-30T11:03:17+00:00","og_image":[{"width":550,"height":550,"url":"https:\/\/cpxzx.com\/wp-content\/uploads\/2025\/07\/ceramic-raschig-rings-3.jpg","type":"image\/jpeg"}],"twitter_card":"summary_large_image","twitter_misc":{"Tahmini okuma s\u00fcresi":"3 dakika"},"schema":{"@context":"https:\/\/schema.org","@graph":[{"@type":"WebPage","@id":"https:\/\/cpxzx.com\/product\/ceramic-raschig-ring\/","url":"https:\/\/cpxzx.com\/product\/ceramic-raschig-ring\/","name":"10mm 25mm 38mm 50mm Seramik Raschig Halkas\u0131","isPartOf":{"@id":"https:\/\/cpxzx.com\/#website"},"primaryImageOfPage":{"@id":"https:\/\/cpxzx.com\/product\/ceramic-raschig-ring\/#primaryimage"},"image":{"@id":"https:\/\/cpxzx.com\/product\/ceramic-raschig-ring\/#primaryimage"},"thumbnailUrl":"https:\/\/cpxzx.com\/wp-content\/uploads\/2025\/07\/ceramic-raschig-rings-3.jpg","datePublished":"2025-07-16T12:41:30+00:00","dateModified":"2025-07-30T11:03:17+00:00","breadcrumb":{"@id":"https:\/\/cpxzx.com\/product\/ceramic-raschig-ring\/#breadcrumb"},"inLanguage":"tr","potentialAction":[{"@type":"ReadAction","target":["https:\/\/cpxzx.com\/product\/ceramic-raschig-ring\/"]}]},{"@type":"ImageObject","inLanguage":"tr","@id":"https:\/\/cpxzx.com\/product\/ceramic-raschig-ring\/#primaryimage","url":"https:\/\/cpxzx.com\/wp-content\/uploads\/2025\/07\/ceramic-raschig-rings-3.jpg","contentUrl":"https:\/\/cpxzx.com\/wp-content\/uploads\/2025\/07\/ceramic-raschig-rings-3.jpg","width":550,"height":550,"caption":"ceramic raschig rings"},{"@type":"BreadcrumbList","@id":"https:\/\/cpxzx.com\/product\/ceramic-raschig-ring\/#breadcrumb","itemListElement":[{"@type":"ListItem","position":1,"name":"Home","item":"https:\/\/cpxzx.com\/"},{"@type":"ListItem","position":2,"name":"Random Packing","item":"https:\/\/cpxzx.com\/pcategory\/random-packing\/"},{"@type":"ListItem","position":3,"name":"Ceramic Random Packing","item":"https:\/\/cpxzx.com\/pcategory\/random-packing\/ceramic-random-packing\/"},{"@type":"ListItem","position":4,"name":"10mm 25mm 38mm 50mm Ceramic Raschig Ring"}]},{"@type":"WebSite","@id":"https:\/\/cpxzx.com\/#website","url":"https:\/\/cpxzx.com\/","name":"So\u011futma Kulesi Dolgusu, \u00c7in PVC Dolgular \u00dcretici","description":"","publisher":{"@id":"https:\/\/cpxzx.com\/#organization"},"potentialAction":[{"@type":"SearchAction","target":{"@type":"EntryPoint","urlTemplate":"https:\/\/cpxzx.com\/?s={search_term_string}"},"query-input":{"@type":"PropertyValueSpecification","valueRequired":true,"valueName":"search_term_string"}}],"inLanguage":"tr"},{"@type":"Organization","@id":"https:\/\/cpxzx.com\/#organization","name":"So\u011futma Kulesi Dolgusu, \u00c7in PVC Dolgular \u00dcretici","url":"https:\/\/cpxzx.com\/","logo":{"@type":"ImageObject","inLanguage":"tr","@id":"https:\/\/cpxzx.com\/#\/schema\/logo\/image\/","url":"https:\/\/cpxzx.com\/wp-content\/uploads\/2025\/07\/1751628807-logo.png","contentUrl":"https:\/\/cpxzx.com\/wp-content\/uploads\/2025\/07\/1751628807-logo.png","width":383,"height":87,"caption":"Cooling Tower Fill, China PVC Fills Manufacturer"},"image":{"@id":"https:\/\/cpxzx.com\/#\/schema\/logo\/image\/"}}]}},"taxonomy_info":{"pcategory":[{"value":22,"label":"Random Packing"},{"value":24,"label":"Ceramic Random Packing"}]},"featured_image_src_large":["https:\/\/cpxzx.com\/wp-content\/uploads\/2025\/07\/ceramic-raschig-rings-3.jpg",550,550,false],"author_info":[],"comment_info":"","_links":{"self":[{"href":"https:\/\/cpxzx.com\/tr\/wp-json\/wp\/v2\/product\/2675","targetHints":{"allow":["GET"]}}],"collection":[{"href":"https:\/\/cpxzx.com\/tr\/wp-json\/wp\/v2\/product"}],"about":[{"href":"https:\/\/cpxzx.com\/tr\/wp-json\/wp\/v2\/types\/product"}],"wp:featuredmedia":[{"embeddable":true,"href":"https:\/\/cpxzx.com\/tr\/wp-json\/wp\/v2\/media\/2678"}],"wp:attachment":[{"href":"https:\/\/cpxzx.com\/tr\/wp-json\/wp\/v2\/media?parent=2675"}],"wp:term":[{"taxonomy":"pcategory","embeddable":true,"href":"https:\/\/cpxzx.com\/tr\/wp-json\/wp\/v2\/pcategory?post=2675"},{"taxonomy":"ptag","embeddable":true,"href":"https:\/\/cpxzx.com\/tr\/wp-json\/wp\/v2\/ptag?post=2675"}],"curies":[{"name":"wp","href":"https:\/\/api.w.org\/{rel}","templated":true}]}}