{"id":2569,"date":"2025-07-16T03:31:10","date_gmt":"2025-07-16T03:31:10","guid":{"rendered":"https:\/\/cpxzx.com\/?post_type=product&#038;p=2569"},"modified":"2025-07-30T11:07:59","modified_gmt":"2025-07-30T11:07:59","slug":"ceramic-pall-ring","status":"publish","type":"product","link":"https:\/\/cpxzx.com\/tr\/urun\/ceramic-pall-ring\/","title":{"rendered":"Seramik Pall Y\u00fcz\u00fck (25mm 38mm 50mm, 76mm)"},"content":{"rendered":"<p>Seramik Pall Halkas\u0131, geleneksel Raschig halkas\u0131ndan geli\u015ftirilmi\u015f, t\u00fcp duvar\u0131 boyunca iki kat pencere ile tasarlanm\u0131\u015f, geli\u015fmi\u015f ve y\u00fcksek verimli bir paketleme malzemesidir. Her katman, metalik ve plastik pall halkalar\u0131na benzer \u015fekilde i\u00e7e do\u011fru b\u00fck\u00fclen be\u015f lig\u00fcl i\u00e7erir. Lig\u00fcllerin tasar\u0131m\u0131 halkan\u0131n y\u00fcksekli\u011fine ve \u00e7ap\u0131na ba\u011fl\u0131 olarak de\u011fi\u015fir. Seramik Pall Halkalar\u0131 g\u00fc\u00e7l\u00fc mekanik \u00f6zellikleri, y\u00fcksek termal stabiliteleri ve kimyasal korozyona kar\u015f\u0131 diren\u00e7leri nedeniyle olduk\u00e7a de\u011ferlidir.<\/p>\n<h2>Seramik Pall Y\u00fcz\u00fcklerin \u00d6zellikleri<\/h2>\n<ul>\n<li><strong>\u0130yi Mekanik Dayan\u0131m<\/strong>: Seramik Pall Halkalar\u0131 m\u00fckemmel dayan\u0131kl\u0131l\u0131k sergiler ve zorlu \u00e7al\u0131\u015fma ko\u015fullar\u0131na dayanabilir.<\/li>\n<li><strong>Y\u00fcksek S\u0131cakl\u0131k Dayan\u0131m\u0131<\/strong>: Bu halkalar a\u015f\u0131r\u0131 s\u0131cakl\u0131klara dayanabilir, bu da onlar\u0131 s\u00fclf\u00fcrik asit kuleleri gibi y\u00fcksek \u0131s\u0131l\u0131 ortamlarda kullan\u0131m i\u00e7in ideal hale getirir.<\/li>\n<li><strong>Korozyon Direnci<\/strong>: Demir i\u00e7ermeyen ve inert olan seramik malzeme, asitlere, alkalilere, tuzlara ve \u00e7e\u015fitli organik \u00e7\u00f6z\u00fcc\u00fclere kar\u015f\u0131 m\u00fckemmel diren\u00e7 sunar.<\/li>\n<li><strong>Uygun Maliyetli<\/strong>: Verimli performanslar\u0131 ve uzun hizmet \u00f6m\u00fcrleri nedeniyle, seramik pall ringler bir\u00e7ok end\u00fcstri i\u00e7in uygun maliyetli bir \u00e7\u00f6z\u00fcm sa\u011flar.<\/li>\n<li><strong>Minimum Bas\u0131n\u00e7 D\u00fc\u015f\u00fc\u015f\u00fc<\/strong>: E\u015fit s\u0131v\u0131 ve gaz da\u011f\u0131l\u0131m\u0131 ile seramik pall halkalar d\u00fc\u015f\u00fck bas\u0131n\u00e7 d\u00fc\u015f\u00fc\u015f\u00fcn\u00fc koruyarak genel proses verimlili\u011fine katk\u0131da bulunur.<\/li>\n<\/ul>\n<h2>Teknik \u00d6zellikler ve Fiziksel \u00d6zellikler<\/h2>\n<table>\n<tbody>\n<tr>\n<th>Boyutlar (mm)<\/th>\n<th>Kal\u0131nl\u0131k (mm)<\/th>\n<th>Y\u00fczey Alan\u0131 (m\u00b2\/m\u00b3)<\/th>\n<th>Serbest Hacim (%)<\/th>\n<th>M\u00b3 ba\u015f\u0131na say\u0131<\/th>\n<th>Y\u0131\u011f\u0131n Yo\u011funlu\u011fu (kg\/m\u00b3)<\/th>\n<\/tr>\n<tr>\n<td>25<\/td>\n<td>3<\/td>\n<td>210<\/td>\n<td>73<\/td>\n<td>53,500<\/td>\n<td>700<\/td>\n<\/tr>\n<tr>\n<td>38<\/td>\n<td>4<\/td>\n<td>180<\/td>\n<td>75<\/td>\n<td>15,000<\/td>\n<td>650<\/td>\n<\/tr>\n<tr>\n<td>50<\/td>\n<td>5<\/td>\n<td>130<\/td>\n<td>78<\/td>\n<td>6,800<\/td>\n<td>600<\/td>\n<\/tr>\n<tr>\n<td>80<\/td>\n<td>8<\/td>\n<td>110<\/td>\n<td>81<\/td>\n<td>1,950<\/td>\n<td>550<\/td>\n<\/tr>\n<\/tbody>\n<\/table>\n<p>Seramik Pall Halkalar\u0131, belirli end\u00fcstriyel gereksinimleri kar\u015f\u0131lamak i\u00e7in \u00f6zel se\u00e7eneklerle birlikte \u00e7e\u015fitli boyutlarda ve konfig\u00fcrasyonlarda mevcuttur. Y\u00fcksek bo\u015fluk oranlar\u0131 iyi gaz-s\u0131v\u0131 da\u011f\u0131l\u0131m\u0131n\u0131 destekleyerek t\u0131kanma veya s\u0131v\u0131 tutma riskini azalt\u0131r.<\/p>\n<p><img loading=\"lazy\" decoding=\"async\" class=\"size-full wp-image-2581\" src=\"https:\/\/cpxzx.com\/wp-content\/uploads\/2025\/07\/PALL-RING.jpg\" alt=\"PALL-RING\" width=\"750\" height=\"390\" srcset=\"https:\/\/cpxzx.com\/wp-content\/uploads\/2025\/07\/PALL-RING.jpg 750w, https:\/\/cpxzx.com\/wp-content\/uploads\/2025\/07\/PALL-RING-300x156.jpg 300w, https:\/\/cpxzx.com\/wp-content\/uploads\/2025\/07\/PALL-RING-18x9.jpg 18w\" sizes=\"auto, (max-width: 750px) 100vw, 750px\" \/><\/p>\n<h2>Seramik Pall Y\u00fcz\u00fck Kullanman\u0131n Avantajlar\u0131<\/h2>\n<ul>\n<li><strong>Geli\u015ftirilmi\u015f K\u00fctle Transfer Verimlili\u011fi<\/strong>: Pall Rings'in a\u00e7\u0131k tasar\u0131m\u0131, gaz-s\u0131v\u0131 temas\u0131 i\u00e7in y\u00fczey alan\u0131n\u0131 art\u0131rarak k\u00fctle transfer s\u00fcrecini optimize eder.<\/li>\n<li><strong>D\u00fc\u015f\u00fck Bas\u0131n\u00e7 D\u00fc\u015f\u00fcm\u00fc<\/strong>: Benzersiz tasar\u0131mlar\u0131, di\u011fer salmastra malzemelerine k\u0131yasla bas\u0131n\u00e7 d\u00fc\u015f\u00fc\u015f\u00fcn\u00fc azaltmaya yard\u0131mc\u0131 olur ve bu da i\u015fletme maliyetlerini d\u00fc\u015f\u00fcr\u00fcr.<\/li>\n<li><strong>Y\u00fcksek Operasyonel Esneklik<\/strong>: Bu halkalar, de\u011fi\u015fen ak\u0131\u015f h\u0131zlar\u0131 ve s\u0131cakl\u0131klar gibi \u00e7ok \u00e7e\u015fitli ko\u015fullarda verimli bir \u015fekilde \u00e7al\u0131\u015fabilir.<\/li>\n<li><strong>Bak\u0131m Kolayl\u0131\u011f\u0131<\/strong>: Seramik Pall Halkalar\u0131n temizlenmesi ve de\u011fi\u015ftirilmesi kolayd\u0131r, bu da uzun vadeli bak\u0131m maliyetlerini azaltmaya yard\u0131mc\u0131 olur.<\/li>\n<li><strong>Uyarlanabilirlik<\/strong>: Maruz kalacaklar\u0131 kimyasal ve fiziksel ko\u015fullara ba\u011fl\u0131 olarak plastik, metal ve seramik gibi \u00e7e\u015fitli malzemelerden yap\u0131labilirler.<\/li>\n<\/ul>\n<h2>Seramik Pall Halkalar\u0131n Uygulamalar\u0131<\/h2>\n<p>Seramik Pall Halkalar kimya ve sanayi sekt\u00f6rlerinde, \u00f6zellikle y\u00fcksek s\u0131cakl\u0131klar ve a\u015f\u0131nd\u0131r\u0131c\u0131 ortamlar i\u00e7eren uygulamalarda yayg\u0131n olarak kullan\u0131lmaktad\u0131r. \u00d6zellikle s\u00fclf\u00fcrik asit kulelerinde, kurutma kolonlar\u0131nda, emici kolonlarda, so\u011futma kulelerinde ve y\u0131kama kulelerinde etkilidirler. Halkalar, verimli kimyasal reaksiyonlar i\u00e7in \u00e7ok \u00f6nemli olan gaz-s\u0131v\u0131 temas\u0131n\u0131 artt\u0131rmak i\u00e7in kullan\u0131l\u0131r.<\/p>\n<p>Korozyon direnci sayesinde s\u00fclf\u00fcrik asit ve di\u011fer agresif kimyasallarla \u00e7al\u0131\u015fmak i\u00e7in m\u00fckemmel bir se\u00e7imdir. Seramik pall ringlerden yararlanan end\u00fcstriler aras\u0131nda kimya end\u00fcstrisi, metalurji, k\u00f6m\u00fcr gaz\u0131 \u00fcretimi ve end\u00fcstriyel oksijen \u00fcretimi yer al\u0131r.<\/p>\n<h2>S\u00fclf\u00fcrik Asit Kuleleri i\u00e7in Neden Seramik Pall Halkalar\u0131 Se\u00e7melisiniz?<\/h2>\n<p>Seramik Pall Halkalar\u0131, asitlere, \u0131s\u0131ya ve di\u011fer zorlu ko\u015fullara kar\u015f\u0131 y\u00fcksek diren\u00e7leri nedeniyle s\u00fclf\u00fcrik asit kuleleri i\u00e7in m\u00fckemmeldir. Halkalar\u0131n benzersiz tasar\u0131m\u0131, bas\u0131n\u00e7 d\u00fc\u015f\u00fc\u015flerini en aza indirirken k\u00fctle aktar\u0131m oranlar\u0131n\u0131 iyile\u015ftirir ve sonu\u00e7ta kulenin verimlili\u011fini art\u0131r\u0131r. Ayr\u0131ca uygun maliyetli, dayan\u0131kl\u0131 ve bak\u0131m\u0131 kolay olmalar\u0131, onlar\u0131 y\u00fcksek performans gerektiren end\u00fcstriyel ortamlar i\u00e7in ideal \u00e7\u00f6z\u00fcm haline getirir.<\/p>\n<p>Y\u00fcksek s\u0131cakl\u0131\u011fa ve korozyona dayan\u0131kl\u0131 dolgu tedarik\u00e7isi olarak, en kat\u0131 end\u00fcstri standartlar\u0131n\u0131 kar\u015f\u0131lamak \u00fczere tasarlanm\u0131\u015f seramik pall ringler sunuyoruz. Seramik kule salmastralar\u0131m\u0131z en zorlu uygulamalarda bile g\u00fcvenilir performans sa\u011flar. Asit kulesi salmastras\u0131 ar\u0131yorsan\u0131z, seramik pall halkalar\u0131m\u0131z s\u00fclf\u00fcrik asit kuleniz veya di\u011fer kimyasal i\u015fleme ihtiya\u00e7lar\u0131n\u0131z i\u00e7in g\u00fc\u00e7, diren\u00e7 ve maliyet verimlili\u011finin m\u00fckemmel kombinasyonunu sunar.<\/p>\n<p>Sonu\u00e7 olarak, Seramik Pall Halkalar y\u00fcksek s\u0131cakl\u0131k ve korozif ortamlarda g\u00fcvenilir, verimli ve uygun maliyetli bir \u00e7\u00f6z\u00fcm arayanlar i\u00e7in m\u00fckemmel bir se\u00e7imdir. \u00dcst\u00fcn mekanik \u00f6zellikleri ve kimyasal korozyona kar\u015f\u0131 diren\u00e7leri, s\u00fclf\u00fcrik asit kulelerinde ve di\u011fer end\u00fcstriyel uygulamalarda optimum performans g\u00f6stermelerini sa\u011flar.<\/p>\n<p><img loading=\"lazy\" decoding=\"async\" class=\"wp-image-2580 size-full\" src=\"https:\/\/cpxzx.com\/wp-content\/uploads\/2025\/07\/packing.jpg\" alt=\"packing\" width=\"1000\" height=\"560\" srcset=\"https:\/\/cpxzx.com\/wp-content\/uploads\/2025\/07\/packing.jpg 1000w, https:\/\/cpxzx.com\/wp-content\/uploads\/2025\/07\/packing-300x168.jpg 300w, https:\/\/cpxzx.com\/wp-content\/uploads\/2025\/07\/packing-768x430.jpg 768w, https:\/\/cpxzx.com\/wp-content\/uploads\/2025\/07\/packing-18x10.jpg 18w\" sizes=\"auto, (max-width: 1000px) 100vw, 1000px\" \/><\/p>","protected":false},"excerpt":{"rendered":"<p>Seramik Pall Ring, \u00f6ncelikle \u00e7e\u015fitli kimyasal prosesler i\u00e7in s\u00fclf\u00fcrik asit kulelerinde kullan\u0131lan geli\u015fmi\u015f ve y\u00fcksek verimli bir salmastra malzemesidir. Bu benzersiz malzeme, y\u00fcksek s\u0131cakl\u0131k ve korozyon direncinin kritik oldu\u011fu ko\u015fullarda ola\u011fan\u00fcst\u00fc performans sunar. \u00d6zellikle a\u011f\u0131r \u00e7al\u0131\u015fma ko\u015fullar\u0131n\u0131n mevcut oldu\u011fu kimya end\u00fcstrilerinde end\u00fcstriyel uygulamalar i\u00e7in en uygun se\u00e7eneklerden biri olarak kabul edilir.<\/p>","protected":false},"featured_media":2571,"parent":0,"template":"","meta":{"_acf_changed":false,"_kad_blocks_custom_css":"","_kad_blocks_head_custom_js":"","_kad_blocks_body_custom_js":"","_kad_blocks_footer_custom_js":"","_kadence_starter_templates_imported_post":false,"_kad_post_transparent":"default","_kad_post_title":"","_kad_post_layout":"default","_kad_post_sidebar_id":"","_kad_post_content_style":"default","_kad_post_vertical_padding":"default","_kad_post_feature":"","_kad_post_feature_position":"","_kad_post_header":false,"_kad_post_footer":false},"pcategory":[22,24],"ptag":[],"class_list":["post-2569","product","type-product","status-publish","has-post-thumbnail","hentry","pcategory-random-packing","pcategory-ceramic-random-packing"],"acf":[],"yoast_head":"<!-- This site is optimized with the Yoast SEO plugin v27.4 - https:\/\/yoast.com\/product\/yoast-seo-wordpress\/ -->\n<title>Ceramic Pall Ring-25mm-38mm-50mm-76mm<\/title>\n<meta name=\"robots\" content=\"index, follow, max-snippet:-1, max-image-preview:large, max-video-preview:-1\" \/>\n<link rel=\"canonical\" href=\"https:\/\/cpxzx.com\/tr\/urun\/ceramic-pall-ring\/\" \/>\n<meta property=\"og:locale\" content=\"tr_TR\" \/>\n<meta property=\"og:type\" content=\"article\" \/>\n<meta property=\"og:title\" content=\"Ceramic Pall Ring-25mm-38mm-50mm-76mm\" \/>\n<meta property=\"og:description\" content=\"Ceramic Pall Ring is an advanced and highly efficient packing material, primarily used in sulfuric acid towers for various chemical processes. This unique material offers exceptional performance in conditions where high temperature and corrosion resistance are critical. It is considered one of the most suitable options for industrial applications, especially in chemical industries where severe operating conditions exist.\" \/>\n<meta property=\"og:url\" content=\"https:\/\/cpxzx.com\/tr\/urun\/ceramic-pall-ring\/\" \/>\n<meta property=\"og:site_name\" content=\"Cooling Tower Fill, China PVC Fills Manufacturer\" \/>\n<meta property=\"article:modified_time\" content=\"2025-07-30T11:07:59+00:00\" \/>\n<meta property=\"og:image\" content=\"https:\/\/cpxzx.com\/wp-content\/uploads\/2025\/07\/ceramic-pall-ring-2.jpg\" \/>\n\t<meta property=\"og:image:width\" content=\"550\" \/>\n\t<meta property=\"og:image:height\" content=\"550\" \/>\n\t<meta property=\"og:image:type\" content=\"image\/jpeg\" \/>\n<meta name=\"twitter:card\" content=\"summary_large_image\" \/>\n<meta name=\"twitter:label1\" content=\"Tahmini okuma s\u00fcresi\" \/>\n\t<meta name=\"twitter:data1\" content=\"4 dakika\" \/>\n<script type=\"application\/ld+json\" class=\"yoast-schema-graph\">{\"@context\":\"https:\\\/\\\/schema.org\",\"@graph\":[{\"@type\":\"WebPage\",\"@id\":\"https:\\\/\\\/cpxzx.com\\\/product\\\/ceramic-pall-ring\\\/\",\"url\":\"https:\\\/\\\/cpxzx.com\\\/product\\\/ceramic-pall-ring\\\/\",\"name\":\"Ceramic Pall Ring-25mm-38mm-50mm-76mm\",\"isPartOf\":{\"@id\":\"https:\\\/\\\/cpxzx.com\\\/#website\"},\"primaryImageOfPage\":{\"@id\":\"https:\\\/\\\/cpxzx.com\\\/product\\\/ceramic-pall-ring\\\/#primaryimage\"},\"image\":{\"@id\":\"https:\\\/\\\/cpxzx.com\\\/product\\\/ceramic-pall-ring\\\/#primaryimage\"},\"thumbnailUrl\":\"https:\\\/\\\/cpxzx.com\\\/wp-content\\\/uploads\\\/2025\\\/07\\\/ceramic-pall-ring-2.jpg\",\"datePublished\":\"2025-07-16T03:31:10+00:00\",\"dateModified\":\"2025-07-30T11:07:59+00:00\",\"breadcrumb\":{\"@id\":\"https:\\\/\\\/cpxzx.com\\\/product\\\/ceramic-pall-ring\\\/#breadcrumb\"},\"inLanguage\":\"tr\",\"potentialAction\":[{\"@type\":\"ReadAction\",\"target\":[\"https:\\\/\\\/cpxzx.com\\\/product\\\/ceramic-pall-ring\\\/\"]}]},{\"@type\":\"ImageObject\",\"inLanguage\":\"tr\",\"@id\":\"https:\\\/\\\/cpxzx.com\\\/product\\\/ceramic-pall-ring\\\/#primaryimage\",\"url\":\"https:\\\/\\\/cpxzx.com\\\/wp-content\\\/uploads\\\/2025\\\/07\\\/ceramic-pall-ring-2.jpg\",\"contentUrl\":\"https:\\\/\\\/cpxzx.com\\\/wp-content\\\/uploads\\\/2025\\\/07\\\/ceramic-pall-ring-2.jpg\",\"width\":550,\"height\":550,\"caption\":\"ceramic pall ring\"},{\"@type\":\"BreadcrumbList\",\"@id\":\"https:\\\/\\\/cpxzx.com\\\/product\\\/ceramic-pall-ring\\\/#breadcrumb\",\"itemListElement\":[{\"@type\":\"ListItem\",\"position\":1,\"name\":\"Home\",\"item\":\"https:\\\/\\\/cpxzx.com\\\/\"},{\"@type\":\"ListItem\",\"position\":2,\"name\":\"Random Packing\",\"item\":\"https:\\\/\\\/cpxzx.com\\\/pcategory\\\/random-packing\\\/\"},{\"@type\":\"ListItem\",\"position\":3,\"name\":\"Ceramic Random Packing\",\"item\":\"https:\\\/\\\/cpxzx.com\\\/pcategory\\\/random-packing\\\/ceramic-random-packing\\\/\"},{\"@type\":\"ListItem\",\"position\":4,\"name\":\"Ceramic Pall Ring (25mm 38mm 50mm, 76mm)\"}]},{\"@type\":\"WebSite\",\"@id\":\"https:\\\/\\\/cpxzx.com\\\/#website\",\"url\":\"https:\\\/\\\/cpxzx.com\\\/\",\"name\":\"Cooling Tower Fill, China PVC Fills Manufacturer\",\"description\":\"\",\"publisher\":{\"@id\":\"https:\\\/\\\/cpxzx.com\\\/#organization\"},\"potentialAction\":[{\"@type\":\"SearchAction\",\"target\":{\"@type\":\"EntryPoint\",\"urlTemplate\":\"https:\\\/\\\/cpxzx.com\\\/?s={search_term_string}\"},\"query-input\":{\"@type\":\"PropertyValueSpecification\",\"valueRequired\":true,\"valueName\":\"search_term_string\"}}],\"inLanguage\":\"tr\"},{\"@type\":\"Organization\",\"@id\":\"https:\\\/\\\/cpxzx.com\\\/#organization\",\"name\":\"Cooling Tower Fill, China PVC Fills Manufacturer\",\"url\":\"https:\\\/\\\/cpxzx.com\\\/\",\"logo\":{\"@type\":\"ImageObject\",\"inLanguage\":\"tr\",\"@id\":\"https:\\\/\\\/cpxzx.com\\\/#\\\/schema\\\/logo\\\/image\\\/\",\"url\":\"https:\\\/\\\/cpxzx.com\\\/wp-content\\\/uploads\\\/2025\\\/07\\\/1751628807-logo.png\",\"contentUrl\":\"https:\\\/\\\/cpxzx.com\\\/wp-content\\\/uploads\\\/2025\\\/07\\\/1751628807-logo.png\",\"width\":383,\"height\":87,\"caption\":\"Cooling Tower Fill, China PVC Fills Manufacturer\"},\"image\":{\"@id\":\"https:\\\/\\\/cpxzx.com\\\/#\\\/schema\\\/logo\\\/image\\\/\"}}]}<\/script>\n<!-- \/ Yoast SEO plugin. -->","yoast_head_json":{"title":"Ceramic Pall Ring-25mm-38mm-50mm-76mm","robots":{"index":"index","follow":"follow","max-snippet":"max-snippet:-1","max-image-preview":"max-image-preview:large","max-video-preview":"max-video-preview:-1"},"canonical":"https:\/\/cpxzx.com\/tr\/urun\/ceramic-pall-ring\/","og_locale":"tr_TR","og_type":"article","og_title":"Ceramic Pall Ring-25mm-38mm-50mm-76mm","og_description":"Ceramic Pall Ring is an advanced and highly efficient packing material, primarily used in sulfuric acid towers for various chemical processes. This unique material offers exceptional performance in conditions where high temperature and corrosion resistance are critical. It is considered one of the most suitable options for industrial applications, especially in chemical industries where severe operating conditions exist.","og_url":"https:\/\/cpxzx.com\/tr\/urun\/ceramic-pall-ring\/","og_site_name":"Cooling Tower Fill, China PVC Fills Manufacturer","article_modified_time":"2025-07-30T11:07:59+00:00","og_image":[{"width":550,"height":550,"url":"https:\/\/cpxzx.com\/wp-content\/uploads\/2025\/07\/ceramic-pall-ring-2.jpg","type":"image\/jpeg"}],"twitter_card":"summary_large_image","twitter_misc":{"Tahmini okuma s\u00fcresi":"4 dakika"},"schema":{"@context":"https:\/\/schema.org","@graph":[{"@type":"WebPage","@id":"https:\/\/cpxzx.com\/product\/ceramic-pall-ring\/","url":"https:\/\/cpxzx.com\/product\/ceramic-pall-ring\/","name":"Ceramic Pall Ring-25mm-38mm-50mm-76mm","isPartOf":{"@id":"https:\/\/cpxzx.com\/#website"},"primaryImageOfPage":{"@id":"https:\/\/cpxzx.com\/product\/ceramic-pall-ring\/#primaryimage"},"image":{"@id":"https:\/\/cpxzx.com\/product\/ceramic-pall-ring\/#primaryimage"},"thumbnailUrl":"https:\/\/cpxzx.com\/wp-content\/uploads\/2025\/07\/ceramic-pall-ring-2.jpg","datePublished":"2025-07-16T03:31:10+00:00","dateModified":"2025-07-30T11:07:59+00:00","breadcrumb":{"@id":"https:\/\/cpxzx.com\/product\/ceramic-pall-ring\/#breadcrumb"},"inLanguage":"tr","potentialAction":[{"@type":"ReadAction","target":["https:\/\/cpxzx.com\/product\/ceramic-pall-ring\/"]}]},{"@type":"ImageObject","inLanguage":"tr","@id":"https:\/\/cpxzx.com\/product\/ceramic-pall-ring\/#primaryimage","url":"https:\/\/cpxzx.com\/wp-content\/uploads\/2025\/07\/ceramic-pall-ring-2.jpg","contentUrl":"https:\/\/cpxzx.com\/wp-content\/uploads\/2025\/07\/ceramic-pall-ring-2.jpg","width":550,"height":550,"caption":"ceramic pall ring"},{"@type":"BreadcrumbList","@id":"https:\/\/cpxzx.com\/product\/ceramic-pall-ring\/#breadcrumb","itemListElement":[{"@type":"ListItem","position":1,"name":"Home","item":"https:\/\/cpxzx.com\/"},{"@type":"ListItem","position":2,"name":"Random Packing","item":"https:\/\/cpxzx.com\/pcategory\/random-packing\/"},{"@type":"ListItem","position":3,"name":"Ceramic Random Packing","item":"https:\/\/cpxzx.com\/pcategory\/random-packing\/ceramic-random-packing\/"},{"@type":"ListItem","position":4,"name":"Ceramic Pall Ring (25mm 38mm 50mm, 76mm)"}]},{"@type":"WebSite","@id":"https:\/\/cpxzx.com\/#website","url":"https:\/\/cpxzx.com\/","name":"So\u011futma Kulesi Dolgusu, \u00c7in PVC Dolgular \u00dcretici","description":"","publisher":{"@id":"https:\/\/cpxzx.com\/#organization"},"potentialAction":[{"@type":"SearchAction","target":{"@type":"EntryPoint","urlTemplate":"https:\/\/cpxzx.com\/?s={search_term_string}"},"query-input":{"@type":"PropertyValueSpecification","valueRequired":true,"valueName":"search_term_string"}}],"inLanguage":"tr"},{"@type":"Organization","@id":"https:\/\/cpxzx.com\/#organization","name":"So\u011futma Kulesi Dolgusu, \u00c7in PVC Dolgular \u00dcretici","url":"https:\/\/cpxzx.com\/","logo":{"@type":"ImageObject","inLanguage":"tr","@id":"https:\/\/cpxzx.com\/#\/schema\/logo\/image\/","url":"https:\/\/cpxzx.com\/wp-content\/uploads\/2025\/07\/1751628807-logo.png","contentUrl":"https:\/\/cpxzx.com\/wp-content\/uploads\/2025\/07\/1751628807-logo.png","width":383,"height":87,"caption":"Cooling Tower Fill, China PVC Fills Manufacturer"},"image":{"@id":"https:\/\/cpxzx.com\/#\/schema\/logo\/image\/"}}]}},"taxonomy_info":{"pcategory":[{"value":22,"label":"Random Packing"},{"value":24,"label":"Ceramic Random Packing"}]},"featured_image_src_large":["https:\/\/cpxzx.com\/wp-content\/uploads\/2025\/07\/ceramic-pall-ring-2.jpg",550,550,false],"author_info":[],"comment_info":"","_links":{"self":[{"href":"https:\/\/cpxzx.com\/tr\/wp-json\/wp\/v2\/product\/2569","targetHints":{"allow":["GET"]}}],"collection":[{"href":"https:\/\/cpxzx.com\/tr\/wp-json\/wp\/v2\/product"}],"about":[{"href":"https:\/\/cpxzx.com\/tr\/wp-json\/wp\/v2\/types\/product"}],"wp:featuredmedia":[{"embeddable":true,"href":"https:\/\/cpxzx.com\/tr\/wp-json\/wp\/v2\/media\/2571"}],"wp:attachment":[{"href":"https:\/\/cpxzx.com\/tr\/wp-json\/wp\/v2\/media?parent=2569"}],"wp:term":[{"taxonomy":"pcategory","embeddable":true,"href":"https:\/\/cpxzx.com\/tr\/wp-json\/wp\/v2\/pcategory?post=2569"},{"taxonomy":"ptag","embeddable":true,"href":"https:\/\/cpxzx.com\/tr\/wp-json\/wp\/v2\/ptag?post=2569"}],"curies":[{"name":"wp","href":"https:\/\/api.w.org\/{rel}","templated":true}]}}