{"id":2509,"date":"2025-07-15T10:48:46","date_gmt":"2025-07-15T10:48:46","guid":{"rendered":"https:\/\/cpxzx.com\/?post_type=product&#038;p=2509"},"modified":"2025-07-15T15:21:14","modified_gmt":"2025-07-15T15:21:14","slug":"metal-pall-ring","status":"publish","type":"product","link":"https:\/\/cpxzx.com\/tr\/urun\/metal-pall-ring\/","title":{"rendered":"Metal Pall Halka Salmastra (304,321,316L)"},"content":{"rendered":"<p><strong>Metal Pall halka ambalaj<\/strong> \u00e7e\u015fitli end\u00fcstriyel proseslerde, \u00f6zellikle verimli ay\u0131rma, dam\u0131tma, absorpsiyon ve s\u0131y\u0131rma gerektiren uygulamalar i\u00e7in kritik bir bile\u015fendir. Metal Pall halkas\u0131n\u0131n arkas\u0131ndaki yenilik, geleneksel salmastra malzemelerine k\u0131yasla y\u00fcksek s\u0131cakl\u0131k ve y\u00fcksek hacimli proseslerde \u00fcst\u00fcn performans sunan geli\u015fmi\u015f tasar\u0131m\u0131nda yatmaktad\u0131r. Metal Pall bilezik, klasik metal Raschig bilezik tasar\u0131m\u0131ndan i\u00e7e bakan t\u0131rnaklar eklenerek geli\u015ftirilmi\u015f bir kule salmastra t\u00fcr\u00fcd\u00fcr. Bu t\u0131rnaklar ak\u0131\u015f kapasitesini art\u0131r\u0131r ve k\u00fctle aktar\u0131m verimlili\u011fini iyile\u015ftirir, Metal Pall halkas\u0131n\u0131 zorlu end\u00fcstriyel i\u015flemler i\u00e7in ideal bir se\u00e7im haline getirir. E\u015fit uzunluk ve \u00e7apa sahip bu salmastra malzemesi, \u00e7e\u015fitli kimya ve petrokimya end\u00fcstrilerinde kullan\u0131lan distilasyon kolonlar\u0131na ve di\u011fer ay\u0131rma ekipmanlar\u0131na sa\u011flam destek sa\u011flar.<\/p>\n<p><strong>Metal Pall Y\u00fcz\u00fcklerin Avantajlar\u0131<\/strong><\/p>\n<p>Metal Pall halkas\u0131, plastik Pall halkalar\u0131 gibi di\u011fer ambalaj malzemelerine g\u00f6re bir\u00e7ok \u00f6nemli avantaj sunar. Ba\u015fl\u0131ca avantajlar \u015funlard\u0131r:<\/p>\n<ul>\n<li><strong>Korozyon ve Pas Direnci:<\/strong> Plastik Pall halkalar\u0131n aksine, Metal Pall halkalar zorlu ortamlara dayanabilir, bu da onlar\u0131 a\u015f\u0131nd\u0131r\u0131c\u0131 maddelere, y\u00fcksek s\u0131cakl\u0131klara veya a\u015f\u0131r\u0131 \u00e7al\u0131\u015fma ko\u015fullar\u0131na maruz kalmay\u0131 i\u00e7eren prosesler i\u00e7in m\u00fckemmel hale getirir.<\/li>\n<li><strong>Geli\u015ftirilmi\u015f Islatma \u00d6zellikleri:<\/strong> Metal Pall halka, plastik muadillerine k\u0131yasla daha kolay \u0131slat\u0131l\u0131r ve sistem i\u00e7inde daha iyi s\u0131v\u0131 da\u011f\u0131l\u0131m\u0131 sa\u011flar.<\/li>\n<li><strong>Y\u00fcksek K\u0131r\u0131lma Dayan\u0131m\u0131:<\/strong> Bu halkalar dayan\u0131kl\u0131l\u0131k i\u00e7in tasarlanm\u0131\u015ft\u0131r. \u00d6nemli \u00f6l\u00e7\u00fcde mekanik gerilime dayanabilirler, bu da onlar\u0131 minimum a\u015f\u0131nma ve y\u0131pranma ile uzun s\u00fcreli \u00e7al\u0131\u015fma i\u00e7in g\u00fcvenilir k\u0131lar.<\/li>\n<li><strong>Y\u00fcksek Verim ve Verimlilik:<\/strong> Metal Pall halkas\u0131, d\u00fc\u015f\u00fck bas\u0131n\u00e7 d\u00fc\u015f\u00fc\u015f\u00fcn\u00fc korurken daha y\u00fcksek ak\u0131\u015f h\u0131zlar\u0131n\u0131 idare edebilir ve geli\u015fmi\u015f k\u00fctle aktar\u0131m verimlili\u011fi sa\u011flar. Bu da onlar\u0131 b\u00fcy\u00fck \u00f6l\u00e7ekli end\u00fcstriyel uygulamalar i\u00e7in son derece verimli hale getirir.<\/li>\n<li><strong>Uzun Hizmet \u00d6mr\u00fc:<\/strong> Sa\u011flam malzemeleri ve tasar\u0131mlar\u0131 sayesinde Metal Pall halkalar\u0131, s\u0131k de\u011fi\u015ftirme ve bak\u0131m ihtiyac\u0131n\u0131 azaltan uzun \u00e7al\u0131\u015fma \u00f6m\u00fcrleriyle bilinir.<\/li>\n<\/ul>\n<p><strong>Metal Pall Halkalar\u0131n \u00d6zellikleri ve Boyutlar\u0131<\/strong><\/p>\n<table style=\"width: 100%; margin: 20px 0; text-align: center; border: 1px solid #666; border-collapse: collapse;\">\n<thead>\n<tr style=\"border: 1px solid #666;\">\n<th style=\"border: 1px solid #666;\">Boyut<br \/>\n(\u0130n\u00e7\/mm)<\/th>\n<th style=\"border: 1px solid #666;\">Y\u0131\u011f\u0131n Yo\u011funlu\u011fu<br \/>\n(kg\/m3)<\/th>\n<th style=\"border: 1px solid #666;\">Say\u0131<br \/>\n(m3 ba\u015f\u0131na)<\/th>\n<th style=\"border: 1px solid #666;\">Y\u00fczey Alan\u0131<br \/>\n(m2\/m3)<\/th>\n<th style=\"border: 1px solid #666;\">Serbest Hacim<br \/>\n(%)<\/th>\n<th style=\"border: 1px solid #666;\">Kuru Paketleme Fakt\u00f6r\u00fc<br \/>\n(m-1)<\/th>\n<\/tr>\n<\/thead>\n<tbody>\n<tr style=\"border: 1px solid #666;\">\n<td>1\/4\"<\/td>\n<td>900<\/td>\n<td>4,000,000<\/td>\n<td>904<\/td>\n<td>88.6<\/td>\n<td>1307.4<\/td>\n<\/tr>\n<tr style=\"border: 1px solid #666;\">\n<td>3\/8\"<\/td>\n<td>480<\/td>\n<td>768,000<\/td>\n<td>482<\/td>\n<td>93.8<\/td>\n<td>583.8<\/td>\n<\/tr>\n<tr style=\"border: 1px solid #666;\">\n<td>1\/2\"<\/td>\n<td>420<\/td>\n<td>410,000<\/td>\n<td>415<\/td>\n<td>95.5<\/td>\n<td>393.2<\/td>\n<\/tr>\n<tr style=\"border: 1px solid #666;\">\n<td>5\/8\"<\/td>\n<td>348<\/td>\n<td>201,000<\/td>\n<td>344<\/td>\n<td>95.5<\/td>\n<td>393.2<\/td>\n<\/tr>\n<tr style=\"border: 1px solid #666;\">\n<td>1\"<\/td>\n<td>288<\/td>\n<td>53,500<\/td>\n<td>212<\/td>\n<td>96.2<\/td>\n<td>229.8<\/td>\n<\/tr>\n<tr style=\"border: 1px solid #666;\">\n<td>1\"<\/td>\n<td>367<\/td>\n<td>53,500<\/td>\n<td>216<\/td>\n<td>95<\/td>\n<td>237.2<\/td>\n<\/tr>\n<tr style=\"border: 1px solid #666;\">\n<td>1\"<\/td>\n<td>439<\/td>\n<td>53,500<\/td>\n<td>219<\/td>\n<td>94.2<\/td>\n<td>244.1<\/td>\n<\/tr>\n<tr style=\"border: 1px solid #666;\">\n<td>1.5\"<\/td>\n<td>193<\/td>\n<td>15,180<\/td>\n<td>143<\/td>\n<td>97.2<\/td>\n<td>148.4<\/td>\n<\/tr>\n<tr style=\"border: 1px solid #666;\">\n<td>1.5\"<\/td>\n<td>246<\/td>\n<td>15,180<\/td>\n<td>145<\/td>\n<td>96.7<\/td>\n<td>151.7<\/td>\n<\/tr>\n<tr style=\"border: 1px solid #666;\">\n<td>1.5\"<\/td>\n<td>328<\/td>\n<td>15,000<\/td>\n<td>146<\/td>\n<td>95.9<\/td>\n<td>154.6<\/td>\n<\/tr>\n<tr style=\"border: 1px solid #666;\">\n<td>2\"<\/td>\n<td>185<\/td>\n<td>6,500<\/td>\n<td>106<\/td>\n<td>97.5<\/td>\n<td>128.5<\/td>\n<\/tr>\n<tr style=\"border: 1px solid #666;\">\n<td>2\"<\/td>\n<td>315<\/td>\n<td>6,500<\/td>\n<td>108<\/td>\n<td>96.8<\/td>\n<td>130.5<\/td>\n<\/tr>\n<tr style=\"border: 1px solid #666;\">\n<td>2\"<\/td>\n<td>380<\/td>\n<td>6,500<\/td>\n<td>132.5<\/td>\n<td>96.0<\/td>\n<td>134.0<\/td>\n<\/tr>\n<tr style=\"border: 1px solid #666;\">\n<td>3\"<\/td>\n<td>265<\/td>\n<td>1,920<\/td>\n<td>69<\/td>\n<td>97.4<\/td>\n<td>79.6<\/td>\n<\/tr>\n<tr style=\"border: 1px solid #666;\">\n<td>3.5\"<\/td>\n<td>224<\/td>\n<td>1,220<\/td>\n<td>61<\/td>\n<td>97.1<\/td>\n<td>66.2<\/td>\n<\/tr>\n<\/tbody>\n<\/table>\n<p>&nbsp;<\/p>\n<p><strong>Metal Pall Halkalar\u0131n Uygulamalar\u0131<\/strong><br \/>\nMetal Pall halkas\u0131 \u00e7ok \u00e7e\u015fitli end\u00fcstriyel uygulamalarda kullan\u0131lmaktad\u0131r. \u00d6zellikle, a\u015fa\u011f\u0131dakiler gibi ay\u0131rma i\u015flemlerinde \u00e7ok \u00f6nemli bir rol oynar <strong>toluen ayr\u0131\u015ft\u0131rma<\/strong>, <strong>etilbenzen ayr\u0131\u015ft\u0131rma<\/strong>ve <strong>des\u00fclf\u00fcrizasyon sistemleri<\/strong>. Bu ambalaj malzemeleri y\u00fcksek bas\u0131n\u00e7l\u0131 ve y\u00fcksek s\u0131cakl\u0131kl\u0131 ortamlarda verimli bir \u015fekilde \u00e7al\u0131\u015facak \u015fekilde tasarlanm\u0131\u015ft\u0131r, bu da onlar\u0131 petrokimya, kimyasallar ve do\u011fal gaz gibi end\u00fcstrilerde gerekli k\u0131lar.<br \/>\n<strong>Neden Metal Pall Halka Ambalaj\u0131 Se\u00e7melisiniz?<\/strong><\/p>\n<ul>\n<li><strong>K\u00fctle Transferinde Y\u00fcksek Verimlilik:<\/strong> Metal Pall halkas\u0131n\u0131n benzersiz tasar\u0131m\u0131 ve yap\u0131s\u0131, hem s\u0131v\u0131 hem de gaz fazlar\u0131nda y\u00fcksek k\u00fctle aktar\u0131m verimlili\u011fi sa\u011flamas\u0131na olanak tan\u0131yarak optimum ay\u0131rma gerektiren uygulamalar i\u00e7in tercih edilmesini sa\u011flar.<\/li>\n<li><strong>Zorlu Ortamlarda Dayan\u0131kl\u0131l\u0131k:<\/strong> Metal Pall halka salmastralar korozyona ve paslanmaya kar\u015f\u0131 dayan\u0131kl\u0131d\u0131r, agresif kimyasal ortamlarda bile uzun s\u00fcreli stabilite sa\u011flar.<\/li>\n<li><strong>\u00c7ok y\u00f6nl\u00fcl\u00fck:<\/strong> \u0130ster toluen, ister etilbenzen veya di\u011fer karma\u015f\u0131k kar\u0131\u015f\u0131mlarla u\u011fra\u015f\u0131yor olun, Metal Pall halkalar\u0131 \u00e7ok \u00e7e\u015fitli ay\u0131rma g\u00f6revlerinin verimli bir \u015fekilde \u00fcstesinden gelmek i\u00e7in gereken \u00e7ok y\u00f6nl\u00fcl\u00fc\u011f\u00fc sunar.<\/li>\n<li><strong>Azalt\u0131lm\u0131\u015f Bas\u0131n\u00e7 D\u00fc\u015f\u00fc\u015f\u00fc:<\/strong> Metal Pall bilezikler d\u00fc\u015f\u00fck bas\u0131n\u00e7 d\u00fc\u015f\u00fc\u015f\u00fcne sahiptir, bu da y\u00fcksek verim sa\u011flarken enerji verimlili\u011fini korumaya yard\u0131mc\u0131 olduklar\u0131 anlam\u0131na gelir.<\/li>\n<\/ul>\n<p>\u00d6zetle, metal Pall halka salmastralar end\u00fcstriyel separasyon proseslerinde verimlilik, dayan\u0131kl\u0131l\u0131k ve performans a\u00e7\u0131s\u0131ndan benzersiz avantajlar sunar. \u0130ster 316L metal Pall halka, ister 304 metal Pall halka veya ba\u015fka bir malzeme kullan\u0131yor olun, en zorlu uygulamalarda sa\u011flam performans i\u00e7in bu salmastra malzemelerine g\u00fcvenebilirsiniz. Y\u00fcksek k\u00fctle aktar\u0131m verimlili\u011fi, d\u00fc\u015f\u00fck bas\u0131n\u00e7 d\u00fc\u015f\u00fc\u015f\u00fc ve zorlu ortamlara kar\u015f\u0131 dayan\u0131kl\u0131l\u0131\u011f\u0131 ile Metal Pall bilezik, dam\u0131tma, absorpsiyon ve s\u0131y\u0131rma proseslerinde optimum \u00e7al\u0131\u015fma sa\u011flayan temel bir bile\u015fendir. Metal Pall halka salmastralar\u0131m\u0131z\u0131 tercih eden end\u00fcstriler daha iyi \u00fcretkenlik, daha fazla verimlilik ve daha d\u00fc\u015f\u00fck bak\u0131m maliyetleri elde ederek uzun vadeli operasyonel ba\u015far\u0131 sa\u011flayabilir.<\/p>","protected":false},"excerpt":{"rendered":"<p>Metal Pall Halkalar\u0131 zorlu end\u00fcstriyel uygulamalar i\u00e7in \u00fcst\u00fcn performans sunar. Y\u00fcksek y\u00fck kapasitesi ve d\u00fc\u015f\u00fck bas\u0131n\u00e7 d\u00fc\u015f\u00fc\u015f\u00fc ile karma\u015f\u0131k kimyasal proseslerde g\u00fcvenilir ve verimli ay\u0131rma sa\u011flarlar.<\/p>","protected":false},"featured_media":2540,"parent":0,"template":"","meta":{"_acf_changed":false,"_kad_blocks_custom_css":"","_kad_blocks_head_custom_js":"","_kad_blocks_body_custom_js":"","_kad_blocks_footer_custom_js":"","_kadence_starter_templates_imported_post":false,"_kad_post_transparent":"default","_kad_post_title":"","_kad_post_layout":"default","_kad_post_sidebar_id":"","_kad_post_content_style":"default","_kad_post_vertical_padding":"default","_kad_post_feature":"","_kad_post_feature_position":"","_kad_post_header":false,"_kad_post_footer":false},"pcategory":[22,23],"ptag":[],"class_list":["post-2509","product","type-product","status-publish","has-post-thumbnail","hentry","pcategory-random-packing","pcategory-metal-random-packing"],"acf":[],"yoast_head":"<!-- This site is optimized with the Yoast SEO plugin v27.4 - https:\/\/yoast.com\/product\/yoast-seo-wordpress\/ -->\n<title>Metal Pall Ring Packing ( 304,321,316L )<\/title>\n<meta name=\"description\" content=\"Engineered for optimal efficiency, Metal Pall Ring Packing ( 304,321,316L ) improves fluid distribution, reduces pressure drop, and provides long-lasting performance in aggressive chemical environments.\" \/>\n<meta name=\"robots\" content=\"index, follow, max-snippet:-1, max-image-preview:large, max-video-preview:-1\" \/>\n<link rel=\"canonical\" href=\"https:\/\/cpxzx.com\/tr\/urun\/metal-pall-ring\/\" \/>\n<meta property=\"og:locale\" content=\"tr_TR\" \/>\n<meta property=\"og:type\" content=\"article\" \/>\n<meta property=\"og:title\" content=\"Metal Pall Ring Packing ( 304,321,316L )\" \/>\n<meta property=\"og:description\" content=\"Engineered for optimal efficiency, Metal Pall Ring Packing ( 304,321,316L ) improves fluid distribution, reduces pressure drop, and provides long-lasting performance in aggressive chemical environments.\" \/>\n<meta property=\"og:url\" content=\"https:\/\/cpxzx.com\/tr\/urun\/metal-pall-ring\/\" \/>\n<meta property=\"og:site_name\" content=\"Cooling Tower Fill, China PVC Fills Manufacturer\" \/>\n<meta property=\"article:modified_time\" content=\"2025-07-15T15:21:14+00:00\" \/>\n<meta property=\"og:image\" content=\"https:\/\/cpxzx.com\/wp-content\/uploads\/2025\/07\/metal-pall-ring-6.jpg\" \/>\n\t<meta property=\"og:image:width\" content=\"550\" \/>\n\t<meta property=\"og:image:height\" content=\"550\" \/>\n\t<meta property=\"og:image:type\" content=\"image\/jpeg\" \/>\n<meta name=\"twitter:card\" content=\"summary_large_image\" \/>\n<meta name=\"twitter:label1\" content=\"Tahmini okuma s\u00fcresi\" \/>\n\t<meta name=\"twitter:data1\" content=\"4 dakika\" \/>\n<script type=\"application\/ld+json\" class=\"yoast-schema-graph\">{\"@context\":\"https:\\\/\\\/schema.org\",\"@graph\":[{\"@type\":\"WebPage\",\"@id\":\"https:\\\/\\\/cpxzx.com\\\/product\\\/metal-pall-ring\\\/\",\"url\":\"https:\\\/\\\/cpxzx.com\\\/product\\\/metal-pall-ring\\\/\",\"name\":\"Metal Pall Ring Packing ( 304,321,316L )\",\"isPartOf\":{\"@id\":\"https:\\\/\\\/cpxzx.com\\\/#website\"},\"primaryImageOfPage\":{\"@id\":\"https:\\\/\\\/cpxzx.com\\\/product\\\/metal-pall-ring\\\/#primaryimage\"},\"image\":{\"@id\":\"https:\\\/\\\/cpxzx.com\\\/product\\\/metal-pall-ring\\\/#primaryimage\"},\"thumbnailUrl\":\"https:\\\/\\\/cpxzx.com\\\/wp-content\\\/uploads\\\/2025\\\/07\\\/metal-pall-ring-6.jpg\",\"datePublished\":\"2025-07-15T10:48:46+00:00\",\"dateModified\":\"2025-07-15T15:21:14+00:00\",\"description\":\"Engineered for optimal efficiency, Metal Pall Ring Packing ( 304,321,316L ) improves fluid distribution, reduces pressure drop, and provides long-lasting performance in aggressive chemical environments.\",\"breadcrumb\":{\"@id\":\"https:\\\/\\\/cpxzx.com\\\/product\\\/metal-pall-ring\\\/#breadcrumb\"},\"inLanguage\":\"tr\",\"potentialAction\":[{\"@type\":\"ReadAction\",\"target\":[\"https:\\\/\\\/cpxzx.com\\\/product\\\/metal-pall-ring\\\/\"]}]},{\"@type\":\"ImageObject\",\"inLanguage\":\"tr\",\"@id\":\"https:\\\/\\\/cpxzx.com\\\/product\\\/metal-pall-ring\\\/#primaryimage\",\"url\":\"https:\\\/\\\/cpxzx.com\\\/wp-content\\\/uploads\\\/2025\\\/07\\\/metal-pall-ring-6.jpg\",\"contentUrl\":\"https:\\\/\\\/cpxzx.com\\\/wp-content\\\/uploads\\\/2025\\\/07\\\/metal-pall-ring-6.jpg\",\"width\":550,\"height\":550},{\"@type\":\"BreadcrumbList\",\"@id\":\"https:\\\/\\\/cpxzx.com\\\/product\\\/metal-pall-ring\\\/#breadcrumb\",\"itemListElement\":[{\"@type\":\"ListItem\",\"position\":1,\"name\":\"Home\",\"item\":\"https:\\\/\\\/cpxzx.com\\\/\"},{\"@type\":\"ListItem\",\"position\":2,\"name\":\"Random Packing\",\"item\":\"https:\\\/\\\/cpxzx.com\\\/pcategory\\\/random-packing\\\/\"},{\"@type\":\"ListItem\",\"position\":3,\"name\":\"Metal Pall Ring Packing ( 304,321,316L )\"}]},{\"@type\":\"WebSite\",\"@id\":\"https:\\\/\\\/cpxzx.com\\\/#website\",\"url\":\"https:\\\/\\\/cpxzx.com\\\/\",\"name\":\"Cooling Tower Fill, China PVC Fills Manufacturer\",\"description\":\"\",\"publisher\":{\"@id\":\"https:\\\/\\\/cpxzx.com\\\/#organization\"},\"potentialAction\":[{\"@type\":\"SearchAction\",\"target\":{\"@type\":\"EntryPoint\",\"urlTemplate\":\"https:\\\/\\\/cpxzx.com\\\/?s={search_term_string}\"},\"query-input\":{\"@type\":\"PropertyValueSpecification\",\"valueRequired\":true,\"valueName\":\"search_term_string\"}}],\"inLanguage\":\"tr\"},{\"@type\":\"Organization\",\"@id\":\"https:\\\/\\\/cpxzx.com\\\/#organization\",\"name\":\"Cooling Tower Fill, China PVC Fills Manufacturer\",\"url\":\"https:\\\/\\\/cpxzx.com\\\/\",\"logo\":{\"@type\":\"ImageObject\",\"inLanguage\":\"tr\",\"@id\":\"https:\\\/\\\/cpxzx.com\\\/#\\\/schema\\\/logo\\\/image\\\/\",\"url\":\"https:\\\/\\\/cpxzx.com\\\/wp-content\\\/uploads\\\/2025\\\/07\\\/1751628807-logo.png\",\"contentUrl\":\"https:\\\/\\\/cpxzx.com\\\/wp-content\\\/uploads\\\/2025\\\/07\\\/1751628807-logo.png\",\"width\":383,\"height\":87,\"caption\":\"Cooling Tower Fill, China PVC Fills Manufacturer\"},\"image\":{\"@id\":\"https:\\\/\\\/cpxzx.com\\\/#\\\/schema\\\/logo\\\/image\\\/\"}}]}<\/script>\n<!-- \/ Yoast SEO plugin. -->","yoast_head_json":{"title":"Metal Pall Halka Salmastra (304,321,316L)","description":"Engineered for optimal efficiency, Metal Pall Ring Packing ( 304,321,316L ) improves fluid distribution, reduces pressure drop, and provides long-lasting performance in aggressive chemical environments.","robots":{"index":"index","follow":"follow","max-snippet":"max-snippet:-1","max-image-preview":"max-image-preview:large","max-video-preview":"max-video-preview:-1"},"canonical":"https:\/\/cpxzx.com\/tr\/urun\/metal-pall-ring\/","og_locale":"tr_TR","og_type":"article","og_title":"Metal Pall Ring Packing ( 304,321,316L )","og_description":"Engineered for optimal efficiency, Metal Pall Ring Packing ( 304,321,316L ) improves fluid distribution, reduces pressure drop, and provides long-lasting performance in aggressive chemical environments.","og_url":"https:\/\/cpxzx.com\/tr\/urun\/metal-pall-ring\/","og_site_name":"Cooling Tower Fill, China PVC Fills Manufacturer","article_modified_time":"2025-07-15T15:21:14+00:00","og_image":[{"width":550,"height":550,"url":"https:\/\/cpxzx.com\/wp-content\/uploads\/2025\/07\/metal-pall-ring-6.jpg","type":"image\/jpeg"}],"twitter_card":"summary_large_image","twitter_misc":{"Tahmini okuma s\u00fcresi":"4 dakika"},"schema":{"@context":"https:\/\/schema.org","@graph":[{"@type":"WebPage","@id":"https:\/\/cpxzx.com\/product\/metal-pall-ring\/","url":"https:\/\/cpxzx.com\/product\/metal-pall-ring\/","name":"Metal Pall Halka Salmastra (304,321,316L)","isPartOf":{"@id":"https:\/\/cpxzx.com\/#website"},"primaryImageOfPage":{"@id":"https:\/\/cpxzx.com\/product\/metal-pall-ring\/#primaryimage"},"image":{"@id":"https:\/\/cpxzx.com\/product\/metal-pall-ring\/#primaryimage"},"thumbnailUrl":"https:\/\/cpxzx.com\/wp-content\/uploads\/2025\/07\/metal-pall-ring-6.jpg","datePublished":"2025-07-15T10:48:46+00:00","dateModified":"2025-07-15T15:21:14+00:00","description":"Engineered for optimal efficiency, Metal Pall Ring Packing ( 304,321,316L ) improves fluid distribution, reduces pressure drop, and provides long-lasting performance in aggressive chemical environments.","breadcrumb":{"@id":"https:\/\/cpxzx.com\/product\/metal-pall-ring\/#breadcrumb"},"inLanguage":"tr","potentialAction":[{"@type":"ReadAction","target":["https:\/\/cpxzx.com\/product\/metal-pall-ring\/"]}]},{"@type":"ImageObject","inLanguage":"tr","@id":"https:\/\/cpxzx.com\/product\/metal-pall-ring\/#primaryimage","url":"https:\/\/cpxzx.com\/wp-content\/uploads\/2025\/07\/metal-pall-ring-6.jpg","contentUrl":"https:\/\/cpxzx.com\/wp-content\/uploads\/2025\/07\/metal-pall-ring-6.jpg","width":550,"height":550},{"@type":"BreadcrumbList","@id":"https:\/\/cpxzx.com\/product\/metal-pall-ring\/#breadcrumb","itemListElement":[{"@type":"ListItem","position":1,"name":"Home","item":"https:\/\/cpxzx.com\/"},{"@type":"ListItem","position":2,"name":"Random Packing","item":"https:\/\/cpxzx.com\/pcategory\/random-packing\/"},{"@type":"ListItem","position":3,"name":"Metal Pall Ring Packing ( 304,321,316L )"}]},{"@type":"WebSite","@id":"https:\/\/cpxzx.com\/#website","url":"https:\/\/cpxzx.com\/","name":"So\u011futma Kulesi Dolgusu, \u00c7in PVC Dolgular \u00dcretici","description":"","publisher":{"@id":"https:\/\/cpxzx.com\/#organization"},"potentialAction":[{"@type":"SearchAction","target":{"@type":"EntryPoint","urlTemplate":"https:\/\/cpxzx.com\/?s={search_term_string}"},"query-input":{"@type":"PropertyValueSpecification","valueRequired":true,"valueName":"search_term_string"}}],"inLanguage":"tr"},{"@type":"Organization","@id":"https:\/\/cpxzx.com\/#organization","name":"So\u011futma Kulesi Dolgusu, \u00c7in PVC Dolgular \u00dcretici","url":"https:\/\/cpxzx.com\/","logo":{"@type":"ImageObject","inLanguage":"tr","@id":"https:\/\/cpxzx.com\/#\/schema\/logo\/image\/","url":"https:\/\/cpxzx.com\/wp-content\/uploads\/2025\/07\/1751628807-logo.png","contentUrl":"https:\/\/cpxzx.com\/wp-content\/uploads\/2025\/07\/1751628807-logo.png","width":383,"height":87,"caption":"Cooling Tower Fill, China PVC Fills Manufacturer"},"image":{"@id":"https:\/\/cpxzx.com\/#\/schema\/logo\/image\/"}}]}},"taxonomy_info":{"pcategory":[{"value":22,"label":"Random Packing"},{"value":23,"label":"Metal Random Packing"}]},"featured_image_src_large":["https:\/\/cpxzx.com\/wp-content\/uploads\/2025\/07\/metal-pall-ring-6.jpg",550,550,false],"author_info":[],"comment_info":"","_links":{"self":[{"href":"https:\/\/cpxzx.com\/tr\/wp-json\/wp\/v2\/product\/2509","targetHints":{"allow":["GET"]}}],"collection":[{"href":"https:\/\/cpxzx.com\/tr\/wp-json\/wp\/v2\/product"}],"about":[{"href":"https:\/\/cpxzx.com\/tr\/wp-json\/wp\/v2\/types\/product"}],"wp:featuredmedia":[{"embeddable":true,"href":"https:\/\/cpxzx.com\/tr\/wp-json\/wp\/v2\/media\/2540"}],"wp:attachment":[{"href":"https:\/\/cpxzx.com\/tr\/wp-json\/wp\/v2\/media?parent=2509"}],"wp:term":[{"taxonomy":"pcategory","embeddable":true,"href":"https:\/\/cpxzx.com\/tr\/wp-json\/wp\/v2\/pcategory?post=2509"},{"taxonomy":"ptag","embeddable":true,"href":"https:\/\/cpxzx.com\/tr\/wp-json\/wp\/v2\/ptag?post=2509"}],"curies":[{"name":"wp","href":"https:\/\/api.w.org\/{rel}","templated":true}]}}