{"id":2150,"date":"2025-07-08T10:14:56","date_gmt":"2025-07-08T10:14:56","guid":{"rendered":"https:\/\/cpxzx.com\/?post_type=product&#038;p=2150"},"modified":"2025-07-13T08:11:10","modified_gmt":"2025-07-13T08:11:10","slug":"plastic-pall-ring","status":"publish","type":"product","link":"https:\/\/cpxzx.com\/tr\/urun\/plastic-pall-ring\/","title":{"rendered":"Plastik Pall Halka Ambalajlar (ptfe, pvc, pvdf, polipropilen)"},"content":{"rendered":"<p><strong>plasti\u0307k pall halka ambalajlar (ptfe, pvc, pvdf, poli\u0307propi\u0307len<\/strong>k\u00fctle transferi uygulamalar\u0131nda kullan\u0131lan y\u00fcksek verimli bir rastgele paketleme \u015feklidir. Geleneksel Raschig Halkalar\u0131 ile kar\u015f\u0131la\u015ft\u0131r\u0131ld\u0131\u011f\u0131nda, plastik pall halkas\u0131 dikd\u00f6rtgen a\u00e7\u0131kl\u0131klar\u0131 ve i\u00e7e bakan kanatlar\u0131 ile benzersiz bir tasar\u0131ma sahiptir. Bu yap\u0131sal iyile\u015ftirmeler i\u00e7 y\u00fczey alan\u0131n\u0131 art\u0131r\u0131r, gaz-s\u0131v\u0131 ajitasyonunu geli\u015ftirir ve gaz-s\u0131v\u0131 temas\u0131n\u0131n verimlili\u011fini art\u0131r\u0131r. Tasar\u0131m\u0131, d\u00fc\u015f\u00fck bas\u0131n\u00e7 d\u00fc\u015f\u00fc\u015f\u00fcn\u00fc korurken y\u00fcksek k\u00fctle aktar\u0131m h\u0131zlar\u0131na ula\u015f\u0131lmas\u0131na yard\u0131mc\u0131 olarak \u00e7e\u015fitli kimyasal prosesler i\u00e7in uygun hale getirir.<\/p>\n<p>Plastik pall halka yap\u0131s\u0131 y\u00fcksek bo\u015fluk oran\u0131 ve e\u015fit da\u011f\u0131l\u0131ml\u0131 a\u00e7\u0131kl\u0131klar i\u00e7erir. Bu \u00f6zellikler p\u00fcr\u00fczs\u00fcz gaz ve s\u0131v\u0131 ak\u0131\u015f\u0131na izin vererek direnci azalt\u0131r ve verimli k\u00fctle transferini destekler. Her bir plastik pall halkas\u0131nda s\u0131v\u0131 da\u011f\u0131l\u0131m\u0131n\u0131 iyile\u015ftiren, t\u0131kanma riskini azaltan ve s\u0131v\u0131lar\u0131n kulenin enine kesiti boyunca e\u015fit da\u011f\u0131l\u0131m\u0131n\u0131 sa\u011flayan pencere kanatlar\u0131 bulunur.<\/p>\n<p>Plastik pall ring ambalajlar polipropilen pall ringler, ptfe pall ringler, pvc pall ringler ve pvdf pall ringler dahil olmak \u00fczere \u00e7e\u015fitli malzemelerde mevcuttur. Bu malzemeler m\u00fckemmel korozyon direnci, hafif yap\u0131, y\u00fcksek mekanik mukavemet ve farkl\u0131 s\u0131cakl\u0131k ko\u015fullar\u0131na uyum gibi \u00e7e\u015fitli avantajlar sunar. Geni\u015f \u00e7ap ve kal\u0131nl\u0131k se\u00e7enekleriyle plastik pall halkalar sisteminizin \u00f6zel gereksinimlerine g\u00f6re \u00f6zelle\u015ftirilebilir.<\/p>\n<p><img loading=\"lazy\" decoding=\"async\" class=\"alignnone wp-image-2153 size-full\" src=\"https:\/\/cpxzx.com\/wp-content\/uploads\/2025\/07\/plastic-pall-ring-products.jpg\" alt=\"\" width=\"720\" height=\"242\" srcset=\"https:\/\/cpxzx.com\/wp-content\/uploads\/2025\/07\/plastic-pall-ring-products.jpg 720w, https:\/\/cpxzx.com\/wp-content\/uploads\/2025\/07\/plastic-pall-ring-products-300x101.jpg 300w\" sizes=\"auto, (max-width: 720px) 100vw, 720px\" \/><\/p>\n<h3>Plastik Pall Halka Ambalaj\u0131n Temel \u00d6zellikleri<\/h3>\n<ul>\n<li>Y\u00fcksek bo\u015fluk oran\u0131 ve d\u00fc\u015f\u00fck bas\u0131n\u00e7 d\u00fc\u015f\u00fc\u015f\u00fc.<\/li>\n<li>D\u00fczg\u00fcn gaz-s\u0131v\u0131 temas\u0131 k\u00fctle transfer verimlili\u011fini art\u0131r\u0131r.<\/li>\n<li>D\u00fc\u015f\u00fck k\u00fctle transfer \u00fcnitesi y\u00fcksekli\u011fi, y\u00fcksek ta\u015fma noktas\u0131.<\/li>\n<li>G\u00fc\u00e7l\u00fc darbe direncine sahip dayan\u0131kl\u0131 tasar\u0131m.<\/li>\n<li>Agresif kimyasal ortamlar i\u00e7in uygun korozyona dayan\u0131kl\u0131 malzemeler.<\/li>\n<li>Y\u00fcklemesi, bo\u015faltmas\u0131 ve temizlemesi kolayd\u0131r.<\/li>\n<\/ul>\n<h3>Malzeme Se\u00e7enekleri ve Performans<\/h3>\n<p>Plastik pall halkalar\u0131 \u00e7e\u015fitli malzemelerden \u00fcretilmektedir. Polipropilen pall halkalar\u0131 m\u00fckemmel kimyasal diren\u00e7 sunar ve 100\u00b0C'nin \u00fczerindeki s\u0131cakl\u0131klara dayanabilir. PTFE pall ring, 150\u00b0C'nin \u00fczerinde \u00e7al\u0131\u015fma s\u0131cakl\u0131klar\u0131na sahip y\u00fcksek korozif ortamlar i\u00e7in idealdir. PVC pall ring genel kimyasal uygulamalar i\u00e7in uygunken, PVDF pall ring y\u00fcksek mukavemeti agresif kimyasallara kar\u015f\u0131 \u00fcst\u00fcn diren\u00e7le birle\u015ftirir.<\/p>\n<p>Farkl\u0131 plastik pall halka boyutlar\u0131, farkl\u0131 kule tasar\u0131mlar\u0131n\u0131n ihtiya\u00e7lar\u0131n\u0131 kar\u015f\u0131lamak i\u00e7in \u00e7e\u015fitli y\u0131\u011f\u0131n yo\u011funluklar\u0131 ve y\u00fczey alanlar\u0131 sa\u011flar. Boyutlar aras\u0131ndaki yap\u0131sal farkl\u0131l\u0131klar, salmastran\u0131n gaz ve s\u0131v\u0131 fazlar aras\u0131nda optimum temas sa\u011flamas\u0131na yard\u0131mc\u0131 olur.<\/p>\n<h3>Teknik Parametreler<\/h3>\n<table border=\"1\" cellspacing=\"0\" cellpadding=\"5\">\n<tbody>\n<tr>\n<th>\u00d6\u011fe<\/th>\n<th>Boyut (D \u00d7 T \u00d7 Y mm)<\/th>\n<th>Y\u0131\u011f\u0131n Yo\u011funlu\u011fu (kg\/m\u00b3)<\/th>\n<th>Dolum Miktar\u0131<\/th>\n<th>Y\u00fczey Alan\u0131 (m\u00b2\/m\u00b3)<\/th>\n<th>Voidage (%)<\/th>\n<\/tr>\n<tr>\n<td>PRPT-01<\/td>\n<td>16 \u00d7 1 \u00d7 16<\/td>\n<td>141<\/td>\n<td>230000<\/td>\n<td>260<\/td>\n<td>91<\/td>\n<\/tr>\n<tr>\n<td>PRPT-02<\/td>\n<td>25 \u00d7 1.2 \u00d7 25<\/td>\n<td>85<\/td>\n<td>48300<\/td>\n<td>213<\/td>\n<td>91<\/td>\n<\/tr>\n<tr>\n<td>PRPT-03<\/td>\n<td>38 \u00d7 1.4 \u00d7 38<\/td>\n<td>82<\/td>\n<td>15800<\/td>\n<td>151<\/td>\n<td>91<\/td>\n<\/tr>\n<tr>\n<td>PRPT-04<\/td>\n<td>50 \u00d7 1.5 \u00d7 50<\/td>\n<td>60<\/td>\n<td>6300<\/td>\n<td>100<\/td>\n<td>92<\/td>\n<\/tr>\n<tr>\n<td>PRPT-05<\/td>\n<td>76 \u00d7 2.6 \u00d7 76<\/td>\n<td>62<\/td>\n<td>1930<\/td>\n<td>72<\/td>\n<td>92<\/td>\n<\/tr>\n<\/tbody>\n<\/table>\n<p>&nbsp;<\/p>\n<p>Not:<\/p>\n<p>Malzeme PE, PP, RPP, PVC, CPVC, PVDF<\/p>\n<p>\u00c7ap: 16 mm, 25 mm, 38 mm, 50 mm, 76 mm.<\/p>\n<p>Kal\u0131nl\u0131k: 1 mm, 1,2 mm, 1,4 mm, 1,5 mm, 2,6 mm.<\/p>\n<h3>Plastik Pall Ring'in Avantajlar\u0131<\/h3>\n<ul>\n<li>\u00d6zel yap\u0131, minimum bas\u0131n\u00e7 d\u00fc\u015f\u00fc\u015f\u00fc ile y\u00fcksek ak\u0131\u015f h\u0131z\u0131 sa\u011flar.<\/li>\n<li>\u00c7e\u015fitli end\u00fcstriyel ortamlarda kimyasal korozyona kar\u015f\u0131 g\u00fc\u00e7l\u00fc diren\u00e7.<\/li>\n<li>Etkili k\u00fctle transfer s\u00fcre\u00e7leri i\u00e7in geni\u015f y\u00fczey alan\u0131.<\/li>\n<li>Hafif ve enerji tasarrufu sa\u011flayan tasar\u0131m i\u015fletme maliyetlerini azalt\u0131r.<\/li>\n<li>Paketlenmi\u015f kulelere tak\u0131lmas\u0131 ve \u00e7\u0131kar\u0131lmas\u0131 kolayd\u0131r.<\/li>\n<\/ul>\n<h3>Uygulamalar<\/h3>\n<p>Plastik pall halka salmastra, absorpsiyon, ovma, s\u0131y\u0131rma ve dam\u0131tma kulelerinde yayg\u0131n olarak kullan\u0131lmaktad\u0131r. Kimyasal i\u015fleme, gaz ar\u0131tma, petrol rafinasyonu, klor-alkali \u00fcretimi ve \u00e7evre m\u00fchendisli\u011fi gibi end\u00fcstrilerde tercih edilen bir se\u00e7imdir. Dayan\u0131kl\u0131l\u0131\u011f\u0131 ve uyarlanabilirli\u011fi onu hem y\u00fcksek hem de d\u00fc\u015f\u00fck y\u00fck operasyonlar\u0131 i\u00e7in ideal k\u0131lar.<\/p>\n<p>\u0130ster genel kimyasal uygulamalar i\u00e7in g\u00fcvenilir bir polipropilen pall ring, ister agresif korozif sistemler i\u00e7in bir ptfe pall ring veya a\u015f\u0131r\u0131 ko\u015fullar i\u00e7in y\u00fcksek performansl\u0131 bir pvdf pall ring ar\u0131yor olun, plastik pall ring salmastralar proses ihtiya\u00e7lar\u0131n\u0131z i\u00e7in esnek ve verimli bir \u00e7\u00f6z\u00fcm sunar. En yayg\u0131n kullan\u0131lan pall halka salmastra t\u00fcrlerinden biri olarak, bir\u00e7ok gaz-s\u0131v\u0131 ay\u0131rma i\u015fleminde optimum performans sa\u011flar.<\/p>","protected":false},"excerpt":{"rendered":"<p>plasti\u0307k pall halka salmastralari (ptfe, pvc, pvdf, poli\u0307propi\u0307len) k\u00fctle transferi\u0307 uygulamalarinda kullanilan son derece veri\u0307mli\u0307 bi\u0307r rastgele salmastra \u015fekli\u0307di\u0307r. Geleneksel Raschig Halkalar\u0131 ile kar\u015f\u0131la\u015ft\u0131r\u0131ld\u0131\u011f\u0131nda, plastik pall halkas\u0131 dikd\u00f6rtgen a\u00e7\u0131kl\u0131klar\u0131 ve i\u00e7e bakan kanatlar\u0131 ile benzersiz bir tasar\u0131ma sahiptir. Bu yap\u0131sal iyile\u015ftirmeler i\u00e7 y\u00fczey alan\u0131n\u0131 art\u0131r\u0131r, gaz-s\u0131v\u0131 \u00e7alkalanmas\u0131n\u0131 geli\u015ftirir ve gaz-s\u0131v\u0131 transferinin verimlili\u011fini art\u0131r\u0131r...<\/p>","protected":false},"featured_media":2408,"parent":0,"template":"","meta":{"_acf_changed":false,"_kad_blocks_custom_css":"","_kad_blocks_head_custom_js":"","_kad_blocks_body_custom_js":"","_kad_blocks_footer_custom_js":"","_kadence_starter_templates_imported_post":false,"_kad_post_transparent":"default","_kad_post_title":"","_kad_post_layout":"default","_kad_post_sidebar_id":"","_kad_post_content_style":"default","_kad_post_vertical_padding":"default","_kad_post_feature":"","_kad_post_feature_position":"","_kad_post_header":false,"_kad_post_footer":false},"pcategory":[22,25],"ptag":[],"class_list":["post-2150","product","type-product","status-publish","has-post-thumbnail","hentry","pcategory-random-packing","pcategory-plastic-random-packing"],"acf":[],"yoast_head":"<!-- This site is optimized with the Yoast SEO plugin v27.4 - https:\/\/yoast.com\/product\/yoast-seo-wordpress\/ -->\n<title>Plastic Pall ring packings ( ptfe,pvc,pvdf, polypropylene\uff09<\/title>\n<meta name=\"robots\" content=\"index, follow, max-snippet:-1, max-image-preview:large, max-video-preview:-1\" \/>\n<link rel=\"canonical\" href=\"https:\/\/cpxzx.com\/tr\/urun\/plastic-pall-ring\/\" \/>\n<meta property=\"og:locale\" content=\"tr_TR\" \/>\n<meta property=\"og:type\" content=\"article\" \/>\n<meta property=\"og:title\" content=\"Plastic Pall ring packings ( ptfe,pvc,pvdf, polypropylene\uff09\" \/>\n<meta property=\"og:description\" content=\"plastic pall ring packings ( ptfe,pvc,pvdf, polypropylene\uff09is a highly efficient form of random packing used in mass transfer applications. Compared to traditional Raschig Rings, the plastic pall ring features a unique design with rectangular openings and inward-facing blades. These structural improvements increase the internal surface area, enhance gas-liquid agitation, and improve the efficiency of gas-liquid...\" \/>\n<meta property=\"og:url\" content=\"https:\/\/cpxzx.com\/tr\/urun\/plastic-pall-ring\/\" \/>\n<meta property=\"og:site_name\" content=\"Cooling Tower Fill, China PVC Fills Manufacturer\" \/>\n<meta property=\"article:modified_time\" content=\"2025-07-13T08:11:10+00:00\" \/>\n<meta property=\"og:image\" content=\"https:\/\/cpxzx.com\/wp-content\/uploads\/2025\/07\/plastic-pall-ring-.jpg\" \/>\n\t<meta property=\"og:image:width\" content=\"720\" \/>\n\t<meta property=\"og:image:height\" content=\"720\" \/>\n\t<meta property=\"og:image:type\" content=\"image\/jpeg\" \/>\n<meta name=\"twitter:card\" content=\"summary_large_image\" \/>\n<meta name=\"twitter:label1\" content=\"Tahmini okuma s\u00fcresi\" \/>\n\t<meta name=\"twitter:data1\" content=\"4 dakika\" \/>\n<script type=\"application\/ld+json\" class=\"yoast-schema-graph\">{\"@context\":\"https:\\\/\\\/schema.org\",\"@graph\":[{\"@type\":\"WebPage\",\"@id\":\"https:\\\/\\\/cpxzx.com\\\/product\\\/plastic-pall-ring\\\/\",\"url\":\"https:\\\/\\\/cpxzx.com\\\/product\\\/plastic-pall-ring\\\/\",\"name\":\"Plastic Pall ring packings ( ptfe,pvc,pvdf, polypropylene\uff09\",\"isPartOf\":{\"@id\":\"https:\\\/\\\/cpxzx.com\\\/#website\"},\"primaryImageOfPage\":{\"@id\":\"https:\\\/\\\/cpxzx.com\\\/product\\\/plastic-pall-ring\\\/#primaryimage\"},\"image\":{\"@id\":\"https:\\\/\\\/cpxzx.com\\\/product\\\/plastic-pall-ring\\\/#primaryimage\"},\"thumbnailUrl\":\"https:\\\/\\\/cpxzx.com\\\/wp-content\\\/uploads\\\/2025\\\/07\\\/plastic-pall-ring-.jpg\",\"datePublished\":\"2025-07-08T10:14:56+00:00\",\"dateModified\":\"2025-07-13T08:11:10+00:00\",\"breadcrumb\":{\"@id\":\"https:\\\/\\\/cpxzx.com\\\/product\\\/plastic-pall-ring\\\/#breadcrumb\"},\"inLanguage\":\"tr\",\"potentialAction\":[{\"@type\":\"ReadAction\",\"target\":[\"https:\\\/\\\/cpxzx.com\\\/product\\\/plastic-pall-ring\\\/\"]}]},{\"@type\":\"ImageObject\",\"inLanguage\":\"tr\",\"@id\":\"https:\\\/\\\/cpxzx.com\\\/product\\\/plastic-pall-ring\\\/#primaryimage\",\"url\":\"https:\\\/\\\/cpxzx.com\\\/wp-content\\\/uploads\\\/2025\\\/07\\\/plastic-pall-ring-.jpg\",\"contentUrl\":\"https:\\\/\\\/cpxzx.com\\\/wp-content\\\/uploads\\\/2025\\\/07\\\/plastic-pall-ring-.jpg\",\"width\":720,\"height\":720,\"caption\":\"plastic-pall-ring-\"},{\"@type\":\"BreadcrumbList\",\"@id\":\"https:\\\/\\\/cpxzx.com\\\/product\\\/plastic-pall-ring\\\/#breadcrumb\",\"itemListElement\":[{\"@type\":\"ListItem\",\"position\":1,\"name\":\"Home\",\"item\":\"https:\\\/\\\/cpxzx.com\\\/\"},{\"@type\":\"ListItem\",\"position\":2,\"name\":\"Random Packing\",\"item\":\"https:\\\/\\\/cpxzx.com\\\/pcategory\\\/random-packing\\\/\"},{\"@type\":\"ListItem\",\"position\":3,\"name\":\"Plastic Random Packing\",\"item\":\"https:\\\/\\\/cpxzx.com\\\/pcategory\\\/random-packing\\\/plastic-random-packing\\\/\"},{\"@type\":\"ListItem\",\"position\":4,\"name\":\"Plastic Pall Ring Packings ( ptfe,pvc,pvdf, polypropylene\uff09\"}]},{\"@type\":\"WebSite\",\"@id\":\"https:\\\/\\\/cpxzx.com\\\/#website\",\"url\":\"https:\\\/\\\/cpxzx.com\\\/\",\"name\":\"Cooling Tower Fill, China PVC Fills Manufacturer\",\"description\":\"\",\"publisher\":{\"@id\":\"https:\\\/\\\/cpxzx.com\\\/#organization\"},\"potentialAction\":[{\"@type\":\"SearchAction\",\"target\":{\"@type\":\"EntryPoint\",\"urlTemplate\":\"https:\\\/\\\/cpxzx.com\\\/?s={search_term_string}\"},\"query-input\":{\"@type\":\"PropertyValueSpecification\",\"valueRequired\":true,\"valueName\":\"search_term_string\"}}],\"inLanguage\":\"tr\"},{\"@type\":\"Organization\",\"@id\":\"https:\\\/\\\/cpxzx.com\\\/#organization\",\"name\":\"Cooling Tower Fill, China PVC Fills Manufacturer\",\"url\":\"https:\\\/\\\/cpxzx.com\\\/\",\"logo\":{\"@type\":\"ImageObject\",\"inLanguage\":\"tr\",\"@id\":\"https:\\\/\\\/cpxzx.com\\\/#\\\/schema\\\/logo\\\/image\\\/\",\"url\":\"https:\\\/\\\/cpxzx.com\\\/wp-content\\\/uploads\\\/2025\\\/07\\\/1751628807-logo.png\",\"contentUrl\":\"https:\\\/\\\/cpxzx.com\\\/wp-content\\\/uploads\\\/2025\\\/07\\\/1751628807-logo.png\",\"width\":383,\"height\":87,\"caption\":\"Cooling Tower Fill, China PVC Fills Manufacturer\"},\"image\":{\"@id\":\"https:\\\/\\\/cpxzx.com\\\/#\\\/schema\\\/logo\\\/image\\\/\"}}]}<\/script>\n<!-- \/ Yoast SEO plugin. -->","yoast_head_json":{"title":"Plastic Pall ring packings ( ptfe,pvc,pvdf, polypropylene\uff09","robots":{"index":"index","follow":"follow","max-snippet":"max-snippet:-1","max-image-preview":"max-image-preview:large","max-video-preview":"max-video-preview:-1"},"canonical":"https:\/\/cpxzx.com\/tr\/urun\/plastic-pall-ring\/","og_locale":"tr_TR","og_type":"article","og_title":"Plastic Pall ring packings ( ptfe,pvc,pvdf, polypropylene\uff09","og_description":"plastic pall ring packings ( ptfe,pvc,pvdf, polypropylene\uff09is a highly efficient form of random packing used in mass transfer applications. Compared to traditional Raschig Rings, the plastic pall ring features a unique design with rectangular openings and inward-facing blades. These structural improvements increase the internal surface area, enhance gas-liquid agitation, and improve the efficiency of gas-liquid...","og_url":"https:\/\/cpxzx.com\/tr\/urun\/plastic-pall-ring\/","og_site_name":"Cooling Tower Fill, China PVC Fills Manufacturer","article_modified_time":"2025-07-13T08:11:10+00:00","og_image":[{"width":720,"height":720,"url":"https:\/\/cpxzx.com\/wp-content\/uploads\/2025\/07\/plastic-pall-ring-.jpg","type":"image\/jpeg"}],"twitter_card":"summary_large_image","twitter_misc":{"Tahmini okuma s\u00fcresi":"4 dakika"},"schema":{"@context":"https:\/\/schema.org","@graph":[{"@type":"WebPage","@id":"https:\/\/cpxzx.com\/product\/plastic-pall-ring\/","url":"https:\/\/cpxzx.com\/product\/plastic-pall-ring\/","name":"Plastic Pall ring packings ( ptfe,pvc,pvdf, polypropylene\uff09","isPartOf":{"@id":"https:\/\/cpxzx.com\/#website"},"primaryImageOfPage":{"@id":"https:\/\/cpxzx.com\/product\/plastic-pall-ring\/#primaryimage"},"image":{"@id":"https:\/\/cpxzx.com\/product\/plastic-pall-ring\/#primaryimage"},"thumbnailUrl":"https:\/\/cpxzx.com\/wp-content\/uploads\/2025\/07\/plastic-pall-ring-.jpg","datePublished":"2025-07-08T10:14:56+00:00","dateModified":"2025-07-13T08:11:10+00:00","breadcrumb":{"@id":"https:\/\/cpxzx.com\/product\/plastic-pall-ring\/#breadcrumb"},"inLanguage":"tr","potentialAction":[{"@type":"ReadAction","target":["https:\/\/cpxzx.com\/product\/plastic-pall-ring\/"]}]},{"@type":"ImageObject","inLanguage":"tr","@id":"https:\/\/cpxzx.com\/product\/plastic-pall-ring\/#primaryimage","url":"https:\/\/cpxzx.com\/wp-content\/uploads\/2025\/07\/plastic-pall-ring-.jpg","contentUrl":"https:\/\/cpxzx.com\/wp-content\/uploads\/2025\/07\/plastic-pall-ring-.jpg","width":720,"height":720,"caption":"plastic-pall-ring-"},{"@type":"BreadcrumbList","@id":"https:\/\/cpxzx.com\/product\/plastic-pall-ring\/#breadcrumb","itemListElement":[{"@type":"ListItem","position":1,"name":"Home","item":"https:\/\/cpxzx.com\/"},{"@type":"ListItem","position":2,"name":"Random Packing","item":"https:\/\/cpxzx.com\/pcategory\/random-packing\/"},{"@type":"ListItem","position":3,"name":"Plastic Random Packing","item":"https:\/\/cpxzx.com\/pcategory\/random-packing\/plastic-random-packing\/"},{"@type":"ListItem","position":4,"name":"Plastic Pall Ring Packings ( ptfe,pvc,pvdf, polypropylene\uff09"}]},{"@type":"WebSite","@id":"https:\/\/cpxzx.com\/#website","url":"https:\/\/cpxzx.com\/","name":"So\u011futma Kulesi Dolgusu, \u00c7in PVC Dolgular \u00dcretici","description":"","publisher":{"@id":"https:\/\/cpxzx.com\/#organization"},"potentialAction":[{"@type":"SearchAction","target":{"@type":"EntryPoint","urlTemplate":"https:\/\/cpxzx.com\/?s={search_term_string}"},"query-input":{"@type":"PropertyValueSpecification","valueRequired":true,"valueName":"search_term_string"}}],"inLanguage":"tr"},{"@type":"Organization","@id":"https:\/\/cpxzx.com\/#organization","name":"So\u011futma Kulesi Dolgusu, \u00c7in PVC Dolgular \u00dcretici","url":"https:\/\/cpxzx.com\/","logo":{"@type":"ImageObject","inLanguage":"tr","@id":"https:\/\/cpxzx.com\/#\/schema\/logo\/image\/","url":"https:\/\/cpxzx.com\/wp-content\/uploads\/2025\/07\/1751628807-logo.png","contentUrl":"https:\/\/cpxzx.com\/wp-content\/uploads\/2025\/07\/1751628807-logo.png","width":383,"height":87,"caption":"Cooling Tower Fill, China PVC Fills Manufacturer"},"image":{"@id":"https:\/\/cpxzx.com\/#\/schema\/logo\/image\/"}}]}},"taxonomy_info":{"pcategory":[{"value":22,"label":"Random Packing"},{"value":25,"label":"Plastic Random Packing"}]},"featured_image_src_large":["https:\/\/cpxzx.com\/wp-content\/uploads\/2025\/07\/plastic-pall-ring-.jpg",720,720,false],"author_info":[],"comment_info":"","_links":{"self":[{"href":"https:\/\/cpxzx.com\/tr\/wp-json\/wp\/v2\/product\/2150","targetHints":{"allow":["GET"]}}],"collection":[{"href":"https:\/\/cpxzx.com\/tr\/wp-json\/wp\/v2\/product"}],"about":[{"href":"https:\/\/cpxzx.com\/tr\/wp-json\/wp\/v2\/types\/product"}],"wp:featuredmedia":[{"embeddable":true,"href":"https:\/\/cpxzx.com\/tr\/wp-json\/wp\/v2\/media\/2408"}],"wp:attachment":[{"href":"https:\/\/cpxzx.com\/tr\/wp-json\/wp\/v2\/media?parent=2150"}],"wp:term":[{"taxonomy":"pcategory","embeddable":true,"href":"https:\/\/cpxzx.com\/tr\/wp-json\/wp\/v2\/pcategory?post=2150"},{"taxonomy":"ptag","embeddable":true,"href":"https:\/\/cpxzx.com\/tr\/wp-json\/wp\/v2\/ptag?post=2150"}],"curies":[{"name":"wp","href":"https:\/\/api.w.org\/{rel}","templated":true}]}}