{"id":3155,"date":"2025-10-24T04:07:53","date_gmt":"2025-10-24T04:07:53","guid":{"rendered":"https:\/\/cpxzx.com\/?post_type=product&#038;p=3155"},"modified":"2025-10-24T04:07:53","modified_gmt":"2025-10-24T04:07:53","slug":"assentador-de-tubos","status":"publish","type":"product","link":"https:\/\/cpxzx.com\/pt\/produto\/assentador-de-tubos\/","title":{"rendered":"Decantador de tubos - Clarificador de lamelas para um tratamento de \u00e1gua eficiente"},"content":{"rendered":"<p>A <strong>Assentador de tubos<\/strong> \u00e9 um dispositivo de tratamento de \u00e1gua altamente eficaz utilizado para melhorar o processo de sedimenta\u00e7\u00e3o em clarificadores. Possui um conjunto de placas de lamelas inclinadas dispostas numa estrutura tubular vertical, promovendo a sedimenta\u00e7\u00e3o das part\u00edculas de forma mais eficiente em compara\u00e7\u00e3o com os clarificadores convencionais. Este sistema \u00e9 amplamente utilizado em esta\u00e7\u00f5es de tratamento de \u00e1gua para aplica\u00e7\u00f5es municipais e industriais, melhorando significativamente a qualidade da \u00e1gua tratada.<\/p>\n<p><strong>Carater\u00edstica:<\/strong><br \/>\n&#8211; <strong>Projeto de clarificador de lamelas:<\/strong> Os decantadores tubulares s\u00e3o compostos por uma s\u00e9rie de placas de lamelas inclinadas que maximizam a \u00e1rea de superf\u00edcie para a sedimenta\u00e7\u00e3o de part\u00edculas.<br \/>\n&#8211; <strong>Compacto e eficiente em termos de espa\u00e7o:<\/strong> A estrutura de tubos verticais minimiza a \u00e1rea de implanta\u00e7\u00e3o, tornando-a ideal para \u00e1reas com espa\u00e7o limitado.<br \/>\n&#8211; <strong>Melhoria da efici\u00eancia de sedimenta\u00e7\u00e3o:<\/strong> A conce\u00e7\u00e3o assegura taxas de sedimenta\u00e7\u00e3o mais r\u00e1pidas, reduzindo a turbul\u00eancia e aumentando a \u00e1rea de sedimenta\u00e7\u00e3o.<br \/>\n&#8211; <strong>Materiais resistentes \u00e0 corros\u00e3o:<\/strong> Normalmente fabricados em PVC, PP ou HDPE de alta qualidade, asseguram a durabilidade em ambientes agressivos.<br \/>\n&#8211; <strong>Estrutura modular:<\/strong> F\u00e1cil de instalar e aumentar a escala de acordo com os requisitos de tratamento de \u00e1gua.<\/p>\n<p><strong>Especifica\u00e7\u00e3o:<\/strong><br \/>\n&#8211; <strong>Material:<\/strong> PVC, PP, HDPE<br \/>\n&#8211; <strong>\u00c2ngulo de inclina\u00e7\u00e3o da placa:<\/strong> 60\u00b0 - 80\u00b0<br \/>\n&#8211; <strong>Largura da placa:<\/strong> 100 mm a 400 mm (personaliz\u00e1vel)<br \/>\n&#8211; <strong>Comprimento da placa:<\/strong> Varia de 1000 mm a 3000 mm (personaliz\u00e1vel)<br \/>\n&#8211; <strong>Capacidade de sedimenta\u00e7\u00e3o:<\/strong> Pode lidar com caudais de 100 m\u00b3\/h a v\u00e1rios milhares de m\u00b3\/h, dependendo da conce\u00e7\u00e3o.<br \/>\n&#8211; <strong>Resist\u00eancia \u00e0 temperatura:<\/strong> At\u00e9 60\u00b0C para PVC, mais elevado para material HDPE.<br \/>\n&#8211; <strong>Efici\u00eancia:<\/strong> Melhoria da efici\u00eancia de decanta\u00e7\u00e3o at\u00e9 90% em compara\u00e7\u00e3o com os clarificadores tradicionais.<\/p>\n<p><strong>Vantagem:<\/strong><br \/>\n&#8211; <strong>Alta efici\u00eancia de sedimenta\u00e7\u00e3o:<\/strong> A conce\u00e7\u00e3o do clarificador de lamelas permite uma maior sedimenta\u00e7\u00e3o das part\u00edculas num espa\u00e7o compacto, proporcionando uma velocidade de sedimenta\u00e7\u00e3o muito superior \u00e0 dos clarificadores convencionais.<br \/>\n&#8211; <strong>Economia de espa\u00e7o:<\/strong> Com a estrutura tubular vertical, os decantadores tubulares ocupam menos espa\u00e7o em compara\u00e7\u00e3o com os tanques de decanta\u00e7\u00e3o tradicionais, tornando-os ideais para instala\u00e7\u00f5es em \u00e1reas limitadas.<br \/>\n&#8211; <strong>Rent\u00e1vel:<\/strong> Custos operacionais e de manuten\u00e7\u00e3o mais baixos devido \u00e0 utiliza\u00e7\u00e3o de materiais dur\u00e1veis e resistentes \u00e0 corros\u00e3o.<br \/>\n&#8211; <strong>Escal\u00e1vel:<\/strong> As unidades modulares podem ser combinadas para satisfazer a capacidade de caudal necess\u00e1ria, tornando o sistema altamente flex\u00edvel.<br \/>\n&#8211; <strong>Instala\u00e7\u00e3o f\u00e1cil:<\/strong> Os m\u00f3dulos pr\u00e9-fabricados s\u00e3o f\u00e1ceis de instalar, reduzindo o tempo e os custos de m\u00e3o de obra durante o processo de instala\u00e7\u00e3o.<\/p>\n<p><strong>Aplica\u00e7\u00e3o:<\/strong><br \/>\nOs decantadores tubulares s\u00e3o utilizados numa variedade de aplica\u00e7\u00f5es de tratamento de \u00e1gua, incluindo:<br \/>\n&#8211; <strong>Tratamento de \u00e1guas residuais municipais:<\/strong> Melhora a remo\u00e7\u00e3o de s\u00f3lidos suspensos das \u00e1guas residuais.<br \/>\n&#8211; <strong>Tratamento de \u00e1guas residuais industriais:<\/strong> Eficaz em ind\u00fastrias como f\u00e1bricas de papel, processamento de alimentos e f\u00e1bricas de produtos qu\u00edmicos.<br \/>\n&#8211; <strong>Tratamento de \u00e1gua pot\u00e1vel:<\/strong> Melhora a clareza da \u00e1gua pot\u00e1vel, removendo eficazmente as part\u00edculas.<br \/>\n&#8211; <strong>Explora\u00e7\u00e3o mineira e processamento de minerais:<\/strong> Utilizado para clarificar a \u00e1gua do processo atrav\u00e9s da remo\u00e7\u00e3o de s\u00f3lidos finos e part\u00edculas em suspens\u00e3o.<br \/>\n&#8211; <strong>Aquacultura:<\/strong> Garante a qualidade da \u00e1gua atrav\u00e9s da remo\u00e7\u00e3o de s\u00f3lidos em explora\u00e7\u00f5es pisc\u00edcolas e instala\u00e7\u00f5es de aquacultura.<\/p>\n<p><strong>Embalagem:<\/strong><br \/>\n&#8211; <strong>Embalagem standard:<\/strong> Os m\u00f3dulos do decantador tubular s\u00e3o pr\u00e9-fabricados e embalados de forma compacta e segura para garantir um transporte seguro.<br \/>\n&#8211; <strong>Personaliza\u00e7\u00e3o:<\/strong> As unidades podem ser embaladas \u00e0 medida com base em requisitos de tamanho e de design.<br \/>\n&#8211; <strong>Envio:<\/strong> As unidades s\u00e3o enviadas para todo o mundo atrav\u00e9s de servi\u00e7os de transporte fi\u00e1veis. O prazo de entrega depende da localiza\u00e7\u00e3o e do volume da encomenda.<\/p>","protected":false},"excerpt":{"rendered":"<p>O decantador tubular \u00e9 um sistema de tratamento de \u00e1gua compacto e altamente eficiente, concebido para melhorar os processos de sedimenta\u00e7\u00e3o. \u00c9 constitu\u00eddo por uma s\u00e9rie de placas de lamelas inclinadas, que aumentam a \u00e1rea de superf\u00edcie de sedimenta\u00e7\u00e3o, reduzindo o espa\u00e7o necess\u00e1rio para a instala\u00e7\u00e3o. Ideal para aplica\u00e7\u00f5es como o tratamento de \u00e1guas municipais e industriais, o decantador tubular aumenta significativamente a remo\u00e7\u00e3o de part\u00edculas, melhora a qualidade da \u00e1gua e optimiza a utiliza\u00e7\u00e3o do espa\u00e7o. \u00c9 fabricado com materiais dur\u00e1veis e resistentes \u00e0 corros\u00e3o, como PVC e HDPE, garantindo um desempenho duradouro em v\u00e1rios ambientes de tratamento de \u00e1gua.<\/p>","protected":false},"featured_media":3156,"parent":0,"template":"","meta":{"_acf_changed":false,"_kad_blocks_custom_css":"","_kad_blocks_head_custom_js":"","_kad_blocks_body_custom_js":"","_kad_blocks_footer_custom_js":"","_kadence_starter_templates_imported_post":false,"_kad_post_transparent":"default","_kad_post_title":"","_kad_post_layout":"default","_kad_post_sidebar_id":"","_kad_post_content_style":"default","_kad_post_vertical_padding":"default","_kad_post_feature":"","_kad_post_feature_position":"","_kad_post_header":false,"_kad_post_footer":false},"pcategory":[17],"ptag":[],"class_list":["post-3155","product","type-product","status-publish","has-post-thumbnail","hentry","pcategory-tube-settler"],"acf":[],"yoast_head":"<!-- This site is optimized with the Yoast SEO plugin v27.4 - https:\/\/yoast.com\/product\/yoast-seo-wordpress\/ -->\n<title>Tube Settler<\/title>\n<meta name=\"robots\" content=\"index, follow, max-snippet:-1, max-image-preview:large, max-video-preview:-1\" \/>\n<link rel=\"canonical\" href=\"https:\/\/cpxzx.com\/pt\/produto\/assentador-de-tubos\/\" \/>\n<meta property=\"og:locale\" content=\"pt_PT\" \/>\n<meta property=\"og:type\" content=\"article\" \/>\n<meta property=\"og:title\" content=\"Tube Settler\" \/>\n<meta property=\"og:description\" content=\"The Tube Settler is a compact and highly efficient water treatment system designed to improve sedimentation processes. It consists of a series of inclined lamella plates, which increase the settling surface area while reducing the space required for installation. Ideal for applications such as municipal and industrial water treatment, the Tube Settler significantly enhances particle removal, improves water quality, and optimizes space usage. It is made from durable, corrosion-resistant materials like PVC and HDPE, ensuring long-lasting performance in various water treatment environments.\" \/>\n<meta property=\"og:url\" content=\"https:\/\/cpxzx.com\/pt\/produto\/assentador-de-tubos\/\" \/>\n<meta property=\"og:site_name\" content=\"Cooling Tower Fill, China PVC Fills Manufacturer\" \/>\n<meta property=\"og:image\" content=\"https:\/\/cpxzx.com\/wp-content\/uploads\/2025\/10\/tube-settler-pp.jpg\" \/>\n\t<meta property=\"og:image:width\" content=\"550\" \/>\n\t<meta property=\"og:image:height\" content=\"550\" \/>\n\t<meta property=\"og:image:type\" content=\"image\/jpeg\" \/>\n<meta name=\"twitter:card\" content=\"summary_large_image\" \/>\n<meta name=\"twitter:label1\" content=\"Tempo estimado de leitura\" \/>\n\t<meta name=\"twitter:data1\" content=\"3 minutos\" \/>\n<script type=\"application\/ld+json\" class=\"yoast-schema-graph\">{\"@context\":\"https:\\\/\\\/schema.org\",\"@graph\":[{\"@type\":\"WebPage\",\"@id\":\"https:\\\/\\\/cpxzx.com\\\/product\\\/tube-settler\\\/\",\"url\":\"https:\\\/\\\/cpxzx.com\\\/product\\\/tube-settler\\\/\",\"name\":\"Tube Settler\",\"isPartOf\":{\"@id\":\"https:\\\/\\\/cpxzx.com\\\/#website\"},\"primaryImageOfPage\":{\"@id\":\"https:\\\/\\\/cpxzx.com\\\/product\\\/tube-settler\\\/#primaryimage\"},\"image\":{\"@id\":\"https:\\\/\\\/cpxzx.com\\\/product\\\/tube-settler\\\/#primaryimage\"},\"thumbnailUrl\":\"https:\\\/\\\/cpxzx.com\\\/wp-content\\\/uploads\\\/2025\\\/10\\\/tube-settler-pp.jpg\",\"datePublished\":\"2025-10-24T04:07:53+00:00\",\"breadcrumb\":{\"@id\":\"https:\\\/\\\/cpxzx.com\\\/product\\\/tube-settler\\\/#breadcrumb\"},\"inLanguage\":\"pt-PT\",\"potentialAction\":[{\"@type\":\"ReadAction\",\"target\":[\"https:\\\/\\\/cpxzx.com\\\/product\\\/tube-settler\\\/\"]}]},{\"@type\":\"ImageObject\",\"inLanguage\":\"pt-PT\",\"@id\":\"https:\\\/\\\/cpxzx.com\\\/product\\\/tube-settler\\\/#primaryimage\",\"url\":\"https:\\\/\\\/cpxzx.com\\\/wp-content\\\/uploads\\\/2025\\\/10\\\/tube-settler-pp.jpg\",\"contentUrl\":\"https:\\\/\\\/cpxzx.com\\\/wp-content\\\/uploads\\\/2025\\\/10\\\/tube-settler-pp.jpg\",\"width\":550,\"height\":550,\"caption\":\"tube settler\"},{\"@type\":\"BreadcrumbList\",\"@id\":\"https:\\\/\\\/cpxzx.com\\\/product\\\/tube-settler\\\/#breadcrumb\",\"itemListElement\":[{\"@type\":\"ListItem\",\"position\":1,\"name\":\"Home\",\"item\":\"https:\\\/\\\/cpxzx.com\\\/\"},{\"@type\":\"ListItem\",\"position\":2,\"name\":\"Tube Settler\",\"item\":\"https:\\\/\\\/cpxzx.com\\\/pcategory\\\/tube-settler\\\/\"},{\"@type\":\"ListItem\",\"position\":3,\"name\":\"Tube Settler &#8211; Lamella Clarifier for Efficient Water Treatment\"}]},{\"@type\":\"WebSite\",\"@id\":\"https:\\\/\\\/cpxzx.com\\\/#website\",\"url\":\"https:\\\/\\\/cpxzx.com\\\/\",\"name\":\"Cooling Tower Fill, China PVC Fills Manufacturer\",\"description\":\"\",\"publisher\":{\"@id\":\"https:\\\/\\\/cpxzx.com\\\/#organization\"},\"potentialAction\":[{\"@type\":\"SearchAction\",\"target\":{\"@type\":\"EntryPoint\",\"urlTemplate\":\"https:\\\/\\\/cpxzx.com\\\/?s={search_term_string}\"},\"query-input\":{\"@type\":\"PropertyValueSpecification\",\"valueRequired\":true,\"valueName\":\"search_term_string\"}}],\"inLanguage\":\"pt-PT\"},{\"@type\":\"Organization\",\"@id\":\"https:\\\/\\\/cpxzx.com\\\/#organization\",\"name\":\"Cooling Tower Fill, China PVC Fills Manufacturer\",\"url\":\"https:\\\/\\\/cpxzx.com\\\/\",\"logo\":{\"@type\":\"ImageObject\",\"inLanguage\":\"pt-PT\",\"@id\":\"https:\\\/\\\/cpxzx.com\\\/#\\\/schema\\\/logo\\\/image\\\/\",\"url\":\"https:\\\/\\\/cpxzx.com\\\/wp-content\\\/uploads\\\/2025\\\/07\\\/1751628807-logo.png\",\"contentUrl\":\"https:\\\/\\\/cpxzx.com\\\/wp-content\\\/uploads\\\/2025\\\/07\\\/1751628807-logo.png\",\"width\":383,\"height\":87,\"caption\":\"Cooling Tower Fill, China PVC Fills Manufacturer\"},\"image\":{\"@id\":\"https:\\\/\\\/cpxzx.com\\\/#\\\/schema\\\/logo\\\/image\\\/\"}}]}<\/script>\n<!-- \/ Yoast SEO plugin. -->","yoast_head_json":{"title":"Assentador de tubos","robots":{"index":"index","follow":"follow","max-snippet":"max-snippet:-1","max-image-preview":"max-image-preview:large","max-video-preview":"max-video-preview:-1"},"canonical":"https:\/\/cpxzx.com\/pt\/produto\/assentador-de-tubos\/","og_locale":"pt_PT","og_type":"article","og_title":"Tube Settler","og_description":"The Tube Settler is a compact and highly efficient water treatment system designed to improve sedimentation processes. It consists of a series of inclined lamella plates, which increase the settling surface area while reducing the space required for installation. Ideal for applications such as municipal and industrial water treatment, the Tube Settler significantly enhances particle removal, improves water quality, and optimizes space usage. It is made from durable, corrosion-resistant materials like PVC and HDPE, ensuring long-lasting performance in various water treatment environments.","og_url":"https:\/\/cpxzx.com\/pt\/produto\/assentador-de-tubos\/","og_site_name":"Cooling Tower Fill, China PVC Fills Manufacturer","og_image":[{"width":550,"height":550,"url":"https:\/\/cpxzx.com\/wp-content\/uploads\/2025\/10\/tube-settler-pp.jpg","type":"image\/jpeg"}],"twitter_card":"summary_large_image","twitter_misc":{"Tempo estimado de leitura":"3 minutos"},"schema":{"@context":"https:\/\/schema.org","@graph":[{"@type":"WebPage","@id":"https:\/\/cpxzx.com\/product\/tube-settler\/","url":"https:\/\/cpxzx.com\/product\/tube-settler\/","name":"Assentador de tubos","isPartOf":{"@id":"https:\/\/cpxzx.com\/#website"},"primaryImageOfPage":{"@id":"https:\/\/cpxzx.com\/product\/tube-settler\/#primaryimage"},"image":{"@id":"https:\/\/cpxzx.com\/product\/tube-settler\/#primaryimage"},"thumbnailUrl":"https:\/\/cpxzx.com\/wp-content\/uploads\/2025\/10\/tube-settler-pp.jpg","datePublished":"2025-10-24T04:07:53+00:00","breadcrumb":{"@id":"https:\/\/cpxzx.com\/product\/tube-settler\/#breadcrumb"},"inLanguage":"pt-PT","potentialAction":[{"@type":"ReadAction","target":["https:\/\/cpxzx.com\/product\/tube-settler\/"]}]},{"@type":"ImageObject","inLanguage":"pt-PT","@id":"https:\/\/cpxzx.com\/product\/tube-settler\/#primaryimage","url":"https:\/\/cpxzx.com\/wp-content\/uploads\/2025\/10\/tube-settler-pp.jpg","contentUrl":"https:\/\/cpxzx.com\/wp-content\/uploads\/2025\/10\/tube-settler-pp.jpg","width":550,"height":550,"caption":"tube settler"},{"@type":"BreadcrumbList","@id":"https:\/\/cpxzx.com\/product\/tube-settler\/#breadcrumb","itemListElement":[{"@type":"ListItem","position":1,"name":"Home","item":"https:\/\/cpxzx.com\/"},{"@type":"ListItem","position":2,"name":"Tube Settler","item":"https:\/\/cpxzx.com\/pcategory\/tube-settler\/"},{"@type":"ListItem","position":3,"name":"Tube Settler &#8211; Lamella Clarifier for Efficient Water Treatment"}]},{"@type":"WebSite","@id":"https:\/\/cpxzx.com\/#website","url":"https:\/\/cpxzx.com\/","name":"Enchimento de Torre de Refrigera\u00e7\u00e3o, Fabricante de Enchimentos de PVC na China","description":"","publisher":{"@id":"https:\/\/cpxzx.com\/#organization"},"potentialAction":[{"@type":"SearchAction","target":{"@type":"EntryPoint","urlTemplate":"https:\/\/cpxzx.com\/?s={search_term_string}"},"query-input":{"@type":"PropertyValueSpecification","valueRequired":true,"valueName":"search_term_string"}}],"inLanguage":"pt-PT"},{"@type":"Organization","@id":"https:\/\/cpxzx.com\/#organization","name":"Enchimento de Torre de Refrigera\u00e7\u00e3o, Fabricante de Enchimentos de PVC na China","url":"https:\/\/cpxzx.com\/","logo":{"@type":"ImageObject","inLanguage":"pt-PT","@id":"https:\/\/cpxzx.com\/#\/schema\/logo\/image\/","url":"https:\/\/cpxzx.com\/wp-content\/uploads\/2025\/07\/1751628807-logo.png","contentUrl":"https:\/\/cpxzx.com\/wp-content\/uploads\/2025\/07\/1751628807-logo.png","width":383,"height":87,"caption":"Cooling Tower Fill, China PVC Fills Manufacturer"},"image":{"@id":"https:\/\/cpxzx.com\/#\/schema\/logo\/image\/"}}]}},"taxonomy_info":{"pcategory":[{"value":17,"label":"Tube Settler"}]},"featured_image_src_large":["https:\/\/cpxzx.com\/wp-content\/uploads\/2025\/10\/tube-settler-pp.jpg",550,550,false],"author_info":[],"comment_info":"","_links":{"self":[{"href":"https:\/\/cpxzx.com\/pt\/wp-json\/wp\/v2\/product\/3155","targetHints":{"allow":["GET"]}}],"collection":[{"href":"https:\/\/cpxzx.com\/pt\/wp-json\/wp\/v2\/product"}],"about":[{"href":"https:\/\/cpxzx.com\/pt\/wp-json\/wp\/v2\/types\/product"}],"wp:featuredmedia":[{"embeddable":true,"href":"https:\/\/cpxzx.com\/pt\/wp-json\/wp\/v2\/media\/3156"}],"wp:attachment":[{"href":"https:\/\/cpxzx.com\/pt\/wp-json\/wp\/v2\/media?parent=3155"}],"wp:term":[{"taxonomy":"pcategory","embeddable":true,"href":"https:\/\/cpxzx.com\/pt\/wp-json\/wp\/v2\/pcategory?post=3155"},{"taxonomy":"ptag","embeddable":true,"href":"https:\/\/cpxzx.com\/pt\/wp-json\/wp\/v2\/ptag?post=3155"}],"curies":[{"name":"wp","href":"https:\/\/api.w.org\/{rel}","templated":true}]}}