{"id":3144,"date":"2025-10-11T07:27:15","date_gmt":"2025-10-11T07:27:15","guid":{"rendered":"https:\/\/cpxzx.com\/?post_type=product&#038;p=3144"},"modified":"2025-10-11T07:27:15","modified_gmt":"2025-10-11T07:27:15","slug":"embalagens-com-estrutura-metalica","status":"publish","type":"product","link":"https:\/\/cpxzx.com\/pt\/produto\/embalagens-com-estrutura-metalica\/","title":{"rendered":"embalagens com estrutura met\u00e1lica"},"content":{"rendered":"<p><strong>Embalagem estruturada em metal<\/strong> \u00e9 um tipo altamente eficiente de <strong>enchimento de coluna em a\u00e7o inoxid\u00e1vel<\/strong> feitas de finas chapas met\u00e1licas onduladas ou de rede met\u00e1lica de a\u00e7o inoxid\u00e1vel. Cada camada \u00e9 ondulada e empilhada em orienta\u00e7\u00f5es alternadas, formando uma estrutura aberta em favo de mel que melhora o contacto vapor-l\u00edquido. Esta conce\u00e7\u00e3o permite uma distribui\u00e7\u00e3o uniforme de g\u00e1s e l\u00edquido, uma baixa queda de press\u00e3o e um excelente desempenho de transfer\u00eancia de massa.<\/p>\n<p>O <strong>embalagem estruturada em rede<\/strong> \u00e9 produzido por perfura\u00e7\u00e3o e estiramento de placas de a\u00e7o inoxid\u00e1vel em folhas de malha em forma de diamante, que s\u00e3o depois onduladas e montadas em camadas estruturadas. Combina as vantagens da embalagem em malha de arame e da embalagem ondulada em chapa met\u00e1lica - oferecendo uma elevada efici\u00eancia e um desempenho econ\u00f3mico. A estrutura de malha de diamante \u00e9 coberta por uma pel\u00edcula de l\u00edquido e a superf\u00edcie irregular aumenta a turbul\u00eancia e a mistura, aumentando a taxa de renova\u00e7\u00e3o da pel\u00edcula de l\u00edquido.<\/p>\n<p><strong>Embalagem de cart\u00e3o canelado met\u00e1lico<\/strong> apresenta um design de superf\u00edcie ranhurado e perfurado que melhora a molhabilidade e a distribui\u00e7\u00e3o dos l\u00edquidos, proporcionando uma maior efici\u00eancia de separa\u00e7\u00e3o e resist\u00eancia \u00e0 incrusta\u00e7\u00e3o. \u00c9 amplamente utilizado nas ind\u00fastrias qu\u00edmica, petroqu\u00edmica, de fertilizantes e de processamento de g\u00e1s, onde \u00e9 necess\u00e1ria uma separa\u00e7\u00e3o de alto desempenho.<\/p>\n<h2>Carater\u00edstica<\/h2>\n<ul>\n<li>A elevada \u00e1rea de superf\u00edcie assegura um contacto eficiente g\u00e1s-l\u00edquido.<\/li>\n<li>Baixa queda de press\u00e3o, ideal para opera\u00e7\u00f5es de v\u00e1cuo e baixa press\u00e3o.<\/li>\n<li>Excelente molhabilidade e uniformidade de distribui\u00e7\u00e3o de l\u00edquidos.<\/li>\n<li>Elevada resist\u00eancia mec\u00e2nica e resist\u00eancia \u00e0 corros\u00e3o.<\/li>\n<li>Dispon\u00edvel em v\u00e1rias configura\u00e7\u00f5es: 100Y, 125Y, 160Y, 250Y, 350Y, 450Y, etc.<\/li>\n<li>Fabricado em a\u00e7o inoxid\u00e1vel 304, 304L, 316, 316L, a\u00e7o carbono ou liga de alum\u00ednio.<\/li>\n<\/ul>\n<h2>Especifica\u00e7\u00e3o<\/h2>\n<p><strong>Material:<\/strong> A\u00e7o carbono, a\u00e7o inoxid\u00e1vel 304, 304L, 410, 316, 316L ou liga de alum\u00ednio.<\/p>\n<table border=\"1\" cellspacing=\"0\" cellpadding=\"6\">\n<tbody>\n<tr>\n<th>Modelo<\/th>\n<th>Volume vazio (%)<\/th>\n<th>Espessura da pe\u00e7a (mm)<\/th>\n<th>Densidade a granel (kg\/m\u00b3)<\/th>\n<th>Altura ondulada (mm)<\/th>\n<th>Dist\u00e2ncia ondulada (mm)<\/th>\n<th>\u00c2ngulo de forma da engrenagem (\u00b0)<\/th>\n<th>Fator F (\u03c6)<\/th>\n<th>HETP te\u00f3rico (pe\u00e7a\/m)<\/th>\n<\/tr>\n<tr>\n<td>450Y<\/td>\n<td>76<\/td>\n<td>1 \u00b10.2<\/td>\n<td>600<\/td>\n<td>6<\/td>\n<td>11<\/td>\n<td>80<\/td>\n<td>1.5-2<\/td>\n<td>4-5<\/td>\n<\/tr>\n<tr>\n<td>350Y<\/td>\n<td>80<\/td>\n<td>1.2 \u00b10.2<\/td>\n<td>580<\/td>\n<td>9<\/td>\n<td>15<\/td>\n<td>80<\/td>\n<td>2<\/td>\n<td>3.5-4<\/td>\n<\/tr>\n<tr>\n<td>250Y<\/td>\n<td>82<\/td>\n<td>1.4 \u00b10.2<\/td>\n<td>530<\/td>\n<td>13<\/td>\n<td>22<\/td>\n<td>80<\/td>\n<td>2.5<\/td>\n<td>2-3<\/td>\n<\/tr>\n<tr>\n<td>160Y<\/td>\n<td>84<\/td>\n<td>2.2 \u00b10.2<\/td>\n<td>500<\/td>\n<td>17<\/td>\n<td>32<\/td>\n<td>80<\/td>\n<td>2.8<\/td>\n<td>1.5-2<\/td>\n<\/tr>\n<tr>\n<td>125Y<\/td>\n<td>85<\/td>\n<td>2.5 \u00b10.5<\/td>\n<td>480<\/td>\n<td>23<\/td>\n<td>42<\/td>\n<td>80<\/td>\n<td>3<\/td>\n<td>1-1.5<\/td>\n<\/tr>\n<tr>\n<td>100Y<\/td>\n<td>87.5<\/td>\n<td>2.5 \u00b10.5<\/td>\n<td>460<\/td>\n<td>30<\/td>\n<td>50<\/td>\n<td>80<\/td>\n<td>3.5<\/td>\n<td>1<\/td>\n<\/tr>\n<\/tbody>\n<\/table>\n<h2>Vantagem<\/h2>\n<ul>\n<li><strong>Elevada capacidade:<\/strong> Os novos projectos de torres podem reduzir o di\u00e2metro da coluna, enquanto as torres existentes podem aumentar significativamente a capacidade.<\/li>\n<li><strong>Alta efici\u00eancia de separa\u00e7\u00e3o:<\/strong> Uma maior \u00e1rea de superf\u00edcie espec\u00edfica garante uma transfer\u00eancia de massa mais eficaz em compara\u00e7\u00e3o com o empacotamento aleat\u00f3rio.<\/li>\n<li><strong>Baixa queda de press\u00e3o:<\/strong> Reduz o consumo de energia e melhora a efici\u00eancia global do processo.<\/li>\n<li><strong>Grande flexibilidade:<\/strong> Adequado para todos os di\u00e2metros de torre; efeitos m\u00ednimos de aumento de escala.<\/li>\n<li><strong>Resist\u00eancia \u00e0 corros\u00e3o:<\/strong> Excelente resist\u00eancia \u00e0 corros\u00e3o \u00e1cida, alcalina, H\u2082S, \u00e1cido naft\u00e9nico e cloreto.<\/li>\n<li>Baixa reten\u00e7\u00e3o de l\u00edquido e resposta r\u00e1pida a mudan\u00e7as de carga.<\/li>\n<li>Dur\u00e1vel e f\u00e1cil de instalar, remover e limpar.<\/li>\n<\/ul>\n<h2>Aplica\u00e7\u00e3o<\/h2>\n<p><strong>Embalagem estruturada em metal<\/strong> \u00e9 amplamente utilizado em v\u00e1rias opera\u00e7\u00f5es de transfer\u00eancia de massa, incluindo:<\/p>\n<ul>\n<li>Colunas de destila\u00e7\u00e3o qu\u00edmica e petroqu\u00edmica<\/li>\n<li>Purifica\u00e7\u00e3o de produtos qu\u00edmicos finos e recupera\u00e7\u00e3o de solventes<\/li>\n<li>Processos de fabrico de fertilizantes e de refina\u00e7\u00e3o de petr\u00f3leo<\/li>\n<li>Torres de absor\u00e7\u00e3o e dessor\u00e7\u00e3o de gases<\/li>\n<li>Sistemas de retifica\u00e7\u00e3o atmosf\u00e9rica e de v\u00e1cuo<\/li>\n<li>Prote\u00e7\u00e3o do ambiente e unidades de tratamento de gases de escape<\/li>\n<\/ul>\n<h2>Embalagem<\/h2>\n<p>A embalagem \u00e9 cuidadosamente acondicionada em caixas de madeira ou estruturas de a\u00e7o para evitar deforma\u00e7\u00f5es durante o transporte. Cada camada \u00e9 etiquetada para facilitar a identifica\u00e7\u00e3o, montagem e instala\u00e7\u00e3o no local. A embalagem personalizada est\u00e1 dispon\u00edvel de acordo com os requisitos do cliente.<\/p>","protected":false},"excerpt":{"rendered":"<p>A embalagem estruturada em metal \u00e9 um produto de alto desempenho <strong>enchimento de coluna em a\u00e7o inoxid\u00e1vel<\/strong> fabricados a partir de chapas met\u00e1licas onduladas ou de malha, concebidos para uma efici\u00eancia de separa\u00e7\u00e3o superior e uma baixa queda de press\u00e3o. Com a sua estrutura alveolar \u00fanica e grande \u00e1rea de superf\u00edcie, este <strong>embalagem estruturada em rede<\/strong> assegura um excelente contacto vapor-l\u00edquido e uma distribui\u00e7\u00e3o uniforme do fluxo. Fabricado em a\u00e7o inoxid\u00e1vel, a\u00e7o carbono ou liga de alum\u00ednio, <strong>embalagem de cart\u00e3o canelado met\u00e1lico<\/strong> \u00e9 ideal para processos de destila\u00e7\u00e3o, absor\u00e7\u00e3o e purifica\u00e7\u00e3o nas ind\u00fastrias qu\u00edmica, petroqu\u00edmica e do g\u00e1s.<\/p>","protected":false},"featured_media":3145,"parent":0,"template":"","meta":{"_acf_changed":false,"_kad_blocks_custom_css":"","_kad_blocks_head_custom_js":"","_kad_blocks_body_custom_js":"","_kad_blocks_footer_custom_js":"","_kadence_starter_templates_imported_post":false,"_kad_post_transparent":"default","_kad_post_title":"","_kad_post_layout":"default","_kad_post_sidebar_id":"","_kad_post_content_style":"default","_kad_post_vertical_padding":"default","_kad_post_feature":"","_kad_post_feature_position":"","_kad_post_header":false,"_kad_post_footer":false},"pcategory":[26],"ptag":[],"class_list":["post-3144","product","type-product","status-publish","has-post-thumbnail","hentry","pcategory-structured-packing"],"acf":[],"yoast_head":"<!-- This site is optimized with the Yoast SEO plugin v27.4 - https:\/\/yoast.com\/product\/yoast-seo-wordpress\/ -->\n<title>metal structured packing - Cooling Tower Fill, China PVC Fills Manufacturer<\/title>\n<meta name=\"robots\" content=\"index, follow, max-snippet:-1, max-image-preview:large, max-video-preview:-1\" \/>\n<link rel=\"canonical\" href=\"https:\/\/cpxzx.com\/pt\/produto\/embalagens-com-estrutura-metalica\/\" \/>\n<meta property=\"og:locale\" content=\"pt_PT\" \/>\n<meta property=\"og:type\" content=\"article\" \/>\n<meta property=\"og:title\" content=\"metal structured packing - Cooling Tower Fill, China PVC Fills Manufacturer\" \/>\n<meta property=\"og:description\" content=\"Metal Structured Packing is a high-performance stainless steel column packing made from corrugated or mesh metal sheets, designed for superior separation efficiency and low pressure drop. With its unique honeycomb structure and large surface area, this mesh structured packing ensures excellent vapor-liquid contact and uniform flow distribution. Manufactured from stainless steel, carbon steel, or aluminum alloy, metal corrugate packing is ideal for distillation, absorption, and purification processes in chemical, petrochemical, and gas industries.\" \/>\n<meta property=\"og:url\" content=\"https:\/\/cpxzx.com\/pt\/produto\/embalagens-com-estrutura-metalica\/\" \/>\n<meta property=\"og:site_name\" content=\"Cooling Tower Fill, China PVC Fills Manufacturer\" \/>\n<meta property=\"og:image\" content=\"https:\/\/cpxzx.com\/wp-content\/uploads\/2025\/10\/metal-structured-packing.jpg\" \/>\n\t<meta property=\"og:image:width\" content=\"550\" \/>\n\t<meta property=\"og:image:height\" content=\"550\" \/>\n\t<meta property=\"og:image:type\" content=\"image\/jpeg\" \/>\n<meta name=\"twitter:card\" content=\"summary_large_image\" \/>\n<meta name=\"twitter:label1\" content=\"Tempo estimado de leitura\" \/>\n\t<meta name=\"twitter:data1\" content=\"3 minutos\" \/>\n<script type=\"application\/ld+json\" class=\"yoast-schema-graph\">{\"@context\":\"https:\\\/\\\/schema.org\",\"@graph\":[{\"@type\":\"WebPage\",\"@id\":\"https:\\\/\\\/cpxzx.com\\\/product\\\/metal-structured-packing\\\/\",\"url\":\"https:\\\/\\\/cpxzx.com\\\/product\\\/metal-structured-packing\\\/\",\"name\":\"metal structured packing - Cooling Tower Fill, China PVC Fills Manufacturer\",\"isPartOf\":{\"@id\":\"https:\\\/\\\/cpxzx.com\\\/#website\"},\"primaryImageOfPage\":{\"@id\":\"https:\\\/\\\/cpxzx.com\\\/product\\\/metal-structured-packing\\\/#primaryimage\"},\"image\":{\"@id\":\"https:\\\/\\\/cpxzx.com\\\/product\\\/metal-structured-packing\\\/#primaryimage\"},\"thumbnailUrl\":\"https:\\\/\\\/cpxzx.com\\\/wp-content\\\/uploads\\\/2025\\\/10\\\/metal-structured-packing.jpg\",\"datePublished\":\"2025-10-11T07:27:15+00:00\",\"breadcrumb\":{\"@id\":\"https:\\\/\\\/cpxzx.com\\\/product\\\/metal-structured-packing\\\/#breadcrumb\"},\"inLanguage\":\"pt-PT\",\"potentialAction\":[{\"@type\":\"ReadAction\",\"target\":[\"https:\\\/\\\/cpxzx.com\\\/product\\\/metal-structured-packing\\\/\"]}]},{\"@type\":\"ImageObject\",\"inLanguage\":\"pt-PT\",\"@id\":\"https:\\\/\\\/cpxzx.com\\\/product\\\/metal-structured-packing\\\/#primaryimage\",\"url\":\"https:\\\/\\\/cpxzx.com\\\/wp-content\\\/uploads\\\/2025\\\/10\\\/metal-structured-packing.jpg\",\"contentUrl\":\"https:\\\/\\\/cpxzx.com\\\/wp-content\\\/uploads\\\/2025\\\/10\\\/metal-structured-packing.jpg\",\"width\":550,\"height\":550,\"caption\":\"metal structured packing\"},{\"@type\":\"BreadcrumbList\",\"@id\":\"https:\\\/\\\/cpxzx.com\\\/product\\\/metal-structured-packing\\\/#breadcrumb\",\"itemListElement\":[{\"@type\":\"ListItem\",\"position\":1,\"name\":\"Home\",\"item\":\"https:\\\/\\\/cpxzx.com\\\/\"},{\"@type\":\"ListItem\",\"position\":2,\"name\":\"Structured Packing\",\"item\":\"https:\\\/\\\/cpxzx.com\\\/pcategory\\\/structured-packing\\\/\"},{\"@type\":\"ListItem\",\"position\":3,\"name\":\"metal structured packing\"}]},{\"@type\":\"WebSite\",\"@id\":\"https:\\\/\\\/cpxzx.com\\\/#website\",\"url\":\"https:\\\/\\\/cpxzx.com\\\/\",\"name\":\"Cooling Tower Fill, China PVC Fills Manufacturer\",\"description\":\"\",\"publisher\":{\"@id\":\"https:\\\/\\\/cpxzx.com\\\/#organization\"},\"potentialAction\":[{\"@type\":\"SearchAction\",\"target\":{\"@type\":\"EntryPoint\",\"urlTemplate\":\"https:\\\/\\\/cpxzx.com\\\/?s={search_term_string}\"},\"query-input\":{\"@type\":\"PropertyValueSpecification\",\"valueRequired\":true,\"valueName\":\"search_term_string\"}}],\"inLanguage\":\"pt-PT\"},{\"@type\":\"Organization\",\"@id\":\"https:\\\/\\\/cpxzx.com\\\/#organization\",\"name\":\"Cooling Tower Fill, China PVC Fills Manufacturer\",\"url\":\"https:\\\/\\\/cpxzx.com\\\/\",\"logo\":{\"@type\":\"ImageObject\",\"inLanguage\":\"pt-PT\",\"@id\":\"https:\\\/\\\/cpxzx.com\\\/#\\\/schema\\\/logo\\\/image\\\/\",\"url\":\"https:\\\/\\\/cpxzx.com\\\/wp-content\\\/uploads\\\/2025\\\/07\\\/1751628807-logo.png\",\"contentUrl\":\"https:\\\/\\\/cpxzx.com\\\/wp-content\\\/uploads\\\/2025\\\/07\\\/1751628807-logo.png\",\"width\":383,\"height\":87,\"caption\":\"Cooling Tower Fill, China PVC Fills Manufacturer\"},\"image\":{\"@id\":\"https:\\\/\\\/cpxzx.com\\\/#\\\/schema\\\/logo\\\/image\\\/\"}}]}<\/script>\n<!-- \/ Yoast SEO plugin. -->","yoast_head_json":{"title":"embalagem estruturada de metal - Enchimento de Torre de Refrigera\u00e7\u00e3o, Fabricante de Enchimentos de PVC na China","robots":{"index":"index","follow":"follow","max-snippet":"max-snippet:-1","max-image-preview":"max-image-preview:large","max-video-preview":"max-video-preview:-1"},"canonical":"https:\/\/cpxzx.com\/pt\/produto\/embalagens-com-estrutura-metalica\/","og_locale":"pt_PT","og_type":"article","og_title":"metal structured packing - Cooling Tower Fill, China PVC Fills Manufacturer","og_description":"Metal Structured Packing is a high-performance stainless steel column packing made from corrugated or mesh metal sheets, designed for superior separation efficiency and low pressure drop. With its unique honeycomb structure and large surface area, this mesh structured packing ensures excellent vapor-liquid contact and uniform flow distribution. Manufactured from stainless steel, carbon steel, or aluminum alloy, metal corrugate packing is ideal for distillation, absorption, and purification processes in chemical, petrochemical, and gas industries.","og_url":"https:\/\/cpxzx.com\/pt\/produto\/embalagens-com-estrutura-metalica\/","og_site_name":"Cooling Tower Fill, China PVC Fills Manufacturer","og_image":[{"width":550,"height":550,"url":"https:\/\/cpxzx.com\/wp-content\/uploads\/2025\/10\/metal-structured-packing.jpg","type":"image\/jpeg"}],"twitter_card":"summary_large_image","twitter_misc":{"Tempo estimado de leitura":"3 minutos"},"schema":{"@context":"https:\/\/schema.org","@graph":[{"@type":"WebPage","@id":"https:\/\/cpxzx.com\/product\/metal-structured-packing\/","url":"https:\/\/cpxzx.com\/product\/metal-structured-packing\/","name":"embalagem estruturada de metal - Enchimento de Torre de Refrigera\u00e7\u00e3o, Fabricante de Enchimentos de PVC na China","isPartOf":{"@id":"https:\/\/cpxzx.com\/#website"},"primaryImageOfPage":{"@id":"https:\/\/cpxzx.com\/product\/metal-structured-packing\/#primaryimage"},"image":{"@id":"https:\/\/cpxzx.com\/product\/metal-structured-packing\/#primaryimage"},"thumbnailUrl":"https:\/\/cpxzx.com\/wp-content\/uploads\/2025\/10\/metal-structured-packing.jpg","datePublished":"2025-10-11T07:27:15+00:00","breadcrumb":{"@id":"https:\/\/cpxzx.com\/product\/metal-structured-packing\/#breadcrumb"},"inLanguage":"pt-PT","potentialAction":[{"@type":"ReadAction","target":["https:\/\/cpxzx.com\/product\/metal-structured-packing\/"]}]},{"@type":"ImageObject","inLanguage":"pt-PT","@id":"https:\/\/cpxzx.com\/product\/metal-structured-packing\/#primaryimage","url":"https:\/\/cpxzx.com\/wp-content\/uploads\/2025\/10\/metal-structured-packing.jpg","contentUrl":"https:\/\/cpxzx.com\/wp-content\/uploads\/2025\/10\/metal-structured-packing.jpg","width":550,"height":550,"caption":"metal structured packing"},{"@type":"BreadcrumbList","@id":"https:\/\/cpxzx.com\/product\/metal-structured-packing\/#breadcrumb","itemListElement":[{"@type":"ListItem","position":1,"name":"Home","item":"https:\/\/cpxzx.com\/"},{"@type":"ListItem","position":2,"name":"Structured Packing","item":"https:\/\/cpxzx.com\/pcategory\/structured-packing\/"},{"@type":"ListItem","position":3,"name":"metal structured packing"}]},{"@type":"WebSite","@id":"https:\/\/cpxzx.com\/#website","url":"https:\/\/cpxzx.com\/","name":"Enchimento de Torre de Refrigera\u00e7\u00e3o, Fabricante de Enchimentos de PVC na China","description":"","publisher":{"@id":"https:\/\/cpxzx.com\/#organization"},"potentialAction":[{"@type":"SearchAction","target":{"@type":"EntryPoint","urlTemplate":"https:\/\/cpxzx.com\/?s={search_term_string}"},"query-input":{"@type":"PropertyValueSpecification","valueRequired":true,"valueName":"search_term_string"}}],"inLanguage":"pt-PT"},{"@type":"Organization","@id":"https:\/\/cpxzx.com\/#organization","name":"Enchimento de Torre de Refrigera\u00e7\u00e3o, Fabricante de Enchimentos de PVC na China","url":"https:\/\/cpxzx.com\/","logo":{"@type":"ImageObject","inLanguage":"pt-PT","@id":"https:\/\/cpxzx.com\/#\/schema\/logo\/image\/","url":"https:\/\/cpxzx.com\/wp-content\/uploads\/2025\/07\/1751628807-logo.png","contentUrl":"https:\/\/cpxzx.com\/wp-content\/uploads\/2025\/07\/1751628807-logo.png","width":383,"height":87,"caption":"Cooling Tower Fill, China PVC Fills Manufacturer"},"image":{"@id":"https:\/\/cpxzx.com\/#\/schema\/logo\/image\/"}}]}},"taxonomy_info":{"pcategory":[{"value":26,"label":"Structured Packing"}]},"featured_image_src_large":["https:\/\/cpxzx.com\/wp-content\/uploads\/2025\/10\/metal-structured-packing.jpg",550,550,false],"author_info":[],"comment_info":"","_links":{"self":[{"href":"https:\/\/cpxzx.com\/pt\/wp-json\/wp\/v2\/product\/3144","targetHints":{"allow":["GET"]}}],"collection":[{"href":"https:\/\/cpxzx.com\/pt\/wp-json\/wp\/v2\/product"}],"about":[{"href":"https:\/\/cpxzx.com\/pt\/wp-json\/wp\/v2\/types\/product"}],"wp:featuredmedia":[{"embeddable":true,"href":"https:\/\/cpxzx.com\/pt\/wp-json\/wp\/v2\/media\/3145"}],"wp:attachment":[{"href":"https:\/\/cpxzx.com\/pt\/wp-json\/wp\/v2\/media?parent=3144"}],"wp:term":[{"taxonomy":"pcategory","embeddable":true,"href":"https:\/\/cpxzx.com\/pt\/wp-json\/wp\/v2\/pcategory?post=3144"},{"taxonomy":"ptag","embeddable":true,"href":"https:\/\/cpxzx.com\/pt\/wp-json\/wp\/v2\/ptag?post=3144"}],"curies":[{"name":"wp","href":"https:\/\/api.w.org\/{rel}","templated":true}]}}