{"id":3032,"date":"2025-09-17T07:42:58","date_gmt":"2025-09-17T07:42:58","guid":{"rendered":"https:\/\/cpxzx.com\/?post_type=product&#038;p=3032"},"modified":"2025-09-15T07:58:45","modified_gmt":"2025-09-15T07:58:45","slug":"bola-de-ceramica-de-alumina-media","status":"publish","type":"product","link":"https:\/\/cpxzx.com\/pt\/produto\/bola-de-ceramica-de-alumina-media\/","title":{"rendered":"Bolas de cer\u00e2mica de alumina m\u00e9dia 3-10mm - Meios de moagem de alumina e bolas de suporte de porcelana inerte"},"content":{"rendered":"<p><strong>Esfera de cer\u00e2mica de alumina m\u00e9dia<\/strong> \u00e9 um meio de moagem e de suporte de alta qualidade amplamente utilizado em v\u00e1rias aplica\u00e7\u00f5es industriais.<br \/>\nComo um tipo eficiente de esferas de meios cer\u00e2micos, oferece um desempenho equilibrado entre custo e durabilidade.<br \/>\nCom um teor de alumina entre 65% e 75%, a esfera cer\u00e2mica de alumina m\u00e9dia proporciona uma melhor resist\u00eancia ao desgaste e estabilidade qu\u00edmica em compara\u00e7\u00e3o com as esferas de baixa alumina, mantendo-se mais econ\u00f3mica do que os meios de moagem de alta alumina.<br \/>\nTamb\u00e9m \u00e9 conhecido como meio de moagem de alumina ou esferas de alumina em muitas ind\u00fastrias.<\/p>\n<p>As bolas de cer\u00e2mica inerte de alumina m\u00e9dia s\u00e3o amplamente utilizadas em v\u00e1rias ind\u00fastrias, incluindo petr\u00f3leo, engenharia qu\u00edmica, produ\u00e7\u00e3o de fertilizantes, g\u00e1s natural e prote\u00e7\u00e3o ambiental.<br \/>\nComo bolas de cer\u00e2mica de alta qualidade e meios de moagem de alumina, servem como materiais de cobertura e suporte para catalisadores em vasos de rea\u00e7\u00e3o e como embalagem em torres.<br \/>\nEstas bolas de cer\u00e2mica de alumina m\u00e9dia t\u00eam propriedades qu\u00edmicas est\u00e1veis, baixa absor\u00e7\u00e3o de \u00e1gua, excelente resist\u00eancia a altas temperaturas e alta press\u00e3o e forte resist\u00eancia \u00e0 corros\u00e3o contra \u00e1cidos, \u00e1lcalis e certos solventes org\u00e2nicos.<br \/>\nSuportam as varia\u00e7\u00f5es de temperatura durante os processos industriais.<br \/>\nA principal fun\u00e7\u00e3o das esferas cer\u00e2micas inertes \u00e9 melhorar a distribui\u00e7\u00e3o de g\u00e1s ou l\u00edquido, ao mesmo tempo que suportam e protegem os catalisadores de ativa\u00e7\u00e3o de baixa resist\u00eancia, assegurando um funcionamento eficiente e uma vida \u00fatil prolongada.<\/p>\n<h2>Carater\u00edstica<\/h2>\n<ul>\n<li>Teor de alumina: 65%-75%, proporcionando um equil\u00edbrio entre resist\u00eancia e economia.<\/li>\n<li>Elevada resist\u00eancia mec\u00e2nica e boa resist\u00eancia ao desgaste.<\/li>\n<li>Excelente estabilidade t\u00e9rmica e resist\u00eancia \u00e0 corros\u00e3o.<\/li>\n<li>A superf\u00edcie lisa garante uma baixa abras\u00e3o do equipamento.<\/li>\n<li>Dispon\u00edvel numa vasta gama de di\u00e2metros para diversas aplica\u00e7\u00f5es de retifica\u00e7\u00e3o e suporte.<\/li>\n<\/ul>\n<h2>Especifica\u00e7\u00e3o<\/h2>\n<table border=\"1\" cellspacing=\"0\" cellpadding=\"8\">\n<tbody>\n<tr>\n<th>Im\u00f3veis<\/th>\n<th>Valor<\/th>\n<\/tr>\n<tr>\n<td>Teor de alumina (Al2O3)<\/td>\n<td>65%-75%<\/td>\n<\/tr>\n<tr>\n<td>Densidade a granel<\/td>\n<td>2,2-2,6 g\/cm\u00b3<\/td>\n<\/tr>\n<tr>\n<td>Resist\u00eancia ao esmagamento<\/td>\n<td>&gt; 4 KN (para \u03a630mm)<\/td>\n<\/tr>\n<tr>\n<td>Absor\u00e7\u00e3o de \u00e1gua<\/td>\n<td>&lt; 0,5%<\/td>\n<\/tr>\n<tr>\n<td>Temperatura de funcionamento<\/td>\n<td>\u2264 1100\u00b0C<\/td>\n<\/tr>\n<tr>\n<td>Tamanhos dispon\u00edveis<\/td>\n<td>\u03a63mm-\u03a650mm<\/td>\n<\/tr>\n<\/tbody>\n<\/table>\n<h2>For\u00e7a de esmagamento<\/h2>\n<table border=\"1\" cellspacing=\"0\" cellpadding=\"8\">\n<tbody>\n<tr>\n<th>Tamanho<\/th>\n<th>Resist\u00eancia ao esmagamento Kgf\/part\u00edcula<\/th>\n<th>Resist\u00eancia ao esmagamento KN\/part\u00edcula<\/th>\n<\/tr>\n<tr>\n<td>1\/8\u2033 (3mm)<\/td>\n<td>&gt;40<\/td>\n<td>&gt;0.4<\/td>\n<\/tr>\n<tr>\n<td>1\/4\u2033 (6mm)<\/td>\n<td>&gt;80<\/td>\n<td>&gt;0.8<\/td>\n<\/tr>\n<tr>\n<td>3\/8\u2033 (10mm)<\/td>\n<td>&gt;190<\/td>\n<td>&gt;1.90<\/td>\n<\/tr>\n<tr>\n<td>1\/2\u2033 (13mm)<\/td>\n<td>&gt;580<\/td>\n<td>&gt;5.8<\/td>\n<\/tr>\n<tr>\n<td>3\/4\u2033 (19mm)<\/td>\n<td>&gt;900<\/td>\n<td>&gt;9.0<\/td>\n<\/tr>\n<tr>\n<td>1\u2033 (25mm)<\/td>\n<td>&gt;1200<\/td>\n<td>&gt;12.0<\/td>\n<\/tr>\n<tr>\n<td>1-1\/2\u2033 (38mm)<\/td>\n<td>&gt;1800<\/td>\n<td>&gt;18.0<\/td>\n<\/tr>\n<tr>\n<td>2\u2033 (50mm)<\/td>\n<td>&gt;2150<\/td>\n<td>&gt;21.5<\/td>\n<\/tr>\n<\/tbody>\n<\/table>\n<h2>Tamanho e toler\u00e2ncia (mm)<\/h2>\n<table border=\"1\" cellspacing=\"0\" cellpadding=\"8\">\n<tbody>\n<tr>\n<th>Tamanho<\/th>\n<th>3\/6\/9<\/th>\n<th>9\/13<\/th>\n<th>19\/25\/38<\/th>\n<th>50<\/th>\n<\/tr>\n<tr>\n<td>Toler\u00e2ncia<\/td>\n<td>\u00b11.0<\/td>\n<td>\u00b11.5<\/td>\n<td>\u00b12<\/td>\n<td>\u00b12.5<\/td>\n<\/tr>\n<\/tbody>\n<\/table>\n<h2>Vantagem<\/h2>\n<p>Em compara\u00e7\u00e3o com os meios de moagem com baixo teor de alumina e alto teor de alumina, as bolas de cer\u00e2mica de alumina m\u00e9dia oferecem uma solu\u00e7\u00e3o econ\u00f3mica<br \/>\npara ind\u00fastrias que exigem tanto desempenho como efici\u00eancia econ\u00f3mica. Oferecem maior durabilidade do que os meios cer\u00e2micos normais<br \/>\nsendo mais econ\u00f3micas do que as esferas de alumina de primeira qualidade. Isto torna-as numa excelente escolha para opera\u00e7\u00f5es de moagem a granel.<\/p>\n<ul>\n<li>Alternativa econ\u00f3mica aos meios de moagem de alta alumina.<\/li>\n<li>Melhora a efici\u00eancia da moagem e reduz os custos de produ\u00e7\u00e3o.<\/li>\n<li>Longa vida \u00fatil e baixa necessidade de manuten\u00e7\u00e3o.<\/li>\n<li>Desempenho est\u00e1vel em funcionamento cont\u00ednuo.<\/li>\n<\/ul>\n<h2>Aplica\u00e7\u00e3o<\/h2>\n<p>As bolas de cer\u00e2mica de alumina m\u00e9dia s\u00e3o amplamente aplicadas em diferentes ind\u00fastrias como bolas de meios cer\u00e2micos e meios de moagem de alumina.<br \/>\nServem como meios de moagem e materiais de suporte de catalisadores. As aplica\u00e7\u00f5es mais comuns incluem:<\/p>\n<ul>\n<li>F\u00e1bricas de cimento - utilizadas como meios de moagem em moinhos de bolas.<\/li>\n<li>Ind\u00fastria cer\u00e2mica - tritura\u00e7\u00e3o e mistura de mat\u00e9rias-primas.<\/li>\n<li>Ind\u00fastria qu\u00edmica - suporte de catalisadores e embalagem de torres.<\/li>\n<li>Explora\u00e7\u00e3o mineira - tritura\u00e7\u00e3o de min\u00e9rio e processamento de minerais.<\/li>\n<li>Petr\u00f3leo e g\u00e1s - meios de suporte em processos de refina\u00e7\u00e3o.<\/li>\n<\/ul>\n<h2>Embalagem<\/h2>\n<p>Para garantir um transporte e armazenamento seguros, as bolas de cer\u00e2mica de alumina m\u00e9dia s\u00e3o embaladas em sacos de tecido resistente, sacos de tonelada ou tambores de a\u00e7o<br \/>\nde acordo com os requisitos do cliente. A embalagem padr\u00e3o inclui:<\/p>\n<ul>\n<li>Saco de tecido de 25 kg com revestimento interior de pl\u00e1stico.<\/li>\n<li>Saco jumbo de 500kg-1000kg para encomendas a granel.<\/li>\n<li>Embalagem personalizada dispon\u00edvel mediante pedido.<\/li>\n<\/ul>","protected":false},"excerpt":{"rendered":"<p>A esfera de cer\u00e2mica de alumina m\u00e9dia com 65%-75% Al2O3 oferece excelente resist\u00eancia ao desgaste, alta resist\u00eancia mec\u00e2nica e estabilidade qu\u00edmica, tornando-a uma escolha ideal para aplica\u00e7\u00f5es industriais. Amplamente utilizada como esferas de meios cer\u00e2micos, meios de moagem de alumina e esferas de alumina, assegura uma moagem eficiente, uma longa vida \u00fatil e baixos custos de manuten\u00e7\u00e3o. Estas esferas de alumina m\u00e9dia s\u00e3o adequadas para moinhos de cimento, produ\u00e7\u00e3o de cer\u00e2mica, processamento qu\u00edmico, minera\u00e7\u00e3o e ind\u00fastrias petrol\u00edferas. A sua superf\u00edcie lisa reduz a abras\u00e3o do equipamento, mantendo um desempenho est\u00e1vel em funcionamento cont\u00ednuo, proporcionando uma solu\u00e7\u00e3o econ\u00f3mica entre os meios de moagem de baixa e alta alumina.<\/p>","protected":false},"featured_media":3035,"parent":0,"template":"","meta":{"_acf_changed":false,"_kad_blocks_custom_css":"","_kad_blocks_head_custom_js":"","_kad_blocks_body_custom_js":"","_kad_blocks_footer_custom_js":"","_kadence_starter_templates_imported_post":false,"_kad_post_transparent":"default","_kad_post_title":"","_kad_post_layout":"default","_kad_post_sidebar_id":"","_kad_post_content_style":"default","_kad_post_vertical_padding":"default","_kad_post_feature":"","_kad_post_feature_position":"","_kad_post_header":false,"_kad_post_footer":false},"pcategory":[27],"ptag":[],"class_list":["post-3032","product","type-product","status-publish","has-post-thumbnail","hentry","pcategory-ceramic-balls"],"acf":[],"yoast_head":"<!-- This site is optimized with the Yoast SEO plugin v27.4 - https:\/\/yoast.com\/product\/yoast-seo-wordpress\/ -->\n<title>Mid-Alumina Ceramic Ball<\/title>\n<meta name=\"robots\" content=\"index, follow, max-snippet:-1, max-image-preview:large, max-video-preview:-1\" \/>\n<link rel=\"canonical\" href=\"https:\/\/cpxzx.com\/pt\/produto\/bola-de-ceramica-de-alumina-media\/\" \/>\n<meta property=\"og:locale\" content=\"pt_PT\" \/>\n<meta property=\"og:type\" content=\"article\" \/>\n<meta property=\"og:title\" content=\"Mid-Alumina Ceramic Ball\" \/>\n<meta property=\"og:description\" content=\"Mid-Alumina Ceramic Ball with 65%-75% Al2O3 offers excellent wear resistance, high mechanical strength, and chemical stability, making it an ideal choice for industrial applications. Widely used as ceramic media balls, alumina grinding media, and alumina spheres, it ensures efficient grinding, long service life, and low maintenance costs. These mid-alumina balls are suitable for cement mills, ceramic production, chemical processing, mining, and petroleum industries. Their smooth surface reduces equipment abrasion while maintaining stable performance under continuous operation, providing a cost-effective solution between low and high alumina grinding media.\" \/>\n<meta property=\"og:url\" content=\"https:\/\/cpxzx.com\/pt\/produto\/bola-de-ceramica-de-alumina-media\/\" \/>\n<meta property=\"og:site_name\" content=\"Cooling Tower Fill, China PVC Fills Manufacturer\" \/>\n<meta property=\"og:image\" content=\"https:\/\/cpxzx.com\/wp-content\/uploads\/2025\/09\/Mid-Alumina-Inert-Ceramic-Balls.jpg\" \/>\n\t<meta property=\"og:image:width\" content=\"550\" \/>\n\t<meta property=\"og:image:height\" content=\"550\" \/>\n\t<meta property=\"og:image:type\" content=\"image\/jpeg\" \/>\n<meta name=\"twitter:card\" content=\"summary_large_image\" \/>\n<meta name=\"twitter:label1\" content=\"Tempo estimado de leitura\" \/>\n\t<meta name=\"twitter:data1\" content=\"3 minutos\" \/>\n<script type=\"application\/ld+json\" class=\"yoast-schema-graph\">{\"@context\":\"https:\\\/\\\/schema.org\",\"@graph\":[{\"@type\":\"WebPage\",\"@id\":\"https:\\\/\\\/cpxzx.com\\\/product\\\/mid-alumina-ceramic-ball\\\/\",\"url\":\"https:\\\/\\\/cpxzx.com\\\/product\\\/mid-alumina-ceramic-ball\\\/\",\"name\":\"Mid-Alumina Ceramic Ball\",\"isPartOf\":{\"@id\":\"https:\\\/\\\/cpxzx.com\\\/#website\"},\"primaryImageOfPage\":{\"@id\":\"https:\\\/\\\/cpxzx.com\\\/product\\\/mid-alumina-ceramic-ball\\\/#primaryimage\"},\"image\":{\"@id\":\"https:\\\/\\\/cpxzx.com\\\/product\\\/mid-alumina-ceramic-ball\\\/#primaryimage\"},\"thumbnailUrl\":\"https:\\\/\\\/cpxzx.com\\\/wp-content\\\/uploads\\\/2025\\\/09\\\/Mid-Alumina-Inert-Ceramic-Balls.jpg\",\"datePublished\":\"2025-09-17T07:42:58+00:00\",\"breadcrumb\":{\"@id\":\"https:\\\/\\\/cpxzx.com\\\/product\\\/mid-alumina-ceramic-ball\\\/#breadcrumb\"},\"inLanguage\":\"pt-PT\",\"potentialAction\":[{\"@type\":\"ReadAction\",\"target\":[\"https:\\\/\\\/cpxzx.com\\\/product\\\/mid-alumina-ceramic-ball\\\/\"]}]},{\"@type\":\"ImageObject\",\"inLanguage\":\"pt-PT\",\"@id\":\"https:\\\/\\\/cpxzx.com\\\/product\\\/mid-alumina-ceramic-ball\\\/#primaryimage\",\"url\":\"https:\\\/\\\/cpxzx.com\\\/wp-content\\\/uploads\\\/2025\\\/09\\\/Mid-Alumina-Inert-Ceramic-Balls.jpg\",\"contentUrl\":\"https:\\\/\\\/cpxzx.com\\\/wp-content\\\/uploads\\\/2025\\\/09\\\/Mid-Alumina-Inert-Ceramic-Balls.jpg\",\"width\":550,\"height\":550,\"caption\":\"Mid-Alumina Inert Ceramic Balls\"},{\"@type\":\"BreadcrumbList\",\"@id\":\"https:\\\/\\\/cpxzx.com\\\/product\\\/mid-alumina-ceramic-ball\\\/#breadcrumb\",\"itemListElement\":[{\"@type\":\"ListItem\",\"position\":1,\"name\":\"Home\",\"item\":\"https:\\\/\\\/cpxzx.com\\\/\"},{\"@type\":\"ListItem\",\"position\":2,\"name\":\"Ceramic Balls\",\"item\":\"https:\\\/\\\/cpxzx.com\\\/pcategory\\\/ceramic-balls\\\/\"},{\"@type\":\"ListItem\",\"position\":3,\"name\":\"Mid-Alumina Ceramic Balls 3-10mm \u2013 Alumina Grinding Media &#038; Inert Porcelain Support Balls\"}]},{\"@type\":\"WebSite\",\"@id\":\"https:\\\/\\\/cpxzx.com\\\/#website\",\"url\":\"https:\\\/\\\/cpxzx.com\\\/\",\"name\":\"Cooling Tower Fill, China PVC Fills Manufacturer\",\"description\":\"\",\"publisher\":{\"@id\":\"https:\\\/\\\/cpxzx.com\\\/#organization\"},\"potentialAction\":[{\"@type\":\"SearchAction\",\"target\":{\"@type\":\"EntryPoint\",\"urlTemplate\":\"https:\\\/\\\/cpxzx.com\\\/?s={search_term_string}\"},\"query-input\":{\"@type\":\"PropertyValueSpecification\",\"valueRequired\":true,\"valueName\":\"search_term_string\"}}],\"inLanguage\":\"pt-PT\"},{\"@type\":\"Organization\",\"@id\":\"https:\\\/\\\/cpxzx.com\\\/#organization\",\"name\":\"Cooling Tower Fill, China PVC Fills Manufacturer\",\"url\":\"https:\\\/\\\/cpxzx.com\\\/\",\"logo\":{\"@type\":\"ImageObject\",\"inLanguage\":\"pt-PT\",\"@id\":\"https:\\\/\\\/cpxzx.com\\\/#\\\/schema\\\/logo\\\/image\\\/\",\"url\":\"https:\\\/\\\/cpxzx.com\\\/wp-content\\\/uploads\\\/2025\\\/07\\\/1751628807-logo.png\",\"contentUrl\":\"https:\\\/\\\/cpxzx.com\\\/wp-content\\\/uploads\\\/2025\\\/07\\\/1751628807-logo.png\",\"width\":383,\"height\":87,\"caption\":\"Cooling Tower Fill, China PVC Fills Manufacturer\"},\"image\":{\"@id\":\"https:\\\/\\\/cpxzx.com\\\/#\\\/schema\\\/logo\\\/image\\\/\"}}]}<\/script>\n<!-- \/ Yoast SEO plugin. -->","yoast_head_json":{"title":"Esfera de cer\u00e2mica de alumina m\u00e9dia","robots":{"index":"index","follow":"follow","max-snippet":"max-snippet:-1","max-image-preview":"max-image-preview:large","max-video-preview":"max-video-preview:-1"},"canonical":"https:\/\/cpxzx.com\/pt\/produto\/bola-de-ceramica-de-alumina-media\/","og_locale":"pt_PT","og_type":"article","og_title":"Mid-Alumina Ceramic Ball","og_description":"Mid-Alumina Ceramic Ball with 65%-75% Al2O3 offers excellent wear resistance, high mechanical strength, and chemical stability, making it an ideal choice for industrial applications. Widely used as ceramic media balls, alumina grinding media, and alumina spheres, it ensures efficient grinding, long service life, and low maintenance costs. These mid-alumina balls are suitable for cement mills, ceramic production, chemical processing, mining, and petroleum industries. Their smooth surface reduces equipment abrasion while maintaining stable performance under continuous operation, providing a cost-effective solution between low and high alumina grinding media.","og_url":"https:\/\/cpxzx.com\/pt\/produto\/bola-de-ceramica-de-alumina-media\/","og_site_name":"Cooling Tower Fill, China PVC Fills Manufacturer","og_image":[{"width":550,"height":550,"url":"https:\/\/cpxzx.com\/wp-content\/uploads\/2025\/09\/Mid-Alumina-Inert-Ceramic-Balls.jpg","type":"image\/jpeg"}],"twitter_card":"summary_large_image","twitter_misc":{"Tempo estimado de leitura":"3 minutos"},"schema":{"@context":"https:\/\/schema.org","@graph":[{"@type":"WebPage","@id":"https:\/\/cpxzx.com\/product\/mid-alumina-ceramic-ball\/","url":"https:\/\/cpxzx.com\/product\/mid-alumina-ceramic-ball\/","name":"Esfera de cer\u00e2mica de alumina m\u00e9dia","isPartOf":{"@id":"https:\/\/cpxzx.com\/#website"},"primaryImageOfPage":{"@id":"https:\/\/cpxzx.com\/product\/mid-alumina-ceramic-ball\/#primaryimage"},"image":{"@id":"https:\/\/cpxzx.com\/product\/mid-alumina-ceramic-ball\/#primaryimage"},"thumbnailUrl":"https:\/\/cpxzx.com\/wp-content\/uploads\/2025\/09\/Mid-Alumina-Inert-Ceramic-Balls.jpg","datePublished":"2025-09-17T07:42:58+00:00","breadcrumb":{"@id":"https:\/\/cpxzx.com\/product\/mid-alumina-ceramic-ball\/#breadcrumb"},"inLanguage":"pt-PT","potentialAction":[{"@type":"ReadAction","target":["https:\/\/cpxzx.com\/product\/mid-alumina-ceramic-ball\/"]}]},{"@type":"ImageObject","inLanguage":"pt-PT","@id":"https:\/\/cpxzx.com\/product\/mid-alumina-ceramic-ball\/#primaryimage","url":"https:\/\/cpxzx.com\/wp-content\/uploads\/2025\/09\/Mid-Alumina-Inert-Ceramic-Balls.jpg","contentUrl":"https:\/\/cpxzx.com\/wp-content\/uploads\/2025\/09\/Mid-Alumina-Inert-Ceramic-Balls.jpg","width":550,"height":550,"caption":"Mid-Alumina Inert Ceramic Balls"},{"@type":"BreadcrumbList","@id":"https:\/\/cpxzx.com\/product\/mid-alumina-ceramic-ball\/#breadcrumb","itemListElement":[{"@type":"ListItem","position":1,"name":"Home","item":"https:\/\/cpxzx.com\/"},{"@type":"ListItem","position":2,"name":"Ceramic Balls","item":"https:\/\/cpxzx.com\/pcategory\/ceramic-balls\/"},{"@type":"ListItem","position":3,"name":"Mid-Alumina Ceramic Balls 3-10mm \u2013 Alumina Grinding Media &#038; Inert Porcelain Support Balls"}]},{"@type":"WebSite","@id":"https:\/\/cpxzx.com\/#website","url":"https:\/\/cpxzx.com\/","name":"Enchimento de Torre de Refrigera\u00e7\u00e3o, Fabricante de Enchimentos de PVC na China","description":"","publisher":{"@id":"https:\/\/cpxzx.com\/#organization"},"potentialAction":[{"@type":"SearchAction","target":{"@type":"EntryPoint","urlTemplate":"https:\/\/cpxzx.com\/?s={search_term_string}"},"query-input":{"@type":"PropertyValueSpecification","valueRequired":true,"valueName":"search_term_string"}}],"inLanguage":"pt-PT"},{"@type":"Organization","@id":"https:\/\/cpxzx.com\/#organization","name":"Enchimento de Torre de Refrigera\u00e7\u00e3o, Fabricante de Enchimentos de PVC na China","url":"https:\/\/cpxzx.com\/","logo":{"@type":"ImageObject","inLanguage":"pt-PT","@id":"https:\/\/cpxzx.com\/#\/schema\/logo\/image\/","url":"https:\/\/cpxzx.com\/wp-content\/uploads\/2025\/07\/1751628807-logo.png","contentUrl":"https:\/\/cpxzx.com\/wp-content\/uploads\/2025\/07\/1751628807-logo.png","width":383,"height":87,"caption":"Cooling Tower Fill, China PVC Fills Manufacturer"},"image":{"@id":"https:\/\/cpxzx.com\/#\/schema\/logo\/image\/"}}]}},"taxonomy_info":{"pcategory":[{"value":27,"label":"Ceramic Balls"}]},"featured_image_src_large":["https:\/\/cpxzx.com\/wp-content\/uploads\/2025\/09\/Mid-Alumina-Inert-Ceramic-Balls.jpg",550,550,false],"author_info":[],"comment_info":"","_links":{"self":[{"href":"https:\/\/cpxzx.com\/pt\/wp-json\/wp\/v2\/product\/3032","targetHints":{"allow":["GET"]}}],"collection":[{"href":"https:\/\/cpxzx.com\/pt\/wp-json\/wp\/v2\/product"}],"about":[{"href":"https:\/\/cpxzx.com\/pt\/wp-json\/wp\/v2\/types\/product"}],"wp:featuredmedia":[{"embeddable":true,"href":"https:\/\/cpxzx.com\/pt\/wp-json\/wp\/v2\/media\/3035"}],"wp:attachment":[{"href":"https:\/\/cpxzx.com\/pt\/wp-json\/wp\/v2\/media?parent=3032"}],"wp:term":[{"taxonomy":"pcategory","embeddable":true,"href":"https:\/\/cpxzx.com\/pt\/wp-json\/wp\/v2\/pcategory?post=3032"},{"taxonomy":"ptag","embeddable":true,"href":"https:\/\/cpxzx.com\/pt\/wp-json\/wp\/v2\/ptag?post=3032"}],"curies":[{"name":"wp","href":"https:\/\/api.w.org\/{rel}","templated":true}]}}