{"id":3026,"date":"2025-09-15T06:58:41","date_gmt":"2025-09-15T06:58:41","guid":{"rendered":"https:\/\/cpxzx.com\/?post_type=product&#038;p=3026"},"modified":"2025-09-15T06:58:41","modified_gmt":"2025-09-15T06:58:41","slug":"porous-ceramic-ball","status":"publish","type":"product","link":"https:\/\/cpxzx.com\/pt\/produto\/porous-ceramic-ball\/","title":{"rendered":"Bola de cer\u00e2mica porosa 3mm 6mm 10mm"},"content":{"rendered":"<p><strong>Bola de cer\u00e2mica porosa<\/strong> \u00e9 um material industrial de alta qualidade feito de alumina refinada e porcelana. Com uma estrutura porosa especial, oferece uma grande \u00e1rea de superf\u00edcie, excelente resist\u00eancia t\u00e9rmica e elevada resist\u00eancia mec\u00e2nica. A esfera \u00e9 amplamente utilizada em aplica\u00e7\u00f5es qu\u00edmicas, petroqu\u00edmicas, de tratamento de \u00e1gua e ambientais. Em compara\u00e7\u00e3o com as bolas de porcelana comuns, a bola de cer\u00e2mica porosa apresenta uma melhor capacidade de adsor\u00e7\u00e3o e uma vida \u00fatil mais longa. Para as ind\u00fastrias que procuram bolas de cer\u00e2mica fi\u00e1veis para venda, este produto \u00e9 a escolha perfeita.<\/p>\n<h2>Carater\u00edstica<\/h2>\n<ul>\n<li>Fabricado em material de alumina e porcelana de alta qualidade.<\/li>\n<li>A estrutura porosa aumenta a \u00e1rea de superf\u00edcie e melhora a efici\u00eancia.<\/li>\n<li>Excelente resist\u00eancia t\u00e9rmica e qu\u00edmica.<\/li>\n<li>Distribui\u00e7\u00e3o uniforme dos poros para um desempenho est\u00e1vel.<\/li>\n<li>Dispon\u00edvel em v\u00e1rios tamanhos para satisfazer diferentes necessidades industriais.<\/li>\n<li>Amplamente reconhecida como uma das bolas de cer\u00e2mica mais dur\u00e1veis para venda.<\/li>\n<\/ul>\n<h2>Especifica\u00e7\u00e3o<\/h2>\n<ul>\n<li>Material: Alumina, porcelana<\/li>\n<li>Porosidade: Distribui\u00e7\u00e3o elevada e uniforme<\/li>\n<li>Tamanhos: 1mm - 50mm (tamanhos personalizados dispon\u00edveis)<\/li>\n<li>Densidade aparente: Estrutura leve mas forte<\/li>\n<li>Forma: Esfera<\/li>\n<li>Cor: branco ou esbranqui\u00e7ado<\/li>\n<\/ul>\n<p>Estas especifica\u00e7\u00f5es tornam a Porous Ceramic Ball mais eficaz do que as bolas de porcelana normais, garantindo uma melhor efici\u00eancia nas aplica\u00e7\u00f5es industriais.<\/p>\n<h2>Vantagem<\/h2>\n<ul>\n<li>Alta resist\u00eancia e longa vida \u00fatil.<\/li>\n<li>Excelente resist\u00eancia a altas temperaturas e \u00e0 corros\u00e3o.<\/li>\n<li>Amigo do ambiente e reutiliz\u00e1vel.<\/li>\n<li>Melhora a distribui\u00e7\u00e3o g\u00e1s-l\u00edquido nas torres.<\/li>\n<li>Custos de substitui\u00e7\u00e3o e manuten\u00e7\u00e3o mais baixos.<\/li>\n<li>Melhor adsor\u00e7\u00e3o e efic\u00e1cia em compara\u00e7\u00e3o com as bolas de porcelana tradicionais.<\/li>\n<\/ul>\n<p>Ao escolher as bolas de cer\u00e2mica para venda, muitos clientes preferem o tipo poroso devido ao seu excelente desempenho e rentabilidade.<\/p>\n<h2>Aplica\u00e7\u00e3o<\/h2>\n<ul>\n<li>Suporte de catalisadores nas ind\u00fastrias qu\u00edmica e petroqu\u00edmica.<\/li>\n<li>Embalagem em torre para processos de absor\u00e7\u00e3o e destila\u00e7\u00e3o.<\/li>\n<li>Projectos de tratamento de \u00e1guas e de prote\u00e7\u00e3o do ambiente.<\/li>\n<li>Sistemas de armazenamento de calor e de poupan\u00e7a de energia.<\/li>\n<li>Meios de moagem em cer\u00e2mica e metalurgia.<\/li>\n<\/ul>\n<p>Quer necessite de esferas de porcelana para a ind\u00fastria em geral ou de esferas de cer\u00e2mica especializadas para venda em grandes projectos, a esfera de cer\u00e2mica porosa \u00e9 uma excelente solu\u00e7\u00e3o.<\/p>\n<h2>Tamanho dispon\u00edvel e resist\u00eancia ao esmagamento<\/h2>\n<table border=\"1\" cellspacing=\"0\" cellpadding=\"6\">\n<thead>\n<tr>\n<th>Tamanho<\/th>\n<th>For\u00e7a de esmagamento<br \/>\n(Kg\/part\u00edcula)<\/th>\n<th>For\u00e7a de esmagamento<br \/>\n(KN\/part\u00edcula)<\/th>\n<\/tr>\n<\/thead>\n<tbody>\n<tr>\n<td>1\/8 polegada (3 mm)<\/td>\n<td>&gt;35<\/td>\n<td>&gt;0.35<\/td>\n<\/tr>\n<tr>\n<td>1\/4 polegada (6mm)<\/td>\n<td>&gt;60<\/td>\n<td>&gt;0.60<\/td>\n<\/tr>\n<tr>\n<td>3\/8 polegadas (10 mm)<\/td>\n<td>&gt;85<\/td>\n<td>&gt;0.85<\/td>\n<\/tr>\n<tr>\n<td>1\/2 polegada (13 mm)<\/td>\n<td>&gt;185<\/td>\n<td>&gt;1.85<\/td>\n<\/tr>\n<tr>\n<td>3\/4 de polegada (19 mm)<\/td>\n<td>&gt;487<\/td>\n<td>&gt;4.87<\/td>\n<\/tr>\n<tr>\n<td>1 polegada (25 mm)<\/td>\n<td>&gt;850<\/td>\n<td>&gt;8.5<\/td>\n<\/tr>\n<tr>\n<td>1-1\/2 polegada (38 mm)<\/td>\n<td>&gt;1200<\/td>\n<td>&gt;12<\/td>\n<\/tr>\n<tr>\n<td>2 polegadas (50 mm)<\/td>\n<td>&gt;5600<\/td>\n<td>&gt;56<\/td>\n<\/tr>\n<\/tbody>\n<\/table>\n<h2>Embalagem<\/h2>\n<p>A bola de cer\u00e2mica porosa \u00e9 normalmente embalada em sacos de tecido, tambores de pl\u00e1stico ou caixas de madeira. A embalagem garante um transporte seguro e um armazenamento a longo prazo. As encomendas a granel est\u00e3o dispon\u00edveis para clientes industriais em todo o mundo. Os clientes que procuram bolas de porcelana duradouras ou bolas de cer\u00e2mica de qualidade superior para venda receber\u00e3o da nossa empresa embalagens fi\u00e1veis e entregas r\u00e1pidas.<\/p>","protected":false},"excerpt":{"rendered":"<p>A bola de cer\u00e2mica perfurada \u00e9 desenvolvida a partir de uma bola de cer\u00e2mica inerte. Oferece uma elevada resist\u00eancia mec\u00e2nica, estabilidade qu\u00edmica e t\u00e9rmica, ao mesmo tempo que proporciona uma maior \u00e1rea de superf\u00edcie e vazios livres. Isto melhora a dispers\u00e3o do fluido, aumenta o fluxo e reduz a resist\u00eancia. Como suporte de catalisador eficiente e material de revestimento, \u00e9 amplamente utilizado nas ind\u00fastrias de refina\u00e7\u00e3o de petr\u00f3leo, qu\u00edmica, de fertilizantes, de g\u00e1s natural e ambiental.<\/p>","protected":false},"featured_media":3027,"parent":0,"template":"","meta":{"_acf_changed":false,"_kad_blocks_custom_css":"","_kad_blocks_head_custom_js":"","_kad_blocks_body_custom_js":"","_kad_blocks_footer_custom_js":"","_kadence_starter_templates_imported_post":false,"_kad_post_transparent":"default","_kad_post_title":"","_kad_post_layout":"default","_kad_post_sidebar_id":"","_kad_post_content_style":"default","_kad_post_vertical_padding":"default","_kad_post_feature":"","_kad_post_feature_position":"","_kad_post_header":false,"_kad_post_footer":false},"pcategory":[27],"ptag":[],"class_list":["post-3026","product","type-product","status-publish","has-post-thumbnail","hentry","pcategory-ceramic-balls"],"acf":[],"yoast_head":"<!-- This site is optimized with the Yoast SEO plugin v27.4 - https:\/\/yoast.com\/product\/yoast-seo-wordpress\/ -->\n<title>Porous Ceramic Ball<\/title>\n<meta name=\"robots\" content=\"index, follow, max-snippet:-1, max-image-preview:large, max-video-preview:-1\" \/>\n<link rel=\"canonical\" href=\"https:\/\/cpxzx.com\/pt\/produto\/porous-ceramic-ball\/\" \/>\n<meta property=\"og:locale\" content=\"pt_PT\" \/>\n<meta property=\"og:type\" content=\"article\" \/>\n<meta property=\"og:title\" content=\"Porous Ceramic Ball\" \/>\n<meta property=\"og:description\" content=\"Perforated ceramic ball is developed from inert ceramic ball. It offers high mechanical strength, chemical and thermal stability, while providing larger surface area and free voids. This improves fluid dispersion, increases flow, and reduces resistance. As an efficient catalyst support and covering material, it is widely used in oil refining, chemical, fertilizer, natural gas, and environmental industries.\" \/>\n<meta property=\"og:url\" content=\"https:\/\/cpxzx.com\/pt\/produto\/porous-ceramic-ball\/\" \/>\n<meta property=\"og:site_name\" content=\"Cooling Tower Fill, China PVC Fills Manufacturer\" \/>\n<meta property=\"og:image\" content=\"https:\/\/cpxzx.com\/wp-content\/uploads\/2025\/09\/Porous-Ceramic-Ball.jpg\" \/>\n\t<meta property=\"og:image:width\" content=\"470\" \/>\n\t<meta property=\"og:image:height\" content=\"470\" \/>\n\t<meta property=\"og:image:type\" content=\"image\/jpeg\" \/>\n<meta name=\"twitter:card\" content=\"summary_large_image\" \/>\n<meta name=\"twitter:label1\" content=\"Tempo estimado de leitura\" \/>\n\t<meta name=\"twitter:data1\" content=\"2 minutos\" \/>\n<script type=\"application\/ld+json\" class=\"yoast-schema-graph\">{\"@context\":\"https:\\\/\\\/schema.org\",\"@graph\":[{\"@type\":\"WebPage\",\"@id\":\"https:\\\/\\\/cpxzx.com\\\/product\\\/porous-ceramic-ball\\\/\",\"url\":\"https:\\\/\\\/cpxzx.com\\\/product\\\/porous-ceramic-ball\\\/\",\"name\":\"Porous Ceramic Ball\",\"isPartOf\":{\"@id\":\"https:\\\/\\\/cpxzx.com\\\/#website\"},\"primaryImageOfPage\":{\"@id\":\"https:\\\/\\\/cpxzx.com\\\/product\\\/porous-ceramic-ball\\\/#primaryimage\"},\"image\":{\"@id\":\"https:\\\/\\\/cpxzx.com\\\/product\\\/porous-ceramic-ball\\\/#primaryimage\"},\"thumbnailUrl\":\"https:\\\/\\\/cpxzx.com\\\/wp-content\\\/uploads\\\/2025\\\/09\\\/Porous-Ceramic-Ball.jpg\",\"datePublished\":\"2025-09-15T06:58:41+00:00\",\"breadcrumb\":{\"@id\":\"https:\\\/\\\/cpxzx.com\\\/product\\\/porous-ceramic-ball\\\/#breadcrumb\"},\"inLanguage\":\"pt-PT\",\"potentialAction\":[{\"@type\":\"ReadAction\",\"target\":[\"https:\\\/\\\/cpxzx.com\\\/product\\\/porous-ceramic-ball\\\/\"]}]},{\"@type\":\"ImageObject\",\"inLanguage\":\"pt-PT\",\"@id\":\"https:\\\/\\\/cpxzx.com\\\/product\\\/porous-ceramic-ball\\\/#primaryimage\",\"url\":\"https:\\\/\\\/cpxzx.com\\\/wp-content\\\/uploads\\\/2025\\\/09\\\/Porous-Ceramic-Ball.jpg\",\"contentUrl\":\"https:\\\/\\\/cpxzx.com\\\/wp-content\\\/uploads\\\/2025\\\/09\\\/Porous-Ceramic-Ball.jpg\",\"width\":470,\"height\":470,\"caption\":\"Porous-Ceramic-Ball\"},{\"@type\":\"BreadcrumbList\",\"@id\":\"https:\\\/\\\/cpxzx.com\\\/product\\\/porous-ceramic-ball\\\/#breadcrumb\",\"itemListElement\":[{\"@type\":\"ListItem\",\"position\":1,\"name\":\"Home\",\"item\":\"https:\\\/\\\/cpxzx.com\\\/\"},{\"@type\":\"ListItem\",\"position\":2,\"name\":\"Ceramic Balls\",\"item\":\"https:\\\/\\\/cpxzx.com\\\/pcategory\\\/ceramic-balls\\\/\"},{\"@type\":\"ListItem\",\"position\":3,\"name\":\"3mm 6mm 10mm Porous Ceramic Ball\"}]},{\"@type\":\"WebSite\",\"@id\":\"https:\\\/\\\/cpxzx.com\\\/#website\",\"url\":\"https:\\\/\\\/cpxzx.com\\\/\",\"name\":\"Cooling Tower Fill, China PVC Fills Manufacturer\",\"description\":\"\",\"publisher\":{\"@id\":\"https:\\\/\\\/cpxzx.com\\\/#organization\"},\"potentialAction\":[{\"@type\":\"SearchAction\",\"target\":{\"@type\":\"EntryPoint\",\"urlTemplate\":\"https:\\\/\\\/cpxzx.com\\\/?s={search_term_string}\"},\"query-input\":{\"@type\":\"PropertyValueSpecification\",\"valueRequired\":true,\"valueName\":\"search_term_string\"}}],\"inLanguage\":\"pt-PT\"},{\"@type\":\"Organization\",\"@id\":\"https:\\\/\\\/cpxzx.com\\\/#organization\",\"name\":\"Cooling Tower Fill, China PVC Fills Manufacturer\",\"url\":\"https:\\\/\\\/cpxzx.com\\\/\",\"logo\":{\"@type\":\"ImageObject\",\"inLanguage\":\"pt-PT\",\"@id\":\"https:\\\/\\\/cpxzx.com\\\/#\\\/schema\\\/logo\\\/image\\\/\",\"url\":\"https:\\\/\\\/cpxzx.com\\\/wp-content\\\/uploads\\\/2025\\\/07\\\/1751628807-logo.png\",\"contentUrl\":\"https:\\\/\\\/cpxzx.com\\\/wp-content\\\/uploads\\\/2025\\\/07\\\/1751628807-logo.png\",\"width\":383,\"height\":87,\"caption\":\"Cooling Tower Fill, China PVC Fills Manufacturer\"},\"image\":{\"@id\":\"https:\\\/\\\/cpxzx.com\\\/#\\\/schema\\\/logo\\\/image\\\/\"}}]}<\/script>\n<!-- \/ Yoast SEO plugin. -->","yoast_head_json":{"title":"Bola de cer\u00e2mica porosa","robots":{"index":"index","follow":"follow","max-snippet":"max-snippet:-1","max-image-preview":"max-image-preview:large","max-video-preview":"max-video-preview:-1"},"canonical":"https:\/\/cpxzx.com\/pt\/produto\/porous-ceramic-ball\/","og_locale":"pt_PT","og_type":"article","og_title":"Porous Ceramic Ball","og_description":"Perforated ceramic ball is developed from inert ceramic ball. It offers high mechanical strength, chemical and thermal stability, while providing larger surface area and free voids. This improves fluid dispersion, increases flow, and reduces resistance. As an efficient catalyst support and covering material, it is widely used in oil refining, chemical, fertilizer, natural gas, and environmental industries.","og_url":"https:\/\/cpxzx.com\/pt\/produto\/porous-ceramic-ball\/","og_site_name":"Cooling Tower Fill, China PVC Fills Manufacturer","og_image":[{"width":470,"height":470,"url":"https:\/\/cpxzx.com\/wp-content\/uploads\/2025\/09\/Porous-Ceramic-Ball.jpg","type":"image\/jpeg"}],"twitter_card":"summary_large_image","twitter_misc":{"Tempo estimado de leitura":"2 minutos"},"schema":{"@context":"https:\/\/schema.org","@graph":[{"@type":"WebPage","@id":"https:\/\/cpxzx.com\/product\/porous-ceramic-ball\/","url":"https:\/\/cpxzx.com\/product\/porous-ceramic-ball\/","name":"Bola de cer\u00e2mica porosa","isPartOf":{"@id":"https:\/\/cpxzx.com\/#website"},"primaryImageOfPage":{"@id":"https:\/\/cpxzx.com\/product\/porous-ceramic-ball\/#primaryimage"},"image":{"@id":"https:\/\/cpxzx.com\/product\/porous-ceramic-ball\/#primaryimage"},"thumbnailUrl":"https:\/\/cpxzx.com\/wp-content\/uploads\/2025\/09\/Porous-Ceramic-Ball.jpg","datePublished":"2025-09-15T06:58:41+00:00","breadcrumb":{"@id":"https:\/\/cpxzx.com\/product\/porous-ceramic-ball\/#breadcrumb"},"inLanguage":"pt-PT","potentialAction":[{"@type":"ReadAction","target":["https:\/\/cpxzx.com\/product\/porous-ceramic-ball\/"]}]},{"@type":"ImageObject","inLanguage":"pt-PT","@id":"https:\/\/cpxzx.com\/product\/porous-ceramic-ball\/#primaryimage","url":"https:\/\/cpxzx.com\/wp-content\/uploads\/2025\/09\/Porous-Ceramic-Ball.jpg","contentUrl":"https:\/\/cpxzx.com\/wp-content\/uploads\/2025\/09\/Porous-Ceramic-Ball.jpg","width":470,"height":470,"caption":"Porous-Ceramic-Ball"},{"@type":"BreadcrumbList","@id":"https:\/\/cpxzx.com\/product\/porous-ceramic-ball\/#breadcrumb","itemListElement":[{"@type":"ListItem","position":1,"name":"Home","item":"https:\/\/cpxzx.com\/"},{"@type":"ListItem","position":2,"name":"Ceramic Balls","item":"https:\/\/cpxzx.com\/pcategory\/ceramic-balls\/"},{"@type":"ListItem","position":3,"name":"3mm 6mm 10mm Porous Ceramic Ball"}]},{"@type":"WebSite","@id":"https:\/\/cpxzx.com\/#website","url":"https:\/\/cpxzx.com\/","name":"Enchimento de Torre de Refrigera\u00e7\u00e3o, Fabricante de Enchimentos de PVC na China","description":"","publisher":{"@id":"https:\/\/cpxzx.com\/#organization"},"potentialAction":[{"@type":"SearchAction","target":{"@type":"EntryPoint","urlTemplate":"https:\/\/cpxzx.com\/?s={search_term_string}"},"query-input":{"@type":"PropertyValueSpecification","valueRequired":true,"valueName":"search_term_string"}}],"inLanguage":"pt-PT"},{"@type":"Organization","@id":"https:\/\/cpxzx.com\/#organization","name":"Enchimento de Torre de Refrigera\u00e7\u00e3o, Fabricante de Enchimentos de PVC na China","url":"https:\/\/cpxzx.com\/","logo":{"@type":"ImageObject","inLanguage":"pt-PT","@id":"https:\/\/cpxzx.com\/#\/schema\/logo\/image\/","url":"https:\/\/cpxzx.com\/wp-content\/uploads\/2025\/07\/1751628807-logo.png","contentUrl":"https:\/\/cpxzx.com\/wp-content\/uploads\/2025\/07\/1751628807-logo.png","width":383,"height":87,"caption":"Cooling Tower Fill, China PVC Fills Manufacturer"},"image":{"@id":"https:\/\/cpxzx.com\/#\/schema\/logo\/image\/"}}]}},"taxonomy_info":{"pcategory":[{"value":27,"label":"Ceramic Balls"}]},"featured_image_src_large":["https:\/\/cpxzx.com\/wp-content\/uploads\/2025\/09\/Porous-Ceramic-Ball.jpg",470,470,false],"author_info":[],"comment_info":"","_links":{"self":[{"href":"https:\/\/cpxzx.com\/pt\/wp-json\/wp\/v2\/product\/3026","targetHints":{"allow":["GET"]}}],"collection":[{"href":"https:\/\/cpxzx.com\/pt\/wp-json\/wp\/v2\/product"}],"about":[{"href":"https:\/\/cpxzx.com\/pt\/wp-json\/wp\/v2\/types\/product"}],"wp:featuredmedia":[{"embeddable":true,"href":"https:\/\/cpxzx.com\/pt\/wp-json\/wp\/v2\/media\/3027"}],"wp:attachment":[{"href":"https:\/\/cpxzx.com\/pt\/wp-json\/wp\/v2\/media?parent=3026"}],"wp:term":[{"taxonomy":"pcategory","embeddable":true,"href":"https:\/\/cpxzx.com\/pt\/wp-json\/wp\/v2\/pcategory?post=3026"},{"taxonomy":"ptag","embeddable":true,"href":"https:\/\/cpxzx.com\/pt\/wp-json\/wp\/v2\/ptag?post=3026"}],"curies":[{"name":"wp","href":"https:\/\/api.w.org\/{rel}","templated":true}]}}