{"id":3003,"date":"2025-09-13T07:07:04","date_gmt":"2025-09-13T07:07:04","guid":{"rendered":"https:\/\/cpxzx.com\/?post_type=product&#038;p=3003"},"modified":"2025-09-10T07:20:06","modified_gmt":"2025-09-10T07:20:06","slug":"super-selim-metalico","status":"publish","type":"product","link":"https:\/\/cpxzx.com\/pt\/produto\/super-selim-metalico\/","title":{"rendered":"SS304 SS316 Super Sela Met\u00e1lica para Absor\u00e7\u00e3o e Destila\u00e7\u00e3o"},"content":{"rendered":"<p><strong>Super sela de metal<\/strong> \u00e9 um tipo de embalagem de torre aleat\u00f3ria de alto desempenho. Foi concebido com uma estrutura \u00fanica em forma de sela que combina arcos suaves e grandes aberturas, proporcionando um excelente espa\u00e7o vazio e uma elevada efici\u00eancia de contacto g\u00e1s-l\u00edquido. Comparado com o empacotamento em sela tradicional, o Metal Super Saddle reduz a queda de press\u00e3o, minimiza a canaliza\u00e7\u00e3o e melhora o desempenho da transfer\u00eancia de massa. \u00c9 amplamente utilizado em processos de absor\u00e7\u00e3o, lavagem, remo\u00e7\u00e3o e destila\u00e7\u00e3o.<\/p>\n<h2>Carater\u00edsticas<\/h2>\n<ul>\n<li>Dispon\u00edvel em a\u00e7o carbono, a\u00e7o inoxid\u00e1vel (SS304, SS316, SS316L), alum\u00ednio, tit\u00e2nio, liga Monel e outros materiais.<\/li>\n<li>Elevada resist\u00eancia mec\u00e2nica e resist\u00eancia \u00e0 corros\u00e3o.<\/li>\n<li>Grande \u00edndice de vazios com baixa resist\u00eancia do leito.<\/li>\n<li>O design de arco suave evita o entupimento e a reten\u00e7\u00e3o de l\u00edquidos.<\/li>\n<li>Estrutura leve, f\u00e1cil de instalar e manter.<\/li>\n<\/ul>\n<h2>Vantagens<\/h2>\n<ul>\n<li>Elevada efici\u00eancia de separa\u00e7\u00e3o com excelente desempenho de transfer\u00eancia de massa.<\/li>\n<li>Grande capacidade de produ\u00e7\u00e3o e baixo consumo de energia.<\/li>\n<li>Forte resist\u00eancia \u00e0 incrusta\u00e7\u00e3o e \u00e0 escama\u00e7\u00e3o.<\/li>\n<li>Funcionamento flex\u00edvel em diferentes condi\u00e7\u00f5es de processo.<\/li>\n<li>Solu\u00e7\u00e3o duradoura e econ\u00f3mica para torres industriais.<\/li>\n<\/ul>\n<h2>Aplica\u00e7\u00f5es<\/h2>\n<p>A Super Sela Met\u00e1lica \u00e9 amplamente aplicada nas ind\u00fastrias qu\u00edmica, petroqu\u00edmica, de fertilizantes e de prote\u00e7\u00e3o ambiental. \u00c9 utilizado em:<\/p>\n<ul>\n<li>Torres de absor\u00e7\u00e3o<\/li>\n<li>Torres de lavagem<\/li>\n<li>Colunas de decapagem<\/li>\n<li>Torres de destila\u00e7\u00e3o<\/li>\n<li>Sistemas de purifica\u00e7\u00e3o de g\u00e1s<\/li>\n<\/ul>\n<p>\u00c9 especialmente adequado para processos que requerem elevada capacidade com baixa queda de press\u00e3o, tais como sistemas de depura\u00e7\u00e3o e purifica\u00e7\u00e3o de gases em grande escala.<\/p>\n<h2>Propriedades f\u00edsicas e qu\u00edmicas<\/h2>\n<table border=\"1\" cellspacing=\"0\" cellpadding=\"6\">\n<tbody>\n<tr>\n<th>Tamanho (mm)<\/th>\n<th>Contagem a granel (pcs\/m\u00b3)<\/th>\n<th>\u00c1rea de superf\u00edcie espec\u00edfica (m\u00b2\/m\u00b3)<\/th>\n<th>Porosidade (m\u00b3\/m\u00b3)<\/th>\n<th>Densidade a granel (kg\/m\u00b3)<\/th>\n<th>Nota<\/th>\n<\/tr>\n<tr>\n<td>25<\/td>\n<td>51000<\/td>\n<td>210<\/td>\n<td>0.92<\/td>\n<td>420<\/td>\n<td rowspan=\"3\">Pode ser fabricado em a\u00e7o carbono, a\u00e7o inoxid\u00e1vel, alum\u00ednio, tit\u00e2nio, liga Monel e outros materiais especiais de acordo com os requisitos do cliente.<\/td>\n<\/tr>\n<tr>\n<td>38<\/td>\n<td>18500<\/td>\n<td>145<\/td>\n<td>0.94<\/td>\n<td>390<\/td>\n<\/tr>\n<tr>\n<td>50<\/td>\n<td>9300<\/td>\n<td>105<\/td>\n<td>0.95<\/td>\n<td>360<\/td>\n<\/tr>\n<\/tbody>\n<\/table>\n<h2>Embalagem<\/h2>\n<p>O Metal Super Saddle \u00e9 normalmente embalado em sacos de tecido, sacos jumbo ou caixas de madeira. Est\u00e3o dispon\u00edveis embalagens personalizadas para garantir um transporte seguro e um manuseamento f\u00e1cil durante a instala\u00e7\u00e3o.<\/p>","protected":false},"excerpt":{"rendered":"<p>O Metal Super Saddle \u00e9 um tipo avan\u00e7ado de embalagem de torre aleat\u00f3ria com uma estrutura \u00fanica em forma de sela. Os seus arcos suaves e grandes aberturas proporcionam um elevado espa\u00e7o vazio, baixa queda de press\u00e3o e excelente efici\u00eancia de contacto g\u00e1s-l\u00edquido. Em compara\u00e7\u00e3o com os recheios em sela tradicionais, o Metal Super Saddle reduz a canaliza\u00e7\u00e3o, melhora o desempenho da transfer\u00eancia de massa e garante um funcionamento est\u00e1vel em v\u00e1rias condi\u00e7\u00f5es de processo. \u00c9 amplamente utilizado em aplica\u00e7\u00f5es de absor\u00e7\u00e3o, lavagem, decapagem e destila\u00e7\u00e3o nas ind\u00fastrias qu\u00edmica, petroqu\u00edmica e ambiental.<\/p>","protected":false},"featured_media":3005,"parent":0,"template":"","meta":{"_acf_changed":false,"_kad_blocks_custom_css":"","_kad_blocks_head_custom_js":"","_kad_blocks_body_custom_js":"","_kad_blocks_footer_custom_js":"","_kadence_starter_templates_imported_post":false,"_kad_post_transparent":"default","_kad_post_title":"","_kad_post_layout":"default","_kad_post_sidebar_id":"","_kad_post_content_style":"default","_kad_post_vertical_padding":"default","_kad_post_feature":"","_kad_post_feature_position":"","_kad_post_header":false,"_kad_post_footer":false},"pcategory":[22,23],"ptag":[],"class_list":["post-3003","product","type-product","status-publish","has-post-thumbnail","hentry","pcategory-random-packing","pcategory-metal-random-packing"],"acf":[],"yoast_head":"<!-- This site is optimized with the Yoast SEO plugin v27.4 - https:\/\/yoast.com\/product\/yoast-seo-wordpress\/ -->\n<title>Metal Super Saddle<\/title>\n<meta name=\"robots\" content=\"index, follow, max-snippet:-1, max-image-preview:large, max-video-preview:-1\" \/>\n<link rel=\"canonical\" href=\"https:\/\/cpxzx.com\/pt\/produto\/super-selim-metalico\/\" \/>\n<meta property=\"og:locale\" content=\"pt_PT\" \/>\n<meta property=\"og:type\" content=\"article\" \/>\n<meta property=\"og:title\" content=\"Metal Super Saddle\" \/>\n<meta property=\"og:description\" content=\"Metal Super Saddle is an advanced type of random tower packing with a unique saddle-shaped structure. Its smooth arcs and large openings provide high void space, low pressure drop, and excellent gas-liquid contact efficiency. Compared with traditional saddle packings, Metal Super Saddle reduces channeling, enhances mass transfer performance, and ensures stable operation under various process conditions. It is widely used in absorption, scrubbing, stripping, and distillation applications across chemical, petrochemical, and environmental industries.\" \/>\n<meta property=\"og:url\" content=\"https:\/\/cpxzx.com\/pt\/produto\/super-selim-metalico\/\" \/>\n<meta property=\"og:site_name\" content=\"Cooling Tower Fill, China PVC Fills Manufacturer\" \/>\n<meta property=\"og:image\" content=\"https:\/\/cpxzx.com\/wp-content\/uploads\/2025\/09\/304-316L-Metal-Intalox-Super-Saddles.jpg\" \/>\n\t<meta property=\"og:image:width\" content=\"550\" \/>\n\t<meta property=\"og:image:height\" content=\"550\" \/>\n\t<meta property=\"og:image:type\" content=\"image\/jpeg\" \/>\n<meta name=\"twitter:card\" content=\"summary_large_image\" \/>\n<meta name=\"twitter:label1\" content=\"Tempo estimado de leitura\" \/>\n\t<meta name=\"twitter:data1\" content=\"2 minutos\" \/>\n<script type=\"application\/ld+json\" class=\"yoast-schema-graph\">{\"@context\":\"https:\\\/\\\/schema.org\",\"@graph\":[{\"@type\":\"WebPage\",\"@id\":\"https:\\\/\\\/cpxzx.com\\\/product\\\/metal-super-saddle\\\/\",\"url\":\"https:\\\/\\\/cpxzx.com\\\/product\\\/metal-super-saddle\\\/\",\"name\":\"Metal Super Saddle\",\"isPartOf\":{\"@id\":\"https:\\\/\\\/cpxzx.com\\\/#website\"},\"primaryImageOfPage\":{\"@id\":\"https:\\\/\\\/cpxzx.com\\\/product\\\/metal-super-saddle\\\/#primaryimage\"},\"image\":{\"@id\":\"https:\\\/\\\/cpxzx.com\\\/product\\\/metal-super-saddle\\\/#primaryimage\"},\"thumbnailUrl\":\"https:\\\/\\\/cpxzx.com\\\/wp-content\\\/uploads\\\/2025\\\/09\\\/304-316L-Metal-Intalox-Super-Saddles.jpg\",\"datePublished\":\"2025-09-13T07:07:04+00:00\",\"breadcrumb\":{\"@id\":\"https:\\\/\\\/cpxzx.com\\\/product\\\/metal-super-saddle\\\/#breadcrumb\"},\"inLanguage\":\"pt-PT\",\"potentialAction\":[{\"@type\":\"ReadAction\",\"target\":[\"https:\\\/\\\/cpxzx.com\\\/product\\\/metal-super-saddle\\\/\"]}]},{\"@type\":\"ImageObject\",\"inLanguage\":\"pt-PT\",\"@id\":\"https:\\\/\\\/cpxzx.com\\\/product\\\/metal-super-saddle\\\/#primaryimage\",\"url\":\"https:\\\/\\\/cpxzx.com\\\/wp-content\\\/uploads\\\/2025\\\/09\\\/304-316L-Metal-Intalox-Super-Saddles.jpg\",\"contentUrl\":\"https:\\\/\\\/cpxzx.com\\\/wp-content\\\/uploads\\\/2025\\\/09\\\/304-316L-Metal-Intalox-Super-Saddles.jpg\",\"width\":550,\"height\":550,\"caption\":\"304-316L-Metal-Intalox-Super-Saddles\"},{\"@type\":\"BreadcrumbList\",\"@id\":\"https:\\\/\\\/cpxzx.com\\\/product\\\/metal-super-saddle\\\/#breadcrumb\",\"itemListElement\":[{\"@type\":\"ListItem\",\"position\":1,\"name\":\"Home\",\"item\":\"https:\\\/\\\/cpxzx.com\\\/\"},{\"@type\":\"ListItem\",\"position\":2,\"name\":\"Random Packing\",\"item\":\"https:\\\/\\\/cpxzx.com\\\/pcategory\\\/random-packing\\\/\"},{\"@type\":\"ListItem\",\"position\":3,\"name\":\"Metal Random Packing\",\"item\":\"https:\\\/\\\/cpxzx.com\\\/pcategory\\\/random-packing\\\/metal-random-packing\\\/\"},{\"@type\":\"ListItem\",\"position\":4,\"name\":\"SS304 SS316 Metal Super Saddle for Absorption and Distillation\"}]},{\"@type\":\"WebSite\",\"@id\":\"https:\\\/\\\/cpxzx.com\\\/#website\",\"url\":\"https:\\\/\\\/cpxzx.com\\\/\",\"name\":\"Cooling Tower Fill, China PVC Fills Manufacturer\",\"description\":\"\",\"publisher\":{\"@id\":\"https:\\\/\\\/cpxzx.com\\\/#organization\"},\"potentialAction\":[{\"@type\":\"SearchAction\",\"target\":{\"@type\":\"EntryPoint\",\"urlTemplate\":\"https:\\\/\\\/cpxzx.com\\\/?s={search_term_string}\"},\"query-input\":{\"@type\":\"PropertyValueSpecification\",\"valueRequired\":true,\"valueName\":\"search_term_string\"}}],\"inLanguage\":\"pt-PT\"},{\"@type\":\"Organization\",\"@id\":\"https:\\\/\\\/cpxzx.com\\\/#organization\",\"name\":\"Cooling Tower Fill, China PVC Fills Manufacturer\",\"url\":\"https:\\\/\\\/cpxzx.com\\\/\",\"logo\":{\"@type\":\"ImageObject\",\"inLanguage\":\"pt-PT\",\"@id\":\"https:\\\/\\\/cpxzx.com\\\/#\\\/schema\\\/logo\\\/image\\\/\",\"url\":\"https:\\\/\\\/cpxzx.com\\\/wp-content\\\/uploads\\\/2025\\\/07\\\/1751628807-logo.png\",\"contentUrl\":\"https:\\\/\\\/cpxzx.com\\\/wp-content\\\/uploads\\\/2025\\\/07\\\/1751628807-logo.png\",\"width\":383,\"height\":87,\"caption\":\"Cooling Tower Fill, China PVC Fills Manufacturer\"},\"image\":{\"@id\":\"https:\\\/\\\/cpxzx.com\\\/#\\\/schema\\\/logo\\\/image\\\/\"}}]}<\/script>\n<!-- \/ Yoast SEO plugin. -->","yoast_head_json":{"title":"Super sela de metal","robots":{"index":"index","follow":"follow","max-snippet":"max-snippet:-1","max-image-preview":"max-image-preview:large","max-video-preview":"max-video-preview:-1"},"canonical":"https:\/\/cpxzx.com\/pt\/produto\/super-selim-metalico\/","og_locale":"pt_PT","og_type":"article","og_title":"Metal Super Saddle","og_description":"Metal Super Saddle is an advanced type of random tower packing with a unique saddle-shaped structure. Its smooth arcs and large openings provide high void space, low pressure drop, and excellent gas-liquid contact efficiency. Compared with traditional saddle packings, Metal Super Saddle reduces channeling, enhances mass transfer performance, and ensures stable operation under various process conditions. It is widely used in absorption, scrubbing, stripping, and distillation applications across chemical, petrochemical, and environmental industries.","og_url":"https:\/\/cpxzx.com\/pt\/produto\/super-selim-metalico\/","og_site_name":"Cooling Tower Fill, China PVC Fills Manufacturer","og_image":[{"width":550,"height":550,"url":"https:\/\/cpxzx.com\/wp-content\/uploads\/2025\/09\/304-316L-Metal-Intalox-Super-Saddles.jpg","type":"image\/jpeg"}],"twitter_card":"summary_large_image","twitter_misc":{"Tempo estimado de leitura":"2 minutos"},"schema":{"@context":"https:\/\/schema.org","@graph":[{"@type":"WebPage","@id":"https:\/\/cpxzx.com\/product\/metal-super-saddle\/","url":"https:\/\/cpxzx.com\/product\/metal-super-saddle\/","name":"Super sela de metal","isPartOf":{"@id":"https:\/\/cpxzx.com\/#website"},"primaryImageOfPage":{"@id":"https:\/\/cpxzx.com\/product\/metal-super-saddle\/#primaryimage"},"image":{"@id":"https:\/\/cpxzx.com\/product\/metal-super-saddle\/#primaryimage"},"thumbnailUrl":"https:\/\/cpxzx.com\/wp-content\/uploads\/2025\/09\/304-316L-Metal-Intalox-Super-Saddles.jpg","datePublished":"2025-09-13T07:07:04+00:00","breadcrumb":{"@id":"https:\/\/cpxzx.com\/product\/metal-super-saddle\/#breadcrumb"},"inLanguage":"pt-PT","potentialAction":[{"@type":"ReadAction","target":["https:\/\/cpxzx.com\/product\/metal-super-saddle\/"]}]},{"@type":"ImageObject","inLanguage":"pt-PT","@id":"https:\/\/cpxzx.com\/product\/metal-super-saddle\/#primaryimage","url":"https:\/\/cpxzx.com\/wp-content\/uploads\/2025\/09\/304-316L-Metal-Intalox-Super-Saddles.jpg","contentUrl":"https:\/\/cpxzx.com\/wp-content\/uploads\/2025\/09\/304-316L-Metal-Intalox-Super-Saddles.jpg","width":550,"height":550,"caption":"304-316L-Metal-Intalox-Super-Saddles"},{"@type":"BreadcrumbList","@id":"https:\/\/cpxzx.com\/product\/metal-super-saddle\/#breadcrumb","itemListElement":[{"@type":"ListItem","position":1,"name":"Home","item":"https:\/\/cpxzx.com\/"},{"@type":"ListItem","position":2,"name":"Random Packing","item":"https:\/\/cpxzx.com\/pcategory\/random-packing\/"},{"@type":"ListItem","position":3,"name":"Metal Random Packing","item":"https:\/\/cpxzx.com\/pcategory\/random-packing\/metal-random-packing\/"},{"@type":"ListItem","position":4,"name":"SS304 SS316 Metal Super Saddle for Absorption and Distillation"}]},{"@type":"WebSite","@id":"https:\/\/cpxzx.com\/#website","url":"https:\/\/cpxzx.com\/","name":"Enchimento de Torre de Refrigera\u00e7\u00e3o, Fabricante de Enchimentos de PVC na China","description":"","publisher":{"@id":"https:\/\/cpxzx.com\/#organization"},"potentialAction":[{"@type":"SearchAction","target":{"@type":"EntryPoint","urlTemplate":"https:\/\/cpxzx.com\/?s={search_term_string}"},"query-input":{"@type":"PropertyValueSpecification","valueRequired":true,"valueName":"search_term_string"}}],"inLanguage":"pt-PT"},{"@type":"Organization","@id":"https:\/\/cpxzx.com\/#organization","name":"Enchimento de Torre de Refrigera\u00e7\u00e3o, Fabricante de Enchimentos de PVC na China","url":"https:\/\/cpxzx.com\/","logo":{"@type":"ImageObject","inLanguage":"pt-PT","@id":"https:\/\/cpxzx.com\/#\/schema\/logo\/image\/","url":"https:\/\/cpxzx.com\/wp-content\/uploads\/2025\/07\/1751628807-logo.png","contentUrl":"https:\/\/cpxzx.com\/wp-content\/uploads\/2025\/07\/1751628807-logo.png","width":383,"height":87,"caption":"Cooling Tower Fill, China PVC Fills Manufacturer"},"image":{"@id":"https:\/\/cpxzx.com\/#\/schema\/logo\/image\/"}}]}},"taxonomy_info":{"pcategory":[{"value":22,"label":"Random Packing"},{"value":23,"label":"Metal Random Packing"}]},"featured_image_src_large":["https:\/\/cpxzx.com\/wp-content\/uploads\/2025\/09\/304-316L-Metal-Intalox-Super-Saddles.jpg",550,550,false],"author_info":[],"comment_info":"","_links":{"self":[{"href":"https:\/\/cpxzx.com\/pt\/wp-json\/wp\/v2\/product\/3003","targetHints":{"allow":["GET"]}}],"collection":[{"href":"https:\/\/cpxzx.com\/pt\/wp-json\/wp\/v2\/product"}],"about":[{"href":"https:\/\/cpxzx.com\/pt\/wp-json\/wp\/v2\/types\/product"}],"wp:featuredmedia":[{"embeddable":true,"href":"https:\/\/cpxzx.com\/pt\/wp-json\/wp\/v2\/media\/3005"}],"wp:attachment":[{"href":"https:\/\/cpxzx.com\/pt\/wp-json\/wp\/v2\/media?parent=3003"}],"wp:term":[{"taxonomy":"pcategory","embeddable":true,"href":"https:\/\/cpxzx.com\/pt\/wp-json\/wp\/v2\/pcategory?post=3003"},{"taxonomy":"ptag","embeddable":true,"href":"https:\/\/cpxzx.com\/pt\/wp-json\/wp\/v2\/ptag?post=3003"}],"curies":[{"name":"wp","href":"https:\/\/api.w.org\/{rel}","templated":true}]}}