{"id":2998,"date":"2025-09-12T06:18:40","date_gmt":"2025-09-12T06:18:40","guid":{"rendered":"https:\/\/cpxzx.com\/?post_type=product&#038;p=2998"},"modified":"2025-09-10T06:23:33","modified_gmt":"2025-09-10T06:23:33","slug":"super-mini-anel-de-metal","status":"publish","type":"product","link":"https:\/\/cpxzx.com\/pt\/produto\/super-mini-anel-de-metal\/","title":{"rendered":"SS316 Metal Super Mini Ring"},"content":{"rendered":"<p><strong>Super Mini Anel em metal<\/strong> \u00e9 amplamente utilizado nas ind\u00fastrias qu\u00edmica e petroqu\u00edmica pelas suas excelentes vantagens estruturais. A parede fina e o grande r\u00e1cio de vazios permitem um fluxo elevado e uma baixa resist\u00eancia. As suas alhetas sim\u00e9tricas em arco melhoram a distribui\u00e7\u00e3o do l\u00edquido, reduzem a aglomera\u00e7\u00e3o de got\u00edculas e promovem a dispers\u00e3o repetida e a redispers\u00e3o de grupos de got\u00edculas. Este processo \u00fanico aumenta a efici\u00eancia da separa\u00e7\u00e3o, reduz a retro-mistura axial e assegura um funcionamento est\u00e1vel tanto em sistemas g\u00e1s-l\u00edquido como l\u00edquido-l\u00edquido.<\/p>\n<h2>Carater\u00edsticas<\/h2>\n<ul>\n<li>Materiais dispon\u00edveis: a\u00e7o carbono, SS304, SS304L, SS410, SS316, SS316L, etc.<\/li>\n<li>Elevada for\u00e7a de esmagamento e f\u00e1cil de operar<\/li>\n<li>Grande fluxo com baixa queda de press\u00e3o<\/li>\n<li>Elevada efici\u00eancia de separa\u00e7\u00e3o e baixa resist\u00eancia do leito<\/li>\n<li>Funcionamento flex\u00edvel adequado para diferentes aplica\u00e7\u00f5es de transfer\u00eancia de massa<\/li>\n<\/ul>\n<h2>Vantagens<\/h2>\n<ul>\n<li>Grande capacidade de produ\u00e7\u00e3o com baixa queda de press\u00e3o<\/li>\n<li>Elevada efici\u00eancia de transfer\u00eancia de massa<\/li>\n<li>Ampla flexibilidade de funcionamento<\/li>\n<li>Estabilidade melhorada e tend\u00eancia reduzida para a descama\u00e7\u00e3o<\/li>\n<\/ul>\n<h2>Aplica\u00e7\u00f5es<\/h2>\n<p>O Super Mini Ring de metal \u00e9 especialmente adequado para processos de extra\u00e7\u00e3o l\u00edquido-l\u00edquido. As alhetas em arco sim\u00e9trico melhoram a homogeneidade do fluxo, reduzem a aglomera\u00e7\u00e3o de got\u00edculas e aumentam a efici\u00eancia global das torres de extra\u00e7\u00e3o. Tamb\u00e9m \u00e9 amplamente utilizado na separa\u00e7\u00e3o g\u00e1s-l\u00edquido, como torres de absor\u00e7\u00e3o e dessor\u00e7\u00e3o.<\/p>\n<p>Esta embalagem \u00e9 altamente recomendada para colunas de destila\u00e7\u00e3o a v\u00e1cuo, especialmente para o processamento de materiais sens\u00edveis ao calor, facilmente decompostos, facilmente polimerizados e formadores de carbono. \u00c9 normalmente aplicado em engenharia petroqu\u00edmica, produ\u00e7\u00e3o de fertilizantes e ind\u00fastrias de prote\u00e7\u00e3o ambiental. O equipamento t\u00edpico inclui torres de lavagem de vapor, torres de purifica\u00e7\u00e3o e torres de alta press\u00e3o.<\/p>\n<h2>Propriedades f\u00edsicas e qu\u00edmicas<\/h2>\n<table border=\"1\" cellspacing=\"0\" cellpadding=\"6\">\n<tbody>\n<tr>\n<th>Tipo<\/th>\n<th>Especifica\u00e7\u00f5es (mm)<\/th>\n<th>Contagem a granel (pcs\/m\u00b3)<\/th>\n<th>\u00c1rea de superf\u00edcie espec\u00edfica (m\u00b2\/m\u00b3)<\/th>\n<th>Porosidade (m\u00b3\/m\u00b3)<\/th>\n<th>Densidade a granel (kg\/m\u00b3)<\/th>\n<th>Nota<\/th>\n<\/tr>\n<tr>\n<td>16<\/td>\n<td>16\u00d75.5\u00d70.6<\/td>\n<td>378000<\/td>\n<td>348<\/td>\n<td>0.923<\/td>\n<td>492<\/td>\n<td rowspan=\"4\">Pode ser fabricado de acordo com os requisitos do cliente em a\u00e7o-carbono, a\u00e7o inoxid\u00e1vel, cobre, alum\u00ednio, liga Monel, n\u00edquel (Ni) e tit\u00e2nio (Ti).<\/td>\n<\/tr>\n<tr>\n<td>25<\/td>\n<td>25\u00d79.0\u00d70.6<\/td>\n<td>155000<\/td>\n<td>228<\/td>\n<td>0.936<\/td>\n<td>516<\/td>\n<\/tr>\n<tr>\n<td>38<\/td>\n<td>38\u00d712.7\u00d70.8<\/td>\n<td>48000<\/td>\n<td>150<\/td>\n<td>0.95<\/td>\n<td>400<\/td>\n<\/tr>\n<tr>\n<td>50<\/td>\n<td>50\u00d717\u00d70.8<\/td>\n<td>21500<\/td>\n<td>120<\/td>\n<td>0.965<\/td>\n<td>360<\/td>\n<\/tr>\n<\/tbody>\n<\/table>\n<h2>Embalagem<\/h2>\n<p>O Super Mini Anel de Metal \u00e9 normalmente embalado em sacos de tecido, sacos jumbo, ou de acordo com as necessidades do cliente. A embalagem correta garante um transporte e armazenamento seguros antes da instala\u00e7\u00e3o.<\/p>","protected":false},"excerpt":{"rendered":"<p>O Super Mini Anel de Metal, tamb\u00e9m chamado de anel plano de metal, \u00e9 um tipo avan\u00e7ado de embalagem de torre aleat\u00f3ria. Foi concebido com uma estrutura curta de anel aberto e um r\u00e1cio altura\/di\u00e2metro de cerca de 0,2-0,4. As nervuras em arco curvadas para dentro, \u00fanicas, aumentam a resist\u00eancia e a estabilidade, assegurando simultaneamente uma transfer\u00eancia de massa eficiente. Em compara\u00e7\u00e3o com o Pall Ring tradicional, o Super Mini Ring de metal pode melhorar os efeitos de transfer\u00eancia de massa em mais de 20%.<\/p>","protected":false},"featured_media":3001,"parent":0,"template":"","meta":{"_acf_changed":false,"_kad_blocks_custom_css":"","_kad_blocks_head_custom_js":"","_kad_blocks_body_custom_js":"","_kad_blocks_footer_custom_js":"","_kadence_starter_templates_imported_post":false,"_kad_post_transparent":"default","_kad_post_title":"","_kad_post_layout":"default","_kad_post_sidebar_id":"","_kad_post_content_style":"default","_kad_post_vertical_padding":"default","_kad_post_feature":"","_kad_post_feature_position":"","_kad_post_header":false,"_kad_post_footer":false},"pcategory":[22,23],"ptag":[],"class_list":["post-2998","product","type-product","status-publish","has-post-thumbnail","hentry","pcategory-random-packing","pcategory-metal-random-packing"],"acf":[],"yoast_head":"<!-- This site is optimized with the Yoast SEO plugin v27.4 - https:\/\/yoast.com\/product\/yoast-seo-wordpress\/ -->\n<title>Metal Super Mini Ring<\/title>\n<meta name=\"robots\" content=\"index, follow, max-snippet:-1, max-image-preview:large, max-video-preview:-1\" \/>\n<link rel=\"canonical\" href=\"https:\/\/cpxzx.com\/pt\/produto\/super-mini-anel-de-metal\/\" \/>\n<meta property=\"og:locale\" content=\"pt_PT\" \/>\n<meta property=\"og:type\" content=\"article\" \/>\n<meta property=\"og:title\" content=\"Metal Super Mini Ring\" \/>\n<meta property=\"og:description\" content=\"Metal Super Mini Ring, also called metal flat ring, is an advanced type of random tower packing. It is designed with a short open-ring structure and a height-to-diameter ratio of about 0.2\u20130.4. The unique inward-curved arc ribs enhance strength and stability, while also ensuring efficient mass transfer. Compared with traditional Pall Ring, Metal Super Mini Ring can improve mass transfer effects by more than 20%.\" \/>\n<meta property=\"og:url\" content=\"https:\/\/cpxzx.com\/pt\/produto\/super-mini-anel-de-metal\/\" \/>\n<meta property=\"og:site_name\" content=\"Cooling Tower Fill, China PVC Fills Manufacturer\" \/>\n<meta property=\"og:image\" content=\"https:\/\/cpxzx.com\/wp-content\/uploads\/2025\/09\/Tower-Packing-Metal-Super-Mini-Ring.jpg\" \/>\n\t<meta property=\"og:image:width\" content=\"550\" \/>\n\t<meta property=\"og:image:height\" content=\"550\" \/>\n\t<meta property=\"og:image:type\" content=\"image\/jpeg\" \/>\n<meta name=\"twitter:card\" content=\"summary_large_image\" \/>\n<meta name=\"twitter:label1\" content=\"Tempo estimado de leitura\" \/>\n\t<meta name=\"twitter:data1\" content=\"2 minutos\" \/>\n<script type=\"application\/ld+json\" class=\"yoast-schema-graph\">{\"@context\":\"https:\\\/\\\/schema.org\",\"@graph\":[{\"@type\":\"WebPage\",\"@id\":\"https:\\\/\\\/cpxzx.com\\\/product\\\/metal-super-mini-ring\\\/\",\"url\":\"https:\\\/\\\/cpxzx.com\\\/product\\\/metal-super-mini-ring\\\/\",\"name\":\"Metal Super Mini Ring\",\"isPartOf\":{\"@id\":\"https:\\\/\\\/cpxzx.com\\\/#website\"},\"primaryImageOfPage\":{\"@id\":\"https:\\\/\\\/cpxzx.com\\\/product\\\/metal-super-mini-ring\\\/#primaryimage\"},\"image\":{\"@id\":\"https:\\\/\\\/cpxzx.com\\\/product\\\/metal-super-mini-ring\\\/#primaryimage\"},\"thumbnailUrl\":\"https:\\\/\\\/cpxzx.com\\\/wp-content\\\/uploads\\\/2025\\\/09\\\/Tower-Packing-Metal-Super-Mini-Ring.jpg\",\"datePublished\":\"2025-09-12T06:18:40+00:00\",\"breadcrumb\":{\"@id\":\"https:\\\/\\\/cpxzx.com\\\/product\\\/metal-super-mini-ring\\\/#breadcrumb\"},\"inLanguage\":\"pt-PT\",\"potentialAction\":[{\"@type\":\"ReadAction\",\"target\":[\"https:\\\/\\\/cpxzx.com\\\/product\\\/metal-super-mini-ring\\\/\"]}]},{\"@type\":\"ImageObject\",\"inLanguage\":\"pt-PT\",\"@id\":\"https:\\\/\\\/cpxzx.com\\\/product\\\/metal-super-mini-ring\\\/#primaryimage\",\"url\":\"https:\\\/\\\/cpxzx.com\\\/wp-content\\\/uploads\\\/2025\\\/09\\\/Tower-Packing-Metal-Super-Mini-Ring.jpg\",\"contentUrl\":\"https:\\\/\\\/cpxzx.com\\\/wp-content\\\/uploads\\\/2025\\\/09\\\/Tower-Packing-Metal-Super-Mini-Ring.jpg\",\"width\":550,\"height\":550,\"caption\":\"Tower-Packing-Metal-Super-Mini-Ring\"},{\"@type\":\"BreadcrumbList\",\"@id\":\"https:\\\/\\\/cpxzx.com\\\/product\\\/metal-super-mini-ring\\\/#breadcrumb\",\"itemListElement\":[{\"@type\":\"ListItem\",\"position\":1,\"name\":\"Home\",\"item\":\"https:\\\/\\\/cpxzx.com\\\/\"},{\"@type\":\"ListItem\",\"position\":2,\"name\":\"Random Packing\",\"item\":\"https:\\\/\\\/cpxzx.com\\\/pcategory\\\/random-packing\\\/\"},{\"@type\":\"ListItem\",\"position\":3,\"name\":\"Metal Random Packing\",\"item\":\"https:\\\/\\\/cpxzx.com\\\/pcategory\\\/random-packing\\\/metal-random-packing\\\/\"},{\"@type\":\"ListItem\",\"position\":4,\"name\":\"SS316 Metal Super Mini Ring\"}]},{\"@type\":\"WebSite\",\"@id\":\"https:\\\/\\\/cpxzx.com\\\/#website\",\"url\":\"https:\\\/\\\/cpxzx.com\\\/\",\"name\":\"Cooling Tower Fill, China PVC Fills Manufacturer\",\"description\":\"\",\"publisher\":{\"@id\":\"https:\\\/\\\/cpxzx.com\\\/#organization\"},\"potentialAction\":[{\"@type\":\"SearchAction\",\"target\":{\"@type\":\"EntryPoint\",\"urlTemplate\":\"https:\\\/\\\/cpxzx.com\\\/?s={search_term_string}\"},\"query-input\":{\"@type\":\"PropertyValueSpecification\",\"valueRequired\":true,\"valueName\":\"search_term_string\"}}],\"inLanguage\":\"pt-PT\"},{\"@type\":\"Organization\",\"@id\":\"https:\\\/\\\/cpxzx.com\\\/#organization\",\"name\":\"Cooling Tower Fill, China PVC Fills Manufacturer\",\"url\":\"https:\\\/\\\/cpxzx.com\\\/\",\"logo\":{\"@type\":\"ImageObject\",\"inLanguage\":\"pt-PT\",\"@id\":\"https:\\\/\\\/cpxzx.com\\\/#\\\/schema\\\/logo\\\/image\\\/\",\"url\":\"https:\\\/\\\/cpxzx.com\\\/wp-content\\\/uploads\\\/2025\\\/07\\\/1751628807-logo.png\",\"contentUrl\":\"https:\\\/\\\/cpxzx.com\\\/wp-content\\\/uploads\\\/2025\\\/07\\\/1751628807-logo.png\",\"width\":383,\"height\":87,\"caption\":\"Cooling Tower Fill, China PVC Fills Manufacturer\"},\"image\":{\"@id\":\"https:\\\/\\\/cpxzx.com\\\/#\\\/schema\\\/logo\\\/image\\\/\"}}]}<\/script>\n<!-- \/ Yoast SEO plugin. -->","yoast_head_json":{"title":"Super Mini Anel em metal","robots":{"index":"index","follow":"follow","max-snippet":"max-snippet:-1","max-image-preview":"max-image-preview:large","max-video-preview":"max-video-preview:-1"},"canonical":"https:\/\/cpxzx.com\/pt\/produto\/super-mini-anel-de-metal\/","og_locale":"pt_PT","og_type":"article","og_title":"Metal Super Mini Ring","og_description":"Metal Super Mini Ring, also called metal flat ring, is an advanced type of random tower packing. It is designed with a short open-ring structure and a height-to-diameter ratio of about 0.2\u20130.4. The unique inward-curved arc ribs enhance strength and stability, while also ensuring efficient mass transfer. Compared with traditional Pall Ring, Metal Super Mini Ring can improve mass transfer effects by more than 20%.","og_url":"https:\/\/cpxzx.com\/pt\/produto\/super-mini-anel-de-metal\/","og_site_name":"Cooling Tower Fill, China PVC Fills Manufacturer","og_image":[{"width":550,"height":550,"url":"https:\/\/cpxzx.com\/wp-content\/uploads\/2025\/09\/Tower-Packing-Metal-Super-Mini-Ring.jpg","type":"image\/jpeg"}],"twitter_card":"summary_large_image","twitter_misc":{"Tempo estimado de leitura":"2 minutos"},"schema":{"@context":"https:\/\/schema.org","@graph":[{"@type":"WebPage","@id":"https:\/\/cpxzx.com\/product\/metal-super-mini-ring\/","url":"https:\/\/cpxzx.com\/product\/metal-super-mini-ring\/","name":"Super Mini Anel em metal","isPartOf":{"@id":"https:\/\/cpxzx.com\/#website"},"primaryImageOfPage":{"@id":"https:\/\/cpxzx.com\/product\/metal-super-mini-ring\/#primaryimage"},"image":{"@id":"https:\/\/cpxzx.com\/product\/metal-super-mini-ring\/#primaryimage"},"thumbnailUrl":"https:\/\/cpxzx.com\/wp-content\/uploads\/2025\/09\/Tower-Packing-Metal-Super-Mini-Ring.jpg","datePublished":"2025-09-12T06:18:40+00:00","breadcrumb":{"@id":"https:\/\/cpxzx.com\/product\/metal-super-mini-ring\/#breadcrumb"},"inLanguage":"pt-PT","potentialAction":[{"@type":"ReadAction","target":["https:\/\/cpxzx.com\/product\/metal-super-mini-ring\/"]}]},{"@type":"ImageObject","inLanguage":"pt-PT","@id":"https:\/\/cpxzx.com\/product\/metal-super-mini-ring\/#primaryimage","url":"https:\/\/cpxzx.com\/wp-content\/uploads\/2025\/09\/Tower-Packing-Metal-Super-Mini-Ring.jpg","contentUrl":"https:\/\/cpxzx.com\/wp-content\/uploads\/2025\/09\/Tower-Packing-Metal-Super-Mini-Ring.jpg","width":550,"height":550,"caption":"Tower-Packing-Metal-Super-Mini-Ring"},{"@type":"BreadcrumbList","@id":"https:\/\/cpxzx.com\/product\/metal-super-mini-ring\/#breadcrumb","itemListElement":[{"@type":"ListItem","position":1,"name":"Home","item":"https:\/\/cpxzx.com\/"},{"@type":"ListItem","position":2,"name":"Random Packing","item":"https:\/\/cpxzx.com\/pcategory\/random-packing\/"},{"@type":"ListItem","position":3,"name":"Metal Random Packing","item":"https:\/\/cpxzx.com\/pcategory\/random-packing\/metal-random-packing\/"},{"@type":"ListItem","position":4,"name":"SS316 Metal Super Mini Ring"}]},{"@type":"WebSite","@id":"https:\/\/cpxzx.com\/#website","url":"https:\/\/cpxzx.com\/","name":"Enchimento de Torre de Refrigera\u00e7\u00e3o, Fabricante de Enchimentos de PVC na China","description":"","publisher":{"@id":"https:\/\/cpxzx.com\/#organization"},"potentialAction":[{"@type":"SearchAction","target":{"@type":"EntryPoint","urlTemplate":"https:\/\/cpxzx.com\/?s={search_term_string}"},"query-input":{"@type":"PropertyValueSpecification","valueRequired":true,"valueName":"search_term_string"}}],"inLanguage":"pt-PT"},{"@type":"Organization","@id":"https:\/\/cpxzx.com\/#organization","name":"Enchimento de Torre de Refrigera\u00e7\u00e3o, Fabricante de Enchimentos de PVC na China","url":"https:\/\/cpxzx.com\/","logo":{"@type":"ImageObject","inLanguage":"pt-PT","@id":"https:\/\/cpxzx.com\/#\/schema\/logo\/image\/","url":"https:\/\/cpxzx.com\/wp-content\/uploads\/2025\/07\/1751628807-logo.png","contentUrl":"https:\/\/cpxzx.com\/wp-content\/uploads\/2025\/07\/1751628807-logo.png","width":383,"height":87,"caption":"Cooling Tower Fill, China PVC Fills Manufacturer"},"image":{"@id":"https:\/\/cpxzx.com\/#\/schema\/logo\/image\/"}}]}},"taxonomy_info":{"pcategory":[{"value":22,"label":"Random Packing"},{"value":23,"label":"Metal Random Packing"}]},"featured_image_src_large":["https:\/\/cpxzx.com\/wp-content\/uploads\/2025\/09\/Tower-Packing-Metal-Super-Mini-Ring.jpg",550,550,false],"author_info":[],"comment_info":"","_links":{"self":[{"href":"https:\/\/cpxzx.com\/pt\/wp-json\/wp\/v2\/product\/2998","targetHints":{"allow":["GET"]}}],"collection":[{"href":"https:\/\/cpxzx.com\/pt\/wp-json\/wp\/v2\/product"}],"about":[{"href":"https:\/\/cpxzx.com\/pt\/wp-json\/wp\/v2\/types\/product"}],"wp:featuredmedia":[{"embeddable":true,"href":"https:\/\/cpxzx.com\/pt\/wp-json\/wp\/v2\/media\/3001"}],"wp:attachment":[{"href":"https:\/\/cpxzx.com\/pt\/wp-json\/wp\/v2\/media?parent=2998"}],"wp:term":[{"taxonomy":"pcategory","embeddable":true,"href":"https:\/\/cpxzx.com\/pt\/wp-json\/wp\/v2\/pcategory?post=2998"},{"taxonomy":"ptag","embeddable":true,"href":"https:\/\/cpxzx.com\/pt\/wp-json\/wp\/v2\/ptag?post=2998"}],"curies":[{"name":"wp","href":"https:\/\/api.w.org\/{rel}","templated":true}]}}