{"id":2977,"date":"2025-09-11T08:30:27","date_gmt":"2025-09-11T08:30:27","guid":{"rendered":"https:\/\/cpxzx.com\/?post_type=product&#038;p=2977"},"modified":"2025-09-08T03:17:51","modified_gmt":"2025-09-08T03:17:51","slug":"anel-metalico-vsp","status":"publish","type":"product","link":"https:\/\/cpxzx.com\/pt\/produto\/anel-metalico-vsp\/","title":{"rendered":"Anel VSP de Metal Ss304 (25mm 38mm 50mm 76mm)"},"content":{"rendered":"<p><strong>Anel met\u00e1lico VSP<\/strong> (Vertical Spiral Partition Ring), tamb\u00e9m conhecido mundialmente como Mella Ring, \u00e9 uma embalagem aleat\u00f3ria de alta efici\u00eancia amplamente utilizada nas ind\u00fastrias qu\u00edmica e petroqu\u00edmica. Foi concebido com uma estrutura em espiral \u00fanica que proporciona uma simetria geom\u00e9trica uniforme, um elevado \u00edndice de vazios e uma excelente distribui\u00e7\u00e3o de l\u00edquidos. Em compara\u00e7\u00e3o com o tradicional anel met\u00e1lico Pall, o anel met\u00e1lico VSP oferece um rendimento de l\u00edquido e g\u00e1s 15-30% superior, reduzindo a queda de press\u00e3o em 20-30%.<\/p>\n<p>Fabricado em a\u00e7o inoxid\u00e1vel, a\u00e7o carbono ou liga de alum\u00ednio de alta qualidade, o anel met\u00e1lico VSP tem paredes finas, forte resist\u00eancia mec\u00e2nica, alta resist\u00eancia ao calor e resist\u00eancia superior \u00e0 corros\u00e3o. Esta gaxeta especial \u00e9 particularmente eficaz para processos que exigem alta capacidade, baixa resist\u00eancia e excelente efici\u00eancia de separa\u00e7\u00e3o.<\/p>\n<h2>Carater\u00edsticas do anel met\u00e1lico VSP<\/h2>\n<ul>\n<li>Materiais dispon\u00edveis: a\u00e7o carbono, SS304, SS304L, SS316, SS316L, SS410, liga de alum\u00ednio.<\/li>\n<li>Elevada resist\u00eancia ao esmagamento e f\u00e1cil instala\u00e7\u00e3o.<\/li>\n<li>Excelente resist\u00eancia \u00e0 temperatura para condi\u00e7\u00f5es de trabalho dif\u00edceis.<\/li>\n<li>Elevado ponto de inunda\u00e7\u00e3o e baixo ponto de humidade para um funcionamento eficiente.<\/li>\n<li>Grande volume livre e elevada efici\u00eancia de separa\u00e7\u00e3o.<\/li>\n<\/ul>\n<p>Estas carater\u00edsticas tornam o Metal VSP Ring ideal para aplica\u00e7\u00f5es qu\u00edmicas padr\u00e3o e exigentes.<\/p>\n<h2>Especifica\u00e7\u00f5es e desempenho t\u00e9cnico<\/h2>\n<p>A estrutura do anel met\u00e1lico VSP consiste em arcos interiores dobrados uniformemente dispostos alternadamente ao longo da dire\u00e7\u00e3o axial. Esta geometria \u00fanica aumenta a \u00e1rea de contacto entre o l\u00edquido e o g\u00e1s, garantindo uma melhor efici\u00eancia na transfer\u00eancia de massa.<\/p>\n<h3>Par\u00e2metros do produto<\/h3>\n<table border=\"1\" cellspacing=\"0\" cellpadding=\"6\">\n<tbody>\n<tr>\n<th>Especifica\u00e7\u00e3o (mm)<\/th>\n<th>Tamanho (mm)<\/th>\n<th>N\u00fameros a granel (por\/m\u00b3)<\/th>\n<th>\u00c1rea de superf\u00edcie (m\u00b2\/m\u00b3)<\/th>\n<th>Densidade a granel (kg\/m\u00b3)<\/th>\n<th>Volume livre (%)<\/th>\n<th>Fator de embalagem a seco (m-\u00b9)<\/th>\n<\/tr>\n<tr>\n<td>\u03a625<\/td>\n<td>25\u00d725\u00d70.6<\/td>\n<td>59,200<\/td>\n<td>250<\/td>\n<td>420<\/td>\n<td>93<\/td>\n<td>310<\/td>\n<\/tr>\n<tr>\n<td>\u03a638<\/td>\n<td>38\u00d738\u00d70.6<\/td>\n<td>14,500<\/td>\n<td>138<\/td>\n<td>350<\/td>\n<td>94.7<\/td>\n<td>163<\/td>\n<\/tr>\n<tr>\n<td>\u03a650<\/td>\n<td>50\u00d750\u00d70.8<\/td>\n<td>7,000<\/td>\n<td>121<\/td>\n<td>300<\/td>\n<td>95<\/td>\n<td>144<\/td>\n<\/tr>\n<tr>\n<td>\u03a676<\/td>\n<td>76\u00d776\u00d71.0<\/td>\n<td>1,950<\/td>\n<td>75<\/td>\n<td>280<\/td>\n<td>95<\/td>\n<td>86<\/td>\n<\/tr>\n<\/tbody>\n<\/table>\n<p>Estes dados mostram que o anel met\u00e1lico VSP proporciona uma elevada \u00e1rea de superf\u00edcie, uma baixa densidade aparente e um excelente volume livre, o que garante uma transfer\u00eancia de massa eficiente e uma queda de press\u00e3o reduzida.<\/p>\n<h2>Vantagens do anel met\u00e1lico VSP<\/h2>\n<ul>\n<li>Parede fina e design leve.<\/li>\n<li>Grande volume livre e elevada capacidade.<\/li>\n<li>Baixa resist\u00eancia, reduzindo o consumo de energia.<\/li>\n<li>Carater\u00edsticas de autolimpeza, evitando incrusta\u00e7\u00f5es e bloqueios.<\/li>\n<li>Excelente resist\u00eancia ao calor, adequada para a destila\u00e7\u00e3o em v\u00e1cuo de materiais sens\u00edveis ao calor.<\/li>\n<li>Longa vida \u00fatil devido a materiais resistentes \u00e0 corros\u00e3o.<\/li>\n<\/ul>\n<p>Ao utilizar o Metal VSP Ring, os utilizadores beneficiam de um desempenho est\u00e1vel, de uma maior produtividade e de custos operacionais reduzidos.<\/p>\n<h2>Aplica\u00e7\u00f5es do anel met\u00e1lico VSP<\/h2>\n<ul>\n<li>Processos de destila\u00e7\u00e3o e absor\u00e7\u00e3o da ind\u00fastria petroqu\u00edmica.<\/li>\n<li>Processamento de g\u00e1s de refinaria e separa\u00e7\u00e3o de hidrocarbonetos.<\/li>\n<li>Sistemas de prote\u00e7\u00e3o do ambiente e de redu\u00e7\u00e3o das emiss\u00f5es.<\/li>\n<li>Produ\u00e7\u00e3o de fertilizantes e processamento de qu\u00edmica fina.<\/li>\n<li>Ind\u00fastria farmac\u00eautica para separa\u00e7\u00e3o de alta pureza.<\/li>\n<li>Novas energias e ind\u00fastrias de materiais avan\u00e7ados.<\/li>\n<\/ul>\n<p>A sua versatilidade faz do Metal VSP Ring a escolha preferida para melhorar a efici\u00eancia em torres de empacotamento, colunas de absor\u00e7\u00e3o e unidades de decapagem.<\/p>\n<h2>Embalagem e fornecimento<\/h2>\n<p>O anel met\u00e1lico VSP \u00e9 cuidadosamente embalado para evitar danos durante o transporte. Pode ser fornecido em sacos de tecido, caixas de cart\u00e3o ou caixas de madeira, dependendo da quantidade da encomenda e dos requisitos do cliente. Tamb\u00e9m est\u00e3o dispon\u00edveis embalagens a granel e solu\u00e7\u00f5es de embalagem personalizadas.<\/p>","protected":false},"excerpt":{"rendered":"<p>O Metal VSP Ring \u00e9 um empanque aleat\u00f3rio de alta efici\u00eancia concebido com parti\u00e7\u00f5es verticais em espiral para uma melhor transfer\u00eancia de massa, baixa queda de press\u00e3o e grande capacidade. Fabricado em a\u00e7o inoxid\u00e1vel, a\u00e7o carbono ou liga de alum\u00ednio, oferece excelente resist\u00eancia \u00e0 corros\u00e3o e durabilidade. Amplamente utilizado em processos de destila\u00e7\u00e3o, absor\u00e7\u00e3o e decapagem, o anel met\u00e1lico VSP \u00e9 ideal para as ind\u00fastrias petroqu\u00edmica, de fertilizantes, farmac\u00eautica e ambiental.<\/p>","protected":false},"featured_media":2979,"parent":0,"template":"","meta":{"_acf_changed":false,"_kad_blocks_custom_css":"","_kad_blocks_head_custom_js":"","_kad_blocks_body_custom_js":"","_kad_blocks_footer_custom_js":"","_kadence_starter_templates_imported_post":false,"_kad_post_transparent":"default","_kad_post_title":"","_kad_post_layout":"default","_kad_post_sidebar_id":"","_kad_post_content_style":"default","_kad_post_vertical_padding":"default","_kad_post_feature":"","_kad_post_feature_position":"","_kad_post_header":false,"_kad_post_footer":false},"pcategory":[22,23],"ptag":[],"class_list":["post-2977","product","type-product","status-publish","has-post-thumbnail","hentry","pcategory-random-packing","pcategory-metal-random-packing"],"acf":[],"yoast_head":"<!-- This site is optimized with the Yoast SEO plugin v27.4 - https:\/\/yoast.com\/product\/yoast-seo-wordpress\/ -->\n<title>Metal VSP Ring-High Efficiency Random Packing Supplier<\/title>\n<meta name=\"robots\" content=\"index, follow, max-snippet:-1, max-image-preview:large, max-video-preview:-1\" \/>\n<link rel=\"canonical\" href=\"https:\/\/cpxzx.com\/pt\/produto\/anel-metalico-vsp\/\" \/>\n<meta property=\"og:locale\" content=\"pt_PT\" \/>\n<meta property=\"og:type\" content=\"article\" \/>\n<meta property=\"og:title\" content=\"Metal VSP Ring-High Efficiency Random Packing Supplier\" \/>\n<meta property=\"og:description\" content=\"Metal VSP Ring is a high-efficiency random packing designed with vertical spiral partitions for improved mass transfer, low pressure drop, and large capacity. Made from stainless steel, carbon steel, or aluminum alloy, it offers excellent corrosion resistance and durability. Widely used in distillation, absorption, and stripping processes, Metal VSP Ring is ideal for petrochemical, fertilizer, pharmaceutical, and environmental industries.\" \/>\n<meta property=\"og:url\" content=\"https:\/\/cpxzx.com\/pt\/produto\/anel-metalico-vsp\/\" \/>\n<meta property=\"og:site_name\" content=\"Cooling Tower Fill, China PVC Fills Manufacturer\" \/>\n<meta property=\"og:image\" content=\"https:\/\/cpxzx.com\/wp-content\/uploads\/2025\/09\/Chemical-Random-Packaging-SS316L-SS304L-Metal-Vsp-Ring.webp.jpg\" \/>\n\t<meta property=\"og:image:width\" content=\"550\" \/>\n\t<meta property=\"og:image:height\" content=\"550\" \/>\n\t<meta property=\"og:image:type\" content=\"image\/jpeg\" \/>\n<meta name=\"twitter:card\" content=\"summary_large_image\" \/>\n<meta name=\"twitter:label1\" content=\"Tempo estimado de leitura\" \/>\n\t<meta name=\"twitter:data1\" content=\"3 minutos\" \/>\n<script type=\"application\/ld+json\" class=\"yoast-schema-graph\">{\"@context\":\"https:\\\/\\\/schema.org\",\"@graph\":[{\"@type\":\"WebPage\",\"@id\":\"https:\\\/\\\/cpxzx.com\\\/product\\\/metal-vsp-ring\\\/\",\"url\":\"https:\\\/\\\/cpxzx.com\\\/product\\\/metal-vsp-ring\\\/\",\"name\":\"Metal VSP Ring-High Efficiency Random Packing Supplier\",\"isPartOf\":{\"@id\":\"https:\\\/\\\/cpxzx.com\\\/#website\"},\"primaryImageOfPage\":{\"@id\":\"https:\\\/\\\/cpxzx.com\\\/product\\\/metal-vsp-ring\\\/#primaryimage\"},\"image\":{\"@id\":\"https:\\\/\\\/cpxzx.com\\\/product\\\/metal-vsp-ring\\\/#primaryimage\"},\"thumbnailUrl\":\"https:\\\/\\\/cpxzx.com\\\/wp-content\\\/uploads\\\/2025\\\/09\\\/Chemical-Random-Packaging-SS316L-SS304L-Metal-Vsp-Ring.webp.jpg\",\"datePublished\":\"2025-09-11T08:30:27+00:00\",\"breadcrumb\":{\"@id\":\"https:\\\/\\\/cpxzx.com\\\/product\\\/metal-vsp-ring\\\/#breadcrumb\"},\"inLanguage\":\"pt-PT\",\"potentialAction\":[{\"@type\":\"ReadAction\",\"target\":[\"https:\\\/\\\/cpxzx.com\\\/product\\\/metal-vsp-ring\\\/\"]}]},{\"@type\":\"ImageObject\",\"inLanguage\":\"pt-PT\",\"@id\":\"https:\\\/\\\/cpxzx.com\\\/product\\\/metal-vsp-ring\\\/#primaryimage\",\"url\":\"https:\\\/\\\/cpxzx.com\\\/wp-content\\\/uploads\\\/2025\\\/09\\\/Chemical-Random-Packaging-SS316L-SS304L-Metal-Vsp-Ring.webp.jpg\",\"contentUrl\":\"https:\\\/\\\/cpxzx.com\\\/wp-content\\\/uploads\\\/2025\\\/09\\\/Chemical-Random-Packaging-SS316L-SS304L-Metal-Vsp-Ring.webp.jpg\",\"width\":550,\"height\":550,\"caption\":\"Ring-Metal-Vsp\"},{\"@type\":\"BreadcrumbList\",\"@id\":\"https:\\\/\\\/cpxzx.com\\\/product\\\/metal-vsp-ring\\\/#breadcrumb\",\"itemListElement\":[{\"@type\":\"ListItem\",\"position\":1,\"name\":\"Home\",\"item\":\"https:\\\/\\\/cpxzx.com\\\/\"},{\"@type\":\"ListItem\",\"position\":2,\"name\":\"Random Packing\",\"item\":\"https:\\\/\\\/cpxzx.com\\\/pcategory\\\/random-packing\\\/\"},{\"@type\":\"ListItem\",\"position\":3,\"name\":\"Metal Random Packing\",\"item\":\"https:\\\/\\\/cpxzx.com\\\/pcategory\\\/random-packing\\\/metal-random-packing\\\/\"},{\"@type\":\"ListItem\",\"position\":4,\"name\":\"Ss304 Metal VSP Ring(25mm 38mm 50mm 76mm)\"}]},{\"@type\":\"WebSite\",\"@id\":\"https:\\\/\\\/cpxzx.com\\\/#website\",\"url\":\"https:\\\/\\\/cpxzx.com\\\/\",\"name\":\"Cooling Tower Fill, China PVC Fills Manufacturer\",\"description\":\"\",\"publisher\":{\"@id\":\"https:\\\/\\\/cpxzx.com\\\/#organization\"},\"potentialAction\":[{\"@type\":\"SearchAction\",\"target\":{\"@type\":\"EntryPoint\",\"urlTemplate\":\"https:\\\/\\\/cpxzx.com\\\/?s={search_term_string}\"},\"query-input\":{\"@type\":\"PropertyValueSpecification\",\"valueRequired\":true,\"valueName\":\"search_term_string\"}}],\"inLanguage\":\"pt-PT\"},{\"@type\":\"Organization\",\"@id\":\"https:\\\/\\\/cpxzx.com\\\/#organization\",\"name\":\"Cooling Tower Fill, China PVC Fills Manufacturer\",\"url\":\"https:\\\/\\\/cpxzx.com\\\/\",\"logo\":{\"@type\":\"ImageObject\",\"inLanguage\":\"pt-PT\",\"@id\":\"https:\\\/\\\/cpxzx.com\\\/#\\\/schema\\\/logo\\\/image\\\/\",\"url\":\"https:\\\/\\\/cpxzx.com\\\/wp-content\\\/uploads\\\/2025\\\/07\\\/1751628807-logo.png\",\"contentUrl\":\"https:\\\/\\\/cpxzx.com\\\/wp-content\\\/uploads\\\/2025\\\/07\\\/1751628807-logo.png\",\"width\":383,\"height\":87,\"caption\":\"Cooling Tower Fill, China PVC Fills Manufacturer\"},\"image\":{\"@id\":\"https:\\\/\\\/cpxzx.com\\\/#\\\/schema\\\/logo\\\/image\\\/\"}}]}<\/script>\n<!-- \/ Yoast SEO plugin. -->","yoast_head_json":{"title":"Fornecedor de Anel de Metal VSP - Embalagem Aleat\u00f3ria de Alta Efici\u00eancia","robots":{"index":"index","follow":"follow","max-snippet":"max-snippet:-1","max-image-preview":"max-image-preview:large","max-video-preview":"max-video-preview:-1"},"canonical":"https:\/\/cpxzx.com\/pt\/produto\/anel-metalico-vsp\/","og_locale":"pt_PT","og_type":"article","og_title":"Metal VSP Ring-High Efficiency Random Packing Supplier","og_description":"Metal VSP Ring is a high-efficiency random packing designed with vertical spiral partitions for improved mass transfer, low pressure drop, and large capacity. Made from stainless steel, carbon steel, or aluminum alloy, it offers excellent corrosion resistance and durability. Widely used in distillation, absorption, and stripping processes, Metal VSP Ring is ideal for petrochemical, fertilizer, pharmaceutical, and environmental industries.","og_url":"https:\/\/cpxzx.com\/pt\/produto\/anel-metalico-vsp\/","og_site_name":"Cooling Tower Fill, China PVC Fills Manufacturer","og_image":[{"width":550,"height":550,"url":"https:\/\/cpxzx.com\/wp-content\/uploads\/2025\/09\/Chemical-Random-Packaging-SS316L-SS304L-Metal-Vsp-Ring.webp.jpg","type":"image\/jpeg"}],"twitter_card":"summary_large_image","twitter_misc":{"Tempo estimado de leitura":"3 minutos"},"schema":{"@context":"https:\/\/schema.org","@graph":[{"@type":"WebPage","@id":"https:\/\/cpxzx.com\/product\/metal-vsp-ring\/","url":"https:\/\/cpxzx.com\/product\/metal-vsp-ring\/","name":"Fornecedor de Anel de Metal VSP - Embalagem Aleat\u00f3ria de Alta Efici\u00eancia","isPartOf":{"@id":"https:\/\/cpxzx.com\/#website"},"primaryImageOfPage":{"@id":"https:\/\/cpxzx.com\/product\/metal-vsp-ring\/#primaryimage"},"image":{"@id":"https:\/\/cpxzx.com\/product\/metal-vsp-ring\/#primaryimage"},"thumbnailUrl":"https:\/\/cpxzx.com\/wp-content\/uploads\/2025\/09\/Chemical-Random-Packaging-SS316L-SS304L-Metal-Vsp-Ring.webp.jpg","datePublished":"2025-09-11T08:30:27+00:00","breadcrumb":{"@id":"https:\/\/cpxzx.com\/product\/metal-vsp-ring\/#breadcrumb"},"inLanguage":"pt-PT","potentialAction":[{"@type":"ReadAction","target":["https:\/\/cpxzx.com\/product\/metal-vsp-ring\/"]}]},{"@type":"ImageObject","inLanguage":"pt-PT","@id":"https:\/\/cpxzx.com\/product\/metal-vsp-ring\/#primaryimage","url":"https:\/\/cpxzx.com\/wp-content\/uploads\/2025\/09\/Chemical-Random-Packaging-SS316L-SS304L-Metal-Vsp-Ring.webp.jpg","contentUrl":"https:\/\/cpxzx.com\/wp-content\/uploads\/2025\/09\/Chemical-Random-Packaging-SS316L-SS304L-Metal-Vsp-Ring.webp.jpg","width":550,"height":550,"caption":"Ring-Metal-Vsp"},{"@type":"BreadcrumbList","@id":"https:\/\/cpxzx.com\/product\/metal-vsp-ring\/#breadcrumb","itemListElement":[{"@type":"ListItem","position":1,"name":"Home","item":"https:\/\/cpxzx.com\/"},{"@type":"ListItem","position":2,"name":"Random Packing","item":"https:\/\/cpxzx.com\/pcategory\/random-packing\/"},{"@type":"ListItem","position":3,"name":"Metal Random Packing","item":"https:\/\/cpxzx.com\/pcategory\/random-packing\/metal-random-packing\/"},{"@type":"ListItem","position":4,"name":"Ss304 Metal VSP Ring(25mm 38mm 50mm 76mm)"}]},{"@type":"WebSite","@id":"https:\/\/cpxzx.com\/#website","url":"https:\/\/cpxzx.com\/","name":"Enchimento de Torre de Refrigera\u00e7\u00e3o, Fabricante de Enchimentos de PVC na China","description":"","publisher":{"@id":"https:\/\/cpxzx.com\/#organization"},"potentialAction":[{"@type":"SearchAction","target":{"@type":"EntryPoint","urlTemplate":"https:\/\/cpxzx.com\/?s={search_term_string}"},"query-input":{"@type":"PropertyValueSpecification","valueRequired":true,"valueName":"search_term_string"}}],"inLanguage":"pt-PT"},{"@type":"Organization","@id":"https:\/\/cpxzx.com\/#organization","name":"Enchimento de Torre de Refrigera\u00e7\u00e3o, Fabricante de Enchimentos de PVC na China","url":"https:\/\/cpxzx.com\/","logo":{"@type":"ImageObject","inLanguage":"pt-PT","@id":"https:\/\/cpxzx.com\/#\/schema\/logo\/image\/","url":"https:\/\/cpxzx.com\/wp-content\/uploads\/2025\/07\/1751628807-logo.png","contentUrl":"https:\/\/cpxzx.com\/wp-content\/uploads\/2025\/07\/1751628807-logo.png","width":383,"height":87,"caption":"Cooling Tower Fill, China PVC Fills Manufacturer"},"image":{"@id":"https:\/\/cpxzx.com\/#\/schema\/logo\/image\/"}}]}},"taxonomy_info":{"pcategory":[{"value":22,"label":"Random Packing"},{"value":23,"label":"Metal Random Packing"}]},"featured_image_src_large":["https:\/\/cpxzx.com\/wp-content\/uploads\/2025\/09\/Chemical-Random-Packaging-SS316L-SS304L-Metal-Vsp-Ring.webp.jpg",550,550,false],"author_info":[],"comment_info":"","_links":{"self":[{"href":"https:\/\/cpxzx.com\/pt\/wp-json\/wp\/v2\/product\/2977","targetHints":{"allow":["GET"]}}],"collection":[{"href":"https:\/\/cpxzx.com\/pt\/wp-json\/wp\/v2\/product"}],"about":[{"href":"https:\/\/cpxzx.com\/pt\/wp-json\/wp\/v2\/types\/product"}],"wp:featuredmedia":[{"embeddable":true,"href":"https:\/\/cpxzx.com\/pt\/wp-json\/wp\/v2\/media\/2979"}],"wp:attachment":[{"href":"https:\/\/cpxzx.com\/pt\/wp-json\/wp\/v2\/media?parent=2977"}],"wp:term":[{"taxonomy":"pcategory","embeddable":true,"href":"https:\/\/cpxzx.com\/pt\/wp-json\/wp\/v2\/pcategory?post=2977"},{"taxonomy":"ptag","embeddable":true,"href":"https:\/\/cpxzx.com\/pt\/wp-json\/wp\/v2\/ptag?post=2977"}],"curies":[{"name":"wp","href":"https:\/\/api.w.org\/{rel}","templated":true}]}}