{"id":2976,"date":"2025-09-10T09:30:16","date_gmt":"2025-09-10T09:30:16","guid":{"rendered":"https:\/\/cpxzx.com\/?post_type=product&#038;p=2976"},"modified":"2025-09-07T07:32:10","modified_gmt":"2025-09-07T07:32:10","slug":"anel-de-metal-para-nozes","status":"publish","type":"product","link":"https:\/\/cpxzx.com\/pt\/produto\/anel-de-metal-para-nozes\/","title":{"rendered":"Anel de porca de metal (SS304, SS316, SS316L, SS410)"},"content":{"rendered":"<p>O <strong>Anel de metal para porcas<\/strong> foi concebido por Dale Nutter em 1984 como um novo tipo de empacotamento aleat\u00f3rio de alto desempenho.<br \/>\nTem um design \u00fanico em forma de sela com nervuras refor\u00e7adas em ambos os lados e v\u00e1rios orif\u00edcios na parte de tr\u00e1s.<br \/>\nEsta estrutura especial melhora a utiliza\u00e7\u00e3o da superf\u00edcie e aumenta a efici\u00eancia nos processos de transfer\u00eancia de massa.<\/p>\n<p>Em compara\u00e7\u00e3o com os empanques tradicionais, o anel de porca met\u00e1lico proporciona uma elevada resist\u00eancia mec\u00e2nica e uma excelente distribui\u00e7\u00e3o de l\u00edquidos,<br \/>\ne um contacto de superf\u00edcie superior. Estas carater\u00edsticas permitem camas mais curtas, menor queda de press\u00e3o e maior efici\u00eancia operacional.<br \/>\n\u00c9 amplamente aplicado em torres de secagem, torres de absor\u00e7\u00e3o e torres de lavagem.<\/p>\n<p>Como um fabricante profissional de embalagens aleat\u00f3rias, n\u00f3s fornecemos An\u00e9is de metal para porcas em a\u00e7o inoxid\u00e1vel (SS304, SS316, SS316L, SS410) e a\u00e7o carbono.<br \/>\nEst\u00e3o dispon\u00edveis diferentes materiais para satisfazer diversos requisitos de processo nas ind\u00fastrias qu\u00edmica, petroqu\u00edmica e ambiental.<\/p>\n<h2>Carater\u00edsticas<\/h2>\n<ul>\n<li>Materiais dispon\u00edveis: Alum\u00ednio, SS304, SS304L, SS316, SS316L, SS410, A\u00e7o carbono.<\/li>\n<li>Elevada capacidade de carga com baixa queda de press\u00e3o.<\/li>\n<li>Excelente resist\u00eancia \u00e0 corros\u00e3o e a altas temperaturas.<\/li>\n<li>Forte resist\u00eancia mec\u00e2nica e longa vida \u00fatil.<\/li>\n<li>Instala\u00e7\u00e3o f\u00e1cil e funcionamento c\u00f3modo.<\/li>\n<li>Elevada efici\u00eancia de separa\u00e7\u00e3o e desempenho fi\u00e1vel.<\/li>\n<\/ul>\n<h2>Especifica\u00e7\u00f5es<\/h2>\n<p>O Metal Nutter Ring \u00e9 classificado como um dos mais eficientes empacotamentos aleat\u00f3rios.<br \/>\nCom uma utiliza\u00e7\u00e3o superior da superf\u00edcie, assegura uma transfer\u00eancia \u00f3ptima de massa e calor, reduzindo os requisitos de altura do leito compactado.<\/p>\n<table class=\"spec-table\">\n<thead>\n<tr>\n<th>Tamanho (mm)<\/th>\n<th>Espessura (mm)<\/th>\n<th>Densidade a granel (kg\/m\u00b3)<\/th>\n<th>N\u00famero (por m\u00b3)<\/th>\n<th>Volume livre (%)<\/th>\n<th>\u00c1rea de superf\u00edcie (m\u00b2\/m\u00b3)<\/th>\n<th>Fator de embalagem (m-\u00b9)<\/th>\n<\/tr>\n<\/thead>\n<tbody>\n<tr>\n<td>15<\/td>\n<td>0.25<\/td>\n<td>280<\/td>\n<td>347000<\/td>\n<td>96.5<\/td>\n<td>305<\/td>\n<td>167<\/td>\n<\/tr>\n<tr>\n<td>25<\/td>\n<td>0.3<\/td>\n<td>255<\/td>\n<td>135000<\/td>\n<td>96.8<\/td>\n<td>241<\/td>\n<td>135<\/td>\n<\/tr>\n<tr>\n<td>40<\/td>\n<td>0.4<\/td>\n<td>231<\/td>\n<td>50200<\/td>\n<td>97.1<\/td>\n<td>161<\/td>\n<td>79<\/td>\n<\/tr>\n<tr>\n<td>50<\/td>\n<td>0.4<\/td>\n<td>149<\/td>\n<td>15000<\/td>\n<td>98.1<\/td>\n<td>104<\/td>\n<td>59<\/td>\n<\/tr>\n<tr>\n<td>60<\/td>\n<td>0.4<\/td>\n<td>142<\/td>\n<td>8400<\/td>\n<td>98.2<\/td>\n<td>85<\/td>\n<td>50<\/td>\n<\/tr>\n<\/tbody>\n<\/table>\n<h2>Vantagens<\/h2>\n<ul>\n<li>Enchimento vers\u00e1til adequado para sistemas de destila\u00e7\u00e3o, absor\u00e7\u00e3o e regenera\u00e7\u00e3o.<\/li>\n<li>Funciona bem tanto em condi\u00e7\u00f5es de v\u00e1cuo profundo como de alta press\u00e3o.<\/li>\n<li>Grande capacidade de produ\u00e7\u00e3o, baixa queda de press\u00e3o e excelente efici\u00eancia de transfer\u00eancia de massa.<\/li>\n<li>Elevada flexibilidade de funcionamento, ideal para torres de pequeno e grande di\u00e2metro.<\/li>\n<li>Desempenho comprovado em opera\u00e7\u00f5es cr\u00edticas em que os tabuleiros convencionais s\u00e3o menos eficientes.<\/li>\n<\/ul>\n<p>Ao escolher o anel de porca met\u00e1lico, os utilizadores beneficiam de um desempenho fi\u00e1vel e de um consumo de energia reduzido,<br \/>\ne uma vida \u00fatil mais longa em compara\u00e7\u00e3o com outros tipos de empanque aleat\u00f3rio.<\/p>\n<h2>Aplica\u00e7\u00f5es<\/h2>\n<ul>\n<li>Torres de destila\u00e7\u00e3o<\/li>\n<li>Torres de absor\u00e7\u00e3o e de lavagem<\/li>\n<li>Sistemas de dessor\u00e7\u00e3o e regenera\u00e7\u00e3o<\/li>\n<li>Processos de engenharia ambiental<\/li>\n<li>Instala\u00e7\u00f5es de tratamento de g\u00e1s e de transforma\u00e7\u00e3o qu\u00edmica<\/li>\n<\/ul>\n<p>A sua estrutura robusta e o seu design avan\u00e7ado fazem dele a escolha preferida para equipamento de transfer\u00eancia de massa em ind\u00fastrias como<br \/>\nrefina\u00e7\u00e3o de petr\u00f3leo, produ\u00e7\u00e3o de fertilizantes qu\u00edmicos e controlo da polui\u00e7\u00e3o atmosf\u00e9rica.<\/p>\n<h2>Embalagem<\/h2>\n<p>Para garantir uma entrega segura, os Metal Nutter Rings s\u00e3o embalados utilizando m\u00e9todos de embalagem profissionais, ecol\u00f3gicos e eficientes.<br \/>\nEst\u00e3o dispon\u00edveis solu\u00e7\u00f5es de embalagem personalizadas para proteger os produtos durante o transporte e o armazenamento.<\/p>","protected":false},"excerpt":{"rendered":"<p>O Metal Nutter Ring foi concebido por Dale Nutter em 1984 como um novo tipo de embalagem aleat\u00f3ria de alto desempenho. Tem um design \u00fanico em forma de sela com nervuras refor\u00e7adas em ambos os lados e v\u00e1rios orif\u00edcios na parte de tr\u00e1s. Esta estrutura especial melhora a utiliza\u00e7\u00e3o da superf\u00edcie e aumenta a efici\u00eancia nos processos de transfer\u00eancia de massa. Em compara\u00e7\u00e3o com as embalagens tradicionais,...<\/p>","protected":false},"featured_media":0,"parent":0,"template":"","meta":{"_acf_changed":false,"_kad_blocks_custom_css":"","_kad_blocks_head_custom_js":"","_kad_blocks_body_custom_js":"","_kad_blocks_footer_custom_js":"","_kadence_starter_templates_imported_post":false,"_kad_post_transparent":"default","_kad_post_title":"","_kad_post_layout":"default","_kad_post_sidebar_id":"","_kad_post_content_style":"default","_kad_post_vertical_padding":"default","_kad_post_feature":"","_kad_post_feature_position":"","_kad_post_header":false,"_kad_post_footer":false},"pcategory":[22,23],"ptag":[],"class_list":["post-2976","product","type-product","status-publish","hentry","pcategory-random-packing","pcategory-metal-random-packing"],"acf":[],"yoast_head":"<!-- This site is optimized with the Yoast SEO plugin v27.4 - https:\/\/yoast.com\/product\/yoast-seo-wordpress\/ -->\n<title>Metal Nutter Ring<\/title>\n<meta name=\"robots\" content=\"index, follow, max-snippet:-1, max-image-preview:large, max-video-preview:-1\" \/>\n<link rel=\"canonical\" href=\"https:\/\/cpxzx.com\/pt\/produto\/anel-de-metal-para-nozes\/\" \/>\n<meta property=\"og:locale\" content=\"pt_PT\" \/>\n<meta property=\"og:type\" content=\"article\" \/>\n<meta property=\"og:title\" content=\"Metal Nutter Ring\" \/>\n<meta property=\"og:description\" content=\"The Metal Nutter Ring was designed by Dale Nutter in 1984 as a new type of high-performance random packing. It has a unique saddle-shaped design with flanging reinforced ribs on both sides and several holes on the back. This special structure improves surface utilization and enhances efficiency in mass transfer processes. Compared with traditional packings,...\" \/>\n<meta property=\"og:url\" content=\"https:\/\/cpxzx.com\/pt\/produto\/anel-de-metal-para-nozes\/\" \/>\n<meta property=\"og:site_name\" content=\"Cooling Tower Fill, China PVC Fills Manufacturer\" \/>\n<meta name=\"twitter:card\" content=\"summary_large_image\" \/>\n<meta name=\"twitter:label1\" content=\"Tempo estimado de leitura\" \/>\n\t<meta name=\"twitter:data1\" content=\"2 minutos\" \/>\n<script type=\"application\/ld+json\" class=\"yoast-schema-graph\">{\"@context\":\"https:\\\/\\\/schema.org\",\"@graph\":[{\"@type\":\"WebPage\",\"@id\":\"https:\\\/\\\/cpxzx.com\\\/product\\\/metal-nutter-ring\\\/\",\"url\":\"https:\\\/\\\/cpxzx.com\\\/product\\\/metal-nutter-ring\\\/\",\"name\":\"Metal Nutter Ring\",\"isPartOf\":{\"@id\":\"https:\\\/\\\/cpxzx.com\\\/#website\"},\"datePublished\":\"2025-09-10T09:30:16+00:00\",\"breadcrumb\":{\"@id\":\"https:\\\/\\\/cpxzx.com\\\/product\\\/metal-nutter-ring\\\/#breadcrumb\"},\"inLanguage\":\"pt-PT\",\"potentialAction\":[{\"@type\":\"ReadAction\",\"target\":[\"https:\\\/\\\/cpxzx.com\\\/product\\\/metal-nutter-ring\\\/\"]}]},{\"@type\":\"BreadcrumbList\",\"@id\":\"https:\\\/\\\/cpxzx.com\\\/product\\\/metal-nutter-ring\\\/#breadcrumb\",\"itemListElement\":[{\"@type\":\"ListItem\",\"position\":1,\"name\":\"Home\",\"item\":\"https:\\\/\\\/cpxzx.com\\\/\"},{\"@type\":\"ListItem\",\"position\":2,\"name\":\"Random Packing\",\"item\":\"https:\\\/\\\/cpxzx.com\\\/pcategory\\\/random-packing\\\/\"},{\"@type\":\"ListItem\",\"position\":3,\"name\":\"Metal Random Packing\",\"item\":\"https:\\\/\\\/cpxzx.com\\\/pcategory\\\/random-packing\\\/metal-random-packing\\\/\"},{\"@type\":\"ListItem\",\"position\":4,\"name\":\"Metal Nutter Ring(SS304, SS316, SS316L, SS410)\"}]},{\"@type\":\"WebSite\",\"@id\":\"https:\\\/\\\/cpxzx.com\\\/#website\",\"url\":\"https:\\\/\\\/cpxzx.com\\\/\",\"name\":\"Cooling Tower Fill, China PVC Fills Manufacturer\",\"description\":\"\",\"publisher\":{\"@id\":\"https:\\\/\\\/cpxzx.com\\\/#organization\"},\"potentialAction\":[{\"@type\":\"SearchAction\",\"target\":{\"@type\":\"EntryPoint\",\"urlTemplate\":\"https:\\\/\\\/cpxzx.com\\\/?s={search_term_string}\"},\"query-input\":{\"@type\":\"PropertyValueSpecification\",\"valueRequired\":true,\"valueName\":\"search_term_string\"}}],\"inLanguage\":\"pt-PT\"},{\"@type\":\"Organization\",\"@id\":\"https:\\\/\\\/cpxzx.com\\\/#organization\",\"name\":\"Cooling Tower Fill, China PVC Fills Manufacturer\",\"url\":\"https:\\\/\\\/cpxzx.com\\\/\",\"logo\":{\"@type\":\"ImageObject\",\"inLanguage\":\"pt-PT\",\"@id\":\"https:\\\/\\\/cpxzx.com\\\/#\\\/schema\\\/logo\\\/image\\\/\",\"url\":\"https:\\\/\\\/cpxzx.com\\\/wp-content\\\/uploads\\\/2025\\\/07\\\/1751628807-logo.png\",\"contentUrl\":\"https:\\\/\\\/cpxzx.com\\\/wp-content\\\/uploads\\\/2025\\\/07\\\/1751628807-logo.png\",\"width\":383,\"height\":87,\"caption\":\"Cooling Tower Fill, China PVC Fills Manufacturer\"},\"image\":{\"@id\":\"https:\\\/\\\/cpxzx.com\\\/#\\\/schema\\\/logo\\\/image\\\/\"}}]}<\/script>\n<!-- \/ Yoast SEO plugin. -->","yoast_head_json":{"title":"Anel de metal para porcas","robots":{"index":"index","follow":"follow","max-snippet":"max-snippet:-1","max-image-preview":"max-image-preview:large","max-video-preview":"max-video-preview:-1"},"canonical":"https:\/\/cpxzx.com\/pt\/produto\/anel-de-metal-para-nozes\/","og_locale":"pt_PT","og_type":"article","og_title":"Metal Nutter Ring","og_description":"The Metal Nutter Ring was designed by Dale Nutter in 1984 as a new type of high-performance random packing. It has a unique saddle-shaped design with flanging reinforced ribs on both sides and several holes on the back. This special structure improves surface utilization and enhances efficiency in mass transfer processes. Compared with traditional packings,...","og_url":"https:\/\/cpxzx.com\/pt\/produto\/anel-de-metal-para-nozes\/","og_site_name":"Cooling Tower Fill, China PVC Fills Manufacturer","twitter_card":"summary_large_image","twitter_misc":{"Tempo estimado de leitura":"2 minutos"},"schema":{"@context":"https:\/\/schema.org","@graph":[{"@type":"WebPage","@id":"https:\/\/cpxzx.com\/product\/metal-nutter-ring\/","url":"https:\/\/cpxzx.com\/product\/metal-nutter-ring\/","name":"Anel de metal para porcas","isPartOf":{"@id":"https:\/\/cpxzx.com\/#website"},"datePublished":"2025-09-10T09:30:16+00:00","breadcrumb":{"@id":"https:\/\/cpxzx.com\/product\/metal-nutter-ring\/#breadcrumb"},"inLanguage":"pt-PT","potentialAction":[{"@type":"ReadAction","target":["https:\/\/cpxzx.com\/product\/metal-nutter-ring\/"]}]},{"@type":"BreadcrumbList","@id":"https:\/\/cpxzx.com\/product\/metal-nutter-ring\/#breadcrumb","itemListElement":[{"@type":"ListItem","position":1,"name":"Home","item":"https:\/\/cpxzx.com\/"},{"@type":"ListItem","position":2,"name":"Random Packing","item":"https:\/\/cpxzx.com\/pcategory\/random-packing\/"},{"@type":"ListItem","position":3,"name":"Metal Random Packing","item":"https:\/\/cpxzx.com\/pcategory\/random-packing\/metal-random-packing\/"},{"@type":"ListItem","position":4,"name":"Metal Nutter Ring(SS304, SS316, SS316L, SS410)"}]},{"@type":"WebSite","@id":"https:\/\/cpxzx.com\/#website","url":"https:\/\/cpxzx.com\/","name":"Enchimento de Torre de Refrigera\u00e7\u00e3o, Fabricante de Enchimentos de PVC na China","description":"","publisher":{"@id":"https:\/\/cpxzx.com\/#organization"},"potentialAction":[{"@type":"SearchAction","target":{"@type":"EntryPoint","urlTemplate":"https:\/\/cpxzx.com\/?s={search_term_string}"},"query-input":{"@type":"PropertyValueSpecification","valueRequired":true,"valueName":"search_term_string"}}],"inLanguage":"pt-PT"},{"@type":"Organization","@id":"https:\/\/cpxzx.com\/#organization","name":"Enchimento de Torre de Refrigera\u00e7\u00e3o, Fabricante de Enchimentos de PVC na China","url":"https:\/\/cpxzx.com\/","logo":{"@type":"ImageObject","inLanguage":"pt-PT","@id":"https:\/\/cpxzx.com\/#\/schema\/logo\/image\/","url":"https:\/\/cpxzx.com\/wp-content\/uploads\/2025\/07\/1751628807-logo.png","contentUrl":"https:\/\/cpxzx.com\/wp-content\/uploads\/2025\/07\/1751628807-logo.png","width":383,"height":87,"caption":"Cooling Tower Fill, China PVC Fills Manufacturer"},"image":{"@id":"https:\/\/cpxzx.com\/#\/schema\/logo\/image\/"}}]}},"taxonomy_info":{"pcategory":[{"value":22,"label":"Random Packing"},{"value":23,"label":"Metal Random Packing"}]},"featured_image_src_large":false,"author_info":[],"comment_info":"","_links":{"self":[{"href":"https:\/\/cpxzx.com\/pt\/wp-json\/wp\/v2\/product\/2976","targetHints":{"allow":["GET"]}}],"collection":[{"href":"https:\/\/cpxzx.com\/pt\/wp-json\/wp\/v2\/product"}],"about":[{"href":"https:\/\/cpxzx.com\/pt\/wp-json\/wp\/v2\/types\/product"}],"wp:attachment":[{"href":"https:\/\/cpxzx.com\/pt\/wp-json\/wp\/v2\/media?parent=2976"}],"wp:term":[{"taxonomy":"pcategory","embeddable":true,"href":"https:\/\/cpxzx.com\/pt\/wp-json\/wp\/v2\/pcategory?post=2976"},{"taxonomy":"ptag","embeddable":true,"href":"https:\/\/cpxzx.com\/pt\/wp-json\/wp\/v2\/ptag?post=2976"}],"curies":[{"name":"wp","href":"https:\/\/api.w.org\/{rel}","templated":true}]}}