{"id":2972,"date":"2025-09-09T09:00:02","date_gmt":"2025-09-09T09:00:02","guid":{"rendered":"https:\/\/cpxzx.com\/?post_type=product&#038;p=2972"},"modified":"2025-09-07T07:19:57","modified_gmt":"2025-09-07T07:19:57","slug":"metal-intalox-saddle","status":"publish","type":"product","link":"https:\/\/cpxzx.com\/pt\/produto\/metal-intalox-saddle\/","title":{"rendered":"Sela Intalox met\u00e1lica"},"content":{"rendered":"<p><strong>Sela Intalox met\u00e1lica<\/strong> \u00e9 um tipo de enchimento aleat\u00f3rio altamente eficiente, concebido para melhorar o desempenho das torres de enchimento nas ind\u00fastrias qu\u00edmica, petroqu\u00edmica e ambiental. Foi desenvolvido pela primeira vez pela Norton nos Estados Unidos e, desde ent\u00e3o, ganhou reconhecimento internacional como um dos empacotamentos de torre mais eficazes dispon\u00edveis.<\/p>\n<p>A estrutura da sela Intalox Metal combina as vantagens de design de um anel e de uma sela. O seu corpo em forma de sela com nervuras anulares adicionais proporciona uma elevada resist\u00eancia mec\u00e2nica, reduz o risco de sobreposi\u00e7\u00e3o e aumenta a rigidez. Pequenas garras na superf\u00edcie criam turbul\u00eancia, aumentam o contacto g\u00e1s-l\u00edquido e aumentam a efici\u00eancia da transfer\u00eancia de massa. Esta conce\u00e7\u00e3o permite um desempenho de separa\u00e7\u00e3o superior em compara\u00e7\u00e3o com os enchimentos tradicionais, como os an\u00e9is pall.<\/p>\n<p>A utiliza\u00e7\u00e3o de Metal Intalox Saddle oferece v\u00e1rios benef\u00edcios. A altura da torre pode ser reduzida em at\u00e9 35%, o di\u00e2metro da coluna em 30% e a efici\u00eancia melhorada em 10-30%. Al\u00e9m disso, a queda de press\u00e3o pode ser reduzida em 20-60%, o que diminui o consumo de energia e reduz os custos operacionais. Testes-piloto demonstraram que a ado\u00e7\u00e3o de Metal Intalox Saddle em processos de destila\u00e7\u00e3o pode tamb\u00e9m reduzir o investimento de capital em aproximadamente 20%.<\/p>\n<p>O Metal Intalox Saddle pode ser fabricado a partir de v\u00e1rios materiais para se adequar a diferentes condi\u00e7\u00f5es de trabalho, incluindo a\u00e7o carbono, a\u00e7o inoxid\u00e1vel 304, 304L, 410, 316 e 316L. Esta flexibilidade torna-a adapt\u00e1vel a muitos tipos de ambientes corrosivos ou de alta temperatura.<\/p>\n<h2>Carater\u00edsticas<\/h2>\n<ul>\n<li>Excelente efici\u00eancia de transfer\u00eancia de massa com melhor distribui\u00e7\u00e3o de l\u00edquido e renova\u00e7\u00e3o de pel\u00edcula.<\/li>\n<li>A altura mais curta da cama embalada reduz o tamanho total da torre.<\/li>\n<li>Elevada rela\u00e7\u00e3o resist\u00eancia\/peso, adequada para camas at\u00e9 15 metros de altura.<\/li>\n<li>O empacotamento aleat\u00f3rio uniforme garante um desempenho consistente e previs\u00edvel.<\/li>\n<li>O design de part\u00edculas de fluxo livre facilita a instala\u00e7\u00e3o e a remo\u00e7\u00e3o.<\/li>\n<li>Elevada capacidade com baixa queda de press\u00e3o, mesmo em aplica\u00e7\u00f5es exigentes.<\/li>\n<li>A grande \u00e1rea interfacial melhora o desempenho da separa\u00e7\u00e3o.<\/li>\n<li>Dispon\u00edvel em v\u00e1rios materiais, tais como a\u00e7o-carbono, SS304, SS304L, SS410, SS316 e SS316L.<\/li>\n<\/ul>\n<h2>Especifica\u00e7\u00e3o<\/h2>\n<p>A forma da sela met\u00e1lica Intalox Saddle \u00e9 um h\u00edbrido \u00fanico de designs de anel e sela. Esta vantagem estrutural melhora a distribui\u00e7\u00e3o de g\u00e1s e l\u00edquido no interior da coluna e aumenta o n\u00famero de passagens de g\u00e1s. O resultado \u00e9 uma menor resist\u00eancia, maior rendimento e maior efici\u00eancia em compara\u00e7\u00e3o com os an\u00e9is pall. Devido \u00e0 sua elevada resist\u00eancia e durabilidade, \u00e9 considerado um dos enchimentos aleat\u00f3rios mais utilizados em todo o mundo.<\/p>\n<p>A sela met\u00e1lica Intalox \u00e9 frequentemente utilizada em engenharia petroqu\u00edmica, produ\u00e7\u00e3o de fertilizantes e campos de prote\u00e7\u00e3o ambiental. \u00c9 aplicada em torres de absor\u00e7\u00e3o, torres de purifica\u00e7\u00e3o, torres de lavagem, sistemas de retifica\u00e7\u00e3o e outras colunas de enchimento onde \u00e9 necess\u00e1ria uma elevada efici\u00eancia e fiabilidade.<\/p>\n<h2>Par\u00e2metros t\u00e9cnicos do selim Intalox de metal<\/h2>\n<table border=\"1\" cellspacing=\"0\" cellpadding=\"6\">\n<tbody>\n<tr>\n<th>Tamanho (mm)<\/th>\n<th>Densidade aparente (304, kg\/m\u00b3)<\/th>\n<th>N\u00famero (por m\u00b3)<\/th>\n<th>\u00c1rea de superf\u00edcie (m\u00b2\/m\u00b3)<\/th>\n<th>Volume livre (%)<\/th>\n<th>Fator de empacotamento a seco m-\u00b9<\/th>\n<\/tr>\n<tr>\n<td>15mm 16,5*10,6*0,3<\/td>\n<td>263<\/td>\n<td>324110<\/td>\n<td>275<\/td>\n<td>96.7<\/td>\n<td>304.9<\/td>\n<\/tr>\n<tr>\n<td>25mm 25,9*12,6*0,3<\/td>\n<td>192<\/td>\n<td>127180<\/td>\n<td>344<\/td>\n<td>95.5<\/td>\n<td>393.2<\/td>\n<\/tr>\n<tr>\n<td>40mm 35,4*18,8*0,3<\/td>\n<td>146<\/td>\n<td>51180<\/td>\n<td>151<\/td>\n<td>98.1<\/td>\n<td>159.7<\/td>\n<\/tr>\n<tr>\n<td>50mm 48,5*28,6*0,3<\/td>\n<td>95<\/td>\n<td>15550<\/td>\n<td>97<\/td>\n<td>98.8<\/td>\n<td>101.0<\/td>\n<\/tr>\n<tr>\n<td>50mm 48,5*28,6*0,4<\/td>\n<td>132<\/td>\n<td>15550<\/td>\n<td>97<\/td>\n<td>98.3<\/td>\n<td>102.5<\/td>\n<\/tr>\n<tr>\n<td>60mm 67*37*0,4<\/td>\n<td>113<\/td>\n<td>9000<\/td>\n<td>84<\/td>\n<td>98.6<\/td>\n<td>87.3<\/td>\n<\/tr>\n<tr>\n<td>60mm 67*37*0,5<\/td>\n<td>145<\/td>\n<td>9000<\/td>\n<td>84<\/td>\n<td>98.2<\/td>\n<td>88.4<\/td>\n<\/tr>\n<tr>\n<td>70mm 76,5*42,5*0,4<\/td>\n<td>83<\/td>\n<td>4690<\/td>\n<td>61<\/td>\n<td>99.0<\/td>\n<td>62.9<\/td>\n<\/tr>\n<\/tbody>\n<\/table>\n<h2>Vantagens<\/h2>\n<ul>\n<li>Enchimento aleat\u00f3rio vers\u00e1til adequado para sistemas de destila\u00e7\u00e3o, absor\u00e7\u00e3o, decapagem, regenera\u00e7\u00e3o e dessor\u00e7\u00e3o.<\/li>\n<li>Aplic\u00e1vel tanto em torres de v\u00e1cuo profundo como em colunas de alta press\u00e3o.<\/li>\n<li>Utiliza\u00e7\u00e3o superior da superf\u00edcie e elevada flexibilidade de funcionamento.<\/li>\n<li>Grande capacidade e baixa queda de press\u00e3o em compara\u00e7\u00e3o com os tabuleiros convencionais.<\/li>\n<li>O funcionamento est\u00e1vel reduz o consumo de energia e os custos de funcionamento.<\/li>\n<li>A elevada fiabilidade garante uma longa vida \u00fatil e um desempenho de separa\u00e7\u00e3o consistente.<\/li>\n<\/ul>\n<h2>Aplica\u00e7\u00e3o<\/h2>\n<p>O Metal Intalox Saddle \u00e9 amplamente utilizado numa vasta gama de ind\u00fastrias devido \u00e0 sua efici\u00eancia superior e adaptabilidade. Nas instala\u00e7\u00f5es petroqu\u00edmicas, \u00e9 aplicada em sistemas de separa\u00e7\u00e3o e purifica\u00e7\u00e3o. No tratamento de gases, \u00e9 utilizada para opera\u00e7\u00f5es de absor\u00e7\u00e3o e dessor\u00e7\u00e3o. Tamb\u00e9m se encontra em torres de retifica\u00e7\u00e3o e destila\u00e7\u00e3o para processos de refina\u00e7\u00e3o. Na engenharia ambiental, \u00e9 aplicado em torres de purifica\u00e7\u00e3o e sistemas de tratamento de gases de escape. Al\u00e9m disso, a Sela Metal Intalox \u00e9 um componente essencial na produ\u00e7\u00e3o de fertilizantes e no processamento qu\u00edmico, onde \u00e9 necess\u00e1ria uma efici\u00eancia fi\u00e1vel na transfer\u00eancia de massa.<\/p>\n<h2>Embalagem<\/h2>\n<p>O Metal Intalox Saddle \u00e9 embalado em sacos de tecido dur\u00e1veis, sacos jumbo ou embalagens personalizadas para satisfazer os requisitos do cliente. A embalagem foi concebida para proteger a embalagem de danos durante o transporte e o manuseamento. Tamb\u00e9m garante um armazenamento f\u00e1cil e uma instala\u00e7\u00e3o segura no local do projeto. Podem ser fornecidas embalagens especiais para exporta\u00e7\u00e3o para envios para o estrangeiro, de modo a garantir a integridade do produto aquando da entrega.<\/p>","protected":false},"excerpt":{"rendered":"<p>O Metal Intalox Saddle \u00e9 um tipo eficiente de embalagem aleat\u00f3ria amplamente utilizado nas ind\u00fastrias qu\u00edmica, petroqu\u00edmica e ambiental. O seu design \u00fanico em forma de sela com nervuras adicionadas proporciona uma elevada resist\u00eancia, baixa queda de press\u00e3o e um excelente desempenho de transfer\u00eancia de massa. Em compara\u00e7\u00e3o com os recheios tradicionais, oferece maior capacidade, menor altura da torre e melhor efici\u00eancia de separa\u00e7\u00e3o. O Metal Intalox Saddle est\u00e1 dispon\u00edvel em materiais como a\u00e7o carbono, SS304, SS316 e outros, tornando-o adequado para uma ampla gama de aplica\u00e7\u00f5es, incluindo processos de destila\u00e7\u00e3o, absor\u00e7\u00e3o e purifica\u00e7\u00e3o.<\/p>","protected":false},"featured_media":2973,"parent":0,"template":"","meta":{"_acf_changed":false,"_kad_blocks_custom_css":"","_kad_blocks_head_custom_js":"","_kad_blocks_body_custom_js":"","_kad_blocks_footer_custom_js":"","_kadence_starter_templates_imported_post":false,"_kad_post_transparent":"default","_kad_post_title":"","_kad_post_layout":"default","_kad_post_sidebar_id":"","_kad_post_content_style":"default","_kad_post_vertical_padding":"default","_kad_post_feature":"","_kad_post_feature_position":"","_kad_post_header":false,"_kad_post_footer":false},"pcategory":[22,23],"ptag":[],"class_list":["post-2972","product","type-product","status-publish","has-post-thumbnail","hentry","pcategory-random-packing","pcategory-metal-random-packing"],"acf":[],"yoast_head":"<!-- This site is optimized with the Yoast SEO plugin v27.4 - https:\/\/yoast.com\/product\/yoast-seo-wordpress\/ -->\n<title>Metal Intalox Saddle<\/title>\n<meta name=\"robots\" content=\"index, follow, max-snippet:-1, max-image-preview:large, max-video-preview:-1\" \/>\n<link rel=\"canonical\" href=\"https:\/\/cpxzx.com\/pt\/produto\/metal-intalox-saddle\/\" \/>\n<meta property=\"og:locale\" content=\"pt_PT\" \/>\n<meta property=\"og:type\" content=\"article\" \/>\n<meta property=\"og:title\" content=\"Metal Intalox Saddle\" \/>\n<meta property=\"og:description\" content=\"Metal Intalox Saddle is an efficient type of random packing widely used in chemical, petrochemical, and environmental industries. Its unique saddle-shaped design with added ribs provides high strength, low pressure drop, and excellent mass transfer performance. Compared with traditional packings, it offers higher capacity, shorter tower height, and improved separation efficiency. Metal Intalox Saddle is available in materials such as carbon steel, SS304, SS316, and others, making it suitable for a wide range of applications including distillation, absorption, and purification processes.\" \/>\n<meta property=\"og:url\" content=\"https:\/\/cpxzx.com\/pt\/produto\/metal-intalox-saddle\/\" \/>\n<meta property=\"og:site_name\" content=\"Cooling Tower Fill, China PVC Fills Manufacturer\" \/>\n<meta property=\"og:image\" content=\"https:\/\/cpxzx.com\/wp-content\/uploads\/2025\/09\/Metal-Intalox-Saddle.jpg\" \/>\n\t<meta property=\"og:image:width\" content=\"550\" \/>\n\t<meta property=\"og:image:height\" content=\"550\" \/>\n\t<meta property=\"og:image:type\" content=\"image\/jpeg\" \/>\n<meta name=\"twitter:card\" content=\"summary_large_image\" \/>\n<meta name=\"twitter:label1\" content=\"Tempo estimado de leitura\" \/>\n\t<meta name=\"twitter:data1\" content=\"4 minutos\" \/>\n<script type=\"application\/ld+json\" class=\"yoast-schema-graph\">{\"@context\":\"https:\\\/\\\/schema.org\",\"@graph\":[{\"@type\":\"WebPage\",\"@id\":\"https:\\\/\\\/cpxzx.com\\\/product\\\/metal-intalox-saddle\\\/\",\"url\":\"https:\\\/\\\/cpxzx.com\\\/product\\\/metal-intalox-saddle\\\/\",\"name\":\"Metal Intalox Saddle\",\"isPartOf\":{\"@id\":\"https:\\\/\\\/cpxzx.com\\\/#website\"},\"primaryImageOfPage\":{\"@id\":\"https:\\\/\\\/cpxzx.com\\\/product\\\/metal-intalox-saddle\\\/#primaryimage\"},\"image\":{\"@id\":\"https:\\\/\\\/cpxzx.com\\\/product\\\/metal-intalox-saddle\\\/#primaryimage\"},\"thumbnailUrl\":\"https:\\\/\\\/cpxzx.com\\\/wp-content\\\/uploads\\\/2025\\\/09\\\/Metal-Intalox-Saddle.jpg\",\"datePublished\":\"2025-09-09T09:00:02+00:00\",\"breadcrumb\":{\"@id\":\"https:\\\/\\\/cpxzx.com\\\/product\\\/metal-intalox-saddle\\\/#breadcrumb\"},\"inLanguage\":\"pt-PT\",\"potentialAction\":[{\"@type\":\"ReadAction\",\"target\":[\"https:\\\/\\\/cpxzx.com\\\/product\\\/metal-intalox-saddle\\\/\"]}]},{\"@type\":\"ImageObject\",\"inLanguage\":\"pt-PT\",\"@id\":\"https:\\\/\\\/cpxzx.com\\\/product\\\/metal-intalox-saddle\\\/#primaryimage\",\"url\":\"https:\\\/\\\/cpxzx.com\\\/wp-content\\\/uploads\\\/2025\\\/09\\\/Metal-Intalox-Saddle.jpg\",\"contentUrl\":\"https:\\\/\\\/cpxzx.com\\\/wp-content\\\/uploads\\\/2025\\\/09\\\/Metal-Intalox-Saddle.jpg\",\"width\":550,\"height\":550,\"caption\":\"Metal Intalox Saddle\"},{\"@type\":\"BreadcrumbList\",\"@id\":\"https:\\\/\\\/cpxzx.com\\\/product\\\/metal-intalox-saddle\\\/#breadcrumb\",\"itemListElement\":[{\"@type\":\"ListItem\",\"position\":1,\"name\":\"Home\",\"item\":\"https:\\\/\\\/cpxzx.com\\\/\"},{\"@type\":\"ListItem\",\"position\":2,\"name\":\"Random Packing\",\"item\":\"https:\\\/\\\/cpxzx.com\\\/pcategory\\\/random-packing\\\/\"},{\"@type\":\"ListItem\",\"position\":3,\"name\":\"Metal Random Packing\",\"item\":\"https:\\\/\\\/cpxzx.com\\\/pcategory\\\/random-packing\\\/metal-random-packing\\\/\"},{\"@type\":\"ListItem\",\"position\":4,\"name\":\"Metal Intalox Saddle\"}]},{\"@type\":\"WebSite\",\"@id\":\"https:\\\/\\\/cpxzx.com\\\/#website\",\"url\":\"https:\\\/\\\/cpxzx.com\\\/\",\"name\":\"Cooling Tower Fill, China PVC Fills Manufacturer\",\"description\":\"\",\"publisher\":{\"@id\":\"https:\\\/\\\/cpxzx.com\\\/#organization\"},\"potentialAction\":[{\"@type\":\"SearchAction\",\"target\":{\"@type\":\"EntryPoint\",\"urlTemplate\":\"https:\\\/\\\/cpxzx.com\\\/?s={search_term_string}\"},\"query-input\":{\"@type\":\"PropertyValueSpecification\",\"valueRequired\":true,\"valueName\":\"search_term_string\"}}],\"inLanguage\":\"pt-PT\"},{\"@type\":\"Organization\",\"@id\":\"https:\\\/\\\/cpxzx.com\\\/#organization\",\"name\":\"Cooling Tower Fill, China PVC Fills Manufacturer\",\"url\":\"https:\\\/\\\/cpxzx.com\\\/\",\"logo\":{\"@type\":\"ImageObject\",\"inLanguage\":\"pt-PT\",\"@id\":\"https:\\\/\\\/cpxzx.com\\\/#\\\/schema\\\/logo\\\/image\\\/\",\"url\":\"https:\\\/\\\/cpxzx.com\\\/wp-content\\\/uploads\\\/2025\\\/07\\\/1751628807-logo.png\",\"contentUrl\":\"https:\\\/\\\/cpxzx.com\\\/wp-content\\\/uploads\\\/2025\\\/07\\\/1751628807-logo.png\",\"width\":383,\"height\":87,\"caption\":\"Cooling Tower Fill, China PVC Fills Manufacturer\"},\"image\":{\"@id\":\"https:\\\/\\\/cpxzx.com\\\/#\\\/schema\\\/logo\\\/image\\\/\"}}]}<\/script>\n<!-- \/ Yoast SEO plugin. -->","yoast_head_json":{"title":"Sela Intalox met\u00e1lica","robots":{"index":"index","follow":"follow","max-snippet":"max-snippet:-1","max-image-preview":"max-image-preview:large","max-video-preview":"max-video-preview:-1"},"canonical":"https:\/\/cpxzx.com\/pt\/produto\/metal-intalox-saddle\/","og_locale":"pt_PT","og_type":"article","og_title":"Metal Intalox Saddle","og_description":"Metal Intalox Saddle is an efficient type of random packing widely used in chemical, petrochemical, and environmental industries. Its unique saddle-shaped design with added ribs provides high strength, low pressure drop, and excellent mass transfer performance. Compared with traditional packings, it offers higher capacity, shorter tower height, and improved separation efficiency. Metal Intalox Saddle is available in materials such as carbon steel, SS304, SS316, and others, making it suitable for a wide range of applications including distillation, absorption, and purification processes.","og_url":"https:\/\/cpxzx.com\/pt\/produto\/metal-intalox-saddle\/","og_site_name":"Cooling Tower Fill, China PVC Fills Manufacturer","og_image":[{"width":550,"height":550,"url":"https:\/\/cpxzx.com\/wp-content\/uploads\/2025\/09\/Metal-Intalox-Saddle.jpg","type":"image\/jpeg"}],"twitter_card":"summary_large_image","twitter_misc":{"Tempo estimado de leitura":"4 minutos"},"schema":{"@context":"https:\/\/schema.org","@graph":[{"@type":"WebPage","@id":"https:\/\/cpxzx.com\/product\/metal-intalox-saddle\/","url":"https:\/\/cpxzx.com\/product\/metal-intalox-saddle\/","name":"Sela Intalox met\u00e1lica","isPartOf":{"@id":"https:\/\/cpxzx.com\/#website"},"primaryImageOfPage":{"@id":"https:\/\/cpxzx.com\/product\/metal-intalox-saddle\/#primaryimage"},"image":{"@id":"https:\/\/cpxzx.com\/product\/metal-intalox-saddle\/#primaryimage"},"thumbnailUrl":"https:\/\/cpxzx.com\/wp-content\/uploads\/2025\/09\/Metal-Intalox-Saddle.jpg","datePublished":"2025-09-09T09:00:02+00:00","breadcrumb":{"@id":"https:\/\/cpxzx.com\/product\/metal-intalox-saddle\/#breadcrumb"},"inLanguage":"pt-PT","potentialAction":[{"@type":"ReadAction","target":["https:\/\/cpxzx.com\/product\/metal-intalox-saddle\/"]}]},{"@type":"ImageObject","inLanguage":"pt-PT","@id":"https:\/\/cpxzx.com\/product\/metal-intalox-saddle\/#primaryimage","url":"https:\/\/cpxzx.com\/wp-content\/uploads\/2025\/09\/Metal-Intalox-Saddle.jpg","contentUrl":"https:\/\/cpxzx.com\/wp-content\/uploads\/2025\/09\/Metal-Intalox-Saddle.jpg","width":550,"height":550,"caption":"Metal Intalox Saddle"},{"@type":"BreadcrumbList","@id":"https:\/\/cpxzx.com\/product\/metal-intalox-saddle\/#breadcrumb","itemListElement":[{"@type":"ListItem","position":1,"name":"Home","item":"https:\/\/cpxzx.com\/"},{"@type":"ListItem","position":2,"name":"Random Packing","item":"https:\/\/cpxzx.com\/pcategory\/random-packing\/"},{"@type":"ListItem","position":3,"name":"Metal Random Packing","item":"https:\/\/cpxzx.com\/pcategory\/random-packing\/metal-random-packing\/"},{"@type":"ListItem","position":4,"name":"Metal Intalox Saddle"}]},{"@type":"WebSite","@id":"https:\/\/cpxzx.com\/#website","url":"https:\/\/cpxzx.com\/","name":"Enchimento de Torre de Refrigera\u00e7\u00e3o, Fabricante de Enchimentos de PVC na China","description":"","publisher":{"@id":"https:\/\/cpxzx.com\/#organization"},"potentialAction":[{"@type":"SearchAction","target":{"@type":"EntryPoint","urlTemplate":"https:\/\/cpxzx.com\/?s={search_term_string}"},"query-input":{"@type":"PropertyValueSpecification","valueRequired":true,"valueName":"search_term_string"}}],"inLanguage":"pt-PT"},{"@type":"Organization","@id":"https:\/\/cpxzx.com\/#organization","name":"Enchimento de Torre de Refrigera\u00e7\u00e3o, Fabricante de Enchimentos de PVC na China","url":"https:\/\/cpxzx.com\/","logo":{"@type":"ImageObject","inLanguage":"pt-PT","@id":"https:\/\/cpxzx.com\/#\/schema\/logo\/image\/","url":"https:\/\/cpxzx.com\/wp-content\/uploads\/2025\/07\/1751628807-logo.png","contentUrl":"https:\/\/cpxzx.com\/wp-content\/uploads\/2025\/07\/1751628807-logo.png","width":383,"height":87,"caption":"Cooling Tower Fill, China PVC Fills Manufacturer"},"image":{"@id":"https:\/\/cpxzx.com\/#\/schema\/logo\/image\/"}}]}},"taxonomy_info":{"pcategory":[{"value":22,"label":"Random Packing"},{"value":23,"label":"Metal Random Packing"}]},"featured_image_src_large":["https:\/\/cpxzx.com\/wp-content\/uploads\/2025\/09\/Metal-Intalox-Saddle.jpg",550,550,false],"author_info":[],"comment_info":"","_links":{"self":[{"href":"https:\/\/cpxzx.com\/pt\/wp-json\/wp\/v2\/product\/2972","targetHints":{"allow":["GET"]}}],"collection":[{"href":"https:\/\/cpxzx.com\/pt\/wp-json\/wp\/v2\/product"}],"about":[{"href":"https:\/\/cpxzx.com\/pt\/wp-json\/wp\/v2\/types\/product"}],"wp:featuredmedia":[{"embeddable":true,"href":"https:\/\/cpxzx.com\/pt\/wp-json\/wp\/v2\/media\/2973"}],"wp:attachment":[{"href":"https:\/\/cpxzx.com\/pt\/wp-json\/wp\/v2\/media?parent=2972"}],"wp:term":[{"taxonomy":"pcategory","embeddable":true,"href":"https:\/\/cpxzx.com\/pt\/wp-json\/wp\/v2\/pcategory?post=2972"},{"taxonomy":"ptag","embeddable":true,"href":"https:\/\/cpxzx.com\/pt\/wp-json\/wp\/v2\/ptag?post=2972"}],"curies":[{"name":"wp","href":"https:\/\/api.w.org\/{rel}","templated":true}]}}