{"id":2946,"date":"2025-09-04T08:23:21","date_gmt":"2025-09-04T08:23:21","guid":{"rendered":"https:\/\/cpxzx.com\/?post_type=product&#038;p=2946"},"modified":"2025-09-05T07:59:55","modified_gmt":"2025-09-05T07:59:55","slug":"metal-cascade-mini-ring","status":"publish","type":"product","link":"https:\/\/cpxzx.com\/pt\/produto\/metal-cascade-mini-ring\/","title":{"rendered":"Mini anel em cascata de metal 304L"},"content":{"rendered":"<p>O <strong>Mini anel em cascata de metal<\/strong> \u00e9 um engaxetamento de torre aleat\u00f3ria de alto desempenho, projetado para oferecer resist\u00eancia mec\u00e2nica superior e capacidade de passagem de g\u00e1s em compara\u00e7\u00e3o com os an\u00e9is Pall tradicionais. Com uma ou duas arestas biseladas nas suas pe\u00e7as laterais, este tipo de enchimento inovador melhora a efici\u00eancia da transfer\u00eancia de massa, permitindo uma forma\u00e7\u00e3o mais eficaz da pel\u00edcula de l\u00edquido e melhorando o contacto g\u00e1s-l\u00edquido. Numa torre de enchimento aleat\u00f3rio, a maioria dos an\u00e9is faz contactos pontuais (e n\u00e3o lineares) entre si, contribuindo para aumentar a efici\u00eancia da transfer\u00eancia de massa e melhorar a liquidez da pel\u00edcula de l\u00edquido.<\/p>\n<p>Desenvolvido com base no cl\u00e1ssico anel Raschig, o Mini Anel em Cascata Met\u00e1lica apresenta uma baixa rela\u00e7\u00e3o de aspeto (1\/3 ou 1\/2 da Altura\/Di\u00e2metro). Este desenho assegura que a maioria das superf\u00edcies do anel s\u00e3o orientadas verticalmente em vez de horizontalmente, oferecendo vantagens significativas na transfer\u00eancia de massa e reduzindo a resist\u00eancia quando o g\u00e1s flui atrav\u00e9s do leito empacotado. O material de enchimento est\u00e1 dispon\u00edvel em a\u00e7o carbono, a\u00e7o inoxid\u00e1vel, ligas de alum\u00ednio e outros materiais, proporcionando uma solu\u00e7\u00e3o dur\u00e1vel e vers\u00e1til para v\u00e1rias aplica\u00e7\u00f5es industriais.<\/p>\n<h2>Par\u00e2metros t\u00e9cnicos<\/h2>\n<table border=\"1\" cellspacing=\"0\" cellpadding=\"8\">\n<thead>\n<tr>\n<th>Tipo<\/th>\n<th>Tamanho (mm)<\/th>\n<th>\u00c1rea de superf\u00edcie (m\u00b2\/m\u00b3)<\/th>\n<th>R\u00e1cio de vazios (%)<\/th>\n<th>N\u00famero a granel (pe\u00e7as\/m\u00b3)<\/th>\n<th>Fator de embalagem (m-\u00b9)<\/th>\n<\/tr>\n<\/thead>\n<tbody>\n<tr>\n<td>0P<\/td>\n<td>17*15+6*0.3<\/td>\n<td>427<\/td>\n<td>94<\/td>\n<td>530,000<\/td>\n<td>55<\/td>\n<\/tr>\n<tr>\n<td>1P<\/td>\n<td>25*22+8*0.3<\/td>\n<td>230<\/td>\n<td>96<\/td>\n<td>150,000<\/td>\n<td>40<\/td>\n<\/tr>\n<tr>\n<td>1.5P<\/td>\n<td>34*29+11*0.3<\/td>\n<td>198<\/td>\n<td>97<\/td>\n<td>60,910<\/td>\n<td>29<\/td>\n<\/tr>\n<tr>\n<td>2P<\/td>\n<td>43*38+14*0.4<\/td>\n<td>164<\/td>\n<td>97<\/td>\n<td>29,520<\/td>\n<td>22<\/td>\n<\/tr>\n<tr>\n<td>2.5P<\/td>\n<td>51*44+17*0.4<\/td>\n<td>127<\/td>\n<td>97<\/td>\n<td>17,900<\/td>\n<td>17<\/td>\n<\/tr>\n<tr>\n<td>3P<\/td>\n<td>66*57+21*0.4<\/td>\n<td>105<\/td>\n<td>98<\/td>\n<td>8,800<\/td>\n<td>14<\/td>\n<\/tr>\n<tr>\n<td>4P<\/td>\n<td>86*76+29*0.4<\/td>\n<td>90<\/td>\n<td>98<\/td>\n<td>5,000<\/td>\n<td>10<\/td>\n<\/tr>\n<tr>\n<td>5P<\/td>\n<td>131*118+41*0.6<\/td>\n<td>65<\/td>\n<td>98<\/td>\n<td>1,480<\/td>\n<td>7<\/td>\n<\/tr>\n<\/tbody>\n<\/table>\n<h2>Carater\u00edsticas<\/h2>\n<ul>\n<li><strong>Resist\u00eancia mec\u00e2nica superior<\/strong>: Concebida com arestas biseladas para uma maior resist\u00eancia e durabilidade.<\/li>\n<li><strong>Elevada capacidade de produ\u00e7\u00e3o de g\u00e1s<\/strong>: Oferece melhor desempenho em aplica\u00e7\u00f5es de contacto g\u00e1s-l\u00edquido e de transfer\u00eancia de massa do que os an\u00e9is pall tradicionais.<\/li>\n<li><strong>Transfer\u00eancia de massa eficiente<\/strong>: A conce\u00e7\u00e3o do ponto de contacto aumenta a liquidez da pel\u00edcula l\u00edquida, melhorando a efici\u00eancia da transfer\u00eancia de massa.<\/li>\n<li><strong>Baixa resist\u00eancia<\/strong>: A orienta\u00e7\u00e3o vertical das superf\u00edcies dos an\u00e9is reduz a resist\u00eancia e aumenta o caudal de g\u00e1s.<\/li>\n<li><strong>Flexibilidade do material<\/strong>: Dispon\u00edvel numa gama de materiais, incluindo a\u00e7o-carbono, a\u00e7o inoxid\u00e1vel e ligas de alum\u00ednio.<\/li>\n<\/ul>\n<h2>Vantagens<\/h2>\n<ul>\n<li><strong>Maior efici\u00eancia na transfer\u00eancia de massa<\/strong>: Devido ao design inovador e \u00e0 orienta\u00e7\u00e3o vertical dos mini-an\u00e9is met\u00e1licos em cascata, estes proporcionam um melhor contacto g\u00e1s-l\u00edquido, tornando-os mais eficientes do que os materiais de embalagem tradicionais.<\/li>\n<li><strong>Queda de press\u00e3o reduzida<\/strong>: O design compacto reduz a queda de press\u00e3o atrav\u00e9s do leito compactado, levando a um menor consumo de energia.<\/li>\n<li><strong>Maior durabilidade<\/strong>: A utiliza\u00e7\u00e3o de materiais resistentes \u00e0 corros\u00e3o garante uma estabilidade de funcionamento a longo prazo, mesmo em ambientes agressivos.<\/li>\n<li><strong>Elevada efici\u00eancia operacional<\/strong>: Optimizado para utiliza\u00e7\u00e3o em sistemas que lidam com subst\u00e2ncias termossens\u00edveis ou decompon\u00edveis.<\/li>\n<\/ul>\n<h2>Aplica\u00e7\u00f5es<\/h2>\n<p>O Mini Anel em Cascata de Metal \u00e9 amplamente utilizado em ind\u00fastrias como:<\/p>\n<ul>\n<li><strong>Ind\u00fastria petroqu\u00edmica<\/strong>: Ideal para utiliza\u00e7\u00e3o em colunas de destila\u00e7\u00e3o e reactores.<\/li>\n<li><strong>Ind\u00fastria qu\u00edmica de fertilizantes<\/strong>: Utilizado na s\u00edntese de amon\u00edaco e noutras aplica\u00e7\u00f5es de processamento qu\u00edmico.<\/li>\n<li><strong>Prote\u00e7\u00e3o do ambiente<\/strong>: Eficaz em purificadores de ar e sistemas de tratamento de gases.<\/li>\n<li><strong>Ind\u00fastria de cloro e \u00e1lcalis<\/strong>: Empregado nos processos de produ\u00e7\u00e3o de cloro e de soda c\u00e1ustica.<\/li>\n<\/ul>\n<h2>Embalagem<\/h2>\n<p>Est\u00e3o dispon\u00edveis op\u00e7\u00f5es de embalagem personalizadas mediante pedido.<\/p>","protected":false},"excerpt":{"rendered":"<p>O Mini Ring Metal Cascade \u00e9 um inovador enchimento qu\u00edmico concebido para utiliza\u00e7\u00e3o numa variedade de aplica\u00e7\u00f5es industriais, incluindo processamento qu\u00edmico, tratamento de \u00e1gua e sistemas de filtragem de ar. Feito de ligas met\u00e1licas de alta qualidade, este mini-anel oferece durabilidade superior, resist\u00eancia a altas temperaturas e excelente desempenho em processos de transfer\u00eancia de massa e troca de calor. Com seu tamanho compacto e design eficiente, o Mini Ring Cascata de Metal \u00e9 ideal para aumentar a efici\u00eancia de torres de leito compactado, depuradores e reatores.<\/p>","protected":false},"featured_media":2947,"parent":0,"template":"","meta":{"_acf_changed":false,"_kad_blocks_custom_css":"","_kad_blocks_head_custom_js":"","_kad_blocks_body_custom_js":"","_kad_blocks_footer_custom_js":"","_kadence_starter_templates_imported_post":false,"_kad_post_transparent":"default","_kad_post_title":"","_kad_post_layout":"default","_kad_post_sidebar_id":"","_kad_post_content_style":"default","_kad_post_vertical_padding":"default","_kad_post_feature":"","_kad_post_feature_position":"","_kad_post_header":false,"_kad_post_footer":false},"pcategory":[22,23],"ptag":[],"class_list":["post-2946","product","type-product","status-publish","has-post-thumbnail","hentry","pcategory-random-packing","pcategory-metal-random-packing"],"acf":[],"yoast_head":"<!-- This site is optimized with the Yoast SEO plugin v27.4 - https:\/\/yoast.com\/product\/yoast-seo-wordpress\/ -->\n<title>Metal Cascade Mini Ring<\/title>\n<meta name=\"robots\" content=\"index, follow, max-snippet:-1, max-image-preview:large, max-video-preview:-1\" \/>\n<link rel=\"canonical\" href=\"https:\/\/cpxzx.com\/pt\/produto\/metal-cascade-mini-ring\/\" \/>\n<meta property=\"og:locale\" content=\"pt_PT\" \/>\n<meta property=\"og:type\" content=\"article\" \/>\n<meta property=\"og:title\" content=\"Metal Cascade Mini Ring\" \/>\n<meta property=\"og:description\" content=\"The Metal Cascade Mini Ring is an innovative chemical filler designed for use in a variety of industrial applications, including chemical processing, water treatment, and air filtration systems. Made from high-quality metal alloys, this mini ring offers superior durability, resistance to high temperatures, and excellent performance in mass transfer and heat exchange processes. With its compact size and efficient design, the Metal Cascade Mini Ring is ideal for enhancing the efficiency of packed bed towers, scrubbers, and reactors.\" \/>\n<meta property=\"og:url\" content=\"https:\/\/cpxzx.com\/pt\/produto\/metal-cascade-mini-ring\/\" \/>\n<meta property=\"og:site_name\" content=\"Cooling Tower Fill, China PVC Fills Manufacturer\" \/>\n<meta property=\"article:modified_time\" content=\"2025-09-05T07:59:55+00:00\" \/>\n<meta property=\"og:image\" content=\"https:\/\/cpxzx.com\/wp-content\/uploads\/2025\/09\/Metal-Cascade-Mini-Ring-ss316.jpg\" \/>\n\t<meta property=\"og:image:width\" content=\"800\" \/>\n\t<meta property=\"og:image:height\" content=\"800\" \/>\n\t<meta property=\"og:image:type\" content=\"image\/jpeg\" \/>\n<meta name=\"twitter:card\" content=\"summary_large_image\" \/>\n<meta name=\"twitter:label1\" content=\"Tempo estimado de leitura\" \/>\n\t<meta name=\"twitter:data1\" content=\"3 minutos\" \/>\n<script type=\"application\/ld+json\" class=\"yoast-schema-graph\">{\"@context\":\"https:\\\/\\\/schema.org\",\"@graph\":[{\"@type\":\"WebPage\",\"@id\":\"https:\\\/\\\/cpxzx.com\\\/product\\\/metal-cascade-mini-ring\\\/\",\"url\":\"https:\\\/\\\/cpxzx.com\\\/product\\\/metal-cascade-mini-ring\\\/\",\"name\":\"Metal Cascade Mini Ring\",\"isPartOf\":{\"@id\":\"https:\\\/\\\/cpxzx.com\\\/#website\"},\"primaryImageOfPage\":{\"@id\":\"https:\\\/\\\/cpxzx.com\\\/product\\\/metal-cascade-mini-ring\\\/#primaryimage\"},\"image\":{\"@id\":\"https:\\\/\\\/cpxzx.com\\\/product\\\/metal-cascade-mini-ring\\\/#primaryimage\"},\"thumbnailUrl\":\"https:\\\/\\\/cpxzx.com\\\/wp-content\\\/uploads\\\/2025\\\/09\\\/Metal-Cascade-Mini-Ring-ss316.jpg\",\"datePublished\":\"2025-09-04T08:23:21+00:00\",\"dateModified\":\"2025-09-05T07:59:55+00:00\",\"breadcrumb\":{\"@id\":\"https:\\\/\\\/cpxzx.com\\\/product\\\/metal-cascade-mini-ring\\\/#breadcrumb\"},\"inLanguage\":\"pt-PT\",\"potentialAction\":[{\"@type\":\"ReadAction\",\"target\":[\"https:\\\/\\\/cpxzx.com\\\/product\\\/metal-cascade-mini-ring\\\/\"]}]},{\"@type\":\"ImageObject\",\"inLanguage\":\"pt-PT\",\"@id\":\"https:\\\/\\\/cpxzx.com\\\/product\\\/metal-cascade-mini-ring\\\/#primaryimage\",\"url\":\"https:\\\/\\\/cpxzx.com\\\/wp-content\\\/uploads\\\/2025\\\/09\\\/Metal-Cascade-Mini-Ring-ss316.jpg\",\"contentUrl\":\"https:\\\/\\\/cpxzx.com\\\/wp-content\\\/uploads\\\/2025\\\/09\\\/Metal-Cascade-Mini-Ring-ss316.jpg\",\"width\":800,\"height\":800,\"caption\":\"Metal Cascade Mini Ring\"},{\"@type\":\"BreadcrumbList\",\"@id\":\"https:\\\/\\\/cpxzx.com\\\/product\\\/metal-cascade-mini-ring\\\/#breadcrumb\",\"itemListElement\":[{\"@type\":\"ListItem\",\"position\":1,\"name\":\"Home\",\"item\":\"https:\\\/\\\/cpxzx.com\\\/\"},{\"@type\":\"ListItem\",\"position\":2,\"name\":\"Random Packing\",\"item\":\"https:\\\/\\\/cpxzx.com\\\/pcategory\\\/random-packing\\\/\"},{\"@type\":\"ListItem\",\"position\":3,\"name\":\"Metal Random Packing\",\"item\":\"https:\\\/\\\/cpxzx.com\\\/pcategory\\\/random-packing\\\/metal-random-packing\\\/\"},{\"@type\":\"ListItem\",\"position\":4,\"name\":\"304L Metal Cascade Mini Ring\"}]},{\"@type\":\"WebSite\",\"@id\":\"https:\\\/\\\/cpxzx.com\\\/#website\",\"url\":\"https:\\\/\\\/cpxzx.com\\\/\",\"name\":\"Cooling Tower Fill, China PVC Fills Manufacturer\",\"description\":\"\",\"publisher\":{\"@id\":\"https:\\\/\\\/cpxzx.com\\\/#organization\"},\"potentialAction\":[{\"@type\":\"SearchAction\",\"target\":{\"@type\":\"EntryPoint\",\"urlTemplate\":\"https:\\\/\\\/cpxzx.com\\\/?s={search_term_string}\"},\"query-input\":{\"@type\":\"PropertyValueSpecification\",\"valueRequired\":true,\"valueName\":\"search_term_string\"}}],\"inLanguage\":\"pt-PT\"},{\"@type\":\"Organization\",\"@id\":\"https:\\\/\\\/cpxzx.com\\\/#organization\",\"name\":\"Cooling Tower Fill, China PVC Fills Manufacturer\",\"url\":\"https:\\\/\\\/cpxzx.com\\\/\",\"logo\":{\"@type\":\"ImageObject\",\"inLanguage\":\"pt-PT\",\"@id\":\"https:\\\/\\\/cpxzx.com\\\/#\\\/schema\\\/logo\\\/image\\\/\",\"url\":\"https:\\\/\\\/cpxzx.com\\\/wp-content\\\/uploads\\\/2025\\\/07\\\/1751628807-logo.png\",\"contentUrl\":\"https:\\\/\\\/cpxzx.com\\\/wp-content\\\/uploads\\\/2025\\\/07\\\/1751628807-logo.png\",\"width\":383,\"height\":87,\"caption\":\"Cooling Tower Fill, China PVC Fills Manufacturer\"},\"image\":{\"@id\":\"https:\\\/\\\/cpxzx.com\\\/#\\\/schema\\\/logo\\\/image\\\/\"}}]}<\/script>\n<!-- \/ Yoast SEO plugin. -->","yoast_head_json":{"title":"Mini anel em cascata de metal","robots":{"index":"index","follow":"follow","max-snippet":"max-snippet:-1","max-image-preview":"max-image-preview:large","max-video-preview":"max-video-preview:-1"},"canonical":"https:\/\/cpxzx.com\/pt\/produto\/metal-cascade-mini-ring\/","og_locale":"pt_PT","og_type":"article","og_title":"Metal Cascade Mini Ring","og_description":"The Metal Cascade Mini Ring is an innovative chemical filler designed for use in a variety of industrial applications, including chemical processing, water treatment, and air filtration systems. Made from high-quality metal alloys, this mini ring offers superior durability, resistance to high temperatures, and excellent performance in mass transfer and heat exchange processes. With its compact size and efficient design, the Metal Cascade Mini Ring is ideal for enhancing the efficiency of packed bed towers, scrubbers, and reactors.","og_url":"https:\/\/cpxzx.com\/pt\/produto\/metal-cascade-mini-ring\/","og_site_name":"Cooling Tower Fill, China PVC Fills Manufacturer","article_modified_time":"2025-09-05T07:59:55+00:00","og_image":[{"width":800,"height":800,"url":"https:\/\/cpxzx.com\/wp-content\/uploads\/2025\/09\/Metal-Cascade-Mini-Ring-ss316.jpg","type":"image\/jpeg"}],"twitter_card":"summary_large_image","twitter_misc":{"Tempo estimado de leitura":"3 minutos"},"schema":{"@context":"https:\/\/schema.org","@graph":[{"@type":"WebPage","@id":"https:\/\/cpxzx.com\/product\/metal-cascade-mini-ring\/","url":"https:\/\/cpxzx.com\/product\/metal-cascade-mini-ring\/","name":"Mini anel em cascata de metal","isPartOf":{"@id":"https:\/\/cpxzx.com\/#website"},"primaryImageOfPage":{"@id":"https:\/\/cpxzx.com\/product\/metal-cascade-mini-ring\/#primaryimage"},"image":{"@id":"https:\/\/cpxzx.com\/product\/metal-cascade-mini-ring\/#primaryimage"},"thumbnailUrl":"https:\/\/cpxzx.com\/wp-content\/uploads\/2025\/09\/Metal-Cascade-Mini-Ring-ss316.jpg","datePublished":"2025-09-04T08:23:21+00:00","dateModified":"2025-09-05T07:59:55+00:00","breadcrumb":{"@id":"https:\/\/cpxzx.com\/product\/metal-cascade-mini-ring\/#breadcrumb"},"inLanguage":"pt-PT","potentialAction":[{"@type":"ReadAction","target":["https:\/\/cpxzx.com\/product\/metal-cascade-mini-ring\/"]}]},{"@type":"ImageObject","inLanguage":"pt-PT","@id":"https:\/\/cpxzx.com\/product\/metal-cascade-mini-ring\/#primaryimage","url":"https:\/\/cpxzx.com\/wp-content\/uploads\/2025\/09\/Metal-Cascade-Mini-Ring-ss316.jpg","contentUrl":"https:\/\/cpxzx.com\/wp-content\/uploads\/2025\/09\/Metal-Cascade-Mini-Ring-ss316.jpg","width":800,"height":800,"caption":"Metal Cascade Mini Ring"},{"@type":"BreadcrumbList","@id":"https:\/\/cpxzx.com\/product\/metal-cascade-mini-ring\/#breadcrumb","itemListElement":[{"@type":"ListItem","position":1,"name":"Home","item":"https:\/\/cpxzx.com\/"},{"@type":"ListItem","position":2,"name":"Random Packing","item":"https:\/\/cpxzx.com\/pcategory\/random-packing\/"},{"@type":"ListItem","position":3,"name":"Metal Random Packing","item":"https:\/\/cpxzx.com\/pcategory\/random-packing\/metal-random-packing\/"},{"@type":"ListItem","position":4,"name":"304L Metal Cascade Mini Ring"}]},{"@type":"WebSite","@id":"https:\/\/cpxzx.com\/#website","url":"https:\/\/cpxzx.com\/","name":"Enchimento de Torre de Refrigera\u00e7\u00e3o, Fabricante de Enchimentos de PVC na China","description":"","publisher":{"@id":"https:\/\/cpxzx.com\/#organization"},"potentialAction":[{"@type":"SearchAction","target":{"@type":"EntryPoint","urlTemplate":"https:\/\/cpxzx.com\/?s={search_term_string}"},"query-input":{"@type":"PropertyValueSpecification","valueRequired":true,"valueName":"search_term_string"}}],"inLanguage":"pt-PT"},{"@type":"Organization","@id":"https:\/\/cpxzx.com\/#organization","name":"Enchimento de Torre de Refrigera\u00e7\u00e3o, Fabricante de Enchimentos de PVC na China","url":"https:\/\/cpxzx.com\/","logo":{"@type":"ImageObject","inLanguage":"pt-PT","@id":"https:\/\/cpxzx.com\/#\/schema\/logo\/image\/","url":"https:\/\/cpxzx.com\/wp-content\/uploads\/2025\/07\/1751628807-logo.png","contentUrl":"https:\/\/cpxzx.com\/wp-content\/uploads\/2025\/07\/1751628807-logo.png","width":383,"height":87,"caption":"Cooling Tower Fill, China PVC Fills Manufacturer"},"image":{"@id":"https:\/\/cpxzx.com\/#\/schema\/logo\/image\/"}}]}},"taxonomy_info":{"pcategory":[{"value":22,"label":"Random Packing"},{"value":23,"label":"Metal Random Packing"}]},"featured_image_src_large":["https:\/\/cpxzx.com\/wp-content\/uploads\/2025\/09\/Metal-Cascade-Mini-Ring-ss316.jpg",800,800,false],"author_info":[],"comment_info":"","_links":{"self":[{"href":"https:\/\/cpxzx.com\/pt\/wp-json\/wp\/v2\/product\/2946","targetHints":{"allow":["GET"]}}],"collection":[{"href":"https:\/\/cpxzx.com\/pt\/wp-json\/wp\/v2\/product"}],"about":[{"href":"https:\/\/cpxzx.com\/pt\/wp-json\/wp\/v2\/types\/product"}],"wp:featuredmedia":[{"embeddable":true,"href":"https:\/\/cpxzx.com\/pt\/wp-json\/wp\/v2\/media\/2947"}],"wp:attachment":[{"href":"https:\/\/cpxzx.com\/pt\/wp-json\/wp\/v2\/media?parent=2946"}],"wp:term":[{"taxonomy":"pcategory","embeddable":true,"href":"https:\/\/cpxzx.com\/pt\/wp-json\/wp\/v2\/pcategory?post=2946"},{"taxonomy":"ptag","embeddable":true,"href":"https:\/\/cpxzx.com\/pt\/wp-json\/wp\/v2\/ptag?post=2946"}],"curies":[{"name":"wp","href":"https:\/\/api.w.org\/{rel}","templated":true}]}}