{"id":2943,"date":"2025-09-03T07:52:11","date_gmt":"2025-09-03T07:52:11","guid":{"rendered":"https:\/\/cpxzx.com\/?post_type=product&#038;p=2943"},"modified":"2025-09-03T08:05:28","modified_gmt":"2025-09-03T08:05:28","slug":"metal-teller-rosette-ring","status":"publish","type":"product","link":"https:\/\/cpxzx.com\/pt\/produto\/metal-teller-rosette-ring\/","title":{"rendered":"Ss304 SS316 Anel de roseta para contador de metal"},"content":{"rendered":"<p><strong>Anel com roseta de metal<\/strong> \u00e9 constitu\u00eddo por muitos c\u00edrculos entrela\u00e7ados, estampados com uma fina folha de metal e esticados numa malha de calandragem espec\u00edfica. A superf\u00edcie forma uma malha regular em forma de diamante. Devido \u00e0 sua estrutura especial, tem as vantagens de um elevado armazenamento de l\u00edquidos, grande espa\u00e7o vazio, baixa queda de press\u00e3o, contacto g\u00e1s-l\u00edquido suficiente, baixo peso e excelente efici\u00eancia.<\/p>\n<p>Como um fabricante l\u00edder de an\u00e9is aleat\u00f3rios de metal, oferecemos uma vasta gama de an\u00e9is de roseta de metal feitos de a\u00e7o inoxid\u00e1vel ou a\u00e7o carbono de qualidade. Este produto \u00e9 fabricado com precis\u00e3o a partir de chapa met\u00e1lica de qualidade superior, meticulosamente estampada e esticada numa forma de alto desempenho. Com a sua superf\u00edcie de malha de diamante e configura\u00e7\u00e3o ondulada, proporciona uma versatilidade e resist\u00eancia excepcionais.<\/p>\n<p>Constru\u00eddo a partir de materiais de primeira qualidade, incluindo a\u00e7o inoxid\u00e1vel, a\u00e7o carbono, alum\u00ednio, cobre e tit\u00e2nio, o Metal Teller Rosette Ring oferece uma resist\u00eancia excecional \u00e0 corros\u00e3o. \u00c9 amplamente utilizado em aplica\u00e7\u00f5es de absor\u00e7\u00e3o, purifica\u00e7\u00e3o e arrefecimento de gases. Est\u00e3o dispon\u00edveis variantes de metal e pl\u00e1stico, sendo a op\u00e7\u00e3o de pl\u00e1stico frequentemente aplicada em torres de lavagem e purifica\u00e7\u00e3o de g\u00e1s.<\/p>\n<h2>Carater\u00edsticas<\/h2>\n<ul>\n<li>Materiais: A\u00e7o carbono, a\u00e7o inoxid\u00e1vel, cobre, alum\u00ednio, tit\u00e2nio, etc.<\/li>\n<li>Ponto de inunda\u00e7\u00e3o elevado<\/li>\n<li>Elevada for\u00e7a de esmagamento e f\u00e1cil de operar<\/li>\n<li>Elevada capacidade de carga<\/li>\n<li>Elevada efici\u00eancia de separa\u00e7\u00e3o<\/li>\n<\/ul>\n<h2>Especifica\u00e7\u00e3o<\/h2>\n<p>A estrutura de m\u00faltiplos an\u00e9is do Metal Teller Rosette Ring proporciona uma elevada reten\u00e7\u00e3o de l\u00edquido, o que faz com que o l\u00edquido permane\u00e7a mais tempo no interior da embalagem. Isto aumenta o tempo de contacto entre o g\u00e1s e o l\u00edquido, levando a uma maior efici\u00eancia de transfer\u00eancia. Pode ser amplamente utilizado em torres de lavagem, torres de arrefecimento, torres de dessulfuriza\u00e7\u00e3o, desaeradores, torres de secagem, torres de descarboniza\u00e7\u00e3o e instala\u00e7\u00f5es de tratamento de esgotos.<\/p>\n<table border=\"1\" cellspacing=\"0\" cellpadding=\"6\">\n<tbody>\n<tr>\n<th>Tamanho (polegadas)<\/th>\n<th>Tamanho (mm)<\/th>\n<th>N\u00famero (por m\u00b3)<\/th>\n<th>\u00c1rea de superf\u00edcie (m\u00b2\/m\u00b3)<\/th>\n<th>Volume livre (%)<\/th>\n<\/tr>\n<tr>\n<td>2\"<\/td>\n<td>50 \u00d7 25 \u00d7 0.8<\/td>\n<td>19180<\/td>\n<td>112.8<\/td>\n<td>96.2<\/td>\n<\/tr>\n<tr>\n<td>3\"<\/td>\n<td>75 \u00d7 75 \u00d7 1.0<\/td>\n<td>5460<\/td>\n<td>64.1<\/td>\n<td>97.3<\/td>\n<\/tr>\n<tr>\n<td>4\"<\/td>\n<td>100 \u00d7 45 \u00d7 1.2<\/td>\n<td>2520<\/td>\n<td>53.4<\/td>\n<td>97.3<\/td>\n<\/tr>\n<\/tbody>\n<\/table>\n<h2>Vantagens<\/h2>\n<p>O Metal Teller Rosette Ring tem a forma elegante de uma elipse e \u00e9 composto por c\u00edrculos intrincadamente entrela\u00e7ados. A sua conce\u00e7\u00e3o assegura uma reten\u00e7\u00e3o excecional de l\u00edquido no interior dos espa\u00e7os vazios da embalagem, o que prolonga significativamente o tempo de intera\u00e7\u00e3o g\u00e1s-l\u00edquido e melhora a efici\u00eancia da transfer\u00eancia. Oferece um espa\u00e7o vazio not\u00e1vel, uma queda de press\u00e3o m\u00ednima, um contacto g\u00e1s-l\u00edquido \u00f3timo e uma estrutura leve. Estas vantagens fazem dele um dos tipos mais eficientes de empacotamento aleat\u00f3rio.<\/p>\n<h2>Aplica\u00e7\u00f5es<\/h2>\n<p>O Anel de Roseta Contador de Metal \u00e9 amplamente aplicado no processamento qu\u00edmico, refina\u00e7\u00e3o de petr\u00f3leo, prote\u00e7\u00e3o ambiental e tratamento de \u00e1guas residuais. \u00c9 especialmente adequado para absor\u00e7\u00e3o de g\u00e1s, arrefecimento, purifica\u00e7\u00e3o, dessulfuriza\u00e7\u00e3o, secagem e processos de decapagem em torres de enchimento.<\/p>\n<h2>Embalagem<\/h2>\n<p>Os an\u00e9is de roseta para contadores de metal s\u00e3o embalados em sacos de tecido resistente, caixas de cart\u00e3o ou sacos jumbo. A embalagem pode ser personalizada de acordo com os requisitos do cliente para garantir uma entrega segura e um manuseamento conveniente.<\/p>\n<h2>FAQ - Anel com roseta de metal<\/h2>\n<h2>Q1: Para que \u00e9 utilizado um anel de roseta de metal?<\/h2>\n<p>\u00c9 utilizado para processos de absor\u00e7\u00e3o de g\u00e1s, destila\u00e7\u00e3o, arrefecimento e purifica\u00e7\u00e3o. As aplica\u00e7\u00f5es incluem torres qu\u00edmicas, torres de arrefecimento, sistemas de dessulfuriza\u00e7\u00e3o e instala\u00e7\u00f5es de tratamento de \u00e1guas residuais.<\/p>\n<h2>Q2: Que materiais est\u00e3o dispon\u00edveis para o Metal Teller Rosette Ring?<\/h2>\n<p>Pode ser fabricado em a\u00e7o inoxid\u00e1vel, a\u00e7o-carbono, cobre, alum\u00ednio e tit\u00e2nio. O a\u00e7o inoxid\u00e1vel \u00e9 o mais comum devido \u00e0 sua resist\u00eancia \u00e0 corros\u00e3o, enquanto o tit\u00e2nio \u00e9 adequado para ambientes de alta temperatura e \u00e1cidos.<\/p>\n<h2>Q3: Quais s\u00e3o as vantagens em rela\u00e7\u00e3o ao Pall Ring ou ao Raschig Ring?<\/h2>\n<p>Em compara\u00e7\u00e3o com o empacotamento aleat\u00f3rio tradicional, o anel de roseta Metal Teller proporciona maior espa\u00e7o vazio, menor queda de press\u00e3o, melhor reten\u00e7\u00e3o de l\u00edquidos e maior tempo de contacto g\u00e1s-l\u00edquido. Isso garante maior efici\u00eancia na transfer\u00eancia de massa e economia de energia.<\/p>\n<h2>Q4: Como \u00e9 que a estrutura melhora a efici\u00eancia?<\/h2>\n<p>Os c\u00edrculos interligados e a superf\u00edcie da malha de diamante aumentam a \u00e1rea de superf\u00edcie, melhoram a distribui\u00e7\u00e3o do l\u00edquido e evitam o entupimento, o que garante uma intera\u00e7\u00e3o g\u00e1s-l\u00edquido eficiente.<\/p>\n<h2>Q5: Onde posso comprar o Metal Teller Rosette Ring de alta qualidade?<\/h2>\n<p>N\u00f3s somos um fabricante profissional que oferece Anel de Roseta para Caixa de Metal em v\u00e1rios tamanhos e materiais. N\u00f3s fornecemos solu\u00e7\u00f5es personalizadas, qualidade confi\u00e1vel, pre\u00e7os competitivos e entrega em todo o mundo.<\/p>","protected":false},"excerpt":{"rendered":"<p>O anel de roseta de metal Teller \u00e9 uma embalagem aleat\u00f3ria de alta efici\u00eancia feita de chapa met\u00e1lica fina estampada e esticada numa estrutura de malha de diamante de c\u00edrculos interligados. Com elevado armazenamento de l\u00edquidos, grandes espa\u00e7os vazios, baixa queda de press\u00e3o, excelente contacto g\u00e1s-l\u00edquido e desempenho leve, \u00e9 amplamente utilizado em processos de absor\u00e7\u00e3o, destila\u00e7\u00e3o, purifica\u00e7\u00e3o e ambientais. Dispon\u00edvel em a\u00e7o inoxid\u00e1vel, a\u00e7o carbono e outros materiais, este empanque de precis\u00e3o oferece uma resist\u00eancia superior \u00e0 corros\u00e3o e \u00e9 adequado para torres de lavagem de g\u00e1s, torres de arrefecimento, sistemas de dessulfura\u00e7\u00e3o e aplica\u00e7\u00f5es de tratamento de \u00e1guas residuais.<\/p>","protected":false},"featured_media":2944,"parent":0,"template":"","meta":{"_acf_changed":false,"_kad_blocks_custom_css":"","_kad_blocks_head_custom_js":"","_kad_blocks_body_custom_js":"","_kad_blocks_footer_custom_js":"","_kadence_starter_templates_imported_post":false,"_kad_post_transparent":"default","_kad_post_title":"","_kad_post_layout":"default","_kad_post_sidebar_id":"","_kad_post_content_style":"default","_kad_post_vertical_padding":"default","_kad_post_feature":"","_kad_post_feature_position":"","_kad_post_header":false,"_kad_post_footer":false},"pcategory":[22,23],"ptag":[],"class_list":["post-2943","product","type-product","status-publish","has-post-thumbnail","hentry","pcategory-random-packing","pcategory-metal-random-packing"],"acf":[],"yoast_head":"<!-- This site is optimized with the Yoast SEO plugin v27.4 - https:\/\/yoast.com\/product\/yoast-seo-wordpress\/ -->\n<title>Metal Teller Rosette Ring<\/title>\n<meta name=\"robots\" content=\"index, follow, max-snippet:-1, max-image-preview:large, max-video-preview:-1\" \/>\n<link rel=\"canonical\" href=\"https:\/\/cpxzx.com\/pt\/produto\/metal-teller-rosette-ring\/\" \/>\n<meta property=\"og:locale\" content=\"pt_PT\" \/>\n<meta property=\"og:type\" content=\"article\" \/>\n<meta property=\"og:title\" content=\"Metal Teller Rosette Ring\" \/>\n<meta property=\"og:description\" content=\"Metal Teller Rosette Ring is a high-efficiency random packing made from thin sheet metal stamped and stretched into a diamond-mesh structure of interconnected circles. With high liquid storage, large voidage, low pressure drop, excellent gas\u2013liquid contact, and lightweight performance, it is widely used in absorption, distillation, purification, and environmental processes. Available in stainless steel, carbon steel, and other materials, this precision-engineered packing offers superior corrosion resistance and is suitable for gas washing towers, cooling towers, desulphurization systems, and wastewater treatment applications.\" \/>\n<meta property=\"og:url\" content=\"https:\/\/cpxzx.com\/pt\/produto\/metal-teller-rosette-ring\/\" \/>\n<meta property=\"og:site_name\" content=\"Cooling Tower Fill, China PVC Fills Manufacturer\" \/>\n<meta property=\"article:modified_time\" content=\"2025-09-03T08:05:28+00:00\" \/>\n<meta property=\"og:image\" content=\"https:\/\/cpxzx.com\/wp-content\/uploads\/2025\/09\/Metal-Teller-Rosette-Ring.jpg\" \/>\n\t<meta property=\"og:image:width\" content=\"550\" \/>\n\t<meta property=\"og:image:height\" content=\"550\" \/>\n\t<meta property=\"og:image:type\" content=\"image\/jpeg\" \/>\n<meta name=\"twitter:card\" content=\"summary_large_image\" \/>\n<meta name=\"twitter:label1\" content=\"Tempo estimado de leitura\" \/>\n\t<meta name=\"twitter:data1\" content=\"3 minutos\" \/>\n<script type=\"application\/ld+json\" class=\"yoast-schema-graph\">{\"@context\":\"https:\\\/\\\/schema.org\",\"@graph\":[{\"@type\":\"WebPage\",\"@id\":\"https:\\\/\\\/cpxzx.com\\\/product\\\/metal-teller-rosette-ring\\\/\",\"url\":\"https:\\\/\\\/cpxzx.com\\\/product\\\/metal-teller-rosette-ring\\\/\",\"name\":\"Metal Teller Rosette Ring\",\"isPartOf\":{\"@id\":\"https:\\\/\\\/cpxzx.com\\\/#website\"},\"primaryImageOfPage\":{\"@id\":\"https:\\\/\\\/cpxzx.com\\\/product\\\/metal-teller-rosette-ring\\\/#primaryimage\"},\"image\":{\"@id\":\"https:\\\/\\\/cpxzx.com\\\/product\\\/metal-teller-rosette-ring\\\/#primaryimage\"},\"thumbnailUrl\":\"https:\\\/\\\/cpxzx.com\\\/wp-content\\\/uploads\\\/2025\\\/09\\\/Metal-Teller-Rosette-Ring.jpg\",\"datePublished\":\"2025-09-03T07:52:11+00:00\",\"dateModified\":\"2025-09-03T08:05:28+00:00\",\"breadcrumb\":{\"@id\":\"https:\\\/\\\/cpxzx.com\\\/product\\\/metal-teller-rosette-ring\\\/#breadcrumb\"},\"inLanguage\":\"pt-PT\",\"potentialAction\":[{\"@type\":\"ReadAction\",\"target\":[\"https:\\\/\\\/cpxzx.com\\\/product\\\/metal-teller-rosette-ring\\\/\"]}]},{\"@type\":\"ImageObject\",\"inLanguage\":\"pt-PT\",\"@id\":\"https:\\\/\\\/cpxzx.com\\\/product\\\/metal-teller-rosette-ring\\\/#primaryimage\",\"url\":\"https:\\\/\\\/cpxzx.com\\\/wp-content\\\/uploads\\\/2025\\\/09\\\/Metal-Teller-Rosette-Ring.jpg\",\"contentUrl\":\"https:\\\/\\\/cpxzx.com\\\/wp-content\\\/uploads\\\/2025\\\/09\\\/Metal-Teller-Rosette-Ring.jpg\",\"width\":550,\"height\":550,\"caption\":\"Metal-Teller-Rosette-Ring\"},{\"@type\":\"BreadcrumbList\",\"@id\":\"https:\\\/\\\/cpxzx.com\\\/product\\\/metal-teller-rosette-ring\\\/#breadcrumb\",\"itemListElement\":[{\"@type\":\"ListItem\",\"position\":1,\"name\":\"Home\",\"item\":\"https:\\\/\\\/cpxzx.com\\\/\"},{\"@type\":\"ListItem\",\"position\":2,\"name\":\"Random Packing\",\"item\":\"https:\\\/\\\/cpxzx.com\\\/pcategory\\\/random-packing\\\/\"},{\"@type\":\"ListItem\",\"position\":3,\"name\":\"Metal Random Packing\",\"item\":\"https:\\\/\\\/cpxzx.com\\\/pcategory\\\/random-packing\\\/metal-random-packing\\\/\"},{\"@type\":\"ListItem\",\"position\":4,\"name\":\"Ss304 SS316 Metal Teller Rosette Ring\"}]},{\"@type\":\"WebSite\",\"@id\":\"https:\\\/\\\/cpxzx.com\\\/#website\",\"url\":\"https:\\\/\\\/cpxzx.com\\\/\",\"name\":\"Cooling Tower Fill, China PVC Fills Manufacturer\",\"description\":\"\",\"publisher\":{\"@id\":\"https:\\\/\\\/cpxzx.com\\\/#organization\"},\"potentialAction\":[{\"@type\":\"SearchAction\",\"target\":{\"@type\":\"EntryPoint\",\"urlTemplate\":\"https:\\\/\\\/cpxzx.com\\\/?s={search_term_string}\"},\"query-input\":{\"@type\":\"PropertyValueSpecification\",\"valueRequired\":true,\"valueName\":\"search_term_string\"}}],\"inLanguage\":\"pt-PT\"},{\"@type\":\"Organization\",\"@id\":\"https:\\\/\\\/cpxzx.com\\\/#organization\",\"name\":\"Cooling Tower Fill, China PVC Fills Manufacturer\",\"url\":\"https:\\\/\\\/cpxzx.com\\\/\",\"logo\":{\"@type\":\"ImageObject\",\"inLanguage\":\"pt-PT\",\"@id\":\"https:\\\/\\\/cpxzx.com\\\/#\\\/schema\\\/logo\\\/image\\\/\",\"url\":\"https:\\\/\\\/cpxzx.com\\\/wp-content\\\/uploads\\\/2025\\\/07\\\/1751628807-logo.png\",\"contentUrl\":\"https:\\\/\\\/cpxzx.com\\\/wp-content\\\/uploads\\\/2025\\\/07\\\/1751628807-logo.png\",\"width\":383,\"height\":87,\"caption\":\"Cooling Tower Fill, China PVC Fills Manufacturer\"},\"image\":{\"@id\":\"https:\\\/\\\/cpxzx.com\\\/#\\\/schema\\\/logo\\\/image\\\/\"}}]}<\/script>\n<!-- \/ Yoast SEO plugin. -->","yoast_head_json":{"title":"Anel com roseta de metal","robots":{"index":"index","follow":"follow","max-snippet":"max-snippet:-1","max-image-preview":"max-image-preview:large","max-video-preview":"max-video-preview:-1"},"canonical":"https:\/\/cpxzx.com\/pt\/produto\/metal-teller-rosette-ring\/","og_locale":"pt_PT","og_type":"article","og_title":"Metal Teller Rosette Ring","og_description":"Metal Teller Rosette Ring is a high-efficiency random packing made from thin sheet metal stamped and stretched into a diamond-mesh structure of interconnected circles. With high liquid storage, large voidage, low pressure drop, excellent gas\u2013liquid contact, and lightweight performance, it is widely used in absorption, distillation, purification, and environmental processes. Available in stainless steel, carbon steel, and other materials, this precision-engineered packing offers superior corrosion resistance and is suitable for gas washing towers, cooling towers, desulphurization systems, and wastewater treatment applications.","og_url":"https:\/\/cpxzx.com\/pt\/produto\/metal-teller-rosette-ring\/","og_site_name":"Cooling Tower Fill, China PVC Fills Manufacturer","article_modified_time":"2025-09-03T08:05:28+00:00","og_image":[{"width":550,"height":550,"url":"https:\/\/cpxzx.com\/wp-content\/uploads\/2025\/09\/Metal-Teller-Rosette-Ring.jpg","type":"image\/jpeg"}],"twitter_card":"summary_large_image","twitter_misc":{"Tempo estimado de leitura":"3 minutos"},"schema":{"@context":"https:\/\/schema.org","@graph":[{"@type":"WebPage","@id":"https:\/\/cpxzx.com\/product\/metal-teller-rosette-ring\/","url":"https:\/\/cpxzx.com\/product\/metal-teller-rosette-ring\/","name":"Anel com roseta de metal","isPartOf":{"@id":"https:\/\/cpxzx.com\/#website"},"primaryImageOfPage":{"@id":"https:\/\/cpxzx.com\/product\/metal-teller-rosette-ring\/#primaryimage"},"image":{"@id":"https:\/\/cpxzx.com\/product\/metal-teller-rosette-ring\/#primaryimage"},"thumbnailUrl":"https:\/\/cpxzx.com\/wp-content\/uploads\/2025\/09\/Metal-Teller-Rosette-Ring.jpg","datePublished":"2025-09-03T07:52:11+00:00","dateModified":"2025-09-03T08:05:28+00:00","breadcrumb":{"@id":"https:\/\/cpxzx.com\/product\/metal-teller-rosette-ring\/#breadcrumb"},"inLanguage":"pt-PT","potentialAction":[{"@type":"ReadAction","target":["https:\/\/cpxzx.com\/product\/metal-teller-rosette-ring\/"]}]},{"@type":"ImageObject","inLanguage":"pt-PT","@id":"https:\/\/cpxzx.com\/product\/metal-teller-rosette-ring\/#primaryimage","url":"https:\/\/cpxzx.com\/wp-content\/uploads\/2025\/09\/Metal-Teller-Rosette-Ring.jpg","contentUrl":"https:\/\/cpxzx.com\/wp-content\/uploads\/2025\/09\/Metal-Teller-Rosette-Ring.jpg","width":550,"height":550,"caption":"Metal-Teller-Rosette-Ring"},{"@type":"BreadcrumbList","@id":"https:\/\/cpxzx.com\/product\/metal-teller-rosette-ring\/#breadcrumb","itemListElement":[{"@type":"ListItem","position":1,"name":"Home","item":"https:\/\/cpxzx.com\/"},{"@type":"ListItem","position":2,"name":"Random Packing","item":"https:\/\/cpxzx.com\/pcategory\/random-packing\/"},{"@type":"ListItem","position":3,"name":"Metal Random Packing","item":"https:\/\/cpxzx.com\/pcategory\/random-packing\/metal-random-packing\/"},{"@type":"ListItem","position":4,"name":"Ss304 SS316 Metal Teller Rosette Ring"}]},{"@type":"WebSite","@id":"https:\/\/cpxzx.com\/#website","url":"https:\/\/cpxzx.com\/","name":"Enchimento de Torre de Refrigera\u00e7\u00e3o, Fabricante de Enchimentos de PVC na China","description":"","publisher":{"@id":"https:\/\/cpxzx.com\/#organization"},"potentialAction":[{"@type":"SearchAction","target":{"@type":"EntryPoint","urlTemplate":"https:\/\/cpxzx.com\/?s={search_term_string}"},"query-input":{"@type":"PropertyValueSpecification","valueRequired":true,"valueName":"search_term_string"}}],"inLanguage":"pt-PT"},{"@type":"Organization","@id":"https:\/\/cpxzx.com\/#organization","name":"Enchimento de Torre de Refrigera\u00e7\u00e3o, Fabricante de Enchimentos de PVC na China","url":"https:\/\/cpxzx.com\/","logo":{"@type":"ImageObject","inLanguage":"pt-PT","@id":"https:\/\/cpxzx.com\/#\/schema\/logo\/image\/","url":"https:\/\/cpxzx.com\/wp-content\/uploads\/2025\/07\/1751628807-logo.png","contentUrl":"https:\/\/cpxzx.com\/wp-content\/uploads\/2025\/07\/1751628807-logo.png","width":383,"height":87,"caption":"Cooling Tower Fill, China PVC Fills Manufacturer"},"image":{"@id":"https:\/\/cpxzx.com\/#\/schema\/logo\/image\/"}}]}},"taxonomy_info":{"pcategory":[{"value":22,"label":"Random Packing"},{"value":23,"label":"Metal Random Packing"}]},"featured_image_src_large":["https:\/\/cpxzx.com\/wp-content\/uploads\/2025\/09\/Metal-Teller-Rosette-Ring.jpg",550,550,false],"author_info":[],"comment_info":"","_links":{"self":[{"href":"https:\/\/cpxzx.com\/pt\/wp-json\/wp\/v2\/product\/2943","targetHints":{"allow":["GET"]}}],"collection":[{"href":"https:\/\/cpxzx.com\/pt\/wp-json\/wp\/v2\/product"}],"about":[{"href":"https:\/\/cpxzx.com\/pt\/wp-json\/wp\/v2\/types\/product"}],"wp:featuredmedia":[{"embeddable":true,"href":"https:\/\/cpxzx.com\/pt\/wp-json\/wp\/v2\/media\/2944"}],"wp:attachment":[{"href":"https:\/\/cpxzx.com\/pt\/wp-json\/wp\/v2\/media?parent=2943"}],"wp:term":[{"taxonomy":"pcategory","embeddable":true,"href":"https:\/\/cpxzx.com\/pt\/wp-json\/wp\/v2\/pcategory?post=2943"},{"taxonomy":"ptag","embeddable":true,"href":"https:\/\/cpxzx.com\/pt\/wp-json\/wp\/v2\/ptag?post=2943"}],"curies":[{"name":"wp","href":"https:\/\/api.w.org\/{rel}","templated":true}]}}